{"id":9923,"date":"2026-01-28T16:45:59","date_gmt":"2026-01-28T15:45:59","guid":{"rendered":"https:\/\/moto-pawmar.pl\/?product=zestaw-bagaowy-adventure-sw-motech-kawasaki-versys-650-14-black"},"modified":"2026-01-29T09:22:32","modified_gmt":"2026-01-29T08:22:32","slug":"zestaw-bagaowy-adventure-sw-motech-kawasaki-versys-650-14-black","status":"publish","type":"product","link":"https:\/\/moto-pawmar.pl\/?product=zestaw-bagaowy-adventure-sw-motech-kawasaki-versys-650-14-black","title":{"rendered":"ZESTAW BAGA\u017bOWY ADVENTURE SW-MOTECH KAWASAKI VERSYS 650 (14-) BLACK"},"content":{"rendered":"<p>Ten zestaw to wszechstronny i bezobs\u0142ugowy pakiet na ka\u017cd\u0105 wycieczk\u0119. Wodoszczelne i py\u0142oszczelne, aluminiowe <b>kufry boczne i centralny TRAX Adventure<\/b> zapewniaj\u0105 najlepsz\u0105 ochron\u0119 baga\u017cu. Dedykowane dla danego modelu motocykla <b>stela\u017ce na kufry boczne PRO<\/b> oraz <b>stela\u017c na kufer centralny Adventure-RACK<\/b> gwarantuj\u0105 optymalne dopasowanie i bezpieczne zamocowanie kufr\u00f3w. <\/br>Nasze wytrzyma\u0142e aluminiowe kufry <b>TRAX ADV<\/b> przekonuj\u0105 swoj\u0105 stabilno\u015bci\u0105, nieprzepuszczalno\u015bci\u0105 wody i py\u0142u, eleganckim stylem, przemy\u015blanymi funkcjami i du\u017cym wyborem dodatkowych akcesori\u00f3w. <\/br>Aby jeszcze zwi\u0119kszy\u0107 pojemno\u015b\u0107 \u0142adunkow\u0105, zestaw Adventure zawiera <b>dwie akcesoryjne torby TRAX M \/ L<\/b> mocowane na pokrywy kufr\u00f3w bocznych. Torby te s\u0105 wodoszczelne, a schowany w nich baga\u017c b\u0119dzie bardzo szybko dost\u0119pny.<\/BR>Zestawy baga\u017cu Adventure dost\u0119pne s\u0105 w kolorze <b>czarnym lub srebrnym.<\/b><\/br><\/br><B>W\u0142a\u015bciwo\u015bci kufr\u00f3w TraX ADV:<\/B><UL><LI>Wytrzyma\u0142e i wodoszczelne, wykonane z aluminium<LI>Wysoki stopie\u0144 stabilno\u015bci dzi\u0119ki przet\u0142oczeniu i spawanym kraw\u0119dziom <LI>Ochrona przed utlenianiem i przetarciami, dzi\u0119ki pow\u0142oce proszkowej (model czarny) lub anodowanej (model srebrny)<LI>\u0141atwa do czyszczenia powierzchnia<LI>W pe\u0142ni zdejmowana pokrywa z blokad\u0105 szybkiego zwalniania<LI>4 du\u017ce zaczepy zintegrowane z pokryw\u0105 kufra (np. Do zamocowania namiotu lub torb akcesoryjnych, kt\u00f3re s\u0105 w zestawie)<LI>Zawiasy ze stali nierdzewnej, uchwyty do noszenia wykonane z anodowanego aluminium<LI>Zamontowana szyna no\u015bna zapewnia dodatkow\u0105 stabilno\u015b\u0107<LI>Wymienna uszczelka pokrywy<LI>Dodatkowa ochrona dzi\u0119ki naro\u017cnikom z tworzywa sztucznego wzmocnionego w\u0142\u00f3knem szklanym<LI>Fazowane kraw\u0119dzie na kufrach bocznych zapewniaj\u0105 wysoki prze\u015bwit na zakr\u0119tach<LI>Szybki monta\u017c na wszystkich stela\u017cach PRO, zapinany na klamr\u0119 z zamkiem na klucz<LI>Bezpieczne i stabilne mocowanie kufra centralnego na ALU-RACK z pomoc\u0105 p\u0142yty adaptacyjnej<\/UL><B>W\u0142a\u015bciwo\u015bci stela\u017cy kufr\u00f3w bocznych PRO:<\/B><UL><LI>System QUICK-LOCK umo\u017cliwia szybki monta\u017c i demonta\u017c stela\u017cy na motocyklu. Po ich zdemontowaniu pozostaje tylko kilka niepozornych punkt\u00f3w mocowania. Operacja ta trwa kilka sekund i nie wymaga u\u017cycia specjalistycznych narz\u0119dzi,<LI>Pierwsza instalacja wymaga tylko troch\u0119 wi\u0119cej czasu,<LI>Perfekcyjnie dopasowany do danego modelu motocykla<LI>Wykonany z owalnej rury,<LI>Zaprojektowany tak, by by\u0142 jak najbli\u017cej motocykla,<LI>Zabezpieczony przed kradzie\u017c\u0105 <LI>Bardzo funkcjonalny i mocny<LI>Materia\u0142: Stal, pokryta czarn\u0105 farb\u0105 proszkow\u0105,<\/UL><B>W\u0142a\u015bciwo\u015bci stela\u017ca ADVENTURE-RACK:<\/B><UL><\/p>\n<li>Idealnie dopasowany do wygl\u0105du motocykla,\n<li>Laserowo opracowany i wycinany CNC z wytrzyma\u0142ego stopu aluminium\n<li>Bardzo stabilna i wytrzyma\u0142a konstrukcja <\/UL><B>W\u0142a\u015bciwo\u015bci Expansion Bag:<\/B><UL><LI>Wodoodporna torba do zamocowania na kufry boczne za pomoc\u0105 pask\u00f3w<LI>15 litr\u00f3w dodatkowej przestrzeni \u0142adunkowej, wewn\u0105trz wy\u015bcie\u0142anej mi\u0119kkim materia\u0142em<LI>Zamek b\u0142yskawiczny zainstalowany na obwodzie umo\u017cliwia \u0142atwy dost\u0119p<LI>Dodatkowa pokrywa z klipsami zabezpiecza torb\u0119 przed zalaniem<LI>Mo\u017cliwo\u015b\u0107 podzielenia przestrzeni \u0142adunkowej pod indywidualne potrzeby<LI>Wykonana z wytrzyma\u0142ego i \u0142atwego do czyszczenia materia\u0142u<LI>Odblaskowe szczeg\u00f3\u0142y<LI>Solidny i stabilny monta\u017c<LI>8 zawieszek typu D-ringi umo\u017cliwiaj\u0105 wiele opcji monta\u017cu (wewn\u0119trzna odleg\u0142o\u015b\u0107 D-ring: ok 24 cm, zewn\u0119trzna odleg\u0142o\u015b\u0107 D-ring: ok 32 cm)<LI>Wymiary: 45 x 22 x 15 cm (15 l pojemno\u015bci)<LI>Materia\u0142: 500D poliester z pow\u0142ok\u0105 PVC, wodoodporne zgrzewy<LI>Kolor: czarny<\/UL><B>Zestaw zawiera:<\/B><UL><LI>Kufer TRAX ADV na praw\u0105 i lew\u0105 stron\u0119 motocykla\n<li>2 stela\u017ce PRO dedykowane do danego modelu motocykla\n<li>2 torby zewn\u0119trzne TRAX M\/L expansionbags\n<li>Kufer centralny TRAX ADV\n<li>Zestaw 6 zamk\u00f3w z 2 kluczykami\n<li>Ogranicznik otwarcia pokrywy\n<li>Zabezpieczenie antykradzie\u017cowe stela\u017cy,\n<li>3 torby transportowe (s\u0142u\u017c\u0105ce do zabezpieczenia kufr\u00f3w podczas gdy nie s\u0105 zainstalowane na motocyklu)\n<li>Adaptery do kufr\u00f3w bocznych TRAX ADV, p\u0142yta adaptacyjna do kufra centralnego TRAX ADV\n<li>Stela\u017c Adventure-RACK pod kufer centralny dedykowany do danego modelu motocykla\n<li>Multi-tool\n<li>Materia\u0142y monta\u017cowe\n<li>Instrukcj\u0119 monta\u017cu<\/UL><br \/>\n","protected":false},"excerpt":{"rendered":"<p>Ten zestaw to wszechstronny i bezobs\u0142ugowy pakiet na ka\u017cd\u0105 wycieczk\u0119. Wodoszczelne i py\u0142oszczelne, aluminiowe kufry boczne i centralny TRAX Adventure zapewniaj\u0105 najlepsz\u0105 ochron\u0119 baga\u017cu. Dedykowane dla danego modelu motocykla stela\u017ce na kufry boczne PRO oraz stela\u017c na kufer centralny Adventure-RACK gwarantuj\u0105 optymalne dopasowanie i bezpieczne zamocowanie kufr\u00f3w. Nasze wytrzyma\u0142e aluminiowe kufry TRAX ADV przekonuj\u0105 swoj\u0105 [&hellip;]<\/p>\n","protected":false},"featured_media":9919,"template":"","meta":[],"product_brand":[386],"product_cat":[390],"product_tag":[],"class_list":{"0":"post-9923","1":"product","2":"type-product","3":"status-publish","4":"has-post-thumbnail","6":"product_brand-sw-motech","7":"product_cat-akcesoria-sw-motech-2","9":"first","10":"onbackorder","11":"taxable","12":"shipping-taxable","13":"purchasable","14":"product-type-simple"},"yoast_head":"<!-- This site is optimized with the Yoast SEO plugin v26.9 - https:\/\/yoast.com\/product\/yoast-seo-wordpress\/ -->\n<title>ZESTAW BAGA\u017bOWY ADVENTURE SW-MOTECH KAWASAKI VERSYS 650 (14-) BLACK - MOTO-PAWMAR<\/title>\n<meta name=\"robots\" content=\"index, follow, max-snippet:-1, max-image-preview:large, max-video-preview:-1\" \/>\n<link rel=\"canonical\" href=\"https:\/\/moto-pawmar.pl\/?product=zestaw-bagaowy-adventure-sw-motech-kawasaki-versys-650-14-black\" \/>\n<meta property=\"og:locale\" content=\"pl_PL\" \/>\n<meta property=\"og:type\" content=\"article\" \/>\n<meta property=\"og:title\" content=\"ZESTAW BAGA\u017bOWY ADVENTURE SW-MOTECH KAWASAKI VERSYS 650 (14-) BLACK - MOTO-PAWMAR\" \/>\n<meta property=\"og:description\" content=\"Ten zestaw to wszechstronny i bezobs\u0142ugowy pakiet na ka\u017cd\u0105 wycieczk\u0119. Wodoszczelne i py\u0142oszczelne, aluminiowe kufry boczne i centralny TRAX Adventure zapewniaj\u0105 najlepsz\u0105 ochron\u0119 baga\u017cu. Dedykowane dla danego modelu motocykla stela\u017ce na kufry boczne PRO oraz stela\u017c na kufer centralny Adventure-RACK gwarantuj\u0105 optymalne dopasowanie i bezpieczne zamocowanie kufr\u00f3w. Nasze wytrzyma\u0142e aluminiowe kufry TRAX ADV przekonuj\u0105 swoj\u0105 [&hellip;]\" \/>\n<meta property=\"og:url\" content=\"https:\/\/moto-pawmar.pl\/?product=zestaw-bagaowy-adventure-sw-motech-kawasaki-versys-650-14-black\" \/>\n<meta property=\"og:site_name\" content=\"MOTO-PAWMAR\" \/>\n<meta property=\"article:publisher\" content=\"https:\/\/www.facebook.com\/motopawmar\/?locale=pl_PL\" \/>\n<meta property=\"article:modified_time\" content=\"2026-01-29T08:22:32+00:00\" \/>\n<meta property=\"og:image\" content=\"https:\/\/moto-pawmar.pl\/wp-content\/uploads\/2026\/01\/193802_ZAL350271.jpg\" \/>\n\t<meta property=\"og:image:width\" content=\"800\" \/>\n\t<meta property=\"og:image:height\" content=\"565\" \/>\n\t<meta property=\"og:image:type\" content=\"image\/jpeg\" \/>\n<meta name=\"twitter:card\" content=\"summary_large_image\" \/>\n<meta name=\"twitter:label1\" content=\"Szacowany czas czytania\" \/>\n\t<meta name=\"twitter:data1\" content=\"3 minuty\" \/>\n<script type=\"application\/ld+json\" class=\"yoast-schema-graph\">{\"@context\":\"https:\/\/schema.org\",\"@graph\":[{\"@type\":\"WebPage\",\"@id\":\"https:\/\/moto-pawmar.pl\/?product=zestaw-bagaowy-adventure-sw-motech-kawasaki-versys-650-14-black\",\"url\":\"https:\/\/moto-pawmar.pl\/?product=zestaw-bagaowy-adventure-sw-motech-kawasaki-versys-650-14-black\",\"name\":\"ZESTAW BAGA\u017bOWY ADVENTURE SW-MOTECH KAWASAKI VERSYS 650 (14-) BLACK - MOTO-PAWMAR\",\"isPartOf\":{\"@id\":\"https:\/\/moto-pawmar.pl\/#website\"},\"primaryImageOfPage\":{\"@id\":\"https:\/\/moto-pawmar.pl\/?product=zestaw-bagaowy-adventure-sw-motech-kawasaki-versys-650-14-black#primaryimage\"},\"image\":{\"@id\":\"https:\/\/moto-pawmar.pl\/?product=zestaw-bagaowy-adventure-sw-motech-kawasaki-versys-650-14-black#primaryimage\"},\"thumbnailUrl\":\"https:\/\/moto-pawmar.pl\/wp-content\/uploads\/2026\/01\/193802_ZAL350271.jpg\",\"datePublished\":\"2026-01-28T15:45:59+00:00\",\"dateModified\":\"2026-01-29T08:22:32+00:00\",\"breadcrumb\":{\"@id\":\"https:\/\/moto-pawmar.pl\/?product=zestaw-bagaowy-adventure-sw-motech-kawasaki-versys-650-14-black#breadcrumb\"},\"inLanguage\":\"pl-PL\",\"potentialAction\":[{\"@type\":\"ReadAction\",\"target\":[\"https:\/\/moto-pawmar.pl\/?product=zestaw-bagaowy-adventure-sw-motech-kawasaki-versys-650-14-black\"]}]},{\"@type\":\"ImageObject\",\"inLanguage\":\"pl-PL\",\"@id\":\"https:\/\/moto-pawmar.pl\/?product=zestaw-bagaowy-adventure-sw-motech-kawasaki-versys-650-14-black#primaryimage\",\"url\":\"https:\/\/moto-pawmar.pl\/wp-content\/uploads\/2026\/01\/193802_ZAL350271.jpg\",\"contentUrl\":\"https:\/\/moto-pawmar.pl\/wp-content\/uploads\/2026\/01\/193802_ZAL350271.jpg\",\"width\":800,\"height\":565},{\"@type\":\"BreadcrumbList\",\"@id\":\"https:\/\/moto-pawmar.pl\/?product=zestaw-bagaowy-adventure-sw-motech-kawasaki-versys-650-14-black#breadcrumb\",\"itemListElement\":[{\"@type\":\"ListItem\",\"position\":1,\"name\":\"Strona g\u0142\u00f3wna\",\"item\":\"https:\/\/moto-pawmar.pl\/\"},{\"@type\":\"ListItem\",\"position\":2,\"name\":\"Sklep Internetowy\",\"item\":\"https:\/\/moto-pawmar.pl\/?page_id=367\"},{\"@type\":\"ListItem\",\"position\":3,\"name\":\"ZESTAW BAGA\u017bOWY ADVENTURE SW-MOTECH KAWASAKI VERSYS 650 (14-) BLACK\"}]},{\"@type\":\"WebSite\",\"@id\":\"https:\/\/moto-pawmar.pl\/#website\",\"url\":\"https:\/\/moto-pawmar.pl\/\",\"name\":\"MOTO-PAWMAR\",\"description\":\"MOTO\u2011PAWMAR \u2013 Tw\u00f3j sklep z cz\u0119\u015bciami i akcesoriami do motocykli, skuter\u00f3w i quad\u00f3w.\",\"publisher\":{\"@id\":\"https:\/\/moto-pawmar.pl\/#organization\"},\"potentialAction\":[{\"@type\":\"SearchAction\",\"target\":{\"@type\":\"EntryPoint\",\"urlTemplate\":\"https:\/\/moto-pawmar.pl\/?s={search_term_string}\"},\"query-input\":{\"@type\":\"PropertyValueSpecification\",\"valueRequired\":true,\"valueName\":\"search_term_string\"}}],\"inLanguage\":\"pl-PL\"},{\"@type\":\"Organization\",\"@id\":\"https:\/\/moto-pawmar.pl\/#organization\",\"name\":\"MOTO-PAWMAR\",\"url\":\"https:\/\/moto-pawmar.pl\/\",\"logo\":{\"@type\":\"ImageObject\",\"inLanguage\":\"pl-PL\",\"@id\":\"https:\/\/moto-pawmar.pl\/#\/schema\/logo\/image\/\",\"url\":\"https:\/\/moto-pawmar.pl\/wp-content\/uploads\/2025\/10\/LOGO-SKLEP.png\",\"contentUrl\":\"https:\/\/moto-pawmar.pl\/wp-content\/uploads\/2025\/10\/LOGO-SKLEP.png\",\"width\":2480,\"height\":2053,\"caption\":\"MOTO-PAWMAR\"},\"image\":{\"@id\":\"https:\/\/moto-pawmar.pl\/#\/schema\/logo\/image\/\"},\"sameAs\":[\"https:\/\/www.facebook.com\/motopawmar\/?locale=pl_PL\"]}]}<\/script>\n<!-- \/ Yoast SEO plugin. -->","yoast_head_json":{"title":"ZESTAW BAGA\u017bOWY ADVENTURE SW-MOTECH KAWASAKI VERSYS 650 (14-) BLACK - MOTO-PAWMAR","robots":{"index":"index","follow":"follow","max-snippet":"max-snippet:-1","max-image-preview":"max-image-preview:large","max-video-preview":"max-video-preview:-1"},"canonical":"https:\/\/moto-pawmar.pl\/?product=zestaw-bagaowy-adventure-sw-motech-kawasaki-versys-650-14-black","og_locale":"pl_PL","og_type":"article","og_title":"ZESTAW BAGA\u017bOWY ADVENTURE SW-MOTECH KAWASAKI VERSYS 650 (14-) BLACK - MOTO-PAWMAR","og_description":"Ten zestaw to wszechstronny i bezobs\u0142ugowy pakiet na ka\u017cd\u0105 wycieczk\u0119. Wodoszczelne i py\u0142oszczelne, aluminiowe kufry boczne i centralny TRAX Adventure zapewniaj\u0105 najlepsz\u0105 ochron\u0119 baga\u017cu. Dedykowane dla danego modelu motocykla stela\u017ce na kufry boczne PRO oraz stela\u017c na kufer centralny Adventure-RACK gwarantuj\u0105 optymalne dopasowanie i bezpieczne zamocowanie kufr\u00f3w. Nasze wytrzyma\u0142e aluminiowe kufry TRAX ADV przekonuj\u0105 swoj\u0105 [&hellip;]","og_url":"https:\/\/moto-pawmar.pl\/?product=zestaw-bagaowy-adventure-sw-motech-kawasaki-versys-650-14-black","og_site_name":"MOTO-PAWMAR","article_publisher":"https:\/\/www.facebook.com\/motopawmar\/?locale=pl_PL","article_modified_time":"2026-01-29T08:22:32+00:00","og_image":[{"width":800,"height":565,"url":"https:\/\/moto-pawmar.pl\/wp-content\/uploads\/2026\/01\/193802_ZAL350271.jpg","type":"image\/jpeg"}],"twitter_card":"summary_large_image","twitter_misc":{"Szacowany czas czytania":"3 minuty"},"schema":{"@context":"https:\/\/schema.org","@graph":[{"@type":"WebPage","@id":"https:\/\/moto-pawmar.pl\/?product=zestaw-bagaowy-adventure-sw-motech-kawasaki-versys-650-14-black","url":"https:\/\/moto-pawmar.pl\/?product=zestaw-bagaowy-adventure-sw-motech-kawasaki-versys-650-14-black","name":"ZESTAW BAGA\u017bOWY ADVENTURE SW-MOTECH KAWASAKI VERSYS 650 (14-) BLACK - MOTO-PAWMAR","isPartOf":{"@id":"https:\/\/moto-pawmar.pl\/#website"},"primaryImageOfPage":{"@id":"https:\/\/moto-pawmar.pl\/?product=zestaw-bagaowy-adventure-sw-motech-kawasaki-versys-650-14-black#primaryimage"},"image":{"@id":"https:\/\/moto-pawmar.pl\/?product=zestaw-bagaowy-adventure-sw-motech-kawasaki-versys-650-14-black#primaryimage"},"thumbnailUrl":"https:\/\/moto-pawmar.pl\/wp-content\/uploads\/2026\/01\/193802_ZAL350271.jpg","datePublished":"2026-01-28T15:45:59+00:00","dateModified":"2026-01-29T08:22:32+00:00","breadcrumb":{"@id":"https:\/\/moto-pawmar.pl\/?product=zestaw-bagaowy-adventure-sw-motech-kawasaki-versys-650-14-black#breadcrumb"},"inLanguage":"pl-PL","potentialAction":[{"@type":"ReadAction","target":["https:\/\/moto-pawmar.pl\/?product=zestaw-bagaowy-adventure-sw-motech-kawasaki-versys-650-14-black"]}]},{"@type":"ImageObject","inLanguage":"pl-PL","@id":"https:\/\/moto-pawmar.pl\/?product=zestaw-bagaowy-adventure-sw-motech-kawasaki-versys-650-14-black#primaryimage","url":"https:\/\/moto-pawmar.pl\/wp-content\/uploads\/2026\/01\/193802_ZAL350271.jpg","contentUrl":"https:\/\/moto-pawmar.pl\/wp-content\/uploads\/2026\/01\/193802_ZAL350271.jpg","width":800,"height":565},{"@type":"BreadcrumbList","@id":"https:\/\/moto-pawmar.pl\/?product=zestaw-bagaowy-adventure-sw-motech-kawasaki-versys-650-14-black#breadcrumb","itemListElement":[{"@type":"ListItem","position":1,"name":"Strona g\u0142\u00f3wna","item":"https:\/\/moto-pawmar.pl\/"},{"@type":"ListItem","position":2,"name":"Sklep Internetowy","item":"https:\/\/moto-pawmar.pl\/?page_id=367"},{"@type":"ListItem","position":3,"name":"ZESTAW BAGA\u017bOWY ADVENTURE SW-MOTECH KAWASAKI VERSYS 650 (14-) BLACK"}]},{"@type":"WebSite","@id":"https:\/\/moto-pawmar.pl\/#website","url":"https:\/\/moto-pawmar.pl\/","name":"MOTO-PAWMAR","description":"MOTO\u2011PAWMAR \u2013 Tw\u00f3j sklep z cz\u0119\u015bciami i akcesoriami do motocykli, skuter\u00f3w i quad\u00f3w.","publisher":{"@id":"https:\/\/moto-pawmar.pl\/#organization"},"potentialAction":[{"@type":"SearchAction","target":{"@type":"EntryPoint","urlTemplate":"https:\/\/moto-pawmar.pl\/?s={search_term_string}"},"query-input":{"@type":"PropertyValueSpecification","valueRequired":true,"valueName":"search_term_string"}}],"inLanguage":"pl-PL"},{"@type":"Organization","@id":"https:\/\/moto-pawmar.pl\/#organization","name":"MOTO-PAWMAR","url":"https:\/\/moto-pawmar.pl\/","logo":{"@type":"ImageObject","inLanguage":"pl-PL","@id":"https:\/\/moto-pawmar.pl\/#\/schema\/logo\/image\/","url":"https:\/\/moto-pawmar.pl\/wp-content\/uploads\/2025\/10\/LOGO-SKLEP.png","contentUrl":"https:\/\/moto-pawmar.pl\/wp-content\/uploads\/2025\/10\/LOGO-SKLEP.png","width":2480,"height":2053,"caption":"MOTO-PAWMAR"},"image":{"@id":"https:\/\/moto-pawmar.pl\/#\/schema\/logo\/image\/"},"sameAs":["https:\/\/www.facebook.com\/motopawmar\/?locale=pl_PL"]}]}},"_links":{"self":[{"href":"https:\/\/moto-pawmar.pl\/index.php?rest_route=\/wp\/v2\/product\/9923","targetHints":{"allow":["GET"]}}],"collection":[{"href":"https:\/\/moto-pawmar.pl\/index.php?rest_route=\/wp\/v2\/product"}],"about":[{"href":"https:\/\/moto-pawmar.pl\/index.php?rest_route=\/wp\/v2\/types\/product"}],"wp:featuredmedia":[{"embeddable":true,"href":"https:\/\/moto-pawmar.pl\/index.php?rest_route=\/wp\/v2\/media\/9919"}],"wp:attachment":[{"href":"https:\/\/moto-pawmar.pl\/index.php?rest_route=%2Fwp%2Fv2%2Fmedia&parent=9923"}],"wp:term":[{"taxonomy":"product_brand","embeddable":true,"href":"https:\/\/moto-pawmar.pl\/index.php?rest_route=%2Fwp%2Fv2%2Fproduct_brand&post=9923"},{"taxonomy":"product_cat","embeddable":true,"href":"https:\/\/moto-pawmar.pl\/index.php?rest_route=%2Fwp%2Fv2%2Fproduct_cat&post=9923"},{"taxonomy":"product_tag","embeddable":true,"href":"https:\/\/moto-pawmar.pl\/index.php?rest_route=%2Fwp%2Fv2%2Fproduct_tag&post=9923"}],"curies":[{"name":"wp","href":"https:\/\/api.w.org\/{rel}","templated":true}]}}