{"id":9585,"date":"2026-01-28T16:45:10","date_gmt":"2026-01-28T15:45:10","guid":{"rendered":"https:\/\/moto-pawmar.pl\/?product=zestaw-plastikowych-kufrw-bocznych-aero-abs-sw-motech-black-2x25l"},"modified":"2026-01-29T09:22:08","modified_gmt":"2026-01-29T08:22:08","slug":"zestaw-plastikowych-kufrw-bocznych-aero-abs-sw-motech-black-2x25l","status":"publish","type":"product","link":"https:\/\/moto-pawmar.pl\/?product=zestaw-plastikowych-kufrw-bocznych-aero-abs-sw-motech-black-2x25l","title":{"rendered":"ZESTAW PLASTIKOWYCH KUFR\u00d3W BOCZNYCH AERO ABS SW-MOTECH BLACK 2X25L"},"content":{"rendered":"<p>Twarda skorupa i aerodynamiczny kszta\u0142t. <\/br><\/br>Lekkie, a zarazem trwa\u0142e kufry URBAN ABS pozwol\u0105 przekszta\u0142ci\u0107 tw\u00f3j motocykl miejski w podr\u00f3\u017cnicz\u0105 maszyn\u0119. Jednym, szybkim ruchem, mo\u017cesz je bezpiecznie przymocowa\u0107 do stela\u017ca SLC za pomoc\u0105 szybkoz\u0142\u0105czek. Zestaw URBAN to kompaktowe kufry z tworzywa ABS, kt\u00f3re zachwycaj\u0105 optymalnym kszta\u0142tem i wysok\u0105 jako\u015bci\u0105 wykonania oraz dedykowane do poszczeg\u00f3lnych modeli motocykla stela\u017ce.<\/br><\/br>Tworzywo ABS \u0142\u0105czy lekko\u015b\u0107 z wytrzyma\u0142o\u015bci\u0105. Struktura powierzchni kufra URBAN ABS jest \u0142atwa w piel\u0119gnacji i odporna na zadrapania. Wn\u0119trze kufra wy\u0142o\u017cono materia\u0142em. Kufer mo\u017cna otworzy\u0107 ca\u0142kowicie, co u\u0142atwia wygodne pakowanie, lub tylko cz\u0119\u015bciowo, dzi\u0119ki czemu mo\u017cemy wyjmowa\u0107 baga\u017ce bez ryzyka wypadni\u0119cia poszczeg\u00f3lnych przedmiot\u00f3w. Elastyczne paski do napinania poprzecznego usprawniaj\u0105 przechowywanie baga\u017cu<\/BR><\/BR>Kufry URBAN ABS podkre\u015blaj\u0105 dynamik\u0119 motocykla i tylko minimalnie wp\u0142ywaj\u0105 na w\u0142a\u015bciwo\u015bci jezdne. Dzi\u0119ki nim mo\u017cesz cieszy\u0107 si\u0119 podr\u00f3\u017c\u0105, nie martwi\u0105c o baga\u017c: wodoodporne torby wewn\u0119trzne, zintegrowana ochrona przed kradzie\u017c\u0105 i zamki ochroni\u0105 zawarto\u015b\u0107 przed wiatrem, deszczem i otwarciem przez niepowo\u0142ane osoby.<\/br><\/br><b>W\u0142a\u015bciwo\u015bci:<\/b><\/p>\n<ul>\n<li> Lekki kufer boczny do motocykli sportowych jak i nakedbike\n<li> Wytrzyma\u0142y, odporny i lekki dzi\u0119ki zastosowanym materia\u0142om ABS o grubo\u015bci 2,5 mm i 2 mm\n<li> Pojemno\u015b\u0107 jednego kufra: 25 l \/ Waga: 1,8 kg\n<li> Bezpieczny i \u0142atwy monta\u017c na stela\u017cu SLC za pomoc\u0105 szybkoz\u0142\u0105czek\n<li> Dedykowane do motocykli stela\u017ce boczne SLC dost\u0119pne jako opcja\n<li> Dodatkowe oznaczenie na szybkoz\u0142\u0105czce pozwala sprawdzi\u0107 czy kufer jest prawid\u0142owo osadzony\n<li> Podw\u00f3jna ochrona przed kradzie\u017c\u0105 dzi\u0119ki zabezpieczeniu kufra na stela\u017cu SLC oraz zamykanym zamkom b\u0142yskawicznym\n<li>Uchwyty do przenoszenia umo\u017cliwiaj\u0105 noszenie dw\u00f3ch kufr\u00f3w jedn\u0105 r\u0119k\u0105\n<li> Odblaskowe detale zwi\u0119kszaj\u0105 bezpiecze\u0144stwo w ruchu drogowym\n<li>\u0141atwa do czyszczenia i odporna na zarysowania strukturalna powierzchnia\n<li>Elastyczne napinacze poprzeczne sprawiaj\u0105, \u017ce pakowanie baga\u017cu jest wygodnie i praktyczne\n<li>Pokrywa otwierana ca\u0142kowicie oraz cz\u0119\u015bciowo: ograniczniki pokrywy z klap\u0105 zatrzaskow\u0105 zabezpieczaj\u0105 zawarto\u015b\u0107\n<li> Wy\u015bcie\u0142ana podszewka z tkaniny poliestrowej laminowana piank\u0105 PU oraz torba wewn\u0119trzna do przechowywania baga\u017cu\n<li> Materia\u0142: tworzywo ABS \/ poliester\n<li> Wodoodporne torby wewn\u0119trzne do\u0142\u0105czone do kufra\n<li> Kolor czarny\n<li> Powierzchnia: strukturalna<\/ul>\n<p><b>Uwaga<\/b><\/br>Kufry boczne URBAN ABS dost\u0119pne s\u0105 r\u00f3wnie\u017c jako zestaw. Do wielu modeli motocykli oferujemy zestawy dw\u00f3ch kufr\u00f3w bocznych URBAN ABS w tym tak\u017ce stela\u017ce boczne SLC dedykowane do danego modelu motocykla.<\/br><\/br><b>Zawarto\u015b\u0107:<\/b><\/p>\n<ul>\n<li> 2 kufry boczne URBAN ABS, lewy i prawy\n<li> 2 wodoodporne torby wewn\u0119trzny\n<li> 2 zabezpieczenia kufra przed niepo\u017c\u0105danym otwarciem\n<li> Instrukcja monta\u017cu<\/UL><br \/>\n","protected":false},"excerpt":{"rendered":"<p>Twarda skorupa i aerodynamiczny kszta\u0142t. Lekkie, a zarazem trwa\u0142e kufry URBAN ABS pozwol\u0105 przekszta\u0142ci\u0107 tw\u00f3j motocykl miejski w podr\u00f3\u017cnicz\u0105 maszyn\u0119. Jednym, szybkim ruchem, mo\u017cesz je bezpiecznie przymocowa\u0107 do stela\u017ca SLC za pomoc\u0105 szybkoz\u0142\u0105czek. Zestaw URBAN to kompaktowe kufry z tworzywa ABS, kt\u00f3re zachwycaj\u0105 optymalnym kszta\u0142tem i wysok\u0105 jako\u015bci\u0105 wykonania oraz dedykowane do poszczeg\u00f3lnych modeli motocykla [&hellip;]<\/p>\n","protected":false},"featured_media":9584,"template":"","meta":[],"product_brand":[386],"product_cat":[390],"product_tag":[],"class_list":{"0":"post-9585","1":"product","2":"type-product","3":"status-publish","4":"has-post-thumbnail","6":"product_brand-sw-motech","7":"product_cat-akcesoria-sw-motech-2","9":"first","10":"onbackorder","11":"taxable","12":"shipping-taxable","13":"purchasable","14":"product-type-simple"},"yoast_head":"<!-- This site is optimized with the Yoast SEO plugin v26.9 - https:\/\/yoast.com\/product\/yoast-seo-wordpress\/ -->\n<title>ZESTAW PLASTIKOWYCH KUFR\u00d3W BOCZNYCH AERO ABS SW-MOTECH BLACK 2X25L - MOTO-PAWMAR<\/title>\n<meta name=\"robots\" content=\"index, follow, max-snippet:-1, max-image-preview:large, max-video-preview:-1\" \/>\n<link rel=\"canonical\" href=\"https:\/\/moto-pawmar.pl\/?product=zestaw-plastikowych-kufrw-bocznych-aero-abs-sw-motech-black-2x25l\" \/>\n<meta property=\"og:locale\" content=\"pl_PL\" \/>\n<meta property=\"og:type\" content=\"article\" \/>\n<meta property=\"og:title\" content=\"ZESTAW PLASTIKOWYCH KUFR\u00d3W BOCZNYCH AERO ABS SW-MOTECH BLACK 2X25L - MOTO-PAWMAR\" \/>\n<meta property=\"og:description\" content=\"Twarda skorupa i aerodynamiczny kszta\u0142t. Lekkie, a zarazem trwa\u0142e kufry URBAN ABS pozwol\u0105 przekszta\u0142ci\u0107 tw\u00f3j motocykl miejski w podr\u00f3\u017cnicz\u0105 maszyn\u0119. Jednym, szybkim ruchem, mo\u017cesz je bezpiecznie przymocowa\u0107 do stela\u017ca SLC za pomoc\u0105 szybkoz\u0142\u0105czek. Zestaw URBAN to kompaktowe kufry z tworzywa ABS, kt\u00f3re zachwycaj\u0105 optymalnym kszta\u0142tem i wysok\u0105 jako\u015bci\u0105 wykonania oraz dedykowane do poszczeg\u00f3lnych modeli motocykla [&hellip;]\" \/>\n<meta property=\"og:url\" content=\"https:\/\/moto-pawmar.pl\/?product=zestaw-plastikowych-kufrw-bocznych-aero-abs-sw-motech-black-2x25l\" \/>\n<meta property=\"og:site_name\" content=\"MOTO-PAWMAR\" \/>\n<meta property=\"article:publisher\" content=\"https:\/\/www.facebook.com\/motopawmar\/?locale=pl_PL\" \/>\n<meta property=\"article:modified_time\" content=\"2026-01-29T08:22:08+00:00\" \/>\n<meta property=\"og:image\" content=\"https:\/\/moto-pawmar.pl\/wp-content\/uploads\/2026\/01\/187447_ZAL335017.jpg\" \/>\n\t<meta property=\"og:image:width\" content=\"800\" \/>\n\t<meta property=\"og:image:height\" content=\"533\" \/>\n\t<meta property=\"og:image:type\" content=\"image\/jpeg\" \/>\n<meta name=\"twitter:card\" content=\"summary_large_image\" \/>\n<meta name=\"twitter:label1\" content=\"Szacowany czas czytania\" \/>\n\t<meta name=\"twitter:data1\" content=\"2 minuty\" \/>\n<script type=\"application\/ld+json\" class=\"yoast-schema-graph\">{\"@context\":\"https:\/\/schema.org\",\"@graph\":[{\"@type\":\"WebPage\",\"@id\":\"https:\/\/moto-pawmar.pl\/?product=zestaw-plastikowych-kufrw-bocznych-aero-abs-sw-motech-black-2x25l\",\"url\":\"https:\/\/moto-pawmar.pl\/?product=zestaw-plastikowych-kufrw-bocznych-aero-abs-sw-motech-black-2x25l\",\"name\":\"ZESTAW PLASTIKOWYCH KUFR\u00d3W BOCZNYCH AERO ABS SW-MOTECH BLACK 2X25L - MOTO-PAWMAR\",\"isPartOf\":{\"@id\":\"https:\/\/moto-pawmar.pl\/#website\"},\"primaryImageOfPage\":{\"@id\":\"https:\/\/moto-pawmar.pl\/?product=zestaw-plastikowych-kufrw-bocznych-aero-abs-sw-motech-black-2x25l#primaryimage\"},\"image\":{\"@id\":\"https:\/\/moto-pawmar.pl\/?product=zestaw-plastikowych-kufrw-bocznych-aero-abs-sw-motech-black-2x25l#primaryimage\"},\"thumbnailUrl\":\"https:\/\/moto-pawmar.pl\/wp-content\/uploads\/2026\/01\/187447_ZAL335017.jpg\",\"datePublished\":\"2026-01-28T15:45:10+00:00\",\"dateModified\":\"2026-01-29T08:22:08+00:00\",\"breadcrumb\":{\"@id\":\"https:\/\/moto-pawmar.pl\/?product=zestaw-plastikowych-kufrw-bocznych-aero-abs-sw-motech-black-2x25l#breadcrumb\"},\"inLanguage\":\"pl-PL\",\"potentialAction\":[{\"@type\":\"ReadAction\",\"target\":[\"https:\/\/moto-pawmar.pl\/?product=zestaw-plastikowych-kufrw-bocznych-aero-abs-sw-motech-black-2x25l\"]}]},{\"@type\":\"ImageObject\",\"inLanguage\":\"pl-PL\",\"@id\":\"https:\/\/moto-pawmar.pl\/?product=zestaw-plastikowych-kufrw-bocznych-aero-abs-sw-motech-black-2x25l#primaryimage\",\"url\":\"https:\/\/moto-pawmar.pl\/wp-content\/uploads\/2026\/01\/187447_ZAL335017.jpg\",\"contentUrl\":\"https:\/\/moto-pawmar.pl\/wp-content\/uploads\/2026\/01\/187447_ZAL335017.jpg\",\"width\":800,\"height\":533},{\"@type\":\"BreadcrumbList\",\"@id\":\"https:\/\/moto-pawmar.pl\/?product=zestaw-plastikowych-kufrw-bocznych-aero-abs-sw-motech-black-2x25l#breadcrumb\",\"itemListElement\":[{\"@type\":\"ListItem\",\"position\":1,\"name\":\"Strona g\u0142\u00f3wna\",\"item\":\"https:\/\/moto-pawmar.pl\/\"},{\"@type\":\"ListItem\",\"position\":2,\"name\":\"Sklep Internetowy\",\"item\":\"https:\/\/moto-pawmar.pl\/?page_id=367\"},{\"@type\":\"ListItem\",\"position\":3,\"name\":\"ZESTAW PLASTIKOWYCH KUFR\u00d3W BOCZNYCH AERO ABS SW-MOTECH BLACK 2X25L\"}]},{\"@type\":\"WebSite\",\"@id\":\"https:\/\/moto-pawmar.pl\/#website\",\"url\":\"https:\/\/moto-pawmar.pl\/\",\"name\":\"MOTO-PAWMAR\",\"description\":\"MOTO\u2011PAWMAR \u2013 Tw\u00f3j sklep z cz\u0119\u015bciami i akcesoriami do motocykli, skuter\u00f3w i quad\u00f3w.\",\"publisher\":{\"@id\":\"https:\/\/moto-pawmar.pl\/#organization\"},\"potentialAction\":[{\"@type\":\"SearchAction\",\"target\":{\"@type\":\"EntryPoint\",\"urlTemplate\":\"https:\/\/moto-pawmar.pl\/?s={search_term_string}\"},\"query-input\":{\"@type\":\"PropertyValueSpecification\",\"valueRequired\":true,\"valueName\":\"search_term_string\"}}],\"inLanguage\":\"pl-PL\"},{\"@type\":\"Organization\",\"@id\":\"https:\/\/moto-pawmar.pl\/#organization\",\"name\":\"MOTO-PAWMAR\",\"url\":\"https:\/\/moto-pawmar.pl\/\",\"logo\":{\"@type\":\"ImageObject\",\"inLanguage\":\"pl-PL\",\"@id\":\"https:\/\/moto-pawmar.pl\/#\/schema\/logo\/image\/\",\"url\":\"https:\/\/moto-pawmar.pl\/wp-content\/uploads\/2025\/10\/LOGO-SKLEP.png\",\"contentUrl\":\"https:\/\/moto-pawmar.pl\/wp-content\/uploads\/2025\/10\/LOGO-SKLEP.png\",\"width\":2480,\"height\":2053,\"caption\":\"MOTO-PAWMAR\"},\"image\":{\"@id\":\"https:\/\/moto-pawmar.pl\/#\/schema\/logo\/image\/\"},\"sameAs\":[\"https:\/\/www.facebook.com\/motopawmar\/?locale=pl_PL\"]}]}<\/script>\n<!-- \/ Yoast SEO plugin. -->","yoast_head_json":{"title":"ZESTAW PLASTIKOWYCH KUFR\u00d3W BOCZNYCH AERO ABS SW-MOTECH BLACK 2X25L - MOTO-PAWMAR","robots":{"index":"index","follow":"follow","max-snippet":"max-snippet:-1","max-image-preview":"max-image-preview:large","max-video-preview":"max-video-preview:-1"},"canonical":"https:\/\/moto-pawmar.pl\/?product=zestaw-plastikowych-kufrw-bocznych-aero-abs-sw-motech-black-2x25l","og_locale":"pl_PL","og_type":"article","og_title":"ZESTAW PLASTIKOWYCH KUFR\u00d3W BOCZNYCH AERO ABS SW-MOTECH BLACK 2X25L - MOTO-PAWMAR","og_description":"Twarda skorupa i aerodynamiczny kszta\u0142t. Lekkie, a zarazem trwa\u0142e kufry URBAN ABS pozwol\u0105 przekszta\u0142ci\u0107 tw\u00f3j motocykl miejski w podr\u00f3\u017cnicz\u0105 maszyn\u0119. Jednym, szybkim ruchem, mo\u017cesz je bezpiecznie przymocowa\u0107 do stela\u017ca SLC za pomoc\u0105 szybkoz\u0142\u0105czek. Zestaw URBAN to kompaktowe kufry z tworzywa ABS, kt\u00f3re zachwycaj\u0105 optymalnym kszta\u0142tem i wysok\u0105 jako\u015bci\u0105 wykonania oraz dedykowane do poszczeg\u00f3lnych modeli motocykla [&hellip;]","og_url":"https:\/\/moto-pawmar.pl\/?product=zestaw-plastikowych-kufrw-bocznych-aero-abs-sw-motech-black-2x25l","og_site_name":"MOTO-PAWMAR","article_publisher":"https:\/\/www.facebook.com\/motopawmar\/?locale=pl_PL","article_modified_time":"2026-01-29T08:22:08+00:00","og_image":[{"width":800,"height":533,"url":"https:\/\/moto-pawmar.pl\/wp-content\/uploads\/2026\/01\/187447_ZAL335017.jpg","type":"image\/jpeg"}],"twitter_card":"summary_large_image","twitter_misc":{"Szacowany czas czytania":"2 minuty"},"schema":{"@context":"https:\/\/schema.org","@graph":[{"@type":"WebPage","@id":"https:\/\/moto-pawmar.pl\/?product=zestaw-plastikowych-kufrw-bocznych-aero-abs-sw-motech-black-2x25l","url":"https:\/\/moto-pawmar.pl\/?product=zestaw-plastikowych-kufrw-bocznych-aero-abs-sw-motech-black-2x25l","name":"ZESTAW PLASTIKOWYCH KUFR\u00d3W BOCZNYCH AERO ABS SW-MOTECH BLACK 2X25L - MOTO-PAWMAR","isPartOf":{"@id":"https:\/\/moto-pawmar.pl\/#website"},"primaryImageOfPage":{"@id":"https:\/\/moto-pawmar.pl\/?product=zestaw-plastikowych-kufrw-bocznych-aero-abs-sw-motech-black-2x25l#primaryimage"},"image":{"@id":"https:\/\/moto-pawmar.pl\/?product=zestaw-plastikowych-kufrw-bocznych-aero-abs-sw-motech-black-2x25l#primaryimage"},"thumbnailUrl":"https:\/\/moto-pawmar.pl\/wp-content\/uploads\/2026\/01\/187447_ZAL335017.jpg","datePublished":"2026-01-28T15:45:10+00:00","dateModified":"2026-01-29T08:22:08+00:00","breadcrumb":{"@id":"https:\/\/moto-pawmar.pl\/?product=zestaw-plastikowych-kufrw-bocznych-aero-abs-sw-motech-black-2x25l#breadcrumb"},"inLanguage":"pl-PL","potentialAction":[{"@type":"ReadAction","target":["https:\/\/moto-pawmar.pl\/?product=zestaw-plastikowych-kufrw-bocznych-aero-abs-sw-motech-black-2x25l"]}]},{"@type":"ImageObject","inLanguage":"pl-PL","@id":"https:\/\/moto-pawmar.pl\/?product=zestaw-plastikowych-kufrw-bocznych-aero-abs-sw-motech-black-2x25l#primaryimage","url":"https:\/\/moto-pawmar.pl\/wp-content\/uploads\/2026\/01\/187447_ZAL335017.jpg","contentUrl":"https:\/\/moto-pawmar.pl\/wp-content\/uploads\/2026\/01\/187447_ZAL335017.jpg","width":800,"height":533},{"@type":"BreadcrumbList","@id":"https:\/\/moto-pawmar.pl\/?product=zestaw-plastikowych-kufrw-bocznych-aero-abs-sw-motech-black-2x25l#breadcrumb","itemListElement":[{"@type":"ListItem","position":1,"name":"Strona g\u0142\u00f3wna","item":"https:\/\/moto-pawmar.pl\/"},{"@type":"ListItem","position":2,"name":"Sklep Internetowy","item":"https:\/\/moto-pawmar.pl\/?page_id=367"},{"@type":"ListItem","position":3,"name":"ZESTAW PLASTIKOWYCH KUFR\u00d3W BOCZNYCH AERO ABS SW-MOTECH BLACK 2X25L"}]},{"@type":"WebSite","@id":"https:\/\/moto-pawmar.pl\/#website","url":"https:\/\/moto-pawmar.pl\/","name":"MOTO-PAWMAR","description":"MOTO\u2011PAWMAR \u2013 Tw\u00f3j sklep z cz\u0119\u015bciami i akcesoriami do motocykli, skuter\u00f3w i quad\u00f3w.","publisher":{"@id":"https:\/\/moto-pawmar.pl\/#organization"},"potentialAction":[{"@type":"SearchAction","target":{"@type":"EntryPoint","urlTemplate":"https:\/\/moto-pawmar.pl\/?s={search_term_string}"},"query-input":{"@type":"PropertyValueSpecification","valueRequired":true,"valueName":"search_term_string"}}],"inLanguage":"pl-PL"},{"@type":"Organization","@id":"https:\/\/moto-pawmar.pl\/#organization","name":"MOTO-PAWMAR","url":"https:\/\/moto-pawmar.pl\/","logo":{"@type":"ImageObject","inLanguage":"pl-PL","@id":"https:\/\/moto-pawmar.pl\/#\/schema\/logo\/image\/","url":"https:\/\/moto-pawmar.pl\/wp-content\/uploads\/2025\/10\/LOGO-SKLEP.png","contentUrl":"https:\/\/moto-pawmar.pl\/wp-content\/uploads\/2025\/10\/LOGO-SKLEP.png","width":2480,"height":2053,"caption":"MOTO-PAWMAR"},"image":{"@id":"https:\/\/moto-pawmar.pl\/#\/schema\/logo\/image\/"},"sameAs":["https:\/\/www.facebook.com\/motopawmar\/?locale=pl_PL"]}]}},"_links":{"self":[{"href":"https:\/\/moto-pawmar.pl\/index.php?rest_route=\/wp\/v2\/product\/9585","targetHints":{"allow":["GET"]}}],"collection":[{"href":"https:\/\/moto-pawmar.pl\/index.php?rest_route=\/wp\/v2\/product"}],"about":[{"href":"https:\/\/moto-pawmar.pl\/index.php?rest_route=\/wp\/v2\/types\/product"}],"wp:featuredmedia":[{"embeddable":true,"href":"https:\/\/moto-pawmar.pl\/index.php?rest_route=\/wp\/v2\/media\/9584"}],"wp:attachment":[{"href":"https:\/\/moto-pawmar.pl\/index.php?rest_route=%2Fwp%2Fv2%2Fmedia&parent=9585"}],"wp:term":[{"taxonomy":"product_brand","embeddable":true,"href":"https:\/\/moto-pawmar.pl\/index.php?rest_route=%2Fwp%2Fv2%2Fproduct_brand&post=9585"},{"taxonomy":"product_cat","embeddable":true,"href":"https:\/\/moto-pawmar.pl\/index.php?rest_route=%2Fwp%2Fv2%2Fproduct_cat&post=9585"},{"taxonomy":"product_tag","embeddable":true,"href":"https:\/\/moto-pawmar.pl\/index.php?rest_route=%2Fwp%2Fv2%2Fproduct_tag&post=9585"}],"curies":[{"name":"wp","href":"https:\/\/api.w.org\/{rel}","templated":true}]}}