{"id":9462,"date":"2026-01-28T16:44:51","date_gmt":"2026-01-28T15:44:51","guid":{"rendered":"https:\/\/moto-pawmar.pl\/?product=podstawa-stopka-centralna-sw-motech-kawasaki-z900rs-cafe-17-black"},"modified":"2026-01-29T09:21:56","modified_gmt":"2026-01-29T08:21:56","slug":"podstawa-stopka-centralna-sw-motech-kawasaki-z900rs-cafe-17-black","status":"publish","type":"product","link":"https:\/\/moto-pawmar.pl\/?product=podstawa-stopka-centralna-sw-motech-kawasaki-z900rs-cafe-17-black","title":{"rendered":"PODSTAWA STOPKA CENTRALNA SW-MOTECH KAWASAKI Z900RS\/CAFE (17-) BLACK"},"content":{"rendered":"<p>Mocne, niezawodne i niezb\u0119dne, tak w du\u017cym skr\u00f3cie mo\u017cna opisa\u0107 stopki centralne od SW-Motecha. Gdy na rynku pojawia si\u0119 nowy model motocykla, SW-Motech zazwyczaj jest pierwsz\u0105 firm\u0105 kt\u00f3ra ma opracowan\u0105 i przetestowan\u0105 stopk\u0119 centraln\u0105. Mocna rurowa konstrukcja, zaprojektowana jest tak, by produkt przymocowa\u0107 do istniej\u0105cych punkt\u00f3w na ramie. Stopki od SW-Motecha oferuj\u0105 najlepszy prze\u015bwit w zakr\u0119tach, \u0142atwo\u015b\u0107 obs\u0142ugi, bezpieczn\u0105 podstawk\u0119 dla prac serwisowych, jak r\u00f3wnie\u017c stabilne parkowanie za\u0142adowanego motocykla. <\/p>\n<p><b>Opis og\u00f3lny:<\/b><\/p>\n<ul>\n<li> Wykonana z wysokiej jako\u015bci rur stalowych,\n<li> Odporna na korozj\u0119, dzi\u0119ki proszkowemu lakierowaniu,\n<li> Nieznacznie zmienia prze\u015bwit motocykla,\n<li> Idealnie sprawdza si\u0119 w przypadku podr\u00f3\u017cy z baga\u017cem, kiedy podpora boczna bywa zawodna,\n<li> \u0141atwy monta\u017c na oryginalnych otworach,<\/ul>\n<p><b>Zestaw zawiera:<\/b><\/p>\n<ul>\n<li> Stopk\u0119 centraln\u0105,\n<li> Materia\u0142y monta\u017cowe,\n<li> Instrukcj\u0119 monta\u017cu.<\/UL><br \/>\n","protected":false},"excerpt":{"rendered":"<p>Mocne, niezawodne i niezb\u0119dne, tak w du\u017cym skr\u00f3cie mo\u017cna opisa\u0107 stopki centralne od SW-Motecha. Gdy na rynku pojawia si\u0119 nowy model motocykla, SW-Motech zazwyczaj jest pierwsz\u0105 firm\u0105 kt\u00f3ra ma opracowan\u0105 i przetestowan\u0105 stopk\u0119 centraln\u0105. Mocna rurowa konstrukcja, zaprojektowana jest tak, by produkt przymocowa\u0107 do istniej\u0105cych punkt\u00f3w na ramie. Stopki od SW-Motecha oferuj\u0105 najlepszy prze\u015bwit w [&hellip;]<\/p>\n","protected":false},"featured_media":9461,"template":"","meta":[],"product_brand":[386],"product_cat":[390],"product_tag":[],"class_list":{"0":"post-9462","1":"product","2":"type-product","3":"status-publish","4":"has-post-thumbnail","6":"product_brand-sw-motech","7":"product_cat-akcesoria-sw-motech-2","9":"first","10":"onbackorder","11":"taxable","12":"shipping-taxable","13":"purchasable","14":"product-type-simple"},"yoast_head":"<!-- This site is optimized with the Yoast SEO plugin v26.9 - https:\/\/yoast.com\/product\/yoast-seo-wordpress\/ -->\n<title>PODSTAWA STOPKA CENTRALNA SW-MOTECH KAWASAKI Z900RS\/CAFE (17-) BLACK - MOTO-PAWMAR<\/title>\n<meta name=\"robots\" content=\"index, follow, max-snippet:-1, max-image-preview:large, max-video-preview:-1\" \/>\n<link rel=\"canonical\" href=\"https:\/\/moto-pawmar.pl\/?product=podstawa-stopka-centralna-sw-motech-kawasaki-z900rs-cafe-17-black\" \/>\n<meta property=\"og:locale\" content=\"pl_PL\" \/>\n<meta property=\"og:type\" content=\"article\" \/>\n<meta property=\"og:title\" content=\"PODSTAWA STOPKA CENTRALNA SW-MOTECH KAWASAKI Z900RS\/CAFE (17-) BLACK - MOTO-PAWMAR\" \/>\n<meta property=\"og:description\" content=\"Mocne, niezawodne i niezb\u0119dne, tak w du\u017cym skr\u00f3cie mo\u017cna opisa\u0107 stopki centralne od SW-Motecha. Gdy na rynku pojawia si\u0119 nowy model motocykla, SW-Motech zazwyczaj jest pierwsz\u0105 firm\u0105 kt\u00f3ra ma opracowan\u0105 i przetestowan\u0105 stopk\u0119 centraln\u0105. Mocna rurowa konstrukcja, zaprojektowana jest tak, by produkt przymocowa\u0107 do istniej\u0105cych punkt\u00f3w na ramie. Stopki od SW-Motecha oferuj\u0105 najlepszy prze\u015bwit w [&hellip;]\" \/>\n<meta property=\"og:url\" content=\"https:\/\/moto-pawmar.pl\/?product=podstawa-stopka-centralna-sw-motech-kawasaki-z900rs-cafe-17-black\" \/>\n<meta property=\"og:site_name\" content=\"MOTO-PAWMAR\" \/>\n<meta property=\"article:publisher\" content=\"https:\/\/www.facebook.com\/motopawmar\/?locale=pl_PL\" \/>\n<meta property=\"article:modified_time\" content=\"2026-01-29T08:21:56+00:00\" \/>\n<meta property=\"og:image\" content=\"https:\/\/moto-pawmar.pl\/wp-content\/uploads\/2026\/01\/177604_ZAL275488.jpg\" \/>\n\t<meta property=\"og:image:width\" content=\"800\" \/>\n\t<meta property=\"og:image:height\" content=\"533\" \/>\n\t<meta property=\"og:image:type\" content=\"image\/jpeg\" \/>\n<meta name=\"twitter:card\" content=\"summary_large_image\" \/>\n<meta name=\"twitter:label1\" content=\"Szacowany czas czytania\" \/>\n\t<meta name=\"twitter:data1\" content=\"1 minuta\" \/>\n<script type=\"application\/ld+json\" class=\"yoast-schema-graph\">{\"@context\":\"https:\/\/schema.org\",\"@graph\":[{\"@type\":\"WebPage\",\"@id\":\"https:\/\/moto-pawmar.pl\/?product=podstawa-stopka-centralna-sw-motech-kawasaki-z900rs-cafe-17-black\",\"url\":\"https:\/\/moto-pawmar.pl\/?product=podstawa-stopka-centralna-sw-motech-kawasaki-z900rs-cafe-17-black\",\"name\":\"PODSTAWA STOPKA CENTRALNA SW-MOTECH KAWASAKI Z900RS\/CAFE (17-) BLACK - MOTO-PAWMAR\",\"isPartOf\":{\"@id\":\"https:\/\/moto-pawmar.pl\/#website\"},\"primaryImageOfPage\":{\"@id\":\"https:\/\/moto-pawmar.pl\/?product=podstawa-stopka-centralna-sw-motech-kawasaki-z900rs-cafe-17-black#primaryimage\"},\"image\":{\"@id\":\"https:\/\/moto-pawmar.pl\/?product=podstawa-stopka-centralna-sw-motech-kawasaki-z900rs-cafe-17-black#primaryimage\"},\"thumbnailUrl\":\"https:\/\/moto-pawmar.pl\/wp-content\/uploads\/2026\/01\/177604_ZAL275488.jpg\",\"datePublished\":\"2026-01-28T15:44:51+00:00\",\"dateModified\":\"2026-01-29T08:21:56+00:00\",\"breadcrumb\":{\"@id\":\"https:\/\/moto-pawmar.pl\/?product=podstawa-stopka-centralna-sw-motech-kawasaki-z900rs-cafe-17-black#breadcrumb\"},\"inLanguage\":\"pl-PL\",\"potentialAction\":[{\"@type\":\"ReadAction\",\"target\":[\"https:\/\/moto-pawmar.pl\/?product=podstawa-stopka-centralna-sw-motech-kawasaki-z900rs-cafe-17-black\"]}]},{\"@type\":\"ImageObject\",\"inLanguage\":\"pl-PL\",\"@id\":\"https:\/\/moto-pawmar.pl\/?product=podstawa-stopka-centralna-sw-motech-kawasaki-z900rs-cafe-17-black#primaryimage\",\"url\":\"https:\/\/moto-pawmar.pl\/wp-content\/uploads\/2026\/01\/177604_ZAL275488.jpg\",\"contentUrl\":\"https:\/\/moto-pawmar.pl\/wp-content\/uploads\/2026\/01\/177604_ZAL275488.jpg\",\"width\":800,\"height\":533},{\"@type\":\"BreadcrumbList\",\"@id\":\"https:\/\/moto-pawmar.pl\/?product=podstawa-stopka-centralna-sw-motech-kawasaki-z900rs-cafe-17-black#breadcrumb\",\"itemListElement\":[{\"@type\":\"ListItem\",\"position\":1,\"name\":\"Strona g\u0142\u00f3wna\",\"item\":\"https:\/\/moto-pawmar.pl\/\"},{\"@type\":\"ListItem\",\"position\":2,\"name\":\"Sklep Internetowy\",\"item\":\"https:\/\/moto-pawmar.pl\/?page_id=367\"},{\"@type\":\"ListItem\",\"position\":3,\"name\":\"PODSTAWA STOPKA CENTRALNA SW-MOTECH KAWASAKI Z900RS\/CAFE (17-) BLACK\"}]},{\"@type\":\"WebSite\",\"@id\":\"https:\/\/moto-pawmar.pl\/#website\",\"url\":\"https:\/\/moto-pawmar.pl\/\",\"name\":\"MOTO-PAWMAR\",\"description\":\"MOTO\u2011PAWMAR \u2013 Tw\u00f3j sklep z cz\u0119\u015bciami i akcesoriami do motocykli, skuter\u00f3w i quad\u00f3w.\",\"publisher\":{\"@id\":\"https:\/\/moto-pawmar.pl\/#organization\"},\"potentialAction\":[{\"@type\":\"SearchAction\",\"target\":{\"@type\":\"EntryPoint\",\"urlTemplate\":\"https:\/\/moto-pawmar.pl\/?s={search_term_string}\"},\"query-input\":{\"@type\":\"PropertyValueSpecification\",\"valueRequired\":true,\"valueName\":\"search_term_string\"}}],\"inLanguage\":\"pl-PL\"},{\"@type\":\"Organization\",\"@id\":\"https:\/\/moto-pawmar.pl\/#organization\",\"name\":\"MOTO-PAWMAR\",\"url\":\"https:\/\/moto-pawmar.pl\/\",\"logo\":{\"@type\":\"ImageObject\",\"inLanguage\":\"pl-PL\",\"@id\":\"https:\/\/moto-pawmar.pl\/#\/schema\/logo\/image\/\",\"url\":\"https:\/\/moto-pawmar.pl\/wp-content\/uploads\/2025\/10\/LOGO-SKLEP.png\",\"contentUrl\":\"https:\/\/moto-pawmar.pl\/wp-content\/uploads\/2025\/10\/LOGO-SKLEP.png\",\"width\":2480,\"height\":2053,\"caption\":\"MOTO-PAWMAR\"},\"image\":{\"@id\":\"https:\/\/moto-pawmar.pl\/#\/schema\/logo\/image\/\"},\"sameAs\":[\"https:\/\/www.facebook.com\/motopawmar\/?locale=pl_PL\"]}]}<\/script>\n<!-- \/ Yoast SEO plugin. -->","yoast_head_json":{"title":"PODSTAWA STOPKA CENTRALNA SW-MOTECH KAWASAKI Z900RS\/CAFE (17-) BLACK - MOTO-PAWMAR","robots":{"index":"index","follow":"follow","max-snippet":"max-snippet:-1","max-image-preview":"max-image-preview:large","max-video-preview":"max-video-preview:-1"},"canonical":"https:\/\/moto-pawmar.pl\/?product=podstawa-stopka-centralna-sw-motech-kawasaki-z900rs-cafe-17-black","og_locale":"pl_PL","og_type":"article","og_title":"PODSTAWA STOPKA CENTRALNA SW-MOTECH KAWASAKI Z900RS\/CAFE (17-) BLACK - MOTO-PAWMAR","og_description":"Mocne, niezawodne i niezb\u0119dne, tak w du\u017cym skr\u00f3cie mo\u017cna opisa\u0107 stopki centralne od SW-Motecha. Gdy na rynku pojawia si\u0119 nowy model motocykla, SW-Motech zazwyczaj jest pierwsz\u0105 firm\u0105 kt\u00f3ra ma opracowan\u0105 i przetestowan\u0105 stopk\u0119 centraln\u0105. Mocna rurowa konstrukcja, zaprojektowana jest tak, by produkt przymocowa\u0107 do istniej\u0105cych punkt\u00f3w na ramie. Stopki od SW-Motecha oferuj\u0105 najlepszy prze\u015bwit w [&hellip;]","og_url":"https:\/\/moto-pawmar.pl\/?product=podstawa-stopka-centralna-sw-motech-kawasaki-z900rs-cafe-17-black","og_site_name":"MOTO-PAWMAR","article_publisher":"https:\/\/www.facebook.com\/motopawmar\/?locale=pl_PL","article_modified_time":"2026-01-29T08:21:56+00:00","og_image":[{"width":800,"height":533,"url":"https:\/\/moto-pawmar.pl\/wp-content\/uploads\/2026\/01\/177604_ZAL275488.jpg","type":"image\/jpeg"}],"twitter_card":"summary_large_image","twitter_misc":{"Szacowany czas czytania":"1 minuta"},"schema":{"@context":"https:\/\/schema.org","@graph":[{"@type":"WebPage","@id":"https:\/\/moto-pawmar.pl\/?product=podstawa-stopka-centralna-sw-motech-kawasaki-z900rs-cafe-17-black","url":"https:\/\/moto-pawmar.pl\/?product=podstawa-stopka-centralna-sw-motech-kawasaki-z900rs-cafe-17-black","name":"PODSTAWA STOPKA CENTRALNA SW-MOTECH KAWASAKI Z900RS\/CAFE (17-) BLACK - MOTO-PAWMAR","isPartOf":{"@id":"https:\/\/moto-pawmar.pl\/#website"},"primaryImageOfPage":{"@id":"https:\/\/moto-pawmar.pl\/?product=podstawa-stopka-centralna-sw-motech-kawasaki-z900rs-cafe-17-black#primaryimage"},"image":{"@id":"https:\/\/moto-pawmar.pl\/?product=podstawa-stopka-centralna-sw-motech-kawasaki-z900rs-cafe-17-black#primaryimage"},"thumbnailUrl":"https:\/\/moto-pawmar.pl\/wp-content\/uploads\/2026\/01\/177604_ZAL275488.jpg","datePublished":"2026-01-28T15:44:51+00:00","dateModified":"2026-01-29T08:21:56+00:00","breadcrumb":{"@id":"https:\/\/moto-pawmar.pl\/?product=podstawa-stopka-centralna-sw-motech-kawasaki-z900rs-cafe-17-black#breadcrumb"},"inLanguage":"pl-PL","potentialAction":[{"@type":"ReadAction","target":["https:\/\/moto-pawmar.pl\/?product=podstawa-stopka-centralna-sw-motech-kawasaki-z900rs-cafe-17-black"]}]},{"@type":"ImageObject","inLanguage":"pl-PL","@id":"https:\/\/moto-pawmar.pl\/?product=podstawa-stopka-centralna-sw-motech-kawasaki-z900rs-cafe-17-black#primaryimage","url":"https:\/\/moto-pawmar.pl\/wp-content\/uploads\/2026\/01\/177604_ZAL275488.jpg","contentUrl":"https:\/\/moto-pawmar.pl\/wp-content\/uploads\/2026\/01\/177604_ZAL275488.jpg","width":800,"height":533},{"@type":"BreadcrumbList","@id":"https:\/\/moto-pawmar.pl\/?product=podstawa-stopka-centralna-sw-motech-kawasaki-z900rs-cafe-17-black#breadcrumb","itemListElement":[{"@type":"ListItem","position":1,"name":"Strona g\u0142\u00f3wna","item":"https:\/\/moto-pawmar.pl\/"},{"@type":"ListItem","position":2,"name":"Sklep Internetowy","item":"https:\/\/moto-pawmar.pl\/?page_id=367"},{"@type":"ListItem","position":3,"name":"PODSTAWA STOPKA CENTRALNA SW-MOTECH KAWASAKI Z900RS\/CAFE (17-) BLACK"}]},{"@type":"WebSite","@id":"https:\/\/moto-pawmar.pl\/#website","url":"https:\/\/moto-pawmar.pl\/","name":"MOTO-PAWMAR","description":"MOTO\u2011PAWMAR \u2013 Tw\u00f3j sklep z cz\u0119\u015bciami i akcesoriami do motocykli, skuter\u00f3w i quad\u00f3w.","publisher":{"@id":"https:\/\/moto-pawmar.pl\/#organization"},"potentialAction":[{"@type":"SearchAction","target":{"@type":"EntryPoint","urlTemplate":"https:\/\/moto-pawmar.pl\/?s={search_term_string}"},"query-input":{"@type":"PropertyValueSpecification","valueRequired":true,"valueName":"search_term_string"}}],"inLanguage":"pl-PL"},{"@type":"Organization","@id":"https:\/\/moto-pawmar.pl\/#organization","name":"MOTO-PAWMAR","url":"https:\/\/moto-pawmar.pl\/","logo":{"@type":"ImageObject","inLanguage":"pl-PL","@id":"https:\/\/moto-pawmar.pl\/#\/schema\/logo\/image\/","url":"https:\/\/moto-pawmar.pl\/wp-content\/uploads\/2025\/10\/LOGO-SKLEP.png","contentUrl":"https:\/\/moto-pawmar.pl\/wp-content\/uploads\/2025\/10\/LOGO-SKLEP.png","width":2480,"height":2053,"caption":"MOTO-PAWMAR"},"image":{"@id":"https:\/\/moto-pawmar.pl\/#\/schema\/logo\/image\/"},"sameAs":["https:\/\/www.facebook.com\/motopawmar\/?locale=pl_PL"]}]}},"_links":{"self":[{"href":"https:\/\/moto-pawmar.pl\/index.php?rest_route=\/wp\/v2\/product\/9462","targetHints":{"allow":["GET"]}}],"collection":[{"href":"https:\/\/moto-pawmar.pl\/index.php?rest_route=\/wp\/v2\/product"}],"about":[{"href":"https:\/\/moto-pawmar.pl\/index.php?rest_route=\/wp\/v2\/types\/product"}],"wp:featuredmedia":[{"embeddable":true,"href":"https:\/\/moto-pawmar.pl\/index.php?rest_route=\/wp\/v2\/media\/9461"}],"wp:attachment":[{"href":"https:\/\/moto-pawmar.pl\/index.php?rest_route=%2Fwp%2Fv2%2Fmedia&parent=9462"}],"wp:term":[{"taxonomy":"product_brand","embeddable":true,"href":"https:\/\/moto-pawmar.pl\/index.php?rest_route=%2Fwp%2Fv2%2Fproduct_brand&post=9462"},{"taxonomy":"product_cat","embeddable":true,"href":"https:\/\/moto-pawmar.pl\/index.php?rest_route=%2Fwp%2Fv2%2Fproduct_cat&post=9462"},{"taxonomy":"product_tag","embeddable":true,"href":"https:\/\/moto-pawmar.pl\/index.php?rest_route=%2Fwp%2Fv2%2Fproduct_tag&post=9462"}],"curies":[{"name":"wp","href":"https:\/\/api.w.org\/{rel}","templated":true}]}}