{"id":9130,"date":"2026-01-28T16:43:58","date_gmt":"2026-01-28T15:43:58","guid":{"rendered":"https:\/\/moto-pawmar.pl\/?product=poduszka-traveller-rider-sw-motech-305x30cm-black"},"modified":"2026-01-29T09:21:36","modified_gmt":"2026-01-29T08:21:36","slug":"poduszka-traveller-rider-sw-motech-305x30cm-black","status":"publish","type":"product","link":"https:\/\/moto-pawmar.pl\/?product=poduszka-traveller-rider-sw-motech-305x30cm-black","title":{"rendered":"PODUSZKA TRAVELLER RIDER SW-MOTECH 305X30CM BLACK"},"content":{"rendered":"<p>Ciesz si\u0119 d\u0142ugimi podr\u00f3\u017cami, a\u017c dotrzesz do celu: Poduszka TRAVELER RIDER z wytrzyma\u0142\u0105 poliuretanow\u0105 komor\u0105 powietrzn\u0105, odci\u0105\u017ca plecy i po\u015bladki. Wygodny i prosty w monta\u017cu zestaw, amortyzuje uderzenia, zapewnia dobre kr\u0105\u017cenie krwi i zapobiega bolesnym naciskom. Co wi\u0119cej, zastosowany materia\u0142 zewn\u0119trzny przepuszcza powietrze, redukuj\u0105c w ten spos\u00f3b ciep\u0142o oraz wytwarzanie potu. Antypo\u015blizgowy sp\u00f3d i paski przytrzymuj\u0105ce gwarantuj\u0105 bezpieczne ustawienie poduszki. Podw\u00f3jna elastyczna, chropowata powierzchnia ze sztucznej sk\u00f3ry zapewnia dodatkowy komfort siedzenia. Obj\u0119to\u015b\u0107 powietrza mo\u017cna regulowa\u0107 za pomoc\u0105 zintegrowanego otworu wentylacyjnego dla wi\u0119kszego komfortu lub bardziej intensywnego wra\u017cenia z jazdy na kr\u0119tych g\u00f3rskich trasach.<\/br><\/br>Wygodny kszta\u0142t TRAVELER RIDER nadaje si\u0119 szczeg\u00f3lnie do motocykli sportowych. Poduszki TRAVELER s\u0105 dost\u0119pne w trzech wersjach \u2013zatem mo\u017cna dopasowa\u0107 do prawie wszystkich motocykli i pozycji siedz\u0105cych. Twoja przyjemno\u015b\u0107 z jazdy zostanie poprawiona &#8211; przez wiele lat &#8211; dzi\u0119ki wysokiej jako\u015bci produkcji z materia\u0142\u00f3w o najwy\u017cszej trwa\u0142o\u015bci.<\/br><\/br><b>W\u0142a\u015bciwo\u015bci:<\/b><\/p>\n<ul>\n<li> TRAVELER RIDER jest szczeg\u00f3lnie odpowiedni do motocykli sportowych\n<li>Zapewnia ulg\u0119 dla plec\u00f3w i po\u015bladk\u00f3w\n<li> Zapobiega odr\u0119twieniu i bolesnym naciskom\n<li> Zmniejsza gromadzenie si\u0119 ciep\u0142a i potu dzi\u0119ki przewiewnej tkaninie pokrowca (Mesh spacer fabric) i wewn\u0119trznej wy\u015bci\u00f3\u0142ce ze splecionymi tkankami\n<li> Szczeg\u00f3lnie wysokie t\u0142umienie drga\u0144\n<li> Zintegrowany odpowietrznik umo\u017cliwia zmienne nape\u0142nianie powietrzem\n<li>Dwa stabilne mocowania za pomoc\u0105 pask\u00f3w ROK i antypo\u015blizgowy sp\u00f3d dla precyzyjnego pozycjonowania\n<li>Zabezpieczenie przed kradzie\u017c\u0105 poprzez zamocowanie pod siedzeniem\n<li>Powierzchnia wykonana z wytrzyma\u0142ej, podw\u00f3jnej elastycznej sztucznej sk\u00f3ry dla dodatkowego komfortu siedzenia\n<li>Wodoodporna poliuretanowa poduszka powietrzna<\/ul>\n<p><b> W zestawie znajduje si\u0119:<\/b><\/p>\n<ul><LI> Poduszka TRAVELER RIDER <\/p>\n<li> Instrukcje monta\u017cu<\/ul>\n<p><b> Detale:<\/b><\/p>\n<ul>\n<li>Materia\u0142: powierzchnia: podw\u00f3jna-elastyczna sztuczna sk\u00f3ra \/ spodnia strona: poliester z pow\u0142ok\u0105 antypo\u015blizgow\u0105 \/ poduszka powietrzna: poliuretan\n<li> Czarny kolor\n<li> Wymiary: 30,5 x 30 cm<\/UL><br \/>\n","protected":false},"excerpt":{"rendered":"<p>Ciesz si\u0119 d\u0142ugimi podr\u00f3\u017cami, a\u017c dotrzesz do celu: Poduszka TRAVELER RIDER z wytrzyma\u0142\u0105 poliuretanow\u0105 komor\u0105 powietrzn\u0105, odci\u0105\u017ca plecy i po\u015bladki. Wygodny i prosty w monta\u017cu zestaw, amortyzuje uderzenia, zapewnia dobre kr\u0105\u017cenie krwi i zapobiega bolesnym naciskom. Co wi\u0119cej, zastosowany materia\u0142 zewn\u0119trzny przepuszcza powietrze, redukuj\u0105c w ten spos\u00f3b ciep\u0142o oraz wytwarzanie potu. Antypo\u015blizgowy sp\u00f3d i paski [&hellip;]<\/p>\n","protected":false},"featured_media":9129,"template":"","meta":[],"product_brand":[386],"product_cat":[390],"product_tag":[],"class_list":{"0":"post-9130","1":"product","2":"type-product","3":"status-publish","4":"has-post-thumbnail","6":"product_brand-sw-motech","7":"product_cat-akcesoria-sw-motech-2","9":"first","10":"onbackorder","11":"taxable","12":"shipping-taxable","13":"purchasable","14":"product-type-simple"},"yoast_head":"<!-- This site is optimized with the Yoast SEO plugin v26.9 - https:\/\/yoast.com\/product\/yoast-seo-wordpress\/ -->\n<title>PODUSZKA TRAVELLER RIDER SW-MOTECH 305X30CM BLACK - MOTO-PAWMAR<\/title>\n<meta name=\"robots\" content=\"index, follow, max-snippet:-1, max-image-preview:large, max-video-preview:-1\" \/>\n<link rel=\"canonical\" href=\"https:\/\/moto-pawmar.pl\/?product=poduszka-traveller-rider-sw-motech-305x30cm-black\" \/>\n<meta property=\"og:locale\" content=\"pl_PL\" \/>\n<meta property=\"og:type\" content=\"article\" \/>\n<meta property=\"og:title\" content=\"PODUSZKA TRAVELLER RIDER SW-MOTECH 305X30CM BLACK - MOTO-PAWMAR\" \/>\n<meta property=\"og:description\" content=\"Ciesz si\u0119 d\u0142ugimi podr\u00f3\u017cami, a\u017c dotrzesz do celu: Poduszka TRAVELER RIDER z wytrzyma\u0142\u0105 poliuretanow\u0105 komor\u0105 powietrzn\u0105, odci\u0105\u017ca plecy i po\u015bladki. Wygodny i prosty w monta\u017cu zestaw, amortyzuje uderzenia, zapewnia dobre kr\u0105\u017cenie krwi i zapobiega bolesnym naciskom. Co wi\u0119cej, zastosowany materia\u0142 zewn\u0119trzny przepuszcza powietrze, redukuj\u0105c w ten spos\u00f3b ciep\u0142o oraz wytwarzanie potu. Antypo\u015blizgowy sp\u00f3d i paski [&hellip;]\" \/>\n<meta property=\"og:url\" content=\"https:\/\/moto-pawmar.pl\/?product=poduszka-traveller-rider-sw-motech-305x30cm-black\" \/>\n<meta property=\"og:site_name\" content=\"MOTO-PAWMAR\" \/>\n<meta property=\"article:publisher\" content=\"https:\/\/www.facebook.com\/motopawmar\/?locale=pl_PL\" \/>\n<meta property=\"article:modified_time\" content=\"2026-01-29T08:21:36+00:00\" \/>\n<meta property=\"og:image\" content=\"https:\/\/moto-pawmar.pl\/wp-content\/uploads\/2026\/01\/164190_ZAL239373.jpg\" \/>\n\t<meta property=\"og:image:width\" content=\"800\" \/>\n\t<meta property=\"og:image:height\" content=\"533\" \/>\n\t<meta property=\"og:image:type\" content=\"image\/jpeg\" \/>\n<meta name=\"twitter:card\" content=\"summary_large_image\" \/>\n<meta name=\"twitter:label1\" content=\"Szacowany czas czytania\" \/>\n\t<meta name=\"twitter:data1\" content=\"2 minuty\" \/>\n<script type=\"application\/ld+json\" class=\"yoast-schema-graph\">{\"@context\":\"https:\/\/schema.org\",\"@graph\":[{\"@type\":\"WebPage\",\"@id\":\"https:\/\/moto-pawmar.pl\/?product=poduszka-traveller-rider-sw-motech-305x30cm-black\",\"url\":\"https:\/\/moto-pawmar.pl\/?product=poduszka-traveller-rider-sw-motech-305x30cm-black\",\"name\":\"PODUSZKA TRAVELLER RIDER SW-MOTECH 305X30CM BLACK - MOTO-PAWMAR\",\"isPartOf\":{\"@id\":\"https:\/\/moto-pawmar.pl\/#website\"},\"primaryImageOfPage\":{\"@id\":\"https:\/\/moto-pawmar.pl\/?product=poduszka-traveller-rider-sw-motech-305x30cm-black#primaryimage\"},\"image\":{\"@id\":\"https:\/\/moto-pawmar.pl\/?product=poduszka-traveller-rider-sw-motech-305x30cm-black#primaryimage\"},\"thumbnailUrl\":\"https:\/\/moto-pawmar.pl\/wp-content\/uploads\/2026\/01\/164190_ZAL239373.jpg\",\"datePublished\":\"2026-01-28T15:43:58+00:00\",\"dateModified\":\"2026-01-29T08:21:36+00:00\",\"breadcrumb\":{\"@id\":\"https:\/\/moto-pawmar.pl\/?product=poduszka-traveller-rider-sw-motech-305x30cm-black#breadcrumb\"},\"inLanguage\":\"pl-PL\",\"potentialAction\":[{\"@type\":\"ReadAction\",\"target\":[\"https:\/\/moto-pawmar.pl\/?product=poduszka-traveller-rider-sw-motech-305x30cm-black\"]}]},{\"@type\":\"ImageObject\",\"inLanguage\":\"pl-PL\",\"@id\":\"https:\/\/moto-pawmar.pl\/?product=poduszka-traveller-rider-sw-motech-305x30cm-black#primaryimage\",\"url\":\"https:\/\/moto-pawmar.pl\/wp-content\/uploads\/2026\/01\/164190_ZAL239373.jpg\",\"contentUrl\":\"https:\/\/moto-pawmar.pl\/wp-content\/uploads\/2026\/01\/164190_ZAL239373.jpg\",\"width\":800,\"height\":533},{\"@type\":\"BreadcrumbList\",\"@id\":\"https:\/\/moto-pawmar.pl\/?product=poduszka-traveller-rider-sw-motech-305x30cm-black#breadcrumb\",\"itemListElement\":[{\"@type\":\"ListItem\",\"position\":1,\"name\":\"Strona g\u0142\u00f3wna\",\"item\":\"https:\/\/moto-pawmar.pl\/\"},{\"@type\":\"ListItem\",\"position\":2,\"name\":\"Sklep Internetowy\",\"item\":\"https:\/\/moto-pawmar.pl\/?page_id=367\"},{\"@type\":\"ListItem\",\"position\":3,\"name\":\"PODUSZKA TRAVELLER RIDER SW-MOTECH 305X30CM BLACK\"}]},{\"@type\":\"WebSite\",\"@id\":\"https:\/\/moto-pawmar.pl\/#website\",\"url\":\"https:\/\/moto-pawmar.pl\/\",\"name\":\"MOTO-PAWMAR\",\"description\":\"MOTO\u2011PAWMAR \u2013 Tw\u00f3j sklep z cz\u0119\u015bciami i akcesoriami do motocykli, skuter\u00f3w i quad\u00f3w.\",\"publisher\":{\"@id\":\"https:\/\/moto-pawmar.pl\/#organization\"},\"potentialAction\":[{\"@type\":\"SearchAction\",\"target\":{\"@type\":\"EntryPoint\",\"urlTemplate\":\"https:\/\/moto-pawmar.pl\/?s={search_term_string}\"},\"query-input\":{\"@type\":\"PropertyValueSpecification\",\"valueRequired\":true,\"valueName\":\"search_term_string\"}}],\"inLanguage\":\"pl-PL\"},{\"@type\":\"Organization\",\"@id\":\"https:\/\/moto-pawmar.pl\/#organization\",\"name\":\"MOTO-PAWMAR\",\"url\":\"https:\/\/moto-pawmar.pl\/\",\"logo\":{\"@type\":\"ImageObject\",\"inLanguage\":\"pl-PL\",\"@id\":\"https:\/\/moto-pawmar.pl\/#\/schema\/logo\/image\/\",\"url\":\"https:\/\/moto-pawmar.pl\/wp-content\/uploads\/2025\/10\/LOGO-SKLEP.png\",\"contentUrl\":\"https:\/\/moto-pawmar.pl\/wp-content\/uploads\/2025\/10\/LOGO-SKLEP.png\",\"width\":2480,\"height\":2053,\"caption\":\"MOTO-PAWMAR\"},\"image\":{\"@id\":\"https:\/\/moto-pawmar.pl\/#\/schema\/logo\/image\/\"},\"sameAs\":[\"https:\/\/www.facebook.com\/motopawmar\/?locale=pl_PL\"]}]}<\/script>\n<!-- \/ Yoast SEO plugin. -->","yoast_head_json":{"title":"PODUSZKA TRAVELLER RIDER SW-MOTECH 305X30CM BLACK - MOTO-PAWMAR","robots":{"index":"index","follow":"follow","max-snippet":"max-snippet:-1","max-image-preview":"max-image-preview:large","max-video-preview":"max-video-preview:-1"},"canonical":"https:\/\/moto-pawmar.pl\/?product=poduszka-traveller-rider-sw-motech-305x30cm-black","og_locale":"pl_PL","og_type":"article","og_title":"PODUSZKA TRAVELLER RIDER SW-MOTECH 305X30CM BLACK - MOTO-PAWMAR","og_description":"Ciesz si\u0119 d\u0142ugimi podr\u00f3\u017cami, a\u017c dotrzesz do celu: Poduszka TRAVELER RIDER z wytrzyma\u0142\u0105 poliuretanow\u0105 komor\u0105 powietrzn\u0105, odci\u0105\u017ca plecy i po\u015bladki. Wygodny i prosty w monta\u017cu zestaw, amortyzuje uderzenia, zapewnia dobre kr\u0105\u017cenie krwi i zapobiega bolesnym naciskom. Co wi\u0119cej, zastosowany materia\u0142 zewn\u0119trzny przepuszcza powietrze, redukuj\u0105c w ten spos\u00f3b ciep\u0142o oraz wytwarzanie potu. Antypo\u015blizgowy sp\u00f3d i paski [&hellip;]","og_url":"https:\/\/moto-pawmar.pl\/?product=poduszka-traveller-rider-sw-motech-305x30cm-black","og_site_name":"MOTO-PAWMAR","article_publisher":"https:\/\/www.facebook.com\/motopawmar\/?locale=pl_PL","article_modified_time":"2026-01-29T08:21:36+00:00","og_image":[{"width":800,"height":533,"url":"https:\/\/moto-pawmar.pl\/wp-content\/uploads\/2026\/01\/164190_ZAL239373.jpg","type":"image\/jpeg"}],"twitter_card":"summary_large_image","twitter_misc":{"Szacowany czas czytania":"2 minuty"},"schema":{"@context":"https:\/\/schema.org","@graph":[{"@type":"WebPage","@id":"https:\/\/moto-pawmar.pl\/?product=poduszka-traveller-rider-sw-motech-305x30cm-black","url":"https:\/\/moto-pawmar.pl\/?product=poduszka-traveller-rider-sw-motech-305x30cm-black","name":"PODUSZKA TRAVELLER RIDER SW-MOTECH 305X30CM BLACK - MOTO-PAWMAR","isPartOf":{"@id":"https:\/\/moto-pawmar.pl\/#website"},"primaryImageOfPage":{"@id":"https:\/\/moto-pawmar.pl\/?product=poduszka-traveller-rider-sw-motech-305x30cm-black#primaryimage"},"image":{"@id":"https:\/\/moto-pawmar.pl\/?product=poduszka-traveller-rider-sw-motech-305x30cm-black#primaryimage"},"thumbnailUrl":"https:\/\/moto-pawmar.pl\/wp-content\/uploads\/2026\/01\/164190_ZAL239373.jpg","datePublished":"2026-01-28T15:43:58+00:00","dateModified":"2026-01-29T08:21:36+00:00","breadcrumb":{"@id":"https:\/\/moto-pawmar.pl\/?product=poduszka-traveller-rider-sw-motech-305x30cm-black#breadcrumb"},"inLanguage":"pl-PL","potentialAction":[{"@type":"ReadAction","target":["https:\/\/moto-pawmar.pl\/?product=poduszka-traveller-rider-sw-motech-305x30cm-black"]}]},{"@type":"ImageObject","inLanguage":"pl-PL","@id":"https:\/\/moto-pawmar.pl\/?product=poduszka-traveller-rider-sw-motech-305x30cm-black#primaryimage","url":"https:\/\/moto-pawmar.pl\/wp-content\/uploads\/2026\/01\/164190_ZAL239373.jpg","contentUrl":"https:\/\/moto-pawmar.pl\/wp-content\/uploads\/2026\/01\/164190_ZAL239373.jpg","width":800,"height":533},{"@type":"BreadcrumbList","@id":"https:\/\/moto-pawmar.pl\/?product=poduszka-traveller-rider-sw-motech-305x30cm-black#breadcrumb","itemListElement":[{"@type":"ListItem","position":1,"name":"Strona g\u0142\u00f3wna","item":"https:\/\/moto-pawmar.pl\/"},{"@type":"ListItem","position":2,"name":"Sklep Internetowy","item":"https:\/\/moto-pawmar.pl\/?page_id=367"},{"@type":"ListItem","position":3,"name":"PODUSZKA TRAVELLER RIDER SW-MOTECH 305X30CM BLACK"}]},{"@type":"WebSite","@id":"https:\/\/moto-pawmar.pl\/#website","url":"https:\/\/moto-pawmar.pl\/","name":"MOTO-PAWMAR","description":"MOTO\u2011PAWMAR \u2013 Tw\u00f3j sklep z cz\u0119\u015bciami i akcesoriami do motocykli, skuter\u00f3w i quad\u00f3w.","publisher":{"@id":"https:\/\/moto-pawmar.pl\/#organization"},"potentialAction":[{"@type":"SearchAction","target":{"@type":"EntryPoint","urlTemplate":"https:\/\/moto-pawmar.pl\/?s={search_term_string}"},"query-input":{"@type":"PropertyValueSpecification","valueRequired":true,"valueName":"search_term_string"}}],"inLanguage":"pl-PL"},{"@type":"Organization","@id":"https:\/\/moto-pawmar.pl\/#organization","name":"MOTO-PAWMAR","url":"https:\/\/moto-pawmar.pl\/","logo":{"@type":"ImageObject","inLanguage":"pl-PL","@id":"https:\/\/moto-pawmar.pl\/#\/schema\/logo\/image\/","url":"https:\/\/moto-pawmar.pl\/wp-content\/uploads\/2025\/10\/LOGO-SKLEP.png","contentUrl":"https:\/\/moto-pawmar.pl\/wp-content\/uploads\/2025\/10\/LOGO-SKLEP.png","width":2480,"height":2053,"caption":"MOTO-PAWMAR"},"image":{"@id":"https:\/\/moto-pawmar.pl\/#\/schema\/logo\/image\/"},"sameAs":["https:\/\/www.facebook.com\/motopawmar\/?locale=pl_PL"]}]}},"_links":{"self":[{"href":"https:\/\/moto-pawmar.pl\/index.php?rest_route=\/wp\/v2\/product\/9130","targetHints":{"allow":["GET"]}}],"collection":[{"href":"https:\/\/moto-pawmar.pl\/index.php?rest_route=\/wp\/v2\/product"}],"about":[{"href":"https:\/\/moto-pawmar.pl\/index.php?rest_route=\/wp\/v2\/types\/product"}],"wp:featuredmedia":[{"embeddable":true,"href":"https:\/\/moto-pawmar.pl\/index.php?rest_route=\/wp\/v2\/media\/9129"}],"wp:attachment":[{"href":"https:\/\/moto-pawmar.pl\/index.php?rest_route=%2Fwp%2Fv2%2Fmedia&parent=9130"}],"wp:term":[{"taxonomy":"product_brand","embeddable":true,"href":"https:\/\/moto-pawmar.pl\/index.php?rest_route=%2Fwp%2Fv2%2Fproduct_brand&post=9130"},{"taxonomy":"product_cat","embeddable":true,"href":"https:\/\/moto-pawmar.pl\/index.php?rest_route=%2Fwp%2Fv2%2Fproduct_cat&post=9130"},{"taxonomy":"product_tag","embeddable":true,"href":"https:\/\/moto-pawmar.pl\/index.php?rest_route=%2Fwp%2Fv2%2Fproduct_tag&post=9130"}],"curies":[{"name":"wp","href":"https:\/\/api.w.org\/{rel}","templated":true}]}}