{"id":8989,"date":"2026-01-28T16:43:36","date_gmt":"2026-01-28T15:43:36","guid":{"rendered":"https:\/\/moto-pawmar.pl\/?product=zestaw-lamp-przeciwmgowych-evo-sw-motech-honda-crosstourer-11-black"},"modified":"2026-01-29T09:21:26","modified_gmt":"2026-01-29T08:21:26","slug":"zestaw-lamp-przeciwmgowych-evo-sw-motech-honda-crosstourer-11-black","status":"publish","type":"product","link":"https:\/\/moto-pawmar.pl\/?product=zestaw-lamp-przeciwmgowych-evo-sw-motech-honda-crosstourer-11-black","title":{"rendered":"ZESTAW LAMP PRZECIWMG\u0141OWYCH EVO SW-MOTECH HONDA CROSSTOURER (11-) BLACK"},"content":{"rendered":"<p>\u015awiata przeciwmgielne EVO o szerokiej dyspersji, zwi\u0119kszaj\u0105 Twoje bezpiecze\u0144stwo na drodze, a jednocze\u015bnie poprawiaj\u0105 widoczno\u015b\u0107 przy z\u0142ych warunkach atmosferycznych. <br \/>SW-MOTECH wybra\u0142 silnego partnera, renomowanego w bran\u017cy motoryzacyjnej, aby stworzy\u0107 \u015bwiat\u0142a na najwy\u017cszym poziomie. \u015awiat\u0142a przeciwmgielne EVO przedstawiaj\u0105 znakomite wzornictwo, wysokie standardy jako\u015bci jak i py\u0142o\/wodo odporne (IP69). Technologia LED Longlife Gwarantuje bezawaryjn\u0105 i bezobs\u0142ugow\u0105 prac\u0119 przez wiele lat.<\/p>\n<p><b>W\u0142a\u015bciwo\u015bci:<\/b><\/p>\n<ul>\n<li> Bezproblemowe i bezobs\u0142ugowe dzia\u0142anie poprzez zastosowanie nie zu\u017cywaj\u0105cych si\u0119 diod LED, kt\u00f3re zu\u017cywaj\u0105 znacznie mniej energii ni\u017c standardowe halogeny\n<li> Napi\u0119cie wej\u015bciowe: 12 V DC, LED: 12 W (na \u015bwiat\u0142o)\n<li> Strumie\u0144 \u015bwietlny: 1050 LM\n<li>ECE znak kontrolny: ECE R19 F3\n<li> Szeroka dyspersja\n<li> \u015arednica zewn\u0119trzna: 7,1 cm\n<li> Wodo i py\u0142oodporne (IP69)\n<li> Pod\u0142\u0105czane bezpo\u015brednio do akumulatora motocyklowego, bez \u017cadnych zmian w instalacji elektrycznej\n<li> Odporny na zachlapanie w\u0142\u0105cznik na kierownic\u0119 z zielonym pod\u015bwietleniem do \u0142atwej obs\u0142ugi\n<li> Mo\u017cliwo\u015b\u0107 mocowania na wszystkich czterech stronach lampy\n<li> Mo\u017cliwo\u015b\u0107 zamocowania na uniwersalnym uchwycie do crashbara\/gmola (22, 26, 27, 28 mm) lub na dedykowanym uchwycie do danego modelu motocykla (sprzedawana oddzielnie)\n<li> Materia\u0142: obudowa z aluminium, malowana proszkowo\n<li> Kolor: czarny<\/UL><b>Zestaw zawiera:<\/b><UL>\n<li> 2 lampy EVO\n<li> wi\u0105zk\u0119 kabli wraz z bezpiecznikiem\n<li> w\u0142acznik\n<li>uchwyty do monta\u017cu dla BMW F 800 GS\n<li> materia\u0142y monta\u017cowe\n<li> Instrukcj\u0119 monta\u017cu<\/UL><b>UWAGA!<\/b><br \/>Lampa musi by\u0107 mocowana w taki spos\u00f3b by napis TOP na reflektorze by\u0142 zawsze skierowany w g\u00f3r\u0119<\/UL><br \/>\n","protected":false},"excerpt":{"rendered":"<p>\u015awiata przeciwmgielne EVO o szerokiej dyspersji, zwi\u0119kszaj\u0105 Twoje bezpiecze\u0144stwo na drodze, a jednocze\u015bnie poprawiaj\u0105 widoczno\u015b\u0107 przy z\u0142ych warunkach atmosferycznych. SW-MOTECH wybra\u0142 silnego partnera, renomowanego w bran\u017cy motoryzacyjnej, aby stworzy\u0107 \u015bwiat\u0142a na najwy\u017cszym poziomie. \u015awiat\u0142a przeciwmgielne EVO przedstawiaj\u0105 znakomite wzornictwo, wysokie standardy jako\u015bci jak i py\u0142o\/wodo odporne (IP69). Technologia LED Longlife Gwarantuje bezawaryjn\u0105 i bezobs\u0142ugow\u0105 prac\u0119 [&hellip;]<\/p>\n","protected":false},"featured_media":8988,"template":"","meta":[],"product_brand":[386],"product_cat":[390],"product_tag":[],"class_list":{"0":"post-8989","1":"product","2":"type-product","3":"status-publish","4":"has-post-thumbnail","6":"product_brand-sw-motech","7":"product_cat-akcesoria-sw-motech-2","9":"first","10":"onbackorder","11":"taxable","12":"shipping-taxable","13":"purchasable","14":"product-type-simple"},"yoast_head":"<!-- This site is optimized with the Yoast SEO plugin v26.9 - https:\/\/yoast.com\/product\/yoast-seo-wordpress\/ -->\n<title>ZESTAW LAMP PRZECIWMG\u0141OWYCH EVO SW-MOTECH HONDA CROSSTOURER (11-) BLACK - MOTO-PAWMAR<\/title>\n<meta name=\"robots\" content=\"index, follow, max-snippet:-1, max-image-preview:large, max-video-preview:-1\" \/>\n<link rel=\"canonical\" href=\"https:\/\/moto-pawmar.pl\/?product=zestaw-lamp-przeciwmgowych-evo-sw-motech-honda-crosstourer-11-black\" \/>\n<meta property=\"og:locale\" content=\"pl_PL\" \/>\n<meta property=\"og:type\" content=\"article\" \/>\n<meta property=\"og:title\" content=\"ZESTAW LAMP PRZECIWMG\u0141OWYCH EVO SW-MOTECH HONDA CROSSTOURER (11-) BLACK - MOTO-PAWMAR\" \/>\n<meta property=\"og:description\" content=\"\u015awiata przeciwmgielne EVO o szerokiej dyspersji, zwi\u0119kszaj\u0105 Twoje bezpiecze\u0144stwo na drodze, a jednocze\u015bnie poprawiaj\u0105 widoczno\u015b\u0107 przy z\u0142ych warunkach atmosferycznych. SW-MOTECH wybra\u0142 silnego partnera, renomowanego w bran\u017cy motoryzacyjnej, aby stworzy\u0107 \u015bwiat\u0142a na najwy\u017cszym poziomie. \u015awiat\u0142a przeciwmgielne EVO przedstawiaj\u0105 znakomite wzornictwo, wysokie standardy jako\u015bci jak i py\u0142o\/wodo odporne (IP69). Technologia LED Longlife Gwarantuje bezawaryjn\u0105 i bezobs\u0142ugow\u0105 prac\u0119 [&hellip;]\" \/>\n<meta property=\"og:url\" content=\"https:\/\/moto-pawmar.pl\/?product=zestaw-lamp-przeciwmgowych-evo-sw-motech-honda-crosstourer-11-black\" \/>\n<meta property=\"og:site_name\" content=\"MOTO-PAWMAR\" \/>\n<meta property=\"article:publisher\" content=\"https:\/\/www.facebook.com\/motopawmar\/?locale=pl_PL\" \/>\n<meta property=\"article:modified_time\" content=\"2026-01-29T08:21:26+00:00\" \/>\n<meta property=\"og:image\" content=\"https:\/\/moto-pawmar.pl\/wp-content\/uploads\/2026\/01\/146319_ZAL200142.jpg\" \/>\n\t<meta property=\"og:image:width\" content=\"800\" \/>\n\t<meta property=\"og:image:height\" content=\"533\" \/>\n\t<meta property=\"og:image:type\" content=\"image\/jpeg\" \/>\n<meta name=\"twitter:card\" content=\"summary_large_image\" \/>\n<meta name=\"twitter:label1\" content=\"Szacowany czas czytania\" \/>\n\t<meta name=\"twitter:data1\" content=\"1 minuta\" \/>\n<script type=\"application\/ld+json\" class=\"yoast-schema-graph\">{\"@context\":\"https:\/\/schema.org\",\"@graph\":[{\"@type\":\"WebPage\",\"@id\":\"https:\/\/moto-pawmar.pl\/?product=zestaw-lamp-przeciwmgowych-evo-sw-motech-honda-crosstourer-11-black\",\"url\":\"https:\/\/moto-pawmar.pl\/?product=zestaw-lamp-przeciwmgowych-evo-sw-motech-honda-crosstourer-11-black\",\"name\":\"ZESTAW LAMP PRZECIWMG\u0141OWYCH EVO SW-MOTECH HONDA CROSSTOURER (11-) BLACK - MOTO-PAWMAR\",\"isPartOf\":{\"@id\":\"https:\/\/moto-pawmar.pl\/#website\"},\"primaryImageOfPage\":{\"@id\":\"https:\/\/moto-pawmar.pl\/?product=zestaw-lamp-przeciwmgowych-evo-sw-motech-honda-crosstourer-11-black#primaryimage\"},\"image\":{\"@id\":\"https:\/\/moto-pawmar.pl\/?product=zestaw-lamp-przeciwmgowych-evo-sw-motech-honda-crosstourer-11-black#primaryimage\"},\"thumbnailUrl\":\"https:\/\/moto-pawmar.pl\/wp-content\/uploads\/2026\/01\/146319_ZAL200142.jpg\",\"datePublished\":\"2026-01-28T15:43:36+00:00\",\"dateModified\":\"2026-01-29T08:21:26+00:00\",\"breadcrumb\":{\"@id\":\"https:\/\/moto-pawmar.pl\/?product=zestaw-lamp-przeciwmgowych-evo-sw-motech-honda-crosstourer-11-black#breadcrumb\"},\"inLanguage\":\"pl-PL\",\"potentialAction\":[{\"@type\":\"ReadAction\",\"target\":[\"https:\/\/moto-pawmar.pl\/?product=zestaw-lamp-przeciwmgowych-evo-sw-motech-honda-crosstourer-11-black\"]}]},{\"@type\":\"ImageObject\",\"inLanguage\":\"pl-PL\",\"@id\":\"https:\/\/moto-pawmar.pl\/?product=zestaw-lamp-przeciwmgowych-evo-sw-motech-honda-crosstourer-11-black#primaryimage\",\"url\":\"https:\/\/moto-pawmar.pl\/wp-content\/uploads\/2026\/01\/146319_ZAL200142.jpg\",\"contentUrl\":\"https:\/\/moto-pawmar.pl\/wp-content\/uploads\/2026\/01\/146319_ZAL200142.jpg\",\"width\":800,\"height\":533},{\"@type\":\"BreadcrumbList\",\"@id\":\"https:\/\/moto-pawmar.pl\/?product=zestaw-lamp-przeciwmgowych-evo-sw-motech-honda-crosstourer-11-black#breadcrumb\",\"itemListElement\":[{\"@type\":\"ListItem\",\"position\":1,\"name\":\"Strona g\u0142\u00f3wna\",\"item\":\"https:\/\/moto-pawmar.pl\/\"},{\"@type\":\"ListItem\",\"position\":2,\"name\":\"Sklep Internetowy\",\"item\":\"https:\/\/moto-pawmar.pl\/?page_id=367\"},{\"@type\":\"ListItem\",\"position\":3,\"name\":\"ZESTAW LAMP PRZECIWMG\u0141OWYCH EVO SW-MOTECH HONDA CROSSTOURER (11-) BLACK\"}]},{\"@type\":\"WebSite\",\"@id\":\"https:\/\/moto-pawmar.pl\/#website\",\"url\":\"https:\/\/moto-pawmar.pl\/\",\"name\":\"MOTO-PAWMAR\",\"description\":\"MOTO\u2011PAWMAR \u2013 Tw\u00f3j sklep z cz\u0119\u015bciami i akcesoriami do motocykli, skuter\u00f3w i quad\u00f3w.\",\"publisher\":{\"@id\":\"https:\/\/moto-pawmar.pl\/#organization\"},\"potentialAction\":[{\"@type\":\"SearchAction\",\"target\":{\"@type\":\"EntryPoint\",\"urlTemplate\":\"https:\/\/moto-pawmar.pl\/?s={search_term_string}\"},\"query-input\":{\"@type\":\"PropertyValueSpecification\",\"valueRequired\":true,\"valueName\":\"search_term_string\"}}],\"inLanguage\":\"pl-PL\"},{\"@type\":\"Organization\",\"@id\":\"https:\/\/moto-pawmar.pl\/#organization\",\"name\":\"MOTO-PAWMAR\",\"url\":\"https:\/\/moto-pawmar.pl\/\",\"logo\":{\"@type\":\"ImageObject\",\"inLanguage\":\"pl-PL\",\"@id\":\"https:\/\/moto-pawmar.pl\/#\/schema\/logo\/image\/\",\"url\":\"https:\/\/moto-pawmar.pl\/wp-content\/uploads\/2025\/10\/LOGO-SKLEP.png\",\"contentUrl\":\"https:\/\/moto-pawmar.pl\/wp-content\/uploads\/2025\/10\/LOGO-SKLEP.png\",\"width\":2480,\"height\":2053,\"caption\":\"MOTO-PAWMAR\"},\"image\":{\"@id\":\"https:\/\/moto-pawmar.pl\/#\/schema\/logo\/image\/\"},\"sameAs\":[\"https:\/\/www.facebook.com\/motopawmar\/?locale=pl_PL\"]}]}<\/script>\n<!-- \/ Yoast SEO plugin. -->","yoast_head_json":{"title":"ZESTAW LAMP PRZECIWMG\u0141OWYCH EVO SW-MOTECH HONDA CROSSTOURER (11-) BLACK - MOTO-PAWMAR","robots":{"index":"index","follow":"follow","max-snippet":"max-snippet:-1","max-image-preview":"max-image-preview:large","max-video-preview":"max-video-preview:-1"},"canonical":"https:\/\/moto-pawmar.pl\/?product=zestaw-lamp-przeciwmgowych-evo-sw-motech-honda-crosstourer-11-black","og_locale":"pl_PL","og_type":"article","og_title":"ZESTAW LAMP PRZECIWMG\u0141OWYCH EVO SW-MOTECH HONDA CROSSTOURER (11-) BLACK - MOTO-PAWMAR","og_description":"\u015awiata przeciwmgielne EVO o szerokiej dyspersji, zwi\u0119kszaj\u0105 Twoje bezpiecze\u0144stwo na drodze, a jednocze\u015bnie poprawiaj\u0105 widoczno\u015b\u0107 przy z\u0142ych warunkach atmosferycznych. SW-MOTECH wybra\u0142 silnego partnera, renomowanego w bran\u017cy motoryzacyjnej, aby stworzy\u0107 \u015bwiat\u0142a na najwy\u017cszym poziomie. \u015awiat\u0142a przeciwmgielne EVO przedstawiaj\u0105 znakomite wzornictwo, wysokie standardy jako\u015bci jak i py\u0142o\/wodo odporne (IP69). Technologia LED Longlife Gwarantuje bezawaryjn\u0105 i bezobs\u0142ugow\u0105 prac\u0119 [&hellip;]","og_url":"https:\/\/moto-pawmar.pl\/?product=zestaw-lamp-przeciwmgowych-evo-sw-motech-honda-crosstourer-11-black","og_site_name":"MOTO-PAWMAR","article_publisher":"https:\/\/www.facebook.com\/motopawmar\/?locale=pl_PL","article_modified_time":"2026-01-29T08:21:26+00:00","og_image":[{"width":800,"height":533,"url":"https:\/\/moto-pawmar.pl\/wp-content\/uploads\/2026\/01\/146319_ZAL200142.jpg","type":"image\/jpeg"}],"twitter_card":"summary_large_image","twitter_misc":{"Szacowany czas czytania":"1 minuta"},"schema":{"@context":"https:\/\/schema.org","@graph":[{"@type":"WebPage","@id":"https:\/\/moto-pawmar.pl\/?product=zestaw-lamp-przeciwmgowych-evo-sw-motech-honda-crosstourer-11-black","url":"https:\/\/moto-pawmar.pl\/?product=zestaw-lamp-przeciwmgowych-evo-sw-motech-honda-crosstourer-11-black","name":"ZESTAW LAMP PRZECIWMG\u0141OWYCH EVO SW-MOTECH HONDA CROSSTOURER (11-) BLACK - MOTO-PAWMAR","isPartOf":{"@id":"https:\/\/moto-pawmar.pl\/#website"},"primaryImageOfPage":{"@id":"https:\/\/moto-pawmar.pl\/?product=zestaw-lamp-przeciwmgowych-evo-sw-motech-honda-crosstourer-11-black#primaryimage"},"image":{"@id":"https:\/\/moto-pawmar.pl\/?product=zestaw-lamp-przeciwmgowych-evo-sw-motech-honda-crosstourer-11-black#primaryimage"},"thumbnailUrl":"https:\/\/moto-pawmar.pl\/wp-content\/uploads\/2026\/01\/146319_ZAL200142.jpg","datePublished":"2026-01-28T15:43:36+00:00","dateModified":"2026-01-29T08:21:26+00:00","breadcrumb":{"@id":"https:\/\/moto-pawmar.pl\/?product=zestaw-lamp-przeciwmgowych-evo-sw-motech-honda-crosstourer-11-black#breadcrumb"},"inLanguage":"pl-PL","potentialAction":[{"@type":"ReadAction","target":["https:\/\/moto-pawmar.pl\/?product=zestaw-lamp-przeciwmgowych-evo-sw-motech-honda-crosstourer-11-black"]}]},{"@type":"ImageObject","inLanguage":"pl-PL","@id":"https:\/\/moto-pawmar.pl\/?product=zestaw-lamp-przeciwmgowych-evo-sw-motech-honda-crosstourer-11-black#primaryimage","url":"https:\/\/moto-pawmar.pl\/wp-content\/uploads\/2026\/01\/146319_ZAL200142.jpg","contentUrl":"https:\/\/moto-pawmar.pl\/wp-content\/uploads\/2026\/01\/146319_ZAL200142.jpg","width":800,"height":533},{"@type":"BreadcrumbList","@id":"https:\/\/moto-pawmar.pl\/?product=zestaw-lamp-przeciwmgowych-evo-sw-motech-honda-crosstourer-11-black#breadcrumb","itemListElement":[{"@type":"ListItem","position":1,"name":"Strona g\u0142\u00f3wna","item":"https:\/\/moto-pawmar.pl\/"},{"@type":"ListItem","position":2,"name":"Sklep Internetowy","item":"https:\/\/moto-pawmar.pl\/?page_id=367"},{"@type":"ListItem","position":3,"name":"ZESTAW LAMP PRZECIWMG\u0141OWYCH EVO SW-MOTECH HONDA CROSSTOURER (11-) BLACK"}]},{"@type":"WebSite","@id":"https:\/\/moto-pawmar.pl\/#website","url":"https:\/\/moto-pawmar.pl\/","name":"MOTO-PAWMAR","description":"MOTO\u2011PAWMAR \u2013 Tw\u00f3j sklep z cz\u0119\u015bciami i akcesoriami do motocykli, skuter\u00f3w i quad\u00f3w.","publisher":{"@id":"https:\/\/moto-pawmar.pl\/#organization"},"potentialAction":[{"@type":"SearchAction","target":{"@type":"EntryPoint","urlTemplate":"https:\/\/moto-pawmar.pl\/?s={search_term_string}"},"query-input":{"@type":"PropertyValueSpecification","valueRequired":true,"valueName":"search_term_string"}}],"inLanguage":"pl-PL"},{"@type":"Organization","@id":"https:\/\/moto-pawmar.pl\/#organization","name":"MOTO-PAWMAR","url":"https:\/\/moto-pawmar.pl\/","logo":{"@type":"ImageObject","inLanguage":"pl-PL","@id":"https:\/\/moto-pawmar.pl\/#\/schema\/logo\/image\/","url":"https:\/\/moto-pawmar.pl\/wp-content\/uploads\/2025\/10\/LOGO-SKLEP.png","contentUrl":"https:\/\/moto-pawmar.pl\/wp-content\/uploads\/2025\/10\/LOGO-SKLEP.png","width":2480,"height":2053,"caption":"MOTO-PAWMAR"},"image":{"@id":"https:\/\/moto-pawmar.pl\/#\/schema\/logo\/image\/"},"sameAs":["https:\/\/www.facebook.com\/motopawmar\/?locale=pl_PL"]}]}},"_links":{"self":[{"href":"https:\/\/moto-pawmar.pl\/index.php?rest_route=\/wp\/v2\/product\/8989","targetHints":{"allow":["GET"]}}],"collection":[{"href":"https:\/\/moto-pawmar.pl\/index.php?rest_route=\/wp\/v2\/product"}],"about":[{"href":"https:\/\/moto-pawmar.pl\/index.php?rest_route=\/wp\/v2\/types\/product"}],"wp:featuredmedia":[{"embeddable":true,"href":"https:\/\/moto-pawmar.pl\/index.php?rest_route=\/wp\/v2\/media\/8988"}],"wp:attachment":[{"href":"https:\/\/moto-pawmar.pl\/index.php?rest_route=%2Fwp%2Fv2%2Fmedia&parent=8989"}],"wp:term":[{"taxonomy":"product_brand","embeddable":true,"href":"https:\/\/moto-pawmar.pl\/index.php?rest_route=%2Fwp%2Fv2%2Fproduct_brand&post=8989"},{"taxonomy":"product_cat","embeddable":true,"href":"https:\/\/moto-pawmar.pl\/index.php?rest_route=%2Fwp%2Fv2%2Fproduct_cat&post=8989"},{"taxonomy":"product_tag","embeddable":true,"href":"https:\/\/moto-pawmar.pl\/index.php?rest_route=%2Fwp%2Fv2%2Fproduct_tag&post=8989"}],"curies":[{"name":"wp","href":"https:\/\/api.w.org\/{rel}","templated":true}]}}