{"id":8987,"date":"2026-01-28T16:43:36","date_gmt":"2026-01-28T15:43:36","guid":{"rendered":"https:\/\/moto-pawmar.pl\/?product=owiewka-motocyklowa-sw-motech-bmw-r-ninet-14-silver"},"modified":"2026-01-29T09:21:26","modified_gmt":"2026-01-29T08:21:26","slug":"owiewka-motocyklowa-sw-motech-bmw-r-ninet-14-silver","status":"publish","type":"product","link":"https:\/\/moto-pawmar.pl\/?product=owiewka-motocyklowa-sw-motech-bmw-r-ninet-14-silver","title":{"rendered":"OWIEWKA MOTOCYKLOWA SW-MOTECH BMW R NINET (14-) SILVER"},"content":{"rendered":"<p>Klasyczny styl szyby do customizacji Twojego motocykla.<\/br><\/br><b>W\u0142a\u015bciwo\u015bci:<\/b><\/p>\n<ul>\n<li> Zaprojektowany przez SW-MOTECH w Niemczech, tak by doda\u0107 klasycznego inspiruj\u0105cego wygl\u0105du\n<li> Solidna konstrukcja, szyba zawiera kompletny zestaw monta\u017cowy do motocykla\n<li> \u0141atwa instalacja do p\u00f3\u0142ki motocyklowej\n<li> Materia\u0142:\n<ul>\n<li>Szyba: aluminiowa, anodowana i szczotkowana.\n<li>Uchwyt monta\u017cowy: stalowy, malowany proszkowo<\/UL><b>Zestaw zawiera:<\/b>\n<ul>\n<li> Szyba\n<li>Uchwyty do szyby\n<li> Materia\u0142y monta\u017cowe\n<li> Instrukcja monta\u017cu<\/UL><br \/>\n","protected":false},"excerpt":{"rendered":"<p>Klasyczny styl szyby do customizacji Twojego motocykla.W\u0142a\u015bciwo\u015bci: Zaprojektowany przez SW-MOTECH w Niemczech, tak by doda\u0107 klasycznego inspiruj\u0105cego wygl\u0105du Solidna konstrukcja, szyba zawiera kompletny zestaw monta\u017cowy do motocykla \u0141atwa instalacja do p\u00f3\u0142ki motocyklowej Materia\u0142: Szyba: aluminiowa, anodowana i szczotkowana. Uchwyt monta\u017cowy: stalowy, malowany proszkowoZestaw zawiera: Szyba Uchwyty do szyby Materia\u0142y monta\u017cowe Instrukcja monta\u017cu<\/p>\n","protected":false},"featured_media":8986,"template":"","meta":[],"product_brand":[386],"product_cat":[390],"product_tag":[],"class_list":{"0":"post-8987","1":"product","2":"type-product","3":"status-publish","4":"has-post-thumbnail","6":"product_brand-sw-motech","7":"product_cat-akcesoria-sw-motech-2","9":"first","10":"onbackorder","11":"taxable","12":"shipping-taxable","13":"purchasable","14":"product-type-simple"},"yoast_head":"<!-- This site is optimized with the Yoast SEO plugin v26.9 - https:\/\/yoast.com\/product\/yoast-seo-wordpress\/ -->\n<title>OWIEWKA MOTOCYKLOWA SW-MOTECH BMW R NINET (14-) SILVER - MOTO-PAWMAR<\/title>\n<meta name=\"robots\" content=\"index, follow, max-snippet:-1, max-image-preview:large, max-video-preview:-1\" \/>\n<link rel=\"canonical\" href=\"https:\/\/moto-pawmar.pl\/?product=owiewka-motocyklowa-sw-motech-bmw-r-ninet-14-silver\" \/>\n<meta property=\"og:locale\" content=\"pl_PL\" \/>\n<meta property=\"og:type\" content=\"article\" \/>\n<meta property=\"og:title\" content=\"OWIEWKA MOTOCYKLOWA SW-MOTECH BMW R NINET (14-) SILVER - MOTO-PAWMAR\" \/>\n<meta property=\"og:description\" content=\"Klasyczny styl szyby do customizacji Twojego motocykla.W\u0142a\u015bciwo\u015bci: Zaprojektowany przez SW-MOTECH w Niemczech, tak by doda\u0107 klasycznego inspiruj\u0105cego wygl\u0105du Solidna konstrukcja, szyba zawiera kompletny zestaw monta\u017cowy do motocykla \u0141atwa instalacja do p\u00f3\u0142ki motocyklowej Materia\u0142: Szyba: aluminiowa, anodowana i szczotkowana. Uchwyt monta\u017cowy: stalowy, malowany proszkowoZestaw zawiera: Szyba Uchwyty do szyby Materia\u0142y monta\u017cowe Instrukcja monta\u017cu\" \/>\n<meta property=\"og:url\" content=\"https:\/\/moto-pawmar.pl\/?product=owiewka-motocyklowa-sw-motech-bmw-r-ninet-14-silver\" \/>\n<meta property=\"og:site_name\" content=\"MOTO-PAWMAR\" \/>\n<meta property=\"article:publisher\" content=\"https:\/\/www.facebook.com\/motopawmar\/?locale=pl_PL\" \/>\n<meta property=\"article:modified_time\" content=\"2026-01-29T08:21:26+00:00\" \/>\n<meta property=\"og:image\" content=\"https:\/\/moto-pawmar.pl\/wp-content\/uploads\/2026\/01\/146314_ZAL219953.jpg\" \/>\n\t<meta property=\"og:image:width\" content=\"800\" \/>\n\t<meta property=\"og:image:height\" content=\"533\" \/>\n\t<meta property=\"og:image:type\" content=\"image\/jpeg\" \/>\n<meta name=\"twitter:card\" content=\"summary_large_image\" \/>\n<script type=\"application\/ld+json\" class=\"yoast-schema-graph\">{\"@context\":\"https:\/\/schema.org\",\"@graph\":[{\"@type\":\"WebPage\",\"@id\":\"https:\/\/moto-pawmar.pl\/?product=owiewka-motocyklowa-sw-motech-bmw-r-ninet-14-silver\",\"url\":\"https:\/\/moto-pawmar.pl\/?product=owiewka-motocyklowa-sw-motech-bmw-r-ninet-14-silver\",\"name\":\"OWIEWKA MOTOCYKLOWA SW-MOTECH BMW R NINET (14-) SILVER - MOTO-PAWMAR\",\"isPartOf\":{\"@id\":\"https:\/\/moto-pawmar.pl\/#website\"},\"primaryImageOfPage\":{\"@id\":\"https:\/\/moto-pawmar.pl\/?product=owiewka-motocyklowa-sw-motech-bmw-r-ninet-14-silver#primaryimage\"},\"image\":{\"@id\":\"https:\/\/moto-pawmar.pl\/?product=owiewka-motocyklowa-sw-motech-bmw-r-ninet-14-silver#primaryimage\"},\"thumbnailUrl\":\"https:\/\/moto-pawmar.pl\/wp-content\/uploads\/2026\/01\/146314_ZAL219953.jpg\",\"datePublished\":\"2026-01-28T15:43:36+00:00\",\"dateModified\":\"2026-01-29T08:21:26+00:00\",\"breadcrumb\":{\"@id\":\"https:\/\/moto-pawmar.pl\/?product=owiewka-motocyklowa-sw-motech-bmw-r-ninet-14-silver#breadcrumb\"},\"inLanguage\":\"pl-PL\",\"potentialAction\":[{\"@type\":\"ReadAction\",\"target\":[\"https:\/\/moto-pawmar.pl\/?product=owiewka-motocyklowa-sw-motech-bmw-r-ninet-14-silver\"]}]},{\"@type\":\"ImageObject\",\"inLanguage\":\"pl-PL\",\"@id\":\"https:\/\/moto-pawmar.pl\/?product=owiewka-motocyklowa-sw-motech-bmw-r-ninet-14-silver#primaryimage\",\"url\":\"https:\/\/moto-pawmar.pl\/wp-content\/uploads\/2026\/01\/146314_ZAL219953.jpg\",\"contentUrl\":\"https:\/\/moto-pawmar.pl\/wp-content\/uploads\/2026\/01\/146314_ZAL219953.jpg\",\"width\":800,\"height\":533},{\"@type\":\"BreadcrumbList\",\"@id\":\"https:\/\/moto-pawmar.pl\/?product=owiewka-motocyklowa-sw-motech-bmw-r-ninet-14-silver#breadcrumb\",\"itemListElement\":[{\"@type\":\"ListItem\",\"position\":1,\"name\":\"Strona g\u0142\u00f3wna\",\"item\":\"https:\/\/moto-pawmar.pl\/\"},{\"@type\":\"ListItem\",\"position\":2,\"name\":\"Sklep Internetowy\",\"item\":\"https:\/\/moto-pawmar.pl\/?page_id=367\"},{\"@type\":\"ListItem\",\"position\":3,\"name\":\"OWIEWKA MOTOCYKLOWA SW-MOTECH BMW R NINET (14-) SILVER\"}]},{\"@type\":\"WebSite\",\"@id\":\"https:\/\/moto-pawmar.pl\/#website\",\"url\":\"https:\/\/moto-pawmar.pl\/\",\"name\":\"MOTO-PAWMAR\",\"description\":\"MOTO\u2011PAWMAR \u2013 Tw\u00f3j sklep z cz\u0119\u015bciami i akcesoriami do motocykli, skuter\u00f3w i quad\u00f3w.\",\"publisher\":{\"@id\":\"https:\/\/moto-pawmar.pl\/#organization\"},\"potentialAction\":[{\"@type\":\"SearchAction\",\"target\":{\"@type\":\"EntryPoint\",\"urlTemplate\":\"https:\/\/moto-pawmar.pl\/?s={search_term_string}\"},\"query-input\":{\"@type\":\"PropertyValueSpecification\",\"valueRequired\":true,\"valueName\":\"search_term_string\"}}],\"inLanguage\":\"pl-PL\"},{\"@type\":\"Organization\",\"@id\":\"https:\/\/moto-pawmar.pl\/#organization\",\"name\":\"MOTO-PAWMAR\",\"url\":\"https:\/\/moto-pawmar.pl\/\",\"logo\":{\"@type\":\"ImageObject\",\"inLanguage\":\"pl-PL\",\"@id\":\"https:\/\/moto-pawmar.pl\/#\/schema\/logo\/image\/\",\"url\":\"https:\/\/moto-pawmar.pl\/wp-content\/uploads\/2025\/10\/LOGO-SKLEP.png\",\"contentUrl\":\"https:\/\/moto-pawmar.pl\/wp-content\/uploads\/2025\/10\/LOGO-SKLEP.png\",\"width\":2480,\"height\":2053,\"caption\":\"MOTO-PAWMAR\"},\"image\":{\"@id\":\"https:\/\/moto-pawmar.pl\/#\/schema\/logo\/image\/\"},\"sameAs\":[\"https:\/\/www.facebook.com\/motopawmar\/?locale=pl_PL\"]}]}<\/script>\n<!-- \/ Yoast SEO plugin. -->","yoast_head_json":{"title":"OWIEWKA MOTOCYKLOWA SW-MOTECH BMW R NINET (14-) SILVER - MOTO-PAWMAR","robots":{"index":"index","follow":"follow","max-snippet":"max-snippet:-1","max-image-preview":"max-image-preview:large","max-video-preview":"max-video-preview:-1"},"canonical":"https:\/\/moto-pawmar.pl\/?product=owiewka-motocyklowa-sw-motech-bmw-r-ninet-14-silver","og_locale":"pl_PL","og_type":"article","og_title":"OWIEWKA MOTOCYKLOWA SW-MOTECH BMW R NINET (14-) SILVER - MOTO-PAWMAR","og_description":"Klasyczny styl szyby do customizacji Twojego motocykla.W\u0142a\u015bciwo\u015bci: Zaprojektowany przez SW-MOTECH w Niemczech, tak by doda\u0107 klasycznego inspiruj\u0105cego wygl\u0105du Solidna konstrukcja, szyba zawiera kompletny zestaw monta\u017cowy do motocykla \u0141atwa instalacja do p\u00f3\u0142ki motocyklowej Materia\u0142: Szyba: aluminiowa, anodowana i szczotkowana. Uchwyt monta\u017cowy: stalowy, malowany proszkowoZestaw zawiera: Szyba Uchwyty do szyby Materia\u0142y monta\u017cowe Instrukcja monta\u017cu","og_url":"https:\/\/moto-pawmar.pl\/?product=owiewka-motocyklowa-sw-motech-bmw-r-ninet-14-silver","og_site_name":"MOTO-PAWMAR","article_publisher":"https:\/\/www.facebook.com\/motopawmar\/?locale=pl_PL","article_modified_time":"2026-01-29T08:21:26+00:00","og_image":[{"width":800,"height":533,"url":"https:\/\/moto-pawmar.pl\/wp-content\/uploads\/2026\/01\/146314_ZAL219953.jpg","type":"image\/jpeg"}],"twitter_card":"summary_large_image","schema":{"@context":"https:\/\/schema.org","@graph":[{"@type":"WebPage","@id":"https:\/\/moto-pawmar.pl\/?product=owiewka-motocyklowa-sw-motech-bmw-r-ninet-14-silver","url":"https:\/\/moto-pawmar.pl\/?product=owiewka-motocyklowa-sw-motech-bmw-r-ninet-14-silver","name":"OWIEWKA MOTOCYKLOWA SW-MOTECH BMW R NINET (14-) SILVER - MOTO-PAWMAR","isPartOf":{"@id":"https:\/\/moto-pawmar.pl\/#website"},"primaryImageOfPage":{"@id":"https:\/\/moto-pawmar.pl\/?product=owiewka-motocyklowa-sw-motech-bmw-r-ninet-14-silver#primaryimage"},"image":{"@id":"https:\/\/moto-pawmar.pl\/?product=owiewka-motocyklowa-sw-motech-bmw-r-ninet-14-silver#primaryimage"},"thumbnailUrl":"https:\/\/moto-pawmar.pl\/wp-content\/uploads\/2026\/01\/146314_ZAL219953.jpg","datePublished":"2026-01-28T15:43:36+00:00","dateModified":"2026-01-29T08:21:26+00:00","breadcrumb":{"@id":"https:\/\/moto-pawmar.pl\/?product=owiewka-motocyklowa-sw-motech-bmw-r-ninet-14-silver#breadcrumb"},"inLanguage":"pl-PL","potentialAction":[{"@type":"ReadAction","target":["https:\/\/moto-pawmar.pl\/?product=owiewka-motocyklowa-sw-motech-bmw-r-ninet-14-silver"]}]},{"@type":"ImageObject","inLanguage":"pl-PL","@id":"https:\/\/moto-pawmar.pl\/?product=owiewka-motocyklowa-sw-motech-bmw-r-ninet-14-silver#primaryimage","url":"https:\/\/moto-pawmar.pl\/wp-content\/uploads\/2026\/01\/146314_ZAL219953.jpg","contentUrl":"https:\/\/moto-pawmar.pl\/wp-content\/uploads\/2026\/01\/146314_ZAL219953.jpg","width":800,"height":533},{"@type":"BreadcrumbList","@id":"https:\/\/moto-pawmar.pl\/?product=owiewka-motocyklowa-sw-motech-bmw-r-ninet-14-silver#breadcrumb","itemListElement":[{"@type":"ListItem","position":1,"name":"Strona g\u0142\u00f3wna","item":"https:\/\/moto-pawmar.pl\/"},{"@type":"ListItem","position":2,"name":"Sklep Internetowy","item":"https:\/\/moto-pawmar.pl\/?page_id=367"},{"@type":"ListItem","position":3,"name":"OWIEWKA MOTOCYKLOWA SW-MOTECH BMW R NINET (14-) SILVER"}]},{"@type":"WebSite","@id":"https:\/\/moto-pawmar.pl\/#website","url":"https:\/\/moto-pawmar.pl\/","name":"MOTO-PAWMAR","description":"MOTO\u2011PAWMAR \u2013 Tw\u00f3j sklep z cz\u0119\u015bciami i akcesoriami do motocykli, skuter\u00f3w i quad\u00f3w.","publisher":{"@id":"https:\/\/moto-pawmar.pl\/#organization"},"potentialAction":[{"@type":"SearchAction","target":{"@type":"EntryPoint","urlTemplate":"https:\/\/moto-pawmar.pl\/?s={search_term_string}"},"query-input":{"@type":"PropertyValueSpecification","valueRequired":true,"valueName":"search_term_string"}}],"inLanguage":"pl-PL"},{"@type":"Organization","@id":"https:\/\/moto-pawmar.pl\/#organization","name":"MOTO-PAWMAR","url":"https:\/\/moto-pawmar.pl\/","logo":{"@type":"ImageObject","inLanguage":"pl-PL","@id":"https:\/\/moto-pawmar.pl\/#\/schema\/logo\/image\/","url":"https:\/\/moto-pawmar.pl\/wp-content\/uploads\/2025\/10\/LOGO-SKLEP.png","contentUrl":"https:\/\/moto-pawmar.pl\/wp-content\/uploads\/2025\/10\/LOGO-SKLEP.png","width":2480,"height":2053,"caption":"MOTO-PAWMAR"},"image":{"@id":"https:\/\/moto-pawmar.pl\/#\/schema\/logo\/image\/"},"sameAs":["https:\/\/www.facebook.com\/motopawmar\/?locale=pl_PL"]}]}},"_links":{"self":[{"href":"https:\/\/moto-pawmar.pl\/index.php?rest_route=\/wp\/v2\/product\/8987","targetHints":{"allow":["GET"]}}],"collection":[{"href":"https:\/\/moto-pawmar.pl\/index.php?rest_route=\/wp\/v2\/product"}],"about":[{"href":"https:\/\/moto-pawmar.pl\/index.php?rest_route=\/wp\/v2\/types\/product"}],"wp:featuredmedia":[{"embeddable":true,"href":"https:\/\/moto-pawmar.pl\/index.php?rest_route=\/wp\/v2\/media\/8986"}],"wp:attachment":[{"href":"https:\/\/moto-pawmar.pl\/index.php?rest_route=%2Fwp%2Fv2%2Fmedia&parent=8987"}],"wp:term":[{"taxonomy":"product_brand","embeddable":true,"href":"https:\/\/moto-pawmar.pl\/index.php?rest_route=%2Fwp%2Fv2%2Fproduct_brand&post=8987"},{"taxonomy":"product_cat","embeddable":true,"href":"https:\/\/moto-pawmar.pl\/index.php?rest_route=%2Fwp%2Fv2%2Fproduct_cat&post=8987"},{"taxonomy":"product_tag","embeddable":true,"href":"https:\/\/moto-pawmar.pl\/index.php?rest_route=%2Fwp%2Fv2%2Fproduct_tag&post=8987"}],"curies":[{"name":"wp","href":"https:\/\/api.w.org\/{rel}","templated":true}]}}