{"id":8985,"date":"2026-01-28T16:43:35","date_gmt":"2026-01-28T15:43:35","guid":{"rendered":"https:\/\/moto-pawmar.pl\/?product=podn%d3%afki-evo-sw-motech-tiger-1050-bmw-models-black-silver"},"modified":"2026-01-29T09:21:26","modified_gmt":"2026-01-29T08:21:26","slug":"podn%d3%afki-evo-sw-motech-tiger-1050-bmw-models-black-silver","status":"publish","type":"product","link":"https:\/\/moto-pawmar.pl\/?product=podn%d3%afki-evo-sw-motech-tiger-1050-bmw-models-black-silver","title":{"rendered":"PODN\u00d3\u017bKI EVO SW-MOTECH TIGER 1050 BMW MODELS BLACK\/SILVER"},"content":{"rendered":"<p>Bezpieczne i ergonomiczne produkty firmy SW-MOTECH zapewniaj\u0105 znakomit\u0105 ochron\u0119, doskona\u0142e dopasowanie oraz wyj\u0105tkowy wygl\u0105d. Niezale\u017cnie od tego czy to os\u0142ona silnika, reflektora, cylindra, hamulca, d\u017awigni zmiany bieg\u00f3w, itp. ka\u017cdy produkt zosta\u0142 tak zaprojektowany aby idealnie konweniowa\u0107 z motocyklem. Podn\u00f3\u017cki EVO zwi\u0119kszaj\u0105 stabilno\u015b\u0107, komfort i przyczepno\u015b\u0107 w r\u00f3\u017cnych warunkach. Zastosowane otwory do mocowania sprawi\u0105, i\u017c bez problemu wyregulujesz wysoko\u015b\u0107 po\u0142o\u017cenia podn\u00f3\u017ck\u00f3w pod swoje potrzeby. Gwarancja dobrej ergonomii.<\/br>Podn\u00f3\u017cki EVO zwi\u0119kszaj\u0105 stabilno\u015b\u0107, komfort i przyczepno\u015b\u0107 w r\u00f3\u017cnych warunkach. Zastosowane obrotowe ko\u0142o z\u0119bate, oferuje a\u017c 36 r\u00f3\u017cnych ustawie\u0144 podn\u00f3\u017cka. To sprawia, i\u017c bez problemu wyregulujesz wysoko\u015b\u0107 oraz k\u0105ta po\u0142o\u017cenia podn\u00f3\u017ck\u00f3w pod swoje potrzeby. Gwarancja najlepszej ergonomii. <\/br><\/br><b>W\u0142a\u015bciwo\u015bci:<\/b><\/p>\n<ul>\n<li> \u0141atwa instalacja na oryginalnym secie motocykla\n<li> 36 r\u00f3\u017cnych ustawie\u0144 po\u0142o\u017cenia (prz\u00f3d, ty\u0142, g\u00f3ra, d\u00f3\u0142, k\u0105t)\n<li> Mocne po\u0142\u0105czenie ze wzgl\u0119du na zastosowanie ko\u0142a z\u0119batego i skr\u0119canych element\u00f3w\n<li>Znaczniki u\u0142atwienie symetryczn\u0105 regulacj\u0119 z obu stron motocykla\n<li> Kszta\u0142t z zaokr\u0105glonymi kraw\u0119dziami zapewnia doskona\u0142\u0105 przyczepno\u015b\u0107\n<li> Materia\u0142: anodowana pow\u0142oka odporna na korozj\u0119 z odlewu stali nierdzewnej\n<li> Kolor: srebrny z czarn\u0105 gumow\u0105 nak\u0142adk\u0105<\/ul>\n<p><b>Zestaw zawiera:<\/b><\/p>\n<ul>\n<li> Podn\u00f3\u017cki EVO na lew\u0105 i praw\u0105 stron\u0119 motocykla oraz adapter dedykowany do motocykla\n<li> Materia\u0142 monta\u017cowy\n<li> Instrukcj\u0119 monta\u017cu<\/UL><br \/>\n","protected":false},"excerpt":{"rendered":"<p>Bezpieczne i ergonomiczne produkty firmy SW-MOTECH zapewniaj\u0105 znakomit\u0105 ochron\u0119, doskona\u0142e dopasowanie oraz wyj\u0105tkowy wygl\u0105d. Niezale\u017cnie od tego czy to os\u0142ona silnika, reflektora, cylindra, hamulca, d\u017awigni zmiany bieg\u00f3w, itp. ka\u017cdy produkt zosta\u0142 tak zaprojektowany aby idealnie konweniowa\u0107 z motocyklem. Podn\u00f3\u017cki EVO zwi\u0119kszaj\u0105 stabilno\u015b\u0107, komfort i przyczepno\u015b\u0107 w r\u00f3\u017cnych warunkach. Zastosowane otwory do mocowania sprawi\u0105, i\u017c bez [&hellip;]<\/p>\n","protected":false},"featured_media":8984,"template":"","meta":[],"product_brand":[386],"product_cat":[390],"product_tag":[],"class_list":{"0":"post-8985","1":"product","2":"type-product","3":"status-publish","4":"has-post-thumbnail","6":"product_brand-sw-motech","7":"product_cat-akcesoria-sw-motech-2","9":"first","10":"onbackorder","11":"taxable","12":"shipping-taxable","13":"purchasable","14":"product-type-simple"},"yoast_head":"<!-- This site is optimized with the Yoast SEO plugin v26.9 - https:\/\/yoast.com\/product\/yoast-seo-wordpress\/ -->\n<title>PODN\u00d3\u017bKI EVO SW-MOTECH TIGER 1050 BMW MODELS BLACK\/SILVER - MOTO-PAWMAR<\/title>\n<meta name=\"robots\" content=\"index, follow, max-snippet:-1, max-image-preview:large, max-video-preview:-1\" \/>\n<link rel=\"canonical\" href=\"https:\/\/moto-pawmar.pl\/?product=podn\u04efki-evo-sw-motech-tiger-1050-bmw-models-black-silver\" \/>\n<meta property=\"og:locale\" content=\"pl_PL\" \/>\n<meta property=\"og:type\" content=\"article\" \/>\n<meta property=\"og:title\" content=\"PODN\u00d3\u017bKI EVO SW-MOTECH TIGER 1050 BMW MODELS BLACK\/SILVER - MOTO-PAWMAR\" \/>\n<meta property=\"og:description\" content=\"Bezpieczne i ergonomiczne produkty firmy SW-MOTECH zapewniaj\u0105 znakomit\u0105 ochron\u0119, doskona\u0142e dopasowanie oraz wyj\u0105tkowy wygl\u0105d. Niezale\u017cnie od tego czy to os\u0142ona silnika, reflektora, cylindra, hamulca, d\u017awigni zmiany bieg\u00f3w, itp. ka\u017cdy produkt zosta\u0142 tak zaprojektowany aby idealnie konweniowa\u0107 z motocyklem. Podn\u00f3\u017cki EVO zwi\u0119kszaj\u0105 stabilno\u015b\u0107, komfort i przyczepno\u015b\u0107 w r\u00f3\u017cnych warunkach. Zastosowane otwory do mocowania sprawi\u0105, i\u017c bez [&hellip;]\" \/>\n<meta property=\"og:url\" content=\"https:\/\/moto-pawmar.pl\/?product=podn\u04efki-evo-sw-motech-tiger-1050-bmw-models-black-silver\" \/>\n<meta property=\"og:site_name\" content=\"MOTO-PAWMAR\" \/>\n<meta property=\"article:publisher\" content=\"https:\/\/www.facebook.com\/motopawmar\/?locale=pl_PL\" \/>\n<meta property=\"article:modified_time\" content=\"2026-01-29T08:21:26+00:00\" \/>\n<meta property=\"og:image\" content=\"https:\/\/moto-pawmar.pl\/wp-content\/uploads\/2026\/01\/146308_ZAL219954.jpg\" \/>\n\t<meta property=\"og:image:width\" content=\"800\" \/>\n\t<meta property=\"og:image:height\" content=\"533\" \/>\n\t<meta property=\"og:image:type\" content=\"image\/jpeg\" \/>\n<meta name=\"twitter:card\" content=\"summary_large_image\" \/>\n<meta name=\"twitter:label1\" content=\"Szacowany czas czytania\" \/>\n\t<meta name=\"twitter:data1\" content=\"1 minuta\" \/>\n<script type=\"application\/ld+json\" class=\"yoast-schema-graph\">{\"@context\":\"https:\/\/schema.org\",\"@graph\":[{\"@type\":\"WebPage\",\"@id\":\"https:\/\/moto-pawmar.pl\/?product=podn%d3%afki-evo-sw-motech-tiger-1050-bmw-models-black-silver\",\"url\":\"https:\/\/moto-pawmar.pl\/?product=podn%d3%afki-evo-sw-motech-tiger-1050-bmw-models-black-silver\",\"name\":\"PODN\u00d3\u017bKI EVO SW-MOTECH TIGER 1050 BMW MODELS BLACK\/SILVER - MOTO-PAWMAR\",\"isPartOf\":{\"@id\":\"https:\/\/moto-pawmar.pl\/#website\"},\"primaryImageOfPage\":{\"@id\":\"https:\/\/moto-pawmar.pl\/?product=podn%d3%afki-evo-sw-motech-tiger-1050-bmw-models-black-silver#primaryimage\"},\"image\":{\"@id\":\"https:\/\/moto-pawmar.pl\/?product=podn%d3%afki-evo-sw-motech-tiger-1050-bmw-models-black-silver#primaryimage\"},\"thumbnailUrl\":\"https:\/\/moto-pawmar.pl\/wp-content\/uploads\/2026\/01\/146308_ZAL219954.jpg\",\"datePublished\":\"2026-01-28T15:43:35+00:00\",\"dateModified\":\"2026-01-29T08:21:26+00:00\",\"breadcrumb\":{\"@id\":\"https:\/\/moto-pawmar.pl\/?product=podn%d3%afki-evo-sw-motech-tiger-1050-bmw-models-black-silver#breadcrumb\"},\"inLanguage\":\"pl-PL\",\"potentialAction\":[{\"@type\":\"ReadAction\",\"target\":[\"https:\/\/moto-pawmar.pl\/?product=podn%d3%afki-evo-sw-motech-tiger-1050-bmw-models-black-silver\"]}]},{\"@type\":\"ImageObject\",\"inLanguage\":\"pl-PL\",\"@id\":\"https:\/\/moto-pawmar.pl\/?product=podn%d3%afki-evo-sw-motech-tiger-1050-bmw-models-black-silver#primaryimage\",\"url\":\"https:\/\/moto-pawmar.pl\/wp-content\/uploads\/2026\/01\/146308_ZAL219954.jpg\",\"contentUrl\":\"https:\/\/moto-pawmar.pl\/wp-content\/uploads\/2026\/01\/146308_ZAL219954.jpg\",\"width\":800,\"height\":533},{\"@type\":\"BreadcrumbList\",\"@id\":\"https:\/\/moto-pawmar.pl\/?product=podn%d3%afki-evo-sw-motech-tiger-1050-bmw-models-black-silver#breadcrumb\",\"itemListElement\":[{\"@type\":\"ListItem\",\"position\":1,\"name\":\"Strona g\u0142\u00f3wna\",\"item\":\"https:\/\/moto-pawmar.pl\/\"},{\"@type\":\"ListItem\",\"position\":2,\"name\":\"Sklep Internetowy\",\"item\":\"https:\/\/moto-pawmar.pl\/?page_id=367\"},{\"@type\":\"ListItem\",\"position\":3,\"name\":\"PODN\u00d3\u017bKI EVO SW-MOTECH TIGER 1050 BMW MODELS BLACK\/SILVER\"}]},{\"@type\":\"WebSite\",\"@id\":\"https:\/\/moto-pawmar.pl\/#website\",\"url\":\"https:\/\/moto-pawmar.pl\/\",\"name\":\"MOTO-PAWMAR\",\"description\":\"MOTO\u2011PAWMAR \u2013 Tw\u00f3j sklep z cz\u0119\u015bciami i akcesoriami do motocykli, skuter\u00f3w i quad\u00f3w.\",\"publisher\":{\"@id\":\"https:\/\/moto-pawmar.pl\/#organization\"},\"potentialAction\":[{\"@type\":\"SearchAction\",\"target\":{\"@type\":\"EntryPoint\",\"urlTemplate\":\"https:\/\/moto-pawmar.pl\/?s={search_term_string}\"},\"query-input\":{\"@type\":\"PropertyValueSpecification\",\"valueRequired\":true,\"valueName\":\"search_term_string\"}}],\"inLanguage\":\"pl-PL\"},{\"@type\":\"Organization\",\"@id\":\"https:\/\/moto-pawmar.pl\/#organization\",\"name\":\"MOTO-PAWMAR\",\"url\":\"https:\/\/moto-pawmar.pl\/\",\"logo\":{\"@type\":\"ImageObject\",\"inLanguage\":\"pl-PL\",\"@id\":\"https:\/\/moto-pawmar.pl\/#\/schema\/logo\/image\/\",\"url\":\"https:\/\/moto-pawmar.pl\/wp-content\/uploads\/2025\/10\/LOGO-SKLEP.png\",\"contentUrl\":\"https:\/\/moto-pawmar.pl\/wp-content\/uploads\/2025\/10\/LOGO-SKLEP.png\",\"width\":2480,\"height\":2053,\"caption\":\"MOTO-PAWMAR\"},\"image\":{\"@id\":\"https:\/\/moto-pawmar.pl\/#\/schema\/logo\/image\/\"},\"sameAs\":[\"https:\/\/www.facebook.com\/motopawmar\/?locale=pl_PL\"]}]}<\/script>\n<!-- \/ Yoast SEO plugin. -->","yoast_head_json":{"title":"PODN\u00d3\u017bKI EVO SW-MOTECH TIGER 1050 BMW MODELS BLACK\/SILVER - MOTO-PAWMAR","robots":{"index":"index","follow":"follow","max-snippet":"max-snippet:-1","max-image-preview":"max-image-preview:large","max-video-preview":"max-video-preview:-1"},"canonical":"https:\/\/moto-pawmar.pl\/?product=podn\u04efki-evo-sw-motech-tiger-1050-bmw-models-black-silver","og_locale":"pl_PL","og_type":"article","og_title":"PODN\u00d3\u017bKI EVO SW-MOTECH TIGER 1050 BMW MODELS BLACK\/SILVER - MOTO-PAWMAR","og_description":"Bezpieczne i ergonomiczne produkty firmy SW-MOTECH zapewniaj\u0105 znakomit\u0105 ochron\u0119, doskona\u0142e dopasowanie oraz wyj\u0105tkowy wygl\u0105d. Niezale\u017cnie od tego czy to os\u0142ona silnika, reflektora, cylindra, hamulca, d\u017awigni zmiany bieg\u00f3w, itp. ka\u017cdy produkt zosta\u0142 tak zaprojektowany aby idealnie konweniowa\u0107 z motocyklem. Podn\u00f3\u017cki EVO zwi\u0119kszaj\u0105 stabilno\u015b\u0107, komfort i przyczepno\u015b\u0107 w r\u00f3\u017cnych warunkach. Zastosowane otwory do mocowania sprawi\u0105, i\u017c bez [&hellip;]","og_url":"https:\/\/moto-pawmar.pl\/?product=podn\u04efki-evo-sw-motech-tiger-1050-bmw-models-black-silver","og_site_name":"MOTO-PAWMAR","article_publisher":"https:\/\/www.facebook.com\/motopawmar\/?locale=pl_PL","article_modified_time":"2026-01-29T08:21:26+00:00","og_image":[{"width":800,"height":533,"url":"https:\/\/moto-pawmar.pl\/wp-content\/uploads\/2026\/01\/146308_ZAL219954.jpg","type":"image\/jpeg"}],"twitter_card":"summary_large_image","twitter_misc":{"Szacowany czas czytania":"1 minuta"},"schema":{"@context":"https:\/\/schema.org","@graph":[{"@type":"WebPage","@id":"https:\/\/moto-pawmar.pl\/?product=podn%d3%afki-evo-sw-motech-tiger-1050-bmw-models-black-silver","url":"https:\/\/moto-pawmar.pl\/?product=podn%d3%afki-evo-sw-motech-tiger-1050-bmw-models-black-silver","name":"PODN\u00d3\u017bKI EVO SW-MOTECH TIGER 1050 BMW MODELS BLACK\/SILVER - MOTO-PAWMAR","isPartOf":{"@id":"https:\/\/moto-pawmar.pl\/#website"},"primaryImageOfPage":{"@id":"https:\/\/moto-pawmar.pl\/?product=podn%d3%afki-evo-sw-motech-tiger-1050-bmw-models-black-silver#primaryimage"},"image":{"@id":"https:\/\/moto-pawmar.pl\/?product=podn%d3%afki-evo-sw-motech-tiger-1050-bmw-models-black-silver#primaryimage"},"thumbnailUrl":"https:\/\/moto-pawmar.pl\/wp-content\/uploads\/2026\/01\/146308_ZAL219954.jpg","datePublished":"2026-01-28T15:43:35+00:00","dateModified":"2026-01-29T08:21:26+00:00","breadcrumb":{"@id":"https:\/\/moto-pawmar.pl\/?product=podn%d3%afki-evo-sw-motech-tiger-1050-bmw-models-black-silver#breadcrumb"},"inLanguage":"pl-PL","potentialAction":[{"@type":"ReadAction","target":["https:\/\/moto-pawmar.pl\/?product=podn%d3%afki-evo-sw-motech-tiger-1050-bmw-models-black-silver"]}]},{"@type":"ImageObject","inLanguage":"pl-PL","@id":"https:\/\/moto-pawmar.pl\/?product=podn%d3%afki-evo-sw-motech-tiger-1050-bmw-models-black-silver#primaryimage","url":"https:\/\/moto-pawmar.pl\/wp-content\/uploads\/2026\/01\/146308_ZAL219954.jpg","contentUrl":"https:\/\/moto-pawmar.pl\/wp-content\/uploads\/2026\/01\/146308_ZAL219954.jpg","width":800,"height":533},{"@type":"BreadcrumbList","@id":"https:\/\/moto-pawmar.pl\/?product=podn%d3%afki-evo-sw-motech-tiger-1050-bmw-models-black-silver#breadcrumb","itemListElement":[{"@type":"ListItem","position":1,"name":"Strona g\u0142\u00f3wna","item":"https:\/\/moto-pawmar.pl\/"},{"@type":"ListItem","position":2,"name":"Sklep Internetowy","item":"https:\/\/moto-pawmar.pl\/?page_id=367"},{"@type":"ListItem","position":3,"name":"PODN\u00d3\u017bKI EVO SW-MOTECH TIGER 1050 BMW MODELS BLACK\/SILVER"}]},{"@type":"WebSite","@id":"https:\/\/moto-pawmar.pl\/#website","url":"https:\/\/moto-pawmar.pl\/","name":"MOTO-PAWMAR","description":"MOTO\u2011PAWMAR \u2013 Tw\u00f3j sklep z cz\u0119\u015bciami i akcesoriami do motocykli, skuter\u00f3w i quad\u00f3w.","publisher":{"@id":"https:\/\/moto-pawmar.pl\/#organization"},"potentialAction":[{"@type":"SearchAction","target":{"@type":"EntryPoint","urlTemplate":"https:\/\/moto-pawmar.pl\/?s={search_term_string}"},"query-input":{"@type":"PropertyValueSpecification","valueRequired":true,"valueName":"search_term_string"}}],"inLanguage":"pl-PL"},{"@type":"Organization","@id":"https:\/\/moto-pawmar.pl\/#organization","name":"MOTO-PAWMAR","url":"https:\/\/moto-pawmar.pl\/","logo":{"@type":"ImageObject","inLanguage":"pl-PL","@id":"https:\/\/moto-pawmar.pl\/#\/schema\/logo\/image\/","url":"https:\/\/moto-pawmar.pl\/wp-content\/uploads\/2025\/10\/LOGO-SKLEP.png","contentUrl":"https:\/\/moto-pawmar.pl\/wp-content\/uploads\/2025\/10\/LOGO-SKLEP.png","width":2480,"height":2053,"caption":"MOTO-PAWMAR"},"image":{"@id":"https:\/\/moto-pawmar.pl\/#\/schema\/logo\/image\/"},"sameAs":["https:\/\/www.facebook.com\/motopawmar\/?locale=pl_PL"]}]}},"_links":{"self":[{"href":"https:\/\/moto-pawmar.pl\/index.php?rest_route=\/wp\/v2\/product\/8985","targetHints":{"allow":["GET"]}}],"collection":[{"href":"https:\/\/moto-pawmar.pl\/index.php?rest_route=\/wp\/v2\/product"}],"about":[{"href":"https:\/\/moto-pawmar.pl\/index.php?rest_route=\/wp\/v2\/types\/product"}],"wp:featuredmedia":[{"embeddable":true,"href":"https:\/\/moto-pawmar.pl\/index.php?rest_route=\/wp\/v2\/media\/8984"}],"wp:attachment":[{"href":"https:\/\/moto-pawmar.pl\/index.php?rest_route=%2Fwp%2Fv2%2Fmedia&parent=8985"}],"wp:term":[{"taxonomy":"product_brand","embeddable":true,"href":"https:\/\/moto-pawmar.pl\/index.php?rest_route=%2Fwp%2Fv2%2Fproduct_brand&post=8985"},{"taxonomy":"product_cat","embeddable":true,"href":"https:\/\/moto-pawmar.pl\/index.php?rest_route=%2Fwp%2Fv2%2Fproduct_cat&post=8985"},{"taxonomy":"product_tag","embeddable":true,"href":"https:\/\/moto-pawmar.pl\/index.php?rest_route=%2Fwp%2Fv2%2Fproduct_tag&post=8985"}],"curies":[{"name":"wp","href":"https:\/\/api.w.org\/{rel}","templated":true}]}}