{"id":8891,"date":"2026-01-28T16:43:21","date_gmt":"2026-01-28T15:43:21","guid":{"rendered":"https:\/\/moto-pawmar.pl\/?product=podn%d3%afki-ion-sw-motech-honda-bmw-triumph-voge-models-silver"},"modified":"2026-01-29T09:21:21","modified_gmt":"2026-01-29T08:21:21","slug":"podn%d3%afki-ion-sw-motech-honda-bmw-triumph-voge-models-silver","status":"publish","type":"product","link":"https:\/\/moto-pawmar.pl\/?product=podn%d3%afki-ion-sw-motech-honda-bmw-triumph-voge-models-silver","title":{"rendered":"PODN\u00d3\u017bKI ION SW-MOTECH HONDA\/BMW\/TRIUMPH\/VOGE &#8211; MODELS SILVER"},"content":{"rendered":"<p>Podn\u00f3\u017cki ION zwi\u0119kszaj\u0105 stabilno\u015b\u0107, komfort i przyczepno\u015b\u0107 w r\u00f3\u017cnych warunkach. Zastosowane otwory do mocowania sprawi\u0105, i\u017c bez problemu wyregulujesz wysoko\u015b\u0107 po\u0142o\u017cenia podn\u00f3\u017ck\u00f3w pod swoje potrzeby. Gwarancja dobrej ergonomii.<\/BR><\/BR><B>W\u0142a\u015bciwo\u015bci:<\/B><UL><LI>Mocowany w uchwycie monta\u017cowym podn\u00f3\u017cka (secie)<LI>Wykonany z odpornej na korozj\u0119 stali nierdzewnej ze zdejmowan\u0105 gumow\u0105 nak\u0142adk\u0105<LI>Du\u017ca p\u0142aszczyzna kontaktu buta z podn\u00f3\u017ckiem <LI>Zmniejsza mo\u017cliwo\u015b\u0107 po\u015blizgu ze wzgl\u0119du na profilowan\u0105 powierzchni\u0119<LI>Adapter podn\u00f3\u017cka jest frezowany CNC, wykonane z wyj\u0105tkowo wytrzyma\u0142ego stopu aluminium <LI>Mo\u017cliwo\u015b\u0107 regulacji w dw\u00f3ch r\u00f3\u017cnych pozycjach (oryginalna pozycja i 15 mm ni\u017cej)<LI>Przystosowany do jazdy turystycznej jak i offroad<\/UL><B>Zestaw zawiera:<\/B><UL><LI>Podn\u00f3\u017cki ION na lew\u0105 i praw\u0105 stron\u0119 motocykla wraz z adapterem do uchwytu monta\u017cowego (seta)<LI>Materia\u0142y monta\u017cowe<LI>Instrukcj\u0119 monta\u017cu<\/UL><\/p>\n","protected":false},"excerpt":{"rendered":"<p>Podn\u00f3\u017cki ION zwi\u0119kszaj\u0105 stabilno\u015b\u0107, komfort i przyczepno\u015b\u0107 w r\u00f3\u017cnych warunkach. Zastosowane otwory do mocowania sprawi\u0105, i\u017c bez problemu wyregulujesz wysoko\u015b\u0107 po\u0142o\u017cenia podn\u00f3\u017ck\u00f3w pod swoje potrzeby. Gwarancja dobrej ergonomii.W\u0142a\u015bciwo\u015bci:Mocowany w uchwycie monta\u017cowym podn\u00f3\u017cka (secie)Wykonany z odpornej na korozj\u0119 stali nierdzewnej ze zdejmowan\u0105 gumow\u0105 nak\u0142adk\u0105Du\u017ca p\u0142aszczyzna kontaktu buta z podn\u00f3\u017ckiem Zmniejsza mo\u017cliwo\u015b\u0107 po\u015blizgu ze wzgl\u0119du na profilowan\u0105 [&hellip;]<\/p>\n","protected":false},"featured_media":8890,"template":"","meta":[],"product_brand":[386],"product_cat":[390],"product_tag":[],"class_list":{"0":"post-8891","1":"product","2":"type-product","3":"status-publish","4":"has-post-thumbnail","6":"product_brand-sw-motech","7":"product_cat-akcesoria-sw-motech-2","9":"first","10":"onbackorder","11":"taxable","12":"shipping-taxable","13":"purchasable","14":"product-type-simple"},"yoast_head":"<!-- This site is optimized with the Yoast SEO plugin v26.9 - https:\/\/yoast.com\/product\/yoast-seo-wordpress\/ -->\n<title>PODN\u00d3\u017bKI ION SW-MOTECH HONDA\/BMW\/TRIUMPH\/VOGE - MODELS SILVER - MOTO-PAWMAR<\/title>\n<meta name=\"robots\" content=\"index, follow, max-snippet:-1, max-image-preview:large, max-video-preview:-1\" \/>\n<link rel=\"canonical\" href=\"https:\/\/moto-pawmar.pl\/?product=podn\u04efki-ion-sw-motech-honda-bmw-triumph-voge-models-silver\" \/>\n<meta property=\"og:locale\" content=\"pl_PL\" \/>\n<meta property=\"og:type\" content=\"article\" \/>\n<meta property=\"og:title\" content=\"PODN\u00d3\u017bKI ION SW-MOTECH HONDA\/BMW\/TRIUMPH\/VOGE - MODELS SILVER - MOTO-PAWMAR\" \/>\n<meta property=\"og:description\" content=\"Podn\u00f3\u017cki ION zwi\u0119kszaj\u0105 stabilno\u015b\u0107, komfort i przyczepno\u015b\u0107 w r\u00f3\u017cnych warunkach. Zastosowane otwory do mocowania sprawi\u0105, i\u017c bez problemu wyregulujesz wysoko\u015b\u0107 po\u0142o\u017cenia podn\u00f3\u017ck\u00f3w pod swoje potrzeby. Gwarancja dobrej ergonomii.W\u0142a\u015bciwo\u015bci:Mocowany w uchwycie monta\u017cowym podn\u00f3\u017cka (secie)Wykonany z odpornej na korozj\u0119 stali nierdzewnej ze zdejmowan\u0105 gumow\u0105 nak\u0142adk\u0105Du\u017ca p\u0142aszczyzna kontaktu buta z podn\u00f3\u017ckiem Zmniejsza mo\u017cliwo\u015b\u0107 po\u015blizgu ze wzgl\u0119du na profilowan\u0105 [&hellip;]\" \/>\n<meta property=\"og:url\" content=\"https:\/\/moto-pawmar.pl\/?product=podn\u04efki-ion-sw-motech-honda-bmw-triumph-voge-models-silver\" \/>\n<meta property=\"og:site_name\" content=\"MOTO-PAWMAR\" \/>\n<meta property=\"article:publisher\" content=\"https:\/\/www.facebook.com\/motopawmar\/?locale=pl_PL\" \/>\n<meta property=\"article:modified_time\" content=\"2026-01-29T08:21:21+00:00\" \/>\n<meta property=\"og:image\" content=\"https:\/\/moto-pawmar.pl\/wp-content\/uploads\/2026\/01\/144595_ZAL196842.jpg\" \/>\n\t<meta property=\"og:image:width\" content=\"800\" \/>\n\t<meta property=\"og:image:height\" content=\"533\" \/>\n\t<meta property=\"og:image:type\" content=\"image\/jpeg\" \/>\n<meta name=\"twitter:card\" content=\"summary_large_image\" \/>\n<meta name=\"twitter:label1\" content=\"Szacowany czas czytania\" \/>\n\t<meta name=\"twitter:data1\" content=\"1 minuta\" \/>\n<script type=\"application\/ld+json\" class=\"yoast-schema-graph\">{\"@context\":\"https:\/\/schema.org\",\"@graph\":[{\"@type\":\"WebPage\",\"@id\":\"https:\/\/moto-pawmar.pl\/?product=podn%d3%afki-ion-sw-motech-honda-bmw-triumph-voge-models-silver\",\"url\":\"https:\/\/moto-pawmar.pl\/?product=podn%d3%afki-ion-sw-motech-honda-bmw-triumph-voge-models-silver\",\"name\":\"PODN\u00d3\u017bKI ION SW-MOTECH HONDA\/BMW\/TRIUMPH\/VOGE - MODELS SILVER - MOTO-PAWMAR\",\"isPartOf\":{\"@id\":\"https:\/\/moto-pawmar.pl\/#website\"},\"primaryImageOfPage\":{\"@id\":\"https:\/\/moto-pawmar.pl\/?product=podn%d3%afki-ion-sw-motech-honda-bmw-triumph-voge-models-silver#primaryimage\"},\"image\":{\"@id\":\"https:\/\/moto-pawmar.pl\/?product=podn%d3%afki-ion-sw-motech-honda-bmw-triumph-voge-models-silver#primaryimage\"},\"thumbnailUrl\":\"https:\/\/moto-pawmar.pl\/wp-content\/uploads\/2026\/01\/144595_ZAL196842.jpg\",\"datePublished\":\"2026-01-28T15:43:21+00:00\",\"dateModified\":\"2026-01-29T08:21:21+00:00\",\"breadcrumb\":{\"@id\":\"https:\/\/moto-pawmar.pl\/?product=podn%d3%afki-ion-sw-motech-honda-bmw-triumph-voge-models-silver#breadcrumb\"},\"inLanguage\":\"pl-PL\",\"potentialAction\":[{\"@type\":\"ReadAction\",\"target\":[\"https:\/\/moto-pawmar.pl\/?product=podn%d3%afki-ion-sw-motech-honda-bmw-triumph-voge-models-silver\"]}]},{\"@type\":\"ImageObject\",\"inLanguage\":\"pl-PL\",\"@id\":\"https:\/\/moto-pawmar.pl\/?product=podn%d3%afki-ion-sw-motech-honda-bmw-triumph-voge-models-silver#primaryimage\",\"url\":\"https:\/\/moto-pawmar.pl\/wp-content\/uploads\/2026\/01\/144595_ZAL196842.jpg\",\"contentUrl\":\"https:\/\/moto-pawmar.pl\/wp-content\/uploads\/2026\/01\/144595_ZAL196842.jpg\",\"width\":800,\"height\":533},{\"@type\":\"BreadcrumbList\",\"@id\":\"https:\/\/moto-pawmar.pl\/?product=podn%d3%afki-ion-sw-motech-honda-bmw-triumph-voge-models-silver#breadcrumb\",\"itemListElement\":[{\"@type\":\"ListItem\",\"position\":1,\"name\":\"Strona g\u0142\u00f3wna\",\"item\":\"https:\/\/moto-pawmar.pl\/\"},{\"@type\":\"ListItem\",\"position\":2,\"name\":\"Sklep Internetowy\",\"item\":\"https:\/\/moto-pawmar.pl\/?page_id=367\"},{\"@type\":\"ListItem\",\"position\":3,\"name\":\"PODN\u00d3\u017bKI ION SW-MOTECH HONDA\/BMW\/TRIUMPH\/VOGE &#8211; MODELS SILVER\"}]},{\"@type\":\"WebSite\",\"@id\":\"https:\/\/moto-pawmar.pl\/#website\",\"url\":\"https:\/\/moto-pawmar.pl\/\",\"name\":\"MOTO-PAWMAR\",\"description\":\"MOTO\u2011PAWMAR \u2013 Tw\u00f3j sklep z cz\u0119\u015bciami i akcesoriami do motocykli, skuter\u00f3w i quad\u00f3w.\",\"publisher\":{\"@id\":\"https:\/\/moto-pawmar.pl\/#organization\"},\"potentialAction\":[{\"@type\":\"SearchAction\",\"target\":{\"@type\":\"EntryPoint\",\"urlTemplate\":\"https:\/\/moto-pawmar.pl\/?s={search_term_string}\"},\"query-input\":{\"@type\":\"PropertyValueSpecification\",\"valueRequired\":true,\"valueName\":\"search_term_string\"}}],\"inLanguage\":\"pl-PL\"},{\"@type\":\"Organization\",\"@id\":\"https:\/\/moto-pawmar.pl\/#organization\",\"name\":\"MOTO-PAWMAR\",\"url\":\"https:\/\/moto-pawmar.pl\/\",\"logo\":{\"@type\":\"ImageObject\",\"inLanguage\":\"pl-PL\",\"@id\":\"https:\/\/moto-pawmar.pl\/#\/schema\/logo\/image\/\",\"url\":\"https:\/\/moto-pawmar.pl\/wp-content\/uploads\/2025\/10\/LOGO-SKLEP.png\",\"contentUrl\":\"https:\/\/moto-pawmar.pl\/wp-content\/uploads\/2025\/10\/LOGO-SKLEP.png\",\"width\":2480,\"height\":2053,\"caption\":\"MOTO-PAWMAR\"},\"image\":{\"@id\":\"https:\/\/moto-pawmar.pl\/#\/schema\/logo\/image\/\"},\"sameAs\":[\"https:\/\/www.facebook.com\/motopawmar\/?locale=pl_PL\"]}]}<\/script>\n<!-- \/ Yoast SEO plugin. -->","yoast_head_json":{"title":"PODN\u00d3\u017bKI ION SW-MOTECH HONDA\/BMW\/TRIUMPH\/VOGE - MODELS SILVER - MOTO-PAWMAR","robots":{"index":"index","follow":"follow","max-snippet":"max-snippet:-1","max-image-preview":"max-image-preview:large","max-video-preview":"max-video-preview:-1"},"canonical":"https:\/\/moto-pawmar.pl\/?product=podn\u04efki-ion-sw-motech-honda-bmw-triumph-voge-models-silver","og_locale":"pl_PL","og_type":"article","og_title":"PODN\u00d3\u017bKI ION SW-MOTECH HONDA\/BMW\/TRIUMPH\/VOGE - MODELS SILVER - MOTO-PAWMAR","og_description":"Podn\u00f3\u017cki ION zwi\u0119kszaj\u0105 stabilno\u015b\u0107, komfort i przyczepno\u015b\u0107 w r\u00f3\u017cnych warunkach. Zastosowane otwory do mocowania sprawi\u0105, i\u017c bez problemu wyregulujesz wysoko\u015b\u0107 po\u0142o\u017cenia podn\u00f3\u017ck\u00f3w pod swoje potrzeby. Gwarancja dobrej ergonomii.W\u0142a\u015bciwo\u015bci:Mocowany w uchwycie monta\u017cowym podn\u00f3\u017cka (secie)Wykonany z odpornej na korozj\u0119 stali nierdzewnej ze zdejmowan\u0105 gumow\u0105 nak\u0142adk\u0105Du\u017ca p\u0142aszczyzna kontaktu buta z podn\u00f3\u017ckiem Zmniejsza mo\u017cliwo\u015b\u0107 po\u015blizgu ze wzgl\u0119du na profilowan\u0105 [&hellip;]","og_url":"https:\/\/moto-pawmar.pl\/?product=podn\u04efki-ion-sw-motech-honda-bmw-triumph-voge-models-silver","og_site_name":"MOTO-PAWMAR","article_publisher":"https:\/\/www.facebook.com\/motopawmar\/?locale=pl_PL","article_modified_time":"2026-01-29T08:21:21+00:00","og_image":[{"width":800,"height":533,"url":"https:\/\/moto-pawmar.pl\/wp-content\/uploads\/2026\/01\/144595_ZAL196842.jpg","type":"image\/jpeg"}],"twitter_card":"summary_large_image","twitter_misc":{"Szacowany czas czytania":"1 minuta"},"schema":{"@context":"https:\/\/schema.org","@graph":[{"@type":"WebPage","@id":"https:\/\/moto-pawmar.pl\/?product=podn%d3%afki-ion-sw-motech-honda-bmw-triumph-voge-models-silver","url":"https:\/\/moto-pawmar.pl\/?product=podn%d3%afki-ion-sw-motech-honda-bmw-triumph-voge-models-silver","name":"PODN\u00d3\u017bKI ION SW-MOTECH HONDA\/BMW\/TRIUMPH\/VOGE - MODELS SILVER - MOTO-PAWMAR","isPartOf":{"@id":"https:\/\/moto-pawmar.pl\/#website"},"primaryImageOfPage":{"@id":"https:\/\/moto-pawmar.pl\/?product=podn%d3%afki-ion-sw-motech-honda-bmw-triumph-voge-models-silver#primaryimage"},"image":{"@id":"https:\/\/moto-pawmar.pl\/?product=podn%d3%afki-ion-sw-motech-honda-bmw-triumph-voge-models-silver#primaryimage"},"thumbnailUrl":"https:\/\/moto-pawmar.pl\/wp-content\/uploads\/2026\/01\/144595_ZAL196842.jpg","datePublished":"2026-01-28T15:43:21+00:00","dateModified":"2026-01-29T08:21:21+00:00","breadcrumb":{"@id":"https:\/\/moto-pawmar.pl\/?product=podn%d3%afki-ion-sw-motech-honda-bmw-triumph-voge-models-silver#breadcrumb"},"inLanguage":"pl-PL","potentialAction":[{"@type":"ReadAction","target":["https:\/\/moto-pawmar.pl\/?product=podn%d3%afki-ion-sw-motech-honda-bmw-triumph-voge-models-silver"]}]},{"@type":"ImageObject","inLanguage":"pl-PL","@id":"https:\/\/moto-pawmar.pl\/?product=podn%d3%afki-ion-sw-motech-honda-bmw-triumph-voge-models-silver#primaryimage","url":"https:\/\/moto-pawmar.pl\/wp-content\/uploads\/2026\/01\/144595_ZAL196842.jpg","contentUrl":"https:\/\/moto-pawmar.pl\/wp-content\/uploads\/2026\/01\/144595_ZAL196842.jpg","width":800,"height":533},{"@type":"BreadcrumbList","@id":"https:\/\/moto-pawmar.pl\/?product=podn%d3%afki-ion-sw-motech-honda-bmw-triumph-voge-models-silver#breadcrumb","itemListElement":[{"@type":"ListItem","position":1,"name":"Strona g\u0142\u00f3wna","item":"https:\/\/moto-pawmar.pl\/"},{"@type":"ListItem","position":2,"name":"Sklep Internetowy","item":"https:\/\/moto-pawmar.pl\/?page_id=367"},{"@type":"ListItem","position":3,"name":"PODN\u00d3\u017bKI ION SW-MOTECH HONDA\/BMW\/TRIUMPH\/VOGE &#8211; MODELS SILVER"}]},{"@type":"WebSite","@id":"https:\/\/moto-pawmar.pl\/#website","url":"https:\/\/moto-pawmar.pl\/","name":"MOTO-PAWMAR","description":"MOTO\u2011PAWMAR \u2013 Tw\u00f3j sklep z cz\u0119\u015bciami i akcesoriami do motocykli, skuter\u00f3w i quad\u00f3w.","publisher":{"@id":"https:\/\/moto-pawmar.pl\/#organization"},"potentialAction":[{"@type":"SearchAction","target":{"@type":"EntryPoint","urlTemplate":"https:\/\/moto-pawmar.pl\/?s={search_term_string}"},"query-input":{"@type":"PropertyValueSpecification","valueRequired":true,"valueName":"search_term_string"}}],"inLanguage":"pl-PL"},{"@type":"Organization","@id":"https:\/\/moto-pawmar.pl\/#organization","name":"MOTO-PAWMAR","url":"https:\/\/moto-pawmar.pl\/","logo":{"@type":"ImageObject","inLanguage":"pl-PL","@id":"https:\/\/moto-pawmar.pl\/#\/schema\/logo\/image\/","url":"https:\/\/moto-pawmar.pl\/wp-content\/uploads\/2025\/10\/LOGO-SKLEP.png","contentUrl":"https:\/\/moto-pawmar.pl\/wp-content\/uploads\/2025\/10\/LOGO-SKLEP.png","width":2480,"height":2053,"caption":"MOTO-PAWMAR"},"image":{"@id":"https:\/\/moto-pawmar.pl\/#\/schema\/logo\/image\/"},"sameAs":["https:\/\/www.facebook.com\/motopawmar\/?locale=pl_PL"]}]}},"_links":{"self":[{"href":"https:\/\/moto-pawmar.pl\/index.php?rest_route=\/wp\/v2\/product\/8891","targetHints":{"allow":["GET"]}}],"collection":[{"href":"https:\/\/moto-pawmar.pl\/index.php?rest_route=\/wp\/v2\/product"}],"about":[{"href":"https:\/\/moto-pawmar.pl\/index.php?rest_route=\/wp\/v2\/types\/product"}],"wp:featuredmedia":[{"embeddable":true,"href":"https:\/\/moto-pawmar.pl\/index.php?rest_route=\/wp\/v2\/media\/8890"}],"wp:attachment":[{"href":"https:\/\/moto-pawmar.pl\/index.php?rest_route=%2Fwp%2Fv2%2Fmedia&parent=8891"}],"wp:term":[{"taxonomy":"product_brand","embeddable":true,"href":"https:\/\/moto-pawmar.pl\/index.php?rest_route=%2Fwp%2Fv2%2Fproduct_brand&post=8891"},{"taxonomy":"product_cat","embeddable":true,"href":"https:\/\/moto-pawmar.pl\/index.php?rest_route=%2Fwp%2Fv2%2Fproduct_cat&post=8891"},{"taxonomy":"product_tag","embeddable":true,"href":"https:\/\/moto-pawmar.pl\/index.php?rest_route=%2Fwp%2Fv2%2Fproduct_tag&post=8891"}],"curies":[{"name":"wp","href":"https:\/\/api.w.org\/{rel}","templated":true}]}}