{"id":8723,"date":"2026-01-28T16:42:57","date_gmt":"2026-01-28T15:42:57","guid":{"rendered":"https:\/\/moto-pawmar.pl\/?product=nakadka-n%d3%afki-bocznej-sw-motech-kawasaki-models-black-silver"},"modified":"2026-01-29T09:21:10","modified_gmt":"2026-01-29T08:21:10","slug":"nakadka-n%d3%afki-bocznej-sw-motech-kawasaki-models-black-silver","status":"publish","type":"product","link":"https:\/\/moto-pawmar.pl\/?product=nakadka-n%d3%afki-bocznej-sw-motech-kawasaki-models-black-silver","title":{"rendered":"NAK\u0141ADKA N\u00d3\u017bKI BOCZNEJ SW-MOTECH KAWASAKI MODELS BLACK\/SILVER"},"content":{"rendered":"<p>Atrakcyjna nak\u0142adka na n\u00f3\u017ck\u0119 boczn\u0105, kt\u00f3ra przez zwi\u0119kszenie powierzchni styku z gruntem, zapobiega zapadaniu si\u0119 motocykla na nier\u00f3wnym jak i mi\u0119kkim pod\u0142o\u017cu. Wykonana jest z wytrzyma\u0142ego stopu aluminium anodowanego na kolor srebrny lub czarny. Kszta\u0142t jest \u015bci\u015ble opracowany pod ka\u017cdy motocykl, a precyzj\u0119 zapewniaj\u0105 maszyny CNC. Dodatkowo g\u00f3rna blaszka wykonana jest ze stali nierdzewnej co sprawia, i\u017c produkt jest bardzo wytrzyma\u0142y niezale\u017cnie od warunk\u00f3w w kt\u00f3rych jest u\u017cywany. Rowkowana g\u00f3rna kraw\u0119d\u017a, pomaga kierowcy \u0142atwo odchyli\u0107 n\u00f3\u017ck\u0119 boczn\u0105 nawet podczas noszenia ci\u0119\u017ckich but\u00f3w motocyklowych.<\/br><\/br><b>Cechy:<\/b><\/p>\n<ul>\n<li> Nak\u0142adka poszerzaj\u0105ca n\u00f3\u017ck\u0119 boczn\u0105 wykonana z wysokiej wytrzyma\u0142o\u015bci stopu aluminium,\n<li> Zapi\u0119cie trzymaj\u0105ce nak\u0142adk\u0119 z n\u00f3\u017ck\u0105 motocykla wykonane ze stali nierdzewnej,\n<li> Zapewnia bezpieczne parkowanie motocykla nawet na mi\u0119kkim lub nier\u00f3wnym pod\u0142o\u017cu<\/ul>\n<p><b>W zestawie znajduje si\u0119:<\/b><\/p>\n<ul>\n<li> nak\u0142adka n\u00f3\u017cki bocznej dedykowana pod dany model motocykla\n<li> materia\u0142y monta\u017cowe\n<li> instrukcja monta\u017cu\n<ul><\/UL><\/p>\n","protected":false},"excerpt":{"rendered":"<p>Atrakcyjna nak\u0142adka na n\u00f3\u017ck\u0119 boczn\u0105, kt\u00f3ra przez zwi\u0119kszenie powierzchni styku z gruntem, zapobiega zapadaniu si\u0119 motocykla na nier\u00f3wnym jak i mi\u0119kkim pod\u0142o\u017cu. Wykonana jest z wytrzyma\u0142ego stopu aluminium anodowanego na kolor srebrny lub czarny. Kszta\u0142t jest \u015bci\u015ble opracowany pod ka\u017cdy motocykl, a precyzj\u0119 zapewniaj\u0105 maszyny CNC. Dodatkowo g\u00f3rna blaszka wykonana jest ze stali nierdzewnej co [&hellip;]<\/p>\n","protected":false},"featured_media":8722,"template":"","meta":[],"product_brand":[386],"product_cat":[390],"product_tag":[],"class_list":{"0":"post-8723","1":"product","2":"type-product","3":"status-publish","4":"has-post-thumbnail","6":"product_brand-sw-motech","7":"product_cat-akcesoria-sw-motech-2","9":"first","10":"onbackorder","11":"taxable","12":"shipping-taxable","13":"purchasable","14":"product-type-simple"},"yoast_head":"<!-- This site is optimized with the Yoast SEO plugin v26.9 - https:\/\/yoast.com\/product\/yoast-seo-wordpress\/ -->\n<title>NAK\u0141ADKA N\u00d3\u017bKI BOCZNEJ SW-MOTECH KAWASAKI MODELS BLACK\/SILVER - MOTO-PAWMAR<\/title>\n<meta name=\"robots\" content=\"index, follow, max-snippet:-1, max-image-preview:large, max-video-preview:-1\" \/>\n<link rel=\"canonical\" href=\"https:\/\/moto-pawmar.pl\/?product=nakadka-n\u04efki-bocznej-sw-motech-kawasaki-models-black-silver\" \/>\n<meta property=\"og:locale\" content=\"pl_PL\" \/>\n<meta property=\"og:type\" content=\"article\" \/>\n<meta property=\"og:title\" content=\"NAK\u0141ADKA N\u00d3\u017bKI BOCZNEJ SW-MOTECH KAWASAKI MODELS BLACK\/SILVER - MOTO-PAWMAR\" \/>\n<meta property=\"og:description\" content=\"Atrakcyjna nak\u0142adka na n\u00f3\u017ck\u0119 boczn\u0105, kt\u00f3ra przez zwi\u0119kszenie powierzchni styku z gruntem, zapobiega zapadaniu si\u0119 motocykla na nier\u00f3wnym jak i mi\u0119kkim pod\u0142o\u017cu. Wykonana jest z wytrzyma\u0142ego stopu aluminium anodowanego na kolor srebrny lub czarny. Kszta\u0142t jest \u015bci\u015ble opracowany pod ka\u017cdy motocykl, a precyzj\u0119 zapewniaj\u0105 maszyny CNC. Dodatkowo g\u00f3rna blaszka wykonana jest ze stali nierdzewnej co [&hellip;]\" \/>\n<meta property=\"og:url\" content=\"https:\/\/moto-pawmar.pl\/?product=nakadka-n\u04efki-bocznej-sw-motech-kawasaki-models-black-silver\" \/>\n<meta property=\"og:site_name\" content=\"MOTO-PAWMAR\" \/>\n<meta property=\"article:publisher\" content=\"https:\/\/www.facebook.com\/motopawmar\/?locale=pl_PL\" \/>\n<meta property=\"article:modified_time\" content=\"2026-01-29T08:21:10+00:00\" \/>\n<meta property=\"og:image\" content=\"https:\/\/moto-pawmar.pl\/wp-content\/uploads\/2026\/01\/113580_ZAL127317.jpg\" \/>\n\t<meta property=\"og:image:width\" content=\"380\" \/>\n\t<meta property=\"og:image:height\" content=\"285\" \/>\n\t<meta property=\"og:image:type\" content=\"image\/jpeg\" \/>\n<meta name=\"twitter:card\" content=\"summary_large_image\" \/>\n<meta name=\"twitter:label1\" content=\"Szacowany czas czytania\" \/>\n\t<meta name=\"twitter:data1\" content=\"1 minuta\" \/>\n<script type=\"application\/ld+json\" class=\"yoast-schema-graph\">{\"@context\":\"https:\/\/schema.org\",\"@graph\":[{\"@type\":\"WebPage\",\"@id\":\"https:\/\/moto-pawmar.pl\/?product=nakadka-n%d3%afki-bocznej-sw-motech-kawasaki-models-black-silver\",\"url\":\"https:\/\/moto-pawmar.pl\/?product=nakadka-n%d3%afki-bocznej-sw-motech-kawasaki-models-black-silver\",\"name\":\"NAK\u0141ADKA N\u00d3\u017bKI BOCZNEJ SW-MOTECH KAWASAKI MODELS BLACK\/SILVER - MOTO-PAWMAR\",\"isPartOf\":{\"@id\":\"https:\/\/moto-pawmar.pl\/#website\"},\"primaryImageOfPage\":{\"@id\":\"https:\/\/moto-pawmar.pl\/?product=nakadka-n%d3%afki-bocznej-sw-motech-kawasaki-models-black-silver#primaryimage\"},\"image\":{\"@id\":\"https:\/\/moto-pawmar.pl\/?product=nakadka-n%d3%afki-bocznej-sw-motech-kawasaki-models-black-silver#primaryimage\"},\"thumbnailUrl\":\"https:\/\/moto-pawmar.pl\/wp-content\/uploads\/2026\/01\/113580_ZAL127317.jpg\",\"datePublished\":\"2026-01-28T15:42:57+00:00\",\"dateModified\":\"2026-01-29T08:21:10+00:00\",\"breadcrumb\":{\"@id\":\"https:\/\/moto-pawmar.pl\/?product=nakadka-n%d3%afki-bocznej-sw-motech-kawasaki-models-black-silver#breadcrumb\"},\"inLanguage\":\"pl-PL\",\"potentialAction\":[{\"@type\":\"ReadAction\",\"target\":[\"https:\/\/moto-pawmar.pl\/?product=nakadka-n%d3%afki-bocznej-sw-motech-kawasaki-models-black-silver\"]}]},{\"@type\":\"ImageObject\",\"inLanguage\":\"pl-PL\",\"@id\":\"https:\/\/moto-pawmar.pl\/?product=nakadka-n%d3%afki-bocznej-sw-motech-kawasaki-models-black-silver#primaryimage\",\"url\":\"https:\/\/moto-pawmar.pl\/wp-content\/uploads\/2026\/01\/113580_ZAL127317.jpg\",\"contentUrl\":\"https:\/\/moto-pawmar.pl\/wp-content\/uploads\/2026\/01\/113580_ZAL127317.jpg\",\"width\":380,\"height\":285},{\"@type\":\"BreadcrumbList\",\"@id\":\"https:\/\/moto-pawmar.pl\/?product=nakadka-n%d3%afki-bocznej-sw-motech-kawasaki-models-black-silver#breadcrumb\",\"itemListElement\":[{\"@type\":\"ListItem\",\"position\":1,\"name\":\"Strona g\u0142\u00f3wna\",\"item\":\"https:\/\/moto-pawmar.pl\/\"},{\"@type\":\"ListItem\",\"position\":2,\"name\":\"Sklep Internetowy\",\"item\":\"https:\/\/moto-pawmar.pl\/?page_id=367\"},{\"@type\":\"ListItem\",\"position\":3,\"name\":\"NAK\u0141ADKA N\u00d3\u017bKI BOCZNEJ SW-MOTECH KAWASAKI MODELS BLACK\/SILVER\"}]},{\"@type\":\"WebSite\",\"@id\":\"https:\/\/moto-pawmar.pl\/#website\",\"url\":\"https:\/\/moto-pawmar.pl\/\",\"name\":\"MOTO-PAWMAR\",\"description\":\"MOTO\u2011PAWMAR \u2013 Tw\u00f3j sklep z cz\u0119\u015bciami i akcesoriami do motocykli, skuter\u00f3w i quad\u00f3w.\",\"publisher\":{\"@id\":\"https:\/\/moto-pawmar.pl\/#organization\"},\"potentialAction\":[{\"@type\":\"SearchAction\",\"target\":{\"@type\":\"EntryPoint\",\"urlTemplate\":\"https:\/\/moto-pawmar.pl\/?s={search_term_string}\"},\"query-input\":{\"@type\":\"PropertyValueSpecification\",\"valueRequired\":true,\"valueName\":\"search_term_string\"}}],\"inLanguage\":\"pl-PL\"},{\"@type\":\"Organization\",\"@id\":\"https:\/\/moto-pawmar.pl\/#organization\",\"name\":\"MOTO-PAWMAR\",\"url\":\"https:\/\/moto-pawmar.pl\/\",\"logo\":{\"@type\":\"ImageObject\",\"inLanguage\":\"pl-PL\",\"@id\":\"https:\/\/moto-pawmar.pl\/#\/schema\/logo\/image\/\",\"url\":\"https:\/\/moto-pawmar.pl\/wp-content\/uploads\/2025\/10\/LOGO-SKLEP.png\",\"contentUrl\":\"https:\/\/moto-pawmar.pl\/wp-content\/uploads\/2025\/10\/LOGO-SKLEP.png\",\"width\":2480,\"height\":2053,\"caption\":\"MOTO-PAWMAR\"},\"image\":{\"@id\":\"https:\/\/moto-pawmar.pl\/#\/schema\/logo\/image\/\"},\"sameAs\":[\"https:\/\/www.facebook.com\/motopawmar\/?locale=pl_PL\"]}]}<\/script>\n<!-- \/ Yoast SEO plugin. -->","yoast_head_json":{"title":"NAK\u0141ADKA N\u00d3\u017bKI BOCZNEJ SW-MOTECH KAWASAKI MODELS BLACK\/SILVER - MOTO-PAWMAR","robots":{"index":"index","follow":"follow","max-snippet":"max-snippet:-1","max-image-preview":"max-image-preview:large","max-video-preview":"max-video-preview:-1"},"canonical":"https:\/\/moto-pawmar.pl\/?product=nakadka-n\u04efki-bocznej-sw-motech-kawasaki-models-black-silver","og_locale":"pl_PL","og_type":"article","og_title":"NAK\u0141ADKA N\u00d3\u017bKI BOCZNEJ SW-MOTECH KAWASAKI MODELS BLACK\/SILVER - MOTO-PAWMAR","og_description":"Atrakcyjna nak\u0142adka na n\u00f3\u017ck\u0119 boczn\u0105, kt\u00f3ra przez zwi\u0119kszenie powierzchni styku z gruntem, zapobiega zapadaniu si\u0119 motocykla na nier\u00f3wnym jak i mi\u0119kkim pod\u0142o\u017cu. Wykonana jest z wytrzyma\u0142ego stopu aluminium anodowanego na kolor srebrny lub czarny. Kszta\u0142t jest \u015bci\u015ble opracowany pod ka\u017cdy motocykl, a precyzj\u0119 zapewniaj\u0105 maszyny CNC. Dodatkowo g\u00f3rna blaszka wykonana jest ze stali nierdzewnej co [&hellip;]","og_url":"https:\/\/moto-pawmar.pl\/?product=nakadka-n\u04efki-bocznej-sw-motech-kawasaki-models-black-silver","og_site_name":"MOTO-PAWMAR","article_publisher":"https:\/\/www.facebook.com\/motopawmar\/?locale=pl_PL","article_modified_time":"2026-01-29T08:21:10+00:00","og_image":[{"width":380,"height":285,"url":"https:\/\/moto-pawmar.pl\/wp-content\/uploads\/2026\/01\/113580_ZAL127317.jpg","type":"image\/jpeg"}],"twitter_card":"summary_large_image","twitter_misc":{"Szacowany czas czytania":"1 minuta"},"schema":{"@context":"https:\/\/schema.org","@graph":[{"@type":"WebPage","@id":"https:\/\/moto-pawmar.pl\/?product=nakadka-n%d3%afki-bocznej-sw-motech-kawasaki-models-black-silver","url":"https:\/\/moto-pawmar.pl\/?product=nakadka-n%d3%afki-bocznej-sw-motech-kawasaki-models-black-silver","name":"NAK\u0141ADKA N\u00d3\u017bKI BOCZNEJ SW-MOTECH KAWASAKI MODELS BLACK\/SILVER - MOTO-PAWMAR","isPartOf":{"@id":"https:\/\/moto-pawmar.pl\/#website"},"primaryImageOfPage":{"@id":"https:\/\/moto-pawmar.pl\/?product=nakadka-n%d3%afki-bocznej-sw-motech-kawasaki-models-black-silver#primaryimage"},"image":{"@id":"https:\/\/moto-pawmar.pl\/?product=nakadka-n%d3%afki-bocznej-sw-motech-kawasaki-models-black-silver#primaryimage"},"thumbnailUrl":"https:\/\/moto-pawmar.pl\/wp-content\/uploads\/2026\/01\/113580_ZAL127317.jpg","datePublished":"2026-01-28T15:42:57+00:00","dateModified":"2026-01-29T08:21:10+00:00","breadcrumb":{"@id":"https:\/\/moto-pawmar.pl\/?product=nakadka-n%d3%afki-bocznej-sw-motech-kawasaki-models-black-silver#breadcrumb"},"inLanguage":"pl-PL","potentialAction":[{"@type":"ReadAction","target":["https:\/\/moto-pawmar.pl\/?product=nakadka-n%d3%afki-bocznej-sw-motech-kawasaki-models-black-silver"]}]},{"@type":"ImageObject","inLanguage":"pl-PL","@id":"https:\/\/moto-pawmar.pl\/?product=nakadka-n%d3%afki-bocznej-sw-motech-kawasaki-models-black-silver#primaryimage","url":"https:\/\/moto-pawmar.pl\/wp-content\/uploads\/2026\/01\/113580_ZAL127317.jpg","contentUrl":"https:\/\/moto-pawmar.pl\/wp-content\/uploads\/2026\/01\/113580_ZAL127317.jpg","width":380,"height":285},{"@type":"BreadcrumbList","@id":"https:\/\/moto-pawmar.pl\/?product=nakadka-n%d3%afki-bocznej-sw-motech-kawasaki-models-black-silver#breadcrumb","itemListElement":[{"@type":"ListItem","position":1,"name":"Strona g\u0142\u00f3wna","item":"https:\/\/moto-pawmar.pl\/"},{"@type":"ListItem","position":2,"name":"Sklep Internetowy","item":"https:\/\/moto-pawmar.pl\/?page_id=367"},{"@type":"ListItem","position":3,"name":"NAK\u0141ADKA N\u00d3\u017bKI BOCZNEJ SW-MOTECH KAWASAKI MODELS BLACK\/SILVER"}]},{"@type":"WebSite","@id":"https:\/\/moto-pawmar.pl\/#website","url":"https:\/\/moto-pawmar.pl\/","name":"MOTO-PAWMAR","description":"MOTO\u2011PAWMAR \u2013 Tw\u00f3j sklep z cz\u0119\u015bciami i akcesoriami do motocykli, skuter\u00f3w i quad\u00f3w.","publisher":{"@id":"https:\/\/moto-pawmar.pl\/#organization"},"potentialAction":[{"@type":"SearchAction","target":{"@type":"EntryPoint","urlTemplate":"https:\/\/moto-pawmar.pl\/?s={search_term_string}"},"query-input":{"@type":"PropertyValueSpecification","valueRequired":true,"valueName":"search_term_string"}}],"inLanguage":"pl-PL"},{"@type":"Organization","@id":"https:\/\/moto-pawmar.pl\/#organization","name":"MOTO-PAWMAR","url":"https:\/\/moto-pawmar.pl\/","logo":{"@type":"ImageObject","inLanguage":"pl-PL","@id":"https:\/\/moto-pawmar.pl\/#\/schema\/logo\/image\/","url":"https:\/\/moto-pawmar.pl\/wp-content\/uploads\/2025\/10\/LOGO-SKLEP.png","contentUrl":"https:\/\/moto-pawmar.pl\/wp-content\/uploads\/2025\/10\/LOGO-SKLEP.png","width":2480,"height":2053,"caption":"MOTO-PAWMAR"},"image":{"@id":"https:\/\/moto-pawmar.pl\/#\/schema\/logo\/image\/"},"sameAs":["https:\/\/www.facebook.com\/motopawmar\/?locale=pl_PL"]}]}},"_links":{"self":[{"href":"https:\/\/moto-pawmar.pl\/index.php?rest_route=\/wp\/v2\/product\/8723","targetHints":{"allow":["GET"]}}],"collection":[{"href":"https:\/\/moto-pawmar.pl\/index.php?rest_route=\/wp\/v2\/product"}],"about":[{"href":"https:\/\/moto-pawmar.pl\/index.php?rest_route=\/wp\/v2\/types\/product"}],"wp:featuredmedia":[{"embeddable":true,"href":"https:\/\/moto-pawmar.pl\/index.php?rest_route=\/wp\/v2\/media\/8722"}],"wp:attachment":[{"href":"https:\/\/moto-pawmar.pl\/index.php?rest_route=%2Fwp%2Fv2%2Fmedia&parent=8723"}],"wp:term":[{"taxonomy":"product_brand","embeddable":true,"href":"https:\/\/moto-pawmar.pl\/index.php?rest_route=%2Fwp%2Fv2%2Fproduct_brand&post=8723"},{"taxonomy":"product_cat","embeddable":true,"href":"https:\/\/moto-pawmar.pl\/index.php?rest_route=%2Fwp%2Fv2%2Fproduct_cat&post=8723"},{"taxonomy":"product_tag","embeddable":true,"href":"https:\/\/moto-pawmar.pl\/index.php?rest_route=%2Fwp%2Fv2%2Fproduct_tag&post=8723"}],"curies":[{"name":"wp","href":"https:\/\/api.w.org\/{rel}","templated":true}]}}