{"id":8617,"date":"2026-01-28T16:42:41","date_gmt":"2026-01-28T15:42:41","guid":{"rendered":"https:\/\/moto-pawmar.pl\/?product=plecak-motocyklowy-sw-motech-flexpack-wodoodporny-black-30l"},"modified":"2026-01-29T09:21:01","modified_gmt":"2026-01-29T08:21:01","slug":"plecak-motocyklowy-sw-motech-flexpack-wodoodporny-black-30l","status":"publish","type":"product","link":"https:\/\/moto-pawmar.pl\/?product=plecak-motocyklowy-sw-motech-flexpack-wodoodporny-black-30l","title":{"rendered":"PLECAK MOTOCYKLOWY SW-MOTECH FLEXPACK WODOODPORNY BLACK 30L"},"content":{"rendered":"<p>Plecak Flexpack od SW-MOTECH to niezwykle praktyczne rozwi\u0105zanie dla motocyklist&oacute;w ceni\u0105cych kompaktowo\u015b\u0107 i funkcjonalno\u015b\u0107. Po z\u0142o\u017ceniu plecak ma rozmiar pi\u0119\u015bci i mie\u015bci si\u0119 do ka\u017cdej torby na bak, ale w razie potrzeby b\u0142yskawicznie przekszta\u0142ca si\u0119 w przestronny plecak o pojemno\u015bci do 30 litr&oacute;w, zdolny pomie\u015bci\u0107 nawet kask motocyklowy. Wykonany z lekkiego poliestru ripstop 75D z pow\u0142ok\u0105 PU, zapewnia ochron\u0119 przed warunkami atmosferycznymi, gwarantuj\u0105c trwa\u0142o\u015b\u0107 i niezawodno\u015b\u0107.<\/p>\n<p>Zaprojektowany z my\u015bl\u0105 o motocyklistach, Flexpack \u0142\u0105czy wysokiej jako\u015bci materia\u0142y z ergonomicznym systemem no\u015bnym, kt&oacute;ry zapewnia maksymalny komfort zar&oacute;wno podczas jazdy, jak i pieszych w\u0119dr&oacute;wek. Staranne wykonanie i funkcjonalny design sprawiaj\u0105, \u017ce jest to idealny towarzysz na kr&oacute;tkie i d\u0142ugie wyprawy.<\/p>\n<p>&#8211; Niezwykle kompaktowy rozmiar po z\u0142o\u017ceniu<br \/>&#8211; Mie\u015bci kask motocyklowy<\/p>\n<p>Zawarto\u015b\u0107 zestawu<br \/>&#8211; 1 x Plecak Flexpack<\/p>\n<p>Szczeg&oacute;\u0142y<br \/>&#8211; Materia\u0142: Poliester ripstop 75D<br \/>&#8211; Kolor: czarny<br \/>&#8211; Wymiary: 2,2 x 2,2 x 5,0 cm \/ 0,9 x 0,9 x 2,0 in (z\u0142o\u017cony)<br \/>&#8211; Waga ca\u0142kowita: ok. 0,2 kg \/ ok. 0,4 lb<br \/>&#8211; Pojemno\u015b\u0107 ca\u0142kowita: 30,0 l<\/p>\n","protected":false},"excerpt":{"rendered":"<p>Plecak Flexpack od SW-MOTECH to niezwykle praktyczne rozwi\u0105zanie dla motocyklist&oacute;w ceni\u0105cych kompaktowo\u015b\u0107 i funkcjonalno\u015b\u0107. Po z\u0142o\u017ceniu plecak ma rozmiar pi\u0119\u015bci i mie\u015bci si\u0119 do ka\u017cdej torby na bak, ale w razie potrzeby b\u0142yskawicznie przekszta\u0142ca si\u0119 w przestronny plecak o pojemno\u015bci do 30 litr&oacute;w, zdolny pomie\u015bci\u0107 nawet kask motocyklowy. Wykonany z lekkiego poliestru ripstop 75D z [&hellip;]<\/p>\n","protected":false},"featured_media":8616,"template":"","meta":[],"product_brand":[386],"product_cat":[390],"product_tag":[],"class_list":{"0":"post-8617","1":"product","2":"type-product","3":"status-publish","4":"has-post-thumbnail","6":"product_brand-sw-motech","7":"product_cat-akcesoria-sw-motech-2","9":"first","10":"onbackorder","11":"taxable","12":"shipping-taxable","13":"purchasable","14":"product-type-simple"},"yoast_head":"<!-- This site is optimized with the Yoast SEO plugin v26.9 - https:\/\/yoast.com\/product\/yoast-seo-wordpress\/ -->\n<title>PLECAK MOTOCYKLOWY SW-MOTECH FLEXPACK WODOODPORNY BLACK 30L - MOTO-PAWMAR<\/title>\n<meta name=\"robots\" content=\"index, follow, max-snippet:-1, max-image-preview:large, max-video-preview:-1\" \/>\n<link rel=\"canonical\" href=\"https:\/\/moto-pawmar.pl\/?product=plecak-motocyklowy-sw-motech-flexpack-wodoodporny-black-30l\" \/>\n<meta property=\"og:locale\" content=\"pl_PL\" \/>\n<meta property=\"og:type\" content=\"article\" \/>\n<meta property=\"og:title\" content=\"PLECAK MOTOCYKLOWY SW-MOTECH FLEXPACK WODOODPORNY BLACK 30L - MOTO-PAWMAR\" \/>\n<meta property=\"og:description\" content=\"Plecak Flexpack od SW-MOTECH to niezwykle praktyczne rozwi\u0105zanie dla motocyklist&oacute;w ceni\u0105cych kompaktowo\u015b\u0107 i funkcjonalno\u015b\u0107. Po z\u0142o\u017ceniu plecak ma rozmiar pi\u0119\u015bci i mie\u015bci si\u0119 do ka\u017cdej torby na bak, ale w razie potrzeby b\u0142yskawicznie przekszta\u0142ca si\u0119 w przestronny plecak o pojemno\u015bci do 30 litr&oacute;w, zdolny pomie\u015bci\u0107 nawet kask motocyklowy. Wykonany z lekkiego poliestru ripstop 75D z [&hellip;]\" \/>\n<meta property=\"og:url\" content=\"https:\/\/moto-pawmar.pl\/?product=plecak-motocyklowy-sw-motech-flexpack-wodoodporny-black-30l\" \/>\n<meta property=\"og:site_name\" content=\"MOTO-PAWMAR\" \/>\n<meta property=\"article:publisher\" content=\"https:\/\/www.facebook.com\/motopawmar\/?locale=pl_PL\" \/>\n<meta property=\"article:modified_time\" content=\"2026-01-29T08:21:01+00:00\" \/>\n<meta property=\"og:image\" content=\"https:\/\/moto-pawmar.pl\/wp-content\/uploads\/2026\/01\/099995_ZAL205465.jpg\" \/>\n\t<meta property=\"og:image:width\" content=\"800\" \/>\n\t<meta property=\"og:image:height\" content=\"533\" \/>\n\t<meta property=\"og:image:type\" content=\"image\/jpeg\" \/>\n<meta name=\"twitter:card\" content=\"summary_large_image\" \/>\n<meta name=\"twitter:label1\" content=\"Szacowany czas czytania\" \/>\n\t<meta name=\"twitter:data1\" content=\"1 minuta\" \/>\n<script type=\"application\/ld+json\" class=\"yoast-schema-graph\">{\"@context\":\"https:\/\/schema.org\",\"@graph\":[{\"@type\":\"WebPage\",\"@id\":\"https:\/\/moto-pawmar.pl\/?product=plecak-motocyklowy-sw-motech-flexpack-wodoodporny-black-30l\",\"url\":\"https:\/\/moto-pawmar.pl\/?product=plecak-motocyklowy-sw-motech-flexpack-wodoodporny-black-30l\",\"name\":\"PLECAK MOTOCYKLOWY SW-MOTECH FLEXPACK WODOODPORNY BLACK 30L - MOTO-PAWMAR\",\"isPartOf\":{\"@id\":\"https:\/\/moto-pawmar.pl\/#website\"},\"primaryImageOfPage\":{\"@id\":\"https:\/\/moto-pawmar.pl\/?product=plecak-motocyklowy-sw-motech-flexpack-wodoodporny-black-30l#primaryimage\"},\"image\":{\"@id\":\"https:\/\/moto-pawmar.pl\/?product=plecak-motocyklowy-sw-motech-flexpack-wodoodporny-black-30l#primaryimage\"},\"thumbnailUrl\":\"https:\/\/moto-pawmar.pl\/wp-content\/uploads\/2026\/01\/099995_ZAL205465.jpg\",\"datePublished\":\"2026-01-28T15:42:41+00:00\",\"dateModified\":\"2026-01-29T08:21:01+00:00\",\"breadcrumb\":{\"@id\":\"https:\/\/moto-pawmar.pl\/?product=plecak-motocyklowy-sw-motech-flexpack-wodoodporny-black-30l#breadcrumb\"},\"inLanguage\":\"pl-PL\",\"potentialAction\":[{\"@type\":\"ReadAction\",\"target\":[\"https:\/\/moto-pawmar.pl\/?product=plecak-motocyklowy-sw-motech-flexpack-wodoodporny-black-30l\"]}]},{\"@type\":\"ImageObject\",\"inLanguage\":\"pl-PL\",\"@id\":\"https:\/\/moto-pawmar.pl\/?product=plecak-motocyklowy-sw-motech-flexpack-wodoodporny-black-30l#primaryimage\",\"url\":\"https:\/\/moto-pawmar.pl\/wp-content\/uploads\/2026\/01\/099995_ZAL205465.jpg\",\"contentUrl\":\"https:\/\/moto-pawmar.pl\/wp-content\/uploads\/2026\/01\/099995_ZAL205465.jpg\",\"width\":800,\"height\":533},{\"@type\":\"BreadcrumbList\",\"@id\":\"https:\/\/moto-pawmar.pl\/?product=plecak-motocyklowy-sw-motech-flexpack-wodoodporny-black-30l#breadcrumb\",\"itemListElement\":[{\"@type\":\"ListItem\",\"position\":1,\"name\":\"Strona g\u0142\u00f3wna\",\"item\":\"https:\/\/moto-pawmar.pl\/\"},{\"@type\":\"ListItem\",\"position\":2,\"name\":\"Sklep Internetowy\",\"item\":\"https:\/\/moto-pawmar.pl\/?page_id=367\"},{\"@type\":\"ListItem\",\"position\":3,\"name\":\"PLECAK MOTOCYKLOWY SW-MOTECH FLEXPACK WODOODPORNY BLACK 30L\"}]},{\"@type\":\"WebSite\",\"@id\":\"https:\/\/moto-pawmar.pl\/#website\",\"url\":\"https:\/\/moto-pawmar.pl\/\",\"name\":\"MOTO-PAWMAR\",\"description\":\"MOTO\u2011PAWMAR \u2013 Tw\u00f3j sklep z cz\u0119\u015bciami i akcesoriami do motocykli, skuter\u00f3w i quad\u00f3w.\",\"publisher\":{\"@id\":\"https:\/\/moto-pawmar.pl\/#organization\"},\"potentialAction\":[{\"@type\":\"SearchAction\",\"target\":{\"@type\":\"EntryPoint\",\"urlTemplate\":\"https:\/\/moto-pawmar.pl\/?s={search_term_string}\"},\"query-input\":{\"@type\":\"PropertyValueSpecification\",\"valueRequired\":true,\"valueName\":\"search_term_string\"}}],\"inLanguage\":\"pl-PL\"},{\"@type\":\"Organization\",\"@id\":\"https:\/\/moto-pawmar.pl\/#organization\",\"name\":\"MOTO-PAWMAR\",\"url\":\"https:\/\/moto-pawmar.pl\/\",\"logo\":{\"@type\":\"ImageObject\",\"inLanguage\":\"pl-PL\",\"@id\":\"https:\/\/moto-pawmar.pl\/#\/schema\/logo\/image\/\",\"url\":\"https:\/\/moto-pawmar.pl\/wp-content\/uploads\/2025\/10\/LOGO-SKLEP.png\",\"contentUrl\":\"https:\/\/moto-pawmar.pl\/wp-content\/uploads\/2025\/10\/LOGO-SKLEP.png\",\"width\":2480,\"height\":2053,\"caption\":\"MOTO-PAWMAR\"},\"image\":{\"@id\":\"https:\/\/moto-pawmar.pl\/#\/schema\/logo\/image\/\"},\"sameAs\":[\"https:\/\/www.facebook.com\/motopawmar\/?locale=pl_PL\"]}]}<\/script>\n<!-- \/ Yoast SEO plugin. -->","yoast_head_json":{"title":"PLECAK MOTOCYKLOWY SW-MOTECH FLEXPACK WODOODPORNY BLACK 30L - MOTO-PAWMAR","robots":{"index":"index","follow":"follow","max-snippet":"max-snippet:-1","max-image-preview":"max-image-preview:large","max-video-preview":"max-video-preview:-1"},"canonical":"https:\/\/moto-pawmar.pl\/?product=plecak-motocyklowy-sw-motech-flexpack-wodoodporny-black-30l","og_locale":"pl_PL","og_type":"article","og_title":"PLECAK MOTOCYKLOWY SW-MOTECH FLEXPACK WODOODPORNY BLACK 30L - MOTO-PAWMAR","og_description":"Plecak Flexpack od SW-MOTECH to niezwykle praktyczne rozwi\u0105zanie dla motocyklist&oacute;w ceni\u0105cych kompaktowo\u015b\u0107 i funkcjonalno\u015b\u0107. Po z\u0142o\u017ceniu plecak ma rozmiar pi\u0119\u015bci i mie\u015bci si\u0119 do ka\u017cdej torby na bak, ale w razie potrzeby b\u0142yskawicznie przekszta\u0142ca si\u0119 w przestronny plecak o pojemno\u015bci do 30 litr&oacute;w, zdolny pomie\u015bci\u0107 nawet kask motocyklowy. Wykonany z lekkiego poliestru ripstop 75D z [&hellip;]","og_url":"https:\/\/moto-pawmar.pl\/?product=plecak-motocyklowy-sw-motech-flexpack-wodoodporny-black-30l","og_site_name":"MOTO-PAWMAR","article_publisher":"https:\/\/www.facebook.com\/motopawmar\/?locale=pl_PL","article_modified_time":"2026-01-29T08:21:01+00:00","og_image":[{"width":800,"height":533,"url":"https:\/\/moto-pawmar.pl\/wp-content\/uploads\/2026\/01\/099995_ZAL205465.jpg","type":"image\/jpeg"}],"twitter_card":"summary_large_image","twitter_misc":{"Szacowany czas czytania":"1 minuta"},"schema":{"@context":"https:\/\/schema.org","@graph":[{"@type":"WebPage","@id":"https:\/\/moto-pawmar.pl\/?product=plecak-motocyklowy-sw-motech-flexpack-wodoodporny-black-30l","url":"https:\/\/moto-pawmar.pl\/?product=plecak-motocyklowy-sw-motech-flexpack-wodoodporny-black-30l","name":"PLECAK MOTOCYKLOWY SW-MOTECH FLEXPACK WODOODPORNY BLACK 30L - MOTO-PAWMAR","isPartOf":{"@id":"https:\/\/moto-pawmar.pl\/#website"},"primaryImageOfPage":{"@id":"https:\/\/moto-pawmar.pl\/?product=plecak-motocyklowy-sw-motech-flexpack-wodoodporny-black-30l#primaryimage"},"image":{"@id":"https:\/\/moto-pawmar.pl\/?product=plecak-motocyklowy-sw-motech-flexpack-wodoodporny-black-30l#primaryimage"},"thumbnailUrl":"https:\/\/moto-pawmar.pl\/wp-content\/uploads\/2026\/01\/099995_ZAL205465.jpg","datePublished":"2026-01-28T15:42:41+00:00","dateModified":"2026-01-29T08:21:01+00:00","breadcrumb":{"@id":"https:\/\/moto-pawmar.pl\/?product=plecak-motocyklowy-sw-motech-flexpack-wodoodporny-black-30l#breadcrumb"},"inLanguage":"pl-PL","potentialAction":[{"@type":"ReadAction","target":["https:\/\/moto-pawmar.pl\/?product=plecak-motocyklowy-sw-motech-flexpack-wodoodporny-black-30l"]}]},{"@type":"ImageObject","inLanguage":"pl-PL","@id":"https:\/\/moto-pawmar.pl\/?product=plecak-motocyklowy-sw-motech-flexpack-wodoodporny-black-30l#primaryimage","url":"https:\/\/moto-pawmar.pl\/wp-content\/uploads\/2026\/01\/099995_ZAL205465.jpg","contentUrl":"https:\/\/moto-pawmar.pl\/wp-content\/uploads\/2026\/01\/099995_ZAL205465.jpg","width":800,"height":533},{"@type":"BreadcrumbList","@id":"https:\/\/moto-pawmar.pl\/?product=plecak-motocyklowy-sw-motech-flexpack-wodoodporny-black-30l#breadcrumb","itemListElement":[{"@type":"ListItem","position":1,"name":"Strona g\u0142\u00f3wna","item":"https:\/\/moto-pawmar.pl\/"},{"@type":"ListItem","position":2,"name":"Sklep Internetowy","item":"https:\/\/moto-pawmar.pl\/?page_id=367"},{"@type":"ListItem","position":3,"name":"PLECAK MOTOCYKLOWY SW-MOTECH FLEXPACK WODOODPORNY BLACK 30L"}]},{"@type":"WebSite","@id":"https:\/\/moto-pawmar.pl\/#website","url":"https:\/\/moto-pawmar.pl\/","name":"MOTO-PAWMAR","description":"MOTO\u2011PAWMAR \u2013 Tw\u00f3j sklep z cz\u0119\u015bciami i akcesoriami do motocykli, skuter\u00f3w i quad\u00f3w.","publisher":{"@id":"https:\/\/moto-pawmar.pl\/#organization"},"potentialAction":[{"@type":"SearchAction","target":{"@type":"EntryPoint","urlTemplate":"https:\/\/moto-pawmar.pl\/?s={search_term_string}"},"query-input":{"@type":"PropertyValueSpecification","valueRequired":true,"valueName":"search_term_string"}}],"inLanguage":"pl-PL"},{"@type":"Organization","@id":"https:\/\/moto-pawmar.pl\/#organization","name":"MOTO-PAWMAR","url":"https:\/\/moto-pawmar.pl\/","logo":{"@type":"ImageObject","inLanguage":"pl-PL","@id":"https:\/\/moto-pawmar.pl\/#\/schema\/logo\/image\/","url":"https:\/\/moto-pawmar.pl\/wp-content\/uploads\/2025\/10\/LOGO-SKLEP.png","contentUrl":"https:\/\/moto-pawmar.pl\/wp-content\/uploads\/2025\/10\/LOGO-SKLEP.png","width":2480,"height":2053,"caption":"MOTO-PAWMAR"},"image":{"@id":"https:\/\/moto-pawmar.pl\/#\/schema\/logo\/image\/"},"sameAs":["https:\/\/www.facebook.com\/motopawmar\/?locale=pl_PL"]}]}},"_links":{"self":[{"href":"https:\/\/moto-pawmar.pl\/index.php?rest_route=\/wp\/v2\/product\/8617","targetHints":{"allow":["GET"]}}],"collection":[{"href":"https:\/\/moto-pawmar.pl\/index.php?rest_route=\/wp\/v2\/product"}],"about":[{"href":"https:\/\/moto-pawmar.pl\/index.php?rest_route=\/wp\/v2\/types\/product"}],"wp:featuredmedia":[{"embeddable":true,"href":"https:\/\/moto-pawmar.pl\/index.php?rest_route=\/wp\/v2\/media\/8616"}],"wp:attachment":[{"href":"https:\/\/moto-pawmar.pl\/index.php?rest_route=%2Fwp%2Fv2%2Fmedia&parent=8617"}],"wp:term":[{"taxonomy":"product_brand","embeddable":true,"href":"https:\/\/moto-pawmar.pl\/index.php?rest_route=%2Fwp%2Fv2%2Fproduct_brand&post=8617"},{"taxonomy":"product_cat","embeddable":true,"href":"https:\/\/moto-pawmar.pl\/index.php?rest_route=%2Fwp%2Fv2%2Fproduct_cat&post=8617"},{"taxonomy":"product_tag","embeddable":true,"href":"https:\/\/moto-pawmar.pl\/index.php?rest_route=%2Fwp%2Fv2%2Fproduct_tag&post=8617"}],"curies":[{"name":"wp","href":"https:\/\/api.w.org\/{rel}","templated":true}]}}