{"id":8613,"date":"2026-01-28T16:42:41","date_gmt":"2026-01-28T15:42:41","guid":{"rendered":"https:\/\/moto-pawmar.pl\/?product=torba-wkad-sw-motech-drypack-wodoodporna-yellow-20l"},"modified":"2026-01-29T09:21:01","modified_gmt":"2026-01-29T08:21:01","slug":"torba-wkad-sw-motech-drypack-wodoodporna-yellow-20l","status":"publish","type":"product","link":"https:\/\/moto-pawmar.pl\/?product=torba-wkad-sw-motech-drypack-wodoodporna-yellow-20l","title":{"rendered":"TORBA\/WK\u0141AD SW-MOTECH DRYPACK WODOODPORNA YELLOW 20L"},"content":{"rendered":"<p>Drypack \u2013 wodoodporna por\u0119czna torba do u\u017cytku przez ca\u0142y sezon. Oferuje pojemno\u015bci od 4L do 20L i mo\u017ce by\u0107 zastosowana wewn\u0105trz baga\u017cu jak i przypi\u0119ta na zewn\u0105trz. <\/br><\/br><B>W\u0142a\u015bciwo\u015bci:<\/b><\/p>\n<ul>\n<li> Pasuje do ka\u017cdego baga\u017cu,\n<li> Pow\u0142oka odporna na wod\u0119,\n<li> Zamkni\u0119cie na zasadzie zwijanej rolki dodatkowo zapinanej na zatrzask,\n<li> Pojemno\u015b\u0107 20 litry,\n<li> Wymiary: 24 x 44 cm.<\/ul>\n<p><b>W zestawie:<\/b><\/p>\n<ul><LI> Torba Drypack<\/ul>\n<p>Uwaga: Dost\u0119pne w r\u00f3\u017cnych rozmiarach, a tak\u017ce jako zestaw trzech torebek (4\/8\/13 litr\u00f3w)<\/UL><\/p>\n","protected":false},"excerpt":{"rendered":"<p>Drypack \u2013 wodoodporna por\u0119czna torba do u\u017cytku przez ca\u0142y sezon. Oferuje pojemno\u015bci od 4L do 20L i mo\u017ce by\u0107 zastosowana wewn\u0105trz baga\u017cu jak i przypi\u0119ta na zewn\u0105trz. W\u0142a\u015bciwo\u015bci: Pasuje do ka\u017cdego baga\u017cu, Pow\u0142oka odporna na wod\u0119, Zamkni\u0119cie na zasadzie zwijanej rolki dodatkowo zapinanej na zatrzask, Pojemno\u015b\u0107 20 litry, Wymiary: 24 x 44 cm. W zestawie: [&hellip;]<\/p>\n","protected":false},"featured_media":8612,"template":"","meta":[],"product_brand":[386],"product_cat":[390],"product_tag":[],"class_list":{"0":"post-8613","1":"product","2":"type-product","3":"status-publish","4":"has-post-thumbnail","6":"product_brand-sw-motech","7":"product_cat-akcesoria-sw-motech-2","9":"first","10":"onbackorder","11":"taxable","12":"shipping-taxable","13":"purchasable","14":"product-type-simple"},"yoast_head":"<!-- This site is optimized with the Yoast SEO plugin v26.9 - https:\/\/yoast.com\/product\/yoast-seo-wordpress\/ -->\n<title>TORBA\/WK\u0141AD SW-MOTECH DRYPACK WODOODPORNA YELLOW 20L - MOTO-PAWMAR<\/title>\n<meta name=\"robots\" content=\"index, follow, max-snippet:-1, max-image-preview:large, max-video-preview:-1\" \/>\n<link rel=\"canonical\" href=\"https:\/\/moto-pawmar.pl\/?product=torba-wkad-sw-motech-drypack-wodoodporna-yellow-20l\" \/>\n<meta property=\"og:locale\" content=\"pl_PL\" \/>\n<meta property=\"og:type\" content=\"article\" \/>\n<meta property=\"og:title\" content=\"TORBA\/WK\u0141AD SW-MOTECH DRYPACK WODOODPORNA YELLOW 20L - MOTO-PAWMAR\" \/>\n<meta property=\"og:description\" content=\"Drypack \u2013 wodoodporna por\u0119czna torba do u\u017cytku przez ca\u0142y sezon. Oferuje pojemno\u015bci od 4L do 20L i mo\u017ce by\u0107 zastosowana wewn\u0105trz baga\u017cu jak i przypi\u0119ta na zewn\u0105trz. W\u0142a\u015bciwo\u015bci: Pasuje do ka\u017cdego baga\u017cu, Pow\u0142oka odporna na wod\u0119, Zamkni\u0119cie na zasadzie zwijanej rolki dodatkowo zapinanej na zatrzask, Pojemno\u015b\u0107 20 litry, Wymiary: 24 x 44 cm. W zestawie: [&hellip;]\" \/>\n<meta property=\"og:url\" content=\"https:\/\/moto-pawmar.pl\/?product=torba-wkad-sw-motech-drypack-wodoodporna-yellow-20l\" \/>\n<meta property=\"og:site_name\" content=\"MOTO-PAWMAR\" \/>\n<meta property=\"article:publisher\" content=\"https:\/\/www.facebook.com\/motopawmar\/?locale=pl_PL\" \/>\n<meta property=\"article:modified_time\" content=\"2026-01-29T08:21:01+00:00\" \/>\n<meta property=\"og:image\" content=\"https:\/\/moto-pawmar.pl\/wp-content\/uploads\/2026\/01\/099993_ZAL246591.jpg\" \/>\n\t<meta property=\"og:image:width\" content=\"800\" \/>\n\t<meta property=\"og:image:height\" content=\"533\" \/>\n\t<meta property=\"og:image:type\" content=\"image\/jpeg\" \/>\n<meta name=\"twitter:card\" content=\"summary_large_image\" \/>\n<script type=\"application\/ld+json\" class=\"yoast-schema-graph\">{\"@context\":\"https:\/\/schema.org\",\"@graph\":[{\"@type\":\"WebPage\",\"@id\":\"https:\/\/moto-pawmar.pl\/?product=torba-wkad-sw-motech-drypack-wodoodporna-yellow-20l\",\"url\":\"https:\/\/moto-pawmar.pl\/?product=torba-wkad-sw-motech-drypack-wodoodporna-yellow-20l\",\"name\":\"TORBA\/WK\u0141AD SW-MOTECH DRYPACK WODOODPORNA YELLOW 20L - MOTO-PAWMAR\",\"isPartOf\":{\"@id\":\"https:\/\/moto-pawmar.pl\/#website\"},\"primaryImageOfPage\":{\"@id\":\"https:\/\/moto-pawmar.pl\/?product=torba-wkad-sw-motech-drypack-wodoodporna-yellow-20l#primaryimage\"},\"image\":{\"@id\":\"https:\/\/moto-pawmar.pl\/?product=torba-wkad-sw-motech-drypack-wodoodporna-yellow-20l#primaryimage\"},\"thumbnailUrl\":\"https:\/\/moto-pawmar.pl\/wp-content\/uploads\/2026\/01\/099993_ZAL246591.jpg\",\"datePublished\":\"2026-01-28T15:42:41+00:00\",\"dateModified\":\"2026-01-29T08:21:01+00:00\",\"breadcrumb\":{\"@id\":\"https:\/\/moto-pawmar.pl\/?product=torba-wkad-sw-motech-drypack-wodoodporna-yellow-20l#breadcrumb\"},\"inLanguage\":\"pl-PL\",\"potentialAction\":[{\"@type\":\"ReadAction\",\"target\":[\"https:\/\/moto-pawmar.pl\/?product=torba-wkad-sw-motech-drypack-wodoodporna-yellow-20l\"]}]},{\"@type\":\"ImageObject\",\"inLanguage\":\"pl-PL\",\"@id\":\"https:\/\/moto-pawmar.pl\/?product=torba-wkad-sw-motech-drypack-wodoodporna-yellow-20l#primaryimage\",\"url\":\"https:\/\/moto-pawmar.pl\/wp-content\/uploads\/2026\/01\/099993_ZAL246591.jpg\",\"contentUrl\":\"https:\/\/moto-pawmar.pl\/wp-content\/uploads\/2026\/01\/099993_ZAL246591.jpg\",\"width\":800,\"height\":533},{\"@type\":\"BreadcrumbList\",\"@id\":\"https:\/\/moto-pawmar.pl\/?product=torba-wkad-sw-motech-drypack-wodoodporna-yellow-20l#breadcrumb\",\"itemListElement\":[{\"@type\":\"ListItem\",\"position\":1,\"name\":\"Strona g\u0142\u00f3wna\",\"item\":\"https:\/\/moto-pawmar.pl\/\"},{\"@type\":\"ListItem\",\"position\":2,\"name\":\"Sklep Internetowy\",\"item\":\"https:\/\/moto-pawmar.pl\/?page_id=367\"},{\"@type\":\"ListItem\",\"position\":3,\"name\":\"TORBA\/WK\u0141AD SW-MOTECH DRYPACK WODOODPORNA YELLOW 20L\"}]},{\"@type\":\"WebSite\",\"@id\":\"https:\/\/moto-pawmar.pl\/#website\",\"url\":\"https:\/\/moto-pawmar.pl\/\",\"name\":\"MOTO-PAWMAR\",\"description\":\"MOTO\u2011PAWMAR \u2013 Tw\u00f3j sklep z cz\u0119\u015bciami i akcesoriami do motocykli, skuter\u00f3w i quad\u00f3w.\",\"publisher\":{\"@id\":\"https:\/\/moto-pawmar.pl\/#organization\"},\"potentialAction\":[{\"@type\":\"SearchAction\",\"target\":{\"@type\":\"EntryPoint\",\"urlTemplate\":\"https:\/\/moto-pawmar.pl\/?s={search_term_string}\"},\"query-input\":{\"@type\":\"PropertyValueSpecification\",\"valueRequired\":true,\"valueName\":\"search_term_string\"}}],\"inLanguage\":\"pl-PL\"},{\"@type\":\"Organization\",\"@id\":\"https:\/\/moto-pawmar.pl\/#organization\",\"name\":\"MOTO-PAWMAR\",\"url\":\"https:\/\/moto-pawmar.pl\/\",\"logo\":{\"@type\":\"ImageObject\",\"inLanguage\":\"pl-PL\",\"@id\":\"https:\/\/moto-pawmar.pl\/#\/schema\/logo\/image\/\",\"url\":\"https:\/\/moto-pawmar.pl\/wp-content\/uploads\/2025\/10\/LOGO-SKLEP.png\",\"contentUrl\":\"https:\/\/moto-pawmar.pl\/wp-content\/uploads\/2025\/10\/LOGO-SKLEP.png\",\"width\":2480,\"height\":2053,\"caption\":\"MOTO-PAWMAR\"},\"image\":{\"@id\":\"https:\/\/moto-pawmar.pl\/#\/schema\/logo\/image\/\"},\"sameAs\":[\"https:\/\/www.facebook.com\/motopawmar\/?locale=pl_PL\"]}]}<\/script>\n<!-- \/ Yoast SEO plugin. -->","yoast_head_json":{"title":"TORBA\/WK\u0141AD SW-MOTECH DRYPACK WODOODPORNA YELLOW 20L - MOTO-PAWMAR","robots":{"index":"index","follow":"follow","max-snippet":"max-snippet:-1","max-image-preview":"max-image-preview:large","max-video-preview":"max-video-preview:-1"},"canonical":"https:\/\/moto-pawmar.pl\/?product=torba-wkad-sw-motech-drypack-wodoodporna-yellow-20l","og_locale":"pl_PL","og_type":"article","og_title":"TORBA\/WK\u0141AD SW-MOTECH DRYPACK WODOODPORNA YELLOW 20L - MOTO-PAWMAR","og_description":"Drypack \u2013 wodoodporna por\u0119czna torba do u\u017cytku przez ca\u0142y sezon. Oferuje pojemno\u015bci od 4L do 20L i mo\u017ce by\u0107 zastosowana wewn\u0105trz baga\u017cu jak i przypi\u0119ta na zewn\u0105trz. W\u0142a\u015bciwo\u015bci: Pasuje do ka\u017cdego baga\u017cu, Pow\u0142oka odporna na wod\u0119, Zamkni\u0119cie na zasadzie zwijanej rolki dodatkowo zapinanej na zatrzask, Pojemno\u015b\u0107 20 litry, Wymiary: 24 x 44 cm. W zestawie: [&hellip;]","og_url":"https:\/\/moto-pawmar.pl\/?product=torba-wkad-sw-motech-drypack-wodoodporna-yellow-20l","og_site_name":"MOTO-PAWMAR","article_publisher":"https:\/\/www.facebook.com\/motopawmar\/?locale=pl_PL","article_modified_time":"2026-01-29T08:21:01+00:00","og_image":[{"width":800,"height":533,"url":"https:\/\/moto-pawmar.pl\/wp-content\/uploads\/2026\/01\/099993_ZAL246591.jpg","type":"image\/jpeg"}],"twitter_card":"summary_large_image","schema":{"@context":"https:\/\/schema.org","@graph":[{"@type":"WebPage","@id":"https:\/\/moto-pawmar.pl\/?product=torba-wkad-sw-motech-drypack-wodoodporna-yellow-20l","url":"https:\/\/moto-pawmar.pl\/?product=torba-wkad-sw-motech-drypack-wodoodporna-yellow-20l","name":"TORBA\/WK\u0141AD SW-MOTECH DRYPACK WODOODPORNA YELLOW 20L - MOTO-PAWMAR","isPartOf":{"@id":"https:\/\/moto-pawmar.pl\/#website"},"primaryImageOfPage":{"@id":"https:\/\/moto-pawmar.pl\/?product=torba-wkad-sw-motech-drypack-wodoodporna-yellow-20l#primaryimage"},"image":{"@id":"https:\/\/moto-pawmar.pl\/?product=torba-wkad-sw-motech-drypack-wodoodporna-yellow-20l#primaryimage"},"thumbnailUrl":"https:\/\/moto-pawmar.pl\/wp-content\/uploads\/2026\/01\/099993_ZAL246591.jpg","datePublished":"2026-01-28T15:42:41+00:00","dateModified":"2026-01-29T08:21:01+00:00","breadcrumb":{"@id":"https:\/\/moto-pawmar.pl\/?product=torba-wkad-sw-motech-drypack-wodoodporna-yellow-20l#breadcrumb"},"inLanguage":"pl-PL","potentialAction":[{"@type":"ReadAction","target":["https:\/\/moto-pawmar.pl\/?product=torba-wkad-sw-motech-drypack-wodoodporna-yellow-20l"]}]},{"@type":"ImageObject","inLanguage":"pl-PL","@id":"https:\/\/moto-pawmar.pl\/?product=torba-wkad-sw-motech-drypack-wodoodporna-yellow-20l#primaryimage","url":"https:\/\/moto-pawmar.pl\/wp-content\/uploads\/2026\/01\/099993_ZAL246591.jpg","contentUrl":"https:\/\/moto-pawmar.pl\/wp-content\/uploads\/2026\/01\/099993_ZAL246591.jpg","width":800,"height":533},{"@type":"BreadcrumbList","@id":"https:\/\/moto-pawmar.pl\/?product=torba-wkad-sw-motech-drypack-wodoodporna-yellow-20l#breadcrumb","itemListElement":[{"@type":"ListItem","position":1,"name":"Strona g\u0142\u00f3wna","item":"https:\/\/moto-pawmar.pl\/"},{"@type":"ListItem","position":2,"name":"Sklep Internetowy","item":"https:\/\/moto-pawmar.pl\/?page_id=367"},{"@type":"ListItem","position":3,"name":"TORBA\/WK\u0141AD SW-MOTECH DRYPACK WODOODPORNA YELLOW 20L"}]},{"@type":"WebSite","@id":"https:\/\/moto-pawmar.pl\/#website","url":"https:\/\/moto-pawmar.pl\/","name":"MOTO-PAWMAR","description":"MOTO\u2011PAWMAR \u2013 Tw\u00f3j sklep z cz\u0119\u015bciami i akcesoriami do motocykli, skuter\u00f3w i quad\u00f3w.","publisher":{"@id":"https:\/\/moto-pawmar.pl\/#organization"},"potentialAction":[{"@type":"SearchAction","target":{"@type":"EntryPoint","urlTemplate":"https:\/\/moto-pawmar.pl\/?s={search_term_string}"},"query-input":{"@type":"PropertyValueSpecification","valueRequired":true,"valueName":"search_term_string"}}],"inLanguage":"pl-PL"},{"@type":"Organization","@id":"https:\/\/moto-pawmar.pl\/#organization","name":"MOTO-PAWMAR","url":"https:\/\/moto-pawmar.pl\/","logo":{"@type":"ImageObject","inLanguage":"pl-PL","@id":"https:\/\/moto-pawmar.pl\/#\/schema\/logo\/image\/","url":"https:\/\/moto-pawmar.pl\/wp-content\/uploads\/2025\/10\/LOGO-SKLEP.png","contentUrl":"https:\/\/moto-pawmar.pl\/wp-content\/uploads\/2025\/10\/LOGO-SKLEP.png","width":2480,"height":2053,"caption":"MOTO-PAWMAR"},"image":{"@id":"https:\/\/moto-pawmar.pl\/#\/schema\/logo\/image\/"},"sameAs":["https:\/\/www.facebook.com\/motopawmar\/?locale=pl_PL"]}]}},"_links":{"self":[{"href":"https:\/\/moto-pawmar.pl\/index.php?rest_route=\/wp\/v2\/product\/8613","targetHints":{"allow":["GET"]}}],"collection":[{"href":"https:\/\/moto-pawmar.pl\/index.php?rest_route=\/wp\/v2\/product"}],"about":[{"href":"https:\/\/moto-pawmar.pl\/index.php?rest_route=\/wp\/v2\/types\/product"}],"wp:featuredmedia":[{"embeddable":true,"href":"https:\/\/moto-pawmar.pl\/index.php?rest_route=\/wp\/v2\/media\/8612"}],"wp:attachment":[{"href":"https:\/\/moto-pawmar.pl\/index.php?rest_route=%2Fwp%2Fv2%2Fmedia&parent=8613"}],"wp:term":[{"taxonomy":"product_brand","embeddable":true,"href":"https:\/\/moto-pawmar.pl\/index.php?rest_route=%2Fwp%2Fv2%2Fproduct_brand&post=8613"},{"taxonomy":"product_cat","embeddable":true,"href":"https:\/\/moto-pawmar.pl\/index.php?rest_route=%2Fwp%2Fv2%2Fproduct_cat&post=8613"},{"taxonomy":"product_tag","embeddable":true,"href":"https:\/\/moto-pawmar.pl\/index.php?rest_route=%2Fwp%2Fv2%2Fproduct_tag&post=8613"}],"curies":[{"name":"wp","href":"https:\/\/api.w.org\/{rel}","templated":true}]}}