{"id":8603,"date":"2026-01-28T16:42:39","date_gmt":"2026-01-28T15:42:39","guid":{"rendered":"https:\/\/moto-pawmar.pl\/?product=crashbar-gmol-sw-motech-bmw-r-ninet-models-black"},"modified":"2026-01-29T09:21:01","modified_gmt":"2026-01-29T08:21:01","slug":"crashbar-gmol-sw-motech-bmw-r-ninet-models-black","status":"publish","type":"product","link":"https:\/\/moto-pawmar.pl\/?product=crashbar-gmol-sw-motech-bmw-r-ninet-models-black","title":{"rendered":"CRASHBAR\/GMOL SW-MOTECH BMW R NINET MODELS BLACK"},"content":{"rendered":"<p>Crashbary od SW-Motecha, zwane przez wielu motocyklist\u00f3w jako gmole, zwi\u0119kszaj\u0105 znacz\u0105co bezpiecze\u0144stwo motocykla. Zabezpieczaj\u0105 nie tylko silnik, zbiornik, owiewki ale tak\u017ce wiele innych element\u00f3w motocykla podczas wywrotki. S\u0105 tak zaprojektowane, by perfekcyjnie zabezpieczy\u0107 motocykl przed skutkami ewentualnej wywrotki ale tak\u017ce by idealnie pasowa\u0142y do kszta\u0142tu i koloru motocykla. Do tego starannie przygotowana instrukcja monta\u017cu sprawia, i\u017c monta\u017c jest niebywale prosty. <\/p>\n<p><b>W\u0142a\u015bciwosci:<\/b><\/p>\n<ul>\n<li> Niezawodna ochrona najwa\u017cniejszych element\u00f3w motocyklowych,\n<li> Elegancki wygl\u0105d pasuj\u0105cy kszta\u0142tem do motocykla,\n<li> Wytrzyma\u0142a konstrukcja i stabilne po\u0142\u0105czenie z ram\u0105,\n<li> \u015arednica rury 27 mm\n<li> Nie wp\u0142ywa na w\u0142a\u015bciwo\u015bci jezdne motocykla,\n<li> Doskona\u0142a odporno\u015b\u0107 na korozj\u0119 (pow\u0142oka proszkowa)\n<li>Idealnie dopasowanie. <\/ul>\n<p><b>W zestawie: <\/b><\/p>\n<ul>\n<li> 2 crashbary (na lew\u0105 i praw\u0105 stron\u0119)\n<li> materia\u0142y monta\u017cowe.\n<li> instrukcja monta\u017cu.\n<ul><\/UL><\/p>\n","protected":false},"excerpt":{"rendered":"<p>Crashbary od SW-Motecha, zwane przez wielu motocyklist\u00f3w jako gmole, zwi\u0119kszaj\u0105 znacz\u0105co bezpiecze\u0144stwo motocykla. Zabezpieczaj\u0105 nie tylko silnik, zbiornik, owiewki ale tak\u017ce wiele innych element\u00f3w motocykla podczas wywrotki. S\u0105 tak zaprojektowane, by perfekcyjnie zabezpieczy\u0107 motocykl przed skutkami ewentualnej wywrotki ale tak\u017ce by idealnie pasowa\u0142y do kszta\u0142tu i koloru motocykla. Do tego starannie przygotowana instrukcja monta\u017cu sprawia, [&hellip;]<\/p>\n","protected":false},"featured_media":8602,"template":"","meta":[],"product_brand":[386],"product_cat":[390],"product_tag":[],"class_list":{"0":"post-8603","1":"product","2":"type-product","3":"status-publish","4":"has-post-thumbnail","6":"product_brand-sw-motech","7":"product_cat-akcesoria-sw-motech-2","9":"first","10":"onbackorder","11":"taxable","12":"shipping-taxable","13":"purchasable","14":"product-type-simple"},"yoast_head":"<!-- This site is optimized with the Yoast SEO plugin v26.9 - https:\/\/yoast.com\/product\/yoast-seo-wordpress\/ -->\n<title>CRASHBAR\/GMOL SW-MOTECH BMW R NINET MODELS BLACK - MOTO-PAWMAR<\/title>\n<meta name=\"robots\" content=\"index, follow, max-snippet:-1, max-image-preview:large, max-video-preview:-1\" \/>\n<link rel=\"canonical\" href=\"https:\/\/moto-pawmar.pl\/?product=crashbar-gmol-sw-motech-bmw-r-ninet-models-black\" \/>\n<meta property=\"og:locale\" content=\"pl_PL\" \/>\n<meta property=\"og:type\" content=\"article\" \/>\n<meta property=\"og:title\" content=\"CRASHBAR\/GMOL SW-MOTECH BMW R NINET MODELS BLACK - MOTO-PAWMAR\" \/>\n<meta property=\"og:description\" content=\"Crashbary od SW-Motecha, zwane przez wielu motocyklist\u00f3w jako gmole, zwi\u0119kszaj\u0105 znacz\u0105co bezpiecze\u0144stwo motocykla. Zabezpieczaj\u0105 nie tylko silnik, zbiornik, owiewki ale tak\u017ce wiele innych element\u00f3w motocykla podczas wywrotki. S\u0105 tak zaprojektowane, by perfekcyjnie zabezpieczy\u0107 motocykl przed skutkami ewentualnej wywrotki ale tak\u017ce by idealnie pasowa\u0142y do kszta\u0142tu i koloru motocykla. Do tego starannie przygotowana instrukcja monta\u017cu sprawia, [&hellip;]\" \/>\n<meta property=\"og:url\" content=\"https:\/\/moto-pawmar.pl\/?product=crashbar-gmol-sw-motech-bmw-r-ninet-models-black\" \/>\n<meta property=\"og:site_name\" content=\"MOTO-PAWMAR\" \/>\n<meta property=\"article:publisher\" content=\"https:\/\/www.facebook.com\/motopawmar\/?locale=pl_PL\" \/>\n<meta property=\"article:modified_time\" content=\"2026-01-29T08:21:01+00:00\" \/>\n<meta property=\"og:image\" content=\"https:\/\/moto-pawmar.pl\/wp-content\/uploads\/2026\/01\/097602_ZAL354965.jpg\" \/>\n\t<meta property=\"og:image:width\" content=\"800\" \/>\n\t<meta property=\"og:image:height\" content=\"533\" \/>\n\t<meta property=\"og:image:type\" content=\"image\/jpeg\" \/>\n<meta name=\"twitter:card\" content=\"summary_large_image\" \/>\n<meta name=\"twitter:label1\" content=\"Szacowany czas czytania\" \/>\n\t<meta name=\"twitter:data1\" content=\"1 minuta\" \/>\n<script type=\"application\/ld+json\" class=\"yoast-schema-graph\">{\"@context\":\"https:\/\/schema.org\",\"@graph\":[{\"@type\":\"WebPage\",\"@id\":\"https:\/\/moto-pawmar.pl\/?product=crashbar-gmol-sw-motech-bmw-r-ninet-models-black\",\"url\":\"https:\/\/moto-pawmar.pl\/?product=crashbar-gmol-sw-motech-bmw-r-ninet-models-black\",\"name\":\"CRASHBAR\/GMOL SW-MOTECH BMW R NINET MODELS BLACK - MOTO-PAWMAR\",\"isPartOf\":{\"@id\":\"https:\/\/moto-pawmar.pl\/#website\"},\"primaryImageOfPage\":{\"@id\":\"https:\/\/moto-pawmar.pl\/?product=crashbar-gmol-sw-motech-bmw-r-ninet-models-black#primaryimage\"},\"image\":{\"@id\":\"https:\/\/moto-pawmar.pl\/?product=crashbar-gmol-sw-motech-bmw-r-ninet-models-black#primaryimage\"},\"thumbnailUrl\":\"https:\/\/moto-pawmar.pl\/wp-content\/uploads\/2026\/01\/097602_ZAL354965.jpg\",\"datePublished\":\"2026-01-28T15:42:39+00:00\",\"dateModified\":\"2026-01-29T08:21:01+00:00\",\"breadcrumb\":{\"@id\":\"https:\/\/moto-pawmar.pl\/?product=crashbar-gmol-sw-motech-bmw-r-ninet-models-black#breadcrumb\"},\"inLanguage\":\"pl-PL\",\"potentialAction\":[{\"@type\":\"ReadAction\",\"target\":[\"https:\/\/moto-pawmar.pl\/?product=crashbar-gmol-sw-motech-bmw-r-ninet-models-black\"]}]},{\"@type\":\"ImageObject\",\"inLanguage\":\"pl-PL\",\"@id\":\"https:\/\/moto-pawmar.pl\/?product=crashbar-gmol-sw-motech-bmw-r-ninet-models-black#primaryimage\",\"url\":\"https:\/\/moto-pawmar.pl\/wp-content\/uploads\/2026\/01\/097602_ZAL354965.jpg\",\"contentUrl\":\"https:\/\/moto-pawmar.pl\/wp-content\/uploads\/2026\/01\/097602_ZAL354965.jpg\",\"width\":800,\"height\":533},{\"@type\":\"BreadcrumbList\",\"@id\":\"https:\/\/moto-pawmar.pl\/?product=crashbar-gmol-sw-motech-bmw-r-ninet-models-black#breadcrumb\",\"itemListElement\":[{\"@type\":\"ListItem\",\"position\":1,\"name\":\"Strona g\u0142\u00f3wna\",\"item\":\"https:\/\/moto-pawmar.pl\/\"},{\"@type\":\"ListItem\",\"position\":2,\"name\":\"Sklep Internetowy\",\"item\":\"https:\/\/moto-pawmar.pl\/?page_id=367\"},{\"@type\":\"ListItem\",\"position\":3,\"name\":\"CRASHBAR\/GMOL SW-MOTECH BMW R NINET MODELS BLACK\"}]},{\"@type\":\"WebSite\",\"@id\":\"https:\/\/moto-pawmar.pl\/#website\",\"url\":\"https:\/\/moto-pawmar.pl\/\",\"name\":\"MOTO-PAWMAR\",\"description\":\"MOTO\u2011PAWMAR \u2013 Tw\u00f3j sklep z cz\u0119\u015bciami i akcesoriami do motocykli, skuter\u00f3w i quad\u00f3w.\",\"publisher\":{\"@id\":\"https:\/\/moto-pawmar.pl\/#organization\"},\"potentialAction\":[{\"@type\":\"SearchAction\",\"target\":{\"@type\":\"EntryPoint\",\"urlTemplate\":\"https:\/\/moto-pawmar.pl\/?s={search_term_string}\"},\"query-input\":{\"@type\":\"PropertyValueSpecification\",\"valueRequired\":true,\"valueName\":\"search_term_string\"}}],\"inLanguage\":\"pl-PL\"},{\"@type\":\"Organization\",\"@id\":\"https:\/\/moto-pawmar.pl\/#organization\",\"name\":\"MOTO-PAWMAR\",\"url\":\"https:\/\/moto-pawmar.pl\/\",\"logo\":{\"@type\":\"ImageObject\",\"inLanguage\":\"pl-PL\",\"@id\":\"https:\/\/moto-pawmar.pl\/#\/schema\/logo\/image\/\",\"url\":\"https:\/\/moto-pawmar.pl\/wp-content\/uploads\/2025\/10\/LOGO-SKLEP.png\",\"contentUrl\":\"https:\/\/moto-pawmar.pl\/wp-content\/uploads\/2025\/10\/LOGO-SKLEP.png\",\"width\":2480,\"height\":2053,\"caption\":\"MOTO-PAWMAR\"},\"image\":{\"@id\":\"https:\/\/moto-pawmar.pl\/#\/schema\/logo\/image\/\"},\"sameAs\":[\"https:\/\/www.facebook.com\/motopawmar\/?locale=pl_PL\"]}]}<\/script>\n<!-- \/ Yoast SEO plugin. -->","yoast_head_json":{"title":"CRASHBAR\/GMOL SW-MOTECH BMW R NINET MODELS BLACK - MOTO-PAWMAR","robots":{"index":"index","follow":"follow","max-snippet":"max-snippet:-1","max-image-preview":"max-image-preview:large","max-video-preview":"max-video-preview:-1"},"canonical":"https:\/\/moto-pawmar.pl\/?product=crashbar-gmol-sw-motech-bmw-r-ninet-models-black","og_locale":"pl_PL","og_type":"article","og_title":"CRASHBAR\/GMOL SW-MOTECH BMW R NINET MODELS BLACK - MOTO-PAWMAR","og_description":"Crashbary od SW-Motecha, zwane przez wielu motocyklist\u00f3w jako gmole, zwi\u0119kszaj\u0105 znacz\u0105co bezpiecze\u0144stwo motocykla. Zabezpieczaj\u0105 nie tylko silnik, zbiornik, owiewki ale tak\u017ce wiele innych element\u00f3w motocykla podczas wywrotki. S\u0105 tak zaprojektowane, by perfekcyjnie zabezpieczy\u0107 motocykl przed skutkami ewentualnej wywrotki ale tak\u017ce by idealnie pasowa\u0142y do kszta\u0142tu i koloru motocykla. Do tego starannie przygotowana instrukcja monta\u017cu sprawia, [&hellip;]","og_url":"https:\/\/moto-pawmar.pl\/?product=crashbar-gmol-sw-motech-bmw-r-ninet-models-black","og_site_name":"MOTO-PAWMAR","article_publisher":"https:\/\/www.facebook.com\/motopawmar\/?locale=pl_PL","article_modified_time":"2026-01-29T08:21:01+00:00","og_image":[{"width":800,"height":533,"url":"https:\/\/moto-pawmar.pl\/wp-content\/uploads\/2026\/01\/097602_ZAL354965.jpg","type":"image\/jpeg"}],"twitter_card":"summary_large_image","twitter_misc":{"Szacowany czas czytania":"1 minuta"},"schema":{"@context":"https:\/\/schema.org","@graph":[{"@type":"WebPage","@id":"https:\/\/moto-pawmar.pl\/?product=crashbar-gmol-sw-motech-bmw-r-ninet-models-black","url":"https:\/\/moto-pawmar.pl\/?product=crashbar-gmol-sw-motech-bmw-r-ninet-models-black","name":"CRASHBAR\/GMOL SW-MOTECH BMW R NINET MODELS BLACK - MOTO-PAWMAR","isPartOf":{"@id":"https:\/\/moto-pawmar.pl\/#website"},"primaryImageOfPage":{"@id":"https:\/\/moto-pawmar.pl\/?product=crashbar-gmol-sw-motech-bmw-r-ninet-models-black#primaryimage"},"image":{"@id":"https:\/\/moto-pawmar.pl\/?product=crashbar-gmol-sw-motech-bmw-r-ninet-models-black#primaryimage"},"thumbnailUrl":"https:\/\/moto-pawmar.pl\/wp-content\/uploads\/2026\/01\/097602_ZAL354965.jpg","datePublished":"2026-01-28T15:42:39+00:00","dateModified":"2026-01-29T08:21:01+00:00","breadcrumb":{"@id":"https:\/\/moto-pawmar.pl\/?product=crashbar-gmol-sw-motech-bmw-r-ninet-models-black#breadcrumb"},"inLanguage":"pl-PL","potentialAction":[{"@type":"ReadAction","target":["https:\/\/moto-pawmar.pl\/?product=crashbar-gmol-sw-motech-bmw-r-ninet-models-black"]}]},{"@type":"ImageObject","inLanguage":"pl-PL","@id":"https:\/\/moto-pawmar.pl\/?product=crashbar-gmol-sw-motech-bmw-r-ninet-models-black#primaryimage","url":"https:\/\/moto-pawmar.pl\/wp-content\/uploads\/2026\/01\/097602_ZAL354965.jpg","contentUrl":"https:\/\/moto-pawmar.pl\/wp-content\/uploads\/2026\/01\/097602_ZAL354965.jpg","width":800,"height":533},{"@type":"BreadcrumbList","@id":"https:\/\/moto-pawmar.pl\/?product=crashbar-gmol-sw-motech-bmw-r-ninet-models-black#breadcrumb","itemListElement":[{"@type":"ListItem","position":1,"name":"Strona g\u0142\u00f3wna","item":"https:\/\/moto-pawmar.pl\/"},{"@type":"ListItem","position":2,"name":"Sklep Internetowy","item":"https:\/\/moto-pawmar.pl\/?page_id=367"},{"@type":"ListItem","position":3,"name":"CRASHBAR\/GMOL SW-MOTECH BMW R NINET MODELS BLACK"}]},{"@type":"WebSite","@id":"https:\/\/moto-pawmar.pl\/#website","url":"https:\/\/moto-pawmar.pl\/","name":"MOTO-PAWMAR","description":"MOTO\u2011PAWMAR \u2013 Tw\u00f3j sklep z cz\u0119\u015bciami i akcesoriami do motocykli, skuter\u00f3w i quad\u00f3w.","publisher":{"@id":"https:\/\/moto-pawmar.pl\/#organization"},"potentialAction":[{"@type":"SearchAction","target":{"@type":"EntryPoint","urlTemplate":"https:\/\/moto-pawmar.pl\/?s={search_term_string}"},"query-input":{"@type":"PropertyValueSpecification","valueRequired":true,"valueName":"search_term_string"}}],"inLanguage":"pl-PL"},{"@type":"Organization","@id":"https:\/\/moto-pawmar.pl\/#organization","name":"MOTO-PAWMAR","url":"https:\/\/moto-pawmar.pl\/","logo":{"@type":"ImageObject","inLanguage":"pl-PL","@id":"https:\/\/moto-pawmar.pl\/#\/schema\/logo\/image\/","url":"https:\/\/moto-pawmar.pl\/wp-content\/uploads\/2025\/10\/LOGO-SKLEP.png","contentUrl":"https:\/\/moto-pawmar.pl\/wp-content\/uploads\/2025\/10\/LOGO-SKLEP.png","width":2480,"height":2053,"caption":"MOTO-PAWMAR"},"image":{"@id":"https:\/\/moto-pawmar.pl\/#\/schema\/logo\/image\/"},"sameAs":["https:\/\/www.facebook.com\/motopawmar\/?locale=pl_PL"]}]}},"_links":{"self":[{"href":"https:\/\/moto-pawmar.pl\/index.php?rest_route=\/wp\/v2\/product\/8603","targetHints":{"allow":["GET"]}}],"collection":[{"href":"https:\/\/moto-pawmar.pl\/index.php?rest_route=\/wp\/v2\/product"}],"about":[{"href":"https:\/\/moto-pawmar.pl\/index.php?rest_route=\/wp\/v2\/types\/product"}],"wp:featuredmedia":[{"embeddable":true,"href":"https:\/\/moto-pawmar.pl\/index.php?rest_route=\/wp\/v2\/media\/8602"}],"wp:attachment":[{"href":"https:\/\/moto-pawmar.pl\/index.php?rest_route=%2Fwp%2Fv2%2Fmedia&parent=8603"}],"wp:term":[{"taxonomy":"product_brand","embeddable":true,"href":"https:\/\/moto-pawmar.pl\/index.php?rest_route=%2Fwp%2Fv2%2Fproduct_brand&post=8603"},{"taxonomy":"product_cat","embeddable":true,"href":"https:\/\/moto-pawmar.pl\/index.php?rest_route=%2Fwp%2Fv2%2Fproduct_cat&post=8603"},{"taxonomy":"product_tag","embeddable":true,"href":"https:\/\/moto-pawmar.pl\/index.php?rest_route=%2Fwp%2Fv2%2Fproduct_tag&post=8603"}],"curies":[{"name":"wp","href":"https:\/\/api.w.org\/{rel}","templated":true}]}}