{"id":8475,"date":"2026-01-28T16:42:20","date_gmt":"2026-01-28T15:42:20","guid":{"rendered":"https:\/\/moto-pawmar.pl\/?product=osona-obudowy-silnika-sw-motech-kawasaki-z-800-12-black"},"modified":"2026-01-29T09:20:54","modified_gmt":"2026-01-29T08:20:54","slug":"osona-obudowy-silnika-sw-motech-kawasaki-z-800-12-black","status":"publish","type":"product","link":"https:\/\/moto-pawmar.pl\/?product=osona-obudowy-silnika-sw-motech-kawasaki-z-800-12-black","title":{"rendered":"OS\u0141ONA OBUDOWY SILNIKA SW-MOTECH KAWASAKI Z 800 (12-) BLACK"},"content":{"rendered":"<p>Doskona\u0142a ochrona przed odpryskami kamieni jak i kontaktem z pod\u0142o\u017cem: os\u0142ony silnika od SW-MOTECH wykonane s\u0105 z bardzo wytrzyma\u0142ego stopu aluminium, przez co oferuj\u0105 bardzo dobr\u0105 ochron\u0119. Ich konstrukcja zapewnia skuteczn\u0105 os\u0142on\u0119 silnika jak i ramy nie zmniejszaj\u0105c prze\u015bwitu motocykla. Jednocze\u015bnie nadaje motocyklowi turystycznemu lub naked bike nowy charakter. <br \/>Ca\u0142o\u015b\u0107 wykonana jest na maszynach CNC co sprawia, \u017ce produkt jest idealne dopasowany i nie wymaga modyfikacji w motocyklu. Monta\u017c jest bardzo szybki i \u0142atwy. <br \/><\/BR><B>W\u0141A\u015aCIWO\u015aCI<\/B><Ul><\/p>\n<li> skuteczne zabezpieczenie pokrywy silnika w razie upadku,\n<li> idealnie dopasowana do kszta\u0142tu dekla silnika,\n<li> wykonana z wysokiej jako\u015bci stali i aluminium, obrabianej metod\u0105 CNC,\n<li> atrakcyjny wygl\u0105d, zintegrowany z motocyklem.<\/UL><B>ZESTAW ZAWIERA<\/B><UL>\n<li> 2 os\u0142ony silnika,<LI> materia\u0142y monta\u017cowe,<LI> instrukcja monta\u017cu.<\/UL><br \/>\n","protected":false},"excerpt":{"rendered":"<p>Doskona\u0142a ochrona przed odpryskami kamieni jak i kontaktem z pod\u0142o\u017cem: os\u0142ony silnika od SW-MOTECH wykonane s\u0105 z bardzo wytrzyma\u0142ego stopu aluminium, przez co oferuj\u0105 bardzo dobr\u0105 ochron\u0119. Ich konstrukcja zapewnia skuteczn\u0105 os\u0142on\u0119 silnika jak i ramy nie zmniejszaj\u0105c prze\u015bwitu motocykla. Jednocze\u015bnie nadaje motocyklowi turystycznemu lub naked bike nowy charakter. Ca\u0142o\u015b\u0107 wykonana jest na maszynach CNC [&hellip;]<\/p>\n","protected":false},"featured_media":8474,"template":"","meta":[],"product_brand":[386],"product_cat":[390],"product_tag":[],"class_list":{"0":"post-8475","1":"product","2":"type-product","3":"status-publish","4":"has-post-thumbnail","6":"product_brand-sw-motech","7":"product_cat-akcesoria-sw-motech-2","9":"first","10":"onbackorder","11":"taxable","12":"shipping-taxable","13":"purchasable","14":"product-type-simple"},"yoast_head":"<!-- This site is optimized with the Yoast SEO plugin v26.9 - https:\/\/yoast.com\/product\/yoast-seo-wordpress\/ -->\n<title>OS\u0141ONA OBUDOWY SILNIKA SW-MOTECH KAWASAKI Z 800 (12-) BLACK - MOTO-PAWMAR<\/title>\n<meta name=\"robots\" content=\"index, follow, max-snippet:-1, max-image-preview:large, max-video-preview:-1\" \/>\n<link rel=\"canonical\" href=\"https:\/\/moto-pawmar.pl\/?product=osona-obudowy-silnika-sw-motech-kawasaki-z-800-12-black\" \/>\n<meta property=\"og:locale\" content=\"pl_PL\" \/>\n<meta property=\"og:type\" content=\"article\" \/>\n<meta property=\"og:title\" content=\"OS\u0141ONA OBUDOWY SILNIKA SW-MOTECH KAWASAKI Z 800 (12-) BLACK - MOTO-PAWMAR\" \/>\n<meta property=\"og:description\" content=\"Doskona\u0142a ochrona przed odpryskami kamieni jak i kontaktem z pod\u0142o\u017cem: os\u0142ony silnika od SW-MOTECH wykonane s\u0105 z bardzo wytrzyma\u0142ego stopu aluminium, przez co oferuj\u0105 bardzo dobr\u0105 ochron\u0119. Ich konstrukcja zapewnia skuteczn\u0105 os\u0142on\u0119 silnika jak i ramy nie zmniejszaj\u0105c prze\u015bwitu motocykla. Jednocze\u015bnie nadaje motocyklowi turystycznemu lub naked bike nowy charakter. Ca\u0142o\u015b\u0107 wykonana jest na maszynach CNC [&hellip;]\" \/>\n<meta property=\"og:url\" content=\"https:\/\/moto-pawmar.pl\/?product=osona-obudowy-silnika-sw-motech-kawasaki-z-800-12-black\" \/>\n<meta property=\"og:site_name\" content=\"MOTO-PAWMAR\" \/>\n<meta property=\"article:publisher\" content=\"https:\/\/www.facebook.com\/motopawmar\/?locale=pl_PL\" \/>\n<meta property=\"article:modified_time\" content=\"2026-01-29T08:20:54+00:00\" \/>\n<meta property=\"og:image\" content=\"https:\/\/moto-pawmar.pl\/wp-content\/uploads\/2026\/01\/085823_ZAL272056.jpg\" \/>\n\t<meta property=\"og:image:width\" content=\"800\" \/>\n\t<meta property=\"og:image:height\" content=\"533\" \/>\n\t<meta property=\"og:image:type\" content=\"image\/jpeg\" \/>\n<meta name=\"twitter:card\" content=\"summary_large_image\" \/>\n<meta name=\"twitter:label1\" content=\"Szacowany czas czytania\" \/>\n\t<meta name=\"twitter:data1\" content=\"1 minuta\" \/>\n<script type=\"application\/ld+json\" class=\"yoast-schema-graph\">{\"@context\":\"https:\/\/schema.org\",\"@graph\":[{\"@type\":\"WebPage\",\"@id\":\"https:\/\/moto-pawmar.pl\/?product=osona-obudowy-silnika-sw-motech-kawasaki-z-800-12-black\",\"url\":\"https:\/\/moto-pawmar.pl\/?product=osona-obudowy-silnika-sw-motech-kawasaki-z-800-12-black\",\"name\":\"OS\u0141ONA OBUDOWY SILNIKA SW-MOTECH KAWASAKI Z 800 (12-) BLACK - MOTO-PAWMAR\",\"isPartOf\":{\"@id\":\"https:\/\/moto-pawmar.pl\/#website\"},\"primaryImageOfPage\":{\"@id\":\"https:\/\/moto-pawmar.pl\/?product=osona-obudowy-silnika-sw-motech-kawasaki-z-800-12-black#primaryimage\"},\"image\":{\"@id\":\"https:\/\/moto-pawmar.pl\/?product=osona-obudowy-silnika-sw-motech-kawasaki-z-800-12-black#primaryimage\"},\"thumbnailUrl\":\"https:\/\/moto-pawmar.pl\/wp-content\/uploads\/2026\/01\/085823_ZAL272056.jpg\",\"datePublished\":\"2026-01-28T15:42:20+00:00\",\"dateModified\":\"2026-01-29T08:20:54+00:00\",\"breadcrumb\":{\"@id\":\"https:\/\/moto-pawmar.pl\/?product=osona-obudowy-silnika-sw-motech-kawasaki-z-800-12-black#breadcrumb\"},\"inLanguage\":\"pl-PL\",\"potentialAction\":[{\"@type\":\"ReadAction\",\"target\":[\"https:\/\/moto-pawmar.pl\/?product=osona-obudowy-silnika-sw-motech-kawasaki-z-800-12-black\"]}]},{\"@type\":\"ImageObject\",\"inLanguage\":\"pl-PL\",\"@id\":\"https:\/\/moto-pawmar.pl\/?product=osona-obudowy-silnika-sw-motech-kawasaki-z-800-12-black#primaryimage\",\"url\":\"https:\/\/moto-pawmar.pl\/wp-content\/uploads\/2026\/01\/085823_ZAL272056.jpg\",\"contentUrl\":\"https:\/\/moto-pawmar.pl\/wp-content\/uploads\/2026\/01\/085823_ZAL272056.jpg\",\"width\":800,\"height\":533},{\"@type\":\"BreadcrumbList\",\"@id\":\"https:\/\/moto-pawmar.pl\/?product=osona-obudowy-silnika-sw-motech-kawasaki-z-800-12-black#breadcrumb\",\"itemListElement\":[{\"@type\":\"ListItem\",\"position\":1,\"name\":\"Strona g\u0142\u00f3wna\",\"item\":\"https:\/\/moto-pawmar.pl\/\"},{\"@type\":\"ListItem\",\"position\":2,\"name\":\"Sklep Internetowy\",\"item\":\"https:\/\/moto-pawmar.pl\/?page_id=367\"},{\"@type\":\"ListItem\",\"position\":3,\"name\":\"OS\u0141ONA OBUDOWY SILNIKA SW-MOTECH KAWASAKI Z 800 (12-) BLACK\"}]},{\"@type\":\"WebSite\",\"@id\":\"https:\/\/moto-pawmar.pl\/#website\",\"url\":\"https:\/\/moto-pawmar.pl\/\",\"name\":\"MOTO-PAWMAR\",\"description\":\"MOTO\u2011PAWMAR \u2013 Tw\u00f3j sklep z cz\u0119\u015bciami i akcesoriami do motocykli, skuter\u00f3w i quad\u00f3w.\",\"publisher\":{\"@id\":\"https:\/\/moto-pawmar.pl\/#organization\"},\"potentialAction\":[{\"@type\":\"SearchAction\",\"target\":{\"@type\":\"EntryPoint\",\"urlTemplate\":\"https:\/\/moto-pawmar.pl\/?s={search_term_string}\"},\"query-input\":{\"@type\":\"PropertyValueSpecification\",\"valueRequired\":true,\"valueName\":\"search_term_string\"}}],\"inLanguage\":\"pl-PL\"},{\"@type\":\"Organization\",\"@id\":\"https:\/\/moto-pawmar.pl\/#organization\",\"name\":\"MOTO-PAWMAR\",\"url\":\"https:\/\/moto-pawmar.pl\/\",\"logo\":{\"@type\":\"ImageObject\",\"inLanguage\":\"pl-PL\",\"@id\":\"https:\/\/moto-pawmar.pl\/#\/schema\/logo\/image\/\",\"url\":\"https:\/\/moto-pawmar.pl\/wp-content\/uploads\/2025\/10\/LOGO-SKLEP.png\",\"contentUrl\":\"https:\/\/moto-pawmar.pl\/wp-content\/uploads\/2025\/10\/LOGO-SKLEP.png\",\"width\":2480,\"height\":2053,\"caption\":\"MOTO-PAWMAR\"},\"image\":{\"@id\":\"https:\/\/moto-pawmar.pl\/#\/schema\/logo\/image\/\"},\"sameAs\":[\"https:\/\/www.facebook.com\/motopawmar\/?locale=pl_PL\"]}]}<\/script>\n<!-- \/ Yoast SEO plugin. -->","yoast_head_json":{"title":"OS\u0141ONA OBUDOWY SILNIKA SW-MOTECH KAWASAKI Z 800 (12-) BLACK - MOTO-PAWMAR","robots":{"index":"index","follow":"follow","max-snippet":"max-snippet:-1","max-image-preview":"max-image-preview:large","max-video-preview":"max-video-preview:-1"},"canonical":"https:\/\/moto-pawmar.pl\/?product=osona-obudowy-silnika-sw-motech-kawasaki-z-800-12-black","og_locale":"pl_PL","og_type":"article","og_title":"OS\u0141ONA OBUDOWY SILNIKA SW-MOTECH KAWASAKI Z 800 (12-) BLACK - MOTO-PAWMAR","og_description":"Doskona\u0142a ochrona przed odpryskami kamieni jak i kontaktem z pod\u0142o\u017cem: os\u0142ony silnika od SW-MOTECH wykonane s\u0105 z bardzo wytrzyma\u0142ego stopu aluminium, przez co oferuj\u0105 bardzo dobr\u0105 ochron\u0119. Ich konstrukcja zapewnia skuteczn\u0105 os\u0142on\u0119 silnika jak i ramy nie zmniejszaj\u0105c prze\u015bwitu motocykla. Jednocze\u015bnie nadaje motocyklowi turystycznemu lub naked bike nowy charakter. Ca\u0142o\u015b\u0107 wykonana jest na maszynach CNC [&hellip;]","og_url":"https:\/\/moto-pawmar.pl\/?product=osona-obudowy-silnika-sw-motech-kawasaki-z-800-12-black","og_site_name":"MOTO-PAWMAR","article_publisher":"https:\/\/www.facebook.com\/motopawmar\/?locale=pl_PL","article_modified_time":"2026-01-29T08:20:54+00:00","og_image":[{"width":800,"height":533,"url":"https:\/\/moto-pawmar.pl\/wp-content\/uploads\/2026\/01\/085823_ZAL272056.jpg","type":"image\/jpeg"}],"twitter_card":"summary_large_image","twitter_misc":{"Szacowany czas czytania":"1 minuta"},"schema":{"@context":"https:\/\/schema.org","@graph":[{"@type":"WebPage","@id":"https:\/\/moto-pawmar.pl\/?product=osona-obudowy-silnika-sw-motech-kawasaki-z-800-12-black","url":"https:\/\/moto-pawmar.pl\/?product=osona-obudowy-silnika-sw-motech-kawasaki-z-800-12-black","name":"OS\u0141ONA OBUDOWY SILNIKA SW-MOTECH KAWASAKI Z 800 (12-) BLACK - MOTO-PAWMAR","isPartOf":{"@id":"https:\/\/moto-pawmar.pl\/#website"},"primaryImageOfPage":{"@id":"https:\/\/moto-pawmar.pl\/?product=osona-obudowy-silnika-sw-motech-kawasaki-z-800-12-black#primaryimage"},"image":{"@id":"https:\/\/moto-pawmar.pl\/?product=osona-obudowy-silnika-sw-motech-kawasaki-z-800-12-black#primaryimage"},"thumbnailUrl":"https:\/\/moto-pawmar.pl\/wp-content\/uploads\/2026\/01\/085823_ZAL272056.jpg","datePublished":"2026-01-28T15:42:20+00:00","dateModified":"2026-01-29T08:20:54+00:00","breadcrumb":{"@id":"https:\/\/moto-pawmar.pl\/?product=osona-obudowy-silnika-sw-motech-kawasaki-z-800-12-black#breadcrumb"},"inLanguage":"pl-PL","potentialAction":[{"@type":"ReadAction","target":["https:\/\/moto-pawmar.pl\/?product=osona-obudowy-silnika-sw-motech-kawasaki-z-800-12-black"]}]},{"@type":"ImageObject","inLanguage":"pl-PL","@id":"https:\/\/moto-pawmar.pl\/?product=osona-obudowy-silnika-sw-motech-kawasaki-z-800-12-black#primaryimage","url":"https:\/\/moto-pawmar.pl\/wp-content\/uploads\/2026\/01\/085823_ZAL272056.jpg","contentUrl":"https:\/\/moto-pawmar.pl\/wp-content\/uploads\/2026\/01\/085823_ZAL272056.jpg","width":800,"height":533},{"@type":"BreadcrumbList","@id":"https:\/\/moto-pawmar.pl\/?product=osona-obudowy-silnika-sw-motech-kawasaki-z-800-12-black#breadcrumb","itemListElement":[{"@type":"ListItem","position":1,"name":"Strona g\u0142\u00f3wna","item":"https:\/\/moto-pawmar.pl\/"},{"@type":"ListItem","position":2,"name":"Sklep Internetowy","item":"https:\/\/moto-pawmar.pl\/?page_id=367"},{"@type":"ListItem","position":3,"name":"OS\u0141ONA OBUDOWY SILNIKA SW-MOTECH KAWASAKI Z 800 (12-) BLACK"}]},{"@type":"WebSite","@id":"https:\/\/moto-pawmar.pl\/#website","url":"https:\/\/moto-pawmar.pl\/","name":"MOTO-PAWMAR","description":"MOTO\u2011PAWMAR \u2013 Tw\u00f3j sklep z cz\u0119\u015bciami i akcesoriami do motocykli, skuter\u00f3w i quad\u00f3w.","publisher":{"@id":"https:\/\/moto-pawmar.pl\/#organization"},"potentialAction":[{"@type":"SearchAction","target":{"@type":"EntryPoint","urlTemplate":"https:\/\/moto-pawmar.pl\/?s={search_term_string}"},"query-input":{"@type":"PropertyValueSpecification","valueRequired":true,"valueName":"search_term_string"}}],"inLanguage":"pl-PL"},{"@type":"Organization","@id":"https:\/\/moto-pawmar.pl\/#organization","name":"MOTO-PAWMAR","url":"https:\/\/moto-pawmar.pl\/","logo":{"@type":"ImageObject","inLanguage":"pl-PL","@id":"https:\/\/moto-pawmar.pl\/#\/schema\/logo\/image\/","url":"https:\/\/moto-pawmar.pl\/wp-content\/uploads\/2025\/10\/LOGO-SKLEP.png","contentUrl":"https:\/\/moto-pawmar.pl\/wp-content\/uploads\/2025\/10\/LOGO-SKLEP.png","width":2480,"height":2053,"caption":"MOTO-PAWMAR"},"image":{"@id":"https:\/\/moto-pawmar.pl\/#\/schema\/logo\/image\/"},"sameAs":["https:\/\/www.facebook.com\/motopawmar\/?locale=pl_PL"]}]}},"_links":{"self":[{"href":"https:\/\/moto-pawmar.pl\/index.php?rest_route=\/wp\/v2\/product\/8475","targetHints":{"allow":["GET"]}}],"collection":[{"href":"https:\/\/moto-pawmar.pl\/index.php?rest_route=\/wp\/v2\/product"}],"about":[{"href":"https:\/\/moto-pawmar.pl\/index.php?rest_route=\/wp\/v2\/types\/product"}],"wp:featuredmedia":[{"embeddable":true,"href":"https:\/\/moto-pawmar.pl\/index.php?rest_route=\/wp\/v2\/media\/8474"}],"wp:attachment":[{"href":"https:\/\/moto-pawmar.pl\/index.php?rest_route=%2Fwp%2Fv2%2Fmedia&parent=8475"}],"wp:term":[{"taxonomy":"product_brand","embeddable":true,"href":"https:\/\/moto-pawmar.pl\/index.php?rest_route=%2Fwp%2Fv2%2Fproduct_brand&post=8475"},{"taxonomy":"product_cat","embeddable":true,"href":"https:\/\/moto-pawmar.pl\/index.php?rest_route=%2Fwp%2Fv2%2Fproduct_cat&post=8475"},{"taxonomy":"product_tag","embeddable":true,"href":"https:\/\/moto-pawmar.pl\/index.php?rest_route=%2Fwp%2Fv2%2Fproduct_tag&post=8475"}],"curies":[{"name":"wp","href":"https:\/\/api.w.org\/{rel}","templated":true}]}}