{"id":8471,"date":"2026-01-28T16:42:20","date_gmt":"2026-01-28T15:42:20","guid":{"rendered":"https:\/\/moto-pawmar.pl\/?product=osona-pompy-hamulcowej-sw-motech-bmw-r1200gs-r1250gs-black"},"modified":"2026-01-29T09:20:53","modified_gmt":"2026-01-29T08:20:53","slug":"osona-pompy-hamulcowej-sw-motech-bmw-r1200gs-r1250gs-black","status":"publish","type":"product","link":"https:\/\/moto-pawmar.pl\/?product=osona-pompy-hamulcowej-sw-motech-bmw-r1200gs-r1250gs-black","title":{"rendered":"OS\u0141ONA POMPY HAMULCOWEJ SW-MOTECH BMW R1200GS R1250GS BLACK"},"content":{"rendered":"<p>Bezpieczne i ergonomiczne produkty firmy SW-MOTECH zapewniaj\u0105 znakomit\u0105 ochron\u0119, doskona\u0142e dopasowanie oraz wyj\u0105tkowy wygl\u0105d. Niezale\u017cnie od tego czy to os\u0142ona silnika, reflektora, cylindra, hamulca, d\u017awigni zmiany bieg\u00f3w, itp. ka\u017cdy produkt zosta\u0142 tak zaprojektowany aby idealnie konweniowa\u0107 z motocyklem. <\/br><\/br> <b>W\u0142a\u015bciwo\u015bci:<\/b><\/p>\n<ul>\n<li> Zapobiega uderzeniom buta o pomp\u0119 hamulcow\u0105 oraz zapewnia dodatkow\u0105 ochron\u0119.\n<li> Wykonana z bardzo wytrzyma\u0142ego stopu aluminium\n<li> \u0141atwa instalacja bez ingerencji w konstrukcj\u0119 motocykla. U\u017cywane s\u0105 punkty monta\u017cowe producenta motocykla\n<li> Kolor: szczotkowane aluminium<\/ul>\n<p><b>Zestaw zawiera:<\/b><\/p>\n<ul>\n<li> Os\u0142on\u0119 pompy hamulcowej\n<li> Materia\u0142y monta\u017cowe\n<li> Instrukcj\u0119 monta\u017cu<\/UL><br \/>\n","protected":false},"excerpt":{"rendered":"<p>Bezpieczne i ergonomiczne produkty firmy SW-MOTECH zapewniaj\u0105 znakomit\u0105 ochron\u0119, doskona\u0142e dopasowanie oraz wyj\u0105tkowy wygl\u0105d. Niezale\u017cnie od tego czy to os\u0142ona silnika, reflektora, cylindra, hamulca, d\u017awigni zmiany bieg\u00f3w, itp. ka\u017cdy produkt zosta\u0142 tak zaprojektowany aby idealnie konweniowa\u0107 z motocyklem. W\u0142a\u015bciwo\u015bci: Zapobiega uderzeniom buta o pomp\u0119 hamulcow\u0105 oraz zapewnia dodatkow\u0105 ochron\u0119. Wykonana z bardzo wytrzyma\u0142ego stopu aluminium [&hellip;]<\/p>\n","protected":false},"featured_media":8470,"template":"","meta":[],"product_brand":[386],"product_cat":[390],"product_tag":[],"class_list":{"0":"post-8471","1":"product","2":"type-product","3":"status-publish","4":"has-post-thumbnail","6":"product_brand-sw-motech","7":"product_cat-akcesoria-sw-motech-2","9":"first","10":"onbackorder","11":"taxable","12":"shipping-taxable","13":"purchasable","14":"product-type-simple"},"yoast_head":"<!-- This site is optimized with the Yoast SEO plugin v26.9 - https:\/\/yoast.com\/product\/yoast-seo-wordpress\/ -->\n<title>OS\u0141ONA POMPY HAMULCOWEJ SW-MOTECH BMW R1200GS R1250GS BLACK - MOTO-PAWMAR<\/title>\n<meta name=\"robots\" content=\"index, follow, max-snippet:-1, max-image-preview:large, max-video-preview:-1\" \/>\n<link rel=\"canonical\" href=\"https:\/\/moto-pawmar.pl\/?product=osona-pompy-hamulcowej-sw-motech-bmw-r1200gs-r1250gs-black\" \/>\n<meta property=\"og:locale\" content=\"pl_PL\" \/>\n<meta property=\"og:type\" content=\"article\" \/>\n<meta property=\"og:title\" content=\"OS\u0141ONA POMPY HAMULCOWEJ SW-MOTECH BMW R1200GS R1250GS BLACK - MOTO-PAWMAR\" \/>\n<meta property=\"og:description\" content=\"Bezpieczne i ergonomiczne produkty firmy SW-MOTECH zapewniaj\u0105 znakomit\u0105 ochron\u0119, doskona\u0142e dopasowanie oraz wyj\u0105tkowy wygl\u0105d. Niezale\u017cnie od tego czy to os\u0142ona silnika, reflektora, cylindra, hamulca, d\u017awigni zmiany bieg\u00f3w, itp. ka\u017cdy produkt zosta\u0142 tak zaprojektowany aby idealnie konweniowa\u0107 z motocyklem. W\u0142a\u015bciwo\u015bci: Zapobiega uderzeniom buta o pomp\u0119 hamulcow\u0105 oraz zapewnia dodatkow\u0105 ochron\u0119. Wykonana z bardzo wytrzyma\u0142ego stopu aluminium [&hellip;]\" \/>\n<meta property=\"og:url\" content=\"https:\/\/moto-pawmar.pl\/?product=osona-pompy-hamulcowej-sw-motech-bmw-r1200gs-r1250gs-black\" \/>\n<meta property=\"og:site_name\" content=\"MOTO-PAWMAR\" \/>\n<meta property=\"article:publisher\" content=\"https:\/\/www.facebook.com\/motopawmar\/?locale=pl_PL\" \/>\n<meta property=\"article:modified_time\" content=\"2026-01-29T08:20:53+00:00\" \/>\n<meta property=\"og:image\" content=\"https:\/\/moto-pawmar.pl\/wp-content\/uploads\/2026\/01\/085803_ZAL275548.jpg\" \/>\n\t<meta property=\"og:image:width\" content=\"800\" \/>\n\t<meta property=\"og:image:height\" content=\"533\" \/>\n\t<meta property=\"og:image:type\" content=\"image\/jpeg\" \/>\n<meta name=\"twitter:card\" content=\"summary_large_image\" \/>\n<script type=\"application\/ld+json\" class=\"yoast-schema-graph\">{\"@context\":\"https:\/\/schema.org\",\"@graph\":[{\"@type\":\"WebPage\",\"@id\":\"https:\/\/moto-pawmar.pl\/?product=osona-pompy-hamulcowej-sw-motech-bmw-r1200gs-r1250gs-black\",\"url\":\"https:\/\/moto-pawmar.pl\/?product=osona-pompy-hamulcowej-sw-motech-bmw-r1200gs-r1250gs-black\",\"name\":\"OS\u0141ONA POMPY HAMULCOWEJ SW-MOTECH BMW R1200GS R1250GS BLACK - MOTO-PAWMAR\",\"isPartOf\":{\"@id\":\"https:\/\/moto-pawmar.pl\/#website\"},\"primaryImageOfPage\":{\"@id\":\"https:\/\/moto-pawmar.pl\/?product=osona-pompy-hamulcowej-sw-motech-bmw-r1200gs-r1250gs-black#primaryimage\"},\"image\":{\"@id\":\"https:\/\/moto-pawmar.pl\/?product=osona-pompy-hamulcowej-sw-motech-bmw-r1200gs-r1250gs-black#primaryimage\"},\"thumbnailUrl\":\"https:\/\/moto-pawmar.pl\/wp-content\/uploads\/2026\/01\/085803_ZAL275548.jpg\",\"datePublished\":\"2026-01-28T15:42:20+00:00\",\"dateModified\":\"2026-01-29T08:20:53+00:00\",\"breadcrumb\":{\"@id\":\"https:\/\/moto-pawmar.pl\/?product=osona-pompy-hamulcowej-sw-motech-bmw-r1200gs-r1250gs-black#breadcrumb\"},\"inLanguage\":\"pl-PL\",\"potentialAction\":[{\"@type\":\"ReadAction\",\"target\":[\"https:\/\/moto-pawmar.pl\/?product=osona-pompy-hamulcowej-sw-motech-bmw-r1200gs-r1250gs-black\"]}]},{\"@type\":\"ImageObject\",\"inLanguage\":\"pl-PL\",\"@id\":\"https:\/\/moto-pawmar.pl\/?product=osona-pompy-hamulcowej-sw-motech-bmw-r1200gs-r1250gs-black#primaryimage\",\"url\":\"https:\/\/moto-pawmar.pl\/wp-content\/uploads\/2026\/01\/085803_ZAL275548.jpg\",\"contentUrl\":\"https:\/\/moto-pawmar.pl\/wp-content\/uploads\/2026\/01\/085803_ZAL275548.jpg\",\"width\":800,\"height\":533},{\"@type\":\"BreadcrumbList\",\"@id\":\"https:\/\/moto-pawmar.pl\/?product=osona-pompy-hamulcowej-sw-motech-bmw-r1200gs-r1250gs-black#breadcrumb\",\"itemListElement\":[{\"@type\":\"ListItem\",\"position\":1,\"name\":\"Strona g\u0142\u00f3wna\",\"item\":\"https:\/\/moto-pawmar.pl\/\"},{\"@type\":\"ListItem\",\"position\":2,\"name\":\"Sklep Internetowy\",\"item\":\"https:\/\/moto-pawmar.pl\/?page_id=367\"},{\"@type\":\"ListItem\",\"position\":3,\"name\":\"OS\u0141ONA POMPY HAMULCOWEJ SW-MOTECH BMW R1200GS R1250GS BLACK\"}]},{\"@type\":\"WebSite\",\"@id\":\"https:\/\/moto-pawmar.pl\/#website\",\"url\":\"https:\/\/moto-pawmar.pl\/\",\"name\":\"MOTO-PAWMAR\",\"description\":\"MOTO\u2011PAWMAR \u2013 Tw\u00f3j sklep z cz\u0119\u015bciami i akcesoriami do motocykli, skuter\u00f3w i quad\u00f3w.\",\"publisher\":{\"@id\":\"https:\/\/moto-pawmar.pl\/#organization\"},\"potentialAction\":[{\"@type\":\"SearchAction\",\"target\":{\"@type\":\"EntryPoint\",\"urlTemplate\":\"https:\/\/moto-pawmar.pl\/?s={search_term_string}\"},\"query-input\":{\"@type\":\"PropertyValueSpecification\",\"valueRequired\":true,\"valueName\":\"search_term_string\"}}],\"inLanguage\":\"pl-PL\"},{\"@type\":\"Organization\",\"@id\":\"https:\/\/moto-pawmar.pl\/#organization\",\"name\":\"MOTO-PAWMAR\",\"url\":\"https:\/\/moto-pawmar.pl\/\",\"logo\":{\"@type\":\"ImageObject\",\"inLanguage\":\"pl-PL\",\"@id\":\"https:\/\/moto-pawmar.pl\/#\/schema\/logo\/image\/\",\"url\":\"https:\/\/moto-pawmar.pl\/wp-content\/uploads\/2025\/10\/LOGO-SKLEP.png\",\"contentUrl\":\"https:\/\/moto-pawmar.pl\/wp-content\/uploads\/2025\/10\/LOGO-SKLEP.png\",\"width\":2480,\"height\":2053,\"caption\":\"MOTO-PAWMAR\"},\"image\":{\"@id\":\"https:\/\/moto-pawmar.pl\/#\/schema\/logo\/image\/\"},\"sameAs\":[\"https:\/\/www.facebook.com\/motopawmar\/?locale=pl_PL\"]}]}<\/script>\n<!-- \/ Yoast SEO plugin. -->","yoast_head_json":{"title":"OS\u0141ONA POMPY HAMULCOWEJ SW-MOTECH BMW R1200GS R1250GS BLACK - MOTO-PAWMAR","robots":{"index":"index","follow":"follow","max-snippet":"max-snippet:-1","max-image-preview":"max-image-preview:large","max-video-preview":"max-video-preview:-1"},"canonical":"https:\/\/moto-pawmar.pl\/?product=osona-pompy-hamulcowej-sw-motech-bmw-r1200gs-r1250gs-black","og_locale":"pl_PL","og_type":"article","og_title":"OS\u0141ONA POMPY HAMULCOWEJ SW-MOTECH BMW R1200GS R1250GS BLACK - MOTO-PAWMAR","og_description":"Bezpieczne i ergonomiczne produkty firmy SW-MOTECH zapewniaj\u0105 znakomit\u0105 ochron\u0119, doskona\u0142e dopasowanie oraz wyj\u0105tkowy wygl\u0105d. Niezale\u017cnie od tego czy to os\u0142ona silnika, reflektora, cylindra, hamulca, d\u017awigni zmiany bieg\u00f3w, itp. ka\u017cdy produkt zosta\u0142 tak zaprojektowany aby idealnie konweniowa\u0107 z motocyklem. W\u0142a\u015bciwo\u015bci: Zapobiega uderzeniom buta o pomp\u0119 hamulcow\u0105 oraz zapewnia dodatkow\u0105 ochron\u0119. Wykonana z bardzo wytrzyma\u0142ego stopu aluminium [&hellip;]","og_url":"https:\/\/moto-pawmar.pl\/?product=osona-pompy-hamulcowej-sw-motech-bmw-r1200gs-r1250gs-black","og_site_name":"MOTO-PAWMAR","article_publisher":"https:\/\/www.facebook.com\/motopawmar\/?locale=pl_PL","article_modified_time":"2026-01-29T08:20:53+00:00","og_image":[{"width":800,"height":533,"url":"https:\/\/moto-pawmar.pl\/wp-content\/uploads\/2026\/01\/085803_ZAL275548.jpg","type":"image\/jpeg"}],"twitter_card":"summary_large_image","schema":{"@context":"https:\/\/schema.org","@graph":[{"@type":"WebPage","@id":"https:\/\/moto-pawmar.pl\/?product=osona-pompy-hamulcowej-sw-motech-bmw-r1200gs-r1250gs-black","url":"https:\/\/moto-pawmar.pl\/?product=osona-pompy-hamulcowej-sw-motech-bmw-r1200gs-r1250gs-black","name":"OS\u0141ONA POMPY HAMULCOWEJ SW-MOTECH BMW R1200GS R1250GS BLACK - MOTO-PAWMAR","isPartOf":{"@id":"https:\/\/moto-pawmar.pl\/#website"},"primaryImageOfPage":{"@id":"https:\/\/moto-pawmar.pl\/?product=osona-pompy-hamulcowej-sw-motech-bmw-r1200gs-r1250gs-black#primaryimage"},"image":{"@id":"https:\/\/moto-pawmar.pl\/?product=osona-pompy-hamulcowej-sw-motech-bmw-r1200gs-r1250gs-black#primaryimage"},"thumbnailUrl":"https:\/\/moto-pawmar.pl\/wp-content\/uploads\/2026\/01\/085803_ZAL275548.jpg","datePublished":"2026-01-28T15:42:20+00:00","dateModified":"2026-01-29T08:20:53+00:00","breadcrumb":{"@id":"https:\/\/moto-pawmar.pl\/?product=osona-pompy-hamulcowej-sw-motech-bmw-r1200gs-r1250gs-black#breadcrumb"},"inLanguage":"pl-PL","potentialAction":[{"@type":"ReadAction","target":["https:\/\/moto-pawmar.pl\/?product=osona-pompy-hamulcowej-sw-motech-bmw-r1200gs-r1250gs-black"]}]},{"@type":"ImageObject","inLanguage":"pl-PL","@id":"https:\/\/moto-pawmar.pl\/?product=osona-pompy-hamulcowej-sw-motech-bmw-r1200gs-r1250gs-black#primaryimage","url":"https:\/\/moto-pawmar.pl\/wp-content\/uploads\/2026\/01\/085803_ZAL275548.jpg","contentUrl":"https:\/\/moto-pawmar.pl\/wp-content\/uploads\/2026\/01\/085803_ZAL275548.jpg","width":800,"height":533},{"@type":"BreadcrumbList","@id":"https:\/\/moto-pawmar.pl\/?product=osona-pompy-hamulcowej-sw-motech-bmw-r1200gs-r1250gs-black#breadcrumb","itemListElement":[{"@type":"ListItem","position":1,"name":"Strona g\u0142\u00f3wna","item":"https:\/\/moto-pawmar.pl\/"},{"@type":"ListItem","position":2,"name":"Sklep Internetowy","item":"https:\/\/moto-pawmar.pl\/?page_id=367"},{"@type":"ListItem","position":3,"name":"OS\u0141ONA POMPY HAMULCOWEJ SW-MOTECH BMW R1200GS R1250GS BLACK"}]},{"@type":"WebSite","@id":"https:\/\/moto-pawmar.pl\/#website","url":"https:\/\/moto-pawmar.pl\/","name":"MOTO-PAWMAR","description":"MOTO\u2011PAWMAR \u2013 Tw\u00f3j sklep z cz\u0119\u015bciami i akcesoriami do motocykli, skuter\u00f3w i quad\u00f3w.","publisher":{"@id":"https:\/\/moto-pawmar.pl\/#organization"},"potentialAction":[{"@type":"SearchAction","target":{"@type":"EntryPoint","urlTemplate":"https:\/\/moto-pawmar.pl\/?s={search_term_string}"},"query-input":{"@type":"PropertyValueSpecification","valueRequired":true,"valueName":"search_term_string"}}],"inLanguage":"pl-PL"},{"@type":"Organization","@id":"https:\/\/moto-pawmar.pl\/#organization","name":"MOTO-PAWMAR","url":"https:\/\/moto-pawmar.pl\/","logo":{"@type":"ImageObject","inLanguage":"pl-PL","@id":"https:\/\/moto-pawmar.pl\/#\/schema\/logo\/image\/","url":"https:\/\/moto-pawmar.pl\/wp-content\/uploads\/2025\/10\/LOGO-SKLEP.png","contentUrl":"https:\/\/moto-pawmar.pl\/wp-content\/uploads\/2025\/10\/LOGO-SKLEP.png","width":2480,"height":2053,"caption":"MOTO-PAWMAR"},"image":{"@id":"https:\/\/moto-pawmar.pl\/#\/schema\/logo\/image\/"},"sameAs":["https:\/\/www.facebook.com\/motopawmar\/?locale=pl_PL"]}]}},"_links":{"self":[{"href":"https:\/\/moto-pawmar.pl\/index.php?rest_route=\/wp\/v2\/product\/8471","targetHints":{"allow":["GET"]}}],"collection":[{"href":"https:\/\/moto-pawmar.pl\/index.php?rest_route=\/wp\/v2\/product"}],"about":[{"href":"https:\/\/moto-pawmar.pl\/index.php?rest_route=\/wp\/v2\/types\/product"}],"wp:featuredmedia":[{"embeddable":true,"href":"https:\/\/moto-pawmar.pl\/index.php?rest_route=\/wp\/v2\/media\/8470"}],"wp:attachment":[{"href":"https:\/\/moto-pawmar.pl\/index.php?rest_route=%2Fwp%2Fv2%2Fmedia&parent=8471"}],"wp:term":[{"taxonomy":"product_brand","embeddable":true,"href":"https:\/\/moto-pawmar.pl\/index.php?rest_route=%2Fwp%2Fv2%2Fproduct_brand&post=8471"},{"taxonomy":"product_cat","embeddable":true,"href":"https:\/\/moto-pawmar.pl\/index.php?rest_route=%2Fwp%2Fv2%2Fproduct_cat&post=8471"},{"taxonomy":"product_tag","embeddable":true,"href":"https:\/\/moto-pawmar.pl\/index.php?rest_route=%2Fwp%2Fv2%2Fproduct_tag&post=8471"}],"curies":[{"name":"wp","href":"https:\/\/api.w.org\/{rel}","templated":true}]}}