{"id":8455,"date":"2026-01-28T16:42:18","date_gmt":"2026-01-28T15:42:18","guid":{"rendered":"https:\/\/moto-pawmar.pl\/?product=mocowanie-gps-na-kierownic-sw-motech-z-amortyzacj-drga-black"},"modified":"2026-01-29T09:20:53","modified_gmt":"2026-01-29T08:20:53","slug":"mocowanie-gps-na-kierownic-sw-motech-z-amortyzacj-drga-black","status":"publish","type":"product","link":"https:\/\/moto-pawmar.pl\/?product=mocowanie-gps-na-kierownic-sw-motech-z-amortyzacj-drga-black","title":{"rendered":"MOCOWANIE GPS NA KIEROWNIC\u0118 SW-MOTECH Z AMORTYZACJ\u0104 DRGA\u0143 BLACK"},"content":{"rendered":"<p>SW-Motech niemiecki producent lider znany z dobrze przemy\u015blanych i zaprojektowanych urz\u0105dze\u0144, przygotowa\u0142 seri\u0119 produkt\u00f3w dzi\u0119ki kt\u00f3rej nawigacje zdemontujesz w kilka sekund, a do tego podczas jazdy wyeliminuje wibracje.<\/p>\n<p><B>W\u0142a\u015bciwo\u015bci:<\/b><UL><\/p>\n<li> \u0141atwy monta\u017c na kierownicy motocykla\n<li> Uchwyt GPS wykonany z czarnej, malowanej proszkowo stali\n<li> Wspornik obrotowy jest mocowany za pomoc\u0105 po\u0142\u0105czenia QUICK-LOCK na p\u0142ycie podstawy <LI>Uk\u0142ad otwor\u00f3w w p\u0142ycie podstawy pasuje do wszystkich TOMTOM Rider i Garmin zumo-models, Garmin Montana, Blaupunkt MotoPilot and many more. As well for all RAM Applications and our GPS-Cases<LI>Do Garmin Zumo 340\/350\/390\/590\/595\/660 niezb\u0119dne jest u\u017cycie dodatkowego adaptera GPS.00.085.10000\/B <LI>Je\u015bli u\u017cywasz nawigacji samochodowej zalecane jest zastosowanie pokrowca przeciwdeszczowego<\/UL><B>Zestaw zawiera:<\/B><UL>\n<li> uchwyt QUICK-LOCK na nawigacj\u0119 lub pokrowiec\n<li> materia\u0142y monta\u017cowe\n<li> instrukcj\u0119 monta\u017cu<\/UL><a href= http:\/\/powerbike.pl\/powerlink_materialy\/SW-Motech\/Instrukcja_kompletowania_zestawu_nawigacji.pdf  target=_blank >Zobacz instrukcj\u0119 kompletowania uchwytu<\/a><\/UL><br \/>\n","protected":false},"excerpt":{"rendered":"<p>SW-Motech niemiecki producent lider znany z dobrze przemy\u015blanych i zaprojektowanych urz\u0105dze\u0144, przygotowa\u0142 seri\u0119 produkt\u00f3w dzi\u0119ki kt\u00f3rej nawigacje zdemontujesz w kilka sekund, a do tego podczas jazdy wyeliminuje wibracje. W\u0142a\u015bciwo\u015bci: \u0141atwy monta\u017c na kierownicy motocykla Uchwyt GPS wykonany z czarnej, malowanej proszkowo stali Wspornik obrotowy jest mocowany za pomoc\u0105 po\u0142\u0105czenia QUICK-LOCK na p\u0142ycie podstawy Uk\u0142ad otwor\u00f3w [&hellip;]<\/p>\n","protected":false},"featured_media":8454,"template":"","meta":[],"product_brand":[386],"product_cat":[390],"product_tag":[],"class_list":{"0":"post-8455","1":"product","2":"type-product","3":"status-publish","4":"has-post-thumbnail","6":"product_brand-sw-motech","7":"product_cat-akcesoria-sw-motech-2","9":"first","10":"onbackorder","11":"taxable","12":"shipping-taxable","13":"purchasable","14":"product-type-simple"},"yoast_head":"<!-- This site is optimized with the Yoast SEO plugin v26.9 - https:\/\/yoast.com\/product\/yoast-seo-wordpress\/ -->\n<title>MOCOWANIE GPS NA KIEROWNIC\u0118 SW-MOTECH Z AMORTYZACJ\u0104 DRGA\u0143 BLACK - MOTO-PAWMAR<\/title>\n<meta name=\"robots\" content=\"index, follow, max-snippet:-1, max-image-preview:large, max-video-preview:-1\" \/>\n<link rel=\"canonical\" href=\"https:\/\/moto-pawmar.pl\/?product=mocowanie-gps-na-kierownic-sw-motech-z-amortyzacj-drga-black\" \/>\n<meta property=\"og:locale\" content=\"pl_PL\" \/>\n<meta property=\"og:type\" content=\"article\" \/>\n<meta property=\"og:title\" content=\"MOCOWANIE GPS NA KIEROWNIC\u0118 SW-MOTECH Z AMORTYZACJ\u0104 DRGA\u0143 BLACK - MOTO-PAWMAR\" \/>\n<meta property=\"og:description\" content=\"SW-Motech niemiecki producent lider znany z dobrze przemy\u015blanych i zaprojektowanych urz\u0105dze\u0144, przygotowa\u0142 seri\u0119 produkt\u00f3w dzi\u0119ki kt\u00f3rej nawigacje zdemontujesz w kilka sekund, a do tego podczas jazdy wyeliminuje wibracje. W\u0142a\u015bciwo\u015bci: \u0141atwy monta\u017c na kierownicy motocykla Uchwyt GPS wykonany z czarnej, malowanej proszkowo stali Wspornik obrotowy jest mocowany za pomoc\u0105 po\u0142\u0105czenia QUICK-LOCK na p\u0142ycie podstawy Uk\u0142ad otwor\u00f3w [&hellip;]\" \/>\n<meta property=\"og:url\" content=\"https:\/\/moto-pawmar.pl\/?product=mocowanie-gps-na-kierownic-sw-motech-z-amortyzacj-drga-black\" \/>\n<meta property=\"og:site_name\" content=\"MOTO-PAWMAR\" \/>\n<meta property=\"article:publisher\" content=\"https:\/\/www.facebook.com\/motopawmar\/?locale=pl_PL\" \/>\n<meta property=\"article:modified_time\" content=\"2026-01-29T08:20:53+00:00\" \/>\n<meta property=\"og:image\" content=\"https:\/\/moto-pawmar.pl\/wp-content\/uploads\/2026\/01\/085621_ZAL352974.jpg\" \/>\n\t<meta property=\"og:image:width\" content=\"800\" \/>\n\t<meta property=\"og:image:height\" content=\"533\" \/>\n\t<meta property=\"og:image:type\" content=\"image\/jpeg\" \/>\n<meta name=\"twitter:card\" content=\"summary_large_image\" \/>\n<meta name=\"twitter:label1\" content=\"Szacowany czas czytania\" \/>\n\t<meta name=\"twitter:data1\" content=\"1 minuta\" \/>\n<script type=\"application\/ld+json\" class=\"yoast-schema-graph\">{\"@context\":\"https:\/\/schema.org\",\"@graph\":[{\"@type\":\"WebPage\",\"@id\":\"https:\/\/moto-pawmar.pl\/?product=mocowanie-gps-na-kierownic-sw-motech-z-amortyzacj-drga-black\",\"url\":\"https:\/\/moto-pawmar.pl\/?product=mocowanie-gps-na-kierownic-sw-motech-z-amortyzacj-drga-black\",\"name\":\"MOCOWANIE GPS NA KIEROWNIC\u0118 SW-MOTECH Z AMORTYZACJ\u0104 DRGA\u0143 BLACK - MOTO-PAWMAR\",\"isPartOf\":{\"@id\":\"https:\/\/moto-pawmar.pl\/#website\"},\"primaryImageOfPage\":{\"@id\":\"https:\/\/moto-pawmar.pl\/?product=mocowanie-gps-na-kierownic-sw-motech-z-amortyzacj-drga-black#primaryimage\"},\"image\":{\"@id\":\"https:\/\/moto-pawmar.pl\/?product=mocowanie-gps-na-kierownic-sw-motech-z-amortyzacj-drga-black#primaryimage\"},\"thumbnailUrl\":\"https:\/\/moto-pawmar.pl\/wp-content\/uploads\/2026\/01\/085621_ZAL352974.jpg\",\"datePublished\":\"2026-01-28T15:42:18+00:00\",\"dateModified\":\"2026-01-29T08:20:53+00:00\",\"breadcrumb\":{\"@id\":\"https:\/\/moto-pawmar.pl\/?product=mocowanie-gps-na-kierownic-sw-motech-z-amortyzacj-drga-black#breadcrumb\"},\"inLanguage\":\"pl-PL\",\"potentialAction\":[{\"@type\":\"ReadAction\",\"target\":[\"https:\/\/moto-pawmar.pl\/?product=mocowanie-gps-na-kierownic-sw-motech-z-amortyzacj-drga-black\"]}]},{\"@type\":\"ImageObject\",\"inLanguage\":\"pl-PL\",\"@id\":\"https:\/\/moto-pawmar.pl\/?product=mocowanie-gps-na-kierownic-sw-motech-z-amortyzacj-drga-black#primaryimage\",\"url\":\"https:\/\/moto-pawmar.pl\/wp-content\/uploads\/2026\/01\/085621_ZAL352974.jpg\",\"contentUrl\":\"https:\/\/moto-pawmar.pl\/wp-content\/uploads\/2026\/01\/085621_ZAL352974.jpg\",\"width\":800,\"height\":533},{\"@type\":\"BreadcrumbList\",\"@id\":\"https:\/\/moto-pawmar.pl\/?product=mocowanie-gps-na-kierownic-sw-motech-z-amortyzacj-drga-black#breadcrumb\",\"itemListElement\":[{\"@type\":\"ListItem\",\"position\":1,\"name\":\"Strona g\u0142\u00f3wna\",\"item\":\"https:\/\/moto-pawmar.pl\/\"},{\"@type\":\"ListItem\",\"position\":2,\"name\":\"Sklep Internetowy\",\"item\":\"https:\/\/moto-pawmar.pl\/?page_id=367\"},{\"@type\":\"ListItem\",\"position\":3,\"name\":\"MOCOWANIE GPS NA KIEROWNIC\u0118 SW-MOTECH Z AMORTYZACJ\u0104 DRGA\u0143 BLACK\"}]},{\"@type\":\"WebSite\",\"@id\":\"https:\/\/moto-pawmar.pl\/#website\",\"url\":\"https:\/\/moto-pawmar.pl\/\",\"name\":\"MOTO-PAWMAR\",\"description\":\"MOTO\u2011PAWMAR \u2013 Tw\u00f3j sklep z cz\u0119\u015bciami i akcesoriami do motocykli, skuter\u00f3w i quad\u00f3w.\",\"publisher\":{\"@id\":\"https:\/\/moto-pawmar.pl\/#organization\"},\"potentialAction\":[{\"@type\":\"SearchAction\",\"target\":{\"@type\":\"EntryPoint\",\"urlTemplate\":\"https:\/\/moto-pawmar.pl\/?s={search_term_string}\"},\"query-input\":{\"@type\":\"PropertyValueSpecification\",\"valueRequired\":true,\"valueName\":\"search_term_string\"}}],\"inLanguage\":\"pl-PL\"},{\"@type\":\"Organization\",\"@id\":\"https:\/\/moto-pawmar.pl\/#organization\",\"name\":\"MOTO-PAWMAR\",\"url\":\"https:\/\/moto-pawmar.pl\/\",\"logo\":{\"@type\":\"ImageObject\",\"inLanguage\":\"pl-PL\",\"@id\":\"https:\/\/moto-pawmar.pl\/#\/schema\/logo\/image\/\",\"url\":\"https:\/\/moto-pawmar.pl\/wp-content\/uploads\/2025\/10\/LOGO-SKLEP.png\",\"contentUrl\":\"https:\/\/moto-pawmar.pl\/wp-content\/uploads\/2025\/10\/LOGO-SKLEP.png\",\"width\":2480,\"height\":2053,\"caption\":\"MOTO-PAWMAR\"},\"image\":{\"@id\":\"https:\/\/moto-pawmar.pl\/#\/schema\/logo\/image\/\"},\"sameAs\":[\"https:\/\/www.facebook.com\/motopawmar\/?locale=pl_PL\"]}]}<\/script>\n<!-- \/ Yoast SEO plugin. -->","yoast_head_json":{"title":"MOCOWANIE GPS NA KIEROWNIC\u0118 SW-MOTECH Z AMORTYZACJ\u0104 DRGA\u0143 BLACK - MOTO-PAWMAR","robots":{"index":"index","follow":"follow","max-snippet":"max-snippet:-1","max-image-preview":"max-image-preview:large","max-video-preview":"max-video-preview:-1"},"canonical":"https:\/\/moto-pawmar.pl\/?product=mocowanie-gps-na-kierownic-sw-motech-z-amortyzacj-drga-black","og_locale":"pl_PL","og_type":"article","og_title":"MOCOWANIE GPS NA KIEROWNIC\u0118 SW-MOTECH Z AMORTYZACJ\u0104 DRGA\u0143 BLACK - MOTO-PAWMAR","og_description":"SW-Motech niemiecki producent lider znany z dobrze przemy\u015blanych i zaprojektowanych urz\u0105dze\u0144, przygotowa\u0142 seri\u0119 produkt\u00f3w dzi\u0119ki kt\u00f3rej nawigacje zdemontujesz w kilka sekund, a do tego podczas jazdy wyeliminuje wibracje. W\u0142a\u015bciwo\u015bci: \u0141atwy monta\u017c na kierownicy motocykla Uchwyt GPS wykonany z czarnej, malowanej proszkowo stali Wspornik obrotowy jest mocowany za pomoc\u0105 po\u0142\u0105czenia QUICK-LOCK na p\u0142ycie podstawy Uk\u0142ad otwor\u00f3w [&hellip;]","og_url":"https:\/\/moto-pawmar.pl\/?product=mocowanie-gps-na-kierownic-sw-motech-z-amortyzacj-drga-black","og_site_name":"MOTO-PAWMAR","article_publisher":"https:\/\/www.facebook.com\/motopawmar\/?locale=pl_PL","article_modified_time":"2026-01-29T08:20:53+00:00","og_image":[{"width":800,"height":533,"url":"https:\/\/moto-pawmar.pl\/wp-content\/uploads\/2026\/01\/085621_ZAL352974.jpg","type":"image\/jpeg"}],"twitter_card":"summary_large_image","twitter_misc":{"Szacowany czas czytania":"1 minuta"},"schema":{"@context":"https:\/\/schema.org","@graph":[{"@type":"WebPage","@id":"https:\/\/moto-pawmar.pl\/?product=mocowanie-gps-na-kierownic-sw-motech-z-amortyzacj-drga-black","url":"https:\/\/moto-pawmar.pl\/?product=mocowanie-gps-na-kierownic-sw-motech-z-amortyzacj-drga-black","name":"MOCOWANIE GPS NA KIEROWNIC\u0118 SW-MOTECH Z AMORTYZACJ\u0104 DRGA\u0143 BLACK - MOTO-PAWMAR","isPartOf":{"@id":"https:\/\/moto-pawmar.pl\/#website"},"primaryImageOfPage":{"@id":"https:\/\/moto-pawmar.pl\/?product=mocowanie-gps-na-kierownic-sw-motech-z-amortyzacj-drga-black#primaryimage"},"image":{"@id":"https:\/\/moto-pawmar.pl\/?product=mocowanie-gps-na-kierownic-sw-motech-z-amortyzacj-drga-black#primaryimage"},"thumbnailUrl":"https:\/\/moto-pawmar.pl\/wp-content\/uploads\/2026\/01\/085621_ZAL352974.jpg","datePublished":"2026-01-28T15:42:18+00:00","dateModified":"2026-01-29T08:20:53+00:00","breadcrumb":{"@id":"https:\/\/moto-pawmar.pl\/?product=mocowanie-gps-na-kierownic-sw-motech-z-amortyzacj-drga-black#breadcrumb"},"inLanguage":"pl-PL","potentialAction":[{"@type":"ReadAction","target":["https:\/\/moto-pawmar.pl\/?product=mocowanie-gps-na-kierownic-sw-motech-z-amortyzacj-drga-black"]}]},{"@type":"ImageObject","inLanguage":"pl-PL","@id":"https:\/\/moto-pawmar.pl\/?product=mocowanie-gps-na-kierownic-sw-motech-z-amortyzacj-drga-black#primaryimage","url":"https:\/\/moto-pawmar.pl\/wp-content\/uploads\/2026\/01\/085621_ZAL352974.jpg","contentUrl":"https:\/\/moto-pawmar.pl\/wp-content\/uploads\/2026\/01\/085621_ZAL352974.jpg","width":800,"height":533},{"@type":"BreadcrumbList","@id":"https:\/\/moto-pawmar.pl\/?product=mocowanie-gps-na-kierownic-sw-motech-z-amortyzacj-drga-black#breadcrumb","itemListElement":[{"@type":"ListItem","position":1,"name":"Strona g\u0142\u00f3wna","item":"https:\/\/moto-pawmar.pl\/"},{"@type":"ListItem","position":2,"name":"Sklep Internetowy","item":"https:\/\/moto-pawmar.pl\/?page_id=367"},{"@type":"ListItem","position":3,"name":"MOCOWANIE GPS NA KIEROWNIC\u0118 SW-MOTECH Z AMORTYZACJ\u0104 DRGA\u0143 BLACK"}]},{"@type":"WebSite","@id":"https:\/\/moto-pawmar.pl\/#website","url":"https:\/\/moto-pawmar.pl\/","name":"MOTO-PAWMAR","description":"MOTO\u2011PAWMAR \u2013 Tw\u00f3j sklep z cz\u0119\u015bciami i akcesoriami do motocykli, skuter\u00f3w i quad\u00f3w.","publisher":{"@id":"https:\/\/moto-pawmar.pl\/#organization"},"potentialAction":[{"@type":"SearchAction","target":{"@type":"EntryPoint","urlTemplate":"https:\/\/moto-pawmar.pl\/?s={search_term_string}"},"query-input":{"@type":"PropertyValueSpecification","valueRequired":true,"valueName":"search_term_string"}}],"inLanguage":"pl-PL"},{"@type":"Organization","@id":"https:\/\/moto-pawmar.pl\/#organization","name":"MOTO-PAWMAR","url":"https:\/\/moto-pawmar.pl\/","logo":{"@type":"ImageObject","inLanguage":"pl-PL","@id":"https:\/\/moto-pawmar.pl\/#\/schema\/logo\/image\/","url":"https:\/\/moto-pawmar.pl\/wp-content\/uploads\/2025\/10\/LOGO-SKLEP.png","contentUrl":"https:\/\/moto-pawmar.pl\/wp-content\/uploads\/2025\/10\/LOGO-SKLEP.png","width":2480,"height":2053,"caption":"MOTO-PAWMAR"},"image":{"@id":"https:\/\/moto-pawmar.pl\/#\/schema\/logo\/image\/"},"sameAs":["https:\/\/www.facebook.com\/motopawmar\/?locale=pl_PL"]}]}},"_links":{"self":[{"href":"https:\/\/moto-pawmar.pl\/index.php?rest_route=\/wp\/v2\/product\/8455","targetHints":{"allow":["GET"]}}],"collection":[{"href":"https:\/\/moto-pawmar.pl\/index.php?rest_route=\/wp\/v2\/product"}],"about":[{"href":"https:\/\/moto-pawmar.pl\/index.php?rest_route=\/wp\/v2\/types\/product"}],"wp:featuredmedia":[{"embeddable":true,"href":"https:\/\/moto-pawmar.pl\/index.php?rest_route=\/wp\/v2\/media\/8454"}],"wp:attachment":[{"href":"https:\/\/moto-pawmar.pl\/index.php?rest_route=%2Fwp%2Fv2%2Fmedia&parent=8455"}],"wp:term":[{"taxonomy":"product_brand","embeddable":true,"href":"https:\/\/moto-pawmar.pl\/index.php?rest_route=%2Fwp%2Fv2%2Fproduct_brand&post=8455"},{"taxonomy":"product_cat","embeddable":true,"href":"https:\/\/moto-pawmar.pl\/index.php?rest_route=%2Fwp%2Fv2%2Fproduct_cat&post=8455"},{"taxonomy":"product_tag","embeddable":true,"href":"https:\/\/moto-pawmar.pl\/index.php?rest_route=%2Fwp%2Fv2%2Fproduct_tag&post=8455"}],"curies":[{"name":"wp","href":"https:\/\/api.w.org\/{rel}","templated":true}]}}