{"id":8413,"date":"2026-01-28T16:42:11","date_gmt":"2026-01-28T15:42:11","guid":{"rendered":"https:\/\/moto-pawmar.pl\/?product=klamra-do-torby-blaze-sw-motech-black-25-mm"},"modified":"2026-01-29T09:20:50","modified_gmt":"2026-01-29T08:20:50","slug":"klamra-do-torby-blaze-sw-motech-black-25-mm","status":"publish","type":"product","link":"https:\/\/moto-pawmar.pl\/?product=klamra-do-torby-blaze-sw-motech-black-25-mm","title":{"rendered":"KLAMRA DO TORBY BLAZE SW-MOTECH BLACK 25 MM"},"content":{"rendered":"<p>KLAMRA DO TORBY BLAZE SW-MOTECH BLACK 25 MM<\/p>\n<p>&#xa0;<\/p>\n<p>Klamra monta\u017cowa typu gniazdo, zamiennik do elementu stosowanego w torbach Blaze.&#xa0;<\/p>\n<p>&#xa0;<\/p>\n<p>&#xa0;<\/p>\n<p>&#xa0;<\/p>\n<p>CECHY PRODUKTU<\/p>\n<p>\t&#xa0;<\/p>\n<ul>\n<li>zamiennik gniazda zapi\u0119cia mocuj\u0105cego torby serii BLAZE umo\u017cliwia napraw\u0119 elementu&#xa0;<\/li>\n<li>szeroko\u015b\u0107 25 mm pasuje do wtyk\u00f3w pas\u00f3w mocuj\u0105cych<\/li>\n<\/ul>\n<p>&#xa0;<\/p>\n","protected":false},"excerpt":{"rendered":"<p>KLAMRA DO TORBY BLAZE SW-MOTECH BLACK 25 MM &#xa0; Klamra monta\u017cowa typu gniazdo, zamiennik do elementu stosowanego w torbach Blaze.&#xa0; &#xa0; &#xa0; &#xa0; CECHY PRODUKTU &#xa0; zamiennik gniazda zapi\u0119cia mocuj\u0105cego torby serii BLAZE umo\u017cliwia napraw\u0119 elementu&#xa0; szeroko\u015b\u0107 25 mm pasuje do wtyk\u00f3w pas\u00f3w mocuj\u0105cych &#xa0;<\/p>\n","protected":false},"featured_media":8412,"template":"","meta":[],"product_brand":[386],"product_cat":[390],"product_tag":[],"class_list":{"0":"post-8413","1":"product","2":"type-product","3":"status-publish","4":"has-post-thumbnail","6":"product_brand-sw-motech","7":"product_cat-akcesoria-sw-motech-2","9":"first","10":"onbackorder","11":"taxable","12":"shipping-taxable","13":"purchasable","14":"product-type-simple"},"yoast_head":"<!-- This site is optimized with the Yoast SEO plugin v26.9 - https:\/\/yoast.com\/product\/yoast-seo-wordpress\/ -->\n<title>KLAMRA DO TORBY BLAZE SW-MOTECH BLACK 25 MM - MOTO-PAWMAR<\/title>\n<meta name=\"robots\" content=\"index, follow, max-snippet:-1, max-image-preview:large, max-video-preview:-1\" \/>\n<link rel=\"canonical\" href=\"https:\/\/moto-pawmar.pl\/?product=klamra-do-torby-blaze-sw-motech-black-25-mm\" \/>\n<meta property=\"og:locale\" content=\"pl_PL\" \/>\n<meta property=\"og:type\" content=\"article\" \/>\n<meta property=\"og:title\" content=\"KLAMRA DO TORBY BLAZE SW-MOTECH BLACK 25 MM - MOTO-PAWMAR\" \/>\n<meta property=\"og:description\" content=\"KLAMRA DO TORBY BLAZE SW-MOTECH BLACK 25 MM &#xa0; Klamra monta\u017cowa typu gniazdo, zamiennik do elementu stosowanego w torbach Blaze.&#xa0; &#xa0; &#xa0; &#xa0; CECHY PRODUKTU &#xa0; zamiennik gniazda zapi\u0119cia mocuj\u0105cego torby serii BLAZE umo\u017cliwia napraw\u0119 elementu&#xa0; szeroko\u015b\u0107 25 mm pasuje do wtyk\u00f3w pas\u00f3w mocuj\u0105cych &#xa0;\" \/>\n<meta property=\"og:url\" content=\"https:\/\/moto-pawmar.pl\/?product=klamra-do-torby-blaze-sw-motech-black-25-mm\" \/>\n<meta property=\"og:site_name\" content=\"MOTO-PAWMAR\" \/>\n<meta property=\"article:publisher\" content=\"https:\/\/www.facebook.com\/motopawmar\/?locale=pl_PL\" \/>\n<meta property=\"article:modified_time\" content=\"2026-01-29T08:20:50+00:00\" \/>\n<meta property=\"og:image\" content=\"https:\/\/moto-pawmar.pl\/wp-content\/uploads\/2026\/01\/075537_ZAL055192.jpg\" \/>\n\t<meta property=\"og:image:width\" content=\"500\" \/>\n\t<meta property=\"og:image:height\" content=\"375\" \/>\n\t<meta property=\"og:image:type\" content=\"image\/jpeg\" \/>\n<meta name=\"twitter:card\" content=\"summary_large_image\" \/>\n<script type=\"application\/ld+json\" class=\"yoast-schema-graph\">{\"@context\":\"https:\/\/schema.org\",\"@graph\":[{\"@type\":\"WebPage\",\"@id\":\"https:\/\/moto-pawmar.pl\/?product=klamra-do-torby-blaze-sw-motech-black-25-mm\",\"url\":\"https:\/\/moto-pawmar.pl\/?product=klamra-do-torby-blaze-sw-motech-black-25-mm\",\"name\":\"KLAMRA DO TORBY BLAZE SW-MOTECH BLACK 25 MM - MOTO-PAWMAR\",\"isPartOf\":{\"@id\":\"https:\/\/moto-pawmar.pl\/#website\"},\"primaryImageOfPage\":{\"@id\":\"https:\/\/moto-pawmar.pl\/?product=klamra-do-torby-blaze-sw-motech-black-25-mm#primaryimage\"},\"image\":{\"@id\":\"https:\/\/moto-pawmar.pl\/?product=klamra-do-torby-blaze-sw-motech-black-25-mm#primaryimage\"},\"thumbnailUrl\":\"https:\/\/moto-pawmar.pl\/wp-content\/uploads\/2026\/01\/075537_ZAL055192.jpg\",\"datePublished\":\"2026-01-28T15:42:11+00:00\",\"dateModified\":\"2026-01-29T08:20:50+00:00\",\"breadcrumb\":{\"@id\":\"https:\/\/moto-pawmar.pl\/?product=klamra-do-torby-blaze-sw-motech-black-25-mm#breadcrumb\"},\"inLanguage\":\"pl-PL\",\"potentialAction\":[{\"@type\":\"ReadAction\",\"target\":[\"https:\/\/moto-pawmar.pl\/?product=klamra-do-torby-blaze-sw-motech-black-25-mm\"]}]},{\"@type\":\"ImageObject\",\"inLanguage\":\"pl-PL\",\"@id\":\"https:\/\/moto-pawmar.pl\/?product=klamra-do-torby-blaze-sw-motech-black-25-mm#primaryimage\",\"url\":\"https:\/\/moto-pawmar.pl\/wp-content\/uploads\/2026\/01\/075537_ZAL055192.jpg\",\"contentUrl\":\"https:\/\/moto-pawmar.pl\/wp-content\/uploads\/2026\/01\/075537_ZAL055192.jpg\",\"width\":500,\"height\":375},{\"@type\":\"BreadcrumbList\",\"@id\":\"https:\/\/moto-pawmar.pl\/?product=klamra-do-torby-blaze-sw-motech-black-25-mm#breadcrumb\",\"itemListElement\":[{\"@type\":\"ListItem\",\"position\":1,\"name\":\"Strona g\u0142\u00f3wna\",\"item\":\"https:\/\/moto-pawmar.pl\/\"},{\"@type\":\"ListItem\",\"position\":2,\"name\":\"Sklep Internetowy\",\"item\":\"https:\/\/moto-pawmar.pl\/?page_id=367\"},{\"@type\":\"ListItem\",\"position\":3,\"name\":\"KLAMRA DO TORBY BLAZE SW-MOTECH BLACK 25 MM\"}]},{\"@type\":\"WebSite\",\"@id\":\"https:\/\/moto-pawmar.pl\/#website\",\"url\":\"https:\/\/moto-pawmar.pl\/\",\"name\":\"MOTO-PAWMAR\",\"description\":\"MOTO\u2011PAWMAR \u2013 Tw\u00f3j sklep z cz\u0119\u015bciami i akcesoriami do motocykli, skuter\u00f3w i quad\u00f3w.\",\"publisher\":{\"@id\":\"https:\/\/moto-pawmar.pl\/#organization\"},\"potentialAction\":[{\"@type\":\"SearchAction\",\"target\":{\"@type\":\"EntryPoint\",\"urlTemplate\":\"https:\/\/moto-pawmar.pl\/?s={search_term_string}\"},\"query-input\":{\"@type\":\"PropertyValueSpecification\",\"valueRequired\":true,\"valueName\":\"search_term_string\"}}],\"inLanguage\":\"pl-PL\"},{\"@type\":\"Organization\",\"@id\":\"https:\/\/moto-pawmar.pl\/#organization\",\"name\":\"MOTO-PAWMAR\",\"url\":\"https:\/\/moto-pawmar.pl\/\",\"logo\":{\"@type\":\"ImageObject\",\"inLanguage\":\"pl-PL\",\"@id\":\"https:\/\/moto-pawmar.pl\/#\/schema\/logo\/image\/\",\"url\":\"https:\/\/moto-pawmar.pl\/wp-content\/uploads\/2025\/10\/LOGO-SKLEP.png\",\"contentUrl\":\"https:\/\/moto-pawmar.pl\/wp-content\/uploads\/2025\/10\/LOGO-SKLEP.png\",\"width\":2480,\"height\":2053,\"caption\":\"MOTO-PAWMAR\"},\"image\":{\"@id\":\"https:\/\/moto-pawmar.pl\/#\/schema\/logo\/image\/\"},\"sameAs\":[\"https:\/\/www.facebook.com\/motopawmar\/?locale=pl_PL\"]}]}<\/script>\n<!-- \/ Yoast SEO plugin. -->","yoast_head_json":{"title":"KLAMRA DO TORBY BLAZE SW-MOTECH BLACK 25 MM - MOTO-PAWMAR","robots":{"index":"index","follow":"follow","max-snippet":"max-snippet:-1","max-image-preview":"max-image-preview:large","max-video-preview":"max-video-preview:-1"},"canonical":"https:\/\/moto-pawmar.pl\/?product=klamra-do-torby-blaze-sw-motech-black-25-mm","og_locale":"pl_PL","og_type":"article","og_title":"KLAMRA DO TORBY BLAZE SW-MOTECH BLACK 25 MM - MOTO-PAWMAR","og_description":"KLAMRA DO TORBY BLAZE SW-MOTECH BLACK 25 MM &#xa0; Klamra monta\u017cowa typu gniazdo, zamiennik do elementu stosowanego w torbach Blaze.&#xa0; &#xa0; &#xa0; &#xa0; CECHY PRODUKTU &#xa0; zamiennik gniazda zapi\u0119cia mocuj\u0105cego torby serii BLAZE umo\u017cliwia napraw\u0119 elementu&#xa0; szeroko\u015b\u0107 25 mm pasuje do wtyk\u00f3w pas\u00f3w mocuj\u0105cych &#xa0;","og_url":"https:\/\/moto-pawmar.pl\/?product=klamra-do-torby-blaze-sw-motech-black-25-mm","og_site_name":"MOTO-PAWMAR","article_publisher":"https:\/\/www.facebook.com\/motopawmar\/?locale=pl_PL","article_modified_time":"2026-01-29T08:20:50+00:00","og_image":[{"width":500,"height":375,"url":"https:\/\/moto-pawmar.pl\/wp-content\/uploads\/2026\/01\/075537_ZAL055192.jpg","type":"image\/jpeg"}],"twitter_card":"summary_large_image","schema":{"@context":"https:\/\/schema.org","@graph":[{"@type":"WebPage","@id":"https:\/\/moto-pawmar.pl\/?product=klamra-do-torby-blaze-sw-motech-black-25-mm","url":"https:\/\/moto-pawmar.pl\/?product=klamra-do-torby-blaze-sw-motech-black-25-mm","name":"KLAMRA DO TORBY BLAZE SW-MOTECH BLACK 25 MM - MOTO-PAWMAR","isPartOf":{"@id":"https:\/\/moto-pawmar.pl\/#website"},"primaryImageOfPage":{"@id":"https:\/\/moto-pawmar.pl\/?product=klamra-do-torby-blaze-sw-motech-black-25-mm#primaryimage"},"image":{"@id":"https:\/\/moto-pawmar.pl\/?product=klamra-do-torby-blaze-sw-motech-black-25-mm#primaryimage"},"thumbnailUrl":"https:\/\/moto-pawmar.pl\/wp-content\/uploads\/2026\/01\/075537_ZAL055192.jpg","datePublished":"2026-01-28T15:42:11+00:00","dateModified":"2026-01-29T08:20:50+00:00","breadcrumb":{"@id":"https:\/\/moto-pawmar.pl\/?product=klamra-do-torby-blaze-sw-motech-black-25-mm#breadcrumb"},"inLanguage":"pl-PL","potentialAction":[{"@type":"ReadAction","target":["https:\/\/moto-pawmar.pl\/?product=klamra-do-torby-blaze-sw-motech-black-25-mm"]}]},{"@type":"ImageObject","inLanguage":"pl-PL","@id":"https:\/\/moto-pawmar.pl\/?product=klamra-do-torby-blaze-sw-motech-black-25-mm#primaryimage","url":"https:\/\/moto-pawmar.pl\/wp-content\/uploads\/2026\/01\/075537_ZAL055192.jpg","contentUrl":"https:\/\/moto-pawmar.pl\/wp-content\/uploads\/2026\/01\/075537_ZAL055192.jpg","width":500,"height":375},{"@type":"BreadcrumbList","@id":"https:\/\/moto-pawmar.pl\/?product=klamra-do-torby-blaze-sw-motech-black-25-mm#breadcrumb","itemListElement":[{"@type":"ListItem","position":1,"name":"Strona g\u0142\u00f3wna","item":"https:\/\/moto-pawmar.pl\/"},{"@type":"ListItem","position":2,"name":"Sklep Internetowy","item":"https:\/\/moto-pawmar.pl\/?page_id=367"},{"@type":"ListItem","position":3,"name":"KLAMRA DO TORBY BLAZE SW-MOTECH BLACK 25 MM"}]},{"@type":"WebSite","@id":"https:\/\/moto-pawmar.pl\/#website","url":"https:\/\/moto-pawmar.pl\/","name":"MOTO-PAWMAR","description":"MOTO\u2011PAWMAR \u2013 Tw\u00f3j sklep z cz\u0119\u015bciami i akcesoriami do motocykli, skuter\u00f3w i quad\u00f3w.","publisher":{"@id":"https:\/\/moto-pawmar.pl\/#organization"},"potentialAction":[{"@type":"SearchAction","target":{"@type":"EntryPoint","urlTemplate":"https:\/\/moto-pawmar.pl\/?s={search_term_string}"},"query-input":{"@type":"PropertyValueSpecification","valueRequired":true,"valueName":"search_term_string"}}],"inLanguage":"pl-PL"},{"@type":"Organization","@id":"https:\/\/moto-pawmar.pl\/#organization","name":"MOTO-PAWMAR","url":"https:\/\/moto-pawmar.pl\/","logo":{"@type":"ImageObject","inLanguage":"pl-PL","@id":"https:\/\/moto-pawmar.pl\/#\/schema\/logo\/image\/","url":"https:\/\/moto-pawmar.pl\/wp-content\/uploads\/2025\/10\/LOGO-SKLEP.png","contentUrl":"https:\/\/moto-pawmar.pl\/wp-content\/uploads\/2025\/10\/LOGO-SKLEP.png","width":2480,"height":2053,"caption":"MOTO-PAWMAR"},"image":{"@id":"https:\/\/moto-pawmar.pl\/#\/schema\/logo\/image\/"},"sameAs":["https:\/\/www.facebook.com\/motopawmar\/?locale=pl_PL"]}]}},"_links":{"self":[{"href":"https:\/\/moto-pawmar.pl\/index.php?rest_route=\/wp\/v2\/product\/8413","targetHints":{"allow":["GET"]}}],"collection":[{"href":"https:\/\/moto-pawmar.pl\/index.php?rest_route=\/wp\/v2\/product"}],"about":[{"href":"https:\/\/moto-pawmar.pl\/index.php?rest_route=\/wp\/v2\/types\/product"}],"wp:featuredmedia":[{"embeddable":true,"href":"https:\/\/moto-pawmar.pl\/index.php?rest_route=\/wp\/v2\/media\/8412"}],"wp:attachment":[{"href":"https:\/\/moto-pawmar.pl\/index.php?rest_route=%2Fwp%2Fv2%2Fmedia&parent=8413"}],"wp:term":[{"taxonomy":"product_brand","embeddable":true,"href":"https:\/\/moto-pawmar.pl\/index.php?rest_route=%2Fwp%2Fv2%2Fproduct_brand&post=8413"},{"taxonomy":"product_cat","embeddable":true,"href":"https:\/\/moto-pawmar.pl\/index.php?rest_route=%2Fwp%2Fv2%2Fproduct_cat&post=8413"},{"taxonomy":"product_tag","embeddable":true,"href":"https:\/\/moto-pawmar.pl\/index.php?rest_route=%2Fwp%2Fv2%2Fproduct_tag&post=8413"}],"curies":[{"name":"wp","href":"https:\/\/api.w.org\/{rel}","templated":true}]}}