{"id":8327,"date":"2026-01-28T16:41:58","date_gmt":"2026-01-28T15:41:58","guid":{"rendered":"https:\/\/moto-pawmar.pl\/?product=osona-acucha-sw-motech-triumph-tiger-800-models-10-black"},"modified":"2026-01-29T09:20:45","modified_gmt":"2026-01-29T08:20:45","slug":"osona-acucha-sw-motech-triumph-tiger-800-models-10-black","status":"publish","type":"product","link":"https:\/\/moto-pawmar.pl\/?product=osona-acucha-sw-motech-triumph-tiger-800-models-10-black","title":{"rendered":"OS\u0141ONA \u0141A\u0143CUCHA SW-MOTECH TRIUMPH TIGER 800 MODELS (10-) BLACK"},"content":{"rendered":"<p>Bezpieczne i ergonomiczne produkty firmy SW-MOTECH zapewniaj\u0105 znakomit\u0105 ochron\u0119, doskona\u0142e dopasowanie oraz wyj\u0105tkowy wygl\u0105d. Niezale\u017cnie od tego czy to os\u0142ona silnika, reflektora, cylindra, hamulca, d\u017awigni zmiany bieg\u00f3w, itp. ka\u017cdy produkt zosta\u0142 tak zaprojektowany aby idealnie konweniowa\u0107 z motocyklem.<\/p>\n<p><b>W\u0142a\u015bciwosci<\/b><\/p>\n<ul><LI> Doskona\u0142a alternatywa dla plastikowych os\u0142on \u0142a\u0144cucha<\/p>\n<li> Bardzo wytrzyma\u0142y stop aluminium\n<li>Stabilna konstrukcja, \u0142atwa do zamontowania\n<li> Gumowo-amortyzuj\u0105ce mocowanie\n<li>Pasuje do wygl\u0105du motocykla<\/ul>\n<p><b>Zestaw zawiera<\/B><UL><LI>Os\u0142on\u0119 \u0142a\u0144cucha<\/p>\n<li>Materia\u0142y monta\u017cowe\n<li>Instrukcj\u0119 monta\u017cu<\/UL><br \/>\n","protected":false},"excerpt":{"rendered":"<p>Bezpieczne i ergonomiczne produkty firmy SW-MOTECH zapewniaj\u0105 znakomit\u0105 ochron\u0119, doskona\u0142e dopasowanie oraz wyj\u0105tkowy wygl\u0105d. Niezale\u017cnie od tego czy to os\u0142ona silnika, reflektora, cylindra, hamulca, d\u017awigni zmiany bieg\u00f3w, itp. ka\u017cdy produkt zosta\u0142 tak zaprojektowany aby idealnie konweniowa\u0107 z motocyklem. W\u0142a\u015bciwosci Doskona\u0142a alternatywa dla plastikowych os\u0142on \u0142a\u0144cucha Bardzo wytrzyma\u0142y stop aluminium Stabilna konstrukcja, \u0142atwa do zamontowania Gumowo-amortyzuj\u0105ce [&hellip;]<\/p>\n","protected":false},"featured_media":8326,"template":"","meta":[],"product_brand":[386],"product_cat":[390],"product_tag":[],"class_list":{"0":"post-8327","1":"product","2":"type-product","3":"status-publish","4":"has-post-thumbnail","6":"product_brand-sw-motech","7":"product_cat-akcesoria-sw-motech-2","9":"first","10":"onbackorder","11":"taxable","12":"shipping-taxable","13":"purchasable","14":"product-type-simple"},"yoast_head":"<!-- This site is optimized with the Yoast SEO plugin v26.9 - https:\/\/yoast.com\/product\/yoast-seo-wordpress\/ -->\n<title>OS\u0141ONA \u0141A\u0143CUCHA SW-MOTECH TRIUMPH TIGER 800 MODELS (10-) BLACK - MOTO-PAWMAR<\/title>\n<meta name=\"robots\" content=\"index, follow, max-snippet:-1, max-image-preview:large, max-video-preview:-1\" \/>\n<link rel=\"canonical\" href=\"https:\/\/moto-pawmar.pl\/?product=osona-acucha-sw-motech-triumph-tiger-800-models-10-black\" \/>\n<meta property=\"og:locale\" content=\"pl_PL\" \/>\n<meta property=\"og:type\" content=\"article\" \/>\n<meta property=\"og:title\" content=\"OS\u0141ONA \u0141A\u0143CUCHA SW-MOTECH TRIUMPH TIGER 800 MODELS (10-) BLACK - MOTO-PAWMAR\" \/>\n<meta property=\"og:description\" content=\"Bezpieczne i ergonomiczne produkty firmy SW-MOTECH zapewniaj\u0105 znakomit\u0105 ochron\u0119, doskona\u0142e dopasowanie oraz wyj\u0105tkowy wygl\u0105d. Niezale\u017cnie od tego czy to os\u0142ona silnika, reflektora, cylindra, hamulca, d\u017awigni zmiany bieg\u00f3w, itp. ka\u017cdy produkt zosta\u0142 tak zaprojektowany aby idealnie konweniowa\u0107 z motocyklem. W\u0142a\u015bciwosci Doskona\u0142a alternatywa dla plastikowych os\u0142on \u0142a\u0144cucha Bardzo wytrzyma\u0142y stop aluminium Stabilna konstrukcja, \u0142atwa do zamontowania Gumowo-amortyzuj\u0105ce [&hellip;]\" \/>\n<meta property=\"og:url\" content=\"https:\/\/moto-pawmar.pl\/?product=osona-acucha-sw-motech-triumph-tiger-800-models-10-black\" \/>\n<meta property=\"og:site_name\" content=\"MOTO-PAWMAR\" \/>\n<meta property=\"article:publisher\" content=\"https:\/\/www.facebook.com\/motopawmar\/?locale=pl_PL\" \/>\n<meta property=\"article:modified_time\" content=\"2026-01-29T08:20:45+00:00\" \/>\n<meta property=\"og:image\" content=\"https:\/\/moto-pawmar.pl\/wp-content\/uploads\/2026\/01\/056594_ZAL332484.jpg\" \/>\n\t<meta property=\"og:image:width\" content=\"800\" \/>\n\t<meta property=\"og:image:height\" content=\"533\" \/>\n\t<meta property=\"og:image:type\" content=\"image\/jpeg\" \/>\n<meta name=\"twitter:card\" content=\"summary_large_image\" \/>\n<script type=\"application\/ld+json\" class=\"yoast-schema-graph\">{\"@context\":\"https:\/\/schema.org\",\"@graph\":[{\"@type\":\"WebPage\",\"@id\":\"https:\/\/moto-pawmar.pl\/?product=osona-acucha-sw-motech-triumph-tiger-800-models-10-black\",\"url\":\"https:\/\/moto-pawmar.pl\/?product=osona-acucha-sw-motech-triumph-tiger-800-models-10-black\",\"name\":\"OS\u0141ONA \u0141A\u0143CUCHA SW-MOTECH TRIUMPH TIGER 800 MODELS (10-) BLACK - MOTO-PAWMAR\",\"isPartOf\":{\"@id\":\"https:\/\/moto-pawmar.pl\/#website\"},\"primaryImageOfPage\":{\"@id\":\"https:\/\/moto-pawmar.pl\/?product=osona-acucha-sw-motech-triumph-tiger-800-models-10-black#primaryimage\"},\"image\":{\"@id\":\"https:\/\/moto-pawmar.pl\/?product=osona-acucha-sw-motech-triumph-tiger-800-models-10-black#primaryimage\"},\"thumbnailUrl\":\"https:\/\/moto-pawmar.pl\/wp-content\/uploads\/2026\/01\/056594_ZAL332484.jpg\",\"datePublished\":\"2026-01-28T15:41:58+00:00\",\"dateModified\":\"2026-01-29T08:20:45+00:00\",\"breadcrumb\":{\"@id\":\"https:\/\/moto-pawmar.pl\/?product=osona-acucha-sw-motech-triumph-tiger-800-models-10-black#breadcrumb\"},\"inLanguage\":\"pl-PL\",\"potentialAction\":[{\"@type\":\"ReadAction\",\"target\":[\"https:\/\/moto-pawmar.pl\/?product=osona-acucha-sw-motech-triumph-tiger-800-models-10-black\"]}]},{\"@type\":\"ImageObject\",\"inLanguage\":\"pl-PL\",\"@id\":\"https:\/\/moto-pawmar.pl\/?product=osona-acucha-sw-motech-triumph-tiger-800-models-10-black#primaryimage\",\"url\":\"https:\/\/moto-pawmar.pl\/wp-content\/uploads\/2026\/01\/056594_ZAL332484.jpg\",\"contentUrl\":\"https:\/\/moto-pawmar.pl\/wp-content\/uploads\/2026\/01\/056594_ZAL332484.jpg\",\"width\":800,\"height\":533},{\"@type\":\"BreadcrumbList\",\"@id\":\"https:\/\/moto-pawmar.pl\/?product=osona-acucha-sw-motech-triumph-tiger-800-models-10-black#breadcrumb\",\"itemListElement\":[{\"@type\":\"ListItem\",\"position\":1,\"name\":\"Strona g\u0142\u00f3wna\",\"item\":\"https:\/\/moto-pawmar.pl\/\"},{\"@type\":\"ListItem\",\"position\":2,\"name\":\"Sklep Internetowy\",\"item\":\"https:\/\/moto-pawmar.pl\/?page_id=367\"},{\"@type\":\"ListItem\",\"position\":3,\"name\":\"OS\u0141ONA \u0141A\u0143CUCHA SW-MOTECH TRIUMPH TIGER 800 MODELS (10-) BLACK\"}]},{\"@type\":\"WebSite\",\"@id\":\"https:\/\/moto-pawmar.pl\/#website\",\"url\":\"https:\/\/moto-pawmar.pl\/\",\"name\":\"MOTO-PAWMAR\",\"description\":\"MOTO\u2011PAWMAR \u2013 Tw\u00f3j sklep z cz\u0119\u015bciami i akcesoriami do motocykli, skuter\u00f3w i quad\u00f3w.\",\"publisher\":{\"@id\":\"https:\/\/moto-pawmar.pl\/#organization\"},\"potentialAction\":[{\"@type\":\"SearchAction\",\"target\":{\"@type\":\"EntryPoint\",\"urlTemplate\":\"https:\/\/moto-pawmar.pl\/?s={search_term_string}\"},\"query-input\":{\"@type\":\"PropertyValueSpecification\",\"valueRequired\":true,\"valueName\":\"search_term_string\"}}],\"inLanguage\":\"pl-PL\"},{\"@type\":\"Organization\",\"@id\":\"https:\/\/moto-pawmar.pl\/#organization\",\"name\":\"MOTO-PAWMAR\",\"url\":\"https:\/\/moto-pawmar.pl\/\",\"logo\":{\"@type\":\"ImageObject\",\"inLanguage\":\"pl-PL\",\"@id\":\"https:\/\/moto-pawmar.pl\/#\/schema\/logo\/image\/\",\"url\":\"https:\/\/moto-pawmar.pl\/wp-content\/uploads\/2025\/10\/LOGO-SKLEP.png\",\"contentUrl\":\"https:\/\/moto-pawmar.pl\/wp-content\/uploads\/2025\/10\/LOGO-SKLEP.png\",\"width\":2480,\"height\":2053,\"caption\":\"MOTO-PAWMAR\"},\"image\":{\"@id\":\"https:\/\/moto-pawmar.pl\/#\/schema\/logo\/image\/\"},\"sameAs\":[\"https:\/\/www.facebook.com\/motopawmar\/?locale=pl_PL\"]}]}<\/script>\n<!-- \/ Yoast SEO plugin. -->","yoast_head_json":{"title":"OS\u0141ONA \u0141A\u0143CUCHA SW-MOTECH TRIUMPH TIGER 800 MODELS (10-) BLACK - MOTO-PAWMAR","robots":{"index":"index","follow":"follow","max-snippet":"max-snippet:-1","max-image-preview":"max-image-preview:large","max-video-preview":"max-video-preview:-1"},"canonical":"https:\/\/moto-pawmar.pl\/?product=osona-acucha-sw-motech-triumph-tiger-800-models-10-black","og_locale":"pl_PL","og_type":"article","og_title":"OS\u0141ONA \u0141A\u0143CUCHA SW-MOTECH TRIUMPH TIGER 800 MODELS (10-) BLACK - MOTO-PAWMAR","og_description":"Bezpieczne i ergonomiczne produkty firmy SW-MOTECH zapewniaj\u0105 znakomit\u0105 ochron\u0119, doskona\u0142e dopasowanie oraz wyj\u0105tkowy wygl\u0105d. Niezale\u017cnie od tego czy to os\u0142ona silnika, reflektora, cylindra, hamulca, d\u017awigni zmiany bieg\u00f3w, itp. ka\u017cdy produkt zosta\u0142 tak zaprojektowany aby idealnie konweniowa\u0107 z motocyklem. W\u0142a\u015bciwosci Doskona\u0142a alternatywa dla plastikowych os\u0142on \u0142a\u0144cucha Bardzo wytrzyma\u0142y stop aluminium Stabilna konstrukcja, \u0142atwa do zamontowania Gumowo-amortyzuj\u0105ce [&hellip;]","og_url":"https:\/\/moto-pawmar.pl\/?product=osona-acucha-sw-motech-triumph-tiger-800-models-10-black","og_site_name":"MOTO-PAWMAR","article_publisher":"https:\/\/www.facebook.com\/motopawmar\/?locale=pl_PL","article_modified_time":"2026-01-29T08:20:45+00:00","og_image":[{"width":800,"height":533,"url":"https:\/\/moto-pawmar.pl\/wp-content\/uploads\/2026\/01\/056594_ZAL332484.jpg","type":"image\/jpeg"}],"twitter_card":"summary_large_image","schema":{"@context":"https:\/\/schema.org","@graph":[{"@type":"WebPage","@id":"https:\/\/moto-pawmar.pl\/?product=osona-acucha-sw-motech-triumph-tiger-800-models-10-black","url":"https:\/\/moto-pawmar.pl\/?product=osona-acucha-sw-motech-triumph-tiger-800-models-10-black","name":"OS\u0141ONA \u0141A\u0143CUCHA SW-MOTECH TRIUMPH TIGER 800 MODELS (10-) BLACK - MOTO-PAWMAR","isPartOf":{"@id":"https:\/\/moto-pawmar.pl\/#website"},"primaryImageOfPage":{"@id":"https:\/\/moto-pawmar.pl\/?product=osona-acucha-sw-motech-triumph-tiger-800-models-10-black#primaryimage"},"image":{"@id":"https:\/\/moto-pawmar.pl\/?product=osona-acucha-sw-motech-triumph-tiger-800-models-10-black#primaryimage"},"thumbnailUrl":"https:\/\/moto-pawmar.pl\/wp-content\/uploads\/2026\/01\/056594_ZAL332484.jpg","datePublished":"2026-01-28T15:41:58+00:00","dateModified":"2026-01-29T08:20:45+00:00","breadcrumb":{"@id":"https:\/\/moto-pawmar.pl\/?product=osona-acucha-sw-motech-triumph-tiger-800-models-10-black#breadcrumb"},"inLanguage":"pl-PL","potentialAction":[{"@type":"ReadAction","target":["https:\/\/moto-pawmar.pl\/?product=osona-acucha-sw-motech-triumph-tiger-800-models-10-black"]}]},{"@type":"ImageObject","inLanguage":"pl-PL","@id":"https:\/\/moto-pawmar.pl\/?product=osona-acucha-sw-motech-triumph-tiger-800-models-10-black#primaryimage","url":"https:\/\/moto-pawmar.pl\/wp-content\/uploads\/2026\/01\/056594_ZAL332484.jpg","contentUrl":"https:\/\/moto-pawmar.pl\/wp-content\/uploads\/2026\/01\/056594_ZAL332484.jpg","width":800,"height":533},{"@type":"BreadcrumbList","@id":"https:\/\/moto-pawmar.pl\/?product=osona-acucha-sw-motech-triumph-tiger-800-models-10-black#breadcrumb","itemListElement":[{"@type":"ListItem","position":1,"name":"Strona g\u0142\u00f3wna","item":"https:\/\/moto-pawmar.pl\/"},{"@type":"ListItem","position":2,"name":"Sklep Internetowy","item":"https:\/\/moto-pawmar.pl\/?page_id=367"},{"@type":"ListItem","position":3,"name":"OS\u0141ONA \u0141A\u0143CUCHA SW-MOTECH TRIUMPH TIGER 800 MODELS (10-) BLACK"}]},{"@type":"WebSite","@id":"https:\/\/moto-pawmar.pl\/#website","url":"https:\/\/moto-pawmar.pl\/","name":"MOTO-PAWMAR","description":"MOTO\u2011PAWMAR \u2013 Tw\u00f3j sklep z cz\u0119\u015bciami i akcesoriami do motocykli, skuter\u00f3w i quad\u00f3w.","publisher":{"@id":"https:\/\/moto-pawmar.pl\/#organization"},"potentialAction":[{"@type":"SearchAction","target":{"@type":"EntryPoint","urlTemplate":"https:\/\/moto-pawmar.pl\/?s={search_term_string}"},"query-input":{"@type":"PropertyValueSpecification","valueRequired":true,"valueName":"search_term_string"}}],"inLanguage":"pl-PL"},{"@type":"Organization","@id":"https:\/\/moto-pawmar.pl\/#organization","name":"MOTO-PAWMAR","url":"https:\/\/moto-pawmar.pl\/","logo":{"@type":"ImageObject","inLanguage":"pl-PL","@id":"https:\/\/moto-pawmar.pl\/#\/schema\/logo\/image\/","url":"https:\/\/moto-pawmar.pl\/wp-content\/uploads\/2025\/10\/LOGO-SKLEP.png","contentUrl":"https:\/\/moto-pawmar.pl\/wp-content\/uploads\/2025\/10\/LOGO-SKLEP.png","width":2480,"height":2053,"caption":"MOTO-PAWMAR"},"image":{"@id":"https:\/\/moto-pawmar.pl\/#\/schema\/logo\/image\/"},"sameAs":["https:\/\/www.facebook.com\/motopawmar\/?locale=pl_PL"]}]}},"_links":{"self":[{"href":"https:\/\/moto-pawmar.pl\/index.php?rest_route=\/wp\/v2\/product\/8327","targetHints":{"allow":["GET"]}}],"collection":[{"href":"https:\/\/moto-pawmar.pl\/index.php?rest_route=\/wp\/v2\/product"}],"about":[{"href":"https:\/\/moto-pawmar.pl\/index.php?rest_route=\/wp\/v2\/types\/product"}],"wp:featuredmedia":[{"embeddable":true,"href":"https:\/\/moto-pawmar.pl\/index.php?rest_route=\/wp\/v2\/media\/8326"}],"wp:attachment":[{"href":"https:\/\/moto-pawmar.pl\/index.php?rest_route=%2Fwp%2Fv2%2Fmedia&parent=8327"}],"wp:term":[{"taxonomy":"product_brand","embeddable":true,"href":"https:\/\/moto-pawmar.pl\/index.php?rest_route=%2Fwp%2Fv2%2Fproduct_brand&post=8327"},{"taxonomy":"product_cat","embeddable":true,"href":"https:\/\/moto-pawmar.pl\/index.php?rest_route=%2Fwp%2Fv2%2Fproduct_cat&post=8327"},{"taxonomy":"product_tag","embeddable":true,"href":"https:\/\/moto-pawmar.pl\/index.php?rest_route=%2Fwp%2Fv2%2Fproduct_tag&post=8327"}],"curies":[{"name":"wp","href":"https:\/\/api.w.org\/{rel}","templated":true}]}}