{"id":7974,"date":"2026-01-09T14:28:21","date_gmt":"2026-01-09T13:28:21","guid":{"rendered":"https:\/\/moto-pawmar.pl\/?post_type=product&#038;p=7974"},"modified":"2026-01-09T14:29:28","modified_gmt":"2026-01-09T13:29:28","slug":"spodnie-motocyklowe-tekstylne-rebelhorn-jax-black","status":"publish","type":"product","link":"https:\/\/moto-pawmar.pl\/?product=spodnie-motocyklowe-tekstylne-rebelhorn-jax-black","title":{"rendered":"Spodnie motocyklowe tekstylne Rebelhorn Jax Black"},"content":{"rendered":"<p>Tekstylne spodnie motocyklowe\u00a0<strong>Rebelhorn JAX<\/strong>\u00a0\u0142\u0105cz\u0105 unikalny design z niezawodnym bezpiecze\u0144stwem i komfortem jazdy. Dzi\u0119ki zaawansowanym ochraniaczom, ergonomicznemu krojowi i wygl\u0105dowi, stanowi\u0105 idealny wyb\u00f3r dla motocyklist\u00f3w preferuj\u0105cych dynamiczn\u0105 jazd\u0119 miejsk\u0105.<\/p>\n<p><strong>Przeznaczenie:<\/strong>\u00a0Street<\/p>\n<p><strong>Liczba warstw:<\/strong>\u00a02<\/p>\n<p><strong>Warstwy:<\/strong><\/p>\n<p>Wytrzyma\u0142e materia\u0142y wysokiej jako\u015bci gwarantuj\u0105 bezpiecze\u0144stwo, a\u00a0<strong>przewiewny i trwa\u0142y 3D Matrix Mesh<\/strong>\u00a0zapewnia \u015bwietn\u0105 wentylacj\u0119, bez straty na wytrzyma\u0142o\u015bci materia\u0142u. Dzi\u0119ki\u00a0<strong>membranie Humax<\/strong>\u00ae\u00a0<strong>o parametrach 10k\/10k<\/strong>, spodnie JAX zapewniaj\u0105 optymaln\u0105 ochron\u0119 przed warunkami atmosferycznymi.<\/p>\n<ul>\n<li>Warstwa zewn\u0119trzna: poliester 450D, poliester Ripstop, 3D Matrix Mesh, steel mesh<\/li>\n<li>Warstwa wewn\u0119trzna:\u00a0<strong>wypinana membrana HUMAX \u00ae o parametrach 10\/10k<\/strong><\/li>\n<\/ul>\n<p><strong>Bezpiecze\u0144stwo:<\/strong><\/p>\n<p>Spodnie JAX s\u0105 wyposa\u017cone w zestaw ochraniaczy CE-level 2. Spe\u0142niaj\u0105 tak\u017ce wymogi drugiego poziomu ochrony (AA).<\/p>\n<ul>\n<li>Poziom ochrony AA<\/li>\n<li><strong>Ochraniacze kolan<\/strong>\u00a0\u2013 CE-level 2 z mo\u017cliwo\u015bci\u0105 regulacji pozycji<\/li>\n<li><strong>Ochraniacze bioder<\/strong>\u00a0\u2013 CE-level 2<\/li>\n<li>Kiesze\u0144 na wk\u0142adk\u0119 ko\u015bci ogonowej &#8211; SAS-TEC SC-1\/08<\/li>\n<li>Wzmocnienia stref najbardziej nara\u017conych na przetarcia materia\u0142em\u00a0<strong>Ripstop<\/strong><\/li>\n<li><strong>Wstawki odblaskowe<\/strong>\u00a0w wielu miejscach (m.in. na barkach, plecach, \u0142okciach, ramionach) poprawiaj\u0105ce widoczno\u015b\u0107 motocyklisty po zmroku<\/li>\n<\/ul>\n<p><strong>Materia\u0142 Ripstop<\/strong>\u00a0to wytrzyma\u0142a tkanina wzmocniona poprzez dodanie w sta\u0142ych odst\u0119pach dodatkowego, mocniejszego w\u0142\u00f3kna.<\/p>\n<p><strong>Wentylacja:<\/strong><\/p>\n<p>Spodnie posiadaj\u0105 system wentylacji oparty o materia\u0142y 3D Matrix Mesh oraz steel mesh. Dzi\u0119ki po\u0142\u0105czeniu obu materia\u0142\u00f3w spodnie idealnie sprawdz\u0105 si\u0119 podczas wysokich temperatur.<\/p>\n<ul>\n<li>du\u017ce panele ze steel meshu i 3D Matrix Meshu na przedniej i tylnej cz\u0119\u015bci nogawek<\/li>\n<\/ul>\n<p><strong>Materia\u0142 3D Matrix Mesh<\/strong>\u00a0to innowacyjna tkanina o tr\u00f3jwymiarowej strukturze, kt\u00f3ra zapewnia doskona\u0142\u0105 wentylacj\u0119, komfort i ochron\u0119. Sprawia, \u017ce ciep\u0142o i wilgo\u0107 s\u0105 odprowadzane z dala od cia\u0142a, a powietrze mo\u017ce przep\u0142ywa\u0107 pomi\u0119dzy warstwami.<\/p>\n<p><strong>Steel mesh<\/strong>\u00a0to materia\u0142, kt\u00f3ry cechuje wysoka wytrzyma\u0142o\u015b\u0107 oraz zdolno\u015b\u0107 do zapewnienia optymalnej cyrkulacji powietrza. Dzi\u0119ki tym w\u0142a\u015bciwo\u015bciom jest szeroko stosowany w produkcji odzie\u017cy motocyklowej, zapewniaj\u0105c motocyklistom komfort jazdy i ochron\u0119.<\/p>\n<p><strong>Dopasowanie:<\/strong><\/p>\n<ul>\n<li>Regulacja dopasowania obwodu do\u0142u nogawki<\/li>\n<li>D\u0142ugie zamki z boku nogawek<\/li>\n<li>Regulacja w pasie<\/li>\n<li>Zamek \u0142\u0105cz\u0105cy typu 8VST (kr\u00f3tki), umo\u017cliwiaj\u0105cy po\u0142\u0105czenie spodni z kurtk\u0105<\/li>\n<li>Elastyczne wstawki oraz materia\u0142 4-way stretch podnosz\u0105ce komfort oraz ergonomi\u0119 u\u017cytkowania<\/li>\n<\/ul>\n<p><strong>Dodatkowe cechy:<\/strong><\/p>\n<p>Spodnie wyposa\u017cone s\u0105 w elementy odblaskowe, kt\u00f3re poprawiaj\u0105 widoczno\u015b\u0107 motocyklisty, zwi\u0119kszaj\u0105c tym samym bezpiecze\u0144stwo bierne na drodze.<\/p>\n<ul>\n<li>3 kieszenie, w tym jedna kiesze\u0144 wodoodporna cargo<\/li>\n<\/ul>\n","protected":false},"excerpt":{"rendered":"<p>Tekstylne spodnie motocyklowe\u00a0Rebelhorn JAX\u00a0\u0142\u0105cz\u0105 unikalny design z niezawodnym bezpiecze\u0144stwem i komfortem jazdy. Dzi\u0119ki zaawansowanym ochraniaczom, ergonomicznemu krojowi i wygl\u0105dowi, stanowi\u0105 idealny wyb\u00f3r dla motocyklist\u00f3w preferuj\u0105cych dynamiczn\u0105 jazd\u0119 miejsk\u0105. Przeznaczenie:\u00a0Street Liczba warstw:\u00a02 Warstwy: Wytrzyma\u0142e materia\u0142y wysokiej jako\u015bci gwarantuj\u0105 bezpiecze\u0144stwo, a\u00a0przewiewny i trwa\u0142y 3D Matrix Mesh\u00a0zapewnia \u015bwietn\u0105 wentylacj\u0119, bez straty na wytrzyma\u0142o\u015bci materia\u0142u. Dzi\u0119ki\u00a0membranie Humax\u00ae\u00a0o parametrach 10k\/10k, [&hellip;]<\/p>\n","protected":false},"featured_media":7989,"template":"","meta":[],"product_brand":[377],"product_cat":[279,285],"product_tag":[],"class_list":{"0":"post-7974","1":"product","2":"type-product","3":"status-publish","4":"has-post-thumbnail","6":"product_brand-rebelhorn","7":"product_cat-spodnie-meska","8":"product_cat-spodnie-tekstylne-meska","10":"first","11":"instock","12":"taxable","13":"shipping-taxable","14":"purchasable","15":"product-type-variable"},"yoast_head":"<!-- This site is optimized with the Yoast SEO plugin v26.9 - https:\/\/yoast.com\/product\/yoast-seo-wordpress\/ -->\n<title>Spodnie motocyklowe tekstylne Rebelhorn Jax Black - MOTO-PAWMAR<\/title>\n<meta name=\"robots\" content=\"index, follow, max-snippet:-1, max-image-preview:large, max-video-preview:-1\" \/>\n<link rel=\"canonical\" href=\"https:\/\/moto-pawmar.pl\/?product=spodnie-motocyklowe-tekstylne-rebelhorn-jax-black\" \/>\n<meta property=\"og:locale\" content=\"pl_PL\" \/>\n<meta property=\"og:type\" content=\"article\" \/>\n<meta property=\"og:title\" content=\"Spodnie motocyklowe tekstylne Rebelhorn Jax Black - MOTO-PAWMAR\" \/>\n<meta property=\"og:description\" content=\"Tekstylne spodnie motocyklowe\u00a0Rebelhorn JAX\u00a0\u0142\u0105cz\u0105 unikalny design z niezawodnym bezpiecze\u0144stwem i komfortem jazdy. Dzi\u0119ki zaawansowanym ochraniaczom, ergonomicznemu krojowi i wygl\u0105dowi, stanowi\u0105 idealny wyb\u00f3r dla motocyklist\u00f3w preferuj\u0105cych dynamiczn\u0105 jazd\u0119 miejsk\u0105. Przeznaczenie:\u00a0Street Liczba warstw:\u00a02 Warstwy: Wytrzyma\u0142e materia\u0142y wysokiej jako\u015bci gwarantuj\u0105 bezpiecze\u0144stwo, a\u00a0przewiewny i trwa\u0142y 3D Matrix Mesh\u00a0zapewnia \u015bwietn\u0105 wentylacj\u0119, bez straty na wytrzyma\u0142o\u015bci materia\u0142u. Dzi\u0119ki\u00a0membranie Humax\u00ae\u00a0o parametrach 10k\/10k, [&hellip;]\" \/>\n<meta property=\"og:url\" content=\"https:\/\/moto-pawmar.pl\/?product=spodnie-motocyklowe-tekstylne-rebelhorn-jax-black\" \/>\n<meta property=\"og:site_name\" content=\"MOTO-PAWMAR\" \/>\n<meta property=\"article:publisher\" content=\"https:\/\/www.facebook.com\/motopawmar\/?locale=pl_PL\" \/>\n<meta property=\"article:modified_time\" content=\"2026-01-09T13:29:28+00:00\" \/>\n<meta property=\"og:image\" content=\"https:\/\/moto-pawmar.pl\/wp-content\/uploads\/2026\/01\/293873_ZAL716061.jpg\" \/>\n\t<meta property=\"og:image:width\" content=\"800\" \/>\n\t<meta property=\"og:image:height\" content=\"800\" \/>\n\t<meta property=\"og:image:type\" content=\"image\/jpeg\" \/>\n<meta name=\"twitter:card\" content=\"summary_large_image\" \/>\n<meta name=\"twitter:label1\" content=\"Szacowany czas czytania\" \/>\n\t<meta name=\"twitter:data1\" content=\"3 minuty\" \/>\n<script type=\"application\/ld+json\" class=\"yoast-schema-graph\">{\"@context\":\"https:\/\/schema.org\",\"@graph\":[{\"@type\":\"WebPage\",\"@id\":\"https:\/\/moto-pawmar.pl\/?product=spodnie-motocyklowe-tekstylne-rebelhorn-jax-black\",\"url\":\"https:\/\/moto-pawmar.pl\/?product=spodnie-motocyklowe-tekstylne-rebelhorn-jax-black\",\"name\":\"Spodnie motocyklowe tekstylne Rebelhorn Jax Black - MOTO-PAWMAR\",\"isPartOf\":{\"@id\":\"https:\/\/moto-pawmar.pl\/#website\"},\"primaryImageOfPage\":{\"@id\":\"https:\/\/moto-pawmar.pl\/?product=spodnie-motocyklowe-tekstylne-rebelhorn-jax-black#primaryimage\"},\"image\":{\"@id\":\"https:\/\/moto-pawmar.pl\/?product=spodnie-motocyklowe-tekstylne-rebelhorn-jax-black#primaryimage\"},\"thumbnailUrl\":\"https:\/\/moto-pawmar.pl\/wp-content\/uploads\/2026\/01\/293873_ZAL716061.jpg\",\"datePublished\":\"2026-01-09T13:28:21+00:00\",\"dateModified\":\"2026-01-09T13:29:28+00:00\",\"breadcrumb\":{\"@id\":\"https:\/\/moto-pawmar.pl\/?product=spodnie-motocyklowe-tekstylne-rebelhorn-jax-black#breadcrumb\"},\"inLanguage\":\"pl-PL\",\"potentialAction\":[{\"@type\":\"ReadAction\",\"target\":[\"https:\/\/moto-pawmar.pl\/?product=spodnie-motocyklowe-tekstylne-rebelhorn-jax-black\"]}]},{\"@type\":\"ImageObject\",\"inLanguage\":\"pl-PL\",\"@id\":\"https:\/\/moto-pawmar.pl\/?product=spodnie-motocyklowe-tekstylne-rebelhorn-jax-black#primaryimage\",\"url\":\"https:\/\/moto-pawmar.pl\/wp-content\/uploads\/2026\/01\/293873_ZAL716061.jpg\",\"contentUrl\":\"https:\/\/moto-pawmar.pl\/wp-content\/uploads\/2026\/01\/293873_ZAL716061.jpg\",\"width\":800,\"height\":800},{\"@type\":\"BreadcrumbList\",\"@id\":\"https:\/\/moto-pawmar.pl\/?product=spodnie-motocyklowe-tekstylne-rebelhorn-jax-black#breadcrumb\",\"itemListElement\":[{\"@type\":\"ListItem\",\"position\":1,\"name\":\"Strona g\u0142\u00f3wna\",\"item\":\"https:\/\/moto-pawmar.pl\/\"},{\"@type\":\"ListItem\",\"position\":2,\"name\":\"Sklep Internetowy\",\"item\":\"https:\/\/moto-pawmar.pl\/?page_id=367\"},{\"@type\":\"ListItem\",\"position\":3,\"name\":\"Spodnie motocyklowe tekstylne Rebelhorn Jax Black\"}]},{\"@type\":\"WebSite\",\"@id\":\"https:\/\/moto-pawmar.pl\/#website\",\"url\":\"https:\/\/moto-pawmar.pl\/\",\"name\":\"MOTO-PAWMAR\",\"description\":\"MOTO\u2011PAWMAR \u2013 Tw\u00f3j sklep z cz\u0119\u015bciami i akcesoriami do motocykli, skuter\u00f3w i quad\u00f3w.\",\"publisher\":{\"@id\":\"https:\/\/moto-pawmar.pl\/#organization\"},\"potentialAction\":[{\"@type\":\"SearchAction\",\"target\":{\"@type\":\"EntryPoint\",\"urlTemplate\":\"https:\/\/moto-pawmar.pl\/?s={search_term_string}\"},\"query-input\":{\"@type\":\"PropertyValueSpecification\",\"valueRequired\":true,\"valueName\":\"search_term_string\"}}],\"inLanguage\":\"pl-PL\"},{\"@type\":\"Organization\",\"@id\":\"https:\/\/moto-pawmar.pl\/#organization\",\"name\":\"MOTO-PAWMAR\",\"url\":\"https:\/\/moto-pawmar.pl\/\",\"logo\":{\"@type\":\"ImageObject\",\"inLanguage\":\"pl-PL\",\"@id\":\"https:\/\/moto-pawmar.pl\/#\/schema\/logo\/image\/\",\"url\":\"https:\/\/moto-pawmar.pl\/wp-content\/uploads\/2025\/10\/LOGO-SKLEP.png\",\"contentUrl\":\"https:\/\/moto-pawmar.pl\/wp-content\/uploads\/2025\/10\/LOGO-SKLEP.png\",\"width\":2480,\"height\":2053,\"caption\":\"MOTO-PAWMAR\"},\"image\":{\"@id\":\"https:\/\/moto-pawmar.pl\/#\/schema\/logo\/image\/\"},\"sameAs\":[\"https:\/\/www.facebook.com\/motopawmar\/?locale=pl_PL\"]}]}<\/script>\n<!-- \/ Yoast SEO plugin. -->","yoast_head_json":{"title":"Spodnie motocyklowe tekstylne Rebelhorn Jax Black - MOTO-PAWMAR","robots":{"index":"index","follow":"follow","max-snippet":"max-snippet:-1","max-image-preview":"max-image-preview:large","max-video-preview":"max-video-preview:-1"},"canonical":"https:\/\/moto-pawmar.pl\/?product=spodnie-motocyklowe-tekstylne-rebelhorn-jax-black","og_locale":"pl_PL","og_type":"article","og_title":"Spodnie motocyklowe tekstylne Rebelhorn Jax Black - MOTO-PAWMAR","og_description":"Tekstylne spodnie motocyklowe\u00a0Rebelhorn JAX\u00a0\u0142\u0105cz\u0105 unikalny design z niezawodnym bezpiecze\u0144stwem i komfortem jazdy. Dzi\u0119ki zaawansowanym ochraniaczom, ergonomicznemu krojowi i wygl\u0105dowi, stanowi\u0105 idealny wyb\u00f3r dla motocyklist\u00f3w preferuj\u0105cych dynamiczn\u0105 jazd\u0119 miejsk\u0105. Przeznaczenie:\u00a0Street Liczba warstw:\u00a02 Warstwy: Wytrzyma\u0142e materia\u0142y wysokiej jako\u015bci gwarantuj\u0105 bezpiecze\u0144stwo, a\u00a0przewiewny i trwa\u0142y 3D Matrix Mesh\u00a0zapewnia \u015bwietn\u0105 wentylacj\u0119, bez straty na wytrzyma\u0142o\u015bci materia\u0142u. Dzi\u0119ki\u00a0membranie Humax\u00ae\u00a0o parametrach 10k\/10k, [&hellip;]","og_url":"https:\/\/moto-pawmar.pl\/?product=spodnie-motocyklowe-tekstylne-rebelhorn-jax-black","og_site_name":"MOTO-PAWMAR","article_publisher":"https:\/\/www.facebook.com\/motopawmar\/?locale=pl_PL","article_modified_time":"2026-01-09T13:29:28+00:00","og_image":[{"width":800,"height":800,"url":"https:\/\/moto-pawmar.pl\/wp-content\/uploads\/2026\/01\/293873_ZAL716061.jpg","type":"image\/jpeg"}],"twitter_card":"summary_large_image","twitter_misc":{"Szacowany czas czytania":"3 minuty"},"schema":{"@context":"https:\/\/schema.org","@graph":[{"@type":"WebPage","@id":"https:\/\/moto-pawmar.pl\/?product=spodnie-motocyklowe-tekstylne-rebelhorn-jax-black","url":"https:\/\/moto-pawmar.pl\/?product=spodnie-motocyklowe-tekstylne-rebelhorn-jax-black","name":"Spodnie motocyklowe tekstylne Rebelhorn Jax Black - MOTO-PAWMAR","isPartOf":{"@id":"https:\/\/moto-pawmar.pl\/#website"},"primaryImageOfPage":{"@id":"https:\/\/moto-pawmar.pl\/?product=spodnie-motocyklowe-tekstylne-rebelhorn-jax-black#primaryimage"},"image":{"@id":"https:\/\/moto-pawmar.pl\/?product=spodnie-motocyklowe-tekstylne-rebelhorn-jax-black#primaryimage"},"thumbnailUrl":"https:\/\/moto-pawmar.pl\/wp-content\/uploads\/2026\/01\/293873_ZAL716061.jpg","datePublished":"2026-01-09T13:28:21+00:00","dateModified":"2026-01-09T13:29:28+00:00","breadcrumb":{"@id":"https:\/\/moto-pawmar.pl\/?product=spodnie-motocyklowe-tekstylne-rebelhorn-jax-black#breadcrumb"},"inLanguage":"pl-PL","potentialAction":[{"@type":"ReadAction","target":["https:\/\/moto-pawmar.pl\/?product=spodnie-motocyklowe-tekstylne-rebelhorn-jax-black"]}]},{"@type":"ImageObject","inLanguage":"pl-PL","@id":"https:\/\/moto-pawmar.pl\/?product=spodnie-motocyklowe-tekstylne-rebelhorn-jax-black#primaryimage","url":"https:\/\/moto-pawmar.pl\/wp-content\/uploads\/2026\/01\/293873_ZAL716061.jpg","contentUrl":"https:\/\/moto-pawmar.pl\/wp-content\/uploads\/2026\/01\/293873_ZAL716061.jpg","width":800,"height":800},{"@type":"BreadcrumbList","@id":"https:\/\/moto-pawmar.pl\/?product=spodnie-motocyklowe-tekstylne-rebelhorn-jax-black#breadcrumb","itemListElement":[{"@type":"ListItem","position":1,"name":"Strona g\u0142\u00f3wna","item":"https:\/\/moto-pawmar.pl\/"},{"@type":"ListItem","position":2,"name":"Sklep Internetowy","item":"https:\/\/moto-pawmar.pl\/?page_id=367"},{"@type":"ListItem","position":3,"name":"Spodnie motocyklowe tekstylne Rebelhorn Jax Black"}]},{"@type":"WebSite","@id":"https:\/\/moto-pawmar.pl\/#website","url":"https:\/\/moto-pawmar.pl\/","name":"MOTO-PAWMAR","description":"MOTO\u2011PAWMAR \u2013 Tw\u00f3j sklep z cz\u0119\u015bciami i akcesoriami do motocykli, skuter\u00f3w i quad\u00f3w.","publisher":{"@id":"https:\/\/moto-pawmar.pl\/#organization"},"potentialAction":[{"@type":"SearchAction","target":{"@type":"EntryPoint","urlTemplate":"https:\/\/moto-pawmar.pl\/?s={search_term_string}"},"query-input":{"@type":"PropertyValueSpecification","valueRequired":true,"valueName":"search_term_string"}}],"inLanguage":"pl-PL"},{"@type":"Organization","@id":"https:\/\/moto-pawmar.pl\/#organization","name":"MOTO-PAWMAR","url":"https:\/\/moto-pawmar.pl\/","logo":{"@type":"ImageObject","inLanguage":"pl-PL","@id":"https:\/\/moto-pawmar.pl\/#\/schema\/logo\/image\/","url":"https:\/\/moto-pawmar.pl\/wp-content\/uploads\/2025\/10\/LOGO-SKLEP.png","contentUrl":"https:\/\/moto-pawmar.pl\/wp-content\/uploads\/2025\/10\/LOGO-SKLEP.png","width":2480,"height":2053,"caption":"MOTO-PAWMAR"},"image":{"@id":"https:\/\/moto-pawmar.pl\/#\/schema\/logo\/image\/"},"sameAs":["https:\/\/www.facebook.com\/motopawmar\/?locale=pl_PL"]}]}},"_links":{"self":[{"href":"https:\/\/moto-pawmar.pl\/index.php?rest_route=\/wp\/v2\/product\/7974","targetHints":{"allow":["GET"]}}],"collection":[{"href":"https:\/\/moto-pawmar.pl\/index.php?rest_route=\/wp\/v2\/product"}],"about":[{"href":"https:\/\/moto-pawmar.pl\/index.php?rest_route=\/wp\/v2\/types\/product"}],"wp:featuredmedia":[{"embeddable":true,"href":"https:\/\/moto-pawmar.pl\/index.php?rest_route=\/wp\/v2\/media\/7989"}],"wp:attachment":[{"href":"https:\/\/moto-pawmar.pl\/index.php?rest_route=%2Fwp%2Fv2%2Fmedia&parent=7974"}],"wp:term":[{"taxonomy":"product_brand","embeddable":true,"href":"https:\/\/moto-pawmar.pl\/index.php?rest_route=%2Fwp%2Fv2%2Fproduct_brand&post=7974"},{"taxonomy":"product_cat","embeddable":true,"href":"https:\/\/moto-pawmar.pl\/index.php?rest_route=%2Fwp%2Fv2%2Fproduct_cat&post=7974"},{"taxonomy":"product_tag","embeddable":true,"href":"https:\/\/moto-pawmar.pl\/index.php?rest_route=%2Fwp%2Fv2%2Fproduct_tag&post=7974"}],"curies":[{"name":"wp","href":"https:\/\/api.w.org\/{rel}","templated":true}]}}