{"id":7964,"date":"2026-01-09T14:26:20","date_gmt":"2026-01-09T13:26:20","guid":{"rendered":"https:\/\/moto-pawmar.pl\/?post_type=product&#038;p=7964"},"modified":"2026-01-09T14:27:34","modified_gmt":"2026-01-09T13:27:34","slug":"spodnie-motocyklowe-tekstylne-rebelhorn-hiker-4-lady-black-krotka-nogawka","status":"publish","type":"product","link":"https:\/\/moto-pawmar.pl\/?product=spodnie-motocyklowe-tekstylne-rebelhorn-hiker-4-lady-black-krotka-nogawka","title":{"rendered":"Spodnie motocyklowe tekstylne Rebelhorn Hiker 4 LADY Black (Kr\u00f3tka Nogawka)"},"content":{"rendered":"<p>Damskie turystyczne spodnie motocyklowe\u00a0<strong>Rebelhorn Hiker IV<\/strong>\u00a0<strong>Lady<\/strong>\u00a0to nowe wcielenie popularnego modelu stworzonego dla motocyklistek, kt\u00f3re ceni\u0105 sobie komfort i funkcjonalno\u015b\u0107 podczas jazdy na co dzie\u0144 oraz kr\u00f3tkich wypraw. Te dwuwarstwowe spodnie \u0142\u0105cz\u0105 wytrzyma\u0142o\u015b\u0107 z nowoczesnym designem oraz praktycznymi rozwi\u0105zaniami. Hiker IV Lady posiadaj\u0105 mi\u0119dzy innymi wypinan\u0105 membran\u0119 HydraShield o \u015bwietnych w\u0142a\u015bciwo\u015bciach.<\/p>\n<p><strong>Przeznaczenie:\u00a0<\/strong>Tour<\/p>\n<p><strong>Dopasowanie:<\/strong>\u00a0Regular<\/p>\n<p><strong>Liczba warstw:<\/strong>\u00a02<\/p>\n<p><strong>Warstwy<\/strong><\/p>\n<ul>\n<li><strong>Warstwa zewn\u0119trzna:<\/strong>\u00a0Poliester 450D, Poliester 1000D<\/li>\n<li><strong>Membrana:<\/strong>\u00a0Wypinana membrana\u00a0<strong>HydraShield<\/strong>\u00a0o w\u0142a\u015bciwo\u015bciach wodoodpornych na poziomie 7000 mmH20 i przepuszczalno\u015bci powietrza na poziomie 10000 g\/m2\/24h.<\/li>\n<\/ul>\n<p><strong>Poliester 1000D<\/strong>\u00a0to rodzaj tkaniny wykonanej z poliestru, gdzie liczba &#8220;1000D&#8221; oznacza grubo\u015b\u0107 nici wykorzystanej do jej produkcji. Ten materia\u0142 jest znacznie grubszy ni\u017c tkaniny o ni\u017cszych oznaczeniach &#8220;D&#8221; i charakteryzuje go du\u017ca wytrzyma\u0142o\u015b\u0107 i trwa\u0142o\u015b\u0107. W spodniach Hiker IV Lady zosta\u0142 u\u017cyty we wszystkich miejscach najbardziej nara\u017conych na uszkodzenia podczas wypadku.<\/p>\n<p><strong>Poliester 450D<\/strong>\u00a0jest to materia\u0142 o dobrej wytrzyma\u0142o\u015bci, cz\u0119sto stosowany w produkcji odzie\u017cy outdoorowej i technicznej, gdzie wa\u017cna jest wytrzyma\u0142o\u015b\u0107, ale nie jest wymagana bardzo du\u017ca grubo\u015b\u0107 materia\u0142u. W spodniach Hiker IV Lady zosta\u0142 u\u017cyty w miejscach, kt\u00f3re nie s\u0105 w du\u017cym stopniu nara\u017cone na uszkodzenia podczas wypadku, a odpowiadaj\u0105 za wygod\u0119 i swobod\u0119 ruch\u00f3w.<\/p>\n<p>Przemy\u015blane po\u0142\u0105czenie obydwu tych materia\u0142\u00f3w sprawia, \u017ce spodnie s\u0105 wyj\u0105tkowo wygodne, b\u0119d\u0105c jednocze\u015bnie bezpiecznymi i odpornymi na przetarcia czy rozdarcia.<\/p>\n<p><strong>Bezpiecze\u0144stwo<\/strong><br \/>\nSpodnie Rebelhorn Hiker IV Lady zapewniaj\u0105 wysoki stopie\u0144 bezpiecze\u0144stwa:<\/p>\n<ul>\n<li><strong>Ochraniacze kolan\u00a0<\/strong>CE-Level 2 z mo\u017cliwo\u015bci\u0105 regulacji pozycji<\/li>\n<li><strong>Ochraniacze bioder\u00a0<\/strong>CE-Level 2<\/li>\n<li>Kiesze\u0144 na wk\u0142adk\u0119 ko\u015bci ogonowej<\/li>\n<\/ul>\n<ul>\n<li><strong>Wstawki odblaskowe<\/strong>\u00a0w wielu miejscach poprawiaj\u0105ce widoczno\u015b\u0107 motocyklisty po zmroku<\/li>\n<\/ul>\n<p><strong>Dopasowanie<\/strong><br \/>\nSpodnie posiadaj\u0105 liczne opcje regulacji, aby zapewni\u0107 optymalne dopasowanie:<\/p>\n<ul>\n<li>Regulacja obwodu do\u0142u nogawki<\/li>\n<li>Regulacja w talii<\/li>\n<li>Regulacja pozycji ochraniaczy kolan<\/li>\n<\/ul>\n<p><strong>Wentylacja<\/strong><br \/>\nSpodnie Hiker IV Lady s\u0105 wyposa\u017cone w rozbudowany system wentylacji na kt\u00f3ry sk\u0142ada si\u0119 a\u017c 6 kana\u0142\u00f3w wentylacyjnych na nogawkach.<\/p>\n<p><strong>Komfort<\/strong><br \/>\nSpodnie oferuj\u0105 wyj\u0105tkowy komfort i liczne praktyczne rozwi\u0105zania. Hiker IV Lady posiada mi\u0119dzy innymi wypinan\u0105 membran\u0119\u00a0<strong>HydraShield<\/strong>.<\/p>\n<ul>\n<li>Wypinana membrana membrana\u00a0<strong>HydraShield\u00a0<\/strong>o w\u0142a\u015bciwo\u015bciach wodoodpornych na poziomie 7000 mmH20 i przepuszczalno\u015bci powietrza na poziomie 10000 g\/m2\/24h,<\/li>\n<li>Zamki \u0142\u0105cz\u0105ce typu 8VST: Dwa rodzaje zamk\u00f3w (360 oraz kr\u00f3tki) do \u0142\u0105czenia spodni z kurtk\u0105,<\/li>\n<li>Elastyczne wstawki oraz materia\u0142 4-way stretch, kt\u00f3re poprawiaj\u0105 komfort, zakres ruchu i ergonomi\u0119 u\u017cytkowania<\/li>\n<li>4 pojemne kieszenie<\/li>\n<\/ul>\n<p>Rebelhorn Hiker IV Lady to turystyczne spodnie dwuwarstwowe, idealne zar\u00f3wno do codziennej jazdy, jak i kr\u00f3tkie wyprawy. Nowoczesna membrana HydraShield oraz wydajny system wentylacji sprawiaj\u0105, \u017ce spodnie s\u0105 niezwykle funkcjonalne. Doskonale dopasowuj\u0105 si\u0119 do potrzeb motocyklistek, zapewniaj\u0105c komfort i bezpiecze\u0144stwo podczas jazdy<\/p>\n","protected":false},"excerpt":{"rendered":"<p>Damskie turystyczne spodnie motocyklowe\u00a0Rebelhorn Hiker IV\u00a0Lady\u00a0to nowe wcielenie popularnego modelu stworzonego dla motocyklistek, kt\u00f3re ceni\u0105 sobie komfort i funkcjonalno\u015b\u0107 podczas jazdy na co dzie\u0144 oraz kr\u00f3tkich wypraw. Te dwuwarstwowe spodnie \u0142\u0105cz\u0105 wytrzyma\u0142o\u015b\u0107 z nowoczesnym designem oraz praktycznymi rozwi\u0105zaniami. Hiker IV Lady posiadaj\u0105 mi\u0119dzy innymi wypinan\u0105 membran\u0119 HydraShield o \u015bwietnych w\u0142a\u015bciwo\u015bciach. Przeznaczenie:\u00a0Tour Dopasowanie:\u00a0Regular Liczba warstw:\u00a02 Warstwy [&hellip;]<\/p>\n","protected":false},"featured_media":7961,"template":"","meta":[],"product_brand":[377],"product_cat":[279,285],"product_tag":[],"class_list":{"0":"post-7964","1":"product","2":"type-product","3":"status-publish","4":"has-post-thumbnail","6":"product_brand-rebelhorn","7":"product_cat-spodnie-meska","8":"product_cat-spodnie-tekstylne-meska","10":"first","11":"instock","12":"taxable","13":"shipping-taxable","14":"purchasable","15":"product-type-variable"},"yoast_head":"<!-- This site is optimized with the Yoast SEO plugin v26.9 - https:\/\/yoast.com\/product\/yoast-seo-wordpress\/ -->\n<title>Spodnie motocyklowe tekstylne Rebelhorn Hiker 4 LADY Black (Kr\u00f3tka Nogawka) - MOTO-PAWMAR<\/title>\n<meta name=\"robots\" content=\"index, follow, max-snippet:-1, max-image-preview:large, max-video-preview:-1\" \/>\n<link rel=\"canonical\" href=\"https:\/\/moto-pawmar.pl\/?product=spodnie-motocyklowe-tekstylne-rebelhorn-hiker-4-lady-black-krotka-nogawka\" \/>\n<meta property=\"og:locale\" content=\"pl_PL\" \/>\n<meta property=\"og:type\" content=\"article\" \/>\n<meta property=\"og:title\" content=\"Spodnie motocyklowe tekstylne Rebelhorn Hiker 4 LADY Black (Kr\u00f3tka Nogawka) - MOTO-PAWMAR\" \/>\n<meta property=\"og:description\" content=\"Damskie turystyczne spodnie motocyklowe\u00a0Rebelhorn Hiker IV\u00a0Lady\u00a0to nowe wcielenie popularnego modelu stworzonego dla motocyklistek, kt\u00f3re ceni\u0105 sobie komfort i funkcjonalno\u015b\u0107 podczas jazdy na co dzie\u0144 oraz kr\u00f3tkich wypraw. Te dwuwarstwowe spodnie \u0142\u0105cz\u0105 wytrzyma\u0142o\u015b\u0107 z nowoczesnym designem oraz praktycznymi rozwi\u0105zaniami. Hiker IV Lady posiadaj\u0105 mi\u0119dzy innymi wypinan\u0105 membran\u0119 HydraShield o \u015bwietnych w\u0142a\u015bciwo\u015bciach. Przeznaczenie:\u00a0Tour Dopasowanie:\u00a0Regular Liczba warstw:\u00a02 Warstwy [&hellip;]\" \/>\n<meta property=\"og:url\" content=\"https:\/\/moto-pawmar.pl\/?product=spodnie-motocyklowe-tekstylne-rebelhorn-hiker-4-lady-black-krotka-nogawka\" \/>\n<meta property=\"og:site_name\" content=\"MOTO-PAWMAR\" \/>\n<meta property=\"article:publisher\" content=\"https:\/\/www.facebook.com\/motopawmar\/?locale=pl_PL\" \/>\n<meta property=\"article:modified_time\" content=\"2026-01-09T13:27:34+00:00\" \/>\n<meta property=\"og:image\" content=\"https:\/\/moto-pawmar.pl\/wp-content\/uploads\/2026\/01\/318723_ZAL741315.jpg\" \/>\n\t<meta property=\"og:image:width\" content=\"800\" \/>\n\t<meta property=\"og:image:height\" content=\"800\" \/>\n\t<meta property=\"og:image:type\" content=\"image\/jpeg\" \/>\n<meta name=\"twitter:card\" content=\"summary_large_image\" \/>\n<meta name=\"twitter:label1\" content=\"Szacowany czas czytania\" \/>\n\t<meta name=\"twitter:data1\" content=\"3 minuty\" \/>\n<script type=\"application\/ld+json\" class=\"yoast-schema-graph\">{\"@context\":\"https:\/\/schema.org\",\"@graph\":[{\"@type\":\"WebPage\",\"@id\":\"https:\/\/moto-pawmar.pl\/?product=spodnie-motocyklowe-tekstylne-rebelhorn-hiker-4-lady-black-krotka-nogawka\",\"url\":\"https:\/\/moto-pawmar.pl\/?product=spodnie-motocyklowe-tekstylne-rebelhorn-hiker-4-lady-black-krotka-nogawka\",\"name\":\"Spodnie motocyklowe tekstylne Rebelhorn Hiker 4 LADY Black (Kr\u00f3tka Nogawka) - MOTO-PAWMAR\",\"isPartOf\":{\"@id\":\"https:\/\/moto-pawmar.pl\/#website\"},\"primaryImageOfPage\":{\"@id\":\"https:\/\/moto-pawmar.pl\/?product=spodnie-motocyklowe-tekstylne-rebelhorn-hiker-4-lady-black-krotka-nogawka#primaryimage\"},\"image\":{\"@id\":\"https:\/\/moto-pawmar.pl\/?product=spodnie-motocyklowe-tekstylne-rebelhorn-hiker-4-lady-black-krotka-nogawka#primaryimage\"},\"thumbnailUrl\":\"https:\/\/moto-pawmar.pl\/wp-content\/uploads\/2026\/01\/318723_ZAL741315.jpg\",\"datePublished\":\"2026-01-09T13:26:20+00:00\",\"dateModified\":\"2026-01-09T13:27:34+00:00\",\"breadcrumb\":{\"@id\":\"https:\/\/moto-pawmar.pl\/?product=spodnie-motocyklowe-tekstylne-rebelhorn-hiker-4-lady-black-krotka-nogawka#breadcrumb\"},\"inLanguage\":\"pl-PL\",\"potentialAction\":[{\"@type\":\"ReadAction\",\"target\":[\"https:\/\/moto-pawmar.pl\/?product=spodnie-motocyklowe-tekstylne-rebelhorn-hiker-4-lady-black-krotka-nogawka\"]}]},{\"@type\":\"ImageObject\",\"inLanguage\":\"pl-PL\",\"@id\":\"https:\/\/moto-pawmar.pl\/?product=spodnie-motocyklowe-tekstylne-rebelhorn-hiker-4-lady-black-krotka-nogawka#primaryimage\",\"url\":\"https:\/\/moto-pawmar.pl\/wp-content\/uploads\/2026\/01\/318723_ZAL741315.jpg\",\"contentUrl\":\"https:\/\/moto-pawmar.pl\/wp-content\/uploads\/2026\/01\/318723_ZAL741315.jpg\",\"width\":800,\"height\":800},{\"@type\":\"BreadcrumbList\",\"@id\":\"https:\/\/moto-pawmar.pl\/?product=spodnie-motocyklowe-tekstylne-rebelhorn-hiker-4-lady-black-krotka-nogawka#breadcrumb\",\"itemListElement\":[{\"@type\":\"ListItem\",\"position\":1,\"name\":\"Strona g\u0142\u00f3wna\",\"item\":\"https:\/\/moto-pawmar.pl\/\"},{\"@type\":\"ListItem\",\"position\":2,\"name\":\"Sklep Internetowy\",\"item\":\"https:\/\/moto-pawmar.pl\/?page_id=367\"},{\"@type\":\"ListItem\",\"position\":3,\"name\":\"Spodnie motocyklowe tekstylne Rebelhorn Hiker 4 LADY Black (Kr\u00f3tka Nogawka)\"}]},{\"@type\":\"WebSite\",\"@id\":\"https:\/\/moto-pawmar.pl\/#website\",\"url\":\"https:\/\/moto-pawmar.pl\/\",\"name\":\"MOTO-PAWMAR\",\"description\":\"MOTO\u2011PAWMAR \u2013 Tw\u00f3j sklep z cz\u0119\u015bciami i akcesoriami do motocykli, skuter\u00f3w i quad\u00f3w.\",\"publisher\":{\"@id\":\"https:\/\/moto-pawmar.pl\/#organization\"},\"potentialAction\":[{\"@type\":\"SearchAction\",\"target\":{\"@type\":\"EntryPoint\",\"urlTemplate\":\"https:\/\/moto-pawmar.pl\/?s={search_term_string}\"},\"query-input\":{\"@type\":\"PropertyValueSpecification\",\"valueRequired\":true,\"valueName\":\"search_term_string\"}}],\"inLanguage\":\"pl-PL\"},{\"@type\":\"Organization\",\"@id\":\"https:\/\/moto-pawmar.pl\/#organization\",\"name\":\"MOTO-PAWMAR\",\"url\":\"https:\/\/moto-pawmar.pl\/\",\"logo\":{\"@type\":\"ImageObject\",\"inLanguage\":\"pl-PL\",\"@id\":\"https:\/\/moto-pawmar.pl\/#\/schema\/logo\/image\/\",\"url\":\"https:\/\/moto-pawmar.pl\/wp-content\/uploads\/2025\/10\/LOGO-SKLEP.png\",\"contentUrl\":\"https:\/\/moto-pawmar.pl\/wp-content\/uploads\/2025\/10\/LOGO-SKLEP.png\",\"width\":2480,\"height\":2053,\"caption\":\"MOTO-PAWMAR\"},\"image\":{\"@id\":\"https:\/\/moto-pawmar.pl\/#\/schema\/logo\/image\/\"},\"sameAs\":[\"https:\/\/www.facebook.com\/motopawmar\/?locale=pl_PL\"]}]}<\/script>\n<!-- \/ Yoast SEO plugin. -->","yoast_head_json":{"title":"Spodnie motocyklowe tekstylne Rebelhorn Hiker 4 LADY Black (Kr\u00f3tka Nogawka) - MOTO-PAWMAR","robots":{"index":"index","follow":"follow","max-snippet":"max-snippet:-1","max-image-preview":"max-image-preview:large","max-video-preview":"max-video-preview:-1"},"canonical":"https:\/\/moto-pawmar.pl\/?product=spodnie-motocyklowe-tekstylne-rebelhorn-hiker-4-lady-black-krotka-nogawka","og_locale":"pl_PL","og_type":"article","og_title":"Spodnie motocyklowe tekstylne Rebelhorn Hiker 4 LADY Black (Kr\u00f3tka Nogawka) - MOTO-PAWMAR","og_description":"Damskie turystyczne spodnie motocyklowe\u00a0Rebelhorn Hiker IV\u00a0Lady\u00a0to nowe wcielenie popularnego modelu stworzonego dla motocyklistek, kt\u00f3re ceni\u0105 sobie komfort i funkcjonalno\u015b\u0107 podczas jazdy na co dzie\u0144 oraz kr\u00f3tkich wypraw. Te dwuwarstwowe spodnie \u0142\u0105cz\u0105 wytrzyma\u0142o\u015b\u0107 z nowoczesnym designem oraz praktycznymi rozwi\u0105zaniami. Hiker IV Lady posiadaj\u0105 mi\u0119dzy innymi wypinan\u0105 membran\u0119 HydraShield o \u015bwietnych w\u0142a\u015bciwo\u015bciach. Przeznaczenie:\u00a0Tour Dopasowanie:\u00a0Regular Liczba warstw:\u00a02 Warstwy [&hellip;]","og_url":"https:\/\/moto-pawmar.pl\/?product=spodnie-motocyklowe-tekstylne-rebelhorn-hiker-4-lady-black-krotka-nogawka","og_site_name":"MOTO-PAWMAR","article_publisher":"https:\/\/www.facebook.com\/motopawmar\/?locale=pl_PL","article_modified_time":"2026-01-09T13:27:34+00:00","og_image":[{"width":800,"height":800,"url":"https:\/\/moto-pawmar.pl\/wp-content\/uploads\/2026\/01\/318723_ZAL741315.jpg","type":"image\/jpeg"}],"twitter_card":"summary_large_image","twitter_misc":{"Szacowany czas czytania":"3 minuty"},"schema":{"@context":"https:\/\/schema.org","@graph":[{"@type":"WebPage","@id":"https:\/\/moto-pawmar.pl\/?product=spodnie-motocyklowe-tekstylne-rebelhorn-hiker-4-lady-black-krotka-nogawka","url":"https:\/\/moto-pawmar.pl\/?product=spodnie-motocyklowe-tekstylne-rebelhorn-hiker-4-lady-black-krotka-nogawka","name":"Spodnie motocyklowe tekstylne Rebelhorn Hiker 4 LADY Black (Kr\u00f3tka Nogawka) - MOTO-PAWMAR","isPartOf":{"@id":"https:\/\/moto-pawmar.pl\/#website"},"primaryImageOfPage":{"@id":"https:\/\/moto-pawmar.pl\/?product=spodnie-motocyklowe-tekstylne-rebelhorn-hiker-4-lady-black-krotka-nogawka#primaryimage"},"image":{"@id":"https:\/\/moto-pawmar.pl\/?product=spodnie-motocyklowe-tekstylne-rebelhorn-hiker-4-lady-black-krotka-nogawka#primaryimage"},"thumbnailUrl":"https:\/\/moto-pawmar.pl\/wp-content\/uploads\/2026\/01\/318723_ZAL741315.jpg","datePublished":"2026-01-09T13:26:20+00:00","dateModified":"2026-01-09T13:27:34+00:00","breadcrumb":{"@id":"https:\/\/moto-pawmar.pl\/?product=spodnie-motocyklowe-tekstylne-rebelhorn-hiker-4-lady-black-krotka-nogawka#breadcrumb"},"inLanguage":"pl-PL","potentialAction":[{"@type":"ReadAction","target":["https:\/\/moto-pawmar.pl\/?product=spodnie-motocyklowe-tekstylne-rebelhorn-hiker-4-lady-black-krotka-nogawka"]}]},{"@type":"ImageObject","inLanguage":"pl-PL","@id":"https:\/\/moto-pawmar.pl\/?product=spodnie-motocyklowe-tekstylne-rebelhorn-hiker-4-lady-black-krotka-nogawka#primaryimage","url":"https:\/\/moto-pawmar.pl\/wp-content\/uploads\/2026\/01\/318723_ZAL741315.jpg","contentUrl":"https:\/\/moto-pawmar.pl\/wp-content\/uploads\/2026\/01\/318723_ZAL741315.jpg","width":800,"height":800},{"@type":"BreadcrumbList","@id":"https:\/\/moto-pawmar.pl\/?product=spodnie-motocyklowe-tekstylne-rebelhorn-hiker-4-lady-black-krotka-nogawka#breadcrumb","itemListElement":[{"@type":"ListItem","position":1,"name":"Strona g\u0142\u00f3wna","item":"https:\/\/moto-pawmar.pl\/"},{"@type":"ListItem","position":2,"name":"Sklep Internetowy","item":"https:\/\/moto-pawmar.pl\/?page_id=367"},{"@type":"ListItem","position":3,"name":"Spodnie motocyklowe tekstylne Rebelhorn Hiker 4 LADY Black (Kr\u00f3tka Nogawka)"}]},{"@type":"WebSite","@id":"https:\/\/moto-pawmar.pl\/#website","url":"https:\/\/moto-pawmar.pl\/","name":"MOTO-PAWMAR","description":"MOTO\u2011PAWMAR \u2013 Tw\u00f3j sklep z cz\u0119\u015bciami i akcesoriami do motocykli, skuter\u00f3w i quad\u00f3w.","publisher":{"@id":"https:\/\/moto-pawmar.pl\/#organization"},"potentialAction":[{"@type":"SearchAction","target":{"@type":"EntryPoint","urlTemplate":"https:\/\/moto-pawmar.pl\/?s={search_term_string}"},"query-input":{"@type":"PropertyValueSpecification","valueRequired":true,"valueName":"search_term_string"}}],"inLanguage":"pl-PL"},{"@type":"Organization","@id":"https:\/\/moto-pawmar.pl\/#organization","name":"MOTO-PAWMAR","url":"https:\/\/moto-pawmar.pl\/","logo":{"@type":"ImageObject","inLanguage":"pl-PL","@id":"https:\/\/moto-pawmar.pl\/#\/schema\/logo\/image\/","url":"https:\/\/moto-pawmar.pl\/wp-content\/uploads\/2025\/10\/LOGO-SKLEP.png","contentUrl":"https:\/\/moto-pawmar.pl\/wp-content\/uploads\/2025\/10\/LOGO-SKLEP.png","width":2480,"height":2053,"caption":"MOTO-PAWMAR"},"image":{"@id":"https:\/\/moto-pawmar.pl\/#\/schema\/logo\/image\/"},"sameAs":["https:\/\/www.facebook.com\/motopawmar\/?locale=pl_PL"]}]}},"_links":{"self":[{"href":"https:\/\/moto-pawmar.pl\/index.php?rest_route=\/wp\/v2\/product\/7964","targetHints":{"allow":["GET"]}}],"collection":[{"href":"https:\/\/moto-pawmar.pl\/index.php?rest_route=\/wp\/v2\/product"}],"about":[{"href":"https:\/\/moto-pawmar.pl\/index.php?rest_route=\/wp\/v2\/types\/product"}],"wp:featuredmedia":[{"embeddable":true,"href":"https:\/\/moto-pawmar.pl\/index.php?rest_route=\/wp\/v2\/media\/7961"}],"wp:attachment":[{"href":"https:\/\/moto-pawmar.pl\/index.php?rest_route=%2Fwp%2Fv2%2Fmedia&parent=7964"}],"wp:term":[{"taxonomy":"product_brand","embeddable":true,"href":"https:\/\/moto-pawmar.pl\/index.php?rest_route=%2Fwp%2Fv2%2Fproduct_brand&post=7964"},{"taxonomy":"product_cat","embeddable":true,"href":"https:\/\/moto-pawmar.pl\/index.php?rest_route=%2Fwp%2Fv2%2Fproduct_cat&post=7964"},{"taxonomy":"product_tag","embeddable":true,"href":"https:\/\/moto-pawmar.pl\/index.php?rest_route=%2Fwp%2Fv2%2Fproduct_tag&post=7964"}],"curies":[{"name":"wp","href":"https:\/\/api.w.org\/{rel}","templated":true}]}}