{"id":7868,"date":"2026-01-09T13:38:08","date_gmt":"2026-01-09T12:38:08","guid":{"rendered":"https:\/\/moto-pawmar.pl\/?post_type=product&#038;p=7868"},"modified":"2026-01-09T13:39:38","modified_gmt":"2026-01-09T12:39:38","slug":"spodnie-motocyklowe-tekstylne-rebelhorn-hiflow-5-black-dluga-nogawka","status":"publish","type":"product","link":"https:\/\/moto-pawmar.pl\/?product=spodnie-motocyklowe-tekstylne-rebelhorn-hiflow-5-black-dluga-nogawka","title":{"rendered":"Spodnie motocyklowe tekstylne Rebelhorn Hiflow 5 Black (D\u0142uga Nogawka)"},"content":{"rendered":"<p><strong>Motocyklowe spodnie tekstylne Rebelhorn Hiflow V\u00a0<\/strong>zosta\u0142y stworzone z my\u015bl\u0105 o miejskiej je\u017adzie oraz kr\u00f3tkich trasach poza miastem. Dzi\u0119ki elastycznym i wytrzyma\u0142ym materia\u0142om, takim jak HyperStretch, Steel mesh i Cordura\u00ae Ripstop, spodnie zapewniaj\u0105 swobod\u0119 ruch\u00f3w i wysok\u0105 trwa\u0142o\u015b\u0107. Zaawansowany system wentylacji oraz membrana HydraShield\u2122 PRO gwarantuj\u0105 komfort w ka\u017cdych warunkach pogodowych. Certyfikacja na poziomie AA potwierdza wysoki poziom ochrony zapewnianej przez spodnie Hiflow V, a ochraniacze kolan i bioder poziomu 2 zwi\u0119kszaj\u0105 bezpiecze\u0144stwo u\u017cytkownika.<\/p>\n<p>&nbsp;<\/p>\n<p><strong>Przeznaczenie:<\/strong>\u00a0STREET, SHORT TOUR<\/p>\n<p><strong>Dopasowanie:<\/strong>\u00a0Regular<\/p>\n<p><strong>Liczba warstw:<\/strong>\u00a03<\/p>\n<p><strong>Warstwy:<\/strong><\/p>\n<ul>\n<li><strong>Warstwa zewn\u0119trzna:<\/strong>\u00a040% Poliester, 50% Poliester 4-way stretch, 10% Cordura\u00ae Ripstop, HyperStretch<\/li>\n<li><strong>Podszewka:\u00a0<\/strong>100% Poliester mesh<\/li>\n<li><strong>Membrana wodoodporna HydraShield\u2122 PRO<\/strong>\u00a0&#8211; 100% Poliester, o parametrach: odporno\u015b\u0107 na wod\u0119 18 000 mmH2O) oraz oddychalno\u015b\u0107 (9000 g\/m2\/24h)<\/li>\n<li><strong>Podpinka ocieplaj\u0105ca:<\/strong>\u00a0100% Poliester<\/li>\n<\/ul>\n<p><strong>Ochraniacze\/Bezpiecze\u0144stwo:<\/strong><\/p>\n<p>Spodnie Rebelhorn Hiflow V zosta\u0142y wyposa\u017cone w certyfikowane ochraniacze, kt\u00f3re zapewniaj\u0105 wysoki poziom ochrony motocyklisty (CE LEVEL: AA).<\/p>\n<ul>\n<li><strong>Kolana:<\/strong>\u00a0Armanox 302 E\/K LEVEL 2 \u2013 mo\u017cliwo\u015b\u0107 pe\u0142nej regulacji w obr\u0119bie kolana, kieszenie umieszczone na warstwie wierzchniej. Dost\u0119p od do\u0142u nogawki przez kana\u0142 rewizyjny.<\/li>\n<li><strong>Biodra:<\/strong>\u00a0Armanox 501 H LEVEL 2<\/li>\n<li>Kiesze\u0144 na wk\u0142adk\u0119 ko\u015bci ogonowej<\/li>\n<\/ul>\n<p><strong>Dopasowanie:<\/strong><\/p>\n<ul>\n<li>Regulacja obwod\u00f3w w pasie<\/li>\n<li>Regulacja obwodu nogawki<\/li>\n<\/ul>\n<p><strong>Wentylacja:<\/strong><\/p>\n<ul>\n<li>Du\u017ce panele meshowe na przedniej i tylnej cz\u0119\u015bci spodni<\/li>\n<\/ul>\n<p><strong>Komfort + Dodatkowe cechy:<\/strong><\/p>\n<ul>\n<li>Wyposa\u017cone w wypinan\u0105 membran\u0119 HydraShield\u2122 PRO, kt\u00f3ra zapewnia ochron\u0119 przed deszczem (odporno\u015b\u0107 na wod\u0119 18 000 mmH2O) oraz oddychalno\u015b\u0107 (9000 g\/m2\/24h)<\/li>\n<li>Wypinana podpinka ocieplaj\u0105ca zapewnia komfort termiczny w ch\u0142odne dni<\/li>\n<li>Materia\u0142 Hyper Stretch pozwalaj\u0105cy na lepsze dopasowanie spodni do sylwetki i gwarantuj\u0105cy swobod\u0119 ruch\u00f3w<\/li>\n<li>Zamki \u0142\u0105cz\u0105ce typu 8VST (360\u00b0 i kr\u00f3tki)<\/li>\n<li>Elastyczne wstawki oraz poliester 4-way stretch zwi\u0119kszaj\u0105 wygod\u0119 i ergonomi\u0119 u\u017cytkowania<\/li>\n<li>Zamki reguluj\u0105ce dopasowanie<\/li>\n<li>Podszewka Quickdry<\/li>\n<\/ul>\n<p><strong>Kieszenie:<\/strong><\/p>\n<ul>\n<li>Dwie kieszenie otwarte<\/li>\n<li>Wodoodporna kiesze\u0144 cargo zapinana na zamek<\/li>\n<\/ul>\n","protected":false},"excerpt":{"rendered":"<p>Motocyklowe spodnie tekstylne Rebelhorn Hiflow V\u00a0zosta\u0142y stworzone z my\u015bl\u0105 o miejskiej je\u017adzie oraz kr\u00f3tkich trasach poza miastem. Dzi\u0119ki elastycznym i wytrzyma\u0142ym materia\u0142om, takim jak HyperStretch, Steel mesh i Cordura\u00ae Ripstop, spodnie zapewniaj\u0105 swobod\u0119 ruch\u00f3w i wysok\u0105 trwa\u0142o\u015b\u0107. Zaawansowany system wentylacji oraz membrana HydraShield\u2122 PRO gwarantuj\u0105 komfort w ka\u017cdych warunkach pogodowych. Certyfikacja na poziomie AA potwierdza [&hellip;]<\/p>\n","protected":false},"featured_media":7866,"template":"","meta":[],"product_brand":[377],"product_cat":[279,285],"product_tag":[],"class_list":{"0":"post-7868","1":"product","2":"type-product","3":"status-publish","4":"has-post-thumbnail","6":"product_brand-rebelhorn","7":"product_cat-spodnie-meska","8":"product_cat-spodnie-tekstylne-meska","10":"first","11":"instock","12":"taxable","13":"shipping-taxable","14":"purchasable","15":"product-type-variable"},"yoast_head":"<!-- This site is optimized with the Yoast SEO plugin v26.9 - https:\/\/yoast.com\/product\/yoast-seo-wordpress\/ -->\n<title>Spodnie motocyklowe tekstylne Rebelhorn Hiflow 5 Black (D\u0142uga Nogawka) - MOTO-PAWMAR<\/title>\n<meta name=\"robots\" content=\"index, follow, max-snippet:-1, max-image-preview:large, max-video-preview:-1\" \/>\n<link rel=\"canonical\" href=\"https:\/\/moto-pawmar.pl\/?product=spodnie-motocyklowe-tekstylne-rebelhorn-hiflow-5-black-dluga-nogawka\" \/>\n<meta property=\"og:locale\" content=\"pl_PL\" \/>\n<meta property=\"og:type\" content=\"article\" \/>\n<meta property=\"og:title\" content=\"Spodnie motocyklowe tekstylne Rebelhorn Hiflow 5 Black (D\u0142uga Nogawka) - MOTO-PAWMAR\" \/>\n<meta property=\"og:description\" content=\"Motocyklowe spodnie tekstylne Rebelhorn Hiflow V\u00a0zosta\u0142y stworzone z my\u015bl\u0105 o miejskiej je\u017adzie oraz kr\u00f3tkich trasach poza miastem. Dzi\u0119ki elastycznym i wytrzyma\u0142ym materia\u0142om, takim jak HyperStretch, Steel mesh i Cordura\u00ae Ripstop, spodnie zapewniaj\u0105 swobod\u0119 ruch\u00f3w i wysok\u0105 trwa\u0142o\u015b\u0107. Zaawansowany system wentylacji oraz membrana HydraShield\u2122 PRO gwarantuj\u0105 komfort w ka\u017cdych warunkach pogodowych. Certyfikacja na poziomie AA potwierdza [&hellip;]\" \/>\n<meta property=\"og:url\" content=\"https:\/\/moto-pawmar.pl\/?product=spodnie-motocyklowe-tekstylne-rebelhorn-hiflow-5-black-dluga-nogawka\" \/>\n<meta property=\"og:site_name\" content=\"MOTO-PAWMAR\" \/>\n<meta property=\"article:publisher\" content=\"https:\/\/www.facebook.com\/motopawmar\/?locale=pl_PL\" \/>\n<meta property=\"article:modified_time\" content=\"2026-01-09T12:39:38+00:00\" \/>\n<meta property=\"og:image\" content=\"https:\/\/moto-pawmar.pl\/wp-content\/uploads\/2026\/01\/324284_ZAL804124.jpg\" \/>\n\t<meta property=\"og:image:width\" content=\"800\" \/>\n\t<meta property=\"og:image:height\" content=\"800\" \/>\n\t<meta property=\"og:image:type\" content=\"image\/jpeg\" \/>\n<meta name=\"twitter:card\" content=\"summary_large_image\" \/>\n<meta name=\"twitter:label1\" content=\"Szacowany czas czytania\" \/>\n\t<meta name=\"twitter:data1\" content=\"2 minuty\" \/>\n<script type=\"application\/ld+json\" class=\"yoast-schema-graph\">{\"@context\":\"https:\/\/schema.org\",\"@graph\":[{\"@type\":\"WebPage\",\"@id\":\"https:\/\/moto-pawmar.pl\/?product=spodnie-motocyklowe-tekstylne-rebelhorn-hiflow-5-black-dluga-nogawka\",\"url\":\"https:\/\/moto-pawmar.pl\/?product=spodnie-motocyklowe-tekstylne-rebelhorn-hiflow-5-black-dluga-nogawka\",\"name\":\"Spodnie motocyklowe tekstylne Rebelhorn Hiflow 5 Black (D\u0142uga Nogawka) - MOTO-PAWMAR\",\"isPartOf\":{\"@id\":\"https:\/\/moto-pawmar.pl\/#website\"},\"primaryImageOfPage\":{\"@id\":\"https:\/\/moto-pawmar.pl\/?product=spodnie-motocyklowe-tekstylne-rebelhorn-hiflow-5-black-dluga-nogawka#primaryimage\"},\"image\":{\"@id\":\"https:\/\/moto-pawmar.pl\/?product=spodnie-motocyklowe-tekstylne-rebelhorn-hiflow-5-black-dluga-nogawka#primaryimage\"},\"thumbnailUrl\":\"https:\/\/moto-pawmar.pl\/wp-content\/uploads\/2026\/01\/324284_ZAL804124.jpg\",\"datePublished\":\"2026-01-09T12:38:08+00:00\",\"dateModified\":\"2026-01-09T12:39:38+00:00\",\"breadcrumb\":{\"@id\":\"https:\/\/moto-pawmar.pl\/?product=spodnie-motocyklowe-tekstylne-rebelhorn-hiflow-5-black-dluga-nogawka#breadcrumb\"},\"inLanguage\":\"pl-PL\",\"potentialAction\":[{\"@type\":\"ReadAction\",\"target\":[\"https:\/\/moto-pawmar.pl\/?product=spodnie-motocyklowe-tekstylne-rebelhorn-hiflow-5-black-dluga-nogawka\"]}]},{\"@type\":\"ImageObject\",\"inLanguage\":\"pl-PL\",\"@id\":\"https:\/\/moto-pawmar.pl\/?product=spodnie-motocyklowe-tekstylne-rebelhorn-hiflow-5-black-dluga-nogawka#primaryimage\",\"url\":\"https:\/\/moto-pawmar.pl\/wp-content\/uploads\/2026\/01\/324284_ZAL804124.jpg\",\"contentUrl\":\"https:\/\/moto-pawmar.pl\/wp-content\/uploads\/2026\/01\/324284_ZAL804124.jpg\",\"width\":800,\"height\":800},{\"@type\":\"BreadcrumbList\",\"@id\":\"https:\/\/moto-pawmar.pl\/?product=spodnie-motocyklowe-tekstylne-rebelhorn-hiflow-5-black-dluga-nogawka#breadcrumb\",\"itemListElement\":[{\"@type\":\"ListItem\",\"position\":1,\"name\":\"Strona g\u0142\u00f3wna\",\"item\":\"https:\/\/moto-pawmar.pl\/\"},{\"@type\":\"ListItem\",\"position\":2,\"name\":\"Sklep Internetowy\",\"item\":\"https:\/\/moto-pawmar.pl\/?page_id=367\"},{\"@type\":\"ListItem\",\"position\":3,\"name\":\"Spodnie motocyklowe tekstylne Rebelhorn Hiflow 5 Black (D\u0142uga Nogawka)\"}]},{\"@type\":\"WebSite\",\"@id\":\"https:\/\/moto-pawmar.pl\/#website\",\"url\":\"https:\/\/moto-pawmar.pl\/\",\"name\":\"MOTO-PAWMAR\",\"description\":\"MOTO\u2011PAWMAR \u2013 Tw\u00f3j sklep z cz\u0119\u015bciami i akcesoriami do motocykli, skuter\u00f3w i quad\u00f3w.\",\"publisher\":{\"@id\":\"https:\/\/moto-pawmar.pl\/#organization\"},\"potentialAction\":[{\"@type\":\"SearchAction\",\"target\":{\"@type\":\"EntryPoint\",\"urlTemplate\":\"https:\/\/moto-pawmar.pl\/?s={search_term_string}\"},\"query-input\":{\"@type\":\"PropertyValueSpecification\",\"valueRequired\":true,\"valueName\":\"search_term_string\"}}],\"inLanguage\":\"pl-PL\"},{\"@type\":\"Organization\",\"@id\":\"https:\/\/moto-pawmar.pl\/#organization\",\"name\":\"MOTO-PAWMAR\",\"url\":\"https:\/\/moto-pawmar.pl\/\",\"logo\":{\"@type\":\"ImageObject\",\"inLanguage\":\"pl-PL\",\"@id\":\"https:\/\/moto-pawmar.pl\/#\/schema\/logo\/image\/\",\"url\":\"https:\/\/moto-pawmar.pl\/wp-content\/uploads\/2025\/10\/LOGO-SKLEP.png\",\"contentUrl\":\"https:\/\/moto-pawmar.pl\/wp-content\/uploads\/2025\/10\/LOGO-SKLEP.png\",\"width\":2480,\"height\":2053,\"caption\":\"MOTO-PAWMAR\"},\"image\":{\"@id\":\"https:\/\/moto-pawmar.pl\/#\/schema\/logo\/image\/\"},\"sameAs\":[\"https:\/\/www.facebook.com\/motopawmar\/?locale=pl_PL\"]}]}<\/script>\n<!-- \/ Yoast SEO plugin. -->","yoast_head_json":{"title":"Spodnie motocyklowe tekstylne Rebelhorn Hiflow 5 Black (D\u0142uga Nogawka) - MOTO-PAWMAR","robots":{"index":"index","follow":"follow","max-snippet":"max-snippet:-1","max-image-preview":"max-image-preview:large","max-video-preview":"max-video-preview:-1"},"canonical":"https:\/\/moto-pawmar.pl\/?product=spodnie-motocyklowe-tekstylne-rebelhorn-hiflow-5-black-dluga-nogawka","og_locale":"pl_PL","og_type":"article","og_title":"Spodnie motocyklowe tekstylne Rebelhorn Hiflow 5 Black (D\u0142uga Nogawka) - MOTO-PAWMAR","og_description":"Motocyklowe spodnie tekstylne Rebelhorn Hiflow V\u00a0zosta\u0142y stworzone z my\u015bl\u0105 o miejskiej je\u017adzie oraz kr\u00f3tkich trasach poza miastem. Dzi\u0119ki elastycznym i wytrzyma\u0142ym materia\u0142om, takim jak HyperStretch, Steel mesh i Cordura\u00ae Ripstop, spodnie zapewniaj\u0105 swobod\u0119 ruch\u00f3w i wysok\u0105 trwa\u0142o\u015b\u0107. Zaawansowany system wentylacji oraz membrana HydraShield\u2122 PRO gwarantuj\u0105 komfort w ka\u017cdych warunkach pogodowych. Certyfikacja na poziomie AA potwierdza [&hellip;]","og_url":"https:\/\/moto-pawmar.pl\/?product=spodnie-motocyklowe-tekstylne-rebelhorn-hiflow-5-black-dluga-nogawka","og_site_name":"MOTO-PAWMAR","article_publisher":"https:\/\/www.facebook.com\/motopawmar\/?locale=pl_PL","article_modified_time":"2026-01-09T12:39:38+00:00","og_image":[{"width":800,"height":800,"url":"https:\/\/moto-pawmar.pl\/wp-content\/uploads\/2026\/01\/324284_ZAL804124.jpg","type":"image\/jpeg"}],"twitter_card":"summary_large_image","twitter_misc":{"Szacowany czas czytania":"2 minuty"},"schema":{"@context":"https:\/\/schema.org","@graph":[{"@type":"WebPage","@id":"https:\/\/moto-pawmar.pl\/?product=spodnie-motocyklowe-tekstylne-rebelhorn-hiflow-5-black-dluga-nogawka","url":"https:\/\/moto-pawmar.pl\/?product=spodnie-motocyklowe-tekstylne-rebelhorn-hiflow-5-black-dluga-nogawka","name":"Spodnie motocyklowe tekstylne Rebelhorn Hiflow 5 Black (D\u0142uga Nogawka) - MOTO-PAWMAR","isPartOf":{"@id":"https:\/\/moto-pawmar.pl\/#website"},"primaryImageOfPage":{"@id":"https:\/\/moto-pawmar.pl\/?product=spodnie-motocyklowe-tekstylne-rebelhorn-hiflow-5-black-dluga-nogawka#primaryimage"},"image":{"@id":"https:\/\/moto-pawmar.pl\/?product=spodnie-motocyklowe-tekstylne-rebelhorn-hiflow-5-black-dluga-nogawka#primaryimage"},"thumbnailUrl":"https:\/\/moto-pawmar.pl\/wp-content\/uploads\/2026\/01\/324284_ZAL804124.jpg","datePublished":"2026-01-09T12:38:08+00:00","dateModified":"2026-01-09T12:39:38+00:00","breadcrumb":{"@id":"https:\/\/moto-pawmar.pl\/?product=spodnie-motocyklowe-tekstylne-rebelhorn-hiflow-5-black-dluga-nogawka#breadcrumb"},"inLanguage":"pl-PL","potentialAction":[{"@type":"ReadAction","target":["https:\/\/moto-pawmar.pl\/?product=spodnie-motocyklowe-tekstylne-rebelhorn-hiflow-5-black-dluga-nogawka"]}]},{"@type":"ImageObject","inLanguage":"pl-PL","@id":"https:\/\/moto-pawmar.pl\/?product=spodnie-motocyklowe-tekstylne-rebelhorn-hiflow-5-black-dluga-nogawka#primaryimage","url":"https:\/\/moto-pawmar.pl\/wp-content\/uploads\/2026\/01\/324284_ZAL804124.jpg","contentUrl":"https:\/\/moto-pawmar.pl\/wp-content\/uploads\/2026\/01\/324284_ZAL804124.jpg","width":800,"height":800},{"@type":"BreadcrumbList","@id":"https:\/\/moto-pawmar.pl\/?product=spodnie-motocyklowe-tekstylne-rebelhorn-hiflow-5-black-dluga-nogawka#breadcrumb","itemListElement":[{"@type":"ListItem","position":1,"name":"Strona g\u0142\u00f3wna","item":"https:\/\/moto-pawmar.pl\/"},{"@type":"ListItem","position":2,"name":"Sklep Internetowy","item":"https:\/\/moto-pawmar.pl\/?page_id=367"},{"@type":"ListItem","position":3,"name":"Spodnie motocyklowe tekstylne Rebelhorn Hiflow 5 Black (D\u0142uga Nogawka)"}]},{"@type":"WebSite","@id":"https:\/\/moto-pawmar.pl\/#website","url":"https:\/\/moto-pawmar.pl\/","name":"MOTO-PAWMAR","description":"MOTO\u2011PAWMAR \u2013 Tw\u00f3j sklep z cz\u0119\u015bciami i akcesoriami do motocykli, skuter\u00f3w i quad\u00f3w.","publisher":{"@id":"https:\/\/moto-pawmar.pl\/#organization"},"potentialAction":[{"@type":"SearchAction","target":{"@type":"EntryPoint","urlTemplate":"https:\/\/moto-pawmar.pl\/?s={search_term_string}"},"query-input":{"@type":"PropertyValueSpecification","valueRequired":true,"valueName":"search_term_string"}}],"inLanguage":"pl-PL"},{"@type":"Organization","@id":"https:\/\/moto-pawmar.pl\/#organization","name":"MOTO-PAWMAR","url":"https:\/\/moto-pawmar.pl\/","logo":{"@type":"ImageObject","inLanguage":"pl-PL","@id":"https:\/\/moto-pawmar.pl\/#\/schema\/logo\/image\/","url":"https:\/\/moto-pawmar.pl\/wp-content\/uploads\/2025\/10\/LOGO-SKLEP.png","contentUrl":"https:\/\/moto-pawmar.pl\/wp-content\/uploads\/2025\/10\/LOGO-SKLEP.png","width":2480,"height":2053,"caption":"MOTO-PAWMAR"},"image":{"@id":"https:\/\/moto-pawmar.pl\/#\/schema\/logo\/image\/"},"sameAs":["https:\/\/www.facebook.com\/motopawmar\/?locale=pl_PL"]}]}},"_links":{"self":[{"href":"https:\/\/moto-pawmar.pl\/index.php?rest_route=\/wp\/v2\/product\/7868","targetHints":{"allow":["GET"]}}],"collection":[{"href":"https:\/\/moto-pawmar.pl\/index.php?rest_route=\/wp\/v2\/product"}],"about":[{"href":"https:\/\/moto-pawmar.pl\/index.php?rest_route=\/wp\/v2\/types\/product"}],"wp:featuredmedia":[{"embeddable":true,"href":"https:\/\/moto-pawmar.pl\/index.php?rest_route=\/wp\/v2\/media\/7866"}],"wp:attachment":[{"href":"https:\/\/moto-pawmar.pl\/index.php?rest_route=%2Fwp%2Fv2%2Fmedia&parent=7868"}],"wp:term":[{"taxonomy":"product_brand","embeddable":true,"href":"https:\/\/moto-pawmar.pl\/index.php?rest_route=%2Fwp%2Fv2%2Fproduct_brand&post=7868"},{"taxonomy":"product_cat","embeddable":true,"href":"https:\/\/moto-pawmar.pl\/index.php?rest_route=%2Fwp%2Fv2%2Fproduct_cat&post=7868"},{"taxonomy":"product_tag","embeddable":true,"href":"https:\/\/moto-pawmar.pl\/index.php?rest_route=%2Fwp%2Fv2%2Fproduct_tag&post=7868"}],"curies":[{"name":"wp","href":"https:\/\/api.w.org\/{rel}","templated":true}]}}