{"id":7743,"date":"2026-01-09T11:34:18","date_gmt":"2026-01-09T10:34:18","guid":{"rendered":"https:\/\/moto-pawmar.pl\/?post_type=product&#038;p=7743"},"modified":"2026-01-09T11:36:12","modified_gmt":"2026-01-09T10:36:12","slug":"spodnie-motocyklowe-tekstylne-rebelhorn-hardy-3-0-black-grey","status":"publish","type":"product","link":"https:\/\/moto-pawmar.pl\/?product=spodnie-motocyklowe-tekstylne-rebelhorn-hardy-3-0-black-grey","title":{"rendered":"Spodnie motocyklowe tekstylne Rebelhorn Hardy 3.0 Black Grey"},"content":{"rendered":"<p><strong>Tekstylne spodnie motocyklowe Rebelhorn Hardy 3.0<\/strong>\u00a0to wszechstronny, 3-warstwowy model turystyczny, zaprojektowane z my\u015bl\u0105 o komforcie i ochronie w ka\u017cdych warunkach. Wykonane z wytrzyma\u0142ej Cordury RipStop oraz elastycznego materia\u0142u HyperStretch\u00ae, spodnie zapewniaj\u0105 pe\u0142n\u0105 swobod\u0119 ruch\u00f3w i ergonomi\u0119 podczas jazdy.<\/p>\n<p>Dzi\u0119ki wypinanej membranie\u00a0<strong>HydraShield\u2122 PRO in&amp;out<\/strong>\u00a0oraz ocieplinie, Hardy 3.0 sprawdz\u0105 si\u0119 zar\u00f3wno w deszczowych, jak i ch\u0142odniejszych dniach. Idealnie wsp\u00f3\u0142graj\u0105 z kurtk\u0105 Hardy 3.0, tworz\u0105c kompletny zestaw dla wymagaj\u0105cych motocyklist\u00f3w.<\/p>\n<p>&nbsp;<\/p>\n<p><strong>Przeznaczenie:<\/strong>\u00a0Tour<\/p>\n<p><strong>Dopasowanie:<\/strong>\u00a0Regular<\/p>\n<p><strong>Liczba warstw:<\/strong>\u00a03<\/p>\n<p><strong>Warstwy:<\/strong><\/p>\n<p>Tr\u00f3jwarstwowa konstrukcja zapewnia pe\u0142n\u0105 ochron\u0119 przed warunkami atmosferycznymi oraz komfort termiczny w zmiennych temperaturach.<\/p>\n<ul>\n<li><strong>Warstwa zewn\u0119trzna:<\/strong>\u00a0Cordura\u00ae Ripstop , Cordura\u00ae Fire Resistance , HyperStretch\u00ae &#8211; 100% Poliester, 100% Nylon<\/li>\n<li><strong>Membrana wodoodporna HydraShield\u2122 PRO in&amp;out<\/strong>\u00a0(do noszenia na zewn\u0105trz lub wewn\u0105trz spodni)<\/li>\n<li><strong>Warstwa ocieplaj\u0105ca:<\/strong>\u00a0100% Nylon, 100% Poliester, Izolacja: 100% Poliester<\/li>\n<\/ul>\n<p><strong>Ochraniacze\/Bezpiecze\u0144stwo:<\/strong><\/p>\n<p>Spodnie Hardy 3.0 s\u0105 wyposa\u017cone w ochraniacze Armanox na kolanach i biodrach, oraz zapewniaj\u0105 ochron\u0119 na poziomie CE LEVEL AA. Wewn\u0119trzna cz\u0119\u015b\u0107 nogawki zabezpieczona jest materia\u0142em Cordura\u00ae Fire Resistance, co zwi\u0119ksza trwa\u0142o\u015b\u0107 i bezpiecze\u0144stwo.<\/p>\n<ul>\n<li><strong>Kolana:<\/strong>\u00a0Armanox 302 E\/K LEVEL 2 \u2013 z regulacj\u0105 po\u0142o\u017cenia<\/li>\n<li><strong>Biodra:\u00a0<\/strong>Armanox 501 H LEVEL 2<\/li>\n<li><strong>Kiesze\u0144 na wk\u0142adk\u0119 ko\u015bci ogonowej<\/strong><\/li>\n<li><strong>Wzmocnienia z Cordura\u00ae Fire Resistance<\/strong>\u00a0wewn\u0105trz nogawki<\/li>\n<li><strong>CE LEVEL AA<\/strong><\/li>\n<\/ul>\n<p><strong>Dopasowanie:<\/strong><\/p>\n<p>Dzi\u0119ki kilkustopniowym opcjom regulacji, spodnie mo\u017cna idealnie dopasowa\u0107 do sylwetki oraz zapewni\u0107 wygod\u0119 podczas jazdy.<\/p>\n<ul>\n<li><strong>Regulacja pasa i obwodu nogawek\u00a0<\/strong>(rzepy regulacyjne)<\/li>\n<li><strong>Paski \u015bci\u0105gaj\u0105ce do regulacji pozycji ochraniaczy kolan<\/strong><\/li>\n<\/ul>\n<p><strong>Wentylacja:<\/strong><\/p>\n<p>Rozbudowany system wentylacji sprawia, \u017ce spodnie Hardy 3.0 s\u0105 idealnym rozwi\u0105zaniem tak\u017ce na ciep\u0142e dni. Dodatkowe kana\u0142y wentylacyjne i otwierane panele pozwalaj\u0105 na utrzymanie komfortu termicznego.<\/p>\n<ul>\n<li><strong>2 du\u017ce panele wentylacyjne na udach<\/strong><\/li>\n<li><strong>2 kana\u0142y wentylacyjne z ty\u0142u nogawki<\/strong><\/li>\n<li><strong>2 kana\u0142y wentylacyjne na dole nogawki z mo\u017cliwo\u015bci\u0105 otwarcia klina<\/strong><\/li>\n<li><strong>Kieszenie na udach jako dodatkowe kana\u0142y wentylacyjne<\/strong><\/li>\n<\/ul>\n<p><strong>Komfort + Dodatkowe cechy:<\/strong><\/p>\n<p>Spodnie Hardy 3.0 s\u0105 wyposa\u017cone w nowoczesne technologie, takie jak elastyczna membrana HydraShield\u2122 PRO, kt\u00f3r\u0105 mo\u017cna nosi\u0107 na zewn\u0105trz lub wewn\u0105trz spodni, oraz elastyczny materia\u0142 HyperStretch\u00ae dla lepszej ergonomii.<\/p>\n<ul>\n<li><strong>Membrana HydraShield\u2122 PRO in&amp;out<\/strong>\u00a0(do noszenia na zewn\u0105trz lub wewn\u0105trz spodni) z zamkami na bokach nogawek dla \u0142atwego zak\u0142adania<\/li>\n<li><strong>Wypinana ocieplina<\/strong>, kt\u00f3r\u0105 mo\u017cna wpi\u0105\u0107 r\u00f3wnie\u017c po za\u0142o\u017ceniu membrany na zewn\u0105trz<\/li>\n<li><strong>Zamki \u0142\u0105cz\u0105ce typu 8VST (360\u00b0 i kr\u00f3tki)<\/strong><\/li>\n<li><strong>HyperStretch\u00ae dla zwi\u0119kszenia komfortu i dopasowania<\/strong><\/li>\n<li><strong>Podszewka QuickDry<\/strong><\/li>\n<\/ul>\n<p><strong>Kieszenie:<\/strong><\/p>\n<ul>\n<li>2 otwarte kieszenie<\/li>\n<li>2 pojemne kieszenie zapinane na zamek<\/li>\n<\/ul>\n","protected":false},"excerpt":{"rendered":"<p>Tekstylne spodnie motocyklowe Rebelhorn Hardy 3.0\u00a0to wszechstronny, 3-warstwowy model turystyczny, zaprojektowane z my\u015bl\u0105 o komforcie i ochronie w ka\u017cdych warunkach. Wykonane z wytrzyma\u0142ej Cordury RipStop oraz elastycznego materia\u0142u HyperStretch\u00ae, spodnie zapewniaj\u0105 pe\u0142n\u0105 swobod\u0119 ruch\u00f3w i ergonomi\u0119 podczas jazdy. Dzi\u0119ki wypinanej membranie\u00a0HydraShield\u2122 PRO in&amp;out\u00a0oraz ocieplinie, Hardy 3.0 sprawdz\u0105 si\u0119 zar\u00f3wno w deszczowych, jak i ch\u0142odniejszych dniach. [&hellip;]<\/p>\n","protected":false},"featured_media":7758,"template":"","meta":[],"product_brand":[377],"product_cat":[279,285],"product_tag":[],"class_list":{"0":"post-7743","1":"product","2":"type-product","3":"status-publish","4":"has-post-thumbnail","6":"product_brand-rebelhorn","7":"product_cat-spodnie-meska","8":"product_cat-spodnie-tekstylne-meska","10":"first","11":"instock","12":"taxable","13":"shipping-taxable","14":"purchasable","15":"product-type-variable"},"yoast_head":"<!-- This site is optimized with the Yoast SEO plugin v26.9 - https:\/\/yoast.com\/product\/yoast-seo-wordpress\/ -->\n<title>Spodnie motocyklowe tekstylne Rebelhorn Hardy 3.0 Black Grey - MOTO-PAWMAR<\/title>\n<meta name=\"robots\" content=\"index, follow, max-snippet:-1, max-image-preview:large, max-video-preview:-1\" \/>\n<link rel=\"canonical\" href=\"https:\/\/moto-pawmar.pl\/?product=spodnie-motocyklowe-tekstylne-rebelhorn-hardy-3-0-black-grey\" \/>\n<meta property=\"og:locale\" content=\"pl_PL\" \/>\n<meta property=\"og:type\" content=\"article\" \/>\n<meta property=\"og:title\" content=\"Spodnie motocyklowe tekstylne Rebelhorn Hardy 3.0 Black Grey - MOTO-PAWMAR\" \/>\n<meta property=\"og:description\" content=\"Tekstylne spodnie motocyklowe Rebelhorn Hardy 3.0\u00a0to wszechstronny, 3-warstwowy model turystyczny, zaprojektowane z my\u015bl\u0105 o komforcie i ochronie w ka\u017cdych warunkach. Wykonane z wytrzyma\u0142ej Cordury RipStop oraz elastycznego materia\u0142u HyperStretch\u00ae, spodnie zapewniaj\u0105 pe\u0142n\u0105 swobod\u0119 ruch\u00f3w i ergonomi\u0119 podczas jazdy. Dzi\u0119ki wypinanej membranie\u00a0HydraShield\u2122 PRO in&amp;out\u00a0oraz ocieplinie, Hardy 3.0 sprawdz\u0105 si\u0119 zar\u00f3wno w deszczowych, jak i ch\u0142odniejszych dniach. [&hellip;]\" \/>\n<meta property=\"og:url\" content=\"https:\/\/moto-pawmar.pl\/?product=spodnie-motocyklowe-tekstylne-rebelhorn-hardy-3-0-black-grey\" \/>\n<meta property=\"og:site_name\" content=\"MOTO-PAWMAR\" \/>\n<meta property=\"article:publisher\" content=\"https:\/\/www.facebook.com\/motopawmar\/?locale=pl_PL\" \/>\n<meta property=\"article:modified_time\" content=\"2026-01-09T10:36:12+00:00\" \/>\n<meta property=\"og:image\" content=\"https:\/\/moto-pawmar.pl\/wp-content\/uploads\/2026\/01\/329454_ZAL796730.jpg\" \/>\n\t<meta property=\"og:image:width\" content=\"800\" \/>\n\t<meta property=\"og:image:height\" content=\"800\" \/>\n\t<meta property=\"og:image:type\" content=\"image\/jpeg\" \/>\n<meta name=\"twitter:card\" content=\"summary_large_image\" \/>\n<meta name=\"twitter:label1\" content=\"Szacowany czas czytania\" \/>\n\t<meta name=\"twitter:data1\" content=\"3 minuty\" \/>\n<script type=\"application\/ld+json\" class=\"yoast-schema-graph\">{\"@context\":\"https:\/\/schema.org\",\"@graph\":[{\"@type\":\"WebPage\",\"@id\":\"https:\/\/moto-pawmar.pl\/?product=spodnie-motocyklowe-tekstylne-rebelhorn-hardy-3-0-black-grey\",\"url\":\"https:\/\/moto-pawmar.pl\/?product=spodnie-motocyklowe-tekstylne-rebelhorn-hardy-3-0-black-grey\",\"name\":\"Spodnie motocyklowe tekstylne Rebelhorn Hardy 3.0 Black Grey - MOTO-PAWMAR\",\"isPartOf\":{\"@id\":\"https:\/\/moto-pawmar.pl\/#website\"},\"primaryImageOfPage\":{\"@id\":\"https:\/\/moto-pawmar.pl\/?product=spodnie-motocyklowe-tekstylne-rebelhorn-hardy-3-0-black-grey#primaryimage\"},\"image\":{\"@id\":\"https:\/\/moto-pawmar.pl\/?product=spodnie-motocyklowe-tekstylne-rebelhorn-hardy-3-0-black-grey#primaryimage\"},\"thumbnailUrl\":\"https:\/\/moto-pawmar.pl\/wp-content\/uploads\/2026\/01\/329454_ZAL796730.jpg\",\"datePublished\":\"2026-01-09T10:34:18+00:00\",\"dateModified\":\"2026-01-09T10:36:12+00:00\",\"breadcrumb\":{\"@id\":\"https:\/\/moto-pawmar.pl\/?product=spodnie-motocyklowe-tekstylne-rebelhorn-hardy-3-0-black-grey#breadcrumb\"},\"inLanguage\":\"pl-PL\",\"potentialAction\":[{\"@type\":\"ReadAction\",\"target\":[\"https:\/\/moto-pawmar.pl\/?product=spodnie-motocyklowe-tekstylne-rebelhorn-hardy-3-0-black-grey\"]}]},{\"@type\":\"ImageObject\",\"inLanguage\":\"pl-PL\",\"@id\":\"https:\/\/moto-pawmar.pl\/?product=spodnie-motocyklowe-tekstylne-rebelhorn-hardy-3-0-black-grey#primaryimage\",\"url\":\"https:\/\/moto-pawmar.pl\/wp-content\/uploads\/2026\/01\/329454_ZAL796730.jpg\",\"contentUrl\":\"https:\/\/moto-pawmar.pl\/wp-content\/uploads\/2026\/01\/329454_ZAL796730.jpg\",\"width\":800,\"height\":800},{\"@type\":\"BreadcrumbList\",\"@id\":\"https:\/\/moto-pawmar.pl\/?product=spodnie-motocyklowe-tekstylne-rebelhorn-hardy-3-0-black-grey#breadcrumb\",\"itemListElement\":[{\"@type\":\"ListItem\",\"position\":1,\"name\":\"Strona g\u0142\u00f3wna\",\"item\":\"https:\/\/moto-pawmar.pl\/\"},{\"@type\":\"ListItem\",\"position\":2,\"name\":\"Sklep Internetowy\",\"item\":\"https:\/\/moto-pawmar.pl\/?page_id=367\"},{\"@type\":\"ListItem\",\"position\":3,\"name\":\"Spodnie motocyklowe tekstylne Rebelhorn Hardy 3.0 Black Grey\"}]},{\"@type\":\"WebSite\",\"@id\":\"https:\/\/moto-pawmar.pl\/#website\",\"url\":\"https:\/\/moto-pawmar.pl\/\",\"name\":\"MOTO-PAWMAR\",\"description\":\"MOTO\u2011PAWMAR \u2013 Tw\u00f3j sklep z cz\u0119\u015bciami i akcesoriami do motocykli, skuter\u00f3w i quad\u00f3w.\",\"publisher\":{\"@id\":\"https:\/\/moto-pawmar.pl\/#organization\"},\"potentialAction\":[{\"@type\":\"SearchAction\",\"target\":{\"@type\":\"EntryPoint\",\"urlTemplate\":\"https:\/\/moto-pawmar.pl\/?s={search_term_string}\"},\"query-input\":{\"@type\":\"PropertyValueSpecification\",\"valueRequired\":true,\"valueName\":\"search_term_string\"}}],\"inLanguage\":\"pl-PL\"},{\"@type\":\"Organization\",\"@id\":\"https:\/\/moto-pawmar.pl\/#organization\",\"name\":\"MOTO-PAWMAR\",\"url\":\"https:\/\/moto-pawmar.pl\/\",\"logo\":{\"@type\":\"ImageObject\",\"inLanguage\":\"pl-PL\",\"@id\":\"https:\/\/moto-pawmar.pl\/#\/schema\/logo\/image\/\",\"url\":\"https:\/\/moto-pawmar.pl\/wp-content\/uploads\/2025\/10\/LOGO-SKLEP.png\",\"contentUrl\":\"https:\/\/moto-pawmar.pl\/wp-content\/uploads\/2025\/10\/LOGO-SKLEP.png\",\"width\":2480,\"height\":2053,\"caption\":\"MOTO-PAWMAR\"},\"image\":{\"@id\":\"https:\/\/moto-pawmar.pl\/#\/schema\/logo\/image\/\"},\"sameAs\":[\"https:\/\/www.facebook.com\/motopawmar\/?locale=pl_PL\"]}]}<\/script>\n<!-- \/ Yoast SEO plugin. -->","yoast_head_json":{"title":"Spodnie motocyklowe tekstylne Rebelhorn Hardy 3.0 Black Grey - MOTO-PAWMAR","robots":{"index":"index","follow":"follow","max-snippet":"max-snippet:-1","max-image-preview":"max-image-preview:large","max-video-preview":"max-video-preview:-1"},"canonical":"https:\/\/moto-pawmar.pl\/?product=spodnie-motocyklowe-tekstylne-rebelhorn-hardy-3-0-black-grey","og_locale":"pl_PL","og_type":"article","og_title":"Spodnie motocyklowe tekstylne Rebelhorn Hardy 3.0 Black Grey - MOTO-PAWMAR","og_description":"Tekstylne spodnie motocyklowe Rebelhorn Hardy 3.0\u00a0to wszechstronny, 3-warstwowy model turystyczny, zaprojektowane z my\u015bl\u0105 o komforcie i ochronie w ka\u017cdych warunkach. Wykonane z wytrzyma\u0142ej Cordury RipStop oraz elastycznego materia\u0142u HyperStretch\u00ae, spodnie zapewniaj\u0105 pe\u0142n\u0105 swobod\u0119 ruch\u00f3w i ergonomi\u0119 podczas jazdy. Dzi\u0119ki wypinanej membranie\u00a0HydraShield\u2122 PRO in&amp;out\u00a0oraz ocieplinie, Hardy 3.0 sprawdz\u0105 si\u0119 zar\u00f3wno w deszczowych, jak i ch\u0142odniejszych dniach. [&hellip;]","og_url":"https:\/\/moto-pawmar.pl\/?product=spodnie-motocyklowe-tekstylne-rebelhorn-hardy-3-0-black-grey","og_site_name":"MOTO-PAWMAR","article_publisher":"https:\/\/www.facebook.com\/motopawmar\/?locale=pl_PL","article_modified_time":"2026-01-09T10:36:12+00:00","og_image":[{"width":800,"height":800,"url":"https:\/\/moto-pawmar.pl\/wp-content\/uploads\/2026\/01\/329454_ZAL796730.jpg","type":"image\/jpeg"}],"twitter_card":"summary_large_image","twitter_misc":{"Szacowany czas czytania":"3 minuty"},"schema":{"@context":"https:\/\/schema.org","@graph":[{"@type":"WebPage","@id":"https:\/\/moto-pawmar.pl\/?product=spodnie-motocyklowe-tekstylne-rebelhorn-hardy-3-0-black-grey","url":"https:\/\/moto-pawmar.pl\/?product=spodnie-motocyklowe-tekstylne-rebelhorn-hardy-3-0-black-grey","name":"Spodnie motocyklowe tekstylne Rebelhorn Hardy 3.0 Black Grey - MOTO-PAWMAR","isPartOf":{"@id":"https:\/\/moto-pawmar.pl\/#website"},"primaryImageOfPage":{"@id":"https:\/\/moto-pawmar.pl\/?product=spodnie-motocyklowe-tekstylne-rebelhorn-hardy-3-0-black-grey#primaryimage"},"image":{"@id":"https:\/\/moto-pawmar.pl\/?product=spodnie-motocyklowe-tekstylne-rebelhorn-hardy-3-0-black-grey#primaryimage"},"thumbnailUrl":"https:\/\/moto-pawmar.pl\/wp-content\/uploads\/2026\/01\/329454_ZAL796730.jpg","datePublished":"2026-01-09T10:34:18+00:00","dateModified":"2026-01-09T10:36:12+00:00","breadcrumb":{"@id":"https:\/\/moto-pawmar.pl\/?product=spodnie-motocyklowe-tekstylne-rebelhorn-hardy-3-0-black-grey#breadcrumb"},"inLanguage":"pl-PL","potentialAction":[{"@type":"ReadAction","target":["https:\/\/moto-pawmar.pl\/?product=spodnie-motocyklowe-tekstylne-rebelhorn-hardy-3-0-black-grey"]}]},{"@type":"ImageObject","inLanguage":"pl-PL","@id":"https:\/\/moto-pawmar.pl\/?product=spodnie-motocyklowe-tekstylne-rebelhorn-hardy-3-0-black-grey#primaryimage","url":"https:\/\/moto-pawmar.pl\/wp-content\/uploads\/2026\/01\/329454_ZAL796730.jpg","contentUrl":"https:\/\/moto-pawmar.pl\/wp-content\/uploads\/2026\/01\/329454_ZAL796730.jpg","width":800,"height":800},{"@type":"BreadcrumbList","@id":"https:\/\/moto-pawmar.pl\/?product=spodnie-motocyklowe-tekstylne-rebelhorn-hardy-3-0-black-grey#breadcrumb","itemListElement":[{"@type":"ListItem","position":1,"name":"Strona g\u0142\u00f3wna","item":"https:\/\/moto-pawmar.pl\/"},{"@type":"ListItem","position":2,"name":"Sklep Internetowy","item":"https:\/\/moto-pawmar.pl\/?page_id=367"},{"@type":"ListItem","position":3,"name":"Spodnie motocyklowe tekstylne Rebelhorn Hardy 3.0 Black Grey"}]},{"@type":"WebSite","@id":"https:\/\/moto-pawmar.pl\/#website","url":"https:\/\/moto-pawmar.pl\/","name":"MOTO-PAWMAR","description":"MOTO\u2011PAWMAR \u2013 Tw\u00f3j sklep z cz\u0119\u015bciami i akcesoriami do motocykli, skuter\u00f3w i quad\u00f3w.","publisher":{"@id":"https:\/\/moto-pawmar.pl\/#organization"},"potentialAction":[{"@type":"SearchAction","target":{"@type":"EntryPoint","urlTemplate":"https:\/\/moto-pawmar.pl\/?s={search_term_string}"},"query-input":{"@type":"PropertyValueSpecification","valueRequired":true,"valueName":"search_term_string"}}],"inLanguage":"pl-PL"},{"@type":"Organization","@id":"https:\/\/moto-pawmar.pl\/#organization","name":"MOTO-PAWMAR","url":"https:\/\/moto-pawmar.pl\/","logo":{"@type":"ImageObject","inLanguage":"pl-PL","@id":"https:\/\/moto-pawmar.pl\/#\/schema\/logo\/image\/","url":"https:\/\/moto-pawmar.pl\/wp-content\/uploads\/2025\/10\/LOGO-SKLEP.png","contentUrl":"https:\/\/moto-pawmar.pl\/wp-content\/uploads\/2025\/10\/LOGO-SKLEP.png","width":2480,"height":2053,"caption":"MOTO-PAWMAR"},"image":{"@id":"https:\/\/moto-pawmar.pl\/#\/schema\/logo\/image\/"},"sameAs":["https:\/\/www.facebook.com\/motopawmar\/?locale=pl_PL"]}]}},"_links":{"self":[{"href":"https:\/\/moto-pawmar.pl\/index.php?rest_route=\/wp\/v2\/product\/7743","targetHints":{"allow":["GET"]}}],"collection":[{"href":"https:\/\/moto-pawmar.pl\/index.php?rest_route=\/wp\/v2\/product"}],"about":[{"href":"https:\/\/moto-pawmar.pl\/index.php?rest_route=\/wp\/v2\/types\/product"}],"wp:featuredmedia":[{"embeddable":true,"href":"https:\/\/moto-pawmar.pl\/index.php?rest_route=\/wp\/v2\/media\/7758"}],"wp:attachment":[{"href":"https:\/\/moto-pawmar.pl\/index.php?rest_route=%2Fwp%2Fv2%2Fmedia&parent=7743"}],"wp:term":[{"taxonomy":"product_brand","embeddable":true,"href":"https:\/\/moto-pawmar.pl\/index.php?rest_route=%2Fwp%2Fv2%2Fproduct_brand&post=7743"},{"taxonomy":"product_cat","embeddable":true,"href":"https:\/\/moto-pawmar.pl\/index.php?rest_route=%2Fwp%2Fv2%2Fproduct_cat&post=7743"},{"taxonomy":"product_tag","embeddable":true,"href":"https:\/\/moto-pawmar.pl\/index.php?rest_route=%2Fwp%2Fv2%2Fproduct_tag&post=7743"}],"curies":[{"name":"wp","href":"https:\/\/api.w.org\/{rel}","templated":true}]}}