{"id":7693,"date":"2025-12-18T16:10:43","date_gmt":"2025-12-18T15:10:43","guid":{"rendered":"https:\/\/moto-pawmar.pl\/?post_type=product&#038;p=7693"},"modified":"2025-12-18T16:11:29","modified_gmt":"2025-12-18T15:11:29","slug":"spodnie-motocyklowe-tekstylne-rebelhorn-cubby-5-black-dluga-nogawka","status":"publish","type":"product","link":"https:\/\/moto-pawmar.pl\/?product=spodnie-motocyklowe-tekstylne-rebelhorn-cubby-5-black-dluga-nogawka","title":{"rendered":"Spodnie motocyklowe tekstylne Rebelhorn Cubby 5 Black (D\u0142uga Nogawka)"},"content":{"rendered":"<p><strong>Rebelhorn Cubby V<\/strong>\u00a0to motocyklowe spodnie turystyczne 3-warstwowe, stworzone z my\u015bl\u0105 o motocyklistach, kt\u00f3rzy podr\u00f3\u017cuj\u0105 w r\u00f3\u017cnych warunkach. Dzi\u0119ki nowoczesnej membranie HydraShieldTM Pro oraz innowacyjnym rozwi\u0105zaniom, spodnie zapewniaj\u0105 zar\u00f3wno bezpiecze\u0144stwo, jak i komfort jazdy. Rozbudowany system wentylacji oraz wypinana ocieplina sprawiaj\u0105, \u017ce spodnie te s\u0105 gotowe na ka\u017cd\u0105 przygod\u0119 niezale\u017cnie od pogody.<\/p>\n<p><strong>Przeznaczenie:<\/strong>\u00a0Tour<\/p>\n<p><strong>Dopasowanie:<\/strong>\u00a0Regular<\/p>\n<p><strong>Liczba warstw:<\/strong>\u00a03<\/p>\n<p><strong>Warstwy:<\/strong><\/p>\n<p>Cubby V to spodnie, kt\u00f3re dbaj\u0105 o Twoje bezpiecze\u0144stwo i komfort, \u0142\u0105cz\u0105c trzy kluczowe warstwy:<\/p>\n<ul>\n<li><strong>Warstwa zewn\u0119trzna:<\/strong>\u00a0Wykonane z trzech zaawansowanych materia\u0142\u00f3w &#8211;\u00a0<strong>Poliester 600D, Poliester Ripstop<\/strong>\u00a0oraz innowacyjnego\u00a0<strong>3D Matrix Mesh<\/strong>. Te materia\u0142y gwarantuj\u0105 nie tylko trwa\u0142o\u015b\u0107, ale tak\u017ce ochron\u0119.<\/li>\n<li><strong>Membrana:<\/strong>\u00a0Wyposa\u017cone w wypinan\u0105 membran\u0119\u00a0<strong>HydraShieldTM<\/strong>, kt\u00f3ra zapewnia ochron\u0119 przed deszczem (odporno\u015b\u0107 na wod\u0119 18000 mmH20) oraz zachowuje oddychalno\u015b\u0107 (9000 g\/m2\/24h).<\/li>\n<li><strong>Ocieplina:<\/strong>\u00a0Spodnie posiadaj\u0105 wypinan\u0105 ocieplin\u0119, kt\u00f3ra zapewnia komfort termiczny podczas ch\u0142odniejszych dni.<\/li>\n<\/ul>\n<p><strong>Bezpiecze\u0144stwo:<\/strong><\/p>\n<p>Cubby V stawia na najwy\u017cszy poziom ochrony motocyklisty \u0142\u0105cz\u0105c wysokiej jako\u015bci materia\u0142y z certyfikowanymi ochraniaczami:<\/p>\n<ul>\n<li><strong>Ochraniacze kolan<\/strong>\u00a0CE-Level 2 z mo\u017cliwo\u015bci\u0105 regulacji pozycji<\/li>\n<li><strong>Ochraniacze bioder<\/strong>\u00a0CE-Level 2<\/li>\n<li>Kiesze\u0144 na wk\u0142adk\u0119 ko\u015bci ogonowej<\/li>\n<li>Wzmocnienia stref najbardziej nara\u017conych na przetarcia materia\u0142em\u00a0<strong>Ripstop<\/strong><\/li>\n<li><strong>Wstawki odblaskowe<\/strong>\u00a0w wielu miejscach poprawiaj\u0105ce widoczno\u015b\u0107 motocyklisty po zmroku<\/li>\n<\/ul>\n<p><strong>\u00a0<\/strong><\/p>\n<p><strong>Materia\u0142 Ripstop<\/strong>\u00a0to wytrzyma\u0142a tkanina wzmocniona poprzez dodanie w sta\u0142ych odst\u0119pach dodatkowego, mocniejszego w\u0142\u00f3kna.<\/p>\n<p><strong>Wentylacja:<\/strong><\/p>\n<p>Spodnie Cubby V zapewniaj\u0105 bardzo wydajn\u0105 wentylacj\u0119, co jest niezwykle wa\u017cne podczas d\u0142u\u017cszych tras. Zosta\u0142y tak skonstruowane, aby wszystkie warstwy pracowa\u0142y ze sob\u0105, nie blokuj\u0105c przep\u0142ywu powietrza:<\/p>\n<ul>\n<li><em>Prz\u00f3d:<\/em>\u00a02 du\u017ce, w pe\u0142ni otwierane panele wentylacyjne na udach<\/li>\n<li><em>Nogawki:<\/em>\u00a04 regulowane kana\u0142y wentylacyjne<\/li>\n<\/ul>\n<p><strong>Dopasowanie:<\/strong><\/p>\n<p>Spodnie Cubby V s\u0105 zaprojektowane tak, aby zapewni\u0107 maksymalny komfort noszenia niezale\u017cnie od ilo\u015bci wpi\u0119tych warstw.<\/p>\n<ul>\n<li>Elastyczne wstawki oraz materia\u0142 4-way stretch podnosz\u0105 komfort oraz ergonomi\u0119 u\u017cytkowania<\/li>\n<\/ul>\n<p><strong>Komfort:<\/strong><\/p>\n<p>Cubby V to nie tylko bezpiecze\u0144stwo, ale r\u00f3wnie\u017c wygoda i praktyczne rozwi\u0105zania, kt\u00f3re przydadz\u0105 si\u0119 w ka\u017cdej trasie:<\/p>\n<ul>\n<li><strong>Materia\u0142 typu heat-resistance<\/strong>\u00a0od wewn\u0119trznej strony nogawki, chroni\u0105cy przed przypaleniem spodni o elementy uk\u0142adu wydechowego<\/li>\n<li><em>Zamki:<\/em>\u00a0Spodnie zosta\u0142y wyposa\u017cone w zamki \u0142\u0105cz\u0105ce typu 8VST (360 oraz kr\u00f3tki) z pullerami u\u0142atwiaj\u0105cymi obs\u0142ug\u0119<\/li>\n<li><em>Kieszenie:<\/em>\u00a04 kieszenie zewn\u0119trzne w tym 2 typu cargo<\/li>\n<\/ul>\n<p><strong>Wymiary modela:<\/strong><\/p>\n<ul>\n<li>Wzrost 176 cm<\/li>\n<li>Klatka piersiowa: 106cm<\/li>\n<li>Talia: 87,5<\/li>\n<li>Biodra: 102<\/li>\n<\/ul>\n<p>Model na sobie ma rozmiar M<\/p>\n","protected":false},"excerpt":{"rendered":"<p>Rebelhorn Cubby V\u00a0to motocyklowe spodnie turystyczne 3-warstwowe, stworzone z my\u015bl\u0105 o motocyklistach, kt\u00f3rzy podr\u00f3\u017cuj\u0105 w r\u00f3\u017cnych warunkach. Dzi\u0119ki nowoczesnej membranie HydraShieldTM Pro oraz innowacyjnym rozwi\u0105zaniom, spodnie zapewniaj\u0105 zar\u00f3wno bezpiecze\u0144stwo, jak i komfort jazdy. Rozbudowany system wentylacji oraz wypinana ocieplina sprawiaj\u0105, \u017ce spodnie te s\u0105 gotowe na ka\u017cd\u0105 przygod\u0119 niezale\u017cnie od pogody. Przeznaczenie:\u00a0Tour Dopasowanie:\u00a0Regular Liczba warstw:\u00a03 [&hellip;]<\/p>\n","protected":false},"featured_media":7675,"template":"","meta":[],"product_brand":[377],"product_cat":[279,285],"product_tag":[],"class_list":{"0":"post-7693","1":"product","2":"type-product","3":"status-publish","4":"has-post-thumbnail","6":"product_brand-rebelhorn","7":"product_cat-spodnie-meska","8":"product_cat-spodnie-tekstylne-meska","10":"first","11":"instock","12":"taxable","13":"shipping-taxable","14":"purchasable","15":"product-type-variable"},"yoast_head":"<!-- This site is optimized with the Yoast SEO plugin v26.9 - https:\/\/yoast.com\/product\/yoast-seo-wordpress\/ -->\n<title>Spodnie motocyklowe tekstylne Rebelhorn Cubby 5 Black (D\u0142uga Nogawka) - MOTO-PAWMAR<\/title>\n<meta name=\"robots\" content=\"index, follow, max-snippet:-1, max-image-preview:large, max-video-preview:-1\" \/>\n<link rel=\"canonical\" href=\"https:\/\/moto-pawmar.pl\/?product=spodnie-motocyklowe-tekstylne-rebelhorn-cubby-5-black-dluga-nogawka\" \/>\n<meta property=\"og:locale\" content=\"pl_PL\" \/>\n<meta property=\"og:type\" content=\"article\" \/>\n<meta property=\"og:title\" content=\"Spodnie motocyklowe tekstylne Rebelhorn Cubby 5 Black (D\u0142uga Nogawka) - MOTO-PAWMAR\" \/>\n<meta property=\"og:description\" content=\"Rebelhorn Cubby V\u00a0to motocyklowe spodnie turystyczne 3-warstwowe, stworzone z my\u015bl\u0105 o motocyklistach, kt\u00f3rzy podr\u00f3\u017cuj\u0105 w r\u00f3\u017cnych warunkach. Dzi\u0119ki nowoczesnej membranie HydraShieldTM Pro oraz innowacyjnym rozwi\u0105zaniom, spodnie zapewniaj\u0105 zar\u00f3wno bezpiecze\u0144stwo, jak i komfort jazdy. Rozbudowany system wentylacji oraz wypinana ocieplina sprawiaj\u0105, \u017ce spodnie te s\u0105 gotowe na ka\u017cd\u0105 przygod\u0119 niezale\u017cnie od pogody. Przeznaczenie:\u00a0Tour Dopasowanie:\u00a0Regular Liczba warstw:\u00a03 [&hellip;]\" \/>\n<meta property=\"og:url\" content=\"https:\/\/moto-pawmar.pl\/?product=spodnie-motocyklowe-tekstylne-rebelhorn-cubby-5-black-dluga-nogawka\" \/>\n<meta property=\"og:site_name\" content=\"MOTO-PAWMAR\" \/>\n<meta property=\"article:publisher\" content=\"https:\/\/www.facebook.com\/motopawmar\/?locale=pl_PL\" \/>\n<meta property=\"article:modified_time\" content=\"2025-12-18T15:11:29+00:00\" \/>\n<meta property=\"og:image\" content=\"https:\/\/moto-pawmar.pl\/wp-content\/uploads\/2025\/12\/293816_ZAL701797.jpg\" \/>\n\t<meta property=\"og:image:width\" content=\"800\" \/>\n\t<meta property=\"og:image:height\" content=\"800\" \/>\n\t<meta property=\"og:image:type\" content=\"image\/jpeg\" \/>\n<meta name=\"twitter:card\" content=\"summary_large_image\" \/>\n<meta name=\"twitter:label1\" content=\"Szacowany czas czytania\" \/>\n\t<meta name=\"twitter:data1\" content=\"3 minuty\" \/>\n<script type=\"application\/ld+json\" class=\"yoast-schema-graph\">{\"@context\":\"https:\/\/schema.org\",\"@graph\":[{\"@type\":\"WebPage\",\"@id\":\"https:\/\/moto-pawmar.pl\/?product=spodnie-motocyklowe-tekstylne-rebelhorn-cubby-5-black-dluga-nogawka\",\"url\":\"https:\/\/moto-pawmar.pl\/?product=spodnie-motocyklowe-tekstylne-rebelhorn-cubby-5-black-dluga-nogawka\",\"name\":\"Spodnie motocyklowe tekstylne Rebelhorn Cubby 5 Black (D\u0142uga Nogawka) - MOTO-PAWMAR\",\"isPartOf\":{\"@id\":\"https:\/\/moto-pawmar.pl\/#website\"},\"primaryImageOfPage\":{\"@id\":\"https:\/\/moto-pawmar.pl\/?product=spodnie-motocyklowe-tekstylne-rebelhorn-cubby-5-black-dluga-nogawka#primaryimage\"},\"image\":{\"@id\":\"https:\/\/moto-pawmar.pl\/?product=spodnie-motocyklowe-tekstylne-rebelhorn-cubby-5-black-dluga-nogawka#primaryimage\"},\"thumbnailUrl\":\"https:\/\/moto-pawmar.pl\/wp-content\/uploads\/2025\/12\/293816_ZAL701797.jpg\",\"datePublished\":\"2025-12-18T15:10:43+00:00\",\"dateModified\":\"2025-12-18T15:11:29+00:00\",\"breadcrumb\":{\"@id\":\"https:\/\/moto-pawmar.pl\/?product=spodnie-motocyklowe-tekstylne-rebelhorn-cubby-5-black-dluga-nogawka#breadcrumb\"},\"inLanguage\":\"pl-PL\",\"potentialAction\":[{\"@type\":\"ReadAction\",\"target\":[\"https:\/\/moto-pawmar.pl\/?product=spodnie-motocyklowe-tekstylne-rebelhorn-cubby-5-black-dluga-nogawka\"]}]},{\"@type\":\"ImageObject\",\"inLanguage\":\"pl-PL\",\"@id\":\"https:\/\/moto-pawmar.pl\/?product=spodnie-motocyklowe-tekstylne-rebelhorn-cubby-5-black-dluga-nogawka#primaryimage\",\"url\":\"https:\/\/moto-pawmar.pl\/wp-content\/uploads\/2025\/12\/293816_ZAL701797.jpg\",\"contentUrl\":\"https:\/\/moto-pawmar.pl\/wp-content\/uploads\/2025\/12\/293816_ZAL701797.jpg\",\"width\":800,\"height\":800},{\"@type\":\"BreadcrumbList\",\"@id\":\"https:\/\/moto-pawmar.pl\/?product=spodnie-motocyklowe-tekstylne-rebelhorn-cubby-5-black-dluga-nogawka#breadcrumb\",\"itemListElement\":[{\"@type\":\"ListItem\",\"position\":1,\"name\":\"Strona g\u0142\u00f3wna\",\"item\":\"https:\/\/moto-pawmar.pl\/\"},{\"@type\":\"ListItem\",\"position\":2,\"name\":\"Sklep Internetowy\",\"item\":\"https:\/\/moto-pawmar.pl\/?page_id=367\"},{\"@type\":\"ListItem\",\"position\":3,\"name\":\"Spodnie motocyklowe tekstylne Rebelhorn Cubby 5 Black (D\u0142uga Nogawka)\"}]},{\"@type\":\"WebSite\",\"@id\":\"https:\/\/moto-pawmar.pl\/#website\",\"url\":\"https:\/\/moto-pawmar.pl\/\",\"name\":\"MOTO-PAWMAR\",\"description\":\"MOTO\u2011PAWMAR \u2013 Tw\u00f3j sklep z cz\u0119\u015bciami i akcesoriami do motocykli, skuter\u00f3w i quad\u00f3w.\",\"publisher\":{\"@id\":\"https:\/\/moto-pawmar.pl\/#organization\"},\"potentialAction\":[{\"@type\":\"SearchAction\",\"target\":{\"@type\":\"EntryPoint\",\"urlTemplate\":\"https:\/\/moto-pawmar.pl\/?s={search_term_string}\"},\"query-input\":{\"@type\":\"PropertyValueSpecification\",\"valueRequired\":true,\"valueName\":\"search_term_string\"}}],\"inLanguage\":\"pl-PL\"},{\"@type\":\"Organization\",\"@id\":\"https:\/\/moto-pawmar.pl\/#organization\",\"name\":\"MOTO-PAWMAR\",\"url\":\"https:\/\/moto-pawmar.pl\/\",\"logo\":{\"@type\":\"ImageObject\",\"inLanguage\":\"pl-PL\",\"@id\":\"https:\/\/moto-pawmar.pl\/#\/schema\/logo\/image\/\",\"url\":\"https:\/\/moto-pawmar.pl\/wp-content\/uploads\/2025\/10\/LOGO-SKLEP.png\",\"contentUrl\":\"https:\/\/moto-pawmar.pl\/wp-content\/uploads\/2025\/10\/LOGO-SKLEP.png\",\"width\":2480,\"height\":2053,\"caption\":\"MOTO-PAWMAR\"},\"image\":{\"@id\":\"https:\/\/moto-pawmar.pl\/#\/schema\/logo\/image\/\"},\"sameAs\":[\"https:\/\/www.facebook.com\/motopawmar\/?locale=pl_PL\"]}]}<\/script>\n<!-- \/ Yoast SEO plugin. -->","yoast_head_json":{"title":"Spodnie motocyklowe tekstylne Rebelhorn Cubby 5 Black (D\u0142uga Nogawka) - MOTO-PAWMAR","robots":{"index":"index","follow":"follow","max-snippet":"max-snippet:-1","max-image-preview":"max-image-preview:large","max-video-preview":"max-video-preview:-1"},"canonical":"https:\/\/moto-pawmar.pl\/?product=spodnie-motocyklowe-tekstylne-rebelhorn-cubby-5-black-dluga-nogawka","og_locale":"pl_PL","og_type":"article","og_title":"Spodnie motocyklowe tekstylne Rebelhorn Cubby 5 Black (D\u0142uga Nogawka) - MOTO-PAWMAR","og_description":"Rebelhorn Cubby V\u00a0to motocyklowe spodnie turystyczne 3-warstwowe, stworzone z my\u015bl\u0105 o motocyklistach, kt\u00f3rzy podr\u00f3\u017cuj\u0105 w r\u00f3\u017cnych warunkach. Dzi\u0119ki nowoczesnej membranie HydraShieldTM Pro oraz innowacyjnym rozwi\u0105zaniom, spodnie zapewniaj\u0105 zar\u00f3wno bezpiecze\u0144stwo, jak i komfort jazdy. Rozbudowany system wentylacji oraz wypinana ocieplina sprawiaj\u0105, \u017ce spodnie te s\u0105 gotowe na ka\u017cd\u0105 przygod\u0119 niezale\u017cnie od pogody. Przeznaczenie:\u00a0Tour Dopasowanie:\u00a0Regular Liczba warstw:\u00a03 [&hellip;]","og_url":"https:\/\/moto-pawmar.pl\/?product=spodnie-motocyklowe-tekstylne-rebelhorn-cubby-5-black-dluga-nogawka","og_site_name":"MOTO-PAWMAR","article_publisher":"https:\/\/www.facebook.com\/motopawmar\/?locale=pl_PL","article_modified_time":"2025-12-18T15:11:29+00:00","og_image":[{"width":800,"height":800,"url":"https:\/\/moto-pawmar.pl\/wp-content\/uploads\/2025\/12\/293816_ZAL701797.jpg","type":"image\/jpeg"}],"twitter_card":"summary_large_image","twitter_misc":{"Szacowany czas czytania":"3 minuty"},"schema":{"@context":"https:\/\/schema.org","@graph":[{"@type":"WebPage","@id":"https:\/\/moto-pawmar.pl\/?product=spodnie-motocyklowe-tekstylne-rebelhorn-cubby-5-black-dluga-nogawka","url":"https:\/\/moto-pawmar.pl\/?product=spodnie-motocyklowe-tekstylne-rebelhorn-cubby-5-black-dluga-nogawka","name":"Spodnie motocyklowe tekstylne Rebelhorn Cubby 5 Black (D\u0142uga Nogawka) - MOTO-PAWMAR","isPartOf":{"@id":"https:\/\/moto-pawmar.pl\/#website"},"primaryImageOfPage":{"@id":"https:\/\/moto-pawmar.pl\/?product=spodnie-motocyklowe-tekstylne-rebelhorn-cubby-5-black-dluga-nogawka#primaryimage"},"image":{"@id":"https:\/\/moto-pawmar.pl\/?product=spodnie-motocyklowe-tekstylne-rebelhorn-cubby-5-black-dluga-nogawka#primaryimage"},"thumbnailUrl":"https:\/\/moto-pawmar.pl\/wp-content\/uploads\/2025\/12\/293816_ZAL701797.jpg","datePublished":"2025-12-18T15:10:43+00:00","dateModified":"2025-12-18T15:11:29+00:00","breadcrumb":{"@id":"https:\/\/moto-pawmar.pl\/?product=spodnie-motocyklowe-tekstylne-rebelhorn-cubby-5-black-dluga-nogawka#breadcrumb"},"inLanguage":"pl-PL","potentialAction":[{"@type":"ReadAction","target":["https:\/\/moto-pawmar.pl\/?product=spodnie-motocyklowe-tekstylne-rebelhorn-cubby-5-black-dluga-nogawka"]}]},{"@type":"ImageObject","inLanguage":"pl-PL","@id":"https:\/\/moto-pawmar.pl\/?product=spodnie-motocyklowe-tekstylne-rebelhorn-cubby-5-black-dluga-nogawka#primaryimage","url":"https:\/\/moto-pawmar.pl\/wp-content\/uploads\/2025\/12\/293816_ZAL701797.jpg","contentUrl":"https:\/\/moto-pawmar.pl\/wp-content\/uploads\/2025\/12\/293816_ZAL701797.jpg","width":800,"height":800},{"@type":"BreadcrumbList","@id":"https:\/\/moto-pawmar.pl\/?product=spodnie-motocyklowe-tekstylne-rebelhorn-cubby-5-black-dluga-nogawka#breadcrumb","itemListElement":[{"@type":"ListItem","position":1,"name":"Strona g\u0142\u00f3wna","item":"https:\/\/moto-pawmar.pl\/"},{"@type":"ListItem","position":2,"name":"Sklep Internetowy","item":"https:\/\/moto-pawmar.pl\/?page_id=367"},{"@type":"ListItem","position":3,"name":"Spodnie motocyklowe tekstylne Rebelhorn Cubby 5 Black (D\u0142uga Nogawka)"}]},{"@type":"WebSite","@id":"https:\/\/moto-pawmar.pl\/#website","url":"https:\/\/moto-pawmar.pl\/","name":"MOTO-PAWMAR","description":"MOTO\u2011PAWMAR \u2013 Tw\u00f3j sklep z cz\u0119\u015bciami i akcesoriami do motocykli, skuter\u00f3w i quad\u00f3w.","publisher":{"@id":"https:\/\/moto-pawmar.pl\/#organization"},"potentialAction":[{"@type":"SearchAction","target":{"@type":"EntryPoint","urlTemplate":"https:\/\/moto-pawmar.pl\/?s={search_term_string}"},"query-input":{"@type":"PropertyValueSpecification","valueRequired":true,"valueName":"search_term_string"}}],"inLanguage":"pl-PL"},{"@type":"Organization","@id":"https:\/\/moto-pawmar.pl\/#organization","name":"MOTO-PAWMAR","url":"https:\/\/moto-pawmar.pl\/","logo":{"@type":"ImageObject","inLanguage":"pl-PL","@id":"https:\/\/moto-pawmar.pl\/#\/schema\/logo\/image\/","url":"https:\/\/moto-pawmar.pl\/wp-content\/uploads\/2025\/10\/LOGO-SKLEP.png","contentUrl":"https:\/\/moto-pawmar.pl\/wp-content\/uploads\/2025\/10\/LOGO-SKLEP.png","width":2480,"height":2053,"caption":"MOTO-PAWMAR"},"image":{"@id":"https:\/\/moto-pawmar.pl\/#\/schema\/logo\/image\/"},"sameAs":["https:\/\/www.facebook.com\/motopawmar\/?locale=pl_PL"]}]}},"_links":{"self":[{"href":"https:\/\/moto-pawmar.pl\/index.php?rest_route=\/wp\/v2\/product\/7693","targetHints":{"allow":["GET"]}}],"collection":[{"href":"https:\/\/moto-pawmar.pl\/index.php?rest_route=\/wp\/v2\/product"}],"about":[{"href":"https:\/\/moto-pawmar.pl\/index.php?rest_route=\/wp\/v2\/types\/product"}],"wp:featuredmedia":[{"embeddable":true,"href":"https:\/\/moto-pawmar.pl\/index.php?rest_route=\/wp\/v2\/media\/7675"}],"wp:attachment":[{"href":"https:\/\/moto-pawmar.pl\/index.php?rest_route=%2Fwp%2Fv2%2Fmedia&parent=7693"}],"wp:term":[{"taxonomy":"product_brand","embeddable":true,"href":"https:\/\/moto-pawmar.pl\/index.php?rest_route=%2Fwp%2Fv2%2Fproduct_brand&post=7693"},{"taxonomy":"product_cat","embeddable":true,"href":"https:\/\/moto-pawmar.pl\/index.php?rest_route=%2Fwp%2Fv2%2Fproduct_cat&post=7693"},{"taxonomy":"product_tag","embeddable":true,"href":"https:\/\/moto-pawmar.pl\/index.php?rest_route=%2Fwp%2Fv2%2Fproduct_tag&post=7693"}],"curies":[{"name":"wp","href":"https:\/\/api.w.org\/{rel}","templated":true}]}}