{"id":7650,"date":"2025-12-18T16:05:17","date_gmt":"2025-12-18T15:05:17","guid":{"rendered":"https:\/\/moto-pawmar.pl\/?post_type=product&#038;p=7650"},"modified":"2025-12-18T16:06:28","modified_gmt":"2025-12-18T15:06:28","slug":"spodnie-motocyklowe-tekstylne-rebelhorn-borg-2-black-krotka-nogawka","status":"publish","type":"product","link":"https:\/\/moto-pawmar.pl\/?product=spodnie-motocyklowe-tekstylne-rebelhorn-borg-2-black-krotka-nogawka","title":{"rendered":"Spodnie motocyklowe tekstylne Rebelhorn Borg 2 Black (Kr\u00f3tka Nogawka)"},"content":{"rendered":"<p><strong>Tekstylne spodnie motocyklowe Rebelhorn BORG II\u00a0<\/strong>zosta\u0142y zaprojektowane dla motocyklist\u00f3w ceni\u0105cych komfort i wszechstronno\u015b\u0107. Sprawdz\u0105 si\u0119 zar\u00f3wno podczas jazdy miejskiej, jak i d\u0142u\u017cszych podr\u00f3\u017cy. Dzi\u0119ki 2-warstwowej konstrukcji oraz wypinanej membranie HydraShield\u2122 PRO In&amp;Out, spodnie zapewniaj\u0105 ochron\u0119 przed deszczem i wiatrem, dostosowuj\u0105c si\u0119 do r\u00f3\u017cnych warunk\u00f3w pogodowych.<\/p>\n<p>System szybkiego otwierania wentylacji Fidlock\u00ae umo\u017cliwia wygodne dopasowanie przep\u0142ywu powietrza w trakcie jazdy, a zastosowanie materia\u0142u HyperStretch zwi\u0119ksza komfort u\u017cytkowania. Dodatkowo, wzmocnienia z poliestru Ripstop podnosz\u0105 trwa\u0142o\u015b\u0107 produktu. Spodnie posiadaj\u0105 certyfikacj\u0119 CE LEVEL: AA, gwarantuj\u0105c wysoki poziom ochrony.<\/p>\n<p><strong>Przeznaczenie:<\/strong>\u00a0STREET, TOUR<\/p>\n<p><strong>Dopasowanie:<\/strong>\u00a0Regular<\/p>\n<p><strong>Liczba warstw:<\/strong>\u00a02<\/p>\n<p><strong>Warstwy:<\/strong><\/p>\n<p>Spodnie Rebelhorn BORG II zosta\u0142y wykonane z wytrzyma\u0142ych i elastycznych materia\u0142\u00f3w, zapewniaj\u0105cych komfort oraz odporno\u015b\u0107 na warunki atmosferyczne.<\/p>\n<p>&#8211; Warstwa zewn\u0119trzna: 85% Poliester 4-way stretch, 15% Poliester<\/p>\n<p>&#8211; Podszewka: 100% Poliester<\/p>\n<p>&#8211; Membrana wodoodporna HydraShield\u2122 PRO In&amp;Out : 100% Poliester<\/p>\n<p><strong>Ochraniacze \/ Bezpiecze\u0144stwo:<\/strong><\/p>\n<p>BORG II zapewniaj\u0105 wysoki poziom ochrony dzi\u0119ki certyfikowanym ochraniaczom i dodatkowym elementom zabezpieczaj\u0105cym, dbaj\u0105c o motocyklist\u0119 zar\u00f3wno w mie\u015bcie, jak i na trasie.<\/p>\n<p>&#8211; Kolana: CE Level 2, Armanox 302 E\/K z mo\u017cliwo\u015bci\u0105 pe\u0142nej regulacji w obr\u0119bie kolana<\/p>\n<p>&#8211; Biodra: CE Level 2, Armanox 501 H<\/p>\n<p>&#8211; Kiesze\u0144 na wk\u0142adk\u0119 ko\u015bci ogonowej.<\/p>\n<p>&#8211; Slidery kolan.<\/p>\n<p>&#8211; Certyfikacja CE LEVEL: AA.<\/p>\n<p><strong>Dopasowanie:<\/strong><\/p>\n<p>Dzi\u0119ki przemy\u015blanym systemom regulacji spodnie Rebelhorn BORG II mo\u017cna \u0142atwo dopasowa\u0107 do sylwetki, co zapewnia wygod\u0119 podczas jazdy.<\/p>\n<p>&#8211; Regulacja w pasie<\/p>\n<p>&#8211; Regulacja obwodu nogawki<\/p>\n<p><strong>Wentylacja:<\/strong><\/p>\n<p>Zaawansowany system wentylacji sprawia, \u017ce spodnie Rebelhorn BORG II zapewniaj\u0105 wysoki komfort termiczny nawet w cieplejsze dni.<\/p>\n<p>&#8211; Dwa du\u017ce otwierane panele wentylacyjne na udach z praktycznym I \u0142atwym w obs\u0142udze zapi\u0119ciem Fidlock\u00ae<\/p>\n<p>&#8211; Dwa d\u0142ugie kana\u0142y wentylacyjne z boku nogawki (podw\u00f3jny suwak) z przewiewnym materia\u0142em steel mesh pod zamkiem \u2013 mo\u017cliwo\u015b\u0107 pozostawienia otwartego przewiewnego klina.<\/p>\n<p><strong>Komfort + Dodatkowe cechy:<\/strong><\/p>\n<p>Nowoczesne technologie zastosowane w spodniach Rebelhorn BORG II zwi\u0119kszaj\u0105 wygod\u0119 u\u017cytkowania oraz poprawiaj\u0105 ergonomi\u0119 podczas jazdy.<\/p>\n<p>&#8211; Wypinana membrana Hydrashield PRO In&amp;Out, zapewniaj\u0105ca ochron\u0119 przed deszczem \u2013 do noszenia pod lub na spodniach.<\/p>\n<p>&#8211; Zamki \u0142\u0105cz\u0105ce typu 8VST (360\u00b0 oraz kr\u00f3tki).<\/p>\n<p>&#8211; Fidlock\u00ae umo\u017cliwiaj\u0105cy szybkie otwarcie paneli wentylacyjnych w trakcie jazdy.<\/p>\n<p>&#8211; Materia\u0142 HyperStretch, poprawiaj\u0105cy ergonomi\u0119 i swobod\u0119 ruch\u00f3w.<\/p>\n<p>&#8211; Wzmocniony poliester Ripstop w newralgicznych miejscach.<\/p>\n<p>&#8211; Dwie kieszenie<\/p>\n","protected":false},"excerpt":{"rendered":"<p>Tekstylne spodnie motocyklowe Rebelhorn BORG II\u00a0zosta\u0142y zaprojektowane dla motocyklist\u00f3w ceni\u0105cych komfort i wszechstronno\u015b\u0107. Sprawdz\u0105 si\u0119 zar\u00f3wno podczas jazdy miejskiej, jak i d\u0142u\u017cszych podr\u00f3\u017cy. Dzi\u0119ki 2-warstwowej konstrukcji oraz wypinanej membranie HydraShield\u2122 PRO In&amp;Out, spodnie zapewniaj\u0105 ochron\u0119 przed deszczem i wiatrem, dostosowuj\u0105c si\u0119 do r\u00f3\u017cnych warunk\u00f3w pogodowych. System szybkiego otwierania wentylacji Fidlock\u00ae umo\u017cliwia wygodne dopasowanie przep\u0142ywu powietrza [&hellip;]<\/p>\n","protected":false},"featured_media":7615,"template":"","meta":[],"product_brand":[377],"product_cat":[279,285],"product_tag":[],"class_list":{"0":"post-7650","1":"product","2":"type-product","3":"status-publish","4":"has-post-thumbnail","6":"product_brand-rebelhorn","7":"product_cat-spodnie-meska","8":"product_cat-spodnie-tekstylne-meska","10":"first","11":"instock","12":"taxable","13":"shipping-taxable","14":"purchasable","15":"product-type-variable"},"yoast_head":"<!-- This site is optimized with the Yoast SEO plugin v26.9 - https:\/\/yoast.com\/product\/yoast-seo-wordpress\/ -->\n<title>Spodnie motocyklowe tekstylne Rebelhorn Borg 2 Black (Kr\u00f3tka Nogawka) - MOTO-PAWMAR<\/title>\n<meta name=\"robots\" content=\"index, follow, max-snippet:-1, max-image-preview:large, max-video-preview:-1\" \/>\n<link rel=\"canonical\" href=\"https:\/\/moto-pawmar.pl\/?product=spodnie-motocyklowe-tekstylne-rebelhorn-borg-2-black-krotka-nogawka\" \/>\n<meta property=\"og:locale\" content=\"pl_PL\" \/>\n<meta property=\"og:type\" content=\"article\" \/>\n<meta property=\"og:title\" content=\"Spodnie motocyklowe tekstylne Rebelhorn Borg 2 Black (Kr\u00f3tka Nogawka) - MOTO-PAWMAR\" \/>\n<meta property=\"og:description\" content=\"Tekstylne spodnie motocyklowe Rebelhorn BORG II\u00a0zosta\u0142y zaprojektowane dla motocyklist\u00f3w ceni\u0105cych komfort i wszechstronno\u015b\u0107. Sprawdz\u0105 si\u0119 zar\u00f3wno podczas jazdy miejskiej, jak i d\u0142u\u017cszych podr\u00f3\u017cy. Dzi\u0119ki 2-warstwowej konstrukcji oraz wypinanej membranie HydraShield\u2122 PRO In&amp;Out, spodnie zapewniaj\u0105 ochron\u0119 przed deszczem i wiatrem, dostosowuj\u0105c si\u0119 do r\u00f3\u017cnych warunk\u00f3w pogodowych. System szybkiego otwierania wentylacji Fidlock\u00ae umo\u017cliwia wygodne dopasowanie przep\u0142ywu powietrza [&hellip;]\" \/>\n<meta property=\"og:url\" content=\"https:\/\/moto-pawmar.pl\/?product=spodnie-motocyklowe-tekstylne-rebelhorn-borg-2-black-krotka-nogawka\" \/>\n<meta property=\"og:site_name\" content=\"MOTO-PAWMAR\" \/>\n<meta property=\"article:publisher\" content=\"https:\/\/www.facebook.com\/motopawmar\/?locale=pl_PL\" \/>\n<meta property=\"article:modified_time\" content=\"2025-12-18T15:06:28+00:00\" \/>\n<meta property=\"og:image\" content=\"https:\/\/moto-pawmar.pl\/wp-content\/uploads\/2025\/12\/324236_ZAL814752.jpg\" \/>\n\t<meta property=\"og:image:width\" content=\"800\" \/>\n\t<meta property=\"og:image:height\" content=\"800\" \/>\n\t<meta property=\"og:image:type\" content=\"image\/jpeg\" \/>\n<meta name=\"twitter:card\" content=\"summary_large_image\" \/>\n<meta name=\"twitter:label1\" content=\"Szacowany czas czytania\" \/>\n\t<meta name=\"twitter:data1\" content=\"3 minuty\" \/>\n<script type=\"application\/ld+json\" class=\"yoast-schema-graph\">{\"@context\":\"https:\/\/schema.org\",\"@graph\":[{\"@type\":\"WebPage\",\"@id\":\"https:\/\/moto-pawmar.pl\/?product=spodnie-motocyklowe-tekstylne-rebelhorn-borg-2-black-krotka-nogawka\",\"url\":\"https:\/\/moto-pawmar.pl\/?product=spodnie-motocyklowe-tekstylne-rebelhorn-borg-2-black-krotka-nogawka\",\"name\":\"Spodnie motocyklowe tekstylne Rebelhorn Borg 2 Black (Kr\u00f3tka Nogawka) - MOTO-PAWMAR\",\"isPartOf\":{\"@id\":\"https:\/\/moto-pawmar.pl\/#website\"},\"primaryImageOfPage\":{\"@id\":\"https:\/\/moto-pawmar.pl\/?product=spodnie-motocyklowe-tekstylne-rebelhorn-borg-2-black-krotka-nogawka#primaryimage\"},\"image\":{\"@id\":\"https:\/\/moto-pawmar.pl\/?product=spodnie-motocyklowe-tekstylne-rebelhorn-borg-2-black-krotka-nogawka#primaryimage\"},\"thumbnailUrl\":\"https:\/\/moto-pawmar.pl\/wp-content\/uploads\/2025\/12\/324236_ZAL814752.jpg\",\"datePublished\":\"2025-12-18T15:05:17+00:00\",\"dateModified\":\"2025-12-18T15:06:28+00:00\",\"breadcrumb\":{\"@id\":\"https:\/\/moto-pawmar.pl\/?product=spodnie-motocyklowe-tekstylne-rebelhorn-borg-2-black-krotka-nogawka#breadcrumb\"},\"inLanguage\":\"pl-PL\",\"potentialAction\":[{\"@type\":\"ReadAction\",\"target\":[\"https:\/\/moto-pawmar.pl\/?product=spodnie-motocyklowe-tekstylne-rebelhorn-borg-2-black-krotka-nogawka\"]}]},{\"@type\":\"ImageObject\",\"inLanguage\":\"pl-PL\",\"@id\":\"https:\/\/moto-pawmar.pl\/?product=spodnie-motocyklowe-tekstylne-rebelhorn-borg-2-black-krotka-nogawka#primaryimage\",\"url\":\"https:\/\/moto-pawmar.pl\/wp-content\/uploads\/2025\/12\/324236_ZAL814752.jpg\",\"contentUrl\":\"https:\/\/moto-pawmar.pl\/wp-content\/uploads\/2025\/12\/324236_ZAL814752.jpg\",\"width\":800,\"height\":800},{\"@type\":\"BreadcrumbList\",\"@id\":\"https:\/\/moto-pawmar.pl\/?product=spodnie-motocyklowe-tekstylne-rebelhorn-borg-2-black-krotka-nogawka#breadcrumb\",\"itemListElement\":[{\"@type\":\"ListItem\",\"position\":1,\"name\":\"Strona g\u0142\u00f3wna\",\"item\":\"https:\/\/moto-pawmar.pl\/\"},{\"@type\":\"ListItem\",\"position\":2,\"name\":\"Sklep Internetowy\",\"item\":\"https:\/\/moto-pawmar.pl\/?page_id=367\"},{\"@type\":\"ListItem\",\"position\":3,\"name\":\"Spodnie motocyklowe tekstylne Rebelhorn Borg 2 Black (Kr\u00f3tka Nogawka)\"}]},{\"@type\":\"WebSite\",\"@id\":\"https:\/\/moto-pawmar.pl\/#website\",\"url\":\"https:\/\/moto-pawmar.pl\/\",\"name\":\"MOTO-PAWMAR\",\"description\":\"MOTO\u2011PAWMAR \u2013 Tw\u00f3j sklep z cz\u0119\u015bciami i akcesoriami do motocykli, skuter\u00f3w i quad\u00f3w.\",\"publisher\":{\"@id\":\"https:\/\/moto-pawmar.pl\/#organization\"},\"potentialAction\":[{\"@type\":\"SearchAction\",\"target\":{\"@type\":\"EntryPoint\",\"urlTemplate\":\"https:\/\/moto-pawmar.pl\/?s={search_term_string}\"},\"query-input\":{\"@type\":\"PropertyValueSpecification\",\"valueRequired\":true,\"valueName\":\"search_term_string\"}}],\"inLanguage\":\"pl-PL\"},{\"@type\":\"Organization\",\"@id\":\"https:\/\/moto-pawmar.pl\/#organization\",\"name\":\"MOTO-PAWMAR\",\"url\":\"https:\/\/moto-pawmar.pl\/\",\"logo\":{\"@type\":\"ImageObject\",\"inLanguage\":\"pl-PL\",\"@id\":\"https:\/\/moto-pawmar.pl\/#\/schema\/logo\/image\/\",\"url\":\"https:\/\/moto-pawmar.pl\/wp-content\/uploads\/2025\/10\/LOGO-SKLEP.png\",\"contentUrl\":\"https:\/\/moto-pawmar.pl\/wp-content\/uploads\/2025\/10\/LOGO-SKLEP.png\",\"width\":2480,\"height\":2053,\"caption\":\"MOTO-PAWMAR\"},\"image\":{\"@id\":\"https:\/\/moto-pawmar.pl\/#\/schema\/logo\/image\/\"},\"sameAs\":[\"https:\/\/www.facebook.com\/motopawmar\/?locale=pl_PL\"]}]}<\/script>\n<!-- \/ Yoast SEO plugin. -->","yoast_head_json":{"title":"Spodnie motocyklowe tekstylne Rebelhorn Borg 2 Black (Kr\u00f3tka Nogawka) - MOTO-PAWMAR","robots":{"index":"index","follow":"follow","max-snippet":"max-snippet:-1","max-image-preview":"max-image-preview:large","max-video-preview":"max-video-preview:-1"},"canonical":"https:\/\/moto-pawmar.pl\/?product=spodnie-motocyklowe-tekstylne-rebelhorn-borg-2-black-krotka-nogawka","og_locale":"pl_PL","og_type":"article","og_title":"Spodnie motocyklowe tekstylne Rebelhorn Borg 2 Black (Kr\u00f3tka Nogawka) - MOTO-PAWMAR","og_description":"Tekstylne spodnie motocyklowe Rebelhorn BORG II\u00a0zosta\u0142y zaprojektowane dla motocyklist\u00f3w ceni\u0105cych komfort i wszechstronno\u015b\u0107. Sprawdz\u0105 si\u0119 zar\u00f3wno podczas jazdy miejskiej, jak i d\u0142u\u017cszych podr\u00f3\u017cy. Dzi\u0119ki 2-warstwowej konstrukcji oraz wypinanej membranie HydraShield\u2122 PRO In&amp;Out, spodnie zapewniaj\u0105 ochron\u0119 przed deszczem i wiatrem, dostosowuj\u0105c si\u0119 do r\u00f3\u017cnych warunk\u00f3w pogodowych. System szybkiego otwierania wentylacji Fidlock\u00ae umo\u017cliwia wygodne dopasowanie przep\u0142ywu powietrza [&hellip;]","og_url":"https:\/\/moto-pawmar.pl\/?product=spodnie-motocyklowe-tekstylne-rebelhorn-borg-2-black-krotka-nogawka","og_site_name":"MOTO-PAWMAR","article_publisher":"https:\/\/www.facebook.com\/motopawmar\/?locale=pl_PL","article_modified_time":"2025-12-18T15:06:28+00:00","og_image":[{"width":800,"height":800,"url":"https:\/\/moto-pawmar.pl\/wp-content\/uploads\/2025\/12\/324236_ZAL814752.jpg","type":"image\/jpeg"}],"twitter_card":"summary_large_image","twitter_misc":{"Szacowany czas czytania":"3 minuty"},"schema":{"@context":"https:\/\/schema.org","@graph":[{"@type":"WebPage","@id":"https:\/\/moto-pawmar.pl\/?product=spodnie-motocyklowe-tekstylne-rebelhorn-borg-2-black-krotka-nogawka","url":"https:\/\/moto-pawmar.pl\/?product=spodnie-motocyklowe-tekstylne-rebelhorn-borg-2-black-krotka-nogawka","name":"Spodnie motocyklowe tekstylne Rebelhorn Borg 2 Black (Kr\u00f3tka Nogawka) - MOTO-PAWMAR","isPartOf":{"@id":"https:\/\/moto-pawmar.pl\/#website"},"primaryImageOfPage":{"@id":"https:\/\/moto-pawmar.pl\/?product=spodnie-motocyklowe-tekstylne-rebelhorn-borg-2-black-krotka-nogawka#primaryimage"},"image":{"@id":"https:\/\/moto-pawmar.pl\/?product=spodnie-motocyklowe-tekstylne-rebelhorn-borg-2-black-krotka-nogawka#primaryimage"},"thumbnailUrl":"https:\/\/moto-pawmar.pl\/wp-content\/uploads\/2025\/12\/324236_ZAL814752.jpg","datePublished":"2025-12-18T15:05:17+00:00","dateModified":"2025-12-18T15:06:28+00:00","breadcrumb":{"@id":"https:\/\/moto-pawmar.pl\/?product=spodnie-motocyklowe-tekstylne-rebelhorn-borg-2-black-krotka-nogawka#breadcrumb"},"inLanguage":"pl-PL","potentialAction":[{"@type":"ReadAction","target":["https:\/\/moto-pawmar.pl\/?product=spodnie-motocyklowe-tekstylne-rebelhorn-borg-2-black-krotka-nogawka"]}]},{"@type":"ImageObject","inLanguage":"pl-PL","@id":"https:\/\/moto-pawmar.pl\/?product=spodnie-motocyklowe-tekstylne-rebelhorn-borg-2-black-krotka-nogawka#primaryimage","url":"https:\/\/moto-pawmar.pl\/wp-content\/uploads\/2025\/12\/324236_ZAL814752.jpg","contentUrl":"https:\/\/moto-pawmar.pl\/wp-content\/uploads\/2025\/12\/324236_ZAL814752.jpg","width":800,"height":800},{"@type":"BreadcrumbList","@id":"https:\/\/moto-pawmar.pl\/?product=spodnie-motocyklowe-tekstylne-rebelhorn-borg-2-black-krotka-nogawka#breadcrumb","itemListElement":[{"@type":"ListItem","position":1,"name":"Strona g\u0142\u00f3wna","item":"https:\/\/moto-pawmar.pl\/"},{"@type":"ListItem","position":2,"name":"Sklep Internetowy","item":"https:\/\/moto-pawmar.pl\/?page_id=367"},{"@type":"ListItem","position":3,"name":"Spodnie motocyklowe tekstylne Rebelhorn Borg 2 Black (Kr\u00f3tka Nogawka)"}]},{"@type":"WebSite","@id":"https:\/\/moto-pawmar.pl\/#website","url":"https:\/\/moto-pawmar.pl\/","name":"MOTO-PAWMAR","description":"MOTO\u2011PAWMAR \u2013 Tw\u00f3j sklep z cz\u0119\u015bciami i akcesoriami do motocykli, skuter\u00f3w i quad\u00f3w.","publisher":{"@id":"https:\/\/moto-pawmar.pl\/#organization"},"potentialAction":[{"@type":"SearchAction","target":{"@type":"EntryPoint","urlTemplate":"https:\/\/moto-pawmar.pl\/?s={search_term_string}"},"query-input":{"@type":"PropertyValueSpecification","valueRequired":true,"valueName":"search_term_string"}}],"inLanguage":"pl-PL"},{"@type":"Organization","@id":"https:\/\/moto-pawmar.pl\/#organization","name":"MOTO-PAWMAR","url":"https:\/\/moto-pawmar.pl\/","logo":{"@type":"ImageObject","inLanguage":"pl-PL","@id":"https:\/\/moto-pawmar.pl\/#\/schema\/logo\/image\/","url":"https:\/\/moto-pawmar.pl\/wp-content\/uploads\/2025\/10\/LOGO-SKLEP.png","contentUrl":"https:\/\/moto-pawmar.pl\/wp-content\/uploads\/2025\/10\/LOGO-SKLEP.png","width":2480,"height":2053,"caption":"MOTO-PAWMAR"},"image":{"@id":"https:\/\/moto-pawmar.pl\/#\/schema\/logo\/image\/"},"sameAs":["https:\/\/www.facebook.com\/motopawmar\/?locale=pl_PL"]}]}},"_links":{"self":[{"href":"https:\/\/moto-pawmar.pl\/index.php?rest_route=\/wp\/v2\/product\/7650","targetHints":{"allow":["GET"]}}],"collection":[{"href":"https:\/\/moto-pawmar.pl\/index.php?rest_route=\/wp\/v2\/product"}],"about":[{"href":"https:\/\/moto-pawmar.pl\/index.php?rest_route=\/wp\/v2\/types\/product"}],"wp:featuredmedia":[{"embeddable":true,"href":"https:\/\/moto-pawmar.pl\/index.php?rest_route=\/wp\/v2\/media\/7615"}],"wp:attachment":[{"href":"https:\/\/moto-pawmar.pl\/index.php?rest_route=%2Fwp%2Fv2%2Fmedia&parent=7650"}],"wp:term":[{"taxonomy":"product_brand","embeddable":true,"href":"https:\/\/moto-pawmar.pl\/index.php?rest_route=%2Fwp%2Fv2%2Fproduct_brand&post=7650"},{"taxonomy":"product_cat","embeddable":true,"href":"https:\/\/moto-pawmar.pl\/index.php?rest_route=%2Fwp%2Fv2%2Fproduct_cat&post=7650"},{"taxonomy":"product_tag","embeddable":true,"href":"https:\/\/moto-pawmar.pl\/index.php?rest_route=%2Fwp%2Fv2%2Fproduct_tag&post=7650"}],"curies":[{"name":"wp","href":"https:\/\/api.w.org\/{rel}","templated":true}]}}