{"id":7588,"date":"2025-12-18T14:00:31","date_gmt":"2025-12-18T13:00:31","guid":{"rendered":"https:\/\/moto-pawmar.pl\/?post_type=product&#038;p=7588"},"modified":"2025-12-18T14:01:20","modified_gmt":"2025-12-18T13:01:20","slug":"spodnie-motocyklowe-skorzane-rebelhorn-veloce-black-white","status":"publish","type":"product","link":"https:\/\/moto-pawmar.pl\/?product=spodnie-motocyklowe-skorzane-rebelhorn-veloce-black-white","title":{"rendered":"Spodnie motocyklowe sk\u00f3rzane Rebelhorn Veloce Black White"},"content":{"rendered":"<p><strong>Motocyklowe spodnie sk\u00f3rzane Rebelhorn Veloce\u00a0<\/strong>o przeznaczeniu sportowo-turystycznym maj\u0105 otwierane kana\u0142y wentylacyjne i wstawki z 4-way stretch. S\u0105 dobrym wyborem\u00a0<strong>dla os\u00f3b preferuj\u0105cych odzie\u017c sk\u00f3rzan\u0105 w turystyce<\/strong>. Spodnie maj\u0105\u00a0<strong>rzepy do zamontowania slider\u00f3w kolan<\/strong>. D\u0142ugi zamek na nogawce u\u0142atwia zak\u0142adanie spodni. Po po\u0142\u0105czeniu z kurtk\u0105 z tej samej linii tworz\u0105 kombinezon motocyklowy.<\/p>\n<p><strong>Przeznaczenie:<\/strong>\u00a0Sport-Turystyka<\/p>\n<p><strong>Dopasowanie:<\/strong>\u00a0Regular<\/p>\n<p><strong>Liczba warstw:<\/strong>\u00a01<\/p>\n<p><strong>WARSTWY:<\/strong><\/p>\n<ul>\n<li>warstwa zewn\u0119trzna:\u00a0<strong>wytrzyma\u0142a sk\u00f3ra bydl\u0119ca\u00a0<\/strong>i\u00a0<strong>4-way nylon stretch<\/strong><\/li>\n<\/ul>\n<p><strong>BEZPIECZE\u0143STWO:<\/strong><\/p>\n<ul>\n<li>ochraniacze kolan i bioder level 2<\/li>\n<li>kiesze\u0144 na wk\u0142adk\u0119 na ko\u015bci ogonowej<\/li>\n<li>mo\u017cliwo\u015b\u0107 zamontowania slider\u00f3w kolan<\/li>\n<li>elementy odblaskowe Reflective<\/li>\n<li>produkt uszyty zgodnie ze standardami CE<\/li>\n<\/ul>\n<p><strong>DOPASOWANIE<\/strong><\/p>\n<ul>\n<li><strong>4-way nylon stretch<\/strong>\u00a0wszyty w odpowiednich miejscach zapewnia\u00a0<strong>dobre dopasowanie<\/strong><\/li>\n<\/ul>\n<p><strong>WENTYLACJA:<\/strong><\/p>\n<p>Wentylacj\u0119 zapewniaj\u0105 zar\u00f3wno\u00a0<strong>perforacje<\/strong>, jak i<strong>\u00a0kana\u0142y wentylacyjne<\/strong>, dzi\u0119ki czemu komplet nadaje si\u0119 dla os\u00f3b preferuj\u0105cych sportow\u0105 turystyk\u0119.<\/p>\n<ul>\n<li>2 kana\u0142y wentylacyjne na udach<\/li>\n<li>perforowana sk\u00f3ra<\/li>\n<\/ul>\n<p><strong>DODATKOWE CECHY:<\/strong><\/p>\n<p>Spodnie tworz\u0105\u00a0<strong>komplet z kurtk\u0105 Veloce<\/strong>\u00a0i mog\u0105 by\u0107 z ni\u0105 po\u0142\u0105czone przy pomocy d\u0142ugiego zamka \u0142\u0105cz\u0105cego.<\/p>\n<ul>\n<li>zamek \u0142\u0105cz\u0105cy360\u00b0<\/li>\n<li>elastyczne wstawki z materia\u0142u 4-way stretch w kroczu i z ty\u0142u na \u0142ydkach<\/li>\n<li>d\u0142ugi zamek na \u0142ydce u\u0142atwiaj\u0105cy zak\u0142adanie spodni<\/li>\n<li>mi\u0119kkie wyko\u0144czenie do\u0142u nogawki<\/li>\n<li>panele harmonijkowe na l\u0119d\u017awiach i nad kolanami<\/li>\n<\/ul>\n","protected":false},"excerpt":{"rendered":"<p>Motocyklowe spodnie sk\u00f3rzane Rebelhorn Veloce\u00a0o przeznaczeniu sportowo-turystycznym maj\u0105 otwierane kana\u0142y wentylacyjne i wstawki z 4-way stretch. S\u0105 dobrym wyborem\u00a0dla os\u00f3b preferuj\u0105cych odzie\u017c sk\u00f3rzan\u0105 w turystyce. Spodnie maj\u0105\u00a0rzepy do zamontowania slider\u00f3w kolan. D\u0142ugi zamek na nogawce u\u0142atwia zak\u0142adanie spodni. Po po\u0142\u0105czeniu z kurtk\u0105 z tej samej linii tworz\u0105 kombinezon motocyklowy. Przeznaczenie:\u00a0Sport-Turystyka Dopasowanie:\u00a0Regular Liczba warstw:\u00a01 WARSTWY: warstwa [&hellip;]<\/p>\n","protected":false},"featured_media":7598,"template":"","meta":[],"product_brand":[377],"product_cat":[289,280],"product_tag":[],"class_list":{"0":"post-7588","1":"product","2":"type-product","3":"status-publish","4":"has-post-thumbnail","6":"product_brand-rebelhorn","7":"product_cat-kombinezony-2cz-meska","8":"product_cat-kombinezony-meska","9":"pa_rozmiar-kombinezony-329","10":"pa_rozmiar-kombinezony-330","11":"pa_rozmiar-kombinezony-331","12":"pa_rozmiar-kombinezony-332","13":"pa_rozmiar-kombinezony-333","14":"pa_rozmiar-kombinezony-334","15":"pa_rozmiar-kombinezony-335","16":"pa_rozmiar-kombinezony-336","17":"pa_rozmiar-kombinezony-384","19":"first","20":"instock","21":"taxable","22":"shipping-taxable","23":"purchasable","24":"product-type-variable"},"yoast_head":"<!-- This site is optimized with the Yoast SEO plugin v26.9 - https:\/\/yoast.com\/product\/yoast-seo-wordpress\/ -->\n<title>Spodnie motocyklowe sk\u00f3rzane Rebelhorn Veloce Black White - MOTO-PAWMAR<\/title>\n<meta name=\"robots\" content=\"index, follow, max-snippet:-1, max-image-preview:large, max-video-preview:-1\" \/>\n<link rel=\"canonical\" href=\"https:\/\/moto-pawmar.pl\/?product=spodnie-motocyklowe-skorzane-rebelhorn-veloce-black-white\" \/>\n<meta property=\"og:locale\" content=\"pl_PL\" \/>\n<meta property=\"og:type\" content=\"article\" \/>\n<meta property=\"og:title\" content=\"Spodnie motocyklowe sk\u00f3rzane Rebelhorn Veloce Black White - MOTO-PAWMAR\" \/>\n<meta property=\"og:description\" content=\"Motocyklowe spodnie sk\u00f3rzane Rebelhorn Veloce\u00a0o przeznaczeniu sportowo-turystycznym maj\u0105 otwierane kana\u0142y wentylacyjne i wstawki z 4-way stretch. S\u0105 dobrym wyborem\u00a0dla os\u00f3b preferuj\u0105cych odzie\u017c sk\u00f3rzan\u0105 w turystyce. Spodnie maj\u0105\u00a0rzepy do zamontowania slider\u00f3w kolan. D\u0142ugi zamek na nogawce u\u0142atwia zak\u0142adanie spodni. Po po\u0142\u0105czeniu z kurtk\u0105 z tej samej linii tworz\u0105 kombinezon motocyklowy. Przeznaczenie:\u00a0Sport-Turystyka Dopasowanie:\u00a0Regular Liczba warstw:\u00a01 WARSTWY: warstwa [&hellip;]\" \/>\n<meta property=\"og:url\" content=\"https:\/\/moto-pawmar.pl\/?product=spodnie-motocyklowe-skorzane-rebelhorn-veloce-black-white\" \/>\n<meta property=\"og:site_name\" content=\"MOTO-PAWMAR\" \/>\n<meta property=\"article:publisher\" content=\"https:\/\/www.facebook.com\/motopawmar\/?locale=pl_PL\" \/>\n<meta property=\"article:modified_time\" content=\"2025-12-18T13:01:20+00:00\" \/>\n<meta property=\"og:image\" content=\"https:\/\/moto-pawmar.pl\/wp-content\/uploads\/2025\/12\/277845_ZAL670332.jpg\" \/>\n\t<meta property=\"og:image:width\" content=\"800\" \/>\n\t<meta property=\"og:image:height\" content=\"800\" \/>\n\t<meta property=\"og:image:type\" content=\"image\/jpeg\" \/>\n<meta name=\"twitter:card\" content=\"summary_large_image\" \/>\n<meta name=\"twitter:label1\" content=\"Szacowany czas czytania\" \/>\n\t<meta name=\"twitter:data1\" content=\"2 minuty\" \/>\n<script type=\"application\/ld+json\" class=\"yoast-schema-graph\">{\"@context\":\"https:\/\/schema.org\",\"@graph\":[{\"@type\":\"WebPage\",\"@id\":\"https:\/\/moto-pawmar.pl\/?product=spodnie-motocyklowe-skorzane-rebelhorn-veloce-black-white\",\"url\":\"https:\/\/moto-pawmar.pl\/?product=spodnie-motocyklowe-skorzane-rebelhorn-veloce-black-white\",\"name\":\"Spodnie motocyklowe sk\u00f3rzane Rebelhorn Veloce Black White - MOTO-PAWMAR\",\"isPartOf\":{\"@id\":\"https:\/\/moto-pawmar.pl\/#website\"},\"primaryImageOfPage\":{\"@id\":\"https:\/\/moto-pawmar.pl\/?product=spodnie-motocyklowe-skorzane-rebelhorn-veloce-black-white#primaryimage\"},\"image\":{\"@id\":\"https:\/\/moto-pawmar.pl\/?product=spodnie-motocyklowe-skorzane-rebelhorn-veloce-black-white#primaryimage\"},\"thumbnailUrl\":\"https:\/\/moto-pawmar.pl\/wp-content\/uploads\/2025\/12\/277845_ZAL670332.jpg\",\"datePublished\":\"2025-12-18T13:00:31+00:00\",\"dateModified\":\"2025-12-18T13:01:20+00:00\",\"breadcrumb\":{\"@id\":\"https:\/\/moto-pawmar.pl\/?product=spodnie-motocyklowe-skorzane-rebelhorn-veloce-black-white#breadcrumb\"},\"inLanguage\":\"pl-PL\",\"potentialAction\":[{\"@type\":\"ReadAction\",\"target\":[\"https:\/\/moto-pawmar.pl\/?product=spodnie-motocyklowe-skorzane-rebelhorn-veloce-black-white\"]}]},{\"@type\":\"ImageObject\",\"inLanguage\":\"pl-PL\",\"@id\":\"https:\/\/moto-pawmar.pl\/?product=spodnie-motocyklowe-skorzane-rebelhorn-veloce-black-white#primaryimage\",\"url\":\"https:\/\/moto-pawmar.pl\/wp-content\/uploads\/2025\/12\/277845_ZAL670332.jpg\",\"contentUrl\":\"https:\/\/moto-pawmar.pl\/wp-content\/uploads\/2025\/12\/277845_ZAL670332.jpg\",\"width\":800,\"height\":800},{\"@type\":\"BreadcrumbList\",\"@id\":\"https:\/\/moto-pawmar.pl\/?product=spodnie-motocyklowe-skorzane-rebelhorn-veloce-black-white#breadcrumb\",\"itemListElement\":[{\"@type\":\"ListItem\",\"position\":1,\"name\":\"Strona g\u0142\u00f3wna\",\"item\":\"https:\/\/moto-pawmar.pl\/\"},{\"@type\":\"ListItem\",\"position\":2,\"name\":\"Sklep Internetowy\",\"item\":\"https:\/\/moto-pawmar.pl\/?page_id=367\"},{\"@type\":\"ListItem\",\"position\":3,\"name\":\"Spodnie motocyklowe sk\u00f3rzane Rebelhorn Veloce Black White\"}]},{\"@type\":\"WebSite\",\"@id\":\"https:\/\/moto-pawmar.pl\/#website\",\"url\":\"https:\/\/moto-pawmar.pl\/\",\"name\":\"MOTO-PAWMAR\",\"description\":\"MOTO\u2011PAWMAR \u2013 Tw\u00f3j sklep z cz\u0119\u015bciami i akcesoriami do motocykli, skuter\u00f3w i quad\u00f3w.\",\"publisher\":{\"@id\":\"https:\/\/moto-pawmar.pl\/#organization\"},\"potentialAction\":[{\"@type\":\"SearchAction\",\"target\":{\"@type\":\"EntryPoint\",\"urlTemplate\":\"https:\/\/moto-pawmar.pl\/?s={search_term_string}\"},\"query-input\":{\"@type\":\"PropertyValueSpecification\",\"valueRequired\":true,\"valueName\":\"search_term_string\"}}],\"inLanguage\":\"pl-PL\"},{\"@type\":\"Organization\",\"@id\":\"https:\/\/moto-pawmar.pl\/#organization\",\"name\":\"MOTO-PAWMAR\",\"url\":\"https:\/\/moto-pawmar.pl\/\",\"logo\":{\"@type\":\"ImageObject\",\"inLanguage\":\"pl-PL\",\"@id\":\"https:\/\/moto-pawmar.pl\/#\/schema\/logo\/image\/\",\"url\":\"https:\/\/moto-pawmar.pl\/wp-content\/uploads\/2025\/10\/LOGO-SKLEP.png\",\"contentUrl\":\"https:\/\/moto-pawmar.pl\/wp-content\/uploads\/2025\/10\/LOGO-SKLEP.png\",\"width\":2480,\"height\":2053,\"caption\":\"MOTO-PAWMAR\"},\"image\":{\"@id\":\"https:\/\/moto-pawmar.pl\/#\/schema\/logo\/image\/\"},\"sameAs\":[\"https:\/\/www.facebook.com\/motopawmar\/?locale=pl_PL\"]}]}<\/script>\n<!-- \/ Yoast SEO plugin. -->","yoast_head_json":{"title":"Spodnie motocyklowe sk\u00f3rzane Rebelhorn Veloce Black White - MOTO-PAWMAR","robots":{"index":"index","follow":"follow","max-snippet":"max-snippet:-1","max-image-preview":"max-image-preview:large","max-video-preview":"max-video-preview:-1"},"canonical":"https:\/\/moto-pawmar.pl\/?product=spodnie-motocyklowe-skorzane-rebelhorn-veloce-black-white","og_locale":"pl_PL","og_type":"article","og_title":"Spodnie motocyklowe sk\u00f3rzane Rebelhorn Veloce Black White - MOTO-PAWMAR","og_description":"Motocyklowe spodnie sk\u00f3rzane Rebelhorn Veloce\u00a0o przeznaczeniu sportowo-turystycznym maj\u0105 otwierane kana\u0142y wentylacyjne i wstawki z 4-way stretch. S\u0105 dobrym wyborem\u00a0dla os\u00f3b preferuj\u0105cych odzie\u017c sk\u00f3rzan\u0105 w turystyce. Spodnie maj\u0105\u00a0rzepy do zamontowania slider\u00f3w kolan. D\u0142ugi zamek na nogawce u\u0142atwia zak\u0142adanie spodni. Po po\u0142\u0105czeniu z kurtk\u0105 z tej samej linii tworz\u0105 kombinezon motocyklowy. Przeznaczenie:\u00a0Sport-Turystyka Dopasowanie:\u00a0Regular Liczba warstw:\u00a01 WARSTWY: warstwa [&hellip;]","og_url":"https:\/\/moto-pawmar.pl\/?product=spodnie-motocyklowe-skorzane-rebelhorn-veloce-black-white","og_site_name":"MOTO-PAWMAR","article_publisher":"https:\/\/www.facebook.com\/motopawmar\/?locale=pl_PL","article_modified_time":"2025-12-18T13:01:20+00:00","og_image":[{"width":800,"height":800,"url":"https:\/\/moto-pawmar.pl\/wp-content\/uploads\/2025\/12\/277845_ZAL670332.jpg","type":"image\/jpeg"}],"twitter_card":"summary_large_image","twitter_misc":{"Szacowany czas czytania":"2 minuty"},"schema":{"@context":"https:\/\/schema.org","@graph":[{"@type":"WebPage","@id":"https:\/\/moto-pawmar.pl\/?product=spodnie-motocyklowe-skorzane-rebelhorn-veloce-black-white","url":"https:\/\/moto-pawmar.pl\/?product=spodnie-motocyklowe-skorzane-rebelhorn-veloce-black-white","name":"Spodnie motocyklowe sk\u00f3rzane Rebelhorn Veloce Black White - MOTO-PAWMAR","isPartOf":{"@id":"https:\/\/moto-pawmar.pl\/#website"},"primaryImageOfPage":{"@id":"https:\/\/moto-pawmar.pl\/?product=spodnie-motocyklowe-skorzane-rebelhorn-veloce-black-white#primaryimage"},"image":{"@id":"https:\/\/moto-pawmar.pl\/?product=spodnie-motocyklowe-skorzane-rebelhorn-veloce-black-white#primaryimage"},"thumbnailUrl":"https:\/\/moto-pawmar.pl\/wp-content\/uploads\/2025\/12\/277845_ZAL670332.jpg","datePublished":"2025-12-18T13:00:31+00:00","dateModified":"2025-12-18T13:01:20+00:00","breadcrumb":{"@id":"https:\/\/moto-pawmar.pl\/?product=spodnie-motocyklowe-skorzane-rebelhorn-veloce-black-white#breadcrumb"},"inLanguage":"pl-PL","potentialAction":[{"@type":"ReadAction","target":["https:\/\/moto-pawmar.pl\/?product=spodnie-motocyklowe-skorzane-rebelhorn-veloce-black-white"]}]},{"@type":"ImageObject","inLanguage":"pl-PL","@id":"https:\/\/moto-pawmar.pl\/?product=spodnie-motocyklowe-skorzane-rebelhorn-veloce-black-white#primaryimage","url":"https:\/\/moto-pawmar.pl\/wp-content\/uploads\/2025\/12\/277845_ZAL670332.jpg","contentUrl":"https:\/\/moto-pawmar.pl\/wp-content\/uploads\/2025\/12\/277845_ZAL670332.jpg","width":800,"height":800},{"@type":"BreadcrumbList","@id":"https:\/\/moto-pawmar.pl\/?product=spodnie-motocyklowe-skorzane-rebelhorn-veloce-black-white#breadcrumb","itemListElement":[{"@type":"ListItem","position":1,"name":"Strona g\u0142\u00f3wna","item":"https:\/\/moto-pawmar.pl\/"},{"@type":"ListItem","position":2,"name":"Sklep Internetowy","item":"https:\/\/moto-pawmar.pl\/?page_id=367"},{"@type":"ListItem","position":3,"name":"Spodnie motocyklowe sk\u00f3rzane Rebelhorn Veloce Black White"}]},{"@type":"WebSite","@id":"https:\/\/moto-pawmar.pl\/#website","url":"https:\/\/moto-pawmar.pl\/","name":"MOTO-PAWMAR","description":"MOTO\u2011PAWMAR \u2013 Tw\u00f3j sklep z cz\u0119\u015bciami i akcesoriami do motocykli, skuter\u00f3w i quad\u00f3w.","publisher":{"@id":"https:\/\/moto-pawmar.pl\/#organization"},"potentialAction":[{"@type":"SearchAction","target":{"@type":"EntryPoint","urlTemplate":"https:\/\/moto-pawmar.pl\/?s={search_term_string}"},"query-input":{"@type":"PropertyValueSpecification","valueRequired":true,"valueName":"search_term_string"}}],"inLanguage":"pl-PL"},{"@type":"Organization","@id":"https:\/\/moto-pawmar.pl\/#organization","name":"MOTO-PAWMAR","url":"https:\/\/moto-pawmar.pl\/","logo":{"@type":"ImageObject","inLanguage":"pl-PL","@id":"https:\/\/moto-pawmar.pl\/#\/schema\/logo\/image\/","url":"https:\/\/moto-pawmar.pl\/wp-content\/uploads\/2025\/10\/LOGO-SKLEP.png","contentUrl":"https:\/\/moto-pawmar.pl\/wp-content\/uploads\/2025\/10\/LOGO-SKLEP.png","width":2480,"height":2053,"caption":"MOTO-PAWMAR"},"image":{"@id":"https:\/\/moto-pawmar.pl\/#\/schema\/logo\/image\/"},"sameAs":["https:\/\/www.facebook.com\/motopawmar\/?locale=pl_PL"]}]}},"_links":{"self":[{"href":"https:\/\/moto-pawmar.pl\/index.php?rest_route=\/wp\/v2\/product\/7588","targetHints":{"allow":["GET"]}}],"collection":[{"href":"https:\/\/moto-pawmar.pl\/index.php?rest_route=\/wp\/v2\/product"}],"about":[{"href":"https:\/\/moto-pawmar.pl\/index.php?rest_route=\/wp\/v2\/types\/product"}],"wp:featuredmedia":[{"embeddable":true,"href":"https:\/\/moto-pawmar.pl\/index.php?rest_route=\/wp\/v2\/media\/7598"}],"wp:attachment":[{"href":"https:\/\/moto-pawmar.pl\/index.php?rest_route=%2Fwp%2Fv2%2Fmedia&parent=7588"}],"wp:term":[{"taxonomy":"product_brand","embeddable":true,"href":"https:\/\/moto-pawmar.pl\/index.php?rest_route=%2Fwp%2Fv2%2Fproduct_brand&post=7588"},{"taxonomy":"product_cat","embeddable":true,"href":"https:\/\/moto-pawmar.pl\/index.php?rest_route=%2Fwp%2Fv2%2Fproduct_cat&post=7588"},{"taxonomy":"product_tag","embeddable":true,"href":"https:\/\/moto-pawmar.pl\/index.php?rest_route=%2Fwp%2Fv2%2Fproduct_tag&post=7588"}],"curies":[{"name":"wp","href":"https:\/\/api.w.org\/{rel}","templated":true}]}}