{"id":7577,"date":"2025-12-18T13:59:35","date_gmt":"2025-12-18T12:59:35","guid":{"rendered":"https:\/\/moto-pawmar.pl\/?post_type=product&#038;p=7577"},"modified":"2025-12-18T13:59:59","modified_gmt":"2025-12-18T12:59:59","slug":"spodnie-motocyklowe-skorzane-rebelhorn-inferno-black-white-fluo-yellow","status":"publish","type":"product","link":"https:\/\/moto-pawmar.pl\/?product=spodnie-motocyklowe-skorzane-rebelhorn-inferno-black-white-fluo-yellow","title":{"rendered":"Spodnie motocyklowe sk\u00f3rzane Rebelhorn Inferno Black White Fluo Yellow"},"content":{"rendered":"<p><strong>Sportowe sk\u00f3rzane spodnie motocyklowe Rebelhorn Inferno<\/strong>\u00a0zosta\u0142y zaprojektowane z my\u015bl\u0105 o motocyklistach poszukuj\u0105cych ochrony i wygody na najwy\u017cszym poziomie. Wykonane z mi\u0119kko wyprawionej sk\u00f3ry bydl\u0119cej w po\u0142\u0105czeniu z elastycznym materia\u0142em 4-way stretch, zapewniaj\u0105 doskona\u0142e dopasowanie i ergonomi\u0119 u\u017cytkowania. Spodnie idealnie \u0142\u0105cz\u0105 si\u0119 z kurtk\u0105 Rebelhorn Inferno, tworz\u0105c kompletny dwucz\u0119\u015bciowy kombinezon motocyklowy, kt\u00f3ry sprawdzi si\u0119 zar\u00f3wno w codziennej je\u017adzie, jak i na torze.<\/p>\n<p><strong>Przeznaczenie:<\/strong>\u00a0Sport\/Street<\/p>\n<p><strong>Liczba warstw:<\/strong>\u00a01<\/p>\n<p><strong>Warstwy:<\/strong><\/p>\n<p>Spodnie zosta\u0142y wykonane z wysokiej jako\u015bci sk\u00f3ry bydl\u0119cej, kt\u00f3ra zapewnia wytrzyma\u0142o\u015b\u0107 i elastyczno\u015b\u0107 potrzebn\u0105 podczas dynamicznej jazdy. Dzi\u0119ki podszewce z poliester meshu, oferuj\u0105 doskona\u0142\u0105 oddychalno\u015b\u0107 i komfort u\u017cytkowania.<\/p>\n<ul>\n<li><strong>Warstwa zewn\u0119trzna:<\/strong>\u00a0100% Sk\u00f3ra bydl\u0119ca, 100% 4-way nylon stretch<\/li>\n<li><strong>Podszewka:<\/strong>\u00a0100% Poliester mesh<\/li>\n<\/ul>\n<p><strong>Ochraniacze\/Bezpiecze\u0144stwo:<\/strong><\/p>\n<p>Spodnie Rebelhorn Inferno wyposa\u017cone s\u0105 w zaawansowane ochraniacze YF i RE ZRO\u00ae, oraz spe\u0142niaj\u0105 najwy\u017cszy poziom ochrony AAA. Spodnie posiadaj\u0105 w zestawie ochraniacze kolan i bioder, wk\u0142adk\u0119 ochronn\u0105 na ko\u015b\u0107 ogonow\u0105 oraz zewn\u0119trzne slidery kolan, kt\u00f3re dodatkowo zwi\u0119kszaj\u0105 ochron\u0119 podczas sportowej jazdy.<\/p>\n<ul>\n<li><strong>Kolana:<\/strong>\u00a0YF C25 K+L LEVEL 2<\/li>\n<li><strong>Biodra:<\/strong>\u00a0RE ZRO\u00ae MK1-C2-H LVL2<\/li>\n<li><strong>Ko\u015b\u0107 ogonowa:<\/strong>\u00a0RE ZRO\u00ae MK1-TB-01<\/li>\n<li><strong>Zewn\u0119trzne slidery kolan<\/strong><\/li>\n<li><strong>CE LEVEL: AAA<\/strong><\/li>\n<\/ul>\n<p><strong>Wentylacja:<\/strong><\/p>\n<p>Perforowana sk\u00f3ra zapewnia cyrkulacj\u0119 powietrza, co jest szczeg\u00f3lnie wa\u017cne podczas jazdy w cieplejsze dni.<\/p>\n<ul>\n<li><strong>Perforowana sk\u00f3ra<\/strong><\/li>\n<\/ul>\n<p><strong>Komfort + Dodatkowe cechy:<\/strong><\/p>\n<p>Spodnie Rebelhorn Inferno oferuj\u0105 liczne rozwi\u0105zania podnosz\u0105ce komfort u\u017cytkowania, takie jak ergonomiczny kr\u00f3j czy elastyczne wstawki. Dodatkowo, d\u0142ugi zamek na dole nogawki u\u0142atwia zak\u0142adanie i zdejmowanie spodni.<\/p>\n<ul>\n<li><strong>Ergonomicznie zaprojektowany kr\u00f3j zapewniaj\u0105cy komfort<\/strong><\/li>\n<li><strong>Elastyczne wstawki na l\u0119d\u017awiach, kolanach i wewn\u0119trznej cz\u0119\u015bci spodni<\/strong><\/li>\n<li><strong>Specjalnie zaprojektowana wstawka elastyczna na \u0142ydce dla lepszego dopasowania<\/strong><\/li>\n<li><strong>D\u0142ugi zamek otwieraj\u0105cy nogawk\u0119<\/strong><\/li>\n<\/ul>\n","protected":false},"excerpt":{"rendered":"<p>Sportowe sk\u00f3rzane spodnie motocyklowe Rebelhorn Inferno\u00a0zosta\u0142y zaprojektowane z my\u015bl\u0105 o motocyklistach poszukuj\u0105cych ochrony i wygody na najwy\u017cszym poziomie. Wykonane z mi\u0119kko wyprawionej sk\u00f3ry bydl\u0119cej w po\u0142\u0105czeniu z elastycznym materia\u0142em 4-way stretch, zapewniaj\u0105 doskona\u0142e dopasowanie i ergonomi\u0119 u\u017cytkowania. Spodnie idealnie \u0142\u0105cz\u0105 si\u0119 z kurtk\u0105 Rebelhorn Inferno, tworz\u0105c kompletny dwucz\u0119\u015bciowy kombinezon motocyklowy, kt\u00f3ry sprawdzi si\u0119 zar\u00f3wno w [&hellip;]<\/p>\n","protected":false},"featured_media":7587,"template":"","meta":[],"product_brand":[377],"product_cat":[289,280],"product_tag":[],"class_list":{"0":"post-7577","1":"product","2":"type-product","3":"status-publish","4":"has-post-thumbnail","6":"product_brand-rebelhorn","7":"product_cat-kombinezony-2cz-meska","8":"product_cat-kombinezony-meska","9":"pa_rozmiar-kombinezony-329","10":"pa_rozmiar-kombinezony-330","11":"pa_rozmiar-kombinezony-331","12":"pa_rozmiar-kombinezony-332","13":"pa_rozmiar-kombinezony-333","14":"pa_rozmiar-kombinezony-334","15":"pa_rozmiar-kombinezony-335","16":"pa_rozmiar-kombinezony-336","17":"pa_rozmiar-kombinezony-384","19":"first","20":"instock","21":"taxable","22":"shipping-taxable","23":"purchasable","24":"product-type-variable"},"yoast_head":"<!-- This site is optimized with the Yoast SEO plugin v26.9 - https:\/\/yoast.com\/product\/yoast-seo-wordpress\/ -->\n<title>Spodnie motocyklowe sk\u00f3rzane Rebelhorn Inferno Black White Fluo Yellow - MOTO-PAWMAR<\/title>\n<meta name=\"robots\" content=\"index, follow, max-snippet:-1, max-image-preview:large, max-video-preview:-1\" \/>\n<link rel=\"canonical\" href=\"https:\/\/moto-pawmar.pl\/?product=spodnie-motocyklowe-skorzane-rebelhorn-inferno-black-white-fluo-yellow\" \/>\n<meta property=\"og:locale\" content=\"pl_PL\" \/>\n<meta property=\"og:type\" content=\"article\" \/>\n<meta property=\"og:title\" content=\"Spodnie motocyklowe sk\u00f3rzane Rebelhorn Inferno Black White Fluo Yellow - MOTO-PAWMAR\" \/>\n<meta property=\"og:description\" content=\"Sportowe sk\u00f3rzane spodnie motocyklowe Rebelhorn Inferno\u00a0zosta\u0142y zaprojektowane z my\u015bl\u0105 o motocyklistach poszukuj\u0105cych ochrony i wygody na najwy\u017cszym poziomie. Wykonane z mi\u0119kko wyprawionej sk\u00f3ry bydl\u0119cej w po\u0142\u0105czeniu z elastycznym materia\u0142em 4-way stretch, zapewniaj\u0105 doskona\u0142e dopasowanie i ergonomi\u0119 u\u017cytkowania. Spodnie idealnie \u0142\u0105cz\u0105 si\u0119 z kurtk\u0105 Rebelhorn Inferno, tworz\u0105c kompletny dwucz\u0119\u015bciowy kombinezon motocyklowy, kt\u00f3ry sprawdzi si\u0119 zar\u00f3wno w [&hellip;]\" \/>\n<meta property=\"og:url\" content=\"https:\/\/moto-pawmar.pl\/?product=spodnie-motocyklowe-skorzane-rebelhorn-inferno-black-white-fluo-yellow\" \/>\n<meta property=\"og:site_name\" content=\"MOTO-PAWMAR\" \/>\n<meta property=\"article:publisher\" content=\"https:\/\/www.facebook.com\/motopawmar\/?locale=pl_PL\" \/>\n<meta property=\"article:modified_time\" content=\"2025-12-18T12:59:59+00:00\" \/>\n<meta property=\"og:image\" content=\"https:\/\/moto-pawmar.pl\/wp-content\/uploads\/2025\/12\/324030_ZAL787701.jpg\" \/>\n\t<meta property=\"og:image:width\" content=\"800\" \/>\n\t<meta property=\"og:image:height\" content=\"800\" \/>\n\t<meta property=\"og:image:type\" content=\"image\/jpeg\" \/>\n<meta name=\"twitter:card\" content=\"summary_large_image\" \/>\n<meta name=\"twitter:label1\" content=\"Szacowany czas czytania\" \/>\n\t<meta name=\"twitter:data1\" content=\"2 minuty\" \/>\n<script type=\"application\/ld+json\" class=\"yoast-schema-graph\">{\"@context\":\"https:\/\/schema.org\",\"@graph\":[{\"@type\":\"WebPage\",\"@id\":\"https:\/\/moto-pawmar.pl\/?product=spodnie-motocyklowe-skorzane-rebelhorn-inferno-black-white-fluo-yellow\",\"url\":\"https:\/\/moto-pawmar.pl\/?product=spodnie-motocyklowe-skorzane-rebelhorn-inferno-black-white-fluo-yellow\",\"name\":\"Spodnie motocyklowe sk\u00f3rzane Rebelhorn Inferno Black White Fluo Yellow - MOTO-PAWMAR\",\"isPartOf\":{\"@id\":\"https:\/\/moto-pawmar.pl\/#website\"},\"primaryImageOfPage\":{\"@id\":\"https:\/\/moto-pawmar.pl\/?product=spodnie-motocyklowe-skorzane-rebelhorn-inferno-black-white-fluo-yellow#primaryimage\"},\"image\":{\"@id\":\"https:\/\/moto-pawmar.pl\/?product=spodnie-motocyklowe-skorzane-rebelhorn-inferno-black-white-fluo-yellow#primaryimage\"},\"thumbnailUrl\":\"https:\/\/moto-pawmar.pl\/wp-content\/uploads\/2025\/12\/324030_ZAL787701.jpg\",\"datePublished\":\"2025-12-18T12:59:35+00:00\",\"dateModified\":\"2025-12-18T12:59:59+00:00\",\"breadcrumb\":{\"@id\":\"https:\/\/moto-pawmar.pl\/?product=spodnie-motocyklowe-skorzane-rebelhorn-inferno-black-white-fluo-yellow#breadcrumb\"},\"inLanguage\":\"pl-PL\",\"potentialAction\":[{\"@type\":\"ReadAction\",\"target\":[\"https:\/\/moto-pawmar.pl\/?product=spodnie-motocyklowe-skorzane-rebelhorn-inferno-black-white-fluo-yellow\"]}]},{\"@type\":\"ImageObject\",\"inLanguage\":\"pl-PL\",\"@id\":\"https:\/\/moto-pawmar.pl\/?product=spodnie-motocyklowe-skorzane-rebelhorn-inferno-black-white-fluo-yellow#primaryimage\",\"url\":\"https:\/\/moto-pawmar.pl\/wp-content\/uploads\/2025\/12\/324030_ZAL787701.jpg\",\"contentUrl\":\"https:\/\/moto-pawmar.pl\/wp-content\/uploads\/2025\/12\/324030_ZAL787701.jpg\",\"width\":800,\"height\":800},{\"@type\":\"BreadcrumbList\",\"@id\":\"https:\/\/moto-pawmar.pl\/?product=spodnie-motocyklowe-skorzane-rebelhorn-inferno-black-white-fluo-yellow#breadcrumb\",\"itemListElement\":[{\"@type\":\"ListItem\",\"position\":1,\"name\":\"Strona g\u0142\u00f3wna\",\"item\":\"https:\/\/moto-pawmar.pl\/\"},{\"@type\":\"ListItem\",\"position\":2,\"name\":\"Sklep Internetowy\",\"item\":\"https:\/\/moto-pawmar.pl\/?page_id=367\"},{\"@type\":\"ListItem\",\"position\":3,\"name\":\"Spodnie motocyklowe sk\u00f3rzane Rebelhorn Inferno Black White Fluo Yellow\"}]},{\"@type\":\"WebSite\",\"@id\":\"https:\/\/moto-pawmar.pl\/#website\",\"url\":\"https:\/\/moto-pawmar.pl\/\",\"name\":\"MOTO-PAWMAR\",\"description\":\"MOTO\u2011PAWMAR \u2013 Tw\u00f3j sklep z cz\u0119\u015bciami i akcesoriami do motocykli, skuter\u00f3w i quad\u00f3w.\",\"publisher\":{\"@id\":\"https:\/\/moto-pawmar.pl\/#organization\"},\"potentialAction\":[{\"@type\":\"SearchAction\",\"target\":{\"@type\":\"EntryPoint\",\"urlTemplate\":\"https:\/\/moto-pawmar.pl\/?s={search_term_string}\"},\"query-input\":{\"@type\":\"PropertyValueSpecification\",\"valueRequired\":true,\"valueName\":\"search_term_string\"}}],\"inLanguage\":\"pl-PL\"},{\"@type\":\"Organization\",\"@id\":\"https:\/\/moto-pawmar.pl\/#organization\",\"name\":\"MOTO-PAWMAR\",\"url\":\"https:\/\/moto-pawmar.pl\/\",\"logo\":{\"@type\":\"ImageObject\",\"inLanguage\":\"pl-PL\",\"@id\":\"https:\/\/moto-pawmar.pl\/#\/schema\/logo\/image\/\",\"url\":\"https:\/\/moto-pawmar.pl\/wp-content\/uploads\/2025\/10\/LOGO-SKLEP.png\",\"contentUrl\":\"https:\/\/moto-pawmar.pl\/wp-content\/uploads\/2025\/10\/LOGO-SKLEP.png\",\"width\":2480,\"height\":2053,\"caption\":\"MOTO-PAWMAR\"},\"image\":{\"@id\":\"https:\/\/moto-pawmar.pl\/#\/schema\/logo\/image\/\"},\"sameAs\":[\"https:\/\/www.facebook.com\/motopawmar\/?locale=pl_PL\"]}]}<\/script>\n<!-- \/ Yoast SEO plugin. -->","yoast_head_json":{"title":"Spodnie motocyklowe sk\u00f3rzane Rebelhorn Inferno Black White Fluo Yellow - MOTO-PAWMAR","robots":{"index":"index","follow":"follow","max-snippet":"max-snippet:-1","max-image-preview":"max-image-preview:large","max-video-preview":"max-video-preview:-1"},"canonical":"https:\/\/moto-pawmar.pl\/?product=spodnie-motocyklowe-skorzane-rebelhorn-inferno-black-white-fluo-yellow","og_locale":"pl_PL","og_type":"article","og_title":"Spodnie motocyklowe sk\u00f3rzane Rebelhorn Inferno Black White Fluo Yellow - MOTO-PAWMAR","og_description":"Sportowe sk\u00f3rzane spodnie motocyklowe Rebelhorn Inferno\u00a0zosta\u0142y zaprojektowane z my\u015bl\u0105 o motocyklistach poszukuj\u0105cych ochrony i wygody na najwy\u017cszym poziomie. Wykonane z mi\u0119kko wyprawionej sk\u00f3ry bydl\u0119cej w po\u0142\u0105czeniu z elastycznym materia\u0142em 4-way stretch, zapewniaj\u0105 doskona\u0142e dopasowanie i ergonomi\u0119 u\u017cytkowania. Spodnie idealnie \u0142\u0105cz\u0105 si\u0119 z kurtk\u0105 Rebelhorn Inferno, tworz\u0105c kompletny dwucz\u0119\u015bciowy kombinezon motocyklowy, kt\u00f3ry sprawdzi si\u0119 zar\u00f3wno w [&hellip;]","og_url":"https:\/\/moto-pawmar.pl\/?product=spodnie-motocyklowe-skorzane-rebelhorn-inferno-black-white-fluo-yellow","og_site_name":"MOTO-PAWMAR","article_publisher":"https:\/\/www.facebook.com\/motopawmar\/?locale=pl_PL","article_modified_time":"2025-12-18T12:59:59+00:00","og_image":[{"width":800,"height":800,"url":"https:\/\/moto-pawmar.pl\/wp-content\/uploads\/2025\/12\/324030_ZAL787701.jpg","type":"image\/jpeg"}],"twitter_card":"summary_large_image","twitter_misc":{"Szacowany czas czytania":"2 minuty"},"schema":{"@context":"https:\/\/schema.org","@graph":[{"@type":"WebPage","@id":"https:\/\/moto-pawmar.pl\/?product=spodnie-motocyklowe-skorzane-rebelhorn-inferno-black-white-fluo-yellow","url":"https:\/\/moto-pawmar.pl\/?product=spodnie-motocyklowe-skorzane-rebelhorn-inferno-black-white-fluo-yellow","name":"Spodnie motocyklowe sk\u00f3rzane Rebelhorn Inferno Black White Fluo Yellow - MOTO-PAWMAR","isPartOf":{"@id":"https:\/\/moto-pawmar.pl\/#website"},"primaryImageOfPage":{"@id":"https:\/\/moto-pawmar.pl\/?product=spodnie-motocyklowe-skorzane-rebelhorn-inferno-black-white-fluo-yellow#primaryimage"},"image":{"@id":"https:\/\/moto-pawmar.pl\/?product=spodnie-motocyklowe-skorzane-rebelhorn-inferno-black-white-fluo-yellow#primaryimage"},"thumbnailUrl":"https:\/\/moto-pawmar.pl\/wp-content\/uploads\/2025\/12\/324030_ZAL787701.jpg","datePublished":"2025-12-18T12:59:35+00:00","dateModified":"2025-12-18T12:59:59+00:00","breadcrumb":{"@id":"https:\/\/moto-pawmar.pl\/?product=spodnie-motocyklowe-skorzane-rebelhorn-inferno-black-white-fluo-yellow#breadcrumb"},"inLanguage":"pl-PL","potentialAction":[{"@type":"ReadAction","target":["https:\/\/moto-pawmar.pl\/?product=spodnie-motocyklowe-skorzane-rebelhorn-inferno-black-white-fluo-yellow"]}]},{"@type":"ImageObject","inLanguage":"pl-PL","@id":"https:\/\/moto-pawmar.pl\/?product=spodnie-motocyklowe-skorzane-rebelhorn-inferno-black-white-fluo-yellow#primaryimage","url":"https:\/\/moto-pawmar.pl\/wp-content\/uploads\/2025\/12\/324030_ZAL787701.jpg","contentUrl":"https:\/\/moto-pawmar.pl\/wp-content\/uploads\/2025\/12\/324030_ZAL787701.jpg","width":800,"height":800},{"@type":"BreadcrumbList","@id":"https:\/\/moto-pawmar.pl\/?product=spodnie-motocyklowe-skorzane-rebelhorn-inferno-black-white-fluo-yellow#breadcrumb","itemListElement":[{"@type":"ListItem","position":1,"name":"Strona g\u0142\u00f3wna","item":"https:\/\/moto-pawmar.pl\/"},{"@type":"ListItem","position":2,"name":"Sklep Internetowy","item":"https:\/\/moto-pawmar.pl\/?page_id=367"},{"@type":"ListItem","position":3,"name":"Spodnie motocyklowe sk\u00f3rzane Rebelhorn Inferno Black White Fluo Yellow"}]},{"@type":"WebSite","@id":"https:\/\/moto-pawmar.pl\/#website","url":"https:\/\/moto-pawmar.pl\/","name":"MOTO-PAWMAR","description":"MOTO\u2011PAWMAR \u2013 Tw\u00f3j sklep z cz\u0119\u015bciami i akcesoriami do motocykli, skuter\u00f3w i quad\u00f3w.","publisher":{"@id":"https:\/\/moto-pawmar.pl\/#organization"},"potentialAction":[{"@type":"SearchAction","target":{"@type":"EntryPoint","urlTemplate":"https:\/\/moto-pawmar.pl\/?s={search_term_string}"},"query-input":{"@type":"PropertyValueSpecification","valueRequired":true,"valueName":"search_term_string"}}],"inLanguage":"pl-PL"},{"@type":"Organization","@id":"https:\/\/moto-pawmar.pl\/#organization","name":"MOTO-PAWMAR","url":"https:\/\/moto-pawmar.pl\/","logo":{"@type":"ImageObject","inLanguage":"pl-PL","@id":"https:\/\/moto-pawmar.pl\/#\/schema\/logo\/image\/","url":"https:\/\/moto-pawmar.pl\/wp-content\/uploads\/2025\/10\/LOGO-SKLEP.png","contentUrl":"https:\/\/moto-pawmar.pl\/wp-content\/uploads\/2025\/10\/LOGO-SKLEP.png","width":2480,"height":2053,"caption":"MOTO-PAWMAR"},"image":{"@id":"https:\/\/moto-pawmar.pl\/#\/schema\/logo\/image\/"},"sameAs":["https:\/\/www.facebook.com\/motopawmar\/?locale=pl_PL"]}]}},"_links":{"self":[{"href":"https:\/\/moto-pawmar.pl\/index.php?rest_route=\/wp\/v2\/product\/7577","targetHints":{"allow":["GET"]}}],"collection":[{"href":"https:\/\/moto-pawmar.pl\/index.php?rest_route=\/wp\/v2\/product"}],"about":[{"href":"https:\/\/moto-pawmar.pl\/index.php?rest_route=\/wp\/v2\/types\/product"}],"wp:featuredmedia":[{"embeddable":true,"href":"https:\/\/moto-pawmar.pl\/index.php?rest_route=\/wp\/v2\/media\/7587"}],"wp:attachment":[{"href":"https:\/\/moto-pawmar.pl\/index.php?rest_route=%2Fwp%2Fv2%2Fmedia&parent=7577"}],"wp:term":[{"taxonomy":"product_brand","embeddable":true,"href":"https:\/\/moto-pawmar.pl\/index.php?rest_route=%2Fwp%2Fv2%2Fproduct_brand&post=7577"},{"taxonomy":"product_cat","embeddable":true,"href":"https:\/\/moto-pawmar.pl\/index.php?rest_route=%2Fwp%2Fv2%2Fproduct_cat&post=7577"},{"taxonomy":"product_tag","embeddable":true,"href":"https:\/\/moto-pawmar.pl\/index.php?rest_route=%2Fwp%2Fv2%2Fproduct_tag&post=7577"}],"curies":[{"name":"wp","href":"https:\/\/api.w.org\/{rel}","templated":true}]}}