{"id":7478,"date":"2025-12-18T13:08:47","date_gmt":"2025-12-18T12:08:47","guid":{"rendered":"https:\/\/moto-pawmar.pl\/?post_type=product&#038;p=7478"},"modified":"2025-12-18T13:10:45","modified_gmt":"2025-12-18T12:10:45","slug":"spodnie-motocyklowe-skorzane-rebelhorn-diva-black-lady-dluga-nogawka","status":"publish","type":"product","link":"https:\/\/moto-pawmar.pl\/?product=spodnie-motocyklowe-skorzane-rebelhorn-diva-black-lady-dluga-nogawka","title":{"rendered":"Spodnie motocyklowe sk\u00f3rzane Rebelhorn Diva Black LADY (D\u0142uga Nogawka)"},"content":{"rendered":"<p><strong>Rebelhorn Diva<\/strong>\u00a0\u2013 Sportowe, damskie spodnie motocyklowe o dopasowanym kroju Slim Fit\/Sport. Posiadaj\u0105\u00a0<strong>najwy\u017cszy mo\u017cliwy poziom ochrony AAA<\/strong>. Spodnie Diva zosta\u0142y zaprojektowane z my\u015bl\u0105 o pozycji motocyklowej, z bardzo wysokim stanem, kt\u00f3ry podkre\u015bla kobiec\u0105 sylwetk\u0119 i zapewnia pe\u0142ne poczucie komfortu. Dzi\u0119ki elastycznym wstawkom spodnie \u015bwietnie uk\u0142adaj\u0105 si\u0119 podczas jazdy, a mo\u017cliwo\u015b\u0107 spi\u0119cia z kurtkami Diva (RS lub ST) zamkiem 360 tworzy sp\u00f3jny, bezpieczny zestaw.<\/p>\n<p>&nbsp;<\/p>\n<p>Projekt powsta\u0142 przy wsp\u00f3\u0142pracy z Kasi\u0105\u00a0<strong>M\u00f3w mi Drakula<\/strong>\u00a0(@mow_mi_drakula) z polskiej grupy wspieraj\u0105cej motocyklistki\u00a0<em>Speed Ladies<\/em>. Pomys\u0142y i obserwacje Kasi przyczyni\u0142y si\u0119 do powstania spodni, kt\u00f3re s\u0105 nie tylko bardzo bezpieczne, ale te\u017c mocno\u00a0<strong>podkre\u015blaj\u0105 kobiec\u0105 sylwetk\u0119<\/strong>. Najlepiej prezentuj\u0105 si\u0119 z kurtkami Diva RS oraz Diva ST.<\/p>\n<p><strong>Dlaczego warto?<\/strong><\/p>\n<p>&#8211;\u00a0<strong>CE LEVEL AAA<\/strong>\u00a0wg EN 17092-2:2020 \u2013 najwy\u017csza certyfikacja bezpiecze\u0144stwa.<\/p>\n<p>&#8211; Pe\u0142en zestaw ochraniaczy w standardzie (kolana, biodra, ko\u015b\u0107 ogonowa).<\/p>\n<p>&#8211;\u00a0<strong>Bardzo wysoki stan<\/strong>\u00a0\u2013 kobiecy kr\u00f3j podkre\u015blaj\u0105cy biodra i tali\u0119.<\/p>\n<p>&#8211; Sportowy design z miejscem na slidery (brak w zestawie).<\/p>\n<p>&#8211; Najlepiej prezentuj\u0105 si\u0119 z kurtk\u0105 Diva RS, ale pasuj\u0105 te\u017c do Diva ST.<\/p>\n<p><strong>Warstwy i materia\u0142y<\/strong><\/p>\n<p><em>Warstwa zewn\u0119trzna:<\/em>\u00a0Sk\u00f3ra bydl\u0119ca &#8211; 85%, Nylon z elastanem &#8211; 15%<\/p>\n<p><em>Podszewka:<\/em>\u00a0Poliester &#8211; 70%, Spandex &#8211; 30%<\/p>\n<p><strong>Bezpiecze\u0144stwo<\/strong><\/p>\n<p>&#8211; Kolana: RE-ZRO MK1-C2-EK1 LEVEL 2<\/p>\n<p>&#8211; Biodra: RE-ZRO MK1-C2-H LEVEL 2<\/p>\n<p>&#8211; Ko\u015b\u0107 ogonowa: RE-ZRO MK1-TB-01<\/p>\n<p>&#8211; Wzmocnione szwy konstrukcyjne SSS \u2013 Structural Strong Seams.<\/p>\n<p>&#8211; Certyfikacja:\u00a0<strong>CE LEVEL AAA<\/strong>\u00a0wg EN 17092-2:2020.<\/p>\n<p><strong>Wentylacja<\/strong><\/p>\n<p>&#8211; Perforowana sk\u00f3ra &#8211; naturalna wentylacja w newralgicznych strefach.<\/p>\n<p><strong>Dopasowanie i ergonomia<\/strong><\/p>\n<p>&#8211; Slim Fit\/Sport &#8211; dopasowany sportowy kr\u00f3j.<\/p>\n<p>&#8211; Bardzo wysoki stan \u2013 stabilno\u015b\u0107 i kobiece podkre\u015blenie sylwetki.<\/p>\n<p><strong>Dodatki i funkcjonalno\u015bci<\/strong><\/p>\n<p>&#8211; Zamek \u0142\u0105cz\u0105cy 360\u00b0 \u2013 mo\u017cliwo\u015b\u0107 spi\u0119cia z kurtkami Diva RS i Diva ST.<\/p>\n<p><strong>Dla kogo s\u0105 spodnie Diva?<\/strong><\/p>\n<p>Dla motocyklistek, kt\u00f3re oczekuj\u0105 najwy\u017cszego poziomu bezpiecze\u0144stwa i sportowego wygl\u0105du, a jednocze\u015bnie chc\u0105 podkre\u015bli\u0107 kobiece kszta\u0142ty. Rebelhorn Diva to spodnie, kt\u00f3re w zestawie z kurtkami Diva tworz\u0105 perfekcyjny, bezkompromisowy komplet.<\/p>\n","protected":false},"excerpt":{"rendered":"<p>Rebelhorn Diva\u00a0\u2013 Sportowe, damskie spodnie motocyklowe o dopasowanym kroju Slim Fit\/Sport. Posiadaj\u0105\u00a0najwy\u017cszy mo\u017cliwy poziom ochrony AAA. Spodnie Diva zosta\u0142y zaprojektowane z my\u015bl\u0105 o pozycji motocyklowej, z bardzo wysokim stanem, kt\u00f3ry podkre\u015bla kobiec\u0105 sylwetk\u0119 i zapewnia pe\u0142ne poczucie komfortu. Dzi\u0119ki elastycznym wstawkom spodnie \u015bwietnie uk\u0142adaj\u0105 si\u0119 podczas jazdy, a mo\u017cliwo\u015b\u0107 spi\u0119cia z kurtkami Diva (RS lub [&hellip;]<\/p>\n","protected":false},"featured_media":7486,"template":"","meta":[],"product_brand":[377],"product_cat":[289,280],"product_tag":[],"class_list":{"0":"post-7478","1":"product","2":"type-product","3":"status-publish","4":"has-post-thumbnail","6":"product_brand-rebelhorn","7":"product_cat-kombinezony-2cz-meska","8":"product_cat-kombinezony-meska","9":"pa_rozmiar-kombinezony-383","10":"pa_rozmiar-kombinezony-357","11":"pa_rozmiar-kombinezony-358","12":"pa_rozmiar-kombinezony-359","13":"pa_rozmiar-kombinezony-360","14":"pa_rozmiar-kombinezony-361","15":"pa_rozmiar-kombinezony-329","17":"first","18":"instock","19":"taxable","20":"shipping-taxable","21":"purchasable","22":"product-type-variable"},"yoast_head":"<!-- This site is optimized with the Yoast SEO plugin v26.9 - https:\/\/yoast.com\/product\/yoast-seo-wordpress\/ -->\n<title>Spodnie motocyklowe sk\u00f3rzane Rebelhorn Diva Black LADY (D\u0142uga Nogawka) - MOTO-PAWMAR<\/title>\n<meta name=\"robots\" content=\"index, follow, max-snippet:-1, max-image-preview:large, max-video-preview:-1\" \/>\n<link rel=\"canonical\" href=\"https:\/\/moto-pawmar.pl\/?product=spodnie-motocyklowe-skorzane-rebelhorn-diva-black-lady-dluga-nogawka\" \/>\n<meta property=\"og:locale\" content=\"pl_PL\" \/>\n<meta property=\"og:type\" content=\"article\" \/>\n<meta property=\"og:title\" content=\"Spodnie motocyklowe sk\u00f3rzane Rebelhorn Diva Black LADY (D\u0142uga Nogawka) - MOTO-PAWMAR\" \/>\n<meta property=\"og:description\" content=\"Rebelhorn Diva\u00a0\u2013 Sportowe, damskie spodnie motocyklowe o dopasowanym kroju Slim Fit\/Sport. Posiadaj\u0105\u00a0najwy\u017cszy mo\u017cliwy poziom ochrony AAA. Spodnie Diva zosta\u0142y zaprojektowane z my\u015bl\u0105 o pozycji motocyklowej, z bardzo wysokim stanem, kt\u00f3ry podkre\u015bla kobiec\u0105 sylwetk\u0119 i zapewnia pe\u0142ne poczucie komfortu. Dzi\u0119ki elastycznym wstawkom spodnie \u015bwietnie uk\u0142adaj\u0105 si\u0119 podczas jazdy, a mo\u017cliwo\u015b\u0107 spi\u0119cia z kurtkami Diva (RS lub [&hellip;]\" \/>\n<meta property=\"og:url\" content=\"https:\/\/moto-pawmar.pl\/?product=spodnie-motocyklowe-skorzane-rebelhorn-diva-black-lady-dluga-nogawka\" \/>\n<meta property=\"og:site_name\" content=\"MOTO-PAWMAR\" \/>\n<meta property=\"article:publisher\" content=\"https:\/\/www.facebook.com\/motopawmar\/?locale=pl_PL\" \/>\n<meta property=\"article:modified_time\" content=\"2025-12-18T12:10:45+00:00\" \/>\n<meta property=\"og:image\" content=\"https:\/\/moto-pawmar.pl\/wp-content\/uploads\/2025\/12\/349585_ZAL842756.jpg\" \/>\n\t<meta property=\"og:image:width\" content=\"800\" \/>\n\t<meta property=\"og:image:height\" content=\"800\" \/>\n\t<meta property=\"og:image:type\" content=\"image\/jpeg\" \/>\n<meta name=\"twitter:card\" content=\"summary_large_image\" \/>\n<meta name=\"twitter:label1\" content=\"Szacowany czas czytania\" \/>\n\t<meta name=\"twitter:data1\" content=\"2 minuty\" \/>\n<script type=\"application\/ld+json\" class=\"yoast-schema-graph\">{\"@context\":\"https:\/\/schema.org\",\"@graph\":[{\"@type\":\"WebPage\",\"@id\":\"https:\/\/moto-pawmar.pl\/?product=spodnie-motocyklowe-skorzane-rebelhorn-diva-black-lady-dluga-nogawka\",\"url\":\"https:\/\/moto-pawmar.pl\/?product=spodnie-motocyklowe-skorzane-rebelhorn-diva-black-lady-dluga-nogawka\",\"name\":\"Spodnie motocyklowe sk\u00f3rzane Rebelhorn Diva Black LADY (D\u0142uga Nogawka) - MOTO-PAWMAR\",\"isPartOf\":{\"@id\":\"https:\/\/moto-pawmar.pl\/#website\"},\"primaryImageOfPage\":{\"@id\":\"https:\/\/moto-pawmar.pl\/?product=spodnie-motocyklowe-skorzane-rebelhorn-diva-black-lady-dluga-nogawka#primaryimage\"},\"image\":{\"@id\":\"https:\/\/moto-pawmar.pl\/?product=spodnie-motocyklowe-skorzane-rebelhorn-diva-black-lady-dluga-nogawka#primaryimage\"},\"thumbnailUrl\":\"https:\/\/moto-pawmar.pl\/wp-content\/uploads\/2025\/12\/349585_ZAL842756.jpg\",\"datePublished\":\"2025-12-18T12:08:47+00:00\",\"dateModified\":\"2025-12-18T12:10:45+00:00\",\"breadcrumb\":{\"@id\":\"https:\/\/moto-pawmar.pl\/?product=spodnie-motocyklowe-skorzane-rebelhorn-diva-black-lady-dluga-nogawka#breadcrumb\"},\"inLanguage\":\"pl-PL\",\"potentialAction\":[{\"@type\":\"ReadAction\",\"target\":[\"https:\/\/moto-pawmar.pl\/?product=spodnie-motocyklowe-skorzane-rebelhorn-diva-black-lady-dluga-nogawka\"]}]},{\"@type\":\"ImageObject\",\"inLanguage\":\"pl-PL\",\"@id\":\"https:\/\/moto-pawmar.pl\/?product=spodnie-motocyklowe-skorzane-rebelhorn-diva-black-lady-dluga-nogawka#primaryimage\",\"url\":\"https:\/\/moto-pawmar.pl\/wp-content\/uploads\/2025\/12\/349585_ZAL842756.jpg\",\"contentUrl\":\"https:\/\/moto-pawmar.pl\/wp-content\/uploads\/2025\/12\/349585_ZAL842756.jpg\",\"width\":800,\"height\":800},{\"@type\":\"BreadcrumbList\",\"@id\":\"https:\/\/moto-pawmar.pl\/?product=spodnie-motocyklowe-skorzane-rebelhorn-diva-black-lady-dluga-nogawka#breadcrumb\",\"itemListElement\":[{\"@type\":\"ListItem\",\"position\":1,\"name\":\"Strona g\u0142\u00f3wna\",\"item\":\"https:\/\/moto-pawmar.pl\/\"},{\"@type\":\"ListItem\",\"position\":2,\"name\":\"Sklep Internetowy\",\"item\":\"https:\/\/moto-pawmar.pl\/?page_id=367\"},{\"@type\":\"ListItem\",\"position\":3,\"name\":\"Spodnie motocyklowe sk\u00f3rzane Rebelhorn Diva Black LADY (D\u0142uga Nogawka)\"}]},{\"@type\":\"WebSite\",\"@id\":\"https:\/\/moto-pawmar.pl\/#website\",\"url\":\"https:\/\/moto-pawmar.pl\/\",\"name\":\"MOTO-PAWMAR\",\"description\":\"MOTO\u2011PAWMAR \u2013 Tw\u00f3j sklep z cz\u0119\u015bciami i akcesoriami do motocykli, skuter\u00f3w i quad\u00f3w.\",\"publisher\":{\"@id\":\"https:\/\/moto-pawmar.pl\/#organization\"},\"potentialAction\":[{\"@type\":\"SearchAction\",\"target\":{\"@type\":\"EntryPoint\",\"urlTemplate\":\"https:\/\/moto-pawmar.pl\/?s={search_term_string}\"},\"query-input\":{\"@type\":\"PropertyValueSpecification\",\"valueRequired\":true,\"valueName\":\"search_term_string\"}}],\"inLanguage\":\"pl-PL\"},{\"@type\":\"Organization\",\"@id\":\"https:\/\/moto-pawmar.pl\/#organization\",\"name\":\"MOTO-PAWMAR\",\"url\":\"https:\/\/moto-pawmar.pl\/\",\"logo\":{\"@type\":\"ImageObject\",\"inLanguage\":\"pl-PL\",\"@id\":\"https:\/\/moto-pawmar.pl\/#\/schema\/logo\/image\/\",\"url\":\"https:\/\/moto-pawmar.pl\/wp-content\/uploads\/2025\/10\/LOGO-SKLEP.png\",\"contentUrl\":\"https:\/\/moto-pawmar.pl\/wp-content\/uploads\/2025\/10\/LOGO-SKLEP.png\",\"width\":2480,\"height\":2053,\"caption\":\"MOTO-PAWMAR\"},\"image\":{\"@id\":\"https:\/\/moto-pawmar.pl\/#\/schema\/logo\/image\/\"},\"sameAs\":[\"https:\/\/www.facebook.com\/motopawmar\/?locale=pl_PL\"]}]}<\/script>\n<!-- \/ Yoast SEO plugin. -->","yoast_head_json":{"title":"Spodnie motocyklowe sk\u00f3rzane Rebelhorn Diva Black LADY (D\u0142uga Nogawka) - MOTO-PAWMAR","robots":{"index":"index","follow":"follow","max-snippet":"max-snippet:-1","max-image-preview":"max-image-preview:large","max-video-preview":"max-video-preview:-1"},"canonical":"https:\/\/moto-pawmar.pl\/?product=spodnie-motocyklowe-skorzane-rebelhorn-diva-black-lady-dluga-nogawka","og_locale":"pl_PL","og_type":"article","og_title":"Spodnie motocyklowe sk\u00f3rzane Rebelhorn Diva Black LADY (D\u0142uga Nogawka) - MOTO-PAWMAR","og_description":"Rebelhorn Diva\u00a0\u2013 Sportowe, damskie spodnie motocyklowe o dopasowanym kroju Slim Fit\/Sport. Posiadaj\u0105\u00a0najwy\u017cszy mo\u017cliwy poziom ochrony AAA. Spodnie Diva zosta\u0142y zaprojektowane z my\u015bl\u0105 o pozycji motocyklowej, z bardzo wysokim stanem, kt\u00f3ry podkre\u015bla kobiec\u0105 sylwetk\u0119 i zapewnia pe\u0142ne poczucie komfortu. Dzi\u0119ki elastycznym wstawkom spodnie \u015bwietnie uk\u0142adaj\u0105 si\u0119 podczas jazdy, a mo\u017cliwo\u015b\u0107 spi\u0119cia z kurtkami Diva (RS lub [&hellip;]","og_url":"https:\/\/moto-pawmar.pl\/?product=spodnie-motocyklowe-skorzane-rebelhorn-diva-black-lady-dluga-nogawka","og_site_name":"MOTO-PAWMAR","article_publisher":"https:\/\/www.facebook.com\/motopawmar\/?locale=pl_PL","article_modified_time":"2025-12-18T12:10:45+00:00","og_image":[{"width":800,"height":800,"url":"https:\/\/moto-pawmar.pl\/wp-content\/uploads\/2025\/12\/349585_ZAL842756.jpg","type":"image\/jpeg"}],"twitter_card":"summary_large_image","twitter_misc":{"Szacowany czas czytania":"2 minuty"},"schema":{"@context":"https:\/\/schema.org","@graph":[{"@type":"WebPage","@id":"https:\/\/moto-pawmar.pl\/?product=spodnie-motocyklowe-skorzane-rebelhorn-diva-black-lady-dluga-nogawka","url":"https:\/\/moto-pawmar.pl\/?product=spodnie-motocyklowe-skorzane-rebelhorn-diva-black-lady-dluga-nogawka","name":"Spodnie motocyklowe sk\u00f3rzane Rebelhorn Diva Black LADY (D\u0142uga Nogawka) - MOTO-PAWMAR","isPartOf":{"@id":"https:\/\/moto-pawmar.pl\/#website"},"primaryImageOfPage":{"@id":"https:\/\/moto-pawmar.pl\/?product=spodnie-motocyklowe-skorzane-rebelhorn-diva-black-lady-dluga-nogawka#primaryimage"},"image":{"@id":"https:\/\/moto-pawmar.pl\/?product=spodnie-motocyklowe-skorzane-rebelhorn-diva-black-lady-dluga-nogawka#primaryimage"},"thumbnailUrl":"https:\/\/moto-pawmar.pl\/wp-content\/uploads\/2025\/12\/349585_ZAL842756.jpg","datePublished":"2025-12-18T12:08:47+00:00","dateModified":"2025-12-18T12:10:45+00:00","breadcrumb":{"@id":"https:\/\/moto-pawmar.pl\/?product=spodnie-motocyklowe-skorzane-rebelhorn-diva-black-lady-dluga-nogawka#breadcrumb"},"inLanguage":"pl-PL","potentialAction":[{"@type":"ReadAction","target":["https:\/\/moto-pawmar.pl\/?product=spodnie-motocyklowe-skorzane-rebelhorn-diva-black-lady-dluga-nogawka"]}]},{"@type":"ImageObject","inLanguage":"pl-PL","@id":"https:\/\/moto-pawmar.pl\/?product=spodnie-motocyklowe-skorzane-rebelhorn-diva-black-lady-dluga-nogawka#primaryimage","url":"https:\/\/moto-pawmar.pl\/wp-content\/uploads\/2025\/12\/349585_ZAL842756.jpg","contentUrl":"https:\/\/moto-pawmar.pl\/wp-content\/uploads\/2025\/12\/349585_ZAL842756.jpg","width":800,"height":800},{"@type":"BreadcrumbList","@id":"https:\/\/moto-pawmar.pl\/?product=spodnie-motocyklowe-skorzane-rebelhorn-diva-black-lady-dluga-nogawka#breadcrumb","itemListElement":[{"@type":"ListItem","position":1,"name":"Strona g\u0142\u00f3wna","item":"https:\/\/moto-pawmar.pl\/"},{"@type":"ListItem","position":2,"name":"Sklep Internetowy","item":"https:\/\/moto-pawmar.pl\/?page_id=367"},{"@type":"ListItem","position":3,"name":"Spodnie motocyklowe sk\u00f3rzane Rebelhorn Diva Black LADY (D\u0142uga Nogawka)"}]},{"@type":"WebSite","@id":"https:\/\/moto-pawmar.pl\/#website","url":"https:\/\/moto-pawmar.pl\/","name":"MOTO-PAWMAR","description":"MOTO\u2011PAWMAR \u2013 Tw\u00f3j sklep z cz\u0119\u015bciami i akcesoriami do motocykli, skuter\u00f3w i quad\u00f3w.","publisher":{"@id":"https:\/\/moto-pawmar.pl\/#organization"},"potentialAction":[{"@type":"SearchAction","target":{"@type":"EntryPoint","urlTemplate":"https:\/\/moto-pawmar.pl\/?s={search_term_string}"},"query-input":{"@type":"PropertyValueSpecification","valueRequired":true,"valueName":"search_term_string"}}],"inLanguage":"pl-PL"},{"@type":"Organization","@id":"https:\/\/moto-pawmar.pl\/#organization","name":"MOTO-PAWMAR","url":"https:\/\/moto-pawmar.pl\/","logo":{"@type":"ImageObject","inLanguage":"pl-PL","@id":"https:\/\/moto-pawmar.pl\/#\/schema\/logo\/image\/","url":"https:\/\/moto-pawmar.pl\/wp-content\/uploads\/2025\/10\/LOGO-SKLEP.png","contentUrl":"https:\/\/moto-pawmar.pl\/wp-content\/uploads\/2025\/10\/LOGO-SKLEP.png","width":2480,"height":2053,"caption":"MOTO-PAWMAR"},"image":{"@id":"https:\/\/moto-pawmar.pl\/#\/schema\/logo\/image\/"},"sameAs":["https:\/\/www.facebook.com\/motopawmar\/?locale=pl_PL"]}]}},"_links":{"self":[{"href":"https:\/\/moto-pawmar.pl\/index.php?rest_route=\/wp\/v2\/product\/7478","targetHints":{"allow":["GET"]}}],"collection":[{"href":"https:\/\/moto-pawmar.pl\/index.php?rest_route=\/wp\/v2\/product"}],"about":[{"href":"https:\/\/moto-pawmar.pl\/index.php?rest_route=\/wp\/v2\/types\/product"}],"wp:featuredmedia":[{"embeddable":true,"href":"https:\/\/moto-pawmar.pl\/index.php?rest_route=\/wp\/v2\/media\/7486"}],"wp:attachment":[{"href":"https:\/\/moto-pawmar.pl\/index.php?rest_route=%2Fwp%2Fv2%2Fmedia&parent=7478"}],"wp:term":[{"taxonomy":"product_brand","embeddable":true,"href":"https:\/\/moto-pawmar.pl\/index.php?rest_route=%2Fwp%2Fv2%2Fproduct_brand&post=7478"},{"taxonomy":"product_cat","embeddable":true,"href":"https:\/\/moto-pawmar.pl\/index.php?rest_route=%2Fwp%2Fv2%2Fproduct_cat&post=7478"},{"taxonomy":"product_tag","embeddable":true,"href":"https:\/\/moto-pawmar.pl\/index.php?rest_route=%2Fwp%2Fv2%2Fproduct_tag&post=7478"}],"curies":[{"name":"wp","href":"https:\/\/api.w.org\/{rel}","templated":true}]}}