{"id":7416,"date":"2025-12-16T16:08:56","date_gmt":"2025-12-16T15:08:56","guid":{"rendered":"https:\/\/moto-pawmar.pl\/?post_type=product&#038;p=7416"},"modified":"2025-12-16T16:09:46","modified_gmt":"2025-12-16T15:09:46","slug":"kurtka-motocyklowa-skorzana-rebelhorn-veloce-camo-black-grey-fluo-red","status":"publish","type":"product","link":"https:\/\/moto-pawmar.pl\/?product=kurtka-motocyklowa-skorzana-rebelhorn-veloce-camo-black-grey-fluo-red","title":{"rendered":"Kurtka motocyklowa sk\u00f3rzana Rebelhorn Veloce Camo Black Grey Fluo Red"},"content":{"rendered":"<p><strong>Motocyklowa kurtka Rebelhorn Veloce<\/strong>, dzi\u0119ki przemy\u015blanemu krojowi, zapewnia komfort u\u017cytkowania na co dzie\u0144, jak i w turystyce osobom preferuj\u0105cym bezpiecze\u0144stwo oferowane przez odzie\u017c sk\u00f3rzan\u0105. Po po\u0142\u0105czeniu ze\u00a0<strong>spodniami Veloce<\/strong>\u00a0tworzy dwucz\u0119\u015bciowy kombinezon. Zastosowanie wstawek z 4<strong>-way stretch zapewnia optymalne dopasowanie<\/strong>. Kurtka ma te\u017c\u00a0<strong>rozbudowany system wentylacji<\/strong>.<\/p>\n<p><strong>Przeznaczenie:<\/strong>\u00a0Sport-Turystyka<\/p>\n<p><strong>Dopasowanie:<\/strong>\u00a0Regular<\/p>\n<p><strong>Liczba warstw:<\/strong>\u00a01<\/p>\n<p><strong>WARSTWY:<\/strong><\/p>\n<ul>\n<li><strong>warstwa zewn\u0119trzna:<\/strong>\u00a0sk\u00f3ra bydl\u0119ca, 4-way nylon stretch<\/li>\n<\/ul>\n<p><strong>BEZPIECZE\u0143STWO:<\/strong><\/p>\n<p>Za Twoje bezpiecze\u0144stwo odpowiadaj\u0105<strong>\u00a0ochraniacze poziomu 2\u00a0<\/strong>oraz\u00a0<strong>odblaskowe elementy<\/strong>.<\/p>\n<ul>\n<li>ochraniacze \u0142okci CE-level 2<\/li>\n<li>ochraniacze bark\u00f3w CE-level 2<\/li>\n<li>kiesze\u0144 na ochraniacz plec\u00f3w SAS-TEC SC-1\/15 (L 420mm)<\/li>\n<li>mo\u017cliwo\u015b\u0107 zastosowania ochraniacza klatki piersiowej<\/li>\n<li>wymienne slidery bark\u00f3w<\/li>\n<li>elementy odblaskowe Reflective<\/li>\n<li>produkt uszyty zgodnie ze standardami CE<\/li>\n<li>poziom ochrony AA<\/li>\n<\/ul>\n<p><strong>DOPASOWANIE:<\/strong><\/p>\n<ul>\n<li>regulacja w pasie<\/li>\n<\/ul>\n<p><strong>WENTYLACJA:<\/strong><\/p>\n<p>Kurtka ma\u00a0<strong>rozbudowany system wentylacji<\/strong>, zaprojektowany z my\u015bl\u0105 o zapewnieniu optymalnego komfortu termicznego w ciep\u0142e dni.\u00a0<strong>Kana\u0142y wentylacyjne ukryte pod d\u0142ugimi zamkami s\u0105 umieszczone na \u017cebrach, r\u0119kawie oraz z ty\u0142u kurtki<\/strong>.<\/p>\n<ul>\n<li>po 2 kana\u0142y wentylacyjne z przodu kurtki, z ty\u0142u kurtki i na r\u0119kawach<\/li>\n<li>centralny panel wentylacyjny<\/li>\n<\/ul>\n<p><strong>DODATKOWE CECHY:<\/strong><\/p>\n<p><strong>Elastyczne wstawki z materia\u0142u 4-way stretch<\/strong>\u00a0na ca\u0142ej d\u0142ugo\u015bci r\u0119kawa i na torsie znacznie poprawiaj\u0105 komfort noszenia.<\/p>\n<ul>\n<li>zamki \u0142\u0105cz\u0105ce (360\u00b0 i kr\u00f3tki), dzi\u0119ki kt\u00f3rym\u00a0<strong>zepniesz kurtk\u0119 z dowolnymi spodniami marki Rebelhorn<\/strong><\/li>\n<li><strong>mi\u0119kkie wyko\u0144czenie ko\u0142nierza<\/strong><\/li>\n<\/ul>\n<p><strong>KIESZENIE<\/strong>:<\/p>\n<ul>\n<li><strong>sucha kiesze\u0144<\/strong>, w kt\u00f3rej zmie\u015bcisz, np. portfel czy kom\u00f3rk\u0119<\/li>\n<li>dwie kieszenie zewn\u0119trzne<\/li>\n<\/ul>\n","protected":false},"excerpt":{"rendered":"<p>Motocyklowa kurtka Rebelhorn Veloce, dzi\u0119ki przemy\u015blanemu krojowi, zapewnia komfort u\u017cytkowania na co dzie\u0144, jak i w turystyce osobom preferuj\u0105cym bezpiecze\u0144stwo oferowane przez odzie\u017c sk\u00f3rzan\u0105. Po po\u0142\u0105czeniu ze\u00a0spodniami Veloce\u00a0tworzy dwucz\u0119\u015bciowy kombinezon. Zastosowanie wstawek z 4-way stretch zapewnia optymalne dopasowanie. Kurtka ma te\u017c\u00a0rozbudowany system wentylacji. Przeznaczenie:\u00a0Sport-Turystyka Dopasowanie:\u00a0Regular Liczba warstw:\u00a01 WARSTWY: warstwa zewn\u0119trzna:\u00a0sk\u00f3ra bydl\u0119ca, 4-way nylon stretch BEZPIECZE\u0143STWO: [&hellip;]<\/p>\n","protected":false},"featured_media":7426,"template":"","meta":[],"product_brand":[377],"product_cat":[289,280],"product_tag":[],"class_list":{"0":"post-7416","1":"product","2":"type-product","3":"status-publish","4":"has-post-thumbnail","6":"product_brand-rebelhorn","7":"product_cat-kombinezony-2cz-meska","8":"product_cat-kombinezony-meska","9":"pa_rozmiar-kombinezony-329","10":"pa_rozmiar-kombinezony-330","11":"pa_rozmiar-kombinezony-331","12":"pa_rozmiar-kombinezony-332","13":"pa_rozmiar-kombinezony-333","14":"pa_rozmiar-kombinezony-334","15":"pa_rozmiar-kombinezony-335","16":"pa_rozmiar-kombinezony-336","17":"pa_rozmiar-kombinezony-384","19":"first","20":"instock","21":"taxable","22":"shipping-taxable","23":"purchasable","24":"product-type-variable"},"yoast_head":"<!-- This site is optimized with the Yoast SEO plugin v26.9 - https:\/\/yoast.com\/product\/yoast-seo-wordpress\/ -->\n<title>Kurtka motocyklowa sk\u00f3rzana Rebelhorn Veloce Camo Black Grey Fluo Red - MOTO-PAWMAR<\/title>\n<meta name=\"robots\" content=\"index, follow, max-snippet:-1, max-image-preview:large, max-video-preview:-1\" \/>\n<link rel=\"canonical\" href=\"https:\/\/moto-pawmar.pl\/?product=kurtka-motocyklowa-skorzana-rebelhorn-veloce-camo-black-grey-fluo-red\" \/>\n<meta property=\"og:locale\" content=\"pl_PL\" \/>\n<meta property=\"og:type\" content=\"article\" \/>\n<meta property=\"og:title\" content=\"Kurtka motocyklowa sk\u00f3rzana Rebelhorn Veloce Camo Black Grey Fluo Red - MOTO-PAWMAR\" \/>\n<meta property=\"og:description\" content=\"Motocyklowa kurtka Rebelhorn Veloce, dzi\u0119ki przemy\u015blanemu krojowi, zapewnia komfort u\u017cytkowania na co dzie\u0144, jak i w turystyce osobom preferuj\u0105cym bezpiecze\u0144stwo oferowane przez odzie\u017c sk\u00f3rzan\u0105. Po po\u0142\u0105czeniu ze\u00a0spodniami Veloce\u00a0tworzy dwucz\u0119\u015bciowy kombinezon. Zastosowanie wstawek z 4-way stretch zapewnia optymalne dopasowanie. Kurtka ma te\u017c\u00a0rozbudowany system wentylacji. Przeznaczenie:\u00a0Sport-Turystyka Dopasowanie:\u00a0Regular Liczba warstw:\u00a01 WARSTWY: warstwa zewn\u0119trzna:\u00a0sk\u00f3ra bydl\u0119ca, 4-way nylon stretch BEZPIECZE\u0143STWO: [&hellip;]\" \/>\n<meta property=\"og:url\" content=\"https:\/\/moto-pawmar.pl\/?product=kurtka-motocyklowa-skorzana-rebelhorn-veloce-camo-black-grey-fluo-red\" \/>\n<meta property=\"og:site_name\" content=\"MOTO-PAWMAR\" \/>\n<meta property=\"article:publisher\" content=\"https:\/\/www.facebook.com\/motopawmar\/?locale=pl_PL\" \/>\n<meta property=\"article:modified_time\" content=\"2025-12-16T15:09:46+00:00\" \/>\n<meta property=\"og:image\" content=\"https:\/\/moto-pawmar.pl\/wp-content\/uploads\/2025\/12\/330480_ZAL763375.jpg\" \/>\n\t<meta property=\"og:image:width\" content=\"800\" \/>\n\t<meta property=\"og:image:height\" content=\"800\" \/>\n\t<meta property=\"og:image:type\" content=\"image\/jpeg\" \/>\n<meta name=\"twitter:card\" content=\"summary_large_image\" \/>\n<meta name=\"twitter:label1\" content=\"Szacowany czas czytania\" \/>\n\t<meta name=\"twitter:data1\" content=\"1 minuta\" \/>\n<script type=\"application\/ld+json\" class=\"yoast-schema-graph\">{\"@context\":\"https:\/\/schema.org\",\"@graph\":[{\"@type\":\"WebPage\",\"@id\":\"https:\/\/moto-pawmar.pl\/?product=kurtka-motocyklowa-skorzana-rebelhorn-veloce-camo-black-grey-fluo-red\",\"url\":\"https:\/\/moto-pawmar.pl\/?product=kurtka-motocyklowa-skorzana-rebelhorn-veloce-camo-black-grey-fluo-red\",\"name\":\"Kurtka motocyklowa sk\u00f3rzana Rebelhorn Veloce Camo Black Grey Fluo Red - MOTO-PAWMAR\",\"isPartOf\":{\"@id\":\"https:\/\/moto-pawmar.pl\/#website\"},\"primaryImageOfPage\":{\"@id\":\"https:\/\/moto-pawmar.pl\/?product=kurtka-motocyklowa-skorzana-rebelhorn-veloce-camo-black-grey-fluo-red#primaryimage\"},\"image\":{\"@id\":\"https:\/\/moto-pawmar.pl\/?product=kurtka-motocyklowa-skorzana-rebelhorn-veloce-camo-black-grey-fluo-red#primaryimage\"},\"thumbnailUrl\":\"https:\/\/moto-pawmar.pl\/wp-content\/uploads\/2025\/12\/330480_ZAL763375.jpg\",\"datePublished\":\"2025-12-16T15:08:56+00:00\",\"dateModified\":\"2025-12-16T15:09:46+00:00\",\"breadcrumb\":{\"@id\":\"https:\/\/moto-pawmar.pl\/?product=kurtka-motocyklowa-skorzana-rebelhorn-veloce-camo-black-grey-fluo-red#breadcrumb\"},\"inLanguage\":\"pl-PL\",\"potentialAction\":[{\"@type\":\"ReadAction\",\"target\":[\"https:\/\/moto-pawmar.pl\/?product=kurtka-motocyklowa-skorzana-rebelhorn-veloce-camo-black-grey-fluo-red\"]}]},{\"@type\":\"ImageObject\",\"inLanguage\":\"pl-PL\",\"@id\":\"https:\/\/moto-pawmar.pl\/?product=kurtka-motocyklowa-skorzana-rebelhorn-veloce-camo-black-grey-fluo-red#primaryimage\",\"url\":\"https:\/\/moto-pawmar.pl\/wp-content\/uploads\/2025\/12\/330480_ZAL763375.jpg\",\"contentUrl\":\"https:\/\/moto-pawmar.pl\/wp-content\/uploads\/2025\/12\/330480_ZAL763375.jpg\",\"width\":800,\"height\":800},{\"@type\":\"BreadcrumbList\",\"@id\":\"https:\/\/moto-pawmar.pl\/?product=kurtka-motocyklowa-skorzana-rebelhorn-veloce-camo-black-grey-fluo-red#breadcrumb\",\"itemListElement\":[{\"@type\":\"ListItem\",\"position\":1,\"name\":\"Strona g\u0142\u00f3wna\",\"item\":\"https:\/\/moto-pawmar.pl\/\"},{\"@type\":\"ListItem\",\"position\":2,\"name\":\"Sklep Internetowy\",\"item\":\"https:\/\/moto-pawmar.pl\/?page_id=367\"},{\"@type\":\"ListItem\",\"position\":3,\"name\":\"Kurtka motocyklowa sk\u00f3rzana Rebelhorn Veloce Camo Black Grey Fluo Red\"}]},{\"@type\":\"WebSite\",\"@id\":\"https:\/\/moto-pawmar.pl\/#website\",\"url\":\"https:\/\/moto-pawmar.pl\/\",\"name\":\"MOTO-PAWMAR\",\"description\":\"MOTO\u2011PAWMAR \u2013 Tw\u00f3j sklep z cz\u0119\u015bciami i akcesoriami do motocykli, skuter\u00f3w i quad\u00f3w.\",\"publisher\":{\"@id\":\"https:\/\/moto-pawmar.pl\/#organization\"},\"potentialAction\":[{\"@type\":\"SearchAction\",\"target\":{\"@type\":\"EntryPoint\",\"urlTemplate\":\"https:\/\/moto-pawmar.pl\/?s={search_term_string}\"},\"query-input\":{\"@type\":\"PropertyValueSpecification\",\"valueRequired\":true,\"valueName\":\"search_term_string\"}}],\"inLanguage\":\"pl-PL\"},{\"@type\":\"Organization\",\"@id\":\"https:\/\/moto-pawmar.pl\/#organization\",\"name\":\"MOTO-PAWMAR\",\"url\":\"https:\/\/moto-pawmar.pl\/\",\"logo\":{\"@type\":\"ImageObject\",\"inLanguage\":\"pl-PL\",\"@id\":\"https:\/\/moto-pawmar.pl\/#\/schema\/logo\/image\/\",\"url\":\"https:\/\/moto-pawmar.pl\/wp-content\/uploads\/2025\/10\/LOGO-SKLEP.png\",\"contentUrl\":\"https:\/\/moto-pawmar.pl\/wp-content\/uploads\/2025\/10\/LOGO-SKLEP.png\",\"width\":2480,\"height\":2053,\"caption\":\"MOTO-PAWMAR\"},\"image\":{\"@id\":\"https:\/\/moto-pawmar.pl\/#\/schema\/logo\/image\/\"},\"sameAs\":[\"https:\/\/www.facebook.com\/motopawmar\/?locale=pl_PL\"]}]}<\/script>\n<!-- \/ Yoast SEO plugin. -->","yoast_head_json":{"title":"Kurtka motocyklowa sk\u00f3rzana Rebelhorn Veloce Camo Black Grey Fluo Red - MOTO-PAWMAR","robots":{"index":"index","follow":"follow","max-snippet":"max-snippet:-1","max-image-preview":"max-image-preview:large","max-video-preview":"max-video-preview:-1"},"canonical":"https:\/\/moto-pawmar.pl\/?product=kurtka-motocyklowa-skorzana-rebelhorn-veloce-camo-black-grey-fluo-red","og_locale":"pl_PL","og_type":"article","og_title":"Kurtka motocyklowa sk\u00f3rzana Rebelhorn Veloce Camo Black Grey Fluo Red - MOTO-PAWMAR","og_description":"Motocyklowa kurtka Rebelhorn Veloce, dzi\u0119ki przemy\u015blanemu krojowi, zapewnia komfort u\u017cytkowania na co dzie\u0144, jak i w turystyce osobom preferuj\u0105cym bezpiecze\u0144stwo oferowane przez odzie\u017c sk\u00f3rzan\u0105. Po po\u0142\u0105czeniu ze\u00a0spodniami Veloce\u00a0tworzy dwucz\u0119\u015bciowy kombinezon. Zastosowanie wstawek z 4-way stretch zapewnia optymalne dopasowanie. Kurtka ma te\u017c\u00a0rozbudowany system wentylacji. Przeznaczenie:\u00a0Sport-Turystyka Dopasowanie:\u00a0Regular Liczba warstw:\u00a01 WARSTWY: warstwa zewn\u0119trzna:\u00a0sk\u00f3ra bydl\u0119ca, 4-way nylon stretch BEZPIECZE\u0143STWO: [&hellip;]","og_url":"https:\/\/moto-pawmar.pl\/?product=kurtka-motocyklowa-skorzana-rebelhorn-veloce-camo-black-grey-fluo-red","og_site_name":"MOTO-PAWMAR","article_publisher":"https:\/\/www.facebook.com\/motopawmar\/?locale=pl_PL","article_modified_time":"2025-12-16T15:09:46+00:00","og_image":[{"width":800,"height":800,"url":"https:\/\/moto-pawmar.pl\/wp-content\/uploads\/2025\/12\/330480_ZAL763375.jpg","type":"image\/jpeg"}],"twitter_card":"summary_large_image","twitter_misc":{"Szacowany czas czytania":"1 minuta"},"schema":{"@context":"https:\/\/schema.org","@graph":[{"@type":"WebPage","@id":"https:\/\/moto-pawmar.pl\/?product=kurtka-motocyklowa-skorzana-rebelhorn-veloce-camo-black-grey-fluo-red","url":"https:\/\/moto-pawmar.pl\/?product=kurtka-motocyklowa-skorzana-rebelhorn-veloce-camo-black-grey-fluo-red","name":"Kurtka motocyklowa sk\u00f3rzana Rebelhorn Veloce Camo Black Grey Fluo Red - MOTO-PAWMAR","isPartOf":{"@id":"https:\/\/moto-pawmar.pl\/#website"},"primaryImageOfPage":{"@id":"https:\/\/moto-pawmar.pl\/?product=kurtka-motocyklowa-skorzana-rebelhorn-veloce-camo-black-grey-fluo-red#primaryimage"},"image":{"@id":"https:\/\/moto-pawmar.pl\/?product=kurtka-motocyklowa-skorzana-rebelhorn-veloce-camo-black-grey-fluo-red#primaryimage"},"thumbnailUrl":"https:\/\/moto-pawmar.pl\/wp-content\/uploads\/2025\/12\/330480_ZAL763375.jpg","datePublished":"2025-12-16T15:08:56+00:00","dateModified":"2025-12-16T15:09:46+00:00","breadcrumb":{"@id":"https:\/\/moto-pawmar.pl\/?product=kurtka-motocyklowa-skorzana-rebelhorn-veloce-camo-black-grey-fluo-red#breadcrumb"},"inLanguage":"pl-PL","potentialAction":[{"@type":"ReadAction","target":["https:\/\/moto-pawmar.pl\/?product=kurtka-motocyklowa-skorzana-rebelhorn-veloce-camo-black-grey-fluo-red"]}]},{"@type":"ImageObject","inLanguage":"pl-PL","@id":"https:\/\/moto-pawmar.pl\/?product=kurtka-motocyklowa-skorzana-rebelhorn-veloce-camo-black-grey-fluo-red#primaryimage","url":"https:\/\/moto-pawmar.pl\/wp-content\/uploads\/2025\/12\/330480_ZAL763375.jpg","contentUrl":"https:\/\/moto-pawmar.pl\/wp-content\/uploads\/2025\/12\/330480_ZAL763375.jpg","width":800,"height":800},{"@type":"BreadcrumbList","@id":"https:\/\/moto-pawmar.pl\/?product=kurtka-motocyklowa-skorzana-rebelhorn-veloce-camo-black-grey-fluo-red#breadcrumb","itemListElement":[{"@type":"ListItem","position":1,"name":"Strona g\u0142\u00f3wna","item":"https:\/\/moto-pawmar.pl\/"},{"@type":"ListItem","position":2,"name":"Sklep Internetowy","item":"https:\/\/moto-pawmar.pl\/?page_id=367"},{"@type":"ListItem","position":3,"name":"Kurtka motocyklowa sk\u00f3rzana Rebelhorn Veloce Camo Black Grey Fluo Red"}]},{"@type":"WebSite","@id":"https:\/\/moto-pawmar.pl\/#website","url":"https:\/\/moto-pawmar.pl\/","name":"MOTO-PAWMAR","description":"MOTO\u2011PAWMAR \u2013 Tw\u00f3j sklep z cz\u0119\u015bciami i akcesoriami do motocykli, skuter\u00f3w i quad\u00f3w.","publisher":{"@id":"https:\/\/moto-pawmar.pl\/#organization"},"potentialAction":[{"@type":"SearchAction","target":{"@type":"EntryPoint","urlTemplate":"https:\/\/moto-pawmar.pl\/?s={search_term_string}"},"query-input":{"@type":"PropertyValueSpecification","valueRequired":true,"valueName":"search_term_string"}}],"inLanguage":"pl-PL"},{"@type":"Organization","@id":"https:\/\/moto-pawmar.pl\/#organization","name":"MOTO-PAWMAR","url":"https:\/\/moto-pawmar.pl\/","logo":{"@type":"ImageObject","inLanguage":"pl-PL","@id":"https:\/\/moto-pawmar.pl\/#\/schema\/logo\/image\/","url":"https:\/\/moto-pawmar.pl\/wp-content\/uploads\/2025\/10\/LOGO-SKLEP.png","contentUrl":"https:\/\/moto-pawmar.pl\/wp-content\/uploads\/2025\/10\/LOGO-SKLEP.png","width":2480,"height":2053,"caption":"MOTO-PAWMAR"},"image":{"@id":"https:\/\/moto-pawmar.pl\/#\/schema\/logo\/image\/"},"sameAs":["https:\/\/www.facebook.com\/motopawmar\/?locale=pl_PL"]}]}},"_links":{"self":[{"href":"https:\/\/moto-pawmar.pl\/index.php?rest_route=\/wp\/v2\/product\/7416","targetHints":{"allow":["GET"]}}],"collection":[{"href":"https:\/\/moto-pawmar.pl\/index.php?rest_route=\/wp\/v2\/product"}],"about":[{"href":"https:\/\/moto-pawmar.pl\/index.php?rest_route=\/wp\/v2\/types\/product"}],"wp:featuredmedia":[{"embeddable":true,"href":"https:\/\/moto-pawmar.pl\/index.php?rest_route=\/wp\/v2\/media\/7426"}],"wp:attachment":[{"href":"https:\/\/moto-pawmar.pl\/index.php?rest_route=%2Fwp%2Fv2%2Fmedia&parent=7416"}],"wp:term":[{"taxonomy":"product_brand","embeddable":true,"href":"https:\/\/moto-pawmar.pl\/index.php?rest_route=%2Fwp%2Fv2%2Fproduct_brand&post=7416"},{"taxonomy":"product_cat","embeddable":true,"href":"https:\/\/moto-pawmar.pl\/index.php?rest_route=%2Fwp%2Fv2%2Fproduct_cat&post=7416"},{"taxonomy":"product_tag","embeddable":true,"href":"https:\/\/moto-pawmar.pl\/index.php?rest_route=%2Fwp%2Fv2%2Fproduct_tag&post=7416"}],"curies":[{"name":"wp","href":"https:\/\/api.w.org\/{rel}","templated":true}]}}