{"id":7335,"date":"2025-12-16T14:52:17","date_gmt":"2025-12-16T13:52:17","guid":{"rendered":"https:\/\/moto-pawmar.pl\/?post_type=product&#038;p=7335"},"modified":"2025-12-16T14:53:08","modified_gmt":"2025-12-16T13:53:08","slug":"kurtka-motocyklowa-skorzana-rebelhorn-inferno-black-white","status":"publish","type":"product","link":"https:\/\/moto-pawmar.pl\/?product=kurtka-motocyklowa-skorzana-rebelhorn-inferno-black-white","title":{"rendered":"Kurtka motocyklowa sk\u00f3rzana Rebelhorn Inferno Black White"},"content":{"rendered":"<p><strong>Sportowa kurtka motocyklowa sk\u00f3rzana Rebelhorn Inferno<\/strong>\u00a0zosta\u0142a stworzona z my\u015bl\u0105 o mi\u0142o\u015bnikach dynamicznej jazdy miejskiej i torowej oraz wymagaj\u0105cych motocyklistach szukaj\u0105cych ochrony na najwy\u017cszym poziomie AAA. Wykonana z mi\u0119kko wyprawionej sk\u00f3ry bydl\u0119cej, w po\u0142\u0105czeniu z elastycznym materia\u0142em 4-way stretch oraz dodatkow\u0105 kamizelk\u0105 typu windblock, zapewnia doskona\u0142\u0105 ochron\u0119, wygod\u0119 i ergonomi\u0119. Idealnie pasuje do spodni Rebelhorn Inferno, tworz\u0105c kompletny, dwucz\u0119\u015bciowy sportowy kombinezon motocyklowy. Kurtka Rebelhorn Inferno to doskona\u0142y wyb\u00f3r dla motocyklist\u00f3w ceni\u0105cych dynamiczn\u0105 jazd\u0119 i niezawodn\u0105 ochron\u0119.<\/p>\n<p>&nbsp;<\/p>\n<p><strong>Przeznaczenie:<\/strong>\u00a0Sport\/Street<\/p>\n<p><strong>Liczba warstw:<\/strong>\u00a02<\/p>\n<p><strong>Warstwy:<\/strong><\/p>\n<p>Kurtka wykonana jest z najwy\u017cszej jako\u015bci sk\u00f3ry bydl\u0119cej i wytrzyma\u0142ego materia\u0142u stretch, co zapewnia trwa\u0142o\u015b\u0107 i pe\u0142n\u0105 swobod\u0119 ruch\u00f3w. Kamizelka windblock dodatkowo chroni przed wiatrem, co zwi\u0119ksza komfort jazdy w zmiennych warunkach pogodowych.<\/p>\n<ul>\n<li><strong>Warstwa zewn\u0119trzna kurtki:<\/strong>\u00a0100% Sk\u00f3ra bydl\u0119ca, 100% 4-way nylon stretch<\/li>\n<li><strong>Podszewka:<\/strong>\u00a0100% Poliester mesh<\/li>\n<li><strong>Kamizelka windblock<\/strong>\u00a0(do stosowania pod lub na kombinezon): 100% Poliester<\/li>\n<\/ul>\n<p><strong>Ochraniacze\/Bezpiecze\u0144stwo:<\/strong><\/p>\n<p>Rebelhorn Inferno oferuje maksymalny poziom ochrony dzi\u0119ki ochraniaczom RE ZRO\u00ae na \u0142okciach, barkach, plecach. Kurtka posiada tak\u017ce kiesze\u0144 na ochraniacz klatki piersiowej, kt\u00f3ry mo\u017cna dokupi\u0107 osobno. Dodatkowo zewn\u0119trzne slidery na barkach oraz wstawki z materia\u0142u Superfabric\u00ae wzmacniaj\u0105 szwy, szczeg\u00f3lnie w okolicach \u0142okci, zwi\u0119kszaj\u0105c bezpiecze\u0144stwo na trasie i torze.<\/p>\n<ul>\n<li><strong>\u0141okcie:<\/strong>\u00a0RE ZRO\u00ae MK1-C2-EK LVL2<\/li>\n<li><strong>Barki:<\/strong>\u00a0RE ZRO\u00ae MK1-C2-S LVL2<\/li>\n<li><strong>Plecy:<\/strong>\u00a0RE ZRO\u00ae MK1-BPL2 LVL2 SIZE L<\/li>\n<li><strong>Kiesze\u0144 na ochraniacz klatki piersiowej:<\/strong>\u00a0RE ZRO\u00ae MK1-DCP2B-L<\/li>\n<li><strong>Zewn\u0119trzne slidery bark\u00f3w<\/strong><\/li>\n<li><strong>Wstawki Superfabric\u00ae w okolicach \u0142okci<\/strong><\/li>\n<li><strong>CE LEVEL: AAA<\/strong><\/li>\n<\/ul>\n<p><strong>Dopasowanie:<\/strong><\/p>\n<p>Kurtka posiada regulacj\u0119 w biodrach, co pozwala idealnie dopasowa\u0107 j\u0105 do sylwetki, zapewniaj\u0105c komfort i swobod\u0119 ruch\u00f3w.<\/p>\n<ul>\n<li><strong>Regulacja obwodu na biodrach<\/strong><\/li>\n<\/ul>\n<p><strong>Wentylacja:<\/strong><\/p>\n<p>Dzi\u0119ki perforowanej sk\u00f3rze oraz centralnemu kana\u0142owi wentylacyjnemu, kurtka Rebelhorn Inferno oferuje doskona\u0142\u0105 cyrkulacj\u0119 powietrza, co zapewnia komfort termiczny nawet podczas intensywnej jazdy.<\/p>\n<ul>\n<li><strong>Perforowana sk\u00f3ra<\/strong><\/li>\n<li><strong>Centralny kana\u0142 wentylacyjny<\/strong><\/li>\n<\/ul>\n<p><strong>Komfort + Dodatkowe cechy:<\/strong><\/p>\n<p>Kurtka Rebelhorn Inferno zosta\u0142a zaprojektowana z my\u015bl\u0105 o komforcie u\u017cytkowania. Du\u017ce elastyczne wstawki oraz materia\u0142 4-way stretch zapewniaj\u0105 swobod\u0119 ruch\u00f3w, a pullery na zamkach u\u0142atwiaj\u0105 ich obs\u0142ug\u0119. Wewn\u0119trzna kamizelka windblock chroni przed wiatrem, a kr\u00f3j kurtki umo\u017cliwia spi\u0119cie jej zar\u00f3wno z jeansami motocyklowymi, jak i dedykowanymi spodniami sk\u00f3rzanymi Rebelhorn Inferno.<\/p>\n<ul>\n<li><strong>Zamki \u0142\u0105cz\u0105ce typu 10C (360\u00b0) oraz 8VST (kr\u00f3tki)<\/strong><\/li>\n<li><strong>Elastyczne wstawki i materia\u0142 4-way stretch dla maksymalnego komfortu<\/strong><\/li>\n<li><strong>Pullery u\u0142atwiaj\u0105ce obs\u0142ug\u0119 zamk\u00f3w<\/strong><\/li>\n<li><strong>Odpinana kamizelka typu windblock<\/strong><\/li>\n<li><strong>Kr\u00f3j umo\u017cliwiaj\u0105cy spi\u0119cie kurtki z jeansami<\/strong><\/li>\n<\/ul>\n<p><strong>Kieszenie:<\/strong><\/p>\n<ul>\n<li>Wewn\u0119trzna kiesze\u0144 wodoodporna<\/li>\n<\/ul>\n","protected":false},"excerpt":{"rendered":"<p>Sportowa kurtka motocyklowa sk\u00f3rzana Rebelhorn Inferno\u00a0zosta\u0142a stworzona z my\u015bl\u0105 o mi\u0142o\u015bnikach dynamicznej jazdy miejskiej i torowej oraz wymagaj\u0105cych motocyklistach szukaj\u0105cych ochrony na najwy\u017cszym poziomie AAA. Wykonana z mi\u0119kko wyprawionej sk\u00f3ry bydl\u0119cej, w po\u0142\u0105czeniu z elastycznym materia\u0142em 4-way stretch oraz dodatkow\u0105 kamizelk\u0105 typu windblock, zapewnia doskona\u0142\u0105 ochron\u0119, wygod\u0119 i ergonomi\u0119. Idealnie pasuje do spodni Rebelhorn Inferno, [&hellip;]<\/p>\n","protected":false},"featured_media":7346,"template":"","meta":[],"product_brand":[377],"product_cat":[289,280],"product_tag":[],"class_list":{"0":"post-7335","1":"product","2":"type-product","3":"status-publish","4":"has-post-thumbnail","6":"product_brand-rebelhorn","7":"product_cat-kombinezony-2cz-meska","8":"product_cat-kombinezony-meska","9":"pa_rozmiar-kombinezony-329","10":"pa_rozmiar-kombinezony-330","11":"pa_rozmiar-kombinezony-331","12":"pa_rozmiar-kombinezony-332","13":"pa_rozmiar-kombinezony-333","14":"pa_rozmiar-kombinezony-334","15":"pa_rozmiar-kombinezony-335","16":"pa_rozmiar-kombinezony-336","17":"pa_rozmiar-kombinezony-384","19":"first","20":"instock","21":"taxable","22":"shipping-taxable","23":"purchasable","24":"product-type-variable"},"yoast_head":"<!-- This site is optimized with the Yoast SEO plugin v26.9 - https:\/\/yoast.com\/product\/yoast-seo-wordpress\/ -->\n<title>Kurtka motocyklowa sk\u00f3rzana Rebelhorn Inferno Black White - MOTO-PAWMAR<\/title>\n<meta name=\"robots\" content=\"index, follow, max-snippet:-1, max-image-preview:large, max-video-preview:-1\" \/>\n<link rel=\"canonical\" href=\"https:\/\/moto-pawmar.pl\/?product=kurtka-motocyklowa-skorzana-rebelhorn-inferno-black-white\" \/>\n<meta property=\"og:locale\" content=\"pl_PL\" \/>\n<meta property=\"og:type\" content=\"article\" \/>\n<meta property=\"og:title\" content=\"Kurtka motocyklowa sk\u00f3rzana Rebelhorn Inferno Black White - MOTO-PAWMAR\" \/>\n<meta property=\"og:description\" content=\"Sportowa kurtka motocyklowa sk\u00f3rzana Rebelhorn Inferno\u00a0zosta\u0142a stworzona z my\u015bl\u0105 o mi\u0142o\u015bnikach dynamicznej jazdy miejskiej i torowej oraz wymagaj\u0105cych motocyklistach szukaj\u0105cych ochrony na najwy\u017cszym poziomie AAA. Wykonana z mi\u0119kko wyprawionej sk\u00f3ry bydl\u0119cej, w po\u0142\u0105czeniu z elastycznym materia\u0142em 4-way stretch oraz dodatkow\u0105 kamizelk\u0105 typu windblock, zapewnia doskona\u0142\u0105 ochron\u0119, wygod\u0119 i ergonomi\u0119. Idealnie pasuje do spodni Rebelhorn Inferno, [&hellip;]\" \/>\n<meta property=\"og:url\" content=\"https:\/\/moto-pawmar.pl\/?product=kurtka-motocyklowa-skorzana-rebelhorn-inferno-black-white\" \/>\n<meta property=\"og:site_name\" content=\"MOTO-PAWMAR\" \/>\n<meta property=\"article:publisher\" content=\"https:\/\/www.facebook.com\/motopawmar\/?locale=pl_PL\" \/>\n<meta property=\"article:modified_time\" content=\"2025-12-16T13:53:08+00:00\" \/>\n<meta property=\"og:image\" content=\"https:\/\/moto-pawmar.pl\/wp-content\/uploads\/2025\/12\/324171_ZAL797633.jpg\" \/>\n\t<meta property=\"og:image:width\" content=\"800\" \/>\n\t<meta property=\"og:image:height\" content=\"800\" \/>\n\t<meta property=\"og:image:type\" content=\"image\/jpeg\" \/>\n<meta name=\"twitter:card\" content=\"summary_large_image\" \/>\n<meta name=\"twitter:label1\" content=\"Szacowany czas czytania\" \/>\n\t<meta name=\"twitter:data1\" content=\"2 minuty\" \/>\n<script type=\"application\/ld+json\" class=\"yoast-schema-graph\">{\"@context\":\"https:\/\/schema.org\",\"@graph\":[{\"@type\":\"WebPage\",\"@id\":\"https:\/\/moto-pawmar.pl\/?product=kurtka-motocyklowa-skorzana-rebelhorn-inferno-black-white\",\"url\":\"https:\/\/moto-pawmar.pl\/?product=kurtka-motocyklowa-skorzana-rebelhorn-inferno-black-white\",\"name\":\"Kurtka motocyklowa sk\u00f3rzana Rebelhorn Inferno Black White - MOTO-PAWMAR\",\"isPartOf\":{\"@id\":\"https:\/\/moto-pawmar.pl\/#website\"},\"primaryImageOfPage\":{\"@id\":\"https:\/\/moto-pawmar.pl\/?product=kurtka-motocyklowa-skorzana-rebelhorn-inferno-black-white#primaryimage\"},\"image\":{\"@id\":\"https:\/\/moto-pawmar.pl\/?product=kurtka-motocyklowa-skorzana-rebelhorn-inferno-black-white#primaryimage\"},\"thumbnailUrl\":\"https:\/\/moto-pawmar.pl\/wp-content\/uploads\/2025\/12\/324171_ZAL797633.jpg\",\"datePublished\":\"2025-12-16T13:52:17+00:00\",\"dateModified\":\"2025-12-16T13:53:08+00:00\",\"breadcrumb\":{\"@id\":\"https:\/\/moto-pawmar.pl\/?product=kurtka-motocyklowa-skorzana-rebelhorn-inferno-black-white#breadcrumb\"},\"inLanguage\":\"pl-PL\",\"potentialAction\":[{\"@type\":\"ReadAction\",\"target\":[\"https:\/\/moto-pawmar.pl\/?product=kurtka-motocyklowa-skorzana-rebelhorn-inferno-black-white\"]}]},{\"@type\":\"ImageObject\",\"inLanguage\":\"pl-PL\",\"@id\":\"https:\/\/moto-pawmar.pl\/?product=kurtka-motocyklowa-skorzana-rebelhorn-inferno-black-white#primaryimage\",\"url\":\"https:\/\/moto-pawmar.pl\/wp-content\/uploads\/2025\/12\/324171_ZAL797633.jpg\",\"contentUrl\":\"https:\/\/moto-pawmar.pl\/wp-content\/uploads\/2025\/12\/324171_ZAL797633.jpg\",\"width\":800,\"height\":800},{\"@type\":\"BreadcrumbList\",\"@id\":\"https:\/\/moto-pawmar.pl\/?product=kurtka-motocyklowa-skorzana-rebelhorn-inferno-black-white#breadcrumb\",\"itemListElement\":[{\"@type\":\"ListItem\",\"position\":1,\"name\":\"Strona g\u0142\u00f3wna\",\"item\":\"https:\/\/moto-pawmar.pl\/\"},{\"@type\":\"ListItem\",\"position\":2,\"name\":\"Sklep Internetowy\",\"item\":\"https:\/\/moto-pawmar.pl\/?page_id=367\"},{\"@type\":\"ListItem\",\"position\":3,\"name\":\"Kurtka motocyklowa sk\u00f3rzana Rebelhorn Inferno Black White\"}]},{\"@type\":\"WebSite\",\"@id\":\"https:\/\/moto-pawmar.pl\/#website\",\"url\":\"https:\/\/moto-pawmar.pl\/\",\"name\":\"MOTO-PAWMAR\",\"description\":\"MOTO\u2011PAWMAR \u2013 Tw\u00f3j sklep z cz\u0119\u015bciami i akcesoriami do motocykli, skuter\u00f3w i quad\u00f3w.\",\"publisher\":{\"@id\":\"https:\/\/moto-pawmar.pl\/#organization\"},\"potentialAction\":[{\"@type\":\"SearchAction\",\"target\":{\"@type\":\"EntryPoint\",\"urlTemplate\":\"https:\/\/moto-pawmar.pl\/?s={search_term_string}\"},\"query-input\":{\"@type\":\"PropertyValueSpecification\",\"valueRequired\":true,\"valueName\":\"search_term_string\"}}],\"inLanguage\":\"pl-PL\"},{\"@type\":\"Organization\",\"@id\":\"https:\/\/moto-pawmar.pl\/#organization\",\"name\":\"MOTO-PAWMAR\",\"url\":\"https:\/\/moto-pawmar.pl\/\",\"logo\":{\"@type\":\"ImageObject\",\"inLanguage\":\"pl-PL\",\"@id\":\"https:\/\/moto-pawmar.pl\/#\/schema\/logo\/image\/\",\"url\":\"https:\/\/moto-pawmar.pl\/wp-content\/uploads\/2025\/10\/LOGO-SKLEP.png\",\"contentUrl\":\"https:\/\/moto-pawmar.pl\/wp-content\/uploads\/2025\/10\/LOGO-SKLEP.png\",\"width\":2480,\"height\":2053,\"caption\":\"MOTO-PAWMAR\"},\"image\":{\"@id\":\"https:\/\/moto-pawmar.pl\/#\/schema\/logo\/image\/\"},\"sameAs\":[\"https:\/\/www.facebook.com\/motopawmar\/?locale=pl_PL\"]}]}<\/script>\n<!-- \/ Yoast SEO plugin. -->","yoast_head_json":{"title":"Kurtka motocyklowa sk\u00f3rzana Rebelhorn Inferno Black White - MOTO-PAWMAR","robots":{"index":"index","follow":"follow","max-snippet":"max-snippet:-1","max-image-preview":"max-image-preview:large","max-video-preview":"max-video-preview:-1"},"canonical":"https:\/\/moto-pawmar.pl\/?product=kurtka-motocyklowa-skorzana-rebelhorn-inferno-black-white","og_locale":"pl_PL","og_type":"article","og_title":"Kurtka motocyklowa sk\u00f3rzana Rebelhorn Inferno Black White - MOTO-PAWMAR","og_description":"Sportowa kurtka motocyklowa sk\u00f3rzana Rebelhorn Inferno\u00a0zosta\u0142a stworzona z my\u015bl\u0105 o mi\u0142o\u015bnikach dynamicznej jazdy miejskiej i torowej oraz wymagaj\u0105cych motocyklistach szukaj\u0105cych ochrony na najwy\u017cszym poziomie AAA. Wykonana z mi\u0119kko wyprawionej sk\u00f3ry bydl\u0119cej, w po\u0142\u0105czeniu z elastycznym materia\u0142em 4-way stretch oraz dodatkow\u0105 kamizelk\u0105 typu windblock, zapewnia doskona\u0142\u0105 ochron\u0119, wygod\u0119 i ergonomi\u0119. Idealnie pasuje do spodni Rebelhorn Inferno, [&hellip;]","og_url":"https:\/\/moto-pawmar.pl\/?product=kurtka-motocyklowa-skorzana-rebelhorn-inferno-black-white","og_site_name":"MOTO-PAWMAR","article_publisher":"https:\/\/www.facebook.com\/motopawmar\/?locale=pl_PL","article_modified_time":"2025-12-16T13:53:08+00:00","og_image":[{"width":800,"height":800,"url":"https:\/\/moto-pawmar.pl\/wp-content\/uploads\/2025\/12\/324171_ZAL797633.jpg","type":"image\/jpeg"}],"twitter_card":"summary_large_image","twitter_misc":{"Szacowany czas czytania":"2 minuty"},"schema":{"@context":"https:\/\/schema.org","@graph":[{"@type":"WebPage","@id":"https:\/\/moto-pawmar.pl\/?product=kurtka-motocyklowa-skorzana-rebelhorn-inferno-black-white","url":"https:\/\/moto-pawmar.pl\/?product=kurtka-motocyklowa-skorzana-rebelhorn-inferno-black-white","name":"Kurtka motocyklowa sk\u00f3rzana Rebelhorn Inferno Black White - MOTO-PAWMAR","isPartOf":{"@id":"https:\/\/moto-pawmar.pl\/#website"},"primaryImageOfPage":{"@id":"https:\/\/moto-pawmar.pl\/?product=kurtka-motocyklowa-skorzana-rebelhorn-inferno-black-white#primaryimage"},"image":{"@id":"https:\/\/moto-pawmar.pl\/?product=kurtka-motocyklowa-skorzana-rebelhorn-inferno-black-white#primaryimage"},"thumbnailUrl":"https:\/\/moto-pawmar.pl\/wp-content\/uploads\/2025\/12\/324171_ZAL797633.jpg","datePublished":"2025-12-16T13:52:17+00:00","dateModified":"2025-12-16T13:53:08+00:00","breadcrumb":{"@id":"https:\/\/moto-pawmar.pl\/?product=kurtka-motocyklowa-skorzana-rebelhorn-inferno-black-white#breadcrumb"},"inLanguage":"pl-PL","potentialAction":[{"@type":"ReadAction","target":["https:\/\/moto-pawmar.pl\/?product=kurtka-motocyklowa-skorzana-rebelhorn-inferno-black-white"]}]},{"@type":"ImageObject","inLanguage":"pl-PL","@id":"https:\/\/moto-pawmar.pl\/?product=kurtka-motocyklowa-skorzana-rebelhorn-inferno-black-white#primaryimage","url":"https:\/\/moto-pawmar.pl\/wp-content\/uploads\/2025\/12\/324171_ZAL797633.jpg","contentUrl":"https:\/\/moto-pawmar.pl\/wp-content\/uploads\/2025\/12\/324171_ZAL797633.jpg","width":800,"height":800},{"@type":"BreadcrumbList","@id":"https:\/\/moto-pawmar.pl\/?product=kurtka-motocyklowa-skorzana-rebelhorn-inferno-black-white#breadcrumb","itemListElement":[{"@type":"ListItem","position":1,"name":"Strona g\u0142\u00f3wna","item":"https:\/\/moto-pawmar.pl\/"},{"@type":"ListItem","position":2,"name":"Sklep Internetowy","item":"https:\/\/moto-pawmar.pl\/?page_id=367"},{"@type":"ListItem","position":3,"name":"Kurtka motocyklowa sk\u00f3rzana Rebelhorn Inferno Black White"}]},{"@type":"WebSite","@id":"https:\/\/moto-pawmar.pl\/#website","url":"https:\/\/moto-pawmar.pl\/","name":"MOTO-PAWMAR","description":"MOTO\u2011PAWMAR \u2013 Tw\u00f3j sklep z cz\u0119\u015bciami i akcesoriami do motocykli, skuter\u00f3w i quad\u00f3w.","publisher":{"@id":"https:\/\/moto-pawmar.pl\/#organization"},"potentialAction":[{"@type":"SearchAction","target":{"@type":"EntryPoint","urlTemplate":"https:\/\/moto-pawmar.pl\/?s={search_term_string}"},"query-input":{"@type":"PropertyValueSpecification","valueRequired":true,"valueName":"search_term_string"}}],"inLanguage":"pl-PL"},{"@type":"Organization","@id":"https:\/\/moto-pawmar.pl\/#organization","name":"MOTO-PAWMAR","url":"https:\/\/moto-pawmar.pl\/","logo":{"@type":"ImageObject","inLanguage":"pl-PL","@id":"https:\/\/moto-pawmar.pl\/#\/schema\/logo\/image\/","url":"https:\/\/moto-pawmar.pl\/wp-content\/uploads\/2025\/10\/LOGO-SKLEP.png","contentUrl":"https:\/\/moto-pawmar.pl\/wp-content\/uploads\/2025\/10\/LOGO-SKLEP.png","width":2480,"height":2053,"caption":"MOTO-PAWMAR"},"image":{"@id":"https:\/\/moto-pawmar.pl\/#\/schema\/logo\/image\/"},"sameAs":["https:\/\/www.facebook.com\/motopawmar\/?locale=pl_PL"]}]}},"_links":{"self":[{"href":"https:\/\/moto-pawmar.pl\/index.php?rest_route=\/wp\/v2\/product\/7335","targetHints":{"allow":["GET"]}}],"collection":[{"href":"https:\/\/moto-pawmar.pl\/index.php?rest_route=\/wp\/v2\/product"}],"about":[{"href":"https:\/\/moto-pawmar.pl\/index.php?rest_route=\/wp\/v2\/types\/product"}],"wp:featuredmedia":[{"embeddable":true,"href":"https:\/\/moto-pawmar.pl\/index.php?rest_route=\/wp\/v2\/media\/7346"}],"wp:attachment":[{"href":"https:\/\/moto-pawmar.pl\/index.php?rest_route=%2Fwp%2Fv2%2Fmedia&parent=7335"}],"wp:term":[{"taxonomy":"product_brand","embeddable":true,"href":"https:\/\/moto-pawmar.pl\/index.php?rest_route=%2Fwp%2Fv2%2Fproduct_brand&post=7335"},{"taxonomy":"product_cat","embeddable":true,"href":"https:\/\/moto-pawmar.pl\/index.php?rest_route=%2Fwp%2Fv2%2Fproduct_cat&post=7335"},{"taxonomy":"product_tag","embeddable":true,"href":"https:\/\/moto-pawmar.pl\/index.php?rest_route=%2Fwp%2Fv2%2Fproduct_tag&post=7335"}],"curies":[{"name":"wp","href":"https:\/\/api.w.org\/{rel}","templated":true}]}}