{"id":7257,"date":"2025-12-16T14:38:38","date_gmt":"2025-12-16T13:38:38","guid":{"rendered":"https:\/\/moto-pawmar.pl\/?post_type=product&#038;p=7257"},"modified":"2025-12-16T14:40:39","modified_gmt":"2025-12-16T13:40:39","slug":"kurtka-motocyklowa-skorzana-rebelhorn-impala-black","status":"publish","type":"product","link":"https:\/\/moto-pawmar.pl\/?product=kurtka-motocyklowa-skorzana-rebelhorn-impala-black","title":{"rendered":"Kurtka motocyklowa sk\u00f3rzana Rebelhorn Impala Black"},"content":{"rendered":"<p><strong>Kurtka motocyklowa Rebelhorn Impala<\/strong>\u00a0zosta\u0142a uszyta z mi\u0119kkiej sk\u00f3ry, dzi\u0119ki czemu nie wymusza pozycji motocyklowej. \u015awietnie sprawdzi si\u0119 tak\u017ce jako codzienna, cywilna odzie\u017c.\u00a0<strong>Rebelhorn Impala<\/strong>\u00a0zosta\u0142a wyposa\u017cona w ultra cienkie ochraniacze, kt\u00f3rych nie musisz wyci\u0105ga\u0107 korzystaj\u0105c z niej na co dzie\u0144. Regulacja w pasie u\u0142atwia dopasowanie kurtki do sylwetki.<\/p>\n<p><strong>Przeznaczenie:<\/strong>\u00a0Miasto<\/p>\n<p><strong>Kr\u00f3j:<\/strong>\u00a0Classic, Regular<\/p>\n<p><strong>Liczba warstw<\/strong>: 1<\/p>\n<p><strong>WARSTWY:<\/strong><\/p>\n<ul>\n<li><strong>warstwa zewn\u0119trzna:<\/strong>\u00a0najwy\u017cszej jako\u015bci sk\u00f3ra kozia (wersja black), sk\u00f3ra bawola (wersja brown)<\/li>\n<\/ul>\n<p><strong>BEZPIECZE\u0143STWO:<\/strong><\/p>\n<p>Bezpiecze\u0144stwo zapewniaj\u0105 certyfikowane\u00a0<strong>ochraniacze \u0142okci i bark\u00f3w\u00a0<\/strong>oraz podw\u00f3jne i potr\u00f3jne szwy zwi\u0119kszaj\u0105ce wytrzyma\u0142o\u015b\u0107 materia\u0142u.<\/p>\n<ul>\n<li>ultra cienkie certyfikowane ochraniacze \u0142okci i bark\u00f3w\u00a0CE-level 2<\/li>\n<li>kiesze\u0144 umo\u017cliwiaj\u0105ca zastosowanie\u00a0<strong>ochraniacza plec\u00f3w<\/strong><\/li>\n<li><strong>podw\u00f3jne i potr\u00f3jne szwy<\/strong><\/li>\n<li>produkt uszyty zgodnie ze\u00a0<strong>standardami CE<\/strong><\/li>\n<li><strong>poziom ochrony AA<br \/>\n<\/strong><\/li>\n<\/ul>\n<p><strong>DOPASOWANIE:<\/strong><\/p>\n<p>Regulacja w pasie gwarantuje idealne dopasowanie kurtki do swojej sylwetki.<\/p>\n<ul>\n<li>wygodna i\u00a0<strong>mi\u0119kka sk\u00f3ra\u00a0<\/strong>powoduje, \u017ce kurtka sprawdzi si\u0119 w codziennym u\u017cytkowaniu<\/li>\n<li>kurtka nie wymusza pozycji motocyklowej<\/li>\n<\/ul>\n<p><strong>WENTYLACJA:<\/strong><\/p>\n<p>Kurtka ma na klatce piersiowej Air Pocket, czyli przemy\u015blane kieszenie zapinane na zamek, kt\u00f3re po otwarciu staj\u0105 si\u0119 wlotami powietrza. Centralny kana\u0142 wentylacyjny pozwala regulowa\u0107 przep\u0142yw powietrza.<\/p>\n<ul>\n<li><strong>2 kana\u0142y wentylacyjne<\/strong><strong>na klatce piersiowej<\/strong><\/li>\n<li>wydajny\u00a0<strong>centralny kana\u0142 wentylacyjny<\/strong><\/li>\n<\/ul>\n<p><strong>DODATKOWE CECHY:<\/strong><\/p>\n<ul>\n<li><strong>mankiety zapinane na zamek<\/strong><\/li>\n<li><strong>Fast Strap<\/strong>\u00a0\u2013 zamek b\u0142yskawiczny w dolnej cz\u0119\u015bci kurtki pozwala na spi\u0119cie jej ze spodniami<\/li>\n<li>bawe\u0142niany\u00a0<strong>kaptur mo\u017cesz odpi\u0105\u0107<\/strong>, je\u015bli chcesz go wypra\u0107 w pralce<\/li>\n<\/ul>\n<p><strong>KIESZENIE:<\/strong><\/p>\n<p>Pojemne kieszenie pomieszcz\u0105 najpotrzebniejsze rzeczy.<\/p>\n<ul>\n<li><strong>2 kieszenie wewn\u0119trzne<\/strong><\/li>\n<li><strong>4 kieszenie zewn\u0119trzne<\/strong><\/li>\n<\/ul>\n","protected":false},"excerpt":{"rendered":"<p>Kurtka motocyklowa Rebelhorn Impala\u00a0zosta\u0142a uszyta z mi\u0119kkiej sk\u00f3ry, dzi\u0119ki czemu nie wymusza pozycji motocyklowej. \u015awietnie sprawdzi si\u0119 tak\u017ce jako codzienna, cywilna odzie\u017c.\u00a0Rebelhorn Impala\u00a0zosta\u0142a wyposa\u017cona w ultra cienkie ochraniacze, kt\u00f3rych nie musisz wyci\u0105ga\u0107 korzystaj\u0105c z niej na co dzie\u0144. Regulacja w pasie u\u0142atwia dopasowanie kurtki do sylwetki. Przeznaczenie:\u00a0Miasto Kr\u00f3j:\u00a0Classic, Regular Liczba warstw: 1 WARSTWY: warstwa zewn\u0119trzna:\u00a0najwy\u017cszej [&hellip;]<\/p>\n","protected":false},"featured_media":7281,"template":"","meta":[],"product_brand":[377],"product_cat":[278,373],"product_tag":[],"class_list":{"0":"post-7257","1":"product","2":"type-product","3":"status-publish","4":"has-post-thumbnail","6":"product_brand-rebelhorn","7":"product_cat-kurtki-meska","8":"product_cat-skorzane","10":"first","11":"instock","12":"taxable","13":"shipping-taxable","14":"purchasable","15":"product-type-variable"},"yoast_head":"<!-- This site is optimized with the Yoast SEO plugin v26.9 - https:\/\/yoast.com\/product\/yoast-seo-wordpress\/ -->\n<title>Kurtka motocyklowa sk\u00f3rzana Rebelhorn Impala Black - MOTO-PAWMAR<\/title>\n<meta name=\"robots\" content=\"index, follow, max-snippet:-1, max-image-preview:large, max-video-preview:-1\" \/>\n<link rel=\"canonical\" href=\"https:\/\/moto-pawmar.pl\/?product=kurtka-motocyklowa-skorzana-rebelhorn-impala-black\" \/>\n<meta property=\"og:locale\" content=\"pl_PL\" \/>\n<meta property=\"og:type\" content=\"article\" \/>\n<meta property=\"og:title\" content=\"Kurtka motocyklowa sk\u00f3rzana Rebelhorn Impala Black - MOTO-PAWMAR\" \/>\n<meta property=\"og:description\" content=\"Kurtka motocyklowa Rebelhorn Impala\u00a0zosta\u0142a uszyta z mi\u0119kkiej sk\u00f3ry, dzi\u0119ki czemu nie wymusza pozycji motocyklowej. \u015awietnie sprawdzi si\u0119 tak\u017ce jako codzienna, cywilna odzie\u017c.\u00a0Rebelhorn Impala\u00a0zosta\u0142a wyposa\u017cona w ultra cienkie ochraniacze, kt\u00f3rych nie musisz wyci\u0105ga\u0107 korzystaj\u0105c z niej na co dzie\u0144. Regulacja w pasie u\u0142atwia dopasowanie kurtki do sylwetki. Przeznaczenie:\u00a0Miasto Kr\u00f3j:\u00a0Classic, Regular Liczba warstw: 1 WARSTWY: warstwa zewn\u0119trzna:\u00a0najwy\u017cszej [&hellip;]\" \/>\n<meta property=\"og:url\" content=\"https:\/\/moto-pawmar.pl\/?product=kurtka-motocyklowa-skorzana-rebelhorn-impala-black\" \/>\n<meta property=\"og:site_name\" content=\"MOTO-PAWMAR\" \/>\n<meta property=\"article:publisher\" content=\"https:\/\/www.facebook.com\/motopawmar\/?locale=pl_PL\" \/>\n<meta property=\"article:modified_time\" content=\"2025-12-16T13:40:39+00:00\" \/>\n<meta property=\"og:image\" content=\"https:\/\/moto-pawmar.pl\/wp-content\/uploads\/2025\/12\/239578_ZAL582373.jpg\" \/>\n\t<meta property=\"og:image:width\" content=\"800\" \/>\n\t<meta property=\"og:image:height\" content=\"800\" \/>\n\t<meta property=\"og:image:type\" content=\"image\/jpeg\" \/>\n<meta name=\"twitter:card\" content=\"summary_large_image\" \/>\n<meta name=\"twitter:label1\" content=\"Szacowany czas czytania\" \/>\n\t<meta name=\"twitter:data1\" content=\"1 minuta\" \/>\n<script type=\"application\/ld+json\" class=\"yoast-schema-graph\">{\"@context\":\"https:\/\/schema.org\",\"@graph\":[{\"@type\":\"WebPage\",\"@id\":\"https:\/\/moto-pawmar.pl\/?product=kurtka-motocyklowa-skorzana-rebelhorn-impala-black\",\"url\":\"https:\/\/moto-pawmar.pl\/?product=kurtka-motocyklowa-skorzana-rebelhorn-impala-black\",\"name\":\"Kurtka motocyklowa sk\u00f3rzana Rebelhorn Impala Black - MOTO-PAWMAR\",\"isPartOf\":{\"@id\":\"https:\/\/moto-pawmar.pl\/#website\"},\"primaryImageOfPage\":{\"@id\":\"https:\/\/moto-pawmar.pl\/?product=kurtka-motocyklowa-skorzana-rebelhorn-impala-black#primaryimage\"},\"image\":{\"@id\":\"https:\/\/moto-pawmar.pl\/?product=kurtka-motocyklowa-skorzana-rebelhorn-impala-black#primaryimage\"},\"thumbnailUrl\":\"https:\/\/moto-pawmar.pl\/wp-content\/uploads\/2025\/12\/239578_ZAL582373.jpg\",\"datePublished\":\"2025-12-16T13:38:38+00:00\",\"dateModified\":\"2025-12-16T13:40:39+00:00\",\"breadcrumb\":{\"@id\":\"https:\/\/moto-pawmar.pl\/?product=kurtka-motocyklowa-skorzana-rebelhorn-impala-black#breadcrumb\"},\"inLanguage\":\"pl-PL\",\"potentialAction\":[{\"@type\":\"ReadAction\",\"target\":[\"https:\/\/moto-pawmar.pl\/?product=kurtka-motocyklowa-skorzana-rebelhorn-impala-black\"]}]},{\"@type\":\"ImageObject\",\"inLanguage\":\"pl-PL\",\"@id\":\"https:\/\/moto-pawmar.pl\/?product=kurtka-motocyklowa-skorzana-rebelhorn-impala-black#primaryimage\",\"url\":\"https:\/\/moto-pawmar.pl\/wp-content\/uploads\/2025\/12\/239578_ZAL582373.jpg\",\"contentUrl\":\"https:\/\/moto-pawmar.pl\/wp-content\/uploads\/2025\/12\/239578_ZAL582373.jpg\",\"width\":800,\"height\":800},{\"@type\":\"BreadcrumbList\",\"@id\":\"https:\/\/moto-pawmar.pl\/?product=kurtka-motocyklowa-skorzana-rebelhorn-impala-black#breadcrumb\",\"itemListElement\":[{\"@type\":\"ListItem\",\"position\":1,\"name\":\"Strona g\u0142\u00f3wna\",\"item\":\"https:\/\/moto-pawmar.pl\/\"},{\"@type\":\"ListItem\",\"position\":2,\"name\":\"Sklep Internetowy\",\"item\":\"https:\/\/moto-pawmar.pl\/?page_id=367\"},{\"@type\":\"ListItem\",\"position\":3,\"name\":\"Kurtka motocyklowa sk\u00f3rzana Rebelhorn Impala Black\"}]},{\"@type\":\"WebSite\",\"@id\":\"https:\/\/moto-pawmar.pl\/#website\",\"url\":\"https:\/\/moto-pawmar.pl\/\",\"name\":\"MOTO-PAWMAR\",\"description\":\"MOTO\u2011PAWMAR \u2013 Tw\u00f3j sklep z cz\u0119\u015bciami i akcesoriami do motocykli, skuter\u00f3w i quad\u00f3w.\",\"publisher\":{\"@id\":\"https:\/\/moto-pawmar.pl\/#organization\"},\"potentialAction\":[{\"@type\":\"SearchAction\",\"target\":{\"@type\":\"EntryPoint\",\"urlTemplate\":\"https:\/\/moto-pawmar.pl\/?s={search_term_string}\"},\"query-input\":{\"@type\":\"PropertyValueSpecification\",\"valueRequired\":true,\"valueName\":\"search_term_string\"}}],\"inLanguage\":\"pl-PL\"},{\"@type\":\"Organization\",\"@id\":\"https:\/\/moto-pawmar.pl\/#organization\",\"name\":\"MOTO-PAWMAR\",\"url\":\"https:\/\/moto-pawmar.pl\/\",\"logo\":{\"@type\":\"ImageObject\",\"inLanguage\":\"pl-PL\",\"@id\":\"https:\/\/moto-pawmar.pl\/#\/schema\/logo\/image\/\",\"url\":\"https:\/\/moto-pawmar.pl\/wp-content\/uploads\/2025\/10\/LOGO-SKLEP.png\",\"contentUrl\":\"https:\/\/moto-pawmar.pl\/wp-content\/uploads\/2025\/10\/LOGO-SKLEP.png\",\"width\":2480,\"height\":2053,\"caption\":\"MOTO-PAWMAR\"},\"image\":{\"@id\":\"https:\/\/moto-pawmar.pl\/#\/schema\/logo\/image\/\"},\"sameAs\":[\"https:\/\/www.facebook.com\/motopawmar\/?locale=pl_PL\"]}]}<\/script>\n<!-- \/ Yoast SEO plugin. -->","yoast_head_json":{"title":"Kurtka motocyklowa sk\u00f3rzana Rebelhorn Impala Black - MOTO-PAWMAR","robots":{"index":"index","follow":"follow","max-snippet":"max-snippet:-1","max-image-preview":"max-image-preview:large","max-video-preview":"max-video-preview:-1"},"canonical":"https:\/\/moto-pawmar.pl\/?product=kurtka-motocyklowa-skorzana-rebelhorn-impala-black","og_locale":"pl_PL","og_type":"article","og_title":"Kurtka motocyklowa sk\u00f3rzana Rebelhorn Impala Black - MOTO-PAWMAR","og_description":"Kurtka motocyklowa Rebelhorn Impala\u00a0zosta\u0142a uszyta z mi\u0119kkiej sk\u00f3ry, dzi\u0119ki czemu nie wymusza pozycji motocyklowej. \u015awietnie sprawdzi si\u0119 tak\u017ce jako codzienna, cywilna odzie\u017c.\u00a0Rebelhorn Impala\u00a0zosta\u0142a wyposa\u017cona w ultra cienkie ochraniacze, kt\u00f3rych nie musisz wyci\u0105ga\u0107 korzystaj\u0105c z niej na co dzie\u0144. Regulacja w pasie u\u0142atwia dopasowanie kurtki do sylwetki. Przeznaczenie:\u00a0Miasto Kr\u00f3j:\u00a0Classic, Regular Liczba warstw: 1 WARSTWY: warstwa zewn\u0119trzna:\u00a0najwy\u017cszej [&hellip;]","og_url":"https:\/\/moto-pawmar.pl\/?product=kurtka-motocyklowa-skorzana-rebelhorn-impala-black","og_site_name":"MOTO-PAWMAR","article_publisher":"https:\/\/www.facebook.com\/motopawmar\/?locale=pl_PL","article_modified_time":"2025-12-16T13:40:39+00:00","og_image":[{"width":800,"height":800,"url":"https:\/\/moto-pawmar.pl\/wp-content\/uploads\/2025\/12\/239578_ZAL582373.jpg","type":"image\/jpeg"}],"twitter_card":"summary_large_image","twitter_misc":{"Szacowany czas czytania":"1 minuta"},"schema":{"@context":"https:\/\/schema.org","@graph":[{"@type":"WebPage","@id":"https:\/\/moto-pawmar.pl\/?product=kurtka-motocyklowa-skorzana-rebelhorn-impala-black","url":"https:\/\/moto-pawmar.pl\/?product=kurtka-motocyklowa-skorzana-rebelhorn-impala-black","name":"Kurtka motocyklowa sk\u00f3rzana Rebelhorn Impala Black - MOTO-PAWMAR","isPartOf":{"@id":"https:\/\/moto-pawmar.pl\/#website"},"primaryImageOfPage":{"@id":"https:\/\/moto-pawmar.pl\/?product=kurtka-motocyklowa-skorzana-rebelhorn-impala-black#primaryimage"},"image":{"@id":"https:\/\/moto-pawmar.pl\/?product=kurtka-motocyklowa-skorzana-rebelhorn-impala-black#primaryimage"},"thumbnailUrl":"https:\/\/moto-pawmar.pl\/wp-content\/uploads\/2025\/12\/239578_ZAL582373.jpg","datePublished":"2025-12-16T13:38:38+00:00","dateModified":"2025-12-16T13:40:39+00:00","breadcrumb":{"@id":"https:\/\/moto-pawmar.pl\/?product=kurtka-motocyklowa-skorzana-rebelhorn-impala-black#breadcrumb"},"inLanguage":"pl-PL","potentialAction":[{"@type":"ReadAction","target":["https:\/\/moto-pawmar.pl\/?product=kurtka-motocyklowa-skorzana-rebelhorn-impala-black"]}]},{"@type":"ImageObject","inLanguage":"pl-PL","@id":"https:\/\/moto-pawmar.pl\/?product=kurtka-motocyklowa-skorzana-rebelhorn-impala-black#primaryimage","url":"https:\/\/moto-pawmar.pl\/wp-content\/uploads\/2025\/12\/239578_ZAL582373.jpg","contentUrl":"https:\/\/moto-pawmar.pl\/wp-content\/uploads\/2025\/12\/239578_ZAL582373.jpg","width":800,"height":800},{"@type":"BreadcrumbList","@id":"https:\/\/moto-pawmar.pl\/?product=kurtka-motocyklowa-skorzana-rebelhorn-impala-black#breadcrumb","itemListElement":[{"@type":"ListItem","position":1,"name":"Strona g\u0142\u00f3wna","item":"https:\/\/moto-pawmar.pl\/"},{"@type":"ListItem","position":2,"name":"Sklep Internetowy","item":"https:\/\/moto-pawmar.pl\/?page_id=367"},{"@type":"ListItem","position":3,"name":"Kurtka motocyklowa sk\u00f3rzana Rebelhorn Impala Black"}]},{"@type":"WebSite","@id":"https:\/\/moto-pawmar.pl\/#website","url":"https:\/\/moto-pawmar.pl\/","name":"MOTO-PAWMAR","description":"MOTO\u2011PAWMAR \u2013 Tw\u00f3j sklep z cz\u0119\u015bciami i akcesoriami do motocykli, skuter\u00f3w i quad\u00f3w.","publisher":{"@id":"https:\/\/moto-pawmar.pl\/#organization"},"potentialAction":[{"@type":"SearchAction","target":{"@type":"EntryPoint","urlTemplate":"https:\/\/moto-pawmar.pl\/?s={search_term_string}"},"query-input":{"@type":"PropertyValueSpecification","valueRequired":true,"valueName":"search_term_string"}}],"inLanguage":"pl-PL"},{"@type":"Organization","@id":"https:\/\/moto-pawmar.pl\/#organization","name":"MOTO-PAWMAR","url":"https:\/\/moto-pawmar.pl\/","logo":{"@type":"ImageObject","inLanguage":"pl-PL","@id":"https:\/\/moto-pawmar.pl\/#\/schema\/logo\/image\/","url":"https:\/\/moto-pawmar.pl\/wp-content\/uploads\/2025\/10\/LOGO-SKLEP.png","contentUrl":"https:\/\/moto-pawmar.pl\/wp-content\/uploads\/2025\/10\/LOGO-SKLEP.png","width":2480,"height":2053,"caption":"MOTO-PAWMAR"},"image":{"@id":"https:\/\/moto-pawmar.pl\/#\/schema\/logo\/image\/"},"sameAs":["https:\/\/www.facebook.com\/motopawmar\/?locale=pl_PL"]}]}},"_links":{"self":[{"href":"https:\/\/moto-pawmar.pl\/index.php?rest_route=\/wp\/v2\/product\/7257","targetHints":{"allow":["GET"]}}],"collection":[{"href":"https:\/\/moto-pawmar.pl\/index.php?rest_route=\/wp\/v2\/product"}],"about":[{"href":"https:\/\/moto-pawmar.pl\/index.php?rest_route=\/wp\/v2\/types\/product"}],"wp:featuredmedia":[{"embeddable":true,"href":"https:\/\/moto-pawmar.pl\/index.php?rest_route=\/wp\/v2\/media\/7281"}],"wp:attachment":[{"href":"https:\/\/moto-pawmar.pl\/index.php?rest_route=%2Fwp%2Fv2%2Fmedia&parent=7257"}],"wp:term":[{"taxonomy":"product_brand","embeddable":true,"href":"https:\/\/moto-pawmar.pl\/index.php?rest_route=%2Fwp%2Fv2%2Fproduct_brand&post=7257"},{"taxonomy":"product_cat","embeddable":true,"href":"https:\/\/moto-pawmar.pl\/index.php?rest_route=%2Fwp%2Fv2%2Fproduct_cat&post=7257"},{"taxonomy":"product_tag","embeddable":true,"href":"https:\/\/moto-pawmar.pl\/index.php?rest_route=%2Fwp%2Fv2%2Fproduct_tag&post=7257"}],"curies":[{"name":"wp","href":"https:\/\/api.w.org\/{rel}","templated":true}]}}