{"id":7192,"date":"2025-12-16T11:32:14","date_gmt":"2025-12-16T10:32:14","guid":{"rendered":"https:\/\/moto-pawmar.pl\/?post_type=product&#038;p=7192"},"modified":"2025-12-16T11:33:56","modified_gmt":"2025-12-16T10:33:56","slug":"kurtka-motocyklowa-skorzana-rebelhorn-diva-st-lady-black-pink","status":"publish","type":"product","link":"https:\/\/moto-pawmar.pl\/?product=kurtka-motocyklowa-skorzana-rebelhorn-diva-st-lady-black-pink","title":{"rendered":"Kurtka motocyklowa sk\u00f3rzana Rebelhorn Diva St LADY Black Red White"},"content":{"rendered":"<p><strong>Rebelhorn Diva ST<\/strong>\u00a0\u2013 Damska kurtka sk\u00f3rzana stworzona dla motocyklistek, kt\u00f3re chc\u0105 podkre\u015bli\u0107 sylwetk\u0119 i czu\u0107 si\u0119 bezpiecznie, ale preferuj\u0105 \u0142agodniejszy styl ni\u017c w wersji RS. Diva ST wyr\u00f3\u017cnia si\u0119 streetowym krojem \u2013 d\u0142u\u017cszym ni\u017c w RS, bez garba i slider\u00f3w na barkach. Kurtka posiada\u00a0<strong>najwy\u017cszy mo\u017cliwy poziom ochrony AAA<\/strong>, do tego \u015bwietnie komponuje si\u0119 z jeansami czy spodniami Diva oraz jest bardzo wygodna. Mi\u0119kko wyprawiona sk\u00f3ra, ergonomiczna podszewka i kamizelka typu wind-stopper w zestawie sprawiaj\u0105, \u017ce kurtka oferuje komfort na co dzie\u0144 i podczas dalszych tras.<\/p>\n<p>&nbsp;<\/p>\n<p>Projekt powsta\u0142 przy wsp\u00f3\u0142pracy z Kasi\u0105\u00a0<strong>M\u00f3w mi Drakula<\/strong>\u00a0(@mow_mi_drakula) z polskiej grupy wspieraj\u0105cej motocyklistki\u00a0<em>Speed Ladies<\/em>. Pomys\u0142y i obserwacje Kasi przyczyni\u0142y si\u0119 do powstania kurtki, kt\u00f3ra jest nie tylko bezpieczna, ale te\u017c mocno\u00a0<strong>podkre\u015bla kobiec\u0105 sylwetk\u0119<\/strong>, pozostaj\u0105c przy tym wygodn\u0105. Kurtka Diva ST najlepiej \u0142\u0105czy si\u0119 ze spodniami sk\u00f3rzanymi Diva o wysokim stanie lub jeansami Rebelhorn Classic Mono Women. Je\u015bli szukasz bardziej sportowego charakteru, wybierz wariant kurtki\u00a0<em>Diva RS<\/em>.<\/p>\n<p><strong>Dlaczego warto?<\/strong><\/p>\n<p>&#8211;\u00a0<strong>CE LEVEL AAA<\/strong>\u00a0wg EN 17092-2:2020 \u2013 najwy\u017cszy poziom bezpiecze\u0144stwa.<\/p>\n<p>&#8211; Komplet ochraniaczy poziomu 2 \u2013 barki, \u0142okcie i plecy w standardzie.<\/p>\n<p>&#8211; Streetowy kr\u00f3j \u2013 bardziej uniwersalny ni\u017c RS, z d\u0142u\u017cszym fasonem.<\/p>\n<p>&#8211; Kobieca konstrukcja \u2013 wygodna, podkre\u015blaj\u0105ca sylwetk\u0119.<\/p>\n<p>&#8211;\u00a0<strong>W zestawie kamizelka wind-stopper<\/strong>\u00a0\u2013 komfort w ch\u0142odniejsze dni.<\/p>\n<p><strong>Warstwy i materia\u0142y<\/strong><\/p>\n<p><em>Warstwa zewn\u0119trzna:<\/em>\u00a0Sk\u00f3ra bydl\u0119ca &#8211; 85%, Nylon z elastanem &#8211; 15%<\/p>\n<p><em>Podszewka:<\/em>\u00a0Poliester &#8211; 70%, Spandex &#8211; 30%<\/p>\n<p><em>Warstwa docieplaj\u0105ca (kamizelka):<\/em>\u00a0100% Poliester<\/p>\n<p><strong>Bezpiecze\u0144stwo<\/strong><\/p>\n<p>&#8211; \u0141okcie: RE-ZRO MK1-C2-EK1 LEVEL 2.<\/p>\n<p>&#8211; Barki: Armanox 401 LEVEL 2.<\/p>\n<p>&#8211; Plecy: RE-ZRO MK1-BPL2 LEVEL 2, rozmiar S.<\/p>\n<p>&#8211; Wzmocnione szwy konstrukcyjne SSS \u2013 Structural Strong Seams.<\/p>\n<p>&#8211; Certyfikacja: CE LEVEL AAA wg EN 17092-2:2020.<\/p>\n<p><strong>Wentylacja<\/strong><\/p>\n<p>&#8211; Perforowana sk\u00f3ra.<\/p>\n<p>&#8211; Centralny kana\u0142 wentylacyjny.<\/p>\n<p><strong>Dopasowanie i ergonomia<\/strong><\/p>\n<p>&#8211; Slim Fit \/ Sport \u2013 kobieca, dopasowana konstrukcja.<\/p>\n<p>&#8211; D\u0142u\u017cszy fason ni\u017c w wersji RS \u2013 dopasowane do jeans\u00f3w i spodni Diva.<\/p>\n<p><strong>Dodatki i funkcjonalno\u015bci<\/strong><\/p>\n<p>&#8211; Zamek \u0142\u0105cz\u0105cy 360\u00b0 + kr\u00f3tki \u2013 mo\u017cliwo\u015b\u0107 spi\u0119cia z jeansami Rebelhorn.<\/p>\n<p>&#8211; Wewn\u0119trzna kiesze\u0144 na dokumenty i drobiazgi.<\/p>\n<p><strong>Dla kogo jest Diva ST?<\/strong><\/p>\n<p>Dla motocyklistek, kt\u00f3re chc\u0105 zachowa\u0107 kobiecy styl i maksymalne bezpiecze\u0144stwo, ale preferuj\u0105 \u0142agodniejsz\u0105, bardziej uniwersaln\u0105 wersj\u0119 sportowej kurtki. Diva ST to propozycja dla kobiet, kt\u00f3re szukaj\u0105 eleganckiego, bezpiecznego i wygodnego rozwi\u0105zania na co dzie\u0144.<\/p>\n","protected":false},"excerpt":{"rendered":"<p>Rebelhorn Diva ST\u00a0\u2013 Damska kurtka sk\u00f3rzana stworzona dla motocyklistek, kt\u00f3re chc\u0105 podkre\u015bli\u0107 sylwetk\u0119 i czu\u0107 si\u0119 bezpiecznie, ale preferuj\u0105 \u0142agodniejszy styl ni\u017c w wersji RS. Diva ST wyr\u00f3\u017cnia si\u0119 streetowym krojem \u2013 d\u0142u\u017cszym ni\u017c w RS, bez garba i slider\u00f3w na barkach. Kurtka posiada\u00a0najwy\u017cszy mo\u017cliwy poziom ochrony AAA, do tego \u015bwietnie komponuje si\u0119 z jeansami [&hellip;]<\/p>\n","protected":false},"featured_media":7202,"template":"","meta":[],"product_brand":[377],"product_cat":[289,280],"product_tag":[],"class_list":{"0":"post-7192","1":"product","2":"type-product","3":"status-publish","4":"has-post-thumbnail","6":"product_brand-rebelhorn","7":"product_cat-kombinezony-2cz-meska","8":"product_cat-kombinezony-meska","9":"pa_rozmiar-kombinezony-383","10":"pa_rozmiar-kombinezony-357","11":"pa_rozmiar-kombinezony-358","12":"pa_rozmiar-kombinezony-359","13":"pa_rozmiar-kombinezony-360","14":"pa_rozmiar-kombinezony-361","15":"pa_rozmiar-kombinezony-329","17":"first","18":"instock","19":"taxable","20":"shipping-taxable","21":"purchasable","22":"product-type-variable"},"yoast_head":"<!-- This site is optimized with the Yoast SEO plugin v26.9 - https:\/\/yoast.com\/product\/yoast-seo-wordpress\/ -->\n<title>Kurtka motocyklowa sk\u00f3rzana Rebelhorn Diva St LADY Black Red White - MOTO-PAWMAR<\/title>\n<meta name=\"robots\" content=\"index, follow, max-snippet:-1, max-image-preview:large, max-video-preview:-1\" \/>\n<link rel=\"canonical\" href=\"https:\/\/moto-pawmar.pl\/?product=kurtka-motocyklowa-skorzana-rebelhorn-diva-st-lady-black-pink\" \/>\n<meta property=\"og:locale\" content=\"pl_PL\" \/>\n<meta property=\"og:type\" content=\"article\" \/>\n<meta property=\"og:title\" content=\"Kurtka motocyklowa sk\u00f3rzana Rebelhorn Diva St LADY Black Red White - MOTO-PAWMAR\" \/>\n<meta property=\"og:description\" content=\"Rebelhorn Diva ST\u00a0\u2013 Damska kurtka sk\u00f3rzana stworzona dla motocyklistek, kt\u00f3re chc\u0105 podkre\u015bli\u0107 sylwetk\u0119 i czu\u0107 si\u0119 bezpiecznie, ale preferuj\u0105 \u0142agodniejszy styl ni\u017c w wersji RS. Diva ST wyr\u00f3\u017cnia si\u0119 streetowym krojem \u2013 d\u0142u\u017cszym ni\u017c w RS, bez garba i slider\u00f3w na barkach. Kurtka posiada\u00a0najwy\u017cszy mo\u017cliwy poziom ochrony AAA, do tego \u015bwietnie komponuje si\u0119 z jeansami [&hellip;]\" \/>\n<meta property=\"og:url\" content=\"https:\/\/moto-pawmar.pl\/?product=kurtka-motocyklowa-skorzana-rebelhorn-diva-st-lady-black-pink\" \/>\n<meta property=\"og:site_name\" content=\"MOTO-PAWMAR\" \/>\n<meta property=\"article:publisher\" content=\"https:\/\/www.facebook.com\/motopawmar\/?locale=pl_PL\" \/>\n<meta property=\"article:modified_time\" content=\"2025-12-16T10:33:56+00:00\" \/>\n<meta property=\"og:image\" content=\"https:\/\/moto-pawmar.pl\/wp-content\/uploads\/2025\/12\/349544_ZAL842132.jpg\" \/>\n\t<meta property=\"og:image:width\" content=\"800\" \/>\n\t<meta property=\"og:image:height\" content=\"800\" \/>\n\t<meta property=\"og:image:type\" content=\"image\/jpeg\" \/>\n<meta name=\"twitter:card\" content=\"summary_large_image\" \/>\n<meta name=\"twitter:label1\" content=\"Szacowany czas czytania\" \/>\n\t<meta name=\"twitter:data1\" content=\"2 minuty\" \/>\n<script type=\"application\/ld+json\" class=\"yoast-schema-graph\">{\"@context\":\"https:\/\/schema.org\",\"@graph\":[{\"@type\":\"WebPage\",\"@id\":\"https:\/\/moto-pawmar.pl\/?product=kurtka-motocyklowa-skorzana-rebelhorn-diva-st-lady-black-pink\",\"url\":\"https:\/\/moto-pawmar.pl\/?product=kurtka-motocyklowa-skorzana-rebelhorn-diva-st-lady-black-pink\",\"name\":\"Kurtka motocyklowa sk\u00f3rzana Rebelhorn Diva St LADY Black Red White - MOTO-PAWMAR\",\"isPartOf\":{\"@id\":\"https:\/\/moto-pawmar.pl\/#website\"},\"primaryImageOfPage\":{\"@id\":\"https:\/\/moto-pawmar.pl\/?product=kurtka-motocyklowa-skorzana-rebelhorn-diva-st-lady-black-pink#primaryimage\"},\"image\":{\"@id\":\"https:\/\/moto-pawmar.pl\/?product=kurtka-motocyklowa-skorzana-rebelhorn-diva-st-lady-black-pink#primaryimage\"},\"thumbnailUrl\":\"https:\/\/moto-pawmar.pl\/wp-content\/uploads\/2025\/12\/349544_ZAL842132.jpg\",\"datePublished\":\"2025-12-16T10:32:14+00:00\",\"dateModified\":\"2025-12-16T10:33:56+00:00\",\"breadcrumb\":{\"@id\":\"https:\/\/moto-pawmar.pl\/?product=kurtka-motocyklowa-skorzana-rebelhorn-diva-st-lady-black-pink#breadcrumb\"},\"inLanguage\":\"pl-PL\",\"potentialAction\":[{\"@type\":\"ReadAction\",\"target\":[\"https:\/\/moto-pawmar.pl\/?product=kurtka-motocyklowa-skorzana-rebelhorn-diva-st-lady-black-pink\"]}]},{\"@type\":\"ImageObject\",\"inLanguage\":\"pl-PL\",\"@id\":\"https:\/\/moto-pawmar.pl\/?product=kurtka-motocyklowa-skorzana-rebelhorn-diva-st-lady-black-pink#primaryimage\",\"url\":\"https:\/\/moto-pawmar.pl\/wp-content\/uploads\/2025\/12\/349544_ZAL842132.jpg\",\"contentUrl\":\"https:\/\/moto-pawmar.pl\/wp-content\/uploads\/2025\/12\/349544_ZAL842132.jpg\",\"width\":800,\"height\":800},{\"@type\":\"BreadcrumbList\",\"@id\":\"https:\/\/moto-pawmar.pl\/?product=kurtka-motocyklowa-skorzana-rebelhorn-diva-st-lady-black-pink#breadcrumb\",\"itemListElement\":[{\"@type\":\"ListItem\",\"position\":1,\"name\":\"Strona g\u0142\u00f3wna\",\"item\":\"https:\/\/moto-pawmar.pl\/\"},{\"@type\":\"ListItem\",\"position\":2,\"name\":\"Sklep Internetowy\",\"item\":\"https:\/\/moto-pawmar.pl\/?page_id=367\"},{\"@type\":\"ListItem\",\"position\":3,\"name\":\"Kurtka motocyklowa sk\u00f3rzana Rebelhorn Diva St LADY Black Red White\"}]},{\"@type\":\"WebSite\",\"@id\":\"https:\/\/moto-pawmar.pl\/#website\",\"url\":\"https:\/\/moto-pawmar.pl\/\",\"name\":\"MOTO-PAWMAR\",\"description\":\"MOTO\u2011PAWMAR \u2013 Tw\u00f3j sklep z cz\u0119\u015bciami i akcesoriami do motocykli, skuter\u00f3w i quad\u00f3w.\",\"publisher\":{\"@id\":\"https:\/\/moto-pawmar.pl\/#organization\"},\"potentialAction\":[{\"@type\":\"SearchAction\",\"target\":{\"@type\":\"EntryPoint\",\"urlTemplate\":\"https:\/\/moto-pawmar.pl\/?s={search_term_string}\"},\"query-input\":{\"@type\":\"PropertyValueSpecification\",\"valueRequired\":true,\"valueName\":\"search_term_string\"}}],\"inLanguage\":\"pl-PL\"},{\"@type\":\"Organization\",\"@id\":\"https:\/\/moto-pawmar.pl\/#organization\",\"name\":\"MOTO-PAWMAR\",\"url\":\"https:\/\/moto-pawmar.pl\/\",\"logo\":{\"@type\":\"ImageObject\",\"inLanguage\":\"pl-PL\",\"@id\":\"https:\/\/moto-pawmar.pl\/#\/schema\/logo\/image\/\",\"url\":\"https:\/\/moto-pawmar.pl\/wp-content\/uploads\/2025\/10\/LOGO-SKLEP.png\",\"contentUrl\":\"https:\/\/moto-pawmar.pl\/wp-content\/uploads\/2025\/10\/LOGO-SKLEP.png\",\"width\":2480,\"height\":2053,\"caption\":\"MOTO-PAWMAR\"},\"image\":{\"@id\":\"https:\/\/moto-pawmar.pl\/#\/schema\/logo\/image\/\"},\"sameAs\":[\"https:\/\/www.facebook.com\/motopawmar\/?locale=pl_PL\"]}]}<\/script>\n<!-- \/ Yoast SEO plugin. -->","yoast_head_json":{"title":"Kurtka motocyklowa sk\u00f3rzana Rebelhorn Diva St LADY Black Red White - MOTO-PAWMAR","robots":{"index":"index","follow":"follow","max-snippet":"max-snippet:-1","max-image-preview":"max-image-preview:large","max-video-preview":"max-video-preview:-1"},"canonical":"https:\/\/moto-pawmar.pl\/?product=kurtka-motocyklowa-skorzana-rebelhorn-diva-st-lady-black-pink","og_locale":"pl_PL","og_type":"article","og_title":"Kurtka motocyklowa sk\u00f3rzana Rebelhorn Diva St LADY Black Red White - MOTO-PAWMAR","og_description":"Rebelhorn Diva ST\u00a0\u2013 Damska kurtka sk\u00f3rzana stworzona dla motocyklistek, kt\u00f3re chc\u0105 podkre\u015bli\u0107 sylwetk\u0119 i czu\u0107 si\u0119 bezpiecznie, ale preferuj\u0105 \u0142agodniejszy styl ni\u017c w wersji RS. Diva ST wyr\u00f3\u017cnia si\u0119 streetowym krojem \u2013 d\u0142u\u017cszym ni\u017c w RS, bez garba i slider\u00f3w na barkach. Kurtka posiada\u00a0najwy\u017cszy mo\u017cliwy poziom ochrony AAA, do tego \u015bwietnie komponuje si\u0119 z jeansami [&hellip;]","og_url":"https:\/\/moto-pawmar.pl\/?product=kurtka-motocyklowa-skorzana-rebelhorn-diva-st-lady-black-pink","og_site_name":"MOTO-PAWMAR","article_publisher":"https:\/\/www.facebook.com\/motopawmar\/?locale=pl_PL","article_modified_time":"2025-12-16T10:33:56+00:00","og_image":[{"width":800,"height":800,"url":"https:\/\/moto-pawmar.pl\/wp-content\/uploads\/2025\/12\/349544_ZAL842132.jpg","type":"image\/jpeg"}],"twitter_card":"summary_large_image","twitter_misc":{"Szacowany czas czytania":"2 minuty"},"schema":{"@context":"https:\/\/schema.org","@graph":[{"@type":"WebPage","@id":"https:\/\/moto-pawmar.pl\/?product=kurtka-motocyklowa-skorzana-rebelhorn-diva-st-lady-black-pink","url":"https:\/\/moto-pawmar.pl\/?product=kurtka-motocyklowa-skorzana-rebelhorn-diva-st-lady-black-pink","name":"Kurtka motocyklowa sk\u00f3rzana Rebelhorn Diva St LADY Black Red White - MOTO-PAWMAR","isPartOf":{"@id":"https:\/\/moto-pawmar.pl\/#website"},"primaryImageOfPage":{"@id":"https:\/\/moto-pawmar.pl\/?product=kurtka-motocyklowa-skorzana-rebelhorn-diva-st-lady-black-pink#primaryimage"},"image":{"@id":"https:\/\/moto-pawmar.pl\/?product=kurtka-motocyklowa-skorzana-rebelhorn-diva-st-lady-black-pink#primaryimage"},"thumbnailUrl":"https:\/\/moto-pawmar.pl\/wp-content\/uploads\/2025\/12\/349544_ZAL842132.jpg","datePublished":"2025-12-16T10:32:14+00:00","dateModified":"2025-12-16T10:33:56+00:00","breadcrumb":{"@id":"https:\/\/moto-pawmar.pl\/?product=kurtka-motocyklowa-skorzana-rebelhorn-diva-st-lady-black-pink#breadcrumb"},"inLanguage":"pl-PL","potentialAction":[{"@type":"ReadAction","target":["https:\/\/moto-pawmar.pl\/?product=kurtka-motocyklowa-skorzana-rebelhorn-diva-st-lady-black-pink"]}]},{"@type":"ImageObject","inLanguage":"pl-PL","@id":"https:\/\/moto-pawmar.pl\/?product=kurtka-motocyklowa-skorzana-rebelhorn-diva-st-lady-black-pink#primaryimage","url":"https:\/\/moto-pawmar.pl\/wp-content\/uploads\/2025\/12\/349544_ZAL842132.jpg","contentUrl":"https:\/\/moto-pawmar.pl\/wp-content\/uploads\/2025\/12\/349544_ZAL842132.jpg","width":800,"height":800},{"@type":"BreadcrumbList","@id":"https:\/\/moto-pawmar.pl\/?product=kurtka-motocyklowa-skorzana-rebelhorn-diva-st-lady-black-pink#breadcrumb","itemListElement":[{"@type":"ListItem","position":1,"name":"Strona g\u0142\u00f3wna","item":"https:\/\/moto-pawmar.pl\/"},{"@type":"ListItem","position":2,"name":"Sklep Internetowy","item":"https:\/\/moto-pawmar.pl\/?page_id=367"},{"@type":"ListItem","position":3,"name":"Kurtka motocyklowa sk\u00f3rzana Rebelhorn Diva St LADY Black Red White"}]},{"@type":"WebSite","@id":"https:\/\/moto-pawmar.pl\/#website","url":"https:\/\/moto-pawmar.pl\/","name":"MOTO-PAWMAR","description":"MOTO\u2011PAWMAR \u2013 Tw\u00f3j sklep z cz\u0119\u015bciami i akcesoriami do motocykli, skuter\u00f3w i quad\u00f3w.","publisher":{"@id":"https:\/\/moto-pawmar.pl\/#organization"},"potentialAction":[{"@type":"SearchAction","target":{"@type":"EntryPoint","urlTemplate":"https:\/\/moto-pawmar.pl\/?s={search_term_string}"},"query-input":{"@type":"PropertyValueSpecification","valueRequired":true,"valueName":"search_term_string"}}],"inLanguage":"pl-PL"},{"@type":"Organization","@id":"https:\/\/moto-pawmar.pl\/#organization","name":"MOTO-PAWMAR","url":"https:\/\/moto-pawmar.pl\/","logo":{"@type":"ImageObject","inLanguage":"pl-PL","@id":"https:\/\/moto-pawmar.pl\/#\/schema\/logo\/image\/","url":"https:\/\/moto-pawmar.pl\/wp-content\/uploads\/2025\/10\/LOGO-SKLEP.png","contentUrl":"https:\/\/moto-pawmar.pl\/wp-content\/uploads\/2025\/10\/LOGO-SKLEP.png","width":2480,"height":2053,"caption":"MOTO-PAWMAR"},"image":{"@id":"https:\/\/moto-pawmar.pl\/#\/schema\/logo\/image\/"},"sameAs":["https:\/\/www.facebook.com\/motopawmar\/?locale=pl_PL"]}]}},"_links":{"self":[{"href":"https:\/\/moto-pawmar.pl\/index.php?rest_route=\/wp\/v2\/product\/7192","targetHints":{"allow":["GET"]}}],"collection":[{"href":"https:\/\/moto-pawmar.pl\/index.php?rest_route=\/wp\/v2\/product"}],"about":[{"href":"https:\/\/moto-pawmar.pl\/index.php?rest_route=\/wp\/v2\/types\/product"}],"wp:featuredmedia":[{"embeddable":true,"href":"https:\/\/moto-pawmar.pl\/index.php?rest_route=\/wp\/v2\/media\/7202"}],"wp:attachment":[{"href":"https:\/\/moto-pawmar.pl\/index.php?rest_route=%2Fwp%2Fv2%2Fmedia&parent=7192"}],"wp:term":[{"taxonomy":"product_brand","embeddable":true,"href":"https:\/\/moto-pawmar.pl\/index.php?rest_route=%2Fwp%2Fv2%2Fproduct_brand&post=7192"},{"taxonomy":"product_cat","embeddable":true,"href":"https:\/\/moto-pawmar.pl\/index.php?rest_route=%2Fwp%2Fv2%2Fproduct_cat&post=7192"},{"taxonomy":"product_tag","embeddable":true,"href":"https:\/\/moto-pawmar.pl\/index.php?rest_route=%2Fwp%2Fv2%2Fproduct_tag&post=7192"}],"curies":[{"name":"wp","href":"https:\/\/api.w.org\/{rel}","templated":true}]}}