{"id":7147,"date":"2025-12-16T09:49:21","date_gmt":"2025-12-16T08:49:21","guid":{"rendered":"https:\/\/moto-pawmar.pl\/?post_type=product&#038;p=7147"},"modified":"2025-12-16T09:49:58","modified_gmt":"2025-12-16T08:49:58","slug":"kurtka-motocyklowa-skorzana-rebelhorn-diva-rs-lady-black-red","status":"publish","type":"product","link":"https:\/\/moto-pawmar.pl\/?product=kurtka-motocyklowa-skorzana-rebelhorn-diva-rs-lady-black-red","title":{"rendered":"Kurtka motocyklowa sk\u00f3rzana Rebelhorn Diva Rs LADY Black Red"},"content":{"rendered":"<p><strong>Rebelhorn Diva RS<\/strong>\u00a0\u2013 Damska, sk\u00f3rzana kurtka motocyklowaa zaprojektowana z my\u015bl\u0105 o szybszej je\u017adzie na sportach i nakedach\u00a0<strong>z certyfikacj\u0105 na poziomie AAA<\/strong>. Diva RS ma agresywne dopasowanie Slim Fit\/Sport, aerodynamiczny garb, slidery bark\u00f3w oraz komplet ochraniaczy poziomu 2 w zestawie. Mi\u0119kko wyprawiona, wytrzyma\u0142a sk\u00f3ra i ergonomiczna podszewka zapewniaj\u0105 komfort bez ograniczania ruch\u00f3w. W komplecie kamizelka typu wind-stopper.<\/p>\n<p>&nbsp;<\/p>\n<p>Projekt powsta\u0142 przy wsp\u00f3\u0142pracy z Kasi\u0105\u00a0<strong>M\u00f3w mi Drakula<\/strong>\u00a0(@mow_mi_drakula) z polskiej grupy wspieraj\u0105cej motocyklistki\u00a0<em>Speed Ladies<\/em>. Pomys\u0142y i obserwacje Kasi przyczyni\u0142y si\u0119 do powstania kurtki, kt\u00f3ra jest nie tylko bezpieczna, ale te\u017c mocno\u00a0<strong>podkre\u015bla kobiec\u0105 sylwetk\u0119<\/strong>, pozostaj\u0105c przy tym wygodn\u0105. Kurtka Diva RS najlepiej \u0142\u0105czy si\u0119 z pasuj\u0105cymi spodniami sk\u00f3rzanymi Diva o wysokim stanie lub jeansami\u00a0<em>Rebelhorn Classic Mono Women<\/em>. Je\u015bli szukasz bardziej miejskiego charakteru, wybierz wariant kurtki\u00a0<em>Diva ST<\/em>.<\/p>\n<p><strong>Dlaczego warto?<\/strong><\/p>\n<p>&#8211;\u00a0<strong>CE LEVEL AAA<\/strong>\u00a0wg EN 17092-2:2020 \u2013 najwy\u017csza klasa ochrony w damskiej sk\u00f3rze.<\/p>\n<p>&#8211; Agresywne, sportowe dopasowanie + garb i slidery bark\u00f3w.<\/p>\n<p>&#8211; Komplet ochraniaczy LEVEL 2 w zestawie (barki, \u0142okcie, plecy).<\/p>\n<p>&#8211; W zestawie kamizelka wind-stopper \u2013 wi\u0119kszy komfort termiczny.<\/p>\n<p><strong>Warstwy i materia\u0142y<\/strong><\/p>\n<p><em>Warstwa zewn\u0119trzna:<\/em>\u00a0Sk\u00f3ra bydl\u0119ca \u2013 85%, Nylon z elastanem \u2013 15%<\/p>\n<p><em>Podszewka:<\/em>\u00a0Poliester \u2013 70%, Spandex \u2013 30%<\/p>\n<p><em>Warstwa docieplaj\u0105ca (kamizelka wind-stopper):<\/em>\u00a0100% Poliester<\/p>\n<p><strong>Bezpiecze\u0144stwo<\/strong><\/p>\n<p>&#8211; \u0141okcie: RE-ZRO MK1-C2-EK1 LEVEL 2.<\/p>\n<p>&#8211; Barki: Armanox 401 LEVEL 2.<\/p>\n<p>&#8211; Plecy: RE-ZRO MK1-BPL2 LEVEL 2, rozmiar S.<\/p>\n<p>&#8211; Wzmocnione szwy konstrukcyjne SSS \u2013 Structural Strong Seams.<\/p>\n<p>&#8211; Certyfikacja: CE LEVEL AAA wg EN 17092-2:2020.<\/p>\n<p><strong>Wentylacja<\/strong><\/p>\n<p>&#8211; Perforowana sk\u00f3ra.<\/p>\n<p>&#8211; Centralny kana\u0142 wentylacyjny.<\/p>\n<p><strong>Dopasowanie i ergonomia<\/strong><\/p>\n<p>&#8211; Slim Fit\/Sport \u2013 kobiecy, dopasowany kr\u00f3j, kt\u00f3ry podkre\u015bla biust.<\/p>\n<p>&#8211; Kr\u00f3j kurtki dopasowany do spodni Diva oraz Classic Mono Women z wysokim stanem<\/p>\n<p><strong>Dodatki i funkcjonalno\u015bci<\/strong><\/p>\n<p>&#8211; Zamek \u0142\u0105cz\u0105cy 360\u00b0 + kr\u00f3tki \u2013 mo\u017cliwo\u015b\u0107 spi\u0119cia tak\u017ce z jeansami Rebelhorn.<\/p>\n<p>&#8211; Kamizelka typu wind-stopper w zestawie.<\/p>\n<p><strong>Dla kogo jest Diva RS?<\/strong><\/p>\n<p>Dla motocyklistek, kt\u00f3re chc\u0105 podkre\u015bli\u0107 sportowy, wyrazisty styl i jednocze\u015bnie oczekuj\u0105 najwy\u017cszej ochrony. Diva RS to unikalna konstrukcja: bezkompromisowo sportowa, a przy tym wyra\u017anie kobieca.<\/p>\n","protected":false},"excerpt":{"rendered":"<p>Rebelhorn Diva RS\u00a0\u2013 Damska, sk\u00f3rzana kurtka motocyklowaa zaprojektowana z my\u015bl\u0105 o szybszej je\u017adzie na sportach i nakedach\u00a0z certyfikacj\u0105 na poziomie AAA. Diva RS ma agresywne dopasowanie Slim Fit\/Sport, aerodynamiczny garb, slidery bark\u00f3w oraz komplet ochraniaczy poziomu 2 w zestawie. Mi\u0119kko wyprawiona, wytrzyma\u0142a sk\u00f3ra i ergonomiczna podszewka zapewniaj\u0105 komfort bez ograniczania ruch\u00f3w. W komplecie kamizelka typu [&hellip;]<\/p>\n","protected":false},"featured_media":7155,"template":"","meta":[],"product_brand":[377],"product_cat":[289,280],"product_tag":[],"class_list":{"0":"post-7147","1":"product","2":"type-product","3":"status-publish","4":"has-post-thumbnail","6":"product_brand-rebelhorn","7":"product_cat-kombinezony-2cz-meska","8":"product_cat-kombinezony-meska","9":"pa_rozmiar-kombinezony-383","10":"pa_rozmiar-kombinezony-357","11":"pa_rozmiar-kombinezony-358","12":"pa_rozmiar-kombinezony-359","13":"pa_rozmiar-kombinezony-360","14":"pa_rozmiar-kombinezony-361","15":"pa_rozmiar-kombinezony-329","17":"first","18":"instock","19":"taxable","20":"shipping-taxable","21":"purchasable","22":"product-type-variable"},"yoast_head":"<!-- This site is optimized with the Yoast SEO plugin v26.9 - https:\/\/yoast.com\/product\/yoast-seo-wordpress\/ -->\n<title>Kurtka motocyklowa sk\u00f3rzana Rebelhorn Diva Rs LADY Black Red - MOTO-PAWMAR<\/title>\n<meta name=\"robots\" content=\"index, follow, max-snippet:-1, max-image-preview:large, max-video-preview:-1\" \/>\n<link rel=\"canonical\" href=\"https:\/\/moto-pawmar.pl\/?product=kurtka-motocyklowa-skorzana-rebelhorn-diva-rs-lady-black-red\" \/>\n<meta property=\"og:locale\" content=\"pl_PL\" \/>\n<meta property=\"og:type\" content=\"article\" \/>\n<meta property=\"og:title\" content=\"Kurtka motocyklowa sk\u00f3rzana Rebelhorn Diva Rs LADY Black Red - MOTO-PAWMAR\" \/>\n<meta property=\"og:description\" content=\"Rebelhorn Diva RS\u00a0\u2013 Damska, sk\u00f3rzana kurtka motocyklowaa zaprojektowana z my\u015bl\u0105 o szybszej je\u017adzie na sportach i nakedach\u00a0z certyfikacj\u0105 na poziomie AAA. Diva RS ma agresywne dopasowanie Slim Fit\/Sport, aerodynamiczny garb, slidery bark\u00f3w oraz komplet ochraniaczy poziomu 2 w zestawie. Mi\u0119kko wyprawiona, wytrzyma\u0142a sk\u00f3ra i ergonomiczna podszewka zapewniaj\u0105 komfort bez ograniczania ruch\u00f3w. W komplecie kamizelka typu [&hellip;]\" \/>\n<meta property=\"og:url\" content=\"https:\/\/moto-pawmar.pl\/?product=kurtka-motocyklowa-skorzana-rebelhorn-diva-rs-lady-black-red\" \/>\n<meta property=\"og:site_name\" content=\"MOTO-PAWMAR\" \/>\n<meta property=\"article:publisher\" content=\"https:\/\/www.facebook.com\/motopawmar\/?locale=pl_PL\" \/>\n<meta property=\"article:modified_time\" content=\"2025-12-16T08:49:58+00:00\" \/>\n<meta property=\"og:image\" content=\"https:\/\/moto-pawmar.pl\/wp-content\/uploads\/2025\/12\/349496_ZAL842084.jpg\" \/>\n\t<meta property=\"og:image:width\" content=\"800\" \/>\n\t<meta property=\"og:image:height\" content=\"800\" \/>\n\t<meta property=\"og:image:type\" content=\"image\/jpeg\" \/>\n<meta name=\"twitter:card\" content=\"summary_large_image\" \/>\n<meta name=\"twitter:label1\" content=\"Szacowany czas czytania\" \/>\n\t<meta name=\"twitter:data1\" content=\"2 minuty\" \/>\n<script type=\"application\/ld+json\" class=\"yoast-schema-graph\">{\"@context\":\"https:\/\/schema.org\",\"@graph\":[{\"@type\":\"WebPage\",\"@id\":\"https:\/\/moto-pawmar.pl\/?product=kurtka-motocyklowa-skorzana-rebelhorn-diva-rs-lady-black-red\",\"url\":\"https:\/\/moto-pawmar.pl\/?product=kurtka-motocyklowa-skorzana-rebelhorn-diva-rs-lady-black-red\",\"name\":\"Kurtka motocyklowa sk\u00f3rzana Rebelhorn Diva Rs LADY Black Red - MOTO-PAWMAR\",\"isPartOf\":{\"@id\":\"https:\/\/moto-pawmar.pl\/#website\"},\"primaryImageOfPage\":{\"@id\":\"https:\/\/moto-pawmar.pl\/?product=kurtka-motocyklowa-skorzana-rebelhorn-diva-rs-lady-black-red#primaryimage\"},\"image\":{\"@id\":\"https:\/\/moto-pawmar.pl\/?product=kurtka-motocyklowa-skorzana-rebelhorn-diva-rs-lady-black-red#primaryimage\"},\"thumbnailUrl\":\"https:\/\/moto-pawmar.pl\/wp-content\/uploads\/2025\/12\/349496_ZAL842084.jpg\",\"datePublished\":\"2025-12-16T08:49:21+00:00\",\"dateModified\":\"2025-12-16T08:49:58+00:00\",\"breadcrumb\":{\"@id\":\"https:\/\/moto-pawmar.pl\/?product=kurtka-motocyklowa-skorzana-rebelhorn-diva-rs-lady-black-red#breadcrumb\"},\"inLanguage\":\"pl-PL\",\"potentialAction\":[{\"@type\":\"ReadAction\",\"target\":[\"https:\/\/moto-pawmar.pl\/?product=kurtka-motocyklowa-skorzana-rebelhorn-diva-rs-lady-black-red\"]}]},{\"@type\":\"ImageObject\",\"inLanguage\":\"pl-PL\",\"@id\":\"https:\/\/moto-pawmar.pl\/?product=kurtka-motocyklowa-skorzana-rebelhorn-diva-rs-lady-black-red#primaryimage\",\"url\":\"https:\/\/moto-pawmar.pl\/wp-content\/uploads\/2025\/12\/349496_ZAL842084.jpg\",\"contentUrl\":\"https:\/\/moto-pawmar.pl\/wp-content\/uploads\/2025\/12\/349496_ZAL842084.jpg\",\"width\":800,\"height\":800},{\"@type\":\"BreadcrumbList\",\"@id\":\"https:\/\/moto-pawmar.pl\/?product=kurtka-motocyklowa-skorzana-rebelhorn-diva-rs-lady-black-red#breadcrumb\",\"itemListElement\":[{\"@type\":\"ListItem\",\"position\":1,\"name\":\"Strona g\u0142\u00f3wna\",\"item\":\"https:\/\/moto-pawmar.pl\/\"},{\"@type\":\"ListItem\",\"position\":2,\"name\":\"Sklep Internetowy\",\"item\":\"https:\/\/moto-pawmar.pl\/?page_id=367\"},{\"@type\":\"ListItem\",\"position\":3,\"name\":\"Kurtka motocyklowa sk\u00f3rzana Rebelhorn Diva Rs LADY Black Red\"}]},{\"@type\":\"WebSite\",\"@id\":\"https:\/\/moto-pawmar.pl\/#website\",\"url\":\"https:\/\/moto-pawmar.pl\/\",\"name\":\"MOTO-PAWMAR\",\"description\":\"MOTO\u2011PAWMAR \u2013 Tw\u00f3j sklep z cz\u0119\u015bciami i akcesoriami do motocykli, skuter\u00f3w i quad\u00f3w.\",\"publisher\":{\"@id\":\"https:\/\/moto-pawmar.pl\/#organization\"},\"potentialAction\":[{\"@type\":\"SearchAction\",\"target\":{\"@type\":\"EntryPoint\",\"urlTemplate\":\"https:\/\/moto-pawmar.pl\/?s={search_term_string}\"},\"query-input\":{\"@type\":\"PropertyValueSpecification\",\"valueRequired\":true,\"valueName\":\"search_term_string\"}}],\"inLanguage\":\"pl-PL\"},{\"@type\":\"Organization\",\"@id\":\"https:\/\/moto-pawmar.pl\/#organization\",\"name\":\"MOTO-PAWMAR\",\"url\":\"https:\/\/moto-pawmar.pl\/\",\"logo\":{\"@type\":\"ImageObject\",\"inLanguage\":\"pl-PL\",\"@id\":\"https:\/\/moto-pawmar.pl\/#\/schema\/logo\/image\/\",\"url\":\"https:\/\/moto-pawmar.pl\/wp-content\/uploads\/2025\/10\/LOGO-SKLEP.png\",\"contentUrl\":\"https:\/\/moto-pawmar.pl\/wp-content\/uploads\/2025\/10\/LOGO-SKLEP.png\",\"width\":2480,\"height\":2053,\"caption\":\"MOTO-PAWMAR\"},\"image\":{\"@id\":\"https:\/\/moto-pawmar.pl\/#\/schema\/logo\/image\/\"},\"sameAs\":[\"https:\/\/www.facebook.com\/motopawmar\/?locale=pl_PL\"]}]}<\/script>\n<!-- \/ Yoast SEO plugin. -->","yoast_head_json":{"title":"Kurtka motocyklowa sk\u00f3rzana Rebelhorn Diva Rs LADY Black Red - MOTO-PAWMAR","robots":{"index":"index","follow":"follow","max-snippet":"max-snippet:-1","max-image-preview":"max-image-preview:large","max-video-preview":"max-video-preview:-1"},"canonical":"https:\/\/moto-pawmar.pl\/?product=kurtka-motocyklowa-skorzana-rebelhorn-diva-rs-lady-black-red","og_locale":"pl_PL","og_type":"article","og_title":"Kurtka motocyklowa sk\u00f3rzana Rebelhorn Diva Rs LADY Black Red - MOTO-PAWMAR","og_description":"Rebelhorn Diva RS\u00a0\u2013 Damska, sk\u00f3rzana kurtka motocyklowaa zaprojektowana z my\u015bl\u0105 o szybszej je\u017adzie na sportach i nakedach\u00a0z certyfikacj\u0105 na poziomie AAA. Diva RS ma agresywne dopasowanie Slim Fit\/Sport, aerodynamiczny garb, slidery bark\u00f3w oraz komplet ochraniaczy poziomu 2 w zestawie. Mi\u0119kko wyprawiona, wytrzyma\u0142a sk\u00f3ra i ergonomiczna podszewka zapewniaj\u0105 komfort bez ograniczania ruch\u00f3w. W komplecie kamizelka typu [&hellip;]","og_url":"https:\/\/moto-pawmar.pl\/?product=kurtka-motocyklowa-skorzana-rebelhorn-diva-rs-lady-black-red","og_site_name":"MOTO-PAWMAR","article_publisher":"https:\/\/www.facebook.com\/motopawmar\/?locale=pl_PL","article_modified_time":"2025-12-16T08:49:58+00:00","og_image":[{"width":800,"height":800,"url":"https:\/\/moto-pawmar.pl\/wp-content\/uploads\/2025\/12\/349496_ZAL842084.jpg","type":"image\/jpeg"}],"twitter_card":"summary_large_image","twitter_misc":{"Szacowany czas czytania":"2 minuty"},"schema":{"@context":"https:\/\/schema.org","@graph":[{"@type":"WebPage","@id":"https:\/\/moto-pawmar.pl\/?product=kurtka-motocyklowa-skorzana-rebelhorn-diva-rs-lady-black-red","url":"https:\/\/moto-pawmar.pl\/?product=kurtka-motocyklowa-skorzana-rebelhorn-diva-rs-lady-black-red","name":"Kurtka motocyklowa sk\u00f3rzana Rebelhorn Diva Rs LADY Black Red - MOTO-PAWMAR","isPartOf":{"@id":"https:\/\/moto-pawmar.pl\/#website"},"primaryImageOfPage":{"@id":"https:\/\/moto-pawmar.pl\/?product=kurtka-motocyklowa-skorzana-rebelhorn-diva-rs-lady-black-red#primaryimage"},"image":{"@id":"https:\/\/moto-pawmar.pl\/?product=kurtka-motocyklowa-skorzana-rebelhorn-diva-rs-lady-black-red#primaryimage"},"thumbnailUrl":"https:\/\/moto-pawmar.pl\/wp-content\/uploads\/2025\/12\/349496_ZAL842084.jpg","datePublished":"2025-12-16T08:49:21+00:00","dateModified":"2025-12-16T08:49:58+00:00","breadcrumb":{"@id":"https:\/\/moto-pawmar.pl\/?product=kurtka-motocyklowa-skorzana-rebelhorn-diva-rs-lady-black-red#breadcrumb"},"inLanguage":"pl-PL","potentialAction":[{"@type":"ReadAction","target":["https:\/\/moto-pawmar.pl\/?product=kurtka-motocyklowa-skorzana-rebelhorn-diva-rs-lady-black-red"]}]},{"@type":"ImageObject","inLanguage":"pl-PL","@id":"https:\/\/moto-pawmar.pl\/?product=kurtka-motocyklowa-skorzana-rebelhorn-diva-rs-lady-black-red#primaryimage","url":"https:\/\/moto-pawmar.pl\/wp-content\/uploads\/2025\/12\/349496_ZAL842084.jpg","contentUrl":"https:\/\/moto-pawmar.pl\/wp-content\/uploads\/2025\/12\/349496_ZAL842084.jpg","width":800,"height":800},{"@type":"BreadcrumbList","@id":"https:\/\/moto-pawmar.pl\/?product=kurtka-motocyklowa-skorzana-rebelhorn-diva-rs-lady-black-red#breadcrumb","itemListElement":[{"@type":"ListItem","position":1,"name":"Strona g\u0142\u00f3wna","item":"https:\/\/moto-pawmar.pl\/"},{"@type":"ListItem","position":2,"name":"Sklep Internetowy","item":"https:\/\/moto-pawmar.pl\/?page_id=367"},{"@type":"ListItem","position":3,"name":"Kurtka motocyklowa sk\u00f3rzana Rebelhorn Diva Rs LADY Black Red"}]},{"@type":"WebSite","@id":"https:\/\/moto-pawmar.pl\/#website","url":"https:\/\/moto-pawmar.pl\/","name":"MOTO-PAWMAR","description":"MOTO\u2011PAWMAR \u2013 Tw\u00f3j sklep z cz\u0119\u015bciami i akcesoriami do motocykli, skuter\u00f3w i quad\u00f3w.","publisher":{"@id":"https:\/\/moto-pawmar.pl\/#organization"},"potentialAction":[{"@type":"SearchAction","target":{"@type":"EntryPoint","urlTemplate":"https:\/\/moto-pawmar.pl\/?s={search_term_string}"},"query-input":{"@type":"PropertyValueSpecification","valueRequired":true,"valueName":"search_term_string"}}],"inLanguage":"pl-PL"},{"@type":"Organization","@id":"https:\/\/moto-pawmar.pl\/#organization","name":"MOTO-PAWMAR","url":"https:\/\/moto-pawmar.pl\/","logo":{"@type":"ImageObject","inLanguage":"pl-PL","@id":"https:\/\/moto-pawmar.pl\/#\/schema\/logo\/image\/","url":"https:\/\/moto-pawmar.pl\/wp-content\/uploads\/2025\/10\/LOGO-SKLEP.png","contentUrl":"https:\/\/moto-pawmar.pl\/wp-content\/uploads\/2025\/10\/LOGO-SKLEP.png","width":2480,"height":2053,"caption":"MOTO-PAWMAR"},"image":{"@id":"https:\/\/moto-pawmar.pl\/#\/schema\/logo\/image\/"},"sameAs":["https:\/\/www.facebook.com\/motopawmar\/?locale=pl_PL"]}]}},"_links":{"self":[{"href":"https:\/\/moto-pawmar.pl\/index.php?rest_route=\/wp\/v2\/product\/7147","targetHints":{"allow":["GET"]}}],"collection":[{"href":"https:\/\/moto-pawmar.pl\/index.php?rest_route=\/wp\/v2\/product"}],"about":[{"href":"https:\/\/moto-pawmar.pl\/index.php?rest_route=\/wp\/v2\/types\/product"}],"wp:featuredmedia":[{"embeddable":true,"href":"https:\/\/moto-pawmar.pl\/index.php?rest_route=\/wp\/v2\/media\/7155"}],"wp:attachment":[{"href":"https:\/\/moto-pawmar.pl\/index.php?rest_route=%2Fwp%2Fv2%2Fmedia&parent=7147"}],"wp:term":[{"taxonomy":"product_brand","embeddable":true,"href":"https:\/\/moto-pawmar.pl\/index.php?rest_route=%2Fwp%2Fv2%2Fproduct_brand&post=7147"},{"taxonomy":"product_cat","embeddable":true,"href":"https:\/\/moto-pawmar.pl\/index.php?rest_route=%2Fwp%2Fv2%2Fproduct_cat&post=7147"},{"taxonomy":"product_tag","embeddable":true,"href":"https:\/\/moto-pawmar.pl\/index.php?rest_route=%2Fwp%2Fv2%2Fproduct_tag&post=7147"}],"curies":[{"name":"wp","href":"https:\/\/api.w.org\/{rel}","templated":true}]}}