{"id":6994,"date":"2025-12-12T15:07:10","date_gmt":"2025-12-12T14:07:10","guid":{"rendered":"https:\/\/moto-pawmar.pl\/?post_type=product&#038;p=6994"},"modified":"2025-12-12T15:07:39","modified_gmt":"2025-12-12T14:07:39","slug":"buty-motocyklowe-rebelhorn-swift-black-fluo-yellow","status":"publish","type":"product","link":"https:\/\/moto-pawmar.pl\/?product=buty-motocyklowe-rebelhorn-swift-black-fluo-yellow","title":{"rendered":"Buty motocyklowe Rebelhorn Swift Black Fluo Yellow"},"content":{"rendered":"<p><strong>Rebelhorn Swift<\/strong>\u00a0\u2013 Buty motocyklowe do miasta, kt\u00f3re s\u0105 lekkie, wygodne i dobrze wentylowane. Wyr\u00f3\u017cniaj\u0105 si\u0119 sportow\u0105 stylistyk\u0105 i detalami. S\u0105 bezpieczne, posiadaj\u0105 skuteczny system wentylacji i \u015bwietnie sprawdz\u0105 si\u0119 w codziennym u\u017cytkowaniu \u2013 szczeg\u00f3lnie w cieplejsze dni.<\/p>\n<p>&nbsp;<\/p>\n<p><strong>Dlaczego warto?<\/strong><\/p>\n<p>&#8211; Miejski charakter i sportowy look \u2013 idealne w zestawie z jeansami.<\/p>\n<p>&#8211; CE LEVEL 1222 wg EN 13634:2017 \u2013 bezpiecze\u0144stwo bez kompromis\u00f3w.<\/p>\n<p>&#8211; Panele mesh po obu stronach stopy \u2013 komfort nawet w upalne dni.<\/p>\n<p>&#8211; Detale, kt\u00f3re robi\u0105 r\u00f3\u017cnic\u0119 \u2013 slider TPU, mi\u0119kkie wyko\u0144czenia, wygodna wk\u0142adka.<\/p>\n<p>&#8211; Lekkie, przewiewne \u2013 idealne do miasta.<\/p>\n<p><strong>Warstwy i materia\u0142y<\/strong><\/p>\n<p><em>Warstwa zewn\u0119trzna:<\/em>\u00a0Microfiber PU \u2013 50%, Mesh \u2013 45%, Lycra \u2013 5%<\/p>\n<p><em>Podszewka:<\/em>\u00a0100% BK mesh (poliester)<\/p>\n<p><em>Podeszwa:<\/em>\u00a0100% Guma<\/p>\n<p><strong>Bezpiecze\u0144stwo<\/strong><\/p>\n<p>&#8211; Ochraniacz kostki po zewn\u0119trznej stronie stopy.<\/p>\n<p>&#8211; Slider z odpornego TPU \u2013 dodatkowe zabezpieczenie przy agresywniejszej je\u017adzie.<\/p>\n<p>&#8211; Wzmocnienie pod d\u017awigni\u0119 zmiany bieg\u00f3w z materia\u0142u TPR \u2013 odporno\u015b\u0107 na przetarcia.<\/p>\n<p>&#8211; Wzmocnione szwy konstrukcyjne SSS \u2013 Structural Strong Seams.<\/p>\n<p>&#8211; Certyfikacja: CE LEVEL 1222 wg EN 13634:2017.<\/p>\n<p><strong>Wentylacja<\/strong><\/p>\n<p>&#8211; Dwa panele wentylacyjne ze Steel Mesh \u2013 po zewn\u0119trznej i wewn\u0119trznej stronie buta.<\/p>\n<p>&#8211; Podszewka z oddychaj\u0105cej siatki 3D mesh \u2013 skuteczne odprowadzanie wilgoci.<\/p>\n<p><strong>Dodatki i funkcjonalno\u015bci<\/strong><\/p>\n<p>&#8211; Zamek boczny z blokad\u0105 Autolock \u2013 szybkie zak\u0142adanie i zdejmowanie buta.<\/p>\n<p>&#8211; Mi\u0119kkie wyko\u0144czenie cholewki \u2013 wygoda na co dzie\u0144.<\/p>\n<p>&#8211; Anatomiczna wk\u0142adka z pianki pokryta meshem \u2013 komfort i poch\u0142anianie drga\u0144.<\/p>\n<p>&#8211; Oddychaj\u0105ca podszewka 3D mesh \u2013 \u015bwie\u017co\u015b\u0107 przez ca\u0142y dzie\u0144.<\/p>\n<p><strong>Dla kogo s\u0105 buty Swift?<\/strong><\/p>\n<p>Dla motocyklisty, kt\u00f3ry potrzebuje lekkiego, dobrze wentylowanego i wygodnego obuwia do jazdy po mie\u015bcie. Rebelhorn Swift to buty, kt\u00f3re \u0142\u0105cz\u0105 sportowy styl, praktyczno\u015b\u0107 i pe\u0142n\u0105 gotowo\u015b\u0107 do codziennej jazdy.<\/p>\n","protected":false},"excerpt":{"rendered":"<p>Rebelhorn Swift\u00a0\u2013 Buty motocyklowe do miasta, kt\u00f3re s\u0105 lekkie, wygodne i dobrze wentylowane. Wyr\u00f3\u017cniaj\u0105 si\u0119 sportow\u0105 stylistyk\u0105 i detalami. S\u0105 bezpieczne, posiadaj\u0105 skuteczny system wentylacji i \u015bwietnie sprawdz\u0105 si\u0119 w codziennym u\u017cytkowaniu \u2013 szczeg\u00f3lnie w cieplejsze dni. &nbsp; Dlaczego warto? &#8211; Miejski charakter i sportowy look \u2013 idealne w zestawie z jeansami. &#8211; CE LEVEL [&hellip;]<\/p>\n","protected":false},"featured_media":7008,"template":"","meta":[],"product_brand":[377],"product_cat":[282,294],"product_tag":[],"class_list":{"0":"post-6994","1":"product","2":"type-product","3":"status-publish","4":"has-post-thumbnail","6":"product_brand-rebelhorn","7":"product_cat-buty-meska","8":"product_cat-buty-miejskie-meska","9":"pa_rozmiar-buty-352","10":"pa_rozmiar-buty-353","11":"pa_rozmiar-buty-354","12":"pa_rozmiar-buty-355","13":"pa_rozmiar-buty-356","14":"pa_rozmiar-buty-321","15":"pa_rozmiar-buty-322","16":"pa_rozmiar-buty-323","17":"pa_rozmiar-buty-324","18":"pa_rozmiar-buty-325","19":"pa_rozmiar-buty-326","20":"pa_rozmiar-buty-327","21":"pa_rozmiar-buty-328","23":"first","24":"instock","25":"taxable","26":"shipping-taxable","27":"purchasable","28":"product-type-variable"},"yoast_head":"<!-- This site is optimized with the Yoast SEO plugin v26.9 - https:\/\/yoast.com\/product\/yoast-seo-wordpress\/ -->\n<title>Buty motocyklowe Rebelhorn Swift Black Fluo Yellow - MOTO-PAWMAR<\/title>\n<meta name=\"robots\" content=\"index, follow, max-snippet:-1, max-image-preview:large, max-video-preview:-1\" \/>\n<link rel=\"canonical\" href=\"https:\/\/moto-pawmar.pl\/?product=buty-motocyklowe-rebelhorn-swift-black-fluo-yellow\" \/>\n<meta property=\"og:locale\" content=\"pl_PL\" \/>\n<meta property=\"og:type\" content=\"article\" \/>\n<meta property=\"og:title\" content=\"Buty motocyklowe Rebelhorn Swift Black Fluo Yellow - MOTO-PAWMAR\" \/>\n<meta property=\"og:description\" content=\"Rebelhorn Swift\u00a0\u2013 Buty motocyklowe do miasta, kt\u00f3re s\u0105 lekkie, wygodne i dobrze wentylowane. Wyr\u00f3\u017cniaj\u0105 si\u0119 sportow\u0105 stylistyk\u0105 i detalami. S\u0105 bezpieczne, posiadaj\u0105 skuteczny system wentylacji i \u015bwietnie sprawdz\u0105 si\u0119 w codziennym u\u017cytkowaniu \u2013 szczeg\u00f3lnie w cieplejsze dni. &nbsp; Dlaczego warto? &#8211; Miejski charakter i sportowy look \u2013 idealne w zestawie z jeansami. &#8211; CE LEVEL [&hellip;]\" \/>\n<meta property=\"og:url\" content=\"https:\/\/moto-pawmar.pl\/?product=buty-motocyklowe-rebelhorn-swift-black-fluo-yellow\" \/>\n<meta property=\"og:site_name\" content=\"MOTO-PAWMAR\" \/>\n<meta property=\"article:publisher\" content=\"https:\/\/www.facebook.com\/motopawmar\/?locale=pl_PL\" \/>\n<meta property=\"article:modified_time\" content=\"2025-12-12T14:07:39+00:00\" \/>\n<meta property=\"og:image\" content=\"https:\/\/moto-pawmar.pl\/wp-content\/uploads\/2025\/12\/348089_ZAL843611.jpg\" \/>\n\t<meta property=\"og:image:width\" content=\"800\" \/>\n\t<meta property=\"og:image:height\" content=\"800\" \/>\n\t<meta property=\"og:image:type\" content=\"image\/jpeg\" \/>\n<meta name=\"twitter:card\" content=\"summary_large_image\" \/>\n<meta name=\"twitter:label1\" content=\"Szacowany czas czytania\" \/>\n\t<meta name=\"twitter:data1\" content=\"1 minuta\" \/>\n<script type=\"application\/ld+json\" class=\"yoast-schema-graph\">{\"@context\":\"https:\/\/schema.org\",\"@graph\":[{\"@type\":\"WebPage\",\"@id\":\"https:\/\/moto-pawmar.pl\/?product=buty-motocyklowe-rebelhorn-swift-black-fluo-yellow\",\"url\":\"https:\/\/moto-pawmar.pl\/?product=buty-motocyklowe-rebelhorn-swift-black-fluo-yellow\",\"name\":\"Buty motocyklowe Rebelhorn Swift Black Fluo Yellow - MOTO-PAWMAR\",\"isPartOf\":{\"@id\":\"https:\/\/moto-pawmar.pl\/#website\"},\"primaryImageOfPage\":{\"@id\":\"https:\/\/moto-pawmar.pl\/?product=buty-motocyklowe-rebelhorn-swift-black-fluo-yellow#primaryimage\"},\"image\":{\"@id\":\"https:\/\/moto-pawmar.pl\/?product=buty-motocyklowe-rebelhorn-swift-black-fluo-yellow#primaryimage\"},\"thumbnailUrl\":\"https:\/\/moto-pawmar.pl\/wp-content\/uploads\/2025\/12\/348089_ZAL843611.jpg\",\"datePublished\":\"2025-12-12T14:07:10+00:00\",\"dateModified\":\"2025-12-12T14:07:39+00:00\",\"breadcrumb\":{\"@id\":\"https:\/\/moto-pawmar.pl\/?product=buty-motocyklowe-rebelhorn-swift-black-fluo-yellow#breadcrumb\"},\"inLanguage\":\"pl-PL\",\"potentialAction\":[{\"@type\":\"ReadAction\",\"target\":[\"https:\/\/moto-pawmar.pl\/?product=buty-motocyklowe-rebelhorn-swift-black-fluo-yellow\"]}]},{\"@type\":\"ImageObject\",\"inLanguage\":\"pl-PL\",\"@id\":\"https:\/\/moto-pawmar.pl\/?product=buty-motocyklowe-rebelhorn-swift-black-fluo-yellow#primaryimage\",\"url\":\"https:\/\/moto-pawmar.pl\/wp-content\/uploads\/2025\/12\/348089_ZAL843611.jpg\",\"contentUrl\":\"https:\/\/moto-pawmar.pl\/wp-content\/uploads\/2025\/12\/348089_ZAL843611.jpg\",\"width\":800,\"height\":800},{\"@type\":\"BreadcrumbList\",\"@id\":\"https:\/\/moto-pawmar.pl\/?product=buty-motocyklowe-rebelhorn-swift-black-fluo-yellow#breadcrumb\",\"itemListElement\":[{\"@type\":\"ListItem\",\"position\":1,\"name\":\"Strona g\u0142\u00f3wna\",\"item\":\"https:\/\/moto-pawmar.pl\/\"},{\"@type\":\"ListItem\",\"position\":2,\"name\":\"Sklep Internetowy\",\"item\":\"https:\/\/moto-pawmar.pl\/?page_id=367\"},{\"@type\":\"ListItem\",\"position\":3,\"name\":\"Buty motocyklowe Rebelhorn Swift Black Fluo Yellow\"}]},{\"@type\":\"WebSite\",\"@id\":\"https:\/\/moto-pawmar.pl\/#website\",\"url\":\"https:\/\/moto-pawmar.pl\/\",\"name\":\"MOTO-PAWMAR\",\"description\":\"MOTO\u2011PAWMAR \u2013 Tw\u00f3j sklep z cz\u0119\u015bciami i akcesoriami do motocykli, skuter\u00f3w i quad\u00f3w.\",\"publisher\":{\"@id\":\"https:\/\/moto-pawmar.pl\/#organization\"},\"potentialAction\":[{\"@type\":\"SearchAction\",\"target\":{\"@type\":\"EntryPoint\",\"urlTemplate\":\"https:\/\/moto-pawmar.pl\/?s={search_term_string}\"},\"query-input\":{\"@type\":\"PropertyValueSpecification\",\"valueRequired\":true,\"valueName\":\"search_term_string\"}}],\"inLanguage\":\"pl-PL\"},{\"@type\":\"Organization\",\"@id\":\"https:\/\/moto-pawmar.pl\/#organization\",\"name\":\"MOTO-PAWMAR\",\"url\":\"https:\/\/moto-pawmar.pl\/\",\"logo\":{\"@type\":\"ImageObject\",\"inLanguage\":\"pl-PL\",\"@id\":\"https:\/\/moto-pawmar.pl\/#\/schema\/logo\/image\/\",\"url\":\"https:\/\/moto-pawmar.pl\/wp-content\/uploads\/2025\/10\/LOGO-SKLEP.png\",\"contentUrl\":\"https:\/\/moto-pawmar.pl\/wp-content\/uploads\/2025\/10\/LOGO-SKLEP.png\",\"width\":2480,\"height\":2053,\"caption\":\"MOTO-PAWMAR\"},\"image\":{\"@id\":\"https:\/\/moto-pawmar.pl\/#\/schema\/logo\/image\/\"},\"sameAs\":[\"https:\/\/www.facebook.com\/motopawmar\/?locale=pl_PL\"]}]}<\/script>\n<!-- \/ Yoast SEO plugin. -->","yoast_head_json":{"title":"Buty motocyklowe Rebelhorn Swift Black Fluo Yellow - MOTO-PAWMAR","robots":{"index":"index","follow":"follow","max-snippet":"max-snippet:-1","max-image-preview":"max-image-preview:large","max-video-preview":"max-video-preview:-1"},"canonical":"https:\/\/moto-pawmar.pl\/?product=buty-motocyklowe-rebelhorn-swift-black-fluo-yellow","og_locale":"pl_PL","og_type":"article","og_title":"Buty motocyklowe Rebelhorn Swift Black Fluo Yellow - MOTO-PAWMAR","og_description":"Rebelhorn Swift\u00a0\u2013 Buty motocyklowe do miasta, kt\u00f3re s\u0105 lekkie, wygodne i dobrze wentylowane. Wyr\u00f3\u017cniaj\u0105 si\u0119 sportow\u0105 stylistyk\u0105 i detalami. S\u0105 bezpieczne, posiadaj\u0105 skuteczny system wentylacji i \u015bwietnie sprawdz\u0105 si\u0119 w codziennym u\u017cytkowaniu \u2013 szczeg\u00f3lnie w cieplejsze dni. &nbsp; Dlaczego warto? &#8211; Miejski charakter i sportowy look \u2013 idealne w zestawie z jeansami. &#8211; CE LEVEL [&hellip;]","og_url":"https:\/\/moto-pawmar.pl\/?product=buty-motocyklowe-rebelhorn-swift-black-fluo-yellow","og_site_name":"MOTO-PAWMAR","article_publisher":"https:\/\/www.facebook.com\/motopawmar\/?locale=pl_PL","article_modified_time":"2025-12-12T14:07:39+00:00","og_image":[{"width":800,"height":800,"url":"https:\/\/moto-pawmar.pl\/wp-content\/uploads\/2025\/12\/348089_ZAL843611.jpg","type":"image\/jpeg"}],"twitter_card":"summary_large_image","twitter_misc":{"Szacowany czas czytania":"1 minuta"},"schema":{"@context":"https:\/\/schema.org","@graph":[{"@type":"WebPage","@id":"https:\/\/moto-pawmar.pl\/?product=buty-motocyklowe-rebelhorn-swift-black-fluo-yellow","url":"https:\/\/moto-pawmar.pl\/?product=buty-motocyklowe-rebelhorn-swift-black-fluo-yellow","name":"Buty motocyklowe Rebelhorn Swift Black Fluo Yellow - MOTO-PAWMAR","isPartOf":{"@id":"https:\/\/moto-pawmar.pl\/#website"},"primaryImageOfPage":{"@id":"https:\/\/moto-pawmar.pl\/?product=buty-motocyklowe-rebelhorn-swift-black-fluo-yellow#primaryimage"},"image":{"@id":"https:\/\/moto-pawmar.pl\/?product=buty-motocyklowe-rebelhorn-swift-black-fluo-yellow#primaryimage"},"thumbnailUrl":"https:\/\/moto-pawmar.pl\/wp-content\/uploads\/2025\/12\/348089_ZAL843611.jpg","datePublished":"2025-12-12T14:07:10+00:00","dateModified":"2025-12-12T14:07:39+00:00","breadcrumb":{"@id":"https:\/\/moto-pawmar.pl\/?product=buty-motocyklowe-rebelhorn-swift-black-fluo-yellow#breadcrumb"},"inLanguage":"pl-PL","potentialAction":[{"@type":"ReadAction","target":["https:\/\/moto-pawmar.pl\/?product=buty-motocyklowe-rebelhorn-swift-black-fluo-yellow"]}]},{"@type":"ImageObject","inLanguage":"pl-PL","@id":"https:\/\/moto-pawmar.pl\/?product=buty-motocyklowe-rebelhorn-swift-black-fluo-yellow#primaryimage","url":"https:\/\/moto-pawmar.pl\/wp-content\/uploads\/2025\/12\/348089_ZAL843611.jpg","contentUrl":"https:\/\/moto-pawmar.pl\/wp-content\/uploads\/2025\/12\/348089_ZAL843611.jpg","width":800,"height":800},{"@type":"BreadcrumbList","@id":"https:\/\/moto-pawmar.pl\/?product=buty-motocyklowe-rebelhorn-swift-black-fluo-yellow#breadcrumb","itemListElement":[{"@type":"ListItem","position":1,"name":"Strona g\u0142\u00f3wna","item":"https:\/\/moto-pawmar.pl\/"},{"@type":"ListItem","position":2,"name":"Sklep Internetowy","item":"https:\/\/moto-pawmar.pl\/?page_id=367"},{"@type":"ListItem","position":3,"name":"Buty motocyklowe Rebelhorn Swift Black Fluo Yellow"}]},{"@type":"WebSite","@id":"https:\/\/moto-pawmar.pl\/#website","url":"https:\/\/moto-pawmar.pl\/","name":"MOTO-PAWMAR","description":"MOTO\u2011PAWMAR \u2013 Tw\u00f3j sklep z cz\u0119\u015bciami i akcesoriami do motocykli, skuter\u00f3w i quad\u00f3w.","publisher":{"@id":"https:\/\/moto-pawmar.pl\/#organization"},"potentialAction":[{"@type":"SearchAction","target":{"@type":"EntryPoint","urlTemplate":"https:\/\/moto-pawmar.pl\/?s={search_term_string}"},"query-input":{"@type":"PropertyValueSpecification","valueRequired":true,"valueName":"search_term_string"}}],"inLanguage":"pl-PL"},{"@type":"Organization","@id":"https:\/\/moto-pawmar.pl\/#organization","name":"MOTO-PAWMAR","url":"https:\/\/moto-pawmar.pl\/","logo":{"@type":"ImageObject","inLanguage":"pl-PL","@id":"https:\/\/moto-pawmar.pl\/#\/schema\/logo\/image\/","url":"https:\/\/moto-pawmar.pl\/wp-content\/uploads\/2025\/10\/LOGO-SKLEP.png","contentUrl":"https:\/\/moto-pawmar.pl\/wp-content\/uploads\/2025\/10\/LOGO-SKLEP.png","width":2480,"height":2053,"caption":"MOTO-PAWMAR"},"image":{"@id":"https:\/\/moto-pawmar.pl\/#\/schema\/logo\/image\/"},"sameAs":["https:\/\/www.facebook.com\/motopawmar\/?locale=pl_PL"]}]}},"_links":{"self":[{"href":"https:\/\/moto-pawmar.pl\/index.php?rest_route=\/wp\/v2\/product\/6994","targetHints":{"allow":["GET"]}}],"collection":[{"href":"https:\/\/moto-pawmar.pl\/index.php?rest_route=\/wp\/v2\/product"}],"about":[{"href":"https:\/\/moto-pawmar.pl\/index.php?rest_route=\/wp\/v2\/types\/product"}],"wp:featuredmedia":[{"embeddable":true,"href":"https:\/\/moto-pawmar.pl\/index.php?rest_route=\/wp\/v2\/media\/7008"}],"wp:attachment":[{"href":"https:\/\/moto-pawmar.pl\/index.php?rest_route=%2Fwp%2Fv2%2Fmedia&parent=6994"}],"wp:term":[{"taxonomy":"product_brand","embeddable":true,"href":"https:\/\/moto-pawmar.pl\/index.php?rest_route=%2Fwp%2Fv2%2Fproduct_brand&post=6994"},{"taxonomy":"product_cat","embeddable":true,"href":"https:\/\/moto-pawmar.pl\/index.php?rest_route=%2Fwp%2Fv2%2Fproduct_cat&post=6994"},{"taxonomy":"product_tag","embeddable":true,"href":"https:\/\/moto-pawmar.pl\/index.php?rest_route=%2Fwp%2Fv2%2Fproduct_tag&post=6994"}],"curies":[{"name":"wp","href":"https:\/\/api.w.org\/{rel}","templated":true}]}}