{"id":6933,"date":"2025-12-12T15:03:17","date_gmt":"2025-12-12T14:03:17","guid":{"rendered":"https:\/\/moto-pawmar.pl\/?post_type=product&#038;p=6933"},"modified":"2025-12-12T15:03:52","modified_gmt":"2025-12-12T14:03:52","slug":"buty-motocyklowe-rebelhorn-spike-brown","status":"publish","type":"product","link":"https:\/\/moto-pawmar.pl\/?product=buty-motocyklowe-rebelhorn-spike-brown","title":{"rendered":"Buty motocyklowe Rebelhorn Spike Brown"},"content":{"rendered":"<p><strong>Buty motocyklowe Rebelhorn SPIKE<\/strong>\u00a0to idealne po\u0142\u0105czenie wygody, bezpiecze\u0144stwa i stylu, zaprojektowane z my\u015bl\u0105 o codziennej je\u017adzie po mie\u015bcie. Wykonane z wysokiej jako\u015bci sk\u00f3ry bydl\u0119cej o wyko\u0144czeniu nubukowym, zapewniaj\u0105 trwa\u0142o\u015b\u0107 i elegancki wygl\u0105d, kt\u00f3ry doskonale sprawdzi si\u0119 w miejskich warunkach. Rebelhorn SPIKE to trampki motocyklowe, kt\u00f3re oferuj\u0105 \u015bwietne dopasowanie oraz liczne cechy poprawiaj\u0105ce komfort u\u017cytkowania, takie jak perforowane panele zapewniaj\u0105ce doskona\u0142\u0105 wentylacj\u0119 i anatomicznie wyprofilowana wk\u0142adka.<\/p>\n<p><strong>Przeznaczenie:<\/strong>\u00a0City<\/p>\n<p><strong>Warstwy:<\/strong><br \/>\nButy wykonane s\u0105 z najwy\u017cszej jako\u015bci materia\u0142\u00f3w, kt\u00f3re zapewniaj\u0105 zar\u00f3wno trwa\u0142o\u015b\u0107, jak i komfort u\u017cytkowania.<\/p>\n<ul>\n<li><strong>Warstwa zewn\u0119trzna:<\/strong>\u00a080% Sk\u00f3ra bydl\u0119ca \u2013 wyko\u0144czenie nubukowe, 20% Mikrofibra<\/li>\n<li><strong>Podszewka:<\/strong>\u00a0100% Poliester mesh<\/li>\n<\/ul>\n<p><strong>Ochraniacze\/Bezpiecze\u0144stwo:<\/strong><br \/>\nButy Rebelhorn SPIKE s\u0105 wyposa\u017cone w wzmocnienie kostek, kt\u00f3re zapewnia dodatkow\u0105 ochron\u0119 podczas jazdy.<\/p>\n<ul>\n<li><strong>CE:<\/strong>\u00a0EN-13634_2018 LEVEL 1222<\/li>\n<\/ul>\n<ul>\n<li><strong>Wzmocnienie kostek<\/strong><\/li>\n<\/ul>\n<p><strong>Wentylacja:<\/strong><br \/>\nDoskona\u0142\u0105 wentylacj\u0119 zapewniaj\u0105 perforowane panele umieszczone po obu stronach buta, kt\u00f3re umo\u017cliwiaj\u0105 swobodny przep\u0142yw powietrza i odprowadzanie wilgoci.<\/p>\n<ul>\n<li><strong>Perforowane panele po obu stronach buta<\/strong><\/li>\n<\/ul>\n<p><strong>Komfort + Dodatkowe cechy:<\/strong><br \/>\nButy Rebelhorn SPIKE zosta\u0142y zaprojektowane z my\u015bl\u0105 o maksymalnym komforcie u\u017cytkowania. Mi\u0119kkie wyko\u0144czenie g\u00f3rnej kraw\u0119dzi buta oraz anatomicznie wyprofilowana wk\u0142adka pokryta poliestrowym meshem zapewniaj\u0105 wygod\u0119 i skutecznie absorbuj\u0105 drgania. Dodatkowe wzmocnienia z materia\u0142u TPU chroni\u0105 buty przed przetarciami i uszkodzeniami mechanicznymi.<\/p>\n<ul>\n<li><strong>Mi\u0119kkie i elastyczne wyko\u0144czenie g\u00f3rnej kraw\u0119dzi buta<\/strong><\/li>\n<li><strong>Wzmocnienie pod d\u017awigni\u0119 zmiany bieg\u00f3w z materia\u0142u TPU odpornego na przetarcia<\/strong><\/li>\n<li><strong>Materia\u0142 TPU na zapi\u0119tku chroni buty przed przetarciami<\/strong><\/li>\n<li><strong>Piankowa wk\u0142adka o anatomicznym kszta\u0142cie pokryta poliestrowym meshem zapewnia komfort oraz absorbuje drgania<\/strong><\/li>\n<li><strong>Mi\u0119kka i oddychaj\u0105ca podszewka 3D mesh doskonale odprowadza wilgo\u0107<\/strong><\/li>\n<li><strong>Zamek u\u0142atwiaj\u0105cy zak\u0142adanie<\/strong><\/li>\n<li><strong><span data-ccp-props=\"{}\">W zestawie dodatkowe, czarne sznur\u00f3wki z nici\u0105 odblaskow\u0105 Reflective<\/span><\/strong><\/li>\n<\/ul>\n","protected":false},"excerpt":{"rendered":"<p>Buty motocyklowe Rebelhorn SPIKE\u00a0to idealne po\u0142\u0105czenie wygody, bezpiecze\u0144stwa i stylu, zaprojektowane z my\u015bl\u0105 o codziennej je\u017adzie po mie\u015bcie. Wykonane z wysokiej jako\u015bci sk\u00f3ry bydl\u0119cej o wyko\u0144czeniu nubukowym, zapewniaj\u0105 trwa\u0142o\u015b\u0107 i elegancki wygl\u0105d, kt\u00f3ry doskonale sprawdzi si\u0119 w miejskich warunkach. Rebelhorn SPIKE to trampki motocyklowe, kt\u00f3re oferuj\u0105 \u015bwietne dopasowanie oraz liczne cechy poprawiaj\u0105ce komfort u\u017cytkowania, takie [&hellip;]<\/p>\n","protected":false},"featured_media":6947,"template":"","meta":[],"product_brand":[377],"product_cat":[282,294],"product_tag":[],"class_list":{"0":"post-6933","1":"product","2":"type-product","3":"status-publish","4":"has-post-thumbnail","6":"product_brand-rebelhorn","7":"product_cat-buty-meska","8":"product_cat-buty-miejskie-meska","9":"pa_rozmiar-buty-352","10":"pa_rozmiar-buty-353","11":"pa_rozmiar-buty-354","12":"pa_rozmiar-buty-355","13":"pa_rozmiar-buty-356","14":"pa_rozmiar-buty-321","15":"pa_rozmiar-buty-322","16":"pa_rozmiar-buty-323","17":"pa_rozmiar-buty-324","18":"pa_rozmiar-buty-325","19":"pa_rozmiar-buty-326","20":"pa_rozmiar-buty-327","21":"pa_rozmiar-buty-328","23":"first","24":"instock","25":"taxable","26":"shipping-taxable","27":"purchasable","28":"product-type-variable"},"yoast_head":"<!-- This site is optimized with the Yoast SEO plugin v26.9 - https:\/\/yoast.com\/product\/yoast-seo-wordpress\/ -->\n<title>Buty motocyklowe Rebelhorn Spike Brown - MOTO-PAWMAR<\/title>\n<meta name=\"robots\" content=\"index, follow, max-snippet:-1, max-image-preview:large, max-video-preview:-1\" \/>\n<link rel=\"canonical\" href=\"https:\/\/moto-pawmar.pl\/?product=buty-motocyklowe-rebelhorn-spike-brown\" \/>\n<meta property=\"og:locale\" content=\"pl_PL\" \/>\n<meta property=\"og:type\" content=\"article\" \/>\n<meta property=\"og:title\" content=\"Buty motocyklowe Rebelhorn Spike Brown - MOTO-PAWMAR\" \/>\n<meta property=\"og:description\" content=\"Buty motocyklowe Rebelhorn SPIKE\u00a0to idealne po\u0142\u0105czenie wygody, bezpiecze\u0144stwa i stylu, zaprojektowane z my\u015bl\u0105 o codziennej je\u017adzie po mie\u015bcie. Wykonane z wysokiej jako\u015bci sk\u00f3ry bydl\u0119cej o wyko\u0144czeniu nubukowym, zapewniaj\u0105 trwa\u0142o\u015b\u0107 i elegancki wygl\u0105d, kt\u00f3ry doskonale sprawdzi si\u0119 w miejskich warunkach. Rebelhorn SPIKE to trampki motocyklowe, kt\u00f3re oferuj\u0105 \u015bwietne dopasowanie oraz liczne cechy poprawiaj\u0105ce komfort u\u017cytkowania, takie [&hellip;]\" \/>\n<meta property=\"og:url\" content=\"https:\/\/moto-pawmar.pl\/?product=buty-motocyklowe-rebelhorn-spike-brown\" \/>\n<meta property=\"og:site_name\" content=\"MOTO-PAWMAR\" \/>\n<meta property=\"article:publisher\" content=\"https:\/\/www.facebook.com\/motopawmar\/?locale=pl_PL\" \/>\n<meta property=\"article:modified_time\" content=\"2025-12-12T14:03:52+00:00\" \/>\n<meta property=\"og:image\" content=\"https:\/\/moto-pawmar.pl\/wp-content\/uploads\/2025\/12\/306032_ZAL729175.jpg\" \/>\n\t<meta property=\"og:image:width\" content=\"800\" \/>\n\t<meta property=\"og:image:height\" content=\"800\" \/>\n\t<meta property=\"og:image:type\" content=\"image\/jpeg\" \/>\n<meta name=\"twitter:card\" content=\"summary_large_image\" \/>\n<meta name=\"twitter:label1\" content=\"Szacowany czas czytania\" \/>\n\t<meta name=\"twitter:data1\" content=\"2 minuty\" \/>\n<script type=\"application\/ld+json\" class=\"yoast-schema-graph\">{\"@context\":\"https:\/\/schema.org\",\"@graph\":[{\"@type\":\"WebPage\",\"@id\":\"https:\/\/moto-pawmar.pl\/?product=buty-motocyklowe-rebelhorn-spike-brown\",\"url\":\"https:\/\/moto-pawmar.pl\/?product=buty-motocyklowe-rebelhorn-spike-brown\",\"name\":\"Buty motocyklowe Rebelhorn Spike Brown - MOTO-PAWMAR\",\"isPartOf\":{\"@id\":\"https:\/\/moto-pawmar.pl\/#website\"},\"primaryImageOfPage\":{\"@id\":\"https:\/\/moto-pawmar.pl\/?product=buty-motocyklowe-rebelhorn-spike-brown#primaryimage\"},\"image\":{\"@id\":\"https:\/\/moto-pawmar.pl\/?product=buty-motocyklowe-rebelhorn-spike-brown#primaryimage\"},\"thumbnailUrl\":\"https:\/\/moto-pawmar.pl\/wp-content\/uploads\/2025\/12\/306032_ZAL729175.jpg\",\"datePublished\":\"2025-12-12T14:03:17+00:00\",\"dateModified\":\"2025-12-12T14:03:52+00:00\",\"breadcrumb\":{\"@id\":\"https:\/\/moto-pawmar.pl\/?product=buty-motocyklowe-rebelhorn-spike-brown#breadcrumb\"},\"inLanguage\":\"pl-PL\",\"potentialAction\":[{\"@type\":\"ReadAction\",\"target\":[\"https:\/\/moto-pawmar.pl\/?product=buty-motocyklowe-rebelhorn-spike-brown\"]}]},{\"@type\":\"ImageObject\",\"inLanguage\":\"pl-PL\",\"@id\":\"https:\/\/moto-pawmar.pl\/?product=buty-motocyklowe-rebelhorn-spike-brown#primaryimage\",\"url\":\"https:\/\/moto-pawmar.pl\/wp-content\/uploads\/2025\/12\/306032_ZAL729175.jpg\",\"contentUrl\":\"https:\/\/moto-pawmar.pl\/wp-content\/uploads\/2025\/12\/306032_ZAL729175.jpg\",\"width\":800,\"height\":800},{\"@type\":\"BreadcrumbList\",\"@id\":\"https:\/\/moto-pawmar.pl\/?product=buty-motocyklowe-rebelhorn-spike-brown#breadcrumb\",\"itemListElement\":[{\"@type\":\"ListItem\",\"position\":1,\"name\":\"Strona g\u0142\u00f3wna\",\"item\":\"https:\/\/moto-pawmar.pl\/\"},{\"@type\":\"ListItem\",\"position\":2,\"name\":\"Sklep Internetowy\",\"item\":\"https:\/\/moto-pawmar.pl\/?page_id=367\"},{\"@type\":\"ListItem\",\"position\":3,\"name\":\"Buty motocyklowe Rebelhorn Spike Brown\"}]},{\"@type\":\"WebSite\",\"@id\":\"https:\/\/moto-pawmar.pl\/#website\",\"url\":\"https:\/\/moto-pawmar.pl\/\",\"name\":\"MOTO-PAWMAR\",\"description\":\"MOTO\u2011PAWMAR \u2013 Tw\u00f3j sklep z cz\u0119\u015bciami i akcesoriami do motocykli, skuter\u00f3w i quad\u00f3w.\",\"publisher\":{\"@id\":\"https:\/\/moto-pawmar.pl\/#organization\"},\"potentialAction\":[{\"@type\":\"SearchAction\",\"target\":{\"@type\":\"EntryPoint\",\"urlTemplate\":\"https:\/\/moto-pawmar.pl\/?s={search_term_string}\"},\"query-input\":{\"@type\":\"PropertyValueSpecification\",\"valueRequired\":true,\"valueName\":\"search_term_string\"}}],\"inLanguage\":\"pl-PL\"},{\"@type\":\"Organization\",\"@id\":\"https:\/\/moto-pawmar.pl\/#organization\",\"name\":\"MOTO-PAWMAR\",\"url\":\"https:\/\/moto-pawmar.pl\/\",\"logo\":{\"@type\":\"ImageObject\",\"inLanguage\":\"pl-PL\",\"@id\":\"https:\/\/moto-pawmar.pl\/#\/schema\/logo\/image\/\",\"url\":\"https:\/\/moto-pawmar.pl\/wp-content\/uploads\/2025\/10\/LOGO-SKLEP.png\",\"contentUrl\":\"https:\/\/moto-pawmar.pl\/wp-content\/uploads\/2025\/10\/LOGO-SKLEP.png\",\"width\":2480,\"height\":2053,\"caption\":\"MOTO-PAWMAR\"},\"image\":{\"@id\":\"https:\/\/moto-pawmar.pl\/#\/schema\/logo\/image\/\"},\"sameAs\":[\"https:\/\/www.facebook.com\/motopawmar\/?locale=pl_PL\"]}]}<\/script>\n<!-- \/ Yoast SEO plugin. -->","yoast_head_json":{"title":"Buty motocyklowe Rebelhorn Spike Brown - MOTO-PAWMAR","robots":{"index":"index","follow":"follow","max-snippet":"max-snippet:-1","max-image-preview":"max-image-preview:large","max-video-preview":"max-video-preview:-1"},"canonical":"https:\/\/moto-pawmar.pl\/?product=buty-motocyklowe-rebelhorn-spike-brown","og_locale":"pl_PL","og_type":"article","og_title":"Buty motocyklowe Rebelhorn Spike Brown - MOTO-PAWMAR","og_description":"Buty motocyklowe Rebelhorn SPIKE\u00a0to idealne po\u0142\u0105czenie wygody, bezpiecze\u0144stwa i stylu, zaprojektowane z my\u015bl\u0105 o codziennej je\u017adzie po mie\u015bcie. Wykonane z wysokiej jako\u015bci sk\u00f3ry bydl\u0119cej o wyko\u0144czeniu nubukowym, zapewniaj\u0105 trwa\u0142o\u015b\u0107 i elegancki wygl\u0105d, kt\u00f3ry doskonale sprawdzi si\u0119 w miejskich warunkach. Rebelhorn SPIKE to trampki motocyklowe, kt\u00f3re oferuj\u0105 \u015bwietne dopasowanie oraz liczne cechy poprawiaj\u0105ce komfort u\u017cytkowania, takie [&hellip;]","og_url":"https:\/\/moto-pawmar.pl\/?product=buty-motocyklowe-rebelhorn-spike-brown","og_site_name":"MOTO-PAWMAR","article_publisher":"https:\/\/www.facebook.com\/motopawmar\/?locale=pl_PL","article_modified_time":"2025-12-12T14:03:52+00:00","og_image":[{"width":800,"height":800,"url":"https:\/\/moto-pawmar.pl\/wp-content\/uploads\/2025\/12\/306032_ZAL729175.jpg","type":"image\/jpeg"}],"twitter_card":"summary_large_image","twitter_misc":{"Szacowany czas czytania":"2 minuty"},"schema":{"@context":"https:\/\/schema.org","@graph":[{"@type":"WebPage","@id":"https:\/\/moto-pawmar.pl\/?product=buty-motocyklowe-rebelhorn-spike-brown","url":"https:\/\/moto-pawmar.pl\/?product=buty-motocyklowe-rebelhorn-spike-brown","name":"Buty motocyklowe Rebelhorn Spike Brown - MOTO-PAWMAR","isPartOf":{"@id":"https:\/\/moto-pawmar.pl\/#website"},"primaryImageOfPage":{"@id":"https:\/\/moto-pawmar.pl\/?product=buty-motocyklowe-rebelhorn-spike-brown#primaryimage"},"image":{"@id":"https:\/\/moto-pawmar.pl\/?product=buty-motocyklowe-rebelhorn-spike-brown#primaryimage"},"thumbnailUrl":"https:\/\/moto-pawmar.pl\/wp-content\/uploads\/2025\/12\/306032_ZAL729175.jpg","datePublished":"2025-12-12T14:03:17+00:00","dateModified":"2025-12-12T14:03:52+00:00","breadcrumb":{"@id":"https:\/\/moto-pawmar.pl\/?product=buty-motocyklowe-rebelhorn-spike-brown#breadcrumb"},"inLanguage":"pl-PL","potentialAction":[{"@type":"ReadAction","target":["https:\/\/moto-pawmar.pl\/?product=buty-motocyklowe-rebelhorn-spike-brown"]}]},{"@type":"ImageObject","inLanguage":"pl-PL","@id":"https:\/\/moto-pawmar.pl\/?product=buty-motocyklowe-rebelhorn-spike-brown#primaryimage","url":"https:\/\/moto-pawmar.pl\/wp-content\/uploads\/2025\/12\/306032_ZAL729175.jpg","contentUrl":"https:\/\/moto-pawmar.pl\/wp-content\/uploads\/2025\/12\/306032_ZAL729175.jpg","width":800,"height":800},{"@type":"BreadcrumbList","@id":"https:\/\/moto-pawmar.pl\/?product=buty-motocyklowe-rebelhorn-spike-brown#breadcrumb","itemListElement":[{"@type":"ListItem","position":1,"name":"Strona g\u0142\u00f3wna","item":"https:\/\/moto-pawmar.pl\/"},{"@type":"ListItem","position":2,"name":"Sklep Internetowy","item":"https:\/\/moto-pawmar.pl\/?page_id=367"},{"@type":"ListItem","position":3,"name":"Buty motocyklowe Rebelhorn Spike Brown"}]},{"@type":"WebSite","@id":"https:\/\/moto-pawmar.pl\/#website","url":"https:\/\/moto-pawmar.pl\/","name":"MOTO-PAWMAR","description":"MOTO\u2011PAWMAR \u2013 Tw\u00f3j sklep z cz\u0119\u015bciami i akcesoriami do motocykli, skuter\u00f3w i quad\u00f3w.","publisher":{"@id":"https:\/\/moto-pawmar.pl\/#organization"},"potentialAction":[{"@type":"SearchAction","target":{"@type":"EntryPoint","urlTemplate":"https:\/\/moto-pawmar.pl\/?s={search_term_string}"},"query-input":{"@type":"PropertyValueSpecification","valueRequired":true,"valueName":"search_term_string"}}],"inLanguage":"pl-PL"},{"@type":"Organization","@id":"https:\/\/moto-pawmar.pl\/#organization","name":"MOTO-PAWMAR","url":"https:\/\/moto-pawmar.pl\/","logo":{"@type":"ImageObject","inLanguage":"pl-PL","@id":"https:\/\/moto-pawmar.pl\/#\/schema\/logo\/image\/","url":"https:\/\/moto-pawmar.pl\/wp-content\/uploads\/2025\/10\/LOGO-SKLEP.png","contentUrl":"https:\/\/moto-pawmar.pl\/wp-content\/uploads\/2025\/10\/LOGO-SKLEP.png","width":2480,"height":2053,"caption":"MOTO-PAWMAR"},"image":{"@id":"https:\/\/moto-pawmar.pl\/#\/schema\/logo\/image\/"},"sameAs":["https:\/\/www.facebook.com\/motopawmar\/?locale=pl_PL"]}]}},"_links":{"self":[{"href":"https:\/\/moto-pawmar.pl\/index.php?rest_route=\/wp\/v2\/product\/6933","targetHints":{"allow":["GET"]}}],"collection":[{"href":"https:\/\/moto-pawmar.pl\/index.php?rest_route=\/wp\/v2\/product"}],"about":[{"href":"https:\/\/moto-pawmar.pl\/index.php?rest_route=\/wp\/v2\/types\/product"}],"wp:featuredmedia":[{"embeddable":true,"href":"https:\/\/moto-pawmar.pl\/index.php?rest_route=\/wp\/v2\/media\/6947"}],"wp:attachment":[{"href":"https:\/\/moto-pawmar.pl\/index.php?rest_route=%2Fwp%2Fv2%2Fmedia&parent=6933"}],"wp:term":[{"taxonomy":"product_brand","embeddable":true,"href":"https:\/\/moto-pawmar.pl\/index.php?rest_route=%2Fwp%2Fv2%2Fproduct_brand&post=6933"},{"taxonomy":"product_cat","embeddable":true,"href":"https:\/\/moto-pawmar.pl\/index.php?rest_route=%2Fwp%2Fv2%2Fproduct_cat&post=6933"},{"taxonomy":"product_tag","embeddable":true,"href":"https:\/\/moto-pawmar.pl\/index.php?rest_route=%2Fwp%2Fv2%2Fproduct_tag&post=6933"}],"curies":[{"name":"wp","href":"https:\/\/api.w.org\/{rel}","templated":true}]}}