{"id":6826,"date":"2025-12-12T14:41:41","date_gmt":"2025-12-12T13:41:41","guid":{"rendered":"https:\/\/moto-pawmar.pl\/?post_type=product&#038;p=6826"},"modified":"2025-12-12T14:42:54","modified_gmt":"2025-12-12T13:42:54","slug":"buty-motocyklowe-rebelhorn-spark-3-black","status":"publish","type":"product","link":"https:\/\/moto-pawmar.pl\/?product=buty-motocyklowe-rebelhorn-spark-3-black","title":{"rendered":"Buty motocyklowe Rebelhorn Spark 3 Black"},"content":{"rendered":"<p><strong>Rebelhorn Spark 3<\/strong>\u00a0&#8211; Trzecia generacja kultowych but\u00f3w Spark to jeszcze wy\u017csza jako\u015b\u0107 wykonania i od\u015bwie\u017cony design. Te kr\u00f3tkie buty streetowe \u0142\u0105cz\u0105 sportowy charakter z wygod\u0105 codziennego u\u017cytkowania. Dzi\u0119ki panelom Steel Mesh, wy\u015bci\u00f3\u0142ce z 3D meshu i systemowi szybkiego sznurowania ATOP, buty oferuj\u0105 \u015bwietn\u0105 wentylacj\u0119, dopasowanie i komfort. To idealne obuwie miejskie dla motocyklist\u00f3w ceni\u0105cych balans mi\u0119dzy stylem, bezpiecze\u0144stwem a funkcjonalno\u015bci\u0105.<\/p>\n<p>&nbsp;<\/p>\n<p><strong>Dlaczego warto?<\/strong><\/p>\n<p>&#8211; Kontynuacja bestsellerowych Spark II \u2013 sprawdzona konstrukcja w ulepszonej wersji.<\/p>\n<p>&#8211; CE LEVEL 1 2 2 2 wg EN 13634:2017 &#8211; bezpiecze\u0144stwo na wysokim poziomie.<\/p>\n<p>&#8211; Ochraniacze kostek po obu stronach + wzmocniony czubek buta.<\/p>\n<p>&#8211;\u00a0<strong>System szybkiego sznurowania ATOP<\/strong>\u00a0&#8211; wygoda zak\u0142adania i perfekcyjne dopasowanie.<\/p>\n<p>&#8211; Panele Steel Mesh i wy\u015bci\u00f3\u0142ka 3D mesh &#8211; komfort i przewiewno\u015b\u0107 w upalne dni.<\/p>\n<p><strong>Warstwy i materia\u0142y<\/strong><\/p>\n<p><em>Warstwa zewn\u0119trzna:<\/em>\u00a0Sk\u00f3ra PU (nubuck) &#8211; 65%, Mesh &#8211; 35%<\/p>\n<p><em>Podszewka:<\/em>\u00a0100% Mesh (poliester)<\/p>\n<p><em>Podeszwa:<\/em>\u00a0100% Guma<\/p>\n<p><strong>Bezpiecze\u0144stwo<\/strong><\/p>\n<p>&#8211; Ochraniacz kostki po obu stronach stopy.<\/p>\n<p>&#8211; Usztywniony czubek buta.<\/p>\n<p>&#8211; Wzmocnione szwy konstrukcyjne SSS \u2013 Structural Strong Seams.<\/p>\n<p>&#8211; Certyfikacja: CE LEVEL 1 2 2 2 wg EN 13634:2017.<\/p>\n<p><strong>Wentylacja<\/strong><\/p>\n<p>&#8211; Panele Steel Mesh \u2013 zwi\u0119kszona cyrkulacja powietrza.<\/p>\n<p>&#8211; Wy\u015bci\u00f3\u0142ka 3D mesh \u2013 skuteczne odprowadzanie wilgoci i oddychalno\u015b\u0107.<\/p>\n<p><strong>Dodatki i funkcjonalno\u015bci<\/strong><\/p>\n<p>&#8211; Ochraniacze kostek.<\/p>\n<p>&#8211; Elementy odblaskowe dla lepszej widoczno\u015bci.<\/p>\n<p>&#8211; Rzep do regulacji obwodu \u0142ydki.<\/p>\n<p>&#8211; System szybkiego sznurowania ATOP \u2013 wygoda i precyzja.<\/p>\n<p><strong>Dla kogo s\u0105 Spark 3?<\/strong><\/p>\n<p>Dla motocyklist\u00f3w szukaj\u0105cych kr\u00f3tkich but\u00f3w streetowych, kt\u00f3re sprawdz\u0105 si\u0119 zar\u00f3wno w mie\u015bcie, jak i podczas dynamicznych przeja\u017cd\u017cek. Rebelhorn Spark 3 to od\u015bwie\u017cona klasyka \u2013 sprawdzona konstrukcja, sportowy design i funkcjonalne rozwi\u0105zania.<\/p>\n","protected":false},"excerpt":{"rendered":"<p>Rebelhorn Spark 3\u00a0&#8211; Trzecia generacja kultowych but\u00f3w Spark to jeszcze wy\u017csza jako\u015b\u0107 wykonania i od\u015bwie\u017cony design. Te kr\u00f3tkie buty streetowe \u0142\u0105cz\u0105 sportowy charakter z wygod\u0105 codziennego u\u017cytkowania. Dzi\u0119ki panelom Steel Mesh, wy\u015bci\u00f3\u0142ce z 3D meshu i systemowi szybkiego sznurowania ATOP, buty oferuj\u0105 \u015bwietn\u0105 wentylacj\u0119, dopasowanie i komfort. To idealne obuwie miejskie dla motocyklist\u00f3w ceni\u0105cych balans [&hellip;]<\/p>\n","protected":false},"featured_media":6840,"template":"","meta":[],"product_brand":[377],"product_cat":[282,294],"product_tag":[],"class_list":{"0":"post-6826","1":"product","2":"type-product","3":"status-publish","4":"has-post-thumbnail","6":"product_brand-rebelhorn","7":"product_cat-buty-meska","8":"product_cat-buty-miejskie-meska","9":"pa_rozmiar-buty-352","10":"pa_rozmiar-buty-353","11":"pa_rozmiar-buty-354","12":"pa_rozmiar-buty-355","13":"pa_rozmiar-buty-356","14":"pa_rozmiar-buty-321","15":"pa_rozmiar-buty-322","16":"pa_rozmiar-buty-323","17":"pa_rozmiar-buty-324","18":"pa_rozmiar-buty-325","19":"pa_rozmiar-buty-326","20":"pa_rozmiar-buty-327","21":"pa_rozmiar-buty-328","23":"first","24":"instock","25":"taxable","26":"shipping-taxable","27":"product-type-variable"},"yoast_head":"<!-- This site is optimized with the Yoast SEO plugin v26.9 - https:\/\/yoast.com\/product\/yoast-seo-wordpress\/ -->\n<title>Buty motocyklowe Rebelhorn Spark 3 Black - MOTO-PAWMAR<\/title>\n<meta name=\"robots\" content=\"index, follow, max-snippet:-1, max-image-preview:large, max-video-preview:-1\" \/>\n<link rel=\"canonical\" href=\"https:\/\/moto-pawmar.pl\/?product=buty-motocyklowe-rebelhorn-spark-3-black\" \/>\n<meta property=\"og:locale\" content=\"pl_PL\" \/>\n<meta property=\"og:type\" content=\"article\" \/>\n<meta property=\"og:title\" content=\"Buty motocyklowe Rebelhorn Spark 3 Black - MOTO-PAWMAR\" \/>\n<meta property=\"og:description\" content=\"Rebelhorn Spark 3\u00a0&#8211; Trzecia generacja kultowych but\u00f3w Spark to jeszcze wy\u017csza jako\u015b\u0107 wykonania i od\u015bwie\u017cony design. Te kr\u00f3tkie buty streetowe \u0142\u0105cz\u0105 sportowy charakter z wygod\u0105 codziennego u\u017cytkowania. Dzi\u0119ki panelom Steel Mesh, wy\u015bci\u00f3\u0142ce z 3D meshu i systemowi szybkiego sznurowania ATOP, buty oferuj\u0105 \u015bwietn\u0105 wentylacj\u0119, dopasowanie i komfort. To idealne obuwie miejskie dla motocyklist\u00f3w ceni\u0105cych balans [&hellip;]\" \/>\n<meta property=\"og:url\" content=\"https:\/\/moto-pawmar.pl\/?product=buty-motocyklowe-rebelhorn-spark-3-black\" \/>\n<meta property=\"og:site_name\" content=\"MOTO-PAWMAR\" \/>\n<meta property=\"article:publisher\" content=\"https:\/\/www.facebook.com\/motopawmar\/?locale=pl_PL\" \/>\n<meta property=\"article:modified_time\" content=\"2025-12-12T13:42:54+00:00\" \/>\n<meta property=\"og:image\" content=\"https:\/\/moto-pawmar.pl\/wp-content\/uploads\/2025\/12\/349604_ZAL841971.jpg\" \/>\n\t<meta property=\"og:image:width\" content=\"800\" \/>\n\t<meta property=\"og:image:height\" content=\"800\" \/>\n\t<meta property=\"og:image:type\" content=\"image\/jpeg\" \/>\n<meta name=\"twitter:card\" content=\"summary_large_image\" \/>\n<meta name=\"twitter:label1\" content=\"Szacowany czas czytania\" \/>\n\t<meta name=\"twitter:data1\" content=\"1 minuta\" \/>\n<script type=\"application\/ld+json\" class=\"yoast-schema-graph\">{\"@context\":\"https:\/\/schema.org\",\"@graph\":[{\"@type\":\"WebPage\",\"@id\":\"https:\/\/moto-pawmar.pl\/?product=buty-motocyklowe-rebelhorn-spark-3-black\",\"url\":\"https:\/\/moto-pawmar.pl\/?product=buty-motocyklowe-rebelhorn-spark-3-black\",\"name\":\"Buty motocyklowe Rebelhorn Spark 3 Black - MOTO-PAWMAR\",\"isPartOf\":{\"@id\":\"https:\/\/moto-pawmar.pl\/#website\"},\"primaryImageOfPage\":{\"@id\":\"https:\/\/moto-pawmar.pl\/?product=buty-motocyklowe-rebelhorn-spark-3-black#primaryimage\"},\"image\":{\"@id\":\"https:\/\/moto-pawmar.pl\/?product=buty-motocyklowe-rebelhorn-spark-3-black#primaryimage\"},\"thumbnailUrl\":\"https:\/\/moto-pawmar.pl\/wp-content\/uploads\/2025\/12\/349604_ZAL841971.jpg\",\"datePublished\":\"2025-12-12T13:41:41+00:00\",\"dateModified\":\"2025-12-12T13:42:54+00:00\",\"breadcrumb\":{\"@id\":\"https:\/\/moto-pawmar.pl\/?product=buty-motocyklowe-rebelhorn-spark-3-black#breadcrumb\"},\"inLanguage\":\"pl-PL\",\"potentialAction\":[{\"@type\":\"ReadAction\",\"target\":[\"https:\/\/moto-pawmar.pl\/?product=buty-motocyklowe-rebelhorn-spark-3-black\"]}]},{\"@type\":\"ImageObject\",\"inLanguage\":\"pl-PL\",\"@id\":\"https:\/\/moto-pawmar.pl\/?product=buty-motocyklowe-rebelhorn-spark-3-black#primaryimage\",\"url\":\"https:\/\/moto-pawmar.pl\/wp-content\/uploads\/2025\/12\/349604_ZAL841971.jpg\",\"contentUrl\":\"https:\/\/moto-pawmar.pl\/wp-content\/uploads\/2025\/12\/349604_ZAL841971.jpg\",\"width\":800,\"height\":800},{\"@type\":\"BreadcrumbList\",\"@id\":\"https:\/\/moto-pawmar.pl\/?product=buty-motocyklowe-rebelhorn-spark-3-black#breadcrumb\",\"itemListElement\":[{\"@type\":\"ListItem\",\"position\":1,\"name\":\"Strona g\u0142\u00f3wna\",\"item\":\"https:\/\/moto-pawmar.pl\/\"},{\"@type\":\"ListItem\",\"position\":2,\"name\":\"Sklep Internetowy\",\"item\":\"https:\/\/moto-pawmar.pl\/?page_id=367\"},{\"@type\":\"ListItem\",\"position\":3,\"name\":\"Buty motocyklowe Rebelhorn Spark 3 Black\"}]},{\"@type\":\"WebSite\",\"@id\":\"https:\/\/moto-pawmar.pl\/#website\",\"url\":\"https:\/\/moto-pawmar.pl\/\",\"name\":\"MOTO-PAWMAR\",\"description\":\"MOTO\u2011PAWMAR \u2013 Tw\u00f3j sklep z cz\u0119\u015bciami i akcesoriami do motocykli, skuter\u00f3w i quad\u00f3w.\",\"publisher\":{\"@id\":\"https:\/\/moto-pawmar.pl\/#organization\"},\"potentialAction\":[{\"@type\":\"SearchAction\",\"target\":{\"@type\":\"EntryPoint\",\"urlTemplate\":\"https:\/\/moto-pawmar.pl\/?s={search_term_string}\"},\"query-input\":{\"@type\":\"PropertyValueSpecification\",\"valueRequired\":true,\"valueName\":\"search_term_string\"}}],\"inLanguage\":\"pl-PL\"},{\"@type\":\"Organization\",\"@id\":\"https:\/\/moto-pawmar.pl\/#organization\",\"name\":\"MOTO-PAWMAR\",\"url\":\"https:\/\/moto-pawmar.pl\/\",\"logo\":{\"@type\":\"ImageObject\",\"inLanguage\":\"pl-PL\",\"@id\":\"https:\/\/moto-pawmar.pl\/#\/schema\/logo\/image\/\",\"url\":\"https:\/\/moto-pawmar.pl\/wp-content\/uploads\/2025\/10\/LOGO-SKLEP.png\",\"contentUrl\":\"https:\/\/moto-pawmar.pl\/wp-content\/uploads\/2025\/10\/LOGO-SKLEP.png\",\"width\":2480,\"height\":2053,\"caption\":\"MOTO-PAWMAR\"},\"image\":{\"@id\":\"https:\/\/moto-pawmar.pl\/#\/schema\/logo\/image\/\"},\"sameAs\":[\"https:\/\/www.facebook.com\/motopawmar\/?locale=pl_PL\"]}]}<\/script>\n<!-- \/ Yoast SEO plugin. -->","yoast_head_json":{"title":"Buty motocyklowe Rebelhorn Spark 3 Black - MOTO-PAWMAR","robots":{"index":"index","follow":"follow","max-snippet":"max-snippet:-1","max-image-preview":"max-image-preview:large","max-video-preview":"max-video-preview:-1"},"canonical":"https:\/\/moto-pawmar.pl\/?product=buty-motocyklowe-rebelhorn-spark-3-black","og_locale":"pl_PL","og_type":"article","og_title":"Buty motocyklowe Rebelhorn Spark 3 Black - MOTO-PAWMAR","og_description":"Rebelhorn Spark 3\u00a0&#8211; Trzecia generacja kultowych but\u00f3w Spark to jeszcze wy\u017csza jako\u015b\u0107 wykonania i od\u015bwie\u017cony design. Te kr\u00f3tkie buty streetowe \u0142\u0105cz\u0105 sportowy charakter z wygod\u0105 codziennego u\u017cytkowania. Dzi\u0119ki panelom Steel Mesh, wy\u015bci\u00f3\u0142ce z 3D meshu i systemowi szybkiego sznurowania ATOP, buty oferuj\u0105 \u015bwietn\u0105 wentylacj\u0119, dopasowanie i komfort. To idealne obuwie miejskie dla motocyklist\u00f3w ceni\u0105cych balans [&hellip;]","og_url":"https:\/\/moto-pawmar.pl\/?product=buty-motocyklowe-rebelhorn-spark-3-black","og_site_name":"MOTO-PAWMAR","article_publisher":"https:\/\/www.facebook.com\/motopawmar\/?locale=pl_PL","article_modified_time":"2025-12-12T13:42:54+00:00","og_image":[{"width":800,"height":800,"url":"https:\/\/moto-pawmar.pl\/wp-content\/uploads\/2025\/12\/349604_ZAL841971.jpg","type":"image\/jpeg"}],"twitter_card":"summary_large_image","twitter_misc":{"Szacowany czas czytania":"1 minuta"},"schema":{"@context":"https:\/\/schema.org","@graph":[{"@type":"WebPage","@id":"https:\/\/moto-pawmar.pl\/?product=buty-motocyklowe-rebelhorn-spark-3-black","url":"https:\/\/moto-pawmar.pl\/?product=buty-motocyklowe-rebelhorn-spark-3-black","name":"Buty motocyklowe Rebelhorn Spark 3 Black - MOTO-PAWMAR","isPartOf":{"@id":"https:\/\/moto-pawmar.pl\/#website"},"primaryImageOfPage":{"@id":"https:\/\/moto-pawmar.pl\/?product=buty-motocyklowe-rebelhorn-spark-3-black#primaryimage"},"image":{"@id":"https:\/\/moto-pawmar.pl\/?product=buty-motocyklowe-rebelhorn-spark-3-black#primaryimage"},"thumbnailUrl":"https:\/\/moto-pawmar.pl\/wp-content\/uploads\/2025\/12\/349604_ZAL841971.jpg","datePublished":"2025-12-12T13:41:41+00:00","dateModified":"2025-12-12T13:42:54+00:00","breadcrumb":{"@id":"https:\/\/moto-pawmar.pl\/?product=buty-motocyklowe-rebelhorn-spark-3-black#breadcrumb"},"inLanguage":"pl-PL","potentialAction":[{"@type":"ReadAction","target":["https:\/\/moto-pawmar.pl\/?product=buty-motocyklowe-rebelhorn-spark-3-black"]}]},{"@type":"ImageObject","inLanguage":"pl-PL","@id":"https:\/\/moto-pawmar.pl\/?product=buty-motocyklowe-rebelhorn-spark-3-black#primaryimage","url":"https:\/\/moto-pawmar.pl\/wp-content\/uploads\/2025\/12\/349604_ZAL841971.jpg","contentUrl":"https:\/\/moto-pawmar.pl\/wp-content\/uploads\/2025\/12\/349604_ZAL841971.jpg","width":800,"height":800},{"@type":"BreadcrumbList","@id":"https:\/\/moto-pawmar.pl\/?product=buty-motocyklowe-rebelhorn-spark-3-black#breadcrumb","itemListElement":[{"@type":"ListItem","position":1,"name":"Strona g\u0142\u00f3wna","item":"https:\/\/moto-pawmar.pl\/"},{"@type":"ListItem","position":2,"name":"Sklep Internetowy","item":"https:\/\/moto-pawmar.pl\/?page_id=367"},{"@type":"ListItem","position":3,"name":"Buty motocyklowe Rebelhorn Spark 3 Black"}]},{"@type":"WebSite","@id":"https:\/\/moto-pawmar.pl\/#website","url":"https:\/\/moto-pawmar.pl\/","name":"MOTO-PAWMAR","description":"MOTO\u2011PAWMAR \u2013 Tw\u00f3j sklep z cz\u0119\u015bciami i akcesoriami do motocykli, skuter\u00f3w i quad\u00f3w.","publisher":{"@id":"https:\/\/moto-pawmar.pl\/#organization"},"potentialAction":[{"@type":"SearchAction","target":{"@type":"EntryPoint","urlTemplate":"https:\/\/moto-pawmar.pl\/?s={search_term_string}"},"query-input":{"@type":"PropertyValueSpecification","valueRequired":true,"valueName":"search_term_string"}}],"inLanguage":"pl-PL"},{"@type":"Organization","@id":"https:\/\/moto-pawmar.pl\/#organization","name":"MOTO-PAWMAR","url":"https:\/\/moto-pawmar.pl\/","logo":{"@type":"ImageObject","inLanguage":"pl-PL","@id":"https:\/\/moto-pawmar.pl\/#\/schema\/logo\/image\/","url":"https:\/\/moto-pawmar.pl\/wp-content\/uploads\/2025\/10\/LOGO-SKLEP.png","contentUrl":"https:\/\/moto-pawmar.pl\/wp-content\/uploads\/2025\/10\/LOGO-SKLEP.png","width":2480,"height":2053,"caption":"MOTO-PAWMAR"},"image":{"@id":"https:\/\/moto-pawmar.pl\/#\/schema\/logo\/image\/"},"sameAs":["https:\/\/www.facebook.com\/motopawmar\/?locale=pl_PL"]}]}},"_links":{"self":[{"href":"https:\/\/moto-pawmar.pl\/index.php?rest_route=\/wp\/v2\/product\/6826","targetHints":{"allow":["GET"]}}],"collection":[{"href":"https:\/\/moto-pawmar.pl\/index.php?rest_route=\/wp\/v2\/product"}],"about":[{"href":"https:\/\/moto-pawmar.pl\/index.php?rest_route=\/wp\/v2\/types\/product"}],"wp:featuredmedia":[{"embeddable":true,"href":"https:\/\/moto-pawmar.pl\/index.php?rest_route=\/wp\/v2\/media\/6840"}],"wp:attachment":[{"href":"https:\/\/moto-pawmar.pl\/index.php?rest_route=%2Fwp%2Fv2%2Fmedia&parent=6826"}],"wp:term":[{"taxonomy":"product_brand","embeddable":true,"href":"https:\/\/moto-pawmar.pl\/index.php?rest_route=%2Fwp%2Fv2%2Fproduct_brand&post=6826"},{"taxonomy":"product_cat","embeddable":true,"href":"https:\/\/moto-pawmar.pl\/index.php?rest_route=%2Fwp%2Fv2%2Fproduct_cat&post=6826"},{"taxonomy":"product_tag","embeddable":true,"href":"https:\/\/moto-pawmar.pl\/index.php?rest_route=%2Fwp%2Fv2%2Fproduct_tag&post=6826"}],"curies":[{"name":"wp","href":"https:\/\/api.w.org\/{rel}","templated":true}]}}