{"id":6796,"date":"2025-12-12T14:37:50","date_gmt":"2025-12-12T13:37:50","guid":{"rendered":"https:\/\/moto-pawmar.pl\/?post_type=product&#038;p=6796"},"modified":"2025-12-12T14:39:06","modified_gmt":"2025-12-12T13:39:06","slug":"buty-motocyklowe-rebelhorn-spark-2-black-fluo-yellow","status":"publish","type":"product","link":"https:\/\/moto-pawmar.pl\/?product=buty-motocyklowe-rebelhorn-spark-2-black-fluo-yellow","title":{"rendered":"Buty motocyklowe Rebelhorn Spark 2 Black Fluo Yellow"},"content":{"rendered":"<p><strong>Rebelhorn Spark II\u00a0<\/strong>to\u00a0<strong>kr\u00f3tkie, miejskie buty motocyklowe ze sportowym charakterem<\/strong>. Maj\u0105 system szybkiej\u00a0<strong>regulacji i sznurowania ATOP<\/strong>. Ochron\u0119 w\u00a0<strong>butach Spark II\u00a0<\/strong>zapewniaj\u0105 certyfikowane ochraniacze kostek i wzmocnienia na czubku buta oraz pod d\u017awigni\u0119 zmiany bieg\u00f3w. Buty wyposa\u017cono w oddychaj\u0105c\u0105 wy\u015bci\u00f3\u0142k\u0119 3D mesh i panele steel mesh.<\/p>\n<p><strong>Przeznaczenie:<\/strong>\u00a0Miasto<\/p>\n<p><strong>WARSTWY:<\/strong><\/p>\n<ul>\n<li>warstwa zewn\u0119trzna: sk\u00f3ra PU, steel mesh<\/li>\n<li>warstwa wewn\u0119trzna: poliester 3D mesh<\/li>\n<\/ul>\n<p><strong>BEZPIECZE\u0143STWO:<\/strong><\/p>\n<ul>\n<li><strong>twarde ochraniacze kostek<\/strong><\/li>\n<li><strong>usztywniony czubek buta<\/strong><\/li>\n<li><strong>elementy odblaskowe<\/strong><\/li>\n<li>produkt uszyty zgodnie ze standardami CE<\/li>\n<li>poziom ochrony<strong>\u00a01222 IPA<\/strong><\/li>\n<\/ul>\n<p><strong>DOPASOWANIE:<\/strong><\/p>\n<p>Dzi\u0119ki szerokiej gamie rozmiar\u00f3w buty b\u0119d\u0105 pasowa\u0107 zar\u00f3wno na kobiece, jak i m\u0119skie stopy.\u00a0<strong>Specjalny system zamykania ATOP<\/strong>\u00a0zwi\u0119ksza komfort i bezpiecze\u0144stwo,\u00a0<strong>doci\u0105gaj\u0105c sznurowad\u0142o r\u00f3wnomiernie na ca\u0142ej d\u0142ugo\u015bci<\/strong>.<\/p>\n<ul>\n<li><strong>rzep do regulowania obwodu \u0142ydki<\/strong><\/li>\n<li><strong>system szybkiej regulacji i sznurowania ATOP<\/strong><\/li>\n<\/ul>\n<p><strong>WENTYLACJA:<\/strong><\/p>\n<p>U\u017cycie mesh na zewn\u0105trz buta i w jedno wy\u015bci\u00f3\u0142ce zapewnia\u00a0<strong>odpowiedni\u0105 cyrkulacj\u0119 powietrza i odprowadzanie wilgoci<\/strong>, dzi\u0119ki czemu buty zapewni\u0105 Ci komfort termiczny w ka\u017cdych warunkach.<\/p>\n<ul>\n<li>wy\u015bci\u00f3\u0142ka 3D mesh<\/li>\n<li>panele Steel Mesh<\/li>\n<\/ul>\n<p><strong>DODATKOWE CECHY:<\/strong><\/p>\n<ul>\n<li>wzmocnienie pod d\u017awigni\u0119 zmiany bieg\u00f3w<\/li>\n<li>podw\u00f3jne szwy<\/li>\n<li>wzmocniona antypo\u015blizgowa podeszwa<\/li>\n<\/ul>\n","protected":false},"excerpt":{"rendered":"<p>Rebelhorn Spark II\u00a0to\u00a0kr\u00f3tkie, miejskie buty motocyklowe ze sportowym charakterem. Maj\u0105 system szybkiej\u00a0regulacji i sznurowania ATOP. Ochron\u0119 w\u00a0butach Spark II\u00a0zapewniaj\u0105 certyfikowane ochraniacze kostek i wzmocnienia na czubku buta oraz pod d\u017awigni\u0119 zmiany bieg\u00f3w. Buty wyposa\u017cono w oddychaj\u0105c\u0105 wy\u015bci\u00f3\u0142k\u0119 3D mesh i panele steel mesh. Przeznaczenie:\u00a0Miasto WARSTWY: warstwa zewn\u0119trzna: sk\u00f3ra PU, steel mesh warstwa wewn\u0119trzna: poliester 3D [&hellip;]<\/p>\n","protected":false},"featured_media":6810,"template":"","meta":[],"product_brand":[377],"product_cat":[282,294],"product_tag":[],"class_list":{"0":"post-6796","1":"product","2":"type-product","3":"status-publish","4":"has-post-thumbnail","6":"product_brand-rebelhorn","7":"product_cat-buty-meska","8":"product_cat-buty-miejskie-meska","9":"pa_rozmiar-buty-352","10":"pa_rozmiar-buty-353","11":"pa_rozmiar-buty-354","12":"pa_rozmiar-buty-355","13":"pa_rozmiar-buty-356","14":"pa_rozmiar-buty-321","15":"pa_rozmiar-buty-322","16":"pa_rozmiar-buty-323","17":"pa_rozmiar-buty-324","18":"pa_rozmiar-buty-325","19":"pa_rozmiar-buty-326","20":"pa_rozmiar-buty-327","21":"pa_rozmiar-buty-328","23":"first","24":"instock","25":"taxable","26":"shipping-taxable","27":"purchasable","28":"product-type-variable"},"yoast_head":"<!-- This site is optimized with the Yoast SEO plugin v26.9 - https:\/\/yoast.com\/product\/yoast-seo-wordpress\/ -->\n<title>Buty motocyklowe Rebelhorn Spark 2 Black Fluo Yellow - MOTO-PAWMAR<\/title>\n<meta name=\"robots\" content=\"index, follow, max-snippet:-1, max-image-preview:large, max-video-preview:-1\" \/>\n<link rel=\"canonical\" href=\"https:\/\/moto-pawmar.pl\/?product=buty-motocyklowe-rebelhorn-spark-2-black-fluo-yellow\" \/>\n<meta property=\"og:locale\" content=\"pl_PL\" \/>\n<meta property=\"og:type\" content=\"article\" \/>\n<meta property=\"og:title\" content=\"Buty motocyklowe Rebelhorn Spark 2 Black Fluo Yellow - MOTO-PAWMAR\" \/>\n<meta property=\"og:description\" content=\"Rebelhorn Spark II\u00a0to\u00a0kr\u00f3tkie, miejskie buty motocyklowe ze sportowym charakterem. Maj\u0105 system szybkiej\u00a0regulacji i sznurowania ATOP. Ochron\u0119 w\u00a0butach Spark II\u00a0zapewniaj\u0105 certyfikowane ochraniacze kostek i wzmocnienia na czubku buta oraz pod d\u017awigni\u0119 zmiany bieg\u00f3w. Buty wyposa\u017cono w oddychaj\u0105c\u0105 wy\u015bci\u00f3\u0142k\u0119 3D mesh i panele steel mesh. Przeznaczenie:\u00a0Miasto WARSTWY: warstwa zewn\u0119trzna: sk\u00f3ra PU, steel mesh warstwa wewn\u0119trzna: poliester 3D [&hellip;]\" \/>\n<meta property=\"og:url\" content=\"https:\/\/moto-pawmar.pl\/?product=buty-motocyklowe-rebelhorn-spark-2-black-fluo-yellow\" \/>\n<meta property=\"og:site_name\" content=\"MOTO-PAWMAR\" \/>\n<meta property=\"article:publisher\" content=\"https:\/\/www.facebook.com\/motopawmar\/?locale=pl_PL\" \/>\n<meta property=\"article:modified_time\" content=\"2025-12-12T13:39:06+00:00\" \/>\n<meta property=\"og:image\" content=\"https:\/\/moto-pawmar.pl\/wp-content\/uploads\/2025\/12\/233734_ZAL775323.jpg\" \/>\n\t<meta property=\"og:image:width\" content=\"800\" \/>\n\t<meta property=\"og:image:height\" content=\"800\" \/>\n\t<meta property=\"og:image:type\" content=\"image\/jpeg\" \/>\n<meta name=\"twitter:card\" content=\"summary_large_image\" \/>\n<meta name=\"twitter:label1\" content=\"Szacowany czas czytania\" \/>\n\t<meta name=\"twitter:data1\" content=\"1 minuta\" \/>\n<script type=\"application\/ld+json\" class=\"yoast-schema-graph\">{\"@context\":\"https:\/\/schema.org\",\"@graph\":[{\"@type\":\"WebPage\",\"@id\":\"https:\/\/moto-pawmar.pl\/?product=buty-motocyklowe-rebelhorn-spark-2-black-fluo-yellow\",\"url\":\"https:\/\/moto-pawmar.pl\/?product=buty-motocyklowe-rebelhorn-spark-2-black-fluo-yellow\",\"name\":\"Buty motocyklowe Rebelhorn Spark 2 Black Fluo Yellow - MOTO-PAWMAR\",\"isPartOf\":{\"@id\":\"https:\/\/moto-pawmar.pl\/#website\"},\"primaryImageOfPage\":{\"@id\":\"https:\/\/moto-pawmar.pl\/?product=buty-motocyklowe-rebelhorn-spark-2-black-fluo-yellow#primaryimage\"},\"image\":{\"@id\":\"https:\/\/moto-pawmar.pl\/?product=buty-motocyklowe-rebelhorn-spark-2-black-fluo-yellow#primaryimage\"},\"thumbnailUrl\":\"https:\/\/moto-pawmar.pl\/wp-content\/uploads\/2025\/12\/233734_ZAL775323.jpg\",\"datePublished\":\"2025-12-12T13:37:50+00:00\",\"dateModified\":\"2025-12-12T13:39:06+00:00\",\"breadcrumb\":{\"@id\":\"https:\/\/moto-pawmar.pl\/?product=buty-motocyklowe-rebelhorn-spark-2-black-fluo-yellow#breadcrumb\"},\"inLanguage\":\"pl-PL\",\"potentialAction\":[{\"@type\":\"ReadAction\",\"target\":[\"https:\/\/moto-pawmar.pl\/?product=buty-motocyklowe-rebelhorn-spark-2-black-fluo-yellow\"]}]},{\"@type\":\"ImageObject\",\"inLanguage\":\"pl-PL\",\"@id\":\"https:\/\/moto-pawmar.pl\/?product=buty-motocyklowe-rebelhorn-spark-2-black-fluo-yellow#primaryimage\",\"url\":\"https:\/\/moto-pawmar.pl\/wp-content\/uploads\/2025\/12\/233734_ZAL775323.jpg\",\"contentUrl\":\"https:\/\/moto-pawmar.pl\/wp-content\/uploads\/2025\/12\/233734_ZAL775323.jpg\",\"width\":800,\"height\":800},{\"@type\":\"BreadcrumbList\",\"@id\":\"https:\/\/moto-pawmar.pl\/?product=buty-motocyklowe-rebelhorn-spark-2-black-fluo-yellow#breadcrumb\",\"itemListElement\":[{\"@type\":\"ListItem\",\"position\":1,\"name\":\"Strona g\u0142\u00f3wna\",\"item\":\"https:\/\/moto-pawmar.pl\/\"},{\"@type\":\"ListItem\",\"position\":2,\"name\":\"Sklep Internetowy\",\"item\":\"https:\/\/moto-pawmar.pl\/?page_id=367\"},{\"@type\":\"ListItem\",\"position\":3,\"name\":\"Buty motocyklowe Rebelhorn Spark 2 Black Fluo Yellow\"}]},{\"@type\":\"WebSite\",\"@id\":\"https:\/\/moto-pawmar.pl\/#website\",\"url\":\"https:\/\/moto-pawmar.pl\/\",\"name\":\"MOTO-PAWMAR\",\"description\":\"MOTO\u2011PAWMAR \u2013 Tw\u00f3j sklep z cz\u0119\u015bciami i akcesoriami do motocykli, skuter\u00f3w i quad\u00f3w.\",\"publisher\":{\"@id\":\"https:\/\/moto-pawmar.pl\/#organization\"},\"potentialAction\":[{\"@type\":\"SearchAction\",\"target\":{\"@type\":\"EntryPoint\",\"urlTemplate\":\"https:\/\/moto-pawmar.pl\/?s={search_term_string}\"},\"query-input\":{\"@type\":\"PropertyValueSpecification\",\"valueRequired\":true,\"valueName\":\"search_term_string\"}}],\"inLanguage\":\"pl-PL\"},{\"@type\":\"Organization\",\"@id\":\"https:\/\/moto-pawmar.pl\/#organization\",\"name\":\"MOTO-PAWMAR\",\"url\":\"https:\/\/moto-pawmar.pl\/\",\"logo\":{\"@type\":\"ImageObject\",\"inLanguage\":\"pl-PL\",\"@id\":\"https:\/\/moto-pawmar.pl\/#\/schema\/logo\/image\/\",\"url\":\"https:\/\/moto-pawmar.pl\/wp-content\/uploads\/2025\/10\/LOGO-SKLEP.png\",\"contentUrl\":\"https:\/\/moto-pawmar.pl\/wp-content\/uploads\/2025\/10\/LOGO-SKLEP.png\",\"width\":2480,\"height\":2053,\"caption\":\"MOTO-PAWMAR\"},\"image\":{\"@id\":\"https:\/\/moto-pawmar.pl\/#\/schema\/logo\/image\/\"},\"sameAs\":[\"https:\/\/www.facebook.com\/motopawmar\/?locale=pl_PL\"]}]}<\/script>\n<!-- \/ Yoast SEO plugin. -->","yoast_head_json":{"title":"Buty motocyklowe Rebelhorn Spark 2 Black Fluo Yellow - MOTO-PAWMAR","robots":{"index":"index","follow":"follow","max-snippet":"max-snippet:-1","max-image-preview":"max-image-preview:large","max-video-preview":"max-video-preview:-1"},"canonical":"https:\/\/moto-pawmar.pl\/?product=buty-motocyklowe-rebelhorn-spark-2-black-fluo-yellow","og_locale":"pl_PL","og_type":"article","og_title":"Buty motocyklowe Rebelhorn Spark 2 Black Fluo Yellow - MOTO-PAWMAR","og_description":"Rebelhorn Spark II\u00a0to\u00a0kr\u00f3tkie, miejskie buty motocyklowe ze sportowym charakterem. Maj\u0105 system szybkiej\u00a0regulacji i sznurowania ATOP. Ochron\u0119 w\u00a0butach Spark II\u00a0zapewniaj\u0105 certyfikowane ochraniacze kostek i wzmocnienia na czubku buta oraz pod d\u017awigni\u0119 zmiany bieg\u00f3w. Buty wyposa\u017cono w oddychaj\u0105c\u0105 wy\u015bci\u00f3\u0142k\u0119 3D mesh i panele steel mesh. Przeznaczenie:\u00a0Miasto WARSTWY: warstwa zewn\u0119trzna: sk\u00f3ra PU, steel mesh warstwa wewn\u0119trzna: poliester 3D [&hellip;]","og_url":"https:\/\/moto-pawmar.pl\/?product=buty-motocyklowe-rebelhorn-spark-2-black-fluo-yellow","og_site_name":"MOTO-PAWMAR","article_publisher":"https:\/\/www.facebook.com\/motopawmar\/?locale=pl_PL","article_modified_time":"2025-12-12T13:39:06+00:00","og_image":[{"width":800,"height":800,"url":"https:\/\/moto-pawmar.pl\/wp-content\/uploads\/2025\/12\/233734_ZAL775323.jpg","type":"image\/jpeg"}],"twitter_card":"summary_large_image","twitter_misc":{"Szacowany czas czytania":"1 minuta"},"schema":{"@context":"https:\/\/schema.org","@graph":[{"@type":"WebPage","@id":"https:\/\/moto-pawmar.pl\/?product=buty-motocyklowe-rebelhorn-spark-2-black-fluo-yellow","url":"https:\/\/moto-pawmar.pl\/?product=buty-motocyklowe-rebelhorn-spark-2-black-fluo-yellow","name":"Buty motocyklowe Rebelhorn Spark 2 Black Fluo Yellow - MOTO-PAWMAR","isPartOf":{"@id":"https:\/\/moto-pawmar.pl\/#website"},"primaryImageOfPage":{"@id":"https:\/\/moto-pawmar.pl\/?product=buty-motocyklowe-rebelhorn-spark-2-black-fluo-yellow#primaryimage"},"image":{"@id":"https:\/\/moto-pawmar.pl\/?product=buty-motocyklowe-rebelhorn-spark-2-black-fluo-yellow#primaryimage"},"thumbnailUrl":"https:\/\/moto-pawmar.pl\/wp-content\/uploads\/2025\/12\/233734_ZAL775323.jpg","datePublished":"2025-12-12T13:37:50+00:00","dateModified":"2025-12-12T13:39:06+00:00","breadcrumb":{"@id":"https:\/\/moto-pawmar.pl\/?product=buty-motocyklowe-rebelhorn-spark-2-black-fluo-yellow#breadcrumb"},"inLanguage":"pl-PL","potentialAction":[{"@type":"ReadAction","target":["https:\/\/moto-pawmar.pl\/?product=buty-motocyklowe-rebelhorn-spark-2-black-fluo-yellow"]}]},{"@type":"ImageObject","inLanguage":"pl-PL","@id":"https:\/\/moto-pawmar.pl\/?product=buty-motocyklowe-rebelhorn-spark-2-black-fluo-yellow#primaryimage","url":"https:\/\/moto-pawmar.pl\/wp-content\/uploads\/2025\/12\/233734_ZAL775323.jpg","contentUrl":"https:\/\/moto-pawmar.pl\/wp-content\/uploads\/2025\/12\/233734_ZAL775323.jpg","width":800,"height":800},{"@type":"BreadcrumbList","@id":"https:\/\/moto-pawmar.pl\/?product=buty-motocyklowe-rebelhorn-spark-2-black-fluo-yellow#breadcrumb","itemListElement":[{"@type":"ListItem","position":1,"name":"Strona g\u0142\u00f3wna","item":"https:\/\/moto-pawmar.pl\/"},{"@type":"ListItem","position":2,"name":"Sklep Internetowy","item":"https:\/\/moto-pawmar.pl\/?page_id=367"},{"@type":"ListItem","position":3,"name":"Buty motocyklowe Rebelhorn Spark 2 Black Fluo Yellow"}]},{"@type":"WebSite","@id":"https:\/\/moto-pawmar.pl\/#website","url":"https:\/\/moto-pawmar.pl\/","name":"MOTO-PAWMAR","description":"MOTO\u2011PAWMAR \u2013 Tw\u00f3j sklep z cz\u0119\u015bciami i akcesoriami do motocykli, skuter\u00f3w i quad\u00f3w.","publisher":{"@id":"https:\/\/moto-pawmar.pl\/#organization"},"potentialAction":[{"@type":"SearchAction","target":{"@type":"EntryPoint","urlTemplate":"https:\/\/moto-pawmar.pl\/?s={search_term_string}"},"query-input":{"@type":"PropertyValueSpecification","valueRequired":true,"valueName":"search_term_string"}}],"inLanguage":"pl-PL"},{"@type":"Organization","@id":"https:\/\/moto-pawmar.pl\/#organization","name":"MOTO-PAWMAR","url":"https:\/\/moto-pawmar.pl\/","logo":{"@type":"ImageObject","inLanguage":"pl-PL","@id":"https:\/\/moto-pawmar.pl\/#\/schema\/logo\/image\/","url":"https:\/\/moto-pawmar.pl\/wp-content\/uploads\/2025\/10\/LOGO-SKLEP.png","contentUrl":"https:\/\/moto-pawmar.pl\/wp-content\/uploads\/2025\/10\/LOGO-SKLEP.png","width":2480,"height":2053,"caption":"MOTO-PAWMAR"},"image":{"@id":"https:\/\/moto-pawmar.pl\/#\/schema\/logo\/image\/"},"sameAs":["https:\/\/www.facebook.com\/motopawmar\/?locale=pl_PL"]}]}},"_links":{"self":[{"href":"https:\/\/moto-pawmar.pl\/index.php?rest_route=\/wp\/v2\/product\/6796","targetHints":{"allow":["GET"]}}],"collection":[{"href":"https:\/\/moto-pawmar.pl\/index.php?rest_route=\/wp\/v2\/product"}],"about":[{"href":"https:\/\/moto-pawmar.pl\/index.php?rest_route=\/wp\/v2\/types\/product"}],"wp:featuredmedia":[{"embeddable":true,"href":"https:\/\/moto-pawmar.pl\/index.php?rest_route=\/wp\/v2\/media\/6810"}],"wp:attachment":[{"href":"https:\/\/moto-pawmar.pl\/index.php?rest_route=%2Fwp%2Fv2%2Fmedia&parent=6796"}],"wp:term":[{"taxonomy":"product_brand","embeddable":true,"href":"https:\/\/moto-pawmar.pl\/index.php?rest_route=%2Fwp%2Fv2%2Fproduct_brand&post=6796"},{"taxonomy":"product_cat","embeddable":true,"href":"https:\/\/moto-pawmar.pl\/index.php?rest_route=%2Fwp%2Fv2%2Fproduct_cat&post=6796"},{"taxonomy":"product_tag","embeddable":true,"href":"https:\/\/moto-pawmar.pl\/index.php?rest_route=%2Fwp%2Fv2%2Fproduct_tag&post=6796"}],"curies":[{"name":"wp","href":"https:\/\/api.w.org\/{rel}","templated":true}]}}