{"id":6708,"date":"2025-12-12T13:53:31","date_gmt":"2025-12-12T12:53:31","guid":{"rendered":"https:\/\/moto-pawmar.pl\/?post_type=product&#038;p=6708"},"modified":"2025-12-12T13:55:50","modified_gmt":"2025-12-12T12:55:50","slug":"buty-motocyklowe-rebelhorn-scout-black","status":"publish","type":"product","link":"https:\/\/moto-pawmar.pl\/?product=buty-motocyklowe-rebelhorn-scout-black","title":{"rendered":"Buty motocyklowe Rebelhorn Scout Black"},"content":{"rendered":"<p><strong>Turystyczne buty motocyklowe Rebelhorn Scout<\/strong>\u00a0zapewniaj\u0105 ochron\u0119 stopy dzi\u0119ki zastosowaniu ochraniaczy SAS-TEC\u00ae oraz wzmocnieniom na pi\u0119cie i czubku buta.\u00a0<strong>Rebelhorn Scout maj\u0105 wodoodporn\u0105 membran\u0119 Hipora\u00ae<\/strong>, kt\u00f3ra zapewnia zar\u00f3wno oddychalno\u015b\u0107, jak i nieprzemakalno\u015b\u0107.<\/p>\n<p><strong>Przeznaczenie:<\/strong>\u00a0Tour<\/p>\n<p><strong>WARSTWY:<\/strong><\/p>\n<ul>\n<li>warstwa zewn\u0119trzna: sk\u00f3ra PU<\/li>\n<li>warstwa wewn\u0119trzna: poliester mesh<\/li>\n<\/ul>\n<p><strong>BEZPIECZE\u0143STWO:<\/strong><\/p>\n<p>Dzi\u0119ki zaawansowanym materia\u0142om i rozwi\u0105zaniom buty b\u0119d\u0105 chroni\u0107 Twoje stopy w ka\u017cdej podr\u00f3\u017cy.<\/p>\n<ul>\n<li>ochraniacze<strong>\u00a0SAS-TEC\u00ae level IPA<\/strong><\/li>\n<li><strong>wzmocnienie pi\u0119t i usztywniony czubek buta<\/strong><\/li>\n<li><strong>elementy odblaskowe<\/strong><\/li>\n<li>produkt uszyty zgodnie ze standardami CE<\/li>\n<li>poziom ochrony 2 2 2 2 WR<\/li>\n<\/ul>\n<p><strong>DOPASOWANIE:<\/strong><\/p>\n<p>Dzi\u0119ki przemy\u015blanej konstrukcji \u015bci\u0105ganie i zak\u0142adanie but\u00f3w jest naprawd\u0119 szybkie i wygodne.<\/p>\n<ul>\n<li><strong>2 d\u0142ugie zamki<\/strong><\/li>\n<li><strong>rzep regulacyjny<\/strong><\/li>\n<\/ul>\n<p><strong>WENTYLACJA:<\/strong><\/p>\n<p>Mi\u0119kka i oddychaj\u0105ca podszewka z materia\u0142u mesh\u00a0<strong>odprowadza wilgo\u0107 i zapewnia komfort<\/strong>\u00a0nawet podczas wy\u017cszych temperatur.<\/p>\n<ul>\n<li>mi\u0119kka i oddychaj\u0105ca\u00a0<strong>podszewka mesh<\/strong><\/li>\n<li><strong>wodoodporna i oddychaj\u0105ca membrana Hipora<\/strong>\u00ae<\/li>\n<\/ul>\n<p><strong>DODATKOWE CECHY:<\/strong><\/p>\n<ul>\n<li><strong>podw\u00f3jne i potr\u00f3jne szwy<\/strong><\/li>\n<li>wzmocnienie pod d\u017awigni\u0119 zmiany bieg\u00f3w<\/li>\n<li>panele elastyczne<\/li>\n<li>antybakteryjna wk\u0142adka<\/li>\n<\/ul>\n","protected":false},"excerpt":{"rendered":"<p>Turystyczne buty motocyklowe Rebelhorn Scout\u00a0zapewniaj\u0105 ochron\u0119 stopy dzi\u0119ki zastosowaniu ochraniaczy SAS-TEC\u00ae oraz wzmocnieniom na pi\u0119cie i czubku buta.\u00a0Rebelhorn Scout maj\u0105 wodoodporn\u0105 membran\u0119 Hipora\u00ae, kt\u00f3ra zapewnia zar\u00f3wno oddychalno\u015b\u0107, jak i nieprzemakalno\u015b\u0107. Przeznaczenie:\u00a0Tour WARSTWY: warstwa zewn\u0119trzna: sk\u00f3ra PU warstwa wewn\u0119trzna: poliester mesh BEZPIECZE\u0143STWO: Dzi\u0119ki zaawansowanym materia\u0142om i rozwi\u0105zaniom buty b\u0119d\u0105 chroni\u0107 Twoje stopy w ka\u017cdej podr\u00f3\u017cy. ochraniacze\u00a0SAS-TEC\u00ae [&hellip;]<\/p>\n","protected":false},"featured_media":6722,"template":"","meta":[],"product_brand":[377],"product_cat":[282,291],"product_tag":[],"class_list":{"0":"post-6708","1":"product","2":"type-product","3":"status-publish","4":"has-post-thumbnail","6":"product_brand-rebelhorn","7":"product_cat-buty-meska","8":"product_cat-buty-turystyczne-meska","9":"pa_rozmiar-buty-382","10":"pa_rozmiar-buty-352","11":"pa_rozmiar-buty-353","12":"pa_rozmiar-buty-354","13":"pa_rozmiar-buty-355","14":"pa_rozmiar-buty-356","15":"pa_rozmiar-buty-321","16":"pa_rozmiar-buty-322","17":"pa_rozmiar-buty-323","18":"pa_rozmiar-buty-324","19":"pa_rozmiar-buty-325","20":"pa_rozmiar-buty-326","21":"pa_rozmiar-buty-327","22":"pa_rozmiar-buty-328","24":"first","25":"instock","26":"taxable","27":"shipping-taxable","28":"purchasable","29":"product-type-variable"},"yoast_head":"<!-- This site is optimized with the Yoast SEO plugin v26.9 - https:\/\/yoast.com\/product\/yoast-seo-wordpress\/ -->\n<title>Buty motocyklowe Rebelhorn Scout Black - MOTO-PAWMAR<\/title>\n<meta name=\"robots\" content=\"index, follow, max-snippet:-1, max-image-preview:large, max-video-preview:-1\" \/>\n<link rel=\"canonical\" href=\"https:\/\/moto-pawmar.pl\/?product=buty-motocyklowe-rebelhorn-scout-black\" \/>\n<meta property=\"og:locale\" content=\"pl_PL\" \/>\n<meta property=\"og:type\" content=\"article\" \/>\n<meta property=\"og:title\" content=\"Buty motocyklowe Rebelhorn Scout Black - MOTO-PAWMAR\" \/>\n<meta property=\"og:description\" content=\"Turystyczne buty motocyklowe Rebelhorn Scout\u00a0zapewniaj\u0105 ochron\u0119 stopy dzi\u0119ki zastosowaniu ochraniaczy SAS-TEC\u00ae oraz wzmocnieniom na pi\u0119cie i czubku buta.\u00a0Rebelhorn Scout maj\u0105 wodoodporn\u0105 membran\u0119 Hipora\u00ae, kt\u00f3ra zapewnia zar\u00f3wno oddychalno\u015b\u0107, jak i nieprzemakalno\u015b\u0107. Przeznaczenie:\u00a0Tour WARSTWY: warstwa zewn\u0119trzna: sk\u00f3ra PU warstwa wewn\u0119trzna: poliester mesh BEZPIECZE\u0143STWO: Dzi\u0119ki zaawansowanym materia\u0142om i rozwi\u0105zaniom buty b\u0119d\u0105 chroni\u0107 Twoje stopy w ka\u017cdej podr\u00f3\u017cy. ochraniacze\u00a0SAS-TEC\u00ae [&hellip;]\" \/>\n<meta property=\"og:url\" content=\"https:\/\/moto-pawmar.pl\/?product=buty-motocyklowe-rebelhorn-scout-black\" \/>\n<meta property=\"og:site_name\" content=\"MOTO-PAWMAR\" \/>\n<meta property=\"article:publisher\" content=\"https:\/\/www.facebook.com\/motopawmar\/?locale=pl_PL\" \/>\n<meta property=\"article:modified_time\" content=\"2025-12-12T12:55:50+00:00\" \/>\n<meta property=\"og:image\" content=\"https:\/\/moto-pawmar.pl\/wp-content\/uploads\/2025\/12\/174833_ZAL603286.jpg\" \/>\n\t<meta property=\"og:image:width\" content=\"800\" \/>\n\t<meta property=\"og:image:height\" content=\"800\" \/>\n\t<meta property=\"og:image:type\" content=\"image\/jpeg\" \/>\n<meta name=\"twitter:card\" content=\"summary_large_image\" \/>\n<meta name=\"twitter:label1\" content=\"Szacowany czas czytania\" \/>\n\t<meta name=\"twitter:data1\" content=\"1 minuta\" \/>\n<script type=\"application\/ld+json\" class=\"yoast-schema-graph\">{\"@context\":\"https:\/\/schema.org\",\"@graph\":[{\"@type\":\"WebPage\",\"@id\":\"https:\/\/moto-pawmar.pl\/?product=buty-motocyklowe-rebelhorn-scout-black\",\"url\":\"https:\/\/moto-pawmar.pl\/?product=buty-motocyklowe-rebelhorn-scout-black\",\"name\":\"Buty motocyklowe Rebelhorn Scout Black - MOTO-PAWMAR\",\"isPartOf\":{\"@id\":\"https:\/\/moto-pawmar.pl\/#website\"},\"primaryImageOfPage\":{\"@id\":\"https:\/\/moto-pawmar.pl\/?product=buty-motocyklowe-rebelhorn-scout-black#primaryimage\"},\"image\":{\"@id\":\"https:\/\/moto-pawmar.pl\/?product=buty-motocyklowe-rebelhorn-scout-black#primaryimage\"},\"thumbnailUrl\":\"https:\/\/moto-pawmar.pl\/wp-content\/uploads\/2025\/12\/174833_ZAL603286.jpg\",\"datePublished\":\"2025-12-12T12:53:31+00:00\",\"dateModified\":\"2025-12-12T12:55:50+00:00\",\"breadcrumb\":{\"@id\":\"https:\/\/moto-pawmar.pl\/?product=buty-motocyklowe-rebelhorn-scout-black#breadcrumb\"},\"inLanguage\":\"pl-PL\",\"potentialAction\":[{\"@type\":\"ReadAction\",\"target\":[\"https:\/\/moto-pawmar.pl\/?product=buty-motocyklowe-rebelhorn-scout-black\"]}]},{\"@type\":\"ImageObject\",\"inLanguage\":\"pl-PL\",\"@id\":\"https:\/\/moto-pawmar.pl\/?product=buty-motocyklowe-rebelhorn-scout-black#primaryimage\",\"url\":\"https:\/\/moto-pawmar.pl\/wp-content\/uploads\/2025\/12\/174833_ZAL603286.jpg\",\"contentUrl\":\"https:\/\/moto-pawmar.pl\/wp-content\/uploads\/2025\/12\/174833_ZAL603286.jpg\",\"width\":800,\"height\":800},{\"@type\":\"BreadcrumbList\",\"@id\":\"https:\/\/moto-pawmar.pl\/?product=buty-motocyklowe-rebelhorn-scout-black#breadcrumb\",\"itemListElement\":[{\"@type\":\"ListItem\",\"position\":1,\"name\":\"Strona g\u0142\u00f3wna\",\"item\":\"https:\/\/moto-pawmar.pl\/\"},{\"@type\":\"ListItem\",\"position\":2,\"name\":\"Sklep Internetowy\",\"item\":\"https:\/\/moto-pawmar.pl\/?page_id=367\"},{\"@type\":\"ListItem\",\"position\":3,\"name\":\"Buty motocyklowe Rebelhorn Scout Black\"}]},{\"@type\":\"WebSite\",\"@id\":\"https:\/\/moto-pawmar.pl\/#website\",\"url\":\"https:\/\/moto-pawmar.pl\/\",\"name\":\"MOTO-PAWMAR\",\"description\":\"MOTO\u2011PAWMAR \u2013 Tw\u00f3j sklep z cz\u0119\u015bciami i akcesoriami do motocykli, skuter\u00f3w i quad\u00f3w.\",\"publisher\":{\"@id\":\"https:\/\/moto-pawmar.pl\/#organization\"},\"potentialAction\":[{\"@type\":\"SearchAction\",\"target\":{\"@type\":\"EntryPoint\",\"urlTemplate\":\"https:\/\/moto-pawmar.pl\/?s={search_term_string}\"},\"query-input\":{\"@type\":\"PropertyValueSpecification\",\"valueRequired\":true,\"valueName\":\"search_term_string\"}}],\"inLanguage\":\"pl-PL\"},{\"@type\":\"Organization\",\"@id\":\"https:\/\/moto-pawmar.pl\/#organization\",\"name\":\"MOTO-PAWMAR\",\"url\":\"https:\/\/moto-pawmar.pl\/\",\"logo\":{\"@type\":\"ImageObject\",\"inLanguage\":\"pl-PL\",\"@id\":\"https:\/\/moto-pawmar.pl\/#\/schema\/logo\/image\/\",\"url\":\"https:\/\/moto-pawmar.pl\/wp-content\/uploads\/2025\/10\/LOGO-SKLEP.png\",\"contentUrl\":\"https:\/\/moto-pawmar.pl\/wp-content\/uploads\/2025\/10\/LOGO-SKLEP.png\",\"width\":2480,\"height\":2053,\"caption\":\"MOTO-PAWMAR\"},\"image\":{\"@id\":\"https:\/\/moto-pawmar.pl\/#\/schema\/logo\/image\/\"},\"sameAs\":[\"https:\/\/www.facebook.com\/motopawmar\/?locale=pl_PL\"]}]}<\/script>\n<!-- \/ Yoast SEO plugin. -->","yoast_head_json":{"title":"Buty motocyklowe Rebelhorn Scout Black - MOTO-PAWMAR","robots":{"index":"index","follow":"follow","max-snippet":"max-snippet:-1","max-image-preview":"max-image-preview:large","max-video-preview":"max-video-preview:-1"},"canonical":"https:\/\/moto-pawmar.pl\/?product=buty-motocyklowe-rebelhorn-scout-black","og_locale":"pl_PL","og_type":"article","og_title":"Buty motocyklowe Rebelhorn Scout Black - MOTO-PAWMAR","og_description":"Turystyczne buty motocyklowe Rebelhorn Scout\u00a0zapewniaj\u0105 ochron\u0119 stopy dzi\u0119ki zastosowaniu ochraniaczy SAS-TEC\u00ae oraz wzmocnieniom na pi\u0119cie i czubku buta.\u00a0Rebelhorn Scout maj\u0105 wodoodporn\u0105 membran\u0119 Hipora\u00ae, kt\u00f3ra zapewnia zar\u00f3wno oddychalno\u015b\u0107, jak i nieprzemakalno\u015b\u0107. Przeznaczenie:\u00a0Tour WARSTWY: warstwa zewn\u0119trzna: sk\u00f3ra PU warstwa wewn\u0119trzna: poliester mesh BEZPIECZE\u0143STWO: Dzi\u0119ki zaawansowanym materia\u0142om i rozwi\u0105zaniom buty b\u0119d\u0105 chroni\u0107 Twoje stopy w ka\u017cdej podr\u00f3\u017cy. ochraniacze\u00a0SAS-TEC\u00ae [&hellip;]","og_url":"https:\/\/moto-pawmar.pl\/?product=buty-motocyklowe-rebelhorn-scout-black","og_site_name":"MOTO-PAWMAR","article_publisher":"https:\/\/www.facebook.com\/motopawmar\/?locale=pl_PL","article_modified_time":"2025-12-12T12:55:50+00:00","og_image":[{"width":800,"height":800,"url":"https:\/\/moto-pawmar.pl\/wp-content\/uploads\/2025\/12\/174833_ZAL603286.jpg","type":"image\/jpeg"}],"twitter_card":"summary_large_image","twitter_misc":{"Szacowany czas czytania":"1 minuta"},"schema":{"@context":"https:\/\/schema.org","@graph":[{"@type":"WebPage","@id":"https:\/\/moto-pawmar.pl\/?product=buty-motocyklowe-rebelhorn-scout-black","url":"https:\/\/moto-pawmar.pl\/?product=buty-motocyklowe-rebelhorn-scout-black","name":"Buty motocyklowe Rebelhorn Scout Black - MOTO-PAWMAR","isPartOf":{"@id":"https:\/\/moto-pawmar.pl\/#website"},"primaryImageOfPage":{"@id":"https:\/\/moto-pawmar.pl\/?product=buty-motocyklowe-rebelhorn-scout-black#primaryimage"},"image":{"@id":"https:\/\/moto-pawmar.pl\/?product=buty-motocyklowe-rebelhorn-scout-black#primaryimage"},"thumbnailUrl":"https:\/\/moto-pawmar.pl\/wp-content\/uploads\/2025\/12\/174833_ZAL603286.jpg","datePublished":"2025-12-12T12:53:31+00:00","dateModified":"2025-12-12T12:55:50+00:00","breadcrumb":{"@id":"https:\/\/moto-pawmar.pl\/?product=buty-motocyklowe-rebelhorn-scout-black#breadcrumb"},"inLanguage":"pl-PL","potentialAction":[{"@type":"ReadAction","target":["https:\/\/moto-pawmar.pl\/?product=buty-motocyklowe-rebelhorn-scout-black"]}]},{"@type":"ImageObject","inLanguage":"pl-PL","@id":"https:\/\/moto-pawmar.pl\/?product=buty-motocyklowe-rebelhorn-scout-black#primaryimage","url":"https:\/\/moto-pawmar.pl\/wp-content\/uploads\/2025\/12\/174833_ZAL603286.jpg","contentUrl":"https:\/\/moto-pawmar.pl\/wp-content\/uploads\/2025\/12\/174833_ZAL603286.jpg","width":800,"height":800},{"@type":"BreadcrumbList","@id":"https:\/\/moto-pawmar.pl\/?product=buty-motocyklowe-rebelhorn-scout-black#breadcrumb","itemListElement":[{"@type":"ListItem","position":1,"name":"Strona g\u0142\u00f3wna","item":"https:\/\/moto-pawmar.pl\/"},{"@type":"ListItem","position":2,"name":"Sklep Internetowy","item":"https:\/\/moto-pawmar.pl\/?page_id=367"},{"@type":"ListItem","position":3,"name":"Buty motocyklowe Rebelhorn Scout Black"}]},{"@type":"WebSite","@id":"https:\/\/moto-pawmar.pl\/#website","url":"https:\/\/moto-pawmar.pl\/","name":"MOTO-PAWMAR","description":"MOTO\u2011PAWMAR \u2013 Tw\u00f3j sklep z cz\u0119\u015bciami i akcesoriami do motocykli, skuter\u00f3w i quad\u00f3w.","publisher":{"@id":"https:\/\/moto-pawmar.pl\/#organization"},"potentialAction":[{"@type":"SearchAction","target":{"@type":"EntryPoint","urlTemplate":"https:\/\/moto-pawmar.pl\/?s={search_term_string}"},"query-input":{"@type":"PropertyValueSpecification","valueRequired":true,"valueName":"search_term_string"}}],"inLanguage":"pl-PL"},{"@type":"Organization","@id":"https:\/\/moto-pawmar.pl\/#organization","name":"MOTO-PAWMAR","url":"https:\/\/moto-pawmar.pl\/","logo":{"@type":"ImageObject","inLanguage":"pl-PL","@id":"https:\/\/moto-pawmar.pl\/#\/schema\/logo\/image\/","url":"https:\/\/moto-pawmar.pl\/wp-content\/uploads\/2025\/10\/LOGO-SKLEP.png","contentUrl":"https:\/\/moto-pawmar.pl\/wp-content\/uploads\/2025\/10\/LOGO-SKLEP.png","width":2480,"height":2053,"caption":"MOTO-PAWMAR"},"image":{"@id":"https:\/\/moto-pawmar.pl\/#\/schema\/logo\/image\/"},"sameAs":["https:\/\/www.facebook.com\/motopawmar\/?locale=pl_PL"]}]}},"_links":{"self":[{"href":"https:\/\/moto-pawmar.pl\/index.php?rest_route=\/wp\/v2\/product\/6708","targetHints":{"allow":["GET"]}}],"collection":[{"href":"https:\/\/moto-pawmar.pl\/index.php?rest_route=\/wp\/v2\/product"}],"about":[{"href":"https:\/\/moto-pawmar.pl\/index.php?rest_route=\/wp\/v2\/types\/product"}],"wp:featuredmedia":[{"embeddable":true,"href":"https:\/\/moto-pawmar.pl\/index.php?rest_route=\/wp\/v2\/media\/6722"}],"wp:attachment":[{"href":"https:\/\/moto-pawmar.pl\/index.php?rest_route=%2Fwp%2Fv2%2Fmedia&parent=6708"}],"wp:term":[{"taxonomy":"product_brand","embeddable":true,"href":"https:\/\/moto-pawmar.pl\/index.php?rest_route=%2Fwp%2Fv2%2Fproduct_brand&post=6708"},{"taxonomy":"product_cat","embeddable":true,"href":"https:\/\/moto-pawmar.pl\/index.php?rest_route=%2Fwp%2Fv2%2Fproduct_cat&post=6708"},{"taxonomy":"product_tag","embeddable":true,"href":"https:\/\/moto-pawmar.pl\/index.php?rest_route=%2Fwp%2Fv2%2Fproduct_tag&post=6708"}],"curies":[{"name":"wp","href":"https:\/\/api.w.org\/{rel}","templated":true}]}}