{"id":6654,"date":"2025-12-12T13:29:41","date_gmt":"2025-12-12T12:29:41","guid":{"rendered":"https:\/\/moto-pawmar.pl\/?post_type=product&#038;p=6654"},"modified":"2025-12-12T13:31:16","modified_gmt":"2025-12-12T12:31:16","slug":"buty-motocyklowe-rebelhorn-gtr-black","status":"publish","type":"product","link":"https:\/\/moto-pawmar.pl\/?product=buty-motocyklowe-rebelhorn-gtr-black","title":{"rendered":"Buty motocyklowe Rebelhorn Gtr Black"},"content":{"rendered":"<p><strong>Sportowe buty motocyklowe Rebelhorn GTR<\/strong>\u00a0zosta\u0142y stworzone z my\u015bl\u0105 o fanach szybkiej miejskiej jazdy oraz jazdy po torze. Dzi\u0119ki zastosowaniu zaawansowanych technologii ochronnych IPA (ochrona kostki) i IPS (ochrona piszczeli), buty te gwarantuj\u0105 maksymaln\u0105 ochron\u0119. Dzi\u0119ki swojej konstrukcji oferuj\u0105 jednocze\u015bnie komfort i dopasowanie, co czyni je idealnym wyborem dla motocyklist\u00f3w szukaj\u0105cych zaawansowanego obuwia do sportowych i miejskich zastosowa\u0144.<\/p>\n<p>&nbsp;<\/p>\n<p><strong>Przeznaczenie:<\/strong>\u00a0Sport<\/p>\n<p><strong>Warstwy:<\/strong><\/p>\n<p>Buty GTR zosta\u0142y wykonane z nowoczesnych, wytrzyma\u0142ych materia\u0142\u00f3w, kt\u00f3re gwarantuj\u0105 zar\u00f3wno ochron\u0119, jak i komfort podczas intensywnej jazdy sportowej.<\/p>\n<ul>\n<li><strong>Warstwa zewn\u0119trzna: 90% Mikrofibra, 10% Steel Mesh<\/strong><\/li>\n<li><strong>Podszewka: 100% Poliester mesh<\/strong><\/li>\n<\/ul>\n<p><strong>Ochraniacze\/Bezpiecze\u0144stwo:<\/strong><\/p>\n<p>Ochraniacze IPA zapewniaj\u0105 bezpiecze\u0144stwo kostki, a IPS dbaj\u0105 o piszczel, co czyni buty Rebelhorn GTR idealnym wyborem do jazdy sportowej.<\/p>\n<ul>\n<li><strong>IPA: Ochrona kostki<\/strong><\/li>\n<li><strong>IPS: Ochrona piszczeli<\/strong><\/li>\n<li><strong>Certyfikacja CE: EN-13634_2018 LEVEL 2222 IPA IPS<\/strong><\/li>\n<\/ul>\n<p><strong>Wentylacja:<\/strong><\/p>\n<p>Elementy z oddychaj\u0105cego i przewiewnego materia\u0142u steel mesh gwarantuj\u0105 doskona\u0142\u0105 cyrkulacj\u0119 powietrza, co zapobiega nadmiernemu nagrzewaniu si\u0119 st\u00f3p podczas jazdy.<\/p>\n<ul>\n<li><strong>Wstawki z oddychaj\u0105cego i przewiewnego materia\u0142u steel mesh<\/strong><\/li>\n<\/ul>\n<p><strong>Komfort + Dodatkowe cechy:<\/strong><\/p>\n<p>Buty Rebelhorn GTR zosta\u0142y zaprojektowane z my\u015bl\u0105 o maksymalnym komforcie u\u017cytkowania, oferuj\u0105c ulepszone dopasowanie dzi\u0119ki autorskiemu kopytu oraz regulacji obwodu \u0142ydki za pomoc\u0105 rzepu. Dodatkowo, wymienne slidery oraz wzmocnienia pod d\u017awigni\u0119 zmiany bieg\u00f3w wykonane z TPR zwi\u0119kszaj\u0105 trwa\u0142o\u015b\u0107 but\u00f3w, zapewniaj\u0105c pe\u0142en komfort podczas jazdy.<\/p>\n<ul>\n<li><strong>D\u0142ugi zamek<\/strong>\u00a0umo\u017cliwia wygodne zak\u0142adanie but\u00f3w<\/li>\n<li><strong>Rzep regulacyjny<\/strong>\u00a0pozwala na dopasowanie obwodu \u0142ydki<\/li>\n<li><strong>Ulepszone dopasowanie do stopy dzi\u0119ki zastosowaniu autorskiego kopyta<\/strong><\/li>\n<li><strong>Wymienne slidery<\/strong>\u00a0wyd\u0142u\u017caj\u0105 \u017cywotno\u015b\u0107 but\u00f3w<\/li>\n<li><strong>Wzmocnienie pod d\u017awigni\u0119 zmiany bieg\u00f3w z TPR<\/strong><\/li>\n<li><strong>Mi\u0119kkie wyko\u0144czenie g\u00f3rnej kraw\u0119dzi buta<\/strong><\/li>\n<li><strong>Mi\u0119kka i oddychaj\u0105ca podszewka 3D mesh<\/strong>\u00a0doskonale odprowadza wilgo\u0107<\/li>\n<li><strong>Piankowa wk\u0142adka pokryta poliestrowym meshem<\/strong>\u00a0zapewnia komfort oraz absorbuje drgania<\/li>\n<\/ul>\n","protected":false},"excerpt":{"rendered":"<p>Sportowe buty motocyklowe Rebelhorn GTR\u00a0zosta\u0142y stworzone z my\u015bl\u0105 o fanach szybkiej miejskiej jazdy oraz jazdy po torze. Dzi\u0119ki zastosowaniu zaawansowanych technologii ochronnych IPA (ochrona kostki) i IPS (ochrona piszczeli), buty te gwarantuj\u0105 maksymaln\u0105 ochron\u0119. Dzi\u0119ki swojej konstrukcji oferuj\u0105 jednocze\u015bnie komfort i dopasowanie, co czyni je idealnym wyborem dla motocyklist\u00f3w szukaj\u0105cych zaawansowanego obuwia do sportowych i [&hellip;]<\/p>\n","protected":false},"featured_media":6677,"template":"","meta":[],"product_brand":[377],"product_cat":[282,290],"product_tag":[],"class_list":{"0":"post-6654","1":"product","2":"type-product","3":"status-publish","4":"has-post-thumbnail","6":"product_brand-rebelhorn","7":"product_cat-buty-meska","8":"product_cat-buty-sportowe-meska","9":"pa_rozmiar-buty-355","10":"pa_rozmiar-buty-356","11":"pa_rozmiar-buty-321","12":"pa_rozmiar-buty-322","13":"pa_rozmiar-buty-323","14":"pa_rozmiar-buty-324","15":"pa_rozmiar-buty-325","16":"pa_rozmiar-buty-326","17":"pa_rozmiar-buty-327","19":"first","20":"instock","21":"taxable","22":"shipping-taxable","23":"purchasable","24":"product-type-variable"},"yoast_head":"<!-- This site is optimized with the Yoast SEO plugin v26.9 - https:\/\/yoast.com\/product\/yoast-seo-wordpress\/ -->\n<title>Buty motocyklowe Rebelhorn Gtr Black - MOTO-PAWMAR<\/title>\n<meta name=\"robots\" content=\"index, follow, max-snippet:-1, max-image-preview:large, max-video-preview:-1\" \/>\n<link rel=\"canonical\" href=\"https:\/\/moto-pawmar.pl\/?product=buty-motocyklowe-rebelhorn-gtr-black\" \/>\n<meta property=\"og:locale\" content=\"pl_PL\" \/>\n<meta property=\"og:type\" content=\"article\" \/>\n<meta property=\"og:title\" content=\"Buty motocyklowe Rebelhorn Gtr Black - MOTO-PAWMAR\" \/>\n<meta property=\"og:description\" content=\"Sportowe buty motocyklowe Rebelhorn GTR\u00a0zosta\u0142y stworzone z my\u015bl\u0105 o fanach szybkiej miejskiej jazdy oraz jazdy po torze. Dzi\u0119ki zastosowaniu zaawansowanych technologii ochronnych IPA (ochrona kostki) i IPS (ochrona piszczeli), buty te gwarantuj\u0105 maksymaln\u0105 ochron\u0119. Dzi\u0119ki swojej konstrukcji oferuj\u0105 jednocze\u015bnie komfort i dopasowanie, co czyni je idealnym wyborem dla motocyklist\u00f3w szukaj\u0105cych zaawansowanego obuwia do sportowych i [&hellip;]\" \/>\n<meta property=\"og:url\" content=\"https:\/\/moto-pawmar.pl\/?product=buty-motocyklowe-rebelhorn-gtr-black\" \/>\n<meta property=\"og:site_name\" content=\"MOTO-PAWMAR\" \/>\n<meta property=\"article:publisher\" content=\"https:\/\/www.facebook.com\/motopawmar\/?locale=pl_PL\" \/>\n<meta property=\"article:modified_time\" content=\"2025-12-12T12:31:16+00:00\" \/>\n<meta property=\"og:image\" content=\"https:\/\/moto-pawmar.pl\/wp-content\/uploads\/2025\/12\/323478_ZAL820842.jpg\" \/>\n\t<meta property=\"og:image:width\" content=\"800\" \/>\n\t<meta property=\"og:image:height\" content=\"800\" \/>\n\t<meta property=\"og:image:type\" content=\"image\/jpeg\" \/>\n<meta name=\"twitter:card\" content=\"summary_large_image\" \/>\n<meta name=\"twitter:label1\" content=\"Szacowany czas czytania\" \/>\n\t<meta name=\"twitter:data1\" content=\"2 minuty\" \/>\n<script type=\"application\/ld+json\" class=\"yoast-schema-graph\">{\"@context\":\"https:\/\/schema.org\",\"@graph\":[{\"@type\":\"WebPage\",\"@id\":\"https:\/\/moto-pawmar.pl\/?product=buty-motocyklowe-rebelhorn-gtr-black\",\"url\":\"https:\/\/moto-pawmar.pl\/?product=buty-motocyklowe-rebelhorn-gtr-black\",\"name\":\"Buty motocyklowe Rebelhorn Gtr Black - MOTO-PAWMAR\",\"isPartOf\":{\"@id\":\"https:\/\/moto-pawmar.pl\/#website\"},\"primaryImageOfPage\":{\"@id\":\"https:\/\/moto-pawmar.pl\/?product=buty-motocyklowe-rebelhorn-gtr-black#primaryimage\"},\"image\":{\"@id\":\"https:\/\/moto-pawmar.pl\/?product=buty-motocyklowe-rebelhorn-gtr-black#primaryimage\"},\"thumbnailUrl\":\"https:\/\/moto-pawmar.pl\/wp-content\/uploads\/2025\/12\/323478_ZAL820842.jpg\",\"datePublished\":\"2025-12-12T12:29:41+00:00\",\"dateModified\":\"2025-12-12T12:31:16+00:00\",\"breadcrumb\":{\"@id\":\"https:\/\/moto-pawmar.pl\/?product=buty-motocyklowe-rebelhorn-gtr-black#breadcrumb\"},\"inLanguage\":\"pl-PL\",\"potentialAction\":[{\"@type\":\"ReadAction\",\"target\":[\"https:\/\/moto-pawmar.pl\/?product=buty-motocyklowe-rebelhorn-gtr-black\"]}]},{\"@type\":\"ImageObject\",\"inLanguage\":\"pl-PL\",\"@id\":\"https:\/\/moto-pawmar.pl\/?product=buty-motocyklowe-rebelhorn-gtr-black#primaryimage\",\"url\":\"https:\/\/moto-pawmar.pl\/wp-content\/uploads\/2025\/12\/323478_ZAL820842.jpg\",\"contentUrl\":\"https:\/\/moto-pawmar.pl\/wp-content\/uploads\/2025\/12\/323478_ZAL820842.jpg\",\"width\":800,\"height\":800},{\"@type\":\"BreadcrumbList\",\"@id\":\"https:\/\/moto-pawmar.pl\/?product=buty-motocyklowe-rebelhorn-gtr-black#breadcrumb\",\"itemListElement\":[{\"@type\":\"ListItem\",\"position\":1,\"name\":\"Strona g\u0142\u00f3wna\",\"item\":\"https:\/\/moto-pawmar.pl\/\"},{\"@type\":\"ListItem\",\"position\":2,\"name\":\"Sklep Internetowy\",\"item\":\"https:\/\/moto-pawmar.pl\/?page_id=367\"},{\"@type\":\"ListItem\",\"position\":3,\"name\":\"Buty motocyklowe Rebelhorn Gtr Black\"}]},{\"@type\":\"WebSite\",\"@id\":\"https:\/\/moto-pawmar.pl\/#website\",\"url\":\"https:\/\/moto-pawmar.pl\/\",\"name\":\"MOTO-PAWMAR\",\"description\":\"MOTO\u2011PAWMAR \u2013 Tw\u00f3j sklep z cz\u0119\u015bciami i akcesoriami do motocykli, skuter\u00f3w i quad\u00f3w.\",\"publisher\":{\"@id\":\"https:\/\/moto-pawmar.pl\/#organization\"},\"potentialAction\":[{\"@type\":\"SearchAction\",\"target\":{\"@type\":\"EntryPoint\",\"urlTemplate\":\"https:\/\/moto-pawmar.pl\/?s={search_term_string}\"},\"query-input\":{\"@type\":\"PropertyValueSpecification\",\"valueRequired\":true,\"valueName\":\"search_term_string\"}}],\"inLanguage\":\"pl-PL\"},{\"@type\":\"Organization\",\"@id\":\"https:\/\/moto-pawmar.pl\/#organization\",\"name\":\"MOTO-PAWMAR\",\"url\":\"https:\/\/moto-pawmar.pl\/\",\"logo\":{\"@type\":\"ImageObject\",\"inLanguage\":\"pl-PL\",\"@id\":\"https:\/\/moto-pawmar.pl\/#\/schema\/logo\/image\/\",\"url\":\"https:\/\/moto-pawmar.pl\/wp-content\/uploads\/2025\/10\/LOGO-SKLEP.png\",\"contentUrl\":\"https:\/\/moto-pawmar.pl\/wp-content\/uploads\/2025\/10\/LOGO-SKLEP.png\",\"width\":2480,\"height\":2053,\"caption\":\"MOTO-PAWMAR\"},\"image\":{\"@id\":\"https:\/\/moto-pawmar.pl\/#\/schema\/logo\/image\/\"},\"sameAs\":[\"https:\/\/www.facebook.com\/motopawmar\/?locale=pl_PL\"]}]}<\/script>\n<!-- \/ Yoast SEO plugin. -->","yoast_head_json":{"title":"Buty motocyklowe Rebelhorn Gtr Black - MOTO-PAWMAR","robots":{"index":"index","follow":"follow","max-snippet":"max-snippet:-1","max-image-preview":"max-image-preview:large","max-video-preview":"max-video-preview:-1"},"canonical":"https:\/\/moto-pawmar.pl\/?product=buty-motocyklowe-rebelhorn-gtr-black","og_locale":"pl_PL","og_type":"article","og_title":"Buty motocyklowe Rebelhorn Gtr Black - MOTO-PAWMAR","og_description":"Sportowe buty motocyklowe Rebelhorn GTR\u00a0zosta\u0142y stworzone z my\u015bl\u0105 o fanach szybkiej miejskiej jazdy oraz jazdy po torze. Dzi\u0119ki zastosowaniu zaawansowanych technologii ochronnych IPA (ochrona kostki) i IPS (ochrona piszczeli), buty te gwarantuj\u0105 maksymaln\u0105 ochron\u0119. Dzi\u0119ki swojej konstrukcji oferuj\u0105 jednocze\u015bnie komfort i dopasowanie, co czyni je idealnym wyborem dla motocyklist\u00f3w szukaj\u0105cych zaawansowanego obuwia do sportowych i [&hellip;]","og_url":"https:\/\/moto-pawmar.pl\/?product=buty-motocyklowe-rebelhorn-gtr-black","og_site_name":"MOTO-PAWMAR","article_publisher":"https:\/\/www.facebook.com\/motopawmar\/?locale=pl_PL","article_modified_time":"2025-12-12T12:31:16+00:00","og_image":[{"width":800,"height":800,"url":"https:\/\/moto-pawmar.pl\/wp-content\/uploads\/2025\/12\/323478_ZAL820842.jpg","type":"image\/jpeg"}],"twitter_card":"summary_large_image","twitter_misc":{"Szacowany czas czytania":"2 minuty"},"schema":{"@context":"https:\/\/schema.org","@graph":[{"@type":"WebPage","@id":"https:\/\/moto-pawmar.pl\/?product=buty-motocyklowe-rebelhorn-gtr-black","url":"https:\/\/moto-pawmar.pl\/?product=buty-motocyklowe-rebelhorn-gtr-black","name":"Buty motocyklowe Rebelhorn Gtr Black - MOTO-PAWMAR","isPartOf":{"@id":"https:\/\/moto-pawmar.pl\/#website"},"primaryImageOfPage":{"@id":"https:\/\/moto-pawmar.pl\/?product=buty-motocyklowe-rebelhorn-gtr-black#primaryimage"},"image":{"@id":"https:\/\/moto-pawmar.pl\/?product=buty-motocyklowe-rebelhorn-gtr-black#primaryimage"},"thumbnailUrl":"https:\/\/moto-pawmar.pl\/wp-content\/uploads\/2025\/12\/323478_ZAL820842.jpg","datePublished":"2025-12-12T12:29:41+00:00","dateModified":"2025-12-12T12:31:16+00:00","breadcrumb":{"@id":"https:\/\/moto-pawmar.pl\/?product=buty-motocyklowe-rebelhorn-gtr-black#breadcrumb"},"inLanguage":"pl-PL","potentialAction":[{"@type":"ReadAction","target":["https:\/\/moto-pawmar.pl\/?product=buty-motocyklowe-rebelhorn-gtr-black"]}]},{"@type":"ImageObject","inLanguage":"pl-PL","@id":"https:\/\/moto-pawmar.pl\/?product=buty-motocyklowe-rebelhorn-gtr-black#primaryimage","url":"https:\/\/moto-pawmar.pl\/wp-content\/uploads\/2025\/12\/323478_ZAL820842.jpg","contentUrl":"https:\/\/moto-pawmar.pl\/wp-content\/uploads\/2025\/12\/323478_ZAL820842.jpg","width":800,"height":800},{"@type":"BreadcrumbList","@id":"https:\/\/moto-pawmar.pl\/?product=buty-motocyklowe-rebelhorn-gtr-black#breadcrumb","itemListElement":[{"@type":"ListItem","position":1,"name":"Strona g\u0142\u00f3wna","item":"https:\/\/moto-pawmar.pl\/"},{"@type":"ListItem","position":2,"name":"Sklep Internetowy","item":"https:\/\/moto-pawmar.pl\/?page_id=367"},{"@type":"ListItem","position":3,"name":"Buty motocyklowe Rebelhorn Gtr Black"}]},{"@type":"WebSite","@id":"https:\/\/moto-pawmar.pl\/#website","url":"https:\/\/moto-pawmar.pl\/","name":"MOTO-PAWMAR","description":"MOTO\u2011PAWMAR \u2013 Tw\u00f3j sklep z cz\u0119\u015bciami i akcesoriami do motocykli, skuter\u00f3w i quad\u00f3w.","publisher":{"@id":"https:\/\/moto-pawmar.pl\/#organization"},"potentialAction":[{"@type":"SearchAction","target":{"@type":"EntryPoint","urlTemplate":"https:\/\/moto-pawmar.pl\/?s={search_term_string}"},"query-input":{"@type":"PropertyValueSpecification","valueRequired":true,"valueName":"search_term_string"}}],"inLanguage":"pl-PL"},{"@type":"Organization","@id":"https:\/\/moto-pawmar.pl\/#organization","name":"MOTO-PAWMAR","url":"https:\/\/moto-pawmar.pl\/","logo":{"@type":"ImageObject","inLanguage":"pl-PL","@id":"https:\/\/moto-pawmar.pl\/#\/schema\/logo\/image\/","url":"https:\/\/moto-pawmar.pl\/wp-content\/uploads\/2025\/10\/LOGO-SKLEP.png","contentUrl":"https:\/\/moto-pawmar.pl\/wp-content\/uploads\/2025\/10\/LOGO-SKLEP.png","width":2480,"height":2053,"caption":"MOTO-PAWMAR"},"image":{"@id":"https:\/\/moto-pawmar.pl\/#\/schema\/logo\/image\/"},"sameAs":["https:\/\/www.facebook.com\/motopawmar\/?locale=pl_PL"]}]}},"_links":{"self":[{"href":"https:\/\/moto-pawmar.pl\/index.php?rest_route=\/wp\/v2\/product\/6654","targetHints":{"allow":["GET"]}}],"collection":[{"href":"https:\/\/moto-pawmar.pl\/index.php?rest_route=\/wp\/v2\/product"}],"about":[{"href":"https:\/\/moto-pawmar.pl\/index.php?rest_route=\/wp\/v2\/types\/product"}],"wp:featuredmedia":[{"embeddable":true,"href":"https:\/\/moto-pawmar.pl\/index.php?rest_route=\/wp\/v2\/media\/6677"}],"wp:attachment":[{"href":"https:\/\/moto-pawmar.pl\/index.php?rest_route=%2Fwp%2Fv2%2Fmedia&parent=6654"}],"wp:term":[{"taxonomy":"product_brand","embeddable":true,"href":"https:\/\/moto-pawmar.pl\/index.php?rest_route=%2Fwp%2Fv2%2Fproduct_brand&post=6654"},{"taxonomy":"product_cat","embeddable":true,"href":"https:\/\/moto-pawmar.pl\/index.php?rest_route=%2Fwp%2Fv2%2Fproduct_cat&post=6654"},{"taxonomy":"product_tag","embeddable":true,"href":"https:\/\/moto-pawmar.pl\/index.php?rest_route=%2Fwp%2Fv2%2Fproduct_tag&post=6654"}],"curies":[{"name":"wp","href":"https:\/\/api.w.org\/{rel}","templated":true}]}}