{"id":6610,"date":"2025-12-12T13:24:18","date_gmt":"2025-12-12T12:24:18","guid":{"rendered":"https:\/\/moto-pawmar.pl\/?post_type=product&#038;p=6610"},"modified":"2025-12-12T13:25:55","modified_gmt":"2025-12-12T12:25:55","slug":"buty-motocyklowe-rebelhorn-defender-x-black","status":"publish","type":"product","link":"https:\/\/moto-pawmar.pl\/?product=buty-motocyklowe-rebelhorn-defender-x-black","title":{"rendered":"Buty motocyklowe Rebelhorn Defender X Black"},"content":{"rendered":"<p><strong>Buty motocyklowe Rebelhorn Defender X<\/strong>\u00a0to wysokiej jako\u015bci sk\u00f3rzane buty turystyczne, stworzone z my\u015bl\u0105 o d\u0142ugich trasach, zapewniaj\u0105ce maksymalny komfort, ochron\u0119 i dopasowanie. Wyposa\u017cone zosta\u0142y w dwa wygodne i szybkie w obs\u0142udze zapi\u0119cia ATOP. Buty Defender X zosta\u0142y wykonane z naturalnej sk\u00f3ry bydl\u0119cej i materia\u0142u Cordura\u00ae o wysokiej trwa\u0142o\u015bci oraz posiadaj\u0105 wyj\u0105tkowo wytrzyma\u0142\u0105 podeszw\u0119 Vibram\u00ae odporn\u0105 na \u015bcieranie.<\/p>\n<p>Dzi\u0119ki\u00a0<strong>membranie Sympatex\u00ae<\/strong>, buty gwarantuj\u0105 ochron\u0119 przed deszczem, jednocze\u015bnie pozwalaj\u0105c stopie oddycha\u0107. Rebelhorn Defender X to idealny wyb\u00f3r dla mi\u0142o\u015bnik\u00f3w turystyki motocyklowej szukaj\u0105cych niezawodno\u015bci w ka\u017cdych warunkach.<\/p>\n<p>&nbsp;<\/p>\n<p><strong>Przeznaczenie:<\/strong>\u00a0Tour<\/p>\n<p><strong>Warstwy:<\/strong><\/p>\n<p>Buty wykonane s\u0105 z najwy\u017cszej jako\u015bci materia\u0142\u00f3w, kt\u00f3re zapewniaj\u0105 wytrzyma\u0142o\u015b\u0107, ochron\u0119 przed warunkami atmosferycznymi oraz komfort podczas d\u0142ugich podr\u00f3\u017cy.<\/p>\n<ul>\n<li><strong>Warstwa zewn\u0119trzna:<\/strong>\u00a090% Sk\u00f3ra bydl\u0119ca, 10% Cordura\u00ae<\/li>\n<li><strong>Podszewka:<\/strong>\u00a080% Sympatex\u00ae membrane, 20% Poliester mesh<\/li>\n<\/ul>\n<p><strong>Ochraniacze\/Bezpiecze\u0144stwo:<\/strong><\/p>\n<p>Rebelhorn Defender X oferuj\u0105 ochron\u0119 dzi\u0119ki wzmocnieniom kostek, zapewniaj\u0105c motocykli\u015bcie bezpiecze\u0144stwo podczas jazdy turystycznej.<\/p>\n<ul>\n<li><strong>Wzmocnienie kostek<\/strong><\/li>\n<li><strong>Certyfikacja CE: EN-13634_2018 LEVEL 2222 WP<\/strong><\/li>\n<\/ul>\n<p><strong>Wentylacja:<\/strong><\/p>\n<p>Po\u0142\u0105czenie naturalnej sk\u00f3ry i materia\u0142u Cordura\u00ae zapewnia optymaln\u0105 cyrkulacj\u0119 powietrza, a membrana Sympatex\u00ae o wysokich parametrach oddychalno\u015bci dodatkowo chroni przed wilgoci\u0105. Membrana zosta\u0142a wszyta na wy\u017csz\u0105 wysoko\u015b\u0107 ni\u017c standardowo, co zapewnia lepsz\u0105 ochron\u0119 przed deszczem.<\/p>\n<ul>\n<li><strong>Po\u0142\u0105czenie sk\u00f3ry i materia\u0142u Cordura\u00ae dla optymalnej cyrkulacji powietrza<\/strong><\/li>\n<li><strong>Membrana Sympatex\u00ae o wysokich parametrach oddychalno\u015bci i ochronie przed deszczem<\/strong><\/li>\n<\/ul>\n<p><strong>Komfort + Dodatkowe cechy:<\/strong><\/p>\n<p>Buty Rebelhorn Defender X zosta\u0142y zaprojektowane z my\u015bl\u0105 o komforcie i wygodzie podczas d\u0142ugich tras. Dwa systemy szybkiego zamykania ATOP umo\u017cliwiaj\u0105 idealne dopasowanie do stopy, a piankowa wk\u0142adka oraz mi\u0119kkie wyko\u0144czenie g\u00f3rnej kraw\u0119dzi buta zapewniaj\u0105 wygod\u0119 u\u017cytkowania.<\/p>\n<ul>\n<li><strong>Dwa systemy szybkiego zamykania ATOP zapewniaj\u0105 lepsze dopasowanie do stopy<\/strong><\/li>\n<li><strong>Materia\u0142: najwy\u017cszej jako\u015bci sk\u00f3ra naturalna i Cordura\u00ae<\/strong><\/li>\n<li><strong>Mi\u0119kkie wyko\u0144czenie g\u00f3rnej kraw\u0119dzi buta<\/strong><\/li>\n<li><strong>Wzmocnienie pod d\u017awigni\u0119 zmiany bieg\u00f3w z materia\u0142u TPU odpornego na przetarcia<\/strong><\/li>\n<li><strong>Piankowa wk\u0142adka o anatomicznym kszta\u0142cie pokryta poliestrowym meshem zapewnia komfort oraz absorbuje drgania<\/strong><\/li>\n<li><strong>Mi\u0119kka i oddychaj\u0105ca podszewka 3D mesh doskonale odprowadza wilgo\u0107<\/strong><\/li>\n<li><strong>Podeszwa Vibram\u00ae odporna na \u015bcieranie<\/strong><\/li>\n<\/ul>\n","protected":false},"excerpt":{"rendered":"<p>Buty motocyklowe Rebelhorn Defender X\u00a0to wysokiej jako\u015bci sk\u00f3rzane buty turystyczne, stworzone z my\u015bl\u0105 o d\u0142ugich trasach, zapewniaj\u0105ce maksymalny komfort, ochron\u0119 i dopasowanie. Wyposa\u017cone zosta\u0142y w dwa wygodne i szybkie w obs\u0142udze zapi\u0119cia ATOP. Buty Defender X zosta\u0142y wykonane z naturalnej sk\u00f3ry bydl\u0119cej i materia\u0142u Cordura\u00ae o wysokiej trwa\u0142o\u015bci oraz posiadaj\u0105 wyj\u0105tkowo wytrzyma\u0142\u0105 podeszw\u0119 Vibram\u00ae odporn\u0105 [&hellip;]<\/p>\n","protected":false},"featured_media":6623,"template":"","meta":[],"product_brand":[377],"product_cat":[282,291],"product_tag":[],"class_list":{"0":"post-6610","1":"product","2":"type-product","3":"status-publish","4":"has-post-thumbnail","6":"product_brand-rebelhorn","7":"product_cat-buty-meska","8":"product_cat-buty-turystyczne-meska","9":"pa_rozmiar-buty-382","10":"pa_rozmiar-buty-352","11":"pa_rozmiar-buty-353","12":"pa_rozmiar-buty-354","13":"pa_rozmiar-buty-355","14":"pa_rozmiar-buty-356","15":"pa_rozmiar-buty-321","16":"pa_rozmiar-buty-322","17":"pa_rozmiar-buty-323","18":"pa_rozmiar-buty-324","19":"pa_rozmiar-buty-325","20":"pa_rozmiar-buty-326","21":"pa_rozmiar-buty-327","22":"pa_rozmiar-buty-328","24":"first","25":"instock","26":"taxable","27":"shipping-taxable","28":"purchasable","29":"product-type-variable"},"yoast_head":"<!-- This site is optimized with the Yoast SEO plugin v26.9 - https:\/\/yoast.com\/product\/yoast-seo-wordpress\/ -->\n<title>Buty motocyklowe Rebelhorn Defender X Black - MOTO-PAWMAR<\/title>\n<meta name=\"robots\" content=\"index, follow, max-snippet:-1, max-image-preview:large, max-video-preview:-1\" \/>\n<link rel=\"canonical\" href=\"https:\/\/moto-pawmar.pl\/?product=buty-motocyklowe-rebelhorn-defender-x-black\" \/>\n<meta property=\"og:locale\" content=\"pl_PL\" \/>\n<meta property=\"og:type\" content=\"article\" \/>\n<meta property=\"og:title\" content=\"Buty motocyklowe Rebelhorn Defender X Black - MOTO-PAWMAR\" \/>\n<meta property=\"og:description\" content=\"Buty motocyklowe Rebelhorn Defender X\u00a0to wysokiej jako\u015bci sk\u00f3rzane buty turystyczne, stworzone z my\u015bl\u0105 o d\u0142ugich trasach, zapewniaj\u0105ce maksymalny komfort, ochron\u0119 i dopasowanie. Wyposa\u017cone zosta\u0142y w dwa wygodne i szybkie w obs\u0142udze zapi\u0119cia ATOP. Buty Defender X zosta\u0142y wykonane z naturalnej sk\u00f3ry bydl\u0119cej i materia\u0142u Cordura\u00ae o wysokiej trwa\u0142o\u015bci oraz posiadaj\u0105 wyj\u0105tkowo wytrzyma\u0142\u0105 podeszw\u0119 Vibram\u00ae odporn\u0105 [&hellip;]\" \/>\n<meta property=\"og:url\" content=\"https:\/\/moto-pawmar.pl\/?product=buty-motocyklowe-rebelhorn-defender-x-black\" \/>\n<meta property=\"og:site_name\" content=\"MOTO-PAWMAR\" \/>\n<meta property=\"article:publisher\" content=\"https:\/\/www.facebook.com\/motopawmar\/?locale=pl_PL\" \/>\n<meta property=\"article:modified_time\" content=\"2025-12-12T12:25:55+00:00\" \/>\n<meta property=\"og:image\" content=\"https:\/\/moto-pawmar.pl\/wp-content\/uploads\/2025\/12\/323891_ZAL790384.jpg\" \/>\n\t<meta property=\"og:image:width\" content=\"800\" \/>\n\t<meta property=\"og:image:height\" content=\"800\" \/>\n\t<meta property=\"og:image:type\" content=\"image\/jpeg\" \/>\n<meta name=\"twitter:card\" content=\"summary_large_image\" \/>\n<meta name=\"twitter:label1\" content=\"Szacowany czas czytania\" \/>\n\t<meta name=\"twitter:data1\" content=\"2 minuty\" \/>\n<script type=\"application\/ld+json\" class=\"yoast-schema-graph\">{\"@context\":\"https:\/\/schema.org\",\"@graph\":[{\"@type\":\"WebPage\",\"@id\":\"https:\/\/moto-pawmar.pl\/?product=buty-motocyklowe-rebelhorn-defender-x-black\",\"url\":\"https:\/\/moto-pawmar.pl\/?product=buty-motocyklowe-rebelhorn-defender-x-black\",\"name\":\"Buty motocyklowe Rebelhorn Defender X Black - MOTO-PAWMAR\",\"isPartOf\":{\"@id\":\"https:\/\/moto-pawmar.pl\/#website\"},\"primaryImageOfPage\":{\"@id\":\"https:\/\/moto-pawmar.pl\/?product=buty-motocyklowe-rebelhorn-defender-x-black#primaryimage\"},\"image\":{\"@id\":\"https:\/\/moto-pawmar.pl\/?product=buty-motocyklowe-rebelhorn-defender-x-black#primaryimage\"},\"thumbnailUrl\":\"https:\/\/moto-pawmar.pl\/wp-content\/uploads\/2025\/12\/323891_ZAL790384.jpg\",\"datePublished\":\"2025-12-12T12:24:18+00:00\",\"dateModified\":\"2025-12-12T12:25:55+00:00\",\"breadcrumb\":{\"@id\":\"https:\/\/moto-pawmar.pl\/?product=buty-motocyklowe-rebelhorn-defender-x-black#breadcrumb\"},\"inLanguage\":\"pl-PL\",\"potentialAction\":[{\"@type\":\"ReadAction\",\"target\":[\"https:\/\/moto-pawmar.pl\/?product=buty-motocyklowe-rebelhorn-defender-x-black\"]}]},{\"@type\":\"ImageObject\",\"inLanguage\":\"pl-PL\",\"@id\":\"https:\/\/moto-pawmar.pl\/?product=buty-motocyklowe-rebelhorn-defender-x-black#primaryimage\",\"url\":\"https:\/\/moto-pawmar.pl\/wp-content\/uploads\/2025\/12\/323891_ZAL790384.jpg\",\"contentUrl\":\"https:\/\/moto-pawmar.pl\/wp-content\/uploads\/2025\/12\/323891_ZAL790384.jpg\",\"width\":800,\"height\":800},{\"@type\":\"BreadcrumbList\",\"@id\":\"https:\/\/moto-pawmar.pl\/?product=buty-motocyklowe-rebelhorn-defender-x-black#breadcrumb\",\"itemListElement\":[{\"@type\":\"ListItem\",\"position\":1,\"name\":\"Strona g\u0142\u00f3wna\",\"item\":\"https:\/\/moto-pawmar.pl\/\"},{\"@type\":\"ListItem\",\"position\":2,\"name\":\"Sklep Internetowy\",\"item\":\"https:\/\/moto-pawmar.pl\/?page_id=367\"},{\"@type\":\"ListItem\",\"position\":3,\"name\":\"Buty motocyklowe Rebelhorn Defender X Black\"}]},{\"@type\":\"WebSite\",\"@id\":\"https:\/\/moto-pawmar.pl\/#website\",\"url\":\"https:\/\/moto-pawmar.pl\/\",\"name\":\"MOTO-PAWMAR\",\"description\":\"MOTO\u2011PAWMAR \u2013 Tw\u00f3j sklep z cz\u0119\u015bciami i akcesoriami do motocykli, skuter\u00f3w i quad\u00f3w.\",\"publisher\":{\"@id\":\"https:\/\/moto-pawmar.pl\/#organization\"},\"potentialAction\":[{\"@type\":\"SearchAction\",\"target\":{\"@type\":\"EntryPoint\",\"urlTemplate\":\"https:\/\/moto-pawmar.pl\/?s={search_term_string}\"},\"query-input\":{\"@type\":\"PropertyValueSpecification\",\"valueRequired\":true,\"valueName\":\"search_term_string\"}}],\"inLanguage\":\"pl-PL\"},{\"@type\":\"Organization\",\"@id\":\"https:\/\/moto-pawmar.pl\/#organization\",\"name\":\"MOTO-PAWMAR\",\"url\":\"https:\/\/moto-pawmar.pl\/\",\"logo\":{\"@type\":\"ImageObject\",\"inLanguage\":\"pl-PL\",\"@id\":\"https:\/\/moto-pawmar.pl\/#\/schema\/logo\/image\/\",\"url\":\"https:\/\/moto-pawmar.pl\/wp-content\/uploads\/2025\/10\/LOGO-SKLEP.png\",\"contentUrl\":\"https:\/\/moto-pawmar.pl\/wp-content\/uploads\/2025\/10\/LOGO-SKLEP.png\",\"width\":2480,\"height\":2053,\"caption\":\"MOTO-PAWMAR\"},\"image\":{\"@id\":\"https:\/\/moto-pawmar.pl\/#\/schema\/logo\/image\/\"},\"sameAs\":[\"https:\/\/www.facebook.com\/motopawmar\/?locale=pl_PL\"]}]}<\/script>\n<!-- \/ Yoast SEO plugin. -->","yoast_head_json":{"title":"Buty motocyklowe Rebelhorn Defender X Black - MOTO-PAWMAR","robots":{"index":"index","follow":"follow","max-snippet":"max-snippet:-1","max-image-preview":"max-image-preview:large","max-video-preview":"max-video-preview:-1"},"canonical":"https:\/\/moto-pawmar.pl\/?product=buty-motocyklowe-rebelhorn-defender-x-black","og_locale":"pl_PL","og_type":"article","og_title":"Buty motocyklowe Rebelhorn Defender X Black - MOTO-PAWMAR","og_description":"Buty motocyklowe Rebelhorn Defender X\u00a0to wysokiej jako\u015bci sk\u00f3rzane buty turystyczne, stworzone z my\u015bl\u0105 o d\u0142ugich trasach, zapewniaj\u0105ce maksymalny komfort, ochron\u0119 i dopasowanie. Wyposa\u017cone zosta\u0142y w dwa wygodne i szybkie w obs\u0142udze zapi\u0119cia ATOP. Buty Defender X zosta\u0142y wykonane z naturalnej sk\u00f3ry bydl\u0119cej i materia\u0142u Cordura\u00ae o wysokiej trwa\u0142o\u015bci oraz posiadaj\u0105 wyj\u0105tkowo wytrzyma\u0142\u0105 podeszw\u0119 Vibram\u00ae odporn\u0105 [&hellip;]","og_url":"https:\/\/moto-pawmar.pl\/?product=buty-motocyklowe-rebelhorn-defender-x-black","og_site_name":"MOTO-PAWMAR","article_publisher":"https:\/\/www.facebook.com\/motopawmar\/?locale=pl_PL","article_modified_time":"2025-12-12T12:25:55+00:00","og_image":[{"width":800,"height":800,"url":"https:\/\/moto-pawmar.pl\/wp-content\/uploads\/2025\/12\/323891_ZAL790384.jpg","type":"image\/jpeg"}],"twitter_card":"summary_large_image","twitter_misc":{"Szacowany czas czytania":"2 minuty"},"schema":{"@context":"https:\/\/schema.org","@graph":[{"@type":"WebPage","@id":"https:\/\/moto-pawmar.pl\/?product=buty-motocyklowe-rebelhorn-defender-x-black","url":"https:\/\/moto-pawmar.pl\/?product=buty-motocyklowe-rebelhorn-defender-x-black","name":"Buty motocyklowe Rebelhorn Defender X Black - MOTO-PAWMAR","isPartOf":{"@id":"https:\/\/moto-pawmar.pl\/#website"},"primaryImageOfPage":{"@id":"https:\/\/moto-pawmar.pl\/?product=buty-motocyklowe-rebelhorn-defender-x-black#primaryimage"},"image":{"@id":"https:\/\/moto-pawmar.pl\/?product=buty-motocyklowe-rebelhorn-defender-x-black#primaryimage"},"thumbnailUrl":"https:\/\/moto-pawmar.pl\/wp-content\/uploads\/2025\/12\/323891_ZAL790384.jpg","datePublished":"2025-12-12T12:24:18+00:00","dateModified":"2025-12-12T12:25:55+00:00","breadcrumb":{"@id":"https:\/\/moto-pawmar.pl\/?product=buty-motocyklowe-rebelhorn-defender-x-black#breadcrumb"},"inLanguage":"pl-PL","potentialAction":[{"@type":"ReadAction","target":["https:\/\/moto-pawmar.pl\/?product=buty-motocyklowe-rebelhorn-defender-x-black"]}]},{"@type":"ImageObject","inLanguage":"pl-PL","@id":"https:\/\/moto-pawmar.pl\/?product=buty-motocyklowe-rebelhorn-defender-x-black#primaryimage","url":"https:\/\/moto-pawmar.pl\/wp-content\/uploads\/2025\/12\/323891_ZAL790384.jpg","contentUrl":"https:\/\/moto-pawmar.pl\/wp-content\/uploads\/2025\/12\/323891_ZAL790384.jpg","width":800,"height":800},{"@type":"BreadcrumbList","@id":"https:\/\/moto-pawmar.pl\/?product=buty-motocyklowe-rebelhorn-defender-x-black#breadcrumb","itemListElement":[{"@type":"ListItem","position":1,"name":"Strona g\u0142\u00f3wna","item":"https:\/\/moto-pawmar.pl\/"},{"@type":"ListItem","position":2,"name":"Sklep Internetowy","item":"https:\/\/moto-pawmar.pl\/?page_id=367"},{"@type":"ListItem","position":3,"name":"Buty motocyklowe Rebelhorn Defender X Black"}]},{"@type":"WebSite","@id":"https:\/\/moto-pawmar.pl\/#website","url":"https:\/\/moto-pawmar.pl\/","name":"MOTO-PAWMAR","description":"MOTO\u2011PAWMAR \u2013 Tw\u00f3j sklep z cz\u0119\u015bciami i akcesoriami do motocykli, skuter\u00f3w i quad\u00f3w.","publisher":{"@id":"https:\/\/moto-pawmar.pl\/#organization"},"potentialAction":[{"@type":"SearchAction","target":{"@type":"EntryPoint","urlTemplate":"https:\/\/moto-pawmar.pl\/?s={search_term_string}"},"query-input":{"@type":"PropertyValueSpecification","valueRequired":true,"valueName":"search_term_string"}}],"inLanguage":"pl-PL"},{"@type":"Organization","@id":"https:\/\/moto-pawmar.pl\/#organization","name":"MOTO-PAWMAR","url":"https:\/\/moto-pawmar.pl\/","logo":{"@type":"ImageObject","inLanguage":"pl-PL","@id":"https:\/\/moto-pawmar.pl\/#\/schema\/logo\/image\/","url":"https:\/\/moto-pawmar.pl\/wp-content\/uploads\/2025\/10\/LOGO-SKLEP.png","contentUrl":"https:\/\/moto-pawmar.pl\/wp-content\/uploads\/2025\/10\/LOGO-SKLEP.png","width":2480,"height":2053,"caption":"MOTO-PAWMAR"},"image":{"@id":"https:\/\/moto-pawmar.pl\/#\/schema\/logo\/image\/"},"sameAs":["https:\/\/www.facebook.com\/motopawmar\/?locale=pl_PL"]}]}},"_links":{"self":[{"href":"https:\/\/moto-pawmar.pl\/index.php?rest_route=\/wp\/v2\/product\/6610","targetHints":{"allow":["GET"]}}],"collection":[{"href":"https:\/\/moto-pawmar.pl\/index.php?rest_route=\/wp\/v2\/product"}],"about":[{"href":"https:\/\/moto-pawmar.pl\/index.php?rest_route=\/wp\/v2\/types\/product"}],"wp:featuredmedia":[{"embeddable":true,"href":"https:\/\/moto-pawmar.pl\/index.php?rest_route=\/wp\/v2\/media\/6623"}],"wp:attachment":[{"href":"https:\/\/moto-pawmar.pl\/index.php?rest_route=%2Fwp%2Fv2%2Fmedia&parent=6610"}],"wp:term":[{"taxonomy":"product_brand","embeddable":true,"href":"https:\/\/moto-pawmar.pl\/index.php?rest_route=%2Fwp%2Fv2%2Fproduct_brand&post=6610"},{"taxonomy":"product_cat","embeddable":true,"href":"https:\/\/moto-pawmar.pl\/index.php?rest_route=%2Fwp%2Fv2%2Fproduct_cat&post=6610"},{"taxonomy":"product_tag","embeddable":true,"href":"https:\/\/moto-pawmar.pl\/index.php?rest_route=%2Fwp%2Fv2%2Fproduct_tag&post=6610"}],"curies":[{"name":"wp","href":"https:\/\/api.w.org\/{rel}","templated":true}]}}