{"id":6422,"date":"2025-12-12T12:54:52","date_gmt":"2025-12-12T11:54:52","guid":{"rendered":"https:\/\/moto-pawmar.pl\/?post_type=product&#038;p=6422"},"modified":"2025-12-12T12:58:00","modified_gmt":"2025-12-12T11:58:00","slug":"rekawice-motocyklowe-rebelhorn-tracer-wp-black","status":"publish","type":"product","link":"https:\/\/moto-pawmar.pl\/?product=rekawice-motocyklowe-rebelhorn-tracer-wp-black","title":{"rendered":"R\u0119kawice motocyklowe Rebelhorn Tracer Wp Black"},"content":{"rendered":"<p><strong>Wodoodporne r\u0119kawice motocyklowe Rebelhorn Tracer WP<\/strong>\u00a0s\u0105 przeznaczone dla mi\u0142o\u015bnik\u00f3w turystyki motocyklowej, poszukuj\u0105cych lekkich i funkcjonalnych akcesori\u00f3w. Posiadaj\u0105 ergonomicznie zaprojektowan\u0105 wycieraczk\u0119 wizjera, kt\u00f3ra wraz z wodoodporn\u0105 membran\u0105 HydraShield<sup>TM<\/sup>\u00a0zapewnia komfort jazdy w deszczowych warunkach. Za bezpiecze\u0144stwo odpowiadaj\u0105 twarde ochraniacze kostek oraz pianki i wzmocnienia na d\u0142oni oraz na mankietach. Dodatkowo, r\u0119kawice Tracer WP zosta\u0142y wyposa\u017cone we wstawki ze sk\u00f3ry AX Conductive, dzi\u0119ki kt\u00f3rej idealnie nadaj\u0105 si\u0119 do obs\u0142ugi urz\u0105dze\u0144 dotykowych, zapewniaj\u0105c wygod\u0119 i funkcjonalno\u015b\u0107 w ka\u017cdych warunkach.<\/p>\n<p><em>Przeznaczenie<\/em>: Tour<\/p>\n<p><strong>Warstwy<\/strong>:<\/p>\n<ul>\n<li><em>Warstwa zewn\u0119trzna<\/em>: Sk\u00f3ra kozia, Polyester, Sk\u00f3ra AX Conductive<\/li>\n<li><em>Membrana<\/em>: Wodoodporna, oddychaj\u0105ca HydraShield<sup>TM\u00a0<\/sup>o w\u0142a\u015bciwo\u015bciach wodoodpornych na poziomie 18000 mmH20 i przepuszczalno\u015bci powietrza na poziomie 7600 g\/m2\/24h.<\/li>\n<\/ul>\n<p><strong>Bezpiecze\u0144stwo<\/strong>:<\/p>\n<ul>\n<li>Twardy ochraniacz kostek<\/li>\n<li>Pianki oraz wzmocnienia mankietu i dolnej cz\u0119\u015bci d\u0142oni<\/li>\n<li>Poziom ochrony 1 KP<\/li>\n<\/ul>\n<p><strong>Dopasowanie<\/strong>:<\/p>\n<ul>\n<li>\u0141atwy w obs\u0142udze pasek na nadgarstku<\/li>\n<li>Wygodne zapi\u0119cie mankietu<\/li>\n<\/ul>\n<p><strong>Dodatkowe Cechy<\/strong>:<\/p>\n<ul>\n<li>Wstawki z materia\u0142u AX Suede Conductive dla obs\u0142ugi ekran\u00f3w dotykowych<\/li>\n<li>Mi\u0119kka, komfortowa wy\u015bci\u00f3\u0142ka<\/li>\n<li>Wycieraczka na kciuku lewej d\u0142oni<\/li>\n<\/ul>\n","protected":false},"excerpt":{"rendered":"<p>Wodoodporne r\u0119kawice motocyklowe Rebelhorn Tracer WP\u00a0s\u0105 przeznaczone dla mi\u0142o\u015bnik\u00f3w turystyki motocyklowej, poszukuj\u0105cych lekkich i funkcjonalnych akcesori\u00f3w. Posiadaj\u0105 ergonomicznie zaprojektowan\u0105 wycieraczk\u0119 wizjera, kt\u00f3ra wraz z wodoodporn\u0105 membran\u0105 HydraShieldTM\u00a0zapewnia komfort jazdy w deszczowych warunkach. Za bezpiecze\u0144stwo odpowiadaj\u0105 twarde ochraniacze kostek oraz pianki i wzmocnienia na d\u0142oni oraz na mankietach. Dodatkowo, r\u0119kawice Tracer WP zosta\u0142y wyposa\u017cone we wstawki [&hellip;]<\/p>\n","protected":false},"featured_media":6432,"template":"","meta":[],"product_brand":[377],"product_cat":[281,293],"product_tag":[],"class_list":{"0":"post-6422","1":"product","2":"type-product","3":"status-publish","4":"has-post-thumbnail","6":"product_brand-rebelhorn","7":"product_cat-rekawice-meska","8":"product_cat-rekawice-turystyczne","10":"first","11":"instock","12":"taxable","13":"shipping-taxable","14":"purchasable","15":"product-type-variable"},"yoast_head":"<!-- This site is optimized with the Yoast SEO plugin v26.9 - https:\/\/yoast.com\/product\/yoast-seo-wordpress\/ -->\n<title>R\u0119kawice motocyklowe Rebelhorn Tracer Wp Black - MOTO-PAWMAR<\/title>\n<meta name=\"robots\" content=\"index, follow, max-snippet:-1, max-image-preview:large, max-video-preview:-1\" \/>\n<link rel=\"canonical\" href=\"https:\/\/moto-pawmar.pl\/?product=rekawice-motocyklowe-rebelhorn-tracer-wp-black\" \/>\n<meta property=\"og:locale\" content=\"pl_PL\" \/>\n<meta property=\"og:type\" content=\"article\" \/>\n<meta property=\"og:title\" content=\"R\u0119kawice motocyklowe Rebelhorn Tracer Wp Black - MOTO-PAWMAR\" \/>\n<meta property=\"og:description\" content=\"Wodoodporne r\u0119kawice motocyklowe Rebelhorn Tracer WP\u00a0s\u0105 przeznaczone dla mi\u0142o\u015bnik\u00f3w turystyki motocyklowej, poszukuj\u0105cych lekkich i funkcjonalnych akcesori\u00f3w. Posiadaj\u0105 ergonomicznie zaprojektowan\u0105 wycieraczk\u0119 wizjera, kt\u00f3ra wraz z wodoodporn\u0105 membran\u0105 HydraShieldTM\u00a0zapewnia komfort jazdy w deszczowych warunkach. Za bezpiecze\u0144stwo odpowiadaj\u0105 twarde ochraniacze kostek oraz pianki i wzmocnienia na d\u0142oni oraz na mankietach. Dodatkowo, r\u0119kawice Tracer WP zosta\u0142y wyposa\u017cone we wstawki [&hellip;]\" \/>\n<meta property=\"og:url\" content=\"https:\/\/moto-pawmar.pl\/?product=rekawice-motocyklowe-rebelhorn-tracer-wp-black\" \/>\n<meta property=\"og:site_name\" content=\"MOTO-PAWMAR\" \/>\n<meta property=\"article:publisher\" content=\"https:\/\/www.facebook.com\/motopawmar\/?locale=pl_PL\" \/>\n<meta property=\"article:modified_time\" content=\"2025-12-12T11:58:00+00:00\" \/>\n<meta property=\"og:image\" content=\"https:\/\/moto-pawmar.pl\/wp-content\/uploads\/2025\/12\/294054_ZAL706147.jpg\" \/>\n\t<meta property=\"og:image:width\" content=\"800\" \/>\n\t<meta property=\"og:image:height\" content=\"800\" \/>\n\t<meta property=\"og:image:type\" content=\"image\/jpeg\" \/>\n<meta name=\"twitter:card\" content=\"summary_large_image\" \/>\n<meta name=\"twitter:label1\" content=\"Szacowany czas czytania\" \/>\n\t<meta name=\"twitter:data1\" content=\"1 minuta\" \/>\n<script type=\"application\/ld+json\" class=\"yoast-schema-graph\">{\"@context\":\"https:\/\/schema.org\",\"@graph\":[{\"@type\":\"WebPage\",\"@id\":\"https:\/\/moto-pawmar.pl\/?product=rekawice-motocyklowe-rebelhorn-tracer-wp-black\",\"url\":\"https:\/\/moto-pawmar.pl\/?product=rekawice-motocyklowe-rebelhorn-tracer-wp-black\",\"name\":\"R\u0119kawice motocyklowe Rebelhorn Tracer Wp Black - MOTO-PAWMAR\",\"isPartOf\":{\"@id\":\"https:\/\/moto-pawmar.pl\/#website\"},\"primaryImageOfPage\":{\"@id\":\"https:\/\/moto-pawmar.pl\/?product=rekawice-motocyklowe-rebelhorn-tracer-wp-black#primaryimage\"},\"image\":{\"@id\":\"https:\/\/moto-pawmar.pl\/?product=rekawice-motocyklowe-rebelhorn-tracer-wp-black#primaryimage\"},\"thumbnailUrl\":\"https:\/\/moto-pawmar.pl\/wp-content\/uploads\/2025\/12\/294054_ZAL706147.jpg\",\"datePublished\":\"2025-12-12T11:54:52+00:00\",\"dateModified\":\"2025-12-12T11:58:00+00:00\",\"breadcrumb\":{\"@id\":\"https:\/\/moto-pawmar.pl\/?product=rekawice-motocyklowe-rebelhorn-tracer-wp-black#breadcrumb\"},\"inLanguage\":\"pl-PL\",\"potentialAction\":[{\"@type\":\"ReadAction\",\"target\":[\"https:\/\/moto-pawmar.pl\/?product=rekawice-motocyklowe-rebelhorn-tracer-wp-black\"]}]},{\"@type\":\"ImageObject\",\"inLanguage\":\"pl-PL\",\"@id\":\"https:\/\/moto-pawmar.pl\/?product=rekawice-motocyklowe-rebelhorn-tracer-wp-black#primaryimage\",\"url\":\"https:\/\/moto-pawmar.pl\/wp-content\/uploads\/2025\/12\/294054_ZAL706147.jpg\",\"contentUrl\":\"https:\/\/moto-pawmar.pl\/wp-content\/uploads\/2025\/12\/294054_ZAL706147.jpg\",\"width\":800,\"height\":800},{\"@type\":\"BreadcrumbList\",\"@id\":\"https:\/\/moto-pawmar.pl\/?product=rekawice-motocyklowe-rebelhorn-tracer-wp-black#breadcrumb\",\"itemListElement\":[{\"@type\":\"ListItem\",\"position\":1,\"name\":\"Strona g\u0142\u00f3wna\",\"item\":\"https:\/\/moto-pawmar.pl\/\"},{\"@type\":\"ListItem\",\"position\":2,\"name\":\"Sklep Internetowy\",\"item\":\"https:\/\/moto-pawmar.pl\/?page_id=367\"},{\"@type\":\"ListItem\",\"position\":3,\"name\":\"R\u0119kawice motocyklowe Rebelhorn Tracer Wp Black\"}]},{\"@type\":\"WebSite\",\"@id\":\"https:\/\/moto-pawmar.pl\/#website\",\"url\":\"https:\/\/moto-pawmar.pl\/\",\"name\":\"MOTO-PAWMAR\",\"description\":\"MOTO\u2011PAWMAR \u2013 Tw\u00f3j sklep z cz\u0119\u015bciami i akcesoriami do motocykli, skuter\u00f3w i quad\u00f3w.\",\"publisher\":{\"@id\":\"https:\/\/moto-pawmar.pl\/#organization\"},\"potentialAction\":[{\"@type\":\"SearchAction\",\"target\":{\"@type\":\"EntryPoint\",\"urlTemplate\":\"https:\/\/moto-pawmar.pl\/?s={search_term_string}\"},\"query-input\":{\"@type\":\"PropertyValueSpecification\",\"valueRequired\":true,\"valueName\":\"search_term_string\"}}],\"inLanguage\":\"pl-PL\"},{\"@type\":\"Organization\",\"@id\":\"https:\/\/moto-pawmar.pl\/#organization\",\"name\":\"MOTO-PAWMAR\",\"url\":\"https:\/\/moto-pawmar.pl\/\",\"logo\":{\"@type\":\"ImageObject\",\"inLanguage\":\"pl-PL\",\"@id\":\"https:\/\/moto-pawmar.pl\/#\/schema\/logo\/image\/\",\"url\":\"https:\/\/moto-pawmar.pl\/wp-content\/uploads\/2025\/10\/LOGO-SKLEP.png\",\"contentUrl\":\"https:\/\/moto-pawmar.pl\/wp-content\/uploads\/2025\/10\/LOGO-SKLEP.png\",\"width\":2480,\"height\":2053,\"caption\":\"MOTO-PAWMAR\"},\"image\":{\"@id\":\"https:\/\/moto-pawmar.pl\/#\/schema\/logo\/image\/\"},\"sameAs\":[\"https:\/\/www.facebook.com\/motopawmar\/?locale=pl_PL\"]}]}<\/script>\n<!-- \/ Yoast SEO plugin. -->","yoast_head_json":{"title":"R\u0119kawice motocyklowe Rebelhorn Tracer Wp Black - MOTO-PAWMAR","robots":{"index":"index","follow":"follow","max-snippet":"max-snippet:-1","max-image-preview":"max-image-preview:large","max-video-preview":"max-video-preview:-1"},"canonical":"https:\/\/moto-pawmar.pl\/?product=rekawice-motocyklowe-rebelhorn-tracer-wp-black","og_locale":"pl_PL","og_type":"article","og_title":"R\u0119kawice motocyklowe Rebelhorn Tracer Wp Black - MOTO-PAWMAR","og_description":"Wodoodporne r\u0119kawice motocyklowe Rebelhorn Tracer WP\u00a0s\u0105 przeznaczone dla mi\u0142o\u015bnik\u00f3w turystyki motocyklowej, poszukuj\u0105cych lekkich i funkcjonalnych akcesori\u00f3w. Posiadaj\u0105 ergonomicznie zaprojektowan\u0105 wycieraczk\u0119 wizjera, kt\u00f3ra wraz z wodoodporn\u0105 membran\u0105 HydraShieldTM\u00a0zapewnia komfort jazdy w deszczowych warunkach. Za bezpiecze\u0144stwo odpowiadaj\u0105 twarde ochraniacze kostek oraz pianki i wzmocnienia na d\u0142oni oraz na mankietach. Dodatkowo, r\u0119kawice Tracer WP zosta\u0142y wyposa\u017cone we wstawki [&hellip;]","og_url":"https:\/\/moto-pawmar.pl\/?product=rekawice-motocyklowe-rebelhorn-tracer-wp-black","og_site_name":"MOTO-PAWMAR","article_publisher":"https:\/\/www.facebook.com\/motopawmar\/?locale=pl_PL","article_modified_time":"2025-12-12T11:58:00+00:00","og_image":[{"width":800,"height":800,"url":"https:\/\/moto-pawmar.pl\/wp-content\/uploads\/2025\/12\/294054_ZAL706147.jpg","type":"image\/jpeg"}],"twitter_card":"summary_large_image","twitter_misc":{"Szacowany czas czytania":"1 minuta"},"schema":{"@context":"https:\/\/schema.org","@graph":[{"@type":"WebPage","@id":"https:\/\/moto-pawmar.pl\/?product=rekawice-motocyklowe-rebelhorn-tracer-wp-black","url":"https:\/\/moto-pawmar.pl\/?product=rekawice-motocyklowe-rebelhorn-tracer-wp-black","name":"R\u0119kawice motocyklowe Rebelhorn Tracer Wp Black - MOTO-PAWMAR","isPartOf":{"@id":"https:\/\/moto-pawmar.pl\/#website"},"primaryImageOfPage":{"@id":"https:\/\/moto-pawmar.pl\/?product=rekawice-motocyklowe-rebelhorn-tracer-wp-black#primaryimage"},"image":{"@id":"https:\/\/moto-pawmar.pl\/?product=rekawice-motocyklowe-rebelhorn-tracer-wp-black#primaryimage"},"thumbnailUrl":"https:\/\/moto-pawmar.pl\/wp-content\/uploads\/2025\/12\/294054_ZAL706147.jpg","datePublished":"2025-12-12T11:54:52+00:00","dateModified":"2025-12-12T11:58:00+00:00","breadcrumb":{"@id":"https:\/\/moto-pawmar.pl\/?product=rekawice-motocyklowe-rebelhorn-tracer-wp-black#breadcrumb"},"inLanguage":"pl-PL","potentialAction":[{"@type":"ReadAction","target":["https:\/\/moto-pawmar.pl\/?product=rekawice-motocyklowe-rebelhorn-tracer-wp-black"]}]},{"@type":"ImageObject","inLanguage":"pl-PL","@id":"https:\/\/moto-pawmar.pl\/?product=rekawice-motocyklowe-rebelhorn-tracer-wp-black#primaryimage","url":"https:\/\/moto-pawmar.pl\/wp-content\/uploads\/2025\/12\/294054_ZAL706147.jpg","contentUrl":"https:\/\/moto-pawmar.pl\/wp-content\/uploads\/2025\/12\/294054_ZAL706147.jpg","width":800,"height":800},{"@type":"BreadcrumbList","@id":"https:\/\/moto-pawmar.pl\/?product=rekawice-motocyklowe-rebelhorn-tracer-wp-black#breadcrumb","itemListElement":[{"@type":"ListItem","position":1,"name":"Strona g\u0142\u00f3wna","item":"https:\/\/moto-pawmar.pl\/"},{"@type":"ListItem","position":2,"name":"Sklep Internetowy","item":"https:\/\/moto-pawmar.pl\/?page_id=367"},{"@type":"ListItem","position":3,"name":"R\u0119kawice motocyklowe Rebelhorn Tracer Wp Black"}]},{"@type":"WebSite","@id":"https:\/\/moto-pawmar.pl\/#website","url":"https:\/\/moto-pawmar.pl\/","name":"MOTO-PAWMAR","description":"MOTO\u2011PAWMAR \u2013 Tw\u00f3j sklep z cz\u0119\u015bciami i akcesoriami do motocykli, skuter\u00f3w i quad\u00f3w.","publisher":{"@id":"https:\/\/moto-pawmar.pl\/#organization"},"potentialAction":[{"@type":"SearchAction","target":{"@type":"EntryPoint","urlTemplate":"https:\/\/moto-pawmar.pl\/?s={search_term_string}"},"query-input":{"@type":"PropertyValueSpecification","valueRequired":true,"valueName":"search_term_string"}}],"inLanguage":"pl-PL"},{"@type":"Organization","@id":"https:\/\/moto-pawmar.pl\/#organization","name":"MOTO-PAWMAR","url":"https:\/\/moto-pawmar.pl\/","logo":{"@type":"ImageObject","inLanguage":"pl-PL","@id":"https:\/\/moto-pawmar.pl\/#\/schema\/logo\/image\/","url":"https:\/\/moto-pawmar.pl\/wp-content\/uploads\/2025\/10\/LOGO-SKLEP.png","contentUrl":"https:\/\/moto-pawmar.pl\/wp-content\/uploads\/2025\/10\/LOGO-SKLEP.png","width":2480,"height":2053,"caption":"MOTO-PAWMAR"},"image":{"@id":"https:\/\/moto-pawmar.pl\/#\/schema\/logo\/image\/"},"sameAs":["https:\/\/www.facebook.com\/motopawmar\/?locale=pl_PL"]}]}},"_links":{"self":[{"href":"https:\/\/moto-pawmar.pl\/index.php?rest_route=\/wp\/v2\/product\/6422","targetHints":{"allow":["GET"]}}],"collection":[{"href":"https:\/\/moto-pawmar.pl\/index.php?rest_route=\/wp\/v2\/product"}],"about":[{"href":"https:\/\/moto-pawmar.pl\/index.php?rest_route=\/wp\/v2\/types\/product"}],"wp:featuredmedia":[{"embeddable":true,"href":"https:\/\/moto-pawmar.pl\/index.php?rest_route=\/wp\/v2\/media\/6432"}],"wp:attachment":[{"href":"https:\/\/moto-pawmar.pl\/index.php?rest_route=%2Fwp%2Fv2%2Fmedia&parent=6422"}],"wp:term":[{"taxonomy":"product_brand","embeddable":true,"href":"https:\/\/moto-pawmar.pl\/index.php?rest_route=%2Fwp%2Fv2%2Fproduct_brand&post=6422"},{"taxonomy":"product_cat","embeddable":true,"href":"https:\/\/moto-pawmar.pl\/index.php?rest_route=%2Fwp%2Fv2%2Fproduct_cat&post=6422"},{"taxonomy":"product_tag","embeddable":true,"href":"https:\/\/moto-pawmar.pl\/index.php?rest_route=%2Fwp%2Fv2%2Fproduct_tag&post=6422"}],"curies":[{"name":"wp","href":"https:\/\/api.w.org\/{rel}","templated":true}]}}