{"id":6360,"date":"2025-12-12T12:39:18","date_gmt":"2025-12-12T11:39:18","guid":{"rendered":"https:\/\/moto-pawmar.pl\/?post_type=product&#038;p=6360"},"modified":"2025-12-12T12:40:19","modified_gmt":"2025-12-12T11:40:19","slug":"rekawice-motocyklowe-rebelhorn-core-lady-black","status":"publish","type":"product","link":"https:\/\/moto-pawmar.pl\/?product=rekawice-motocyklowe-rebelhorn-core-lady-black","title":{"rendered":"R\u0119kawice motocyklowe Rebelhorn Core LADY Black"},"content":{"rendered":"<p><strong>Rebelhorn Core<\/strong>\u00a0\u2013 Uniwersalne, letnie r\u0119kawice motocyklowe, kt\u00f3re s\u0105 lekkie, przewiewne i ergonomiczne. Rebelhorn Core to model zaprojektowany w technologii 3DErgoGrip, kt\u00f3ry gwarantuje\u00a0<strong>doskona\u0142e dopasowanie i komfort\u00a0<\/strong>nawet podczas d\u0142ugich, gor\u0105cych dni w siodle. Przewiewna konstrukcja z 3D meshu i nylonu zapewnia maksymaln\u0105 cyrkulacj\u0119 powietrza, a strategiczne wzmocnienia i ochraniacz kostek z Impactonu gwarantuje bezpiecze\u0144stwo w ruchu miejskim i poza nim.<\/p>\n<p>&nbsp;<\/p>\n<p><strong>Dlaczego warto?<\/strong><\/p>\n<p>&#8211; Lekka i przewiewna \u2013 idealna na lato i gor\u0105ce dni sezonu.<\/p>\n<p>&#8211; 3DErgoGrip \u2013 technologia projektowania 3D dla maksymalnej ergonomii.<\/p>\n<p>&#8211; Ochraniacz kostek Impacton i wzmocnienia newralgicznych stref.<\/p>\n<p>&#8211; Obs\u0142uga ekran\u00f3w dotykowych \u2013 bez zdejmowania r\u0119kawicy.<\/p>\n<p>&#8211; \u015awietne jako r\u0119kawice zapasowe do kufra \u2013 gotowe na ka\u017cdy wypad.<\/p>\n<p><strong>Warstwy i materia\u0142y<\/strong><\/p>\n<p><em>Warstwa zewn\u0119trzna:<\/em>\u00a0Nylon \u2013 52%, Sk\u00f3ra kozia \u2013 9%, PU \u2013 37%, Guma \u2013 2%<\/p>\n<p><em>Podszewka:<\/em>\u00a0100% Poliester<\/p>\n<p><strong>Bezpiecze\u0144stwo<\/strong><\/p>\n<p>&#8211; Ochraniacz kostek Impacton.<\/p>\n<p>&#8211; Wzmocniony sp\u00f3d d\u0142oni.<\/p>\n<p>&#8211; Certyfikowana zgodnie z EN 13594:2015 \u2013\u00a0<strong>poziom ochrony 1 KP<\/strong>.<\/p>\n<p><strong>Wentylacja<\/strong><\/p>\n<p>&#8211; Przewiewna warstwa wierzchnia wykonana z lekkiego nylonu.<\/p>\n<p>&#8211; Konstrukcja zoptymalizowana pod k\u0105tem cyrkulacji powietrza \u2013 idealna na upa\u0142y.<\/p>\n<p><strong>Dopasowanie i ergonomia<\/strong><\/p>\n<p>&#8211; Konstrukcja 3DErgoGrip \u2013 stworzona z u\u017cyciem projektowania 3D, dla maksymalnego komfortu i dopasowania.<\/p>\n<p>&#8211; Ergonomiczny uk\u0142ad szw\u00f3w \u2013 przeniesiony ze stref mog\u0105cych powodowa\u0107 dyskomfort.<\/p>\n<p><strong>Dodatki i funkcjonalno\u015bci<\/strong><\/p>\n<p>&#8211; Connect+ \u2013 panele umo\u017cliwiaj\u0105ce obs\u0142ug\u0119 ekran\u00f3w dotykowych.<\/p>\n<p>&#8211; Pullery \u2013 u\u0142atwiaj\u0105 zak\u0142adanie r\u0119kawicy.<\/p>\n<p><strong>Dla kogo s\u0105 r\u0119kawice Core?<\/strong><\/p>\n<p>Dla motocyklisty, kt\u00f3ry szuka lekkich, wygodnych i praktycznych r\u0119kawic na lato. Rebelhorn Core to \u015bwietny wyb\u00f3r do codziennej jazdy po mie\u015bcie, na letnie wypady za miasto i jako dodatkowa para r\u0119kawic, kt\u00f3r\u0105 warto zabra\u0107 ze sob\u0105 w dalsz\u0105 podr\u00f3\u017c<\/p>\n","protected":false},"excerpt":{"rendered":"<p>Rebelhorn Core\u00a0\u2013 Uniwersalne, letnie r\u0119kawice motocyklowe, kt\u00f3re s\u0105 lekkie, przewiewne i ergonomiczne. Rebelhorn Core to model zaprojektowany w technologii 3DErgoGrip, kt\u00f3ry gwarantuje\u00a0doskona\u0142e dopasowanie i komfort\u00a0nawet podczas d\u0142ugich, gor\u0105cych dni w siodle. Przewiewna konstrukcja z 3D meshu i nylonu zapewnia maksymaln\u0105 cyrkulacj\u0119 powietrza, a strategiczne wzmocnienia i ochraniacz kostek z Impactonu gwarantuje bezpiecze\u0144stwo w ruchu miejskim [&hellip;]<\/p>\n","protected":false},"featured_media":6368,"template":"","meta":[],"product_brand":[377],"product_cat":[292,281],"product_tag":[],"class_list":{"0":"post-6360","1":"product","2":"type-product","3":"status-publish","4":"has-post-thumbnail","6":"product_brand-rebelhorn","7":"product_cat-rekawice-krotkie-letnie-meska","8":"product_cat-rekawice-meska","10":"first","11":"instock","12":"taxable","13":"shipping-taxable","14":"purchasable","15":"product-type-variable"},"yoast_head":"<!-- This site is optimized with the Yoast SEO plugin v26.9 - https:\/\/yoast.com\/product\/yoast-seo-wordpress\/ -->\n<title>R\u0119kawice motocyklowe Rebelhorn Core LADY Black - MOTO-PAWMAR<\/title>\n<meta name=\"robots\" content=\"index, follow, max-snippet:-1, max-image-preview:large, max-video-preview:-1\" \/>\n<link rel=\"canonical\" href=\"https:\/\/moto-pawmar.pl\/?product=rekawice-motocyklowe-rebelhorn-core-lady-black\" \/>\n<meta property=\"og:locale\" content=\"pl_PL\" \/>\n<meta property=\"og:type\" content=\"article\" \/>\n<meta property=\"og:title\" content=\"R\u0119kawice motocyklowe Rebelhorn Core LADY Black - MOTO-PAWMAR\" \/>\n<meta property=\"og:description\" content=\"Rebelhorn Core\u00a0\u2013 Uniwersalne, letnie r\u0119kawice motocyklowe, kt\u00f3re s\u0105 lekkie, przewiewne i ergonomiczne. Rebelhorn Core to model zaprojektowany w technologii 3DErgoGrip, kt\u00f3ry gwarantuje\u00a0doskona\u0142e dopasowanie i komfort\u00a0nawet podczas d\u0142ugich, gor\u0105cych dni w siodle. Przewiewna konstrukcja z 3D meshu i nylonu zapewnia maksymaln\u0105 cyrkulacj\u0119 powietrza, a strategiczne wzmocnienia i ochraniacz kostek z Impactonu gwarantuje bezpiecze\u0144stwo w ruchu miejskim [&hellip;]\" \/>\n<meta property=\"og:url\" content=\"https:\/\/moto-pawmar.pl\/?product=rekawice-motocyklowe-rebelhorn-core-lady-black\" \/>\n<meta property=\"og:site_name\" content=\"MOTO-PAWMAR\" \/>\n<meta property=\"article:publisher\" content=\"https:\/\/www.facebook.com\/motopawmar\/?locale=pl_PL\" \/>\n<meta property=\"article:modified_time\" content=\"2025-12-12T11:40:19+00:00\" \/>\n<meta property=\"og:image\" content=\"https:\/\/moto-pawmar.pl\/wp-content\/uploads\/2025\/12\/349338_ZAL842402.jpg\" \/>\n\t<meta property=\"og:image:width\" content=\"800\" \/>\n\t<meta property=\"og:image:height\" content=\"800\" \/>\n\t<meta property=\"og:image:type\" content=\"image\/jpeg\" \/>\n<meta name=\"twitter:card\" content=\"summary_large_image\" \/>\n<meta name=\"twitter:label1\" content=\"Szacowany czas czytania\" \/>\n\t<meta name=\"twitter:data1\" content=\"1 minuta\" \/>\n<script type=\"application\/ld+json\" class=\"yoast-schema-graph\">{\"@context\":\"https:\/\/schema.org\",\"@graph\":[{\"@type\":\"WebPage\",\"@id\":\"https:\/\/moto-pawmar.pl\/?product=rekawice-motocyklowe-rebelhorn-core-lady-black\",\"url\":\"https:\/\/moto-pawmar.pl\/?product=rekawice-motocyklowe-rebelhorn-core-lady-black\",\"name\":\"R\u0119kawice motocyklowe Rebelhorn Core LADY Black - MOTO-PAWMAR\",\"isPartOf\":{\"@id\":\"https:\/\/moto-pawmar.pl\/#website\"},\"primaryImageOfPage\":{\"@id\":\"https:\/\/moto-pawmar.pl\/?product=rekawice-motocyklowe-rebelhorn-core-lady-black#primaryimage\"},\"image\":{\"@id\":\"https:\/\/moto-pawmar.pl\/?product=rekawice-motocyklowe-rebelhorn-core-lady-black#primaryimage\"},\"thumbnailUrl\":\"https:\/\/moto-pawmar.pl\/wp-content\/uploads\/2025\/12\/349338_ZAL842402.jpg\",\"datePublished\":\"2025-12-12T11:39:18+00:00\",\"dateModified\":\"2025-12-12T11:40:19+00:00\",\"breadcrumb\":{\"@id\":\"https:\/\/moto-pawmar.pl\/?product=rekawice-motocyklowe-rebelhorn-core-lady-black#breadcrumb\"},\"inLanguage\":\"pl-PL\",\"potentialAction\":[{\"@type\":\"ReadAction\",\"target\":[\"https:\/\/moto-pawmar.pl\/?product=rekawice-motocyklowe-rebelhorn-core-lady-black\"]}]},{\"@type\":\"ImageObject\",\"inLanguage\":\"pl-PL\",\"@id\":\"https:\/\/moto-pawmar.pl\/?product=rekawice-motocyklowe-rebelhorn-core-lady-black#primaryimage\",\"url\":\"https:\/\/moto-pawmar.pl\/wp-content\/uploads\/2025\/12\/349338_ZAL842402.jpg\",\"contentUrl\":\"https:\/\/moto-pawmar.pl\/wp-content\/uploads\/2025\/12\/349338_ZAL842402.jpg\",\"width\":800,\"height\":800},{\"@type\":\"BreadcrumbList\",\"@id\":\"https:\/\/moto-pawmar.pl\/?product=rekawice-motocyklowe-rebelhorn-core-lady-black#breadcrumb\",\"itemListElement\":[{\"@type\":\"ListItem\",\"position\":1,\"name\":\"Strona g\u0142\u00f3wna\",\"item\":\"https:\/\/moto-pawmar.pl\/\"},{\"@type\":\"ListItem\",\"position\":2,\"name\":\"Sklep Internetowy\",\"item\":\"https:\/\/moto-pawmar.pl\/?page_id=367\"},{\"@type\":\"ListItem\",\"position\":3,\"name\":\"R\u0119kawice motocyklowe Rebelhorn Core LADY Black\"}]},{\"@type\":\"WebSite\",\"@id\":\"https:\/\/moto-pawmar.pl\/#website\",\"url\":\"https:\/\/moto-pawmar.pl\/\",\"name\":\"MOTO-PAWMAR\",\"description\":\"MOTO\u2011PAWMAR \u2013 Tw\u00f3j sklep z cz\u0119\u015bciami i akcesoriami do motocykli, skuter\u00f3w i quad\u00f3w.\",\"publisher\":{\"@id\":\"https:\/\/moto-pawmar.pl\/#organization\"},\"potentialAction\":[{\"@type\":\"SearchAction\",\"target\":{\"@type\":\"EntryPoint\",\"urlTemplate\":\"https:\/\/moto-pawmar.pl\/?s={search_term_string}\"},\"query-input\":{\"@type\":\"PropertyValueSpecification\",\"valueRequired\":true,\"valueName\":\"search_term_string\"}}],\"inLanguage\":\"pl-PL\"},{\"@type\":\"Organization\",\"@id\":\"https:\/\/moto-pawmar.pl\/#organization\",\"name\":\"MOTO-PAWMAR\",\"url\":\"https:\/\/moto-pawmar.pl\/\",\"logo\":{\"@type\":\"ImageObject\",\"inLanguage\":\"pl-PL\",\"@id\":\"https:\/\/moto-pawmar.pl\/#\/schema\/logo\/image\/\",\"url\":\"https:\/\/moto-pawmar.pl\/wp-content\/uploads\/2025\/10\/LOGO-SKLEP.png\",\"contentUrl\":\"https:\/\/moto-pawmar.pl\/wp-content\/uploads\/2025\/10\/LOGO-SKLEP.png\",\"width\":2480,\"height\":2053,\"caption\":\"MOTO-PAWMAR\"},\"image\":{\"@id\":\"https:\/\/moto-pawmar.pl\/#\/schema\/logo\/image\/\"},\"sameAs\":[\"https:\/\/www.facebook.com\/motopawmar\/?locale=pl_PL\"]}]}<\/script>\n<!-- \/ Yoast SEO plugin. -->","yoast_head_json":{"title":"R\u0119kawice motocyklowe Rebelhorn Core LADY Black - MOTO-PAWMAR","robots":{"index":"index","follow":"follow","max-snippet":"max-snippet:-1","max-image-preview":"max-image-preview:large","max-video-preview":"max-video-preview:-1"},"canonical":"https:\/\/moto-pawmar.pl\/?product=rekawice-motocyklowe-rebelhorn-core-lady-black","og_locale":"pl_PL","og_type":"article","og_title":"R\u0119kawice motocyklowe Rebelhorn Core LADY Black - MOTO-PAWMAR","og_description":"Rebelhorn Core\u00a0\u2013 Uniwersalne, letnie r\u0119kawice motocyklowe, kt\u00f3re s\u0105 lekkie, przewiewne i ergonomiczne. Rebelhorn Core to model zaprojektowany w technologii 3DErgoGrip, kt\u00f3ry gwarantuje\u00a0doskona\u0142e dopasowanie i komfort\u00a0nawet podczas d\u0142ugich, gor\u0105cych dni w siodle. Przewiewna konstrukcja z 3D meshu i nylonu zapewnia maksymaln\u0105 cyrkulacj\u0119 powietrza, a strategiczne wzmocnienia i ochraniacz kostek z Impactonu gwarantuje bezpiecze\u0144stwo w ruchu miejskim [&hellip;]","og_url":"https:\/\/moto-pawmar.pl\/?product=rekawice-motocyklowe-rebelhorn-core-lady-black","og_site_name":"MOTO-PAWMAR","article_publisher":"https:\/\/www.facebook.com\/motopawmar\/?locale=pl_PL","article_modified_time":"2025-12-12T11:40:19+00:00","og_image":[{"width":800,"height":800,"url":"https:\/\/moto-pawmar.pl\/wp-content\/uploads\/2025\/12\/349338_ZAL842402.jpg","type":"image\/jpeg"}],"twitter_card":"summary_large_image","twitter_misc":{"Szacowany czas czytania":"1 minuta"},"schema":{"@context":"https:\/\/schema.org","@graph":[{"@type":"WebPage","@id":"https:\/\/moto-pawmar.pl\/?product=rekawice-motocyklowe-rebelhorn-core-lady-black","url":"https:\/\/moto-pawmar.pl\/?product=rekawice-motocyklowe-rebelhorn-core-lady-black","name":"R\u0119kawice motocyklowe Rebelhorn Core LADY Black - MOTO-PAWMAR","isPartOf":{"@id":"https:\/\/moto-pawmar.pl\/#website"},"primaryImageOfPage":{"@id":"https:\/\/moto-pawmar.pl\/?product=rekawice-motocyklowe-rebelhorn-core-lady-black#primaryimage"},"image":{"@id":"https:\/\/moto-pawmar.pl\/?product=rekawice-motocyklowe-rebelhorn-core-lady-black#primaryimage"},"thumbnailUrl":"https:\/\/moto-pawmar.pl\/wp-content\/uploads\/2025\/12\/349338_ZAL842402.jpg","datePublished":"2025-12-12T11:39:18+00:00","dateModified":"2025-12-12T11:40:19+00:00","breadcrumb":{"@id":"https:\/\/moto-pawmar.pl\/?product=rekawice-motocyklowe-rebelhorn-core-lady-black#breadcrumb"},"inLanguage":"pl-PL","potentialAction":[{"@type":"ReadAction","target":["https:\/\/moto-pawmar.pl\/?product=rekawice-motocyklowe-rebelhorn-core-lady-black"]}]},{"@type":"ImageObject","inLanguage":"pl-PL","@id":"https:\/\/moto-pawmar.pl\/?product=rekawice-motocyklowe-rebelhorn-core-lady-black#primaryimage","url":"https:\/\/moto-pawmar.pl\/wp-content\/uploads\/2025\/12\/349338_ZAL842402.jpg","contentUrl":"https:\/\/moto-pawmar.pl\/wp-content\/uploads\/2025\/12\/349338_ZAL842402.jpg","width":800,"height":800},{"@type":"BreadcrumbList","@id":"https:\/\/moto-pawmar.pl\/?product=rekawice-motocyklowe-rebelhorn-core-lady-black#breadcrumb","itemListElement":[{"@type":"ListItem","position":1,"name":"Strona g\u0142\u00f3wna","item":"https:\/\/moto-pawmar.pl\/"},{"@type":"ListItem","position":2,"name":"Sklep Internetowy","item":"https:\/\/moto-pawmar.pl\/?page_id=367"},{"@type":"ListItem","position":3,"name":"R\u0119kawice motocyklowe Rebelhorn Core LADY Black"}]},{"@type":"WebSite","@id":"https:\/\/moto-pawmar.pl\/#website","url":"https:\/\/moto-pawmar.pl\/","name":"MOTO-PAWMAR","description":"MOTO\u2011PAWMAR \u2013 Tw\u00f3j sklep z cz\u0119\u015bciami i akcesoriami do motocykli, skuter\u00f3w i quad\u00f3w.","publisher":{"@id":"https:\/\/moto-pawmar.pl\/#organization"},"potentialAction":[{"@type":"SearchAction","target":{"@type":"EntryPoint","urlTemplate":"https:\/\/moto-pawmar.pl\/?s={search_term_string}"},"query-input":{"@type":"PropertyValueSpecification","valueRequired":true,"valueName":"search_term_string"}}],"inLanguage":"pl-PL"},{"@type":"Organization","@id":"https:\/\/moto-pawmar.pl\/#organization","name":"MOTO-PAWMAR","url":"https:\/\/moto-pawmar.pl\/","logo":{"@type":"ImageObject","inLanguage":"pl-PL","@id":"https:\/\/moto-pawmar.pl\/#\/schema\/logo\/image\/","url":"https:\/\/moto-pawmar.pl\/wp-content\/uploads\/2025\/10\/LOGO-SKLEP.png","contentUrl":"https:\/\/moto-pawmar.pl\/wp-content\/uploads\/2025\/10\/LOGO-SKLEP.png","width":2480,"height":2053,"caption":"MOTO-PAWMAR"},"image":{"@id":"https:\/\/moto-pawmar.pl\/#\/schema\/logo\/image\/"},"sameAs":["https:\/\/www.facebook.com\/motopawmar\/?locale=pl_PL"]}]}},"_links":{"self":[{"href":"https:\/\/moto-pawmar.pl\/index.php?rest_route=\/wp\/v2\/product\/6360","targetHints":{"allow":["GET"]}}],"collection":[{"href":"https:\/\/moto-pawmar.pl\/index.php?rest_route=\/wp\/v2\/product"}],"about":[{"href":"https:\/\/moto-pawmar.pl\/index.php?rest_route=\/wp\/v2\/types\/product"}],"wp:featuredmedia":[{"embeddable":true,"href":"https:\/\/moto-pawmar.pl\/index.php?rest_route=\/wp\/v2\/media\/6368"}],"wp:attachment":[{"href":"https:\/\/moto-pawmar.pl\/index.php?rest_route=%2Fwp%2Fv2%2Fmedia&parent=6360"}],"wp:term":[{"taxonomy":"product_brand","embeddable":true,"href":"https:\/\/moto-pawmar.pl\/index.php?rest_route=%2Fwp%2Fv2%2Fproduct_brand&post=6360"},{"taxonomy":"product_cat","embeddable":true,"href":"https:\/\/moto-pawmar.pl\/index.php?rest_route=%2Fwp%2Fv2%2Fproduct_cat&post=6360"},{"taxonomy":"product_tag","embeddable":true,"href":"https:\/\/moto-pawmar.pl\/index.php?rest_route=%2Fwp%2Fv2%2Fproduct_tag&post=6360"}],"curies":[{"name":"wp","href":"https:\/\/api.w.org\/{rel}","templated":true}]}}