{"id":6161,"date":"2025-12-11T11:59:57","date_gmt":"2025-12-11T10:59:57","guid":{"rendered":"https:\/\/moto-pawmar.pl\/?post_type=product&#038;p=6161"},"modified":"2025-12-11T12:04:15","modified_gmt":"2025-12-11T11:04:15","slug":"kurtka-motocyklowa-tekstylna-rebelhorn-slash-spider-black-red-softshell","status":"publish","type":"product","link":"https:\/\/moto-pawmar.pl\/?product=kurtka-motocyklowa-tekstylna-rebelhorn-slash-spider-black-red-softshell","title":{"rendered":"Kurtka motocyklowa tekstylna Rebelhorn Slash Spider Black Red Softshell"},"content":{"rendered":"<p>Kurtka motocyklowa Rebelhorn Slash zosta\u0142a stworzona dla mi\u0142o\u015bnik\u00f3w jazdy miejskiej. Charakteryzuje si\u0119 jednowarstwow\u0105 konstrukcj\u0105 z elastycznego i trwa\u0142ego Poliestru z domieszk\u0105 Spandexu 5k\/5k, zapewniaj\u0105c r\u00f3wnocze\u015bnie doskona\u0142\u0105 oddychalno\u015b\u0107 i odporno\u015b\u0107 na wod\u0119. Kurtka Slash zosta\u0142a wyposa\u017cona w wysokiej jako\u015bci ochraniacze Armanox\u00ae Level 2 na \u0142okciach i barkach. Posiada a\u017c 6 kana\u0142\u00f3w wentylacyjnych, kt\u00f3re wsp\u00f3\u0142graj\u0105 z oddychaj\u0105c\u0105 podszewk\u0105. Rebelhorn Slash \u0142\u0105czy w sobie funkcjonalno\u015b\u0107 i bezpiecze\u0144stwo, dlatego idealnie sprawdzi si\u0119 jako codzienna, miejska kurtka.<\/p>\n<p>Przeznaczenie: Street<br \/>\nLiczba warstw: 1<\/p>\n<p>Warstwy:<\/p>\n<p>Kurtka Rebelhorn Slash zosta\u0142a wykonana z trwa\u0142ego i elastycznego softshelu, kt\u00f3ry spe\u0142nia wszystkie niezb\u0119dne wymogi certyfikacji CE. Mimo lekkiej konstrukcji, u\u017cyte materia\u0142y gwarantuj\u0105 wytrzyma\u0142o\u015b\u0107 i bezpiecze\u0144stwo ridera.<\/p>\n<p>Warstwa zewn\u0119trzna: Polyester 92% + 8% Spandex 5K x 5K<br \/>\nBezpiecze\u0144stwo:<\/p>\n<p>Ochraniacze \u0142okci: Armanox\u00ae Level 2 \u2013 z mo\u017cliwo\u015bci\u0105 regulacji pozycji<br \/>\nOchraniacze bark\u00f3w: Armanox\u00ae Level 2<br \/>\nOchraniacz plec\u00f3w: Kiesze\u0144 na ochraniacz plec\u00f3w SAS-TEC SC-1\/15<br \/>\nWentylacja:<\/p>\n<p>Kurtka Rebelhorn Slash posiada liczne, regulowane kana\u0142y wentylacyjne. Posiada r\u00f3wnie\u017c \u015bwietne parametry oddychalno\u015bci i wodoodporno\u015bci, co przek\u0142ada si\u0119 na wysoki komfort noszenia, por\u00f3wnywalny z kurtkami codziennymi typu softshell.<\/p>\n<p>Oddychalno\u015b\u0107: 5000 g\/m\u00b2\/24h, odporno\u015b\u0107 na wod\u0119: 5000 mmH2O<br \/>\nCentralny kana\u0142 wentylacyjny,<br \/>\nPo dwa kana\u0142y na r\u0119kawach i na przodzie kurtki<br \/>\nRegulowany kana\u0142 wentylacyjny z ty\u0142u<br \/>\nOddychaj\u0105ca, mi\u0119kka, elastyczna podszewka<br \/>\nDopasowanie:<\/p>\n<p>Regulacja obwodu w dolnej cz\u0119\u015bci kurtki<br \/>\nRegulacja obwodu mankietu<br \/>\nDodatkowe Cechy:<\/p>\n<p>Dzi\u0119ki rozwi\u0105zaniom poprawiaj\u0105cym komfort, jak odpinany kaptur czy pullery przy zamkach, kurtka zyskuje na wygodzie i sprawia, \u017ce b\u0119dzie \u015bwietnym wyborem na codzienne trasy. Mo\u017cna j\u0105 r\u00f3wnie\u017c \u0142atwo spi\u0105\u0107 z dowolnymi spodniami motocyklowymi.<\/p>\n<p>Odpinany, du\u017cy kaptur<br \/>\nZatrzask umo\u017cliwiaj\u0105cy przypi\u0119cie kaptura do kurtki, dzi\u0119ki czemu nie przeszkadza on w trakcie jazdy<br \/>\nZamek \u0142\u0105cz\u0105cy typu 8VST (kr\u00f3tki) oraz dodatkowe paski do spi\u0119cia z spodniami<br \/>\nPullery u\u0142atwiaj\u0105ce obs\u0142ug\u0119 zamk\u00f3w<br \/>\n2 zewn\u0119trzne zapinane na zamki<br \/>\n2 wewn\u0119trzne, w tym jedna wodoodporna<\/p>\n","protected":false},"excerpt":{"rendered":"<p>Kurtka motocyklowa Rebelhorn Slash zosta\u0142a stworzona dla mi\u0142o\u015bnik\u00f3w jazdy miejskiej. Charakteryzuje si\u0119 jednowarstwow\u0105 konstrukcj\u0105 z elastycznego i trwa\u0142ego Poliestru z domieszk\u0105 Spandexu 5k\/5k, zapewniaj\u0105c r\u00f3wnocze\u015bnie doskona\u0142\u0105 oddychalno\u015b\u0107 i odporno\u015b\u0107 na wod\u0119. Kurtka Slash zosta\u0142a wyposa\u017cona w wysokiej jako\u015bci ochraniacze Armanox\u00ae Level 2 na \u0142okciach i barkach. Posiada a\u017c 6 kana\u0142\u00f3w wentylacyjnych, kt\u00f3re wsp\u00f3\u0142graj\u0105 z oddychaj\u0105c\u0105 [&hellip;]<\/p>\n","protected":false},"featured_media":6177,"template":"","meta":[],"product_brand":[377],"product_cat":[278,337],"product_tag":[],"class_list":{"0":"post-6161","1":"product","2":"type-product","3":"status-publish","4":"has-post-thumbnail","6":"product_brand-rebelhorn","7":"product_cat-kurtki-meska","8":"product_cat-miejskie","10":"first","11":"instock","12":"taxable","13":"shipping-taxable","14":"purchasable","15":"product-type-variable"},"yoast_head":"<!-- This site is optimized with the Yoast SEO plugin v26.9 - https:\/\/yoast.com\/product\/yoast-seo-wordpress\/ -->\n<title>Kurtka motocyklowa tekstylna Rebelhorn Slash Spider Black Red Softshell - MOTO-PAWMAR<\/title>\n<meta name=\"robots\" content=\"index, follow, max-snippet:-1, max-image-preview:large, max-video-preview:-1\" \/>\n<link rel=\"canonical\" href=\"https:\/\/moto-pawmar.pl\/?product=kurtka-motocyklowa-tekstylna-rebelhorn-slash-spider-black-red-softshell\" \/>\n<meta property=\"og:locale\" content=\"pl_PL\" \/>\n<meta property=\"og:type\" content=\"article\" \/>\n<meta property=\"og:title\" content=\"Kurtka motocyklowa tekstylna Rebelhorn Slash Spider Black Red Softshell - MOTO-PAWMAR\" \/>\n<meta property=\"og:description\" content=\"Kurtka motocyklowa Rebelhorn Slash zosta\u0142a stworzona dla mi\u0142o\u015bnik\u00f3w jazdy miejskiej. Charakteryzuje si\u0119 jednowarstwow\u0105 konstrukcj\u0105 z elastycznego i trwa\u0142ego Poliestru z domieszk\u0105 Spandexu 5k\/5k, zapewniaj\u0105c r\u00f3wnocze\u015bnie doskona\u0142\u0105 oddychalno\u015b\u0107 i odporno\u015b\u0107 na wod\u0119. Kurtka Slash zosta\u0142a wyposa\u017cona w wysokiej jako\u015bci ochraniacze Armanox\u00ae Level 2 na \u0142okciach i barkach. Posiada a\u017c 6 kana\u0142\u00f3w wentylacyjnych, kt\u00f3re wsp\u00f3\u0142graj\u0105 z oddychaj\u0105c\u0105 [&hellip;]\" \/>\n<meta property=\"og:url\" content=\"https:\/\/moto-pawmar.pl\/?product=kurtka-motocyklowa-tekstylna-rebelhorn-slash-spider-black-red-softshell\" \/>\n<meta property=\"og:site_name\" content=\"MOTO-PAWMAR\" \/>\n<meta property=\"article:publisher\" content=\"https:\/\/www.facebook.com\/motopawmar\/?locale=pl_PL\" \/>\n<meta property=\"article:modified_time\" content=\"2025-12-11T11:04:15+00:00\" \/>\n<meta property=\"og:image\" content=\"https:\/\/moto-pawmar.pl\/wp-content\/uploads\/2025\/12\/323432_ZAL717505.jpg\" \/>\n\t<meta property=\"og:image:width\" content=\"800\" \/>\n\t<meta property=\"og:image:height\" content=\"800\" \/>\n\t<meta property=\"og:image:type\" content=\"image\/jpeg\" \/>\n<meta name=\"twitter:card\" content=\"summary_large_image\" \/>\n<meta name=\"twitter:label1\" content=\"Szacowany czas czytania\" \/>\n\t<meta name=\"twitter:data1\" content=\"2 minuty\" \/>\n<script type=\"application\/ld+json\" class=\"yoast-schema-graph\">{\"@context\":\"https:\/\/schema.org\",\"@graph\":[{\"@type\":\"WebPage\",\"@id\":\"https:\/\/moto-pawmar.pl\/?product=kurtka-motocyklowa-tekstylna-rebelhorn-slash-spider-black-red-softshell\",\"url\":\"https:\/\/moto-pawmar.pl\/?product=kurtka-motocyklowa-tekstylna-rebelhorn-slash-spider-black-red-softshell\",\"name\":\"Kurtka motocyklowa tekstylna Rebelhorn Slash Spider Black Red Softshell - MOTO-PAWMAR\",\"isPartOf\":{\"@id\":\"https:\/\/moto-pawmar.pl\/#website\"},\"primaryImageOfPage\":{\"@id\":\"https:\/\/moto-pawmar.pl\/?product=kurtka-motocyklowa-tekstylna-rebelhorn-slash-spider-black-red-softshell#primaryimage\"},\"image\":{\"@id\":\"https:\/\/moto-pawmar.pl\/?product=kurtka-motocyklowa-tekstylna-rebelhorn-slash-spider-black-red-softshell#primaryimage\"},\"thumbnailUrl\":\"https:\/\/moto-pawmar.pl\/wp-content\/uploads\/2025\/12\/323432_ZAL717505.jpg\",\"datePublished\":\"2025-12-11T10:59:57+00:00\",\"dateModified\":\"2025-12-11T11:04:15+00:00\",\"breadcrumb\":{\"@id\":\"https:\/\/moto-pawmar.pl\/?product=kurtka-motocyklowa-tekstylna-rebelhorn-slash-spider-black-red-softshell#breadcrumb\"},\"inLanguage\":\"pl-PL\",\"potentialAction\":[{\"@type\":\"ReadAction\",\"target\":[\"https:\/\/moto-pawmar.pl\/?product=kurtka-motocyklowa-tekstylna-rebelhorn-slash-spider-black-red-softshell\"]}]},{\"@type\":\"ImageObject\",\"inLanguage\":\"pl-PL\",\"@id\":\"https:\/\/moto-pawmar.pl\/?product=kurtka-motocyklowa-tekstylna-rebelhorn-slash-spider-black-red-softshell#primaryimage\",\"url\":\"https:\/\/moto-pawmar.pl\/wp-content\/uploads\/2025\/12\/323432_ZAL717505.jpg\",\"contentUrl\":\"https:\/\/moto-pawmar.pl\/wp-content\/uploads\/2025\/12\/323432_ZAL717505.jpg\",\"width\":800,\"height\":800},{\"@type\":\"BreadcrumbList\",\"@id\":\"https:\/\/moto-pawmar.pl\/?product=kurtka-motocyklowa-tekstylna-rebelhorn-slash-spider-black-red-softshell#breadcrumb\",\"itemListElement\":[{\"@type\":\"ListItem\",\"position\":1,\"name\":\"Strona g\u0142\u00f3wna\",\"item\":\"https:\/\/moto-pawmar.pl\/\"},{\"@type\":\"ListItem\",\"position\":2,\"name\":\"Sklep Internetowy\",\"item\":\"https:\/\/moto-pawmar.pl\/?page_id=367\"},{\"@type\":\"ListItem\",\"position\":3,\"name\":\"Kurtka motocyklowa tekstylna Rebelhorn Slash Spider Black Red Softshell\"}]},{\"@type\":\"WebSite\",\"@id\":\"https:\/\/moto-pawmar.pl\/#website\",\"url\":\"https:\/\/moto-pawmar.pl\/\",\"name\":\"MOTO-PAWMAR\",\"description\":\"MOTO\u2011PAWMAR \u2013 Tw\u00f3j sklep z cz\u0119\u015bciami i akcesoriami do motocykli, skuter\u00f3w i quad\u00f3w.\",\"publisher\":{\"@id\":\"https:\/\/moto-pawmar.pl\/#organization\"},\"potentialAction\":[{\"@type\":\"SearchAction\",\"target\":{\"@type\":\"EntryPoint\",\"urlTemplate\":\"https:\/\/moto-pawmar.pl\/?s={search_term_string}\"},\"query-input\":{\"@type\":\"PropertyValueSpecification\",\"valueRequired\":true,\"valueName\":\"search_term_string\"}}],\"inLanguage\":\"pl-PL\"},{\"@type\":\"Organization\",\"@id\":\"https:\/\/moto-pawmar.pl\/#organization\",\"name\":\"MOTO-PAWMAR\",\"url\":\"https:\/\/moto-pawmar.pl\/\",\"logo\":{\"@type\":\"ImageObject\",\"inLanguage\":\"pl-PL\",\"@id\":\"https:\/\/moto-pawmar.pl\/#\/schema\/logo\/image\/\",\"url\":\"https:\/\/moto-pawmar.pl\/wp-content\/uploads\/2025\/10\/LOGO-SKLEP.png\",\"contentUrl\":\"https:\/\/moto-pawmar.pl\/wp-content\/uploads\/2025\/10\/LOGO-SKLEP.png\",\"width\":2480,\"height\":2053,\"caption\":\"MOTO-PAWMAR\"},\"image\":{\"@id\":\"https:\/\/moto-pawmar.pl\/#\/schema\/logo\/image\/\"},\"sameAs\":[\"https:\/\/www.facebook.com\/motopawmar\/?locale=pl_PL\"]}]}<\/script>\n<!-- \/ Yoast SEO plugin. -->","yoast_head_json":{"title":"Kurtka motocyklowa tekstylna Rebelhorn Slash Spider Black Red Softshell - MOTO-PAWMAR","robots":{"index":"index","follow":"follow","max-snippet":"max-snippet:-1","max-image-preview":"max-image-preview:large","max-video-preview":"max-video-preview:-1"},"canonical":"https:\/\/moto-pawmar.pl\/?product=kurtka-motocyklowa-tekstylna-rebelhorn-slash-spider-black-red-softshell","og_locale":"pl_PL","og_type":"article","og_title":"Kurtka motocyklowa tekstylna Rebelhorn Slash Spider Black Red Softshell - MOTO-PAWMAR","og_description":"Kurtka motocyklowa Rebelhorn Slash zosta\u0142a stworzona dla mi\u0142o\u015bnik\u00f3w jazdy miejskiej. Charakteryzuje si\u0119 jednowarstwow\u0105 konstrukcj\u0105 z elastycznego i trwa\u0142ego Poliestru z domieszk\u0105 Spandexu 5k\/5k, zapewniaj\u0105c r\u00f3wnocze\u015bnie doskona\u0142\u0105 oddychalno\u015b\u0107 i odporno\u015b\u0107 na wod\u0119. Kurtka Slash zosta\u0142a wyposa\u017cona w wysokiej jako\u015bci ochraniacze Armanox\u00ae Level 2 na \u0142okciach i barkach. Posiada a\u017c 6 kana\u0142\u00f3w wentylacyjnych, kt\u00f3re wsp\u00f3\u0142graj\u0105 z oddychaj\u0105c\u0105 [&hellip;]","og_url":"https:\/\/moto-pawmar.pl\/?product=kurtka-motocyklowa-tekstylna-rebelhorn-slash-spider-black-red-softshell","og_site_name":"MOTO-PAWMAR","article_publisher":"https:\/\/www.facebook.com\/motopawmar\/?locale=pl_PL","article_modified_time":"2025-12-11T11:04:15+00:00","og_image":[{"width":800,"height":800,"url":"https:\/\/moto-pawmar.pl\/wp-content\/uploads\/2025\/12\/323432_ZAL717505.jpg","type":"image\/jpeg"}],"twitter_card":"summary_large_image","twitter_misc":{"Szacowany czas czytania":"2 minuty"},"schema":{"@context":"https:\/\/schema.org","@graph":[{"@type":"WebPage","@id":"https:\/\/moto-pawmar.pl\/?product=kurtka-motocyklowa-tekstylna-rebelhorn-slash-spider-black-red-softshell","url":"https:\/\/moto-pawmar.pl\/?product=kurtka-motocyklowa-tekstylna-rebelhorn-slash-spider-black-red-softshell","name":"Kurtka motocyklowa tekstylna Rebelhorn Slash Spider Black Red Softshell - MOTO-PAWMAR","isPartOf":{"@id":"https:\/\/moto-pawmar.pl\/#website"},"primaryImageOfPage":{"@id":"https:\/\/moto-pawmar.pl\/?product=kurtka-motocyklowa-tekstylna-rebelhorn-slash-spider-black-red-softshell#primaryimage"},"image":{"@id":"https:\/\/moto-pawmar.pl\/?product=kurtka-motocyklowa-tekstylna-rebelhorn-slash-spider-black-red-softshell#primaryimage"},"thumbnailUrl":"https:\/\/moto-pawmar.pl\/wp-content\/uploads\/2025\/12\/323432_ZAL717505.jpg","datePublished":"2025-12-11T10:59:57+00:00","dateModified":"2025-12-11T11:04:15+00:00","breadcrumb":{"@id":"https:\/\/moto-pawmar.pl\/?product=kurtka-motocyklowa-tekstylna-rebelhorn-slash-spider-black-red-softshell#breadcrumb"},"inLanguage":"pl-PL","potentialAction":[{"@type":"ReadAction","target":["https:\/\/moto-pawmar.pl\/?product=kurtka-motocyklowa-tekstylna-rebelhorn-slash-spider-black-red-softshell"]}]},{"@type":"ImageObject","inLanguage":"pl-PL","@id":"https:\/\/moto-pawmar.pl\/?product=kurtka-motocyklowa-tekstylna-rebelhorn-slash-spider-black-red-softshell#primaryimage","url":"https:\/\/moto-pawmar.pl\/wp-content\/uploads\/2025\/12\/323432_ZAL717505.jpg","contentUrl":"https:\/\/moto-pawmar.pl\/wp-content\/uploads\/2025\/12\/323432_ZAL717505.jpg","width":800,"height":800},{"@type":"BreadcrumbList","@id":"https:\/\/moto-pawmar.pl\/?product=kurtka-motocyklowa-tekstylna-rebelhorn-slash-spider-black-red-softshell#breadcrumb","itemListElement":[{"@type":"ListItem","position":1,"name":"Strona g\u0142\u00f3wna","item":"https:\/\/moto-pawmar.pl\/"},{"@type":"ListItem","position":2,"name":"Sklep Internetowy","item":"https:\/\/moto-pawmar.pl\/?page_id=367"},{"@type":"ListItem","position":3,"name":"Kurtka motocyklowa tekstylna Rebelhorn Slash Spider Black Red Softshell"}]},{"@type":"WebSite","@id":"https:\/\/moto-pawmar.pl\/#website","url":"https:\/\/moto-pawmar.pl\/","name":"MOTO-PAWMAR","description":"MOTO\u2011PAWMAR \u2013 Tw\u00f3j sklep z cz\u0119\u015bciami i akcesoriami do motocykli, skuter\u00f3w i quad\u00f3w.","publisher":{"@id":"https:\/\/moto-pawmar.pl\/#organization"},"potentialAction":[{"@type":"SearchAction","target":{"@type":"EntryPoint","urlTemplate":"https:\/\/moto-pawmar.pl\/?s={search_term_string}"},"query-input":{"@type":"PropertyValueSpecification","valueRequired":true,"valueName":"search_term_string"}}],"inLanguage":"pl-PL"},{"@type":"Organization","@id":"https:\/\/moto-pawmar.pl\/#organization","name":"MOTO-PAWMAR","url":"https:\/\/moto-pawmar.pl\/","logo":{"@type":"ImageObject","inLanguage":"pl-PL","@id":"https:\/\/moto-pawmar.pl\/#\/schema\/logo\/image\/","url":"https:\/\/moto-pawmar.pl\/wp-content\/uploads\/2025\/10\/LOGO-SKLEP.png","contentUrl":"https:\/\/moto-pawmar.pl\/wp-content\/uploads\/2025\/10\/LOGO-SKLEP.png","width":2480,"height":2053,"caption":"MOTO-PAWMAR"},"image":{"@id":"https:\/\/moto-pawmar.pl\/#\/schema\/logo\/image\/"},"sameAs":["https:\/\/www.facebook.com\/motopawmar\/?locale=pl_PL"]}]}},"_links":{"self":[{"href":"https:\/\/moto-pawmar.pl\/index.php?rest_route=\/wp\/v2\/product\/6161","targetHints":{"allow":["GET"]}}],"collection":[{"href":"https:\/\/moto-pawmar.pl\/index.php?rest_route=\/wp\/v2\/product"}],"about":[{"href":"https:\/\/moto-pawmar.pl\/index.php?rest_route=\/wp\/v2\/types\/product"}],"wp:featuredmedia":[{"embeddable":true,"href":"https:\/\/moto-pawmar.pl\/index.php?rest_route=\/wp\/v2\/media\/6177"}],"wp:attachment":[{"href":"https:\/\/moto-pawmar.pl\/index.php?rest_route=%2Fwp%2Fv2%2Fmedia&parent=6161"}],"wp:term":[{"taxonomy":"product_brand","embeddable":true,"href":"https:\/\/moto-pawmar.pl\/index.php?rest_route=%2Fwp%2Fv2%2Fproduct_brand&post=6161"},{"taxonomy":"product_cat","embeddable":true,"href":"https:\/\/moto-pawmar.pl\/index.php?rest_route=%2Fwp%2Fv2%2Fproduct_cat&post=6161"},{"taxonomy":"product_tag","embeddable":true,"href":"https:\/\/moto-pawmar.pl\/index.php?rest_route=%2Fwp%2Fv2%2Fproduct_tag&post=6161"}],"curies":[{"name":"wp","href":"https:\/\/api.w.org\/{rel}","templated":true}]}}