{"id":6088,"date":"2025-12-09T12:38:13","date_gmt":"2025-12-09T11:38:13","guid":{"rendered":"https:\/\/moto-pawmar.pl\/?post_type=product&#038;p=6088"},"modified":"2025-12-09T12:41:00","modified_gmt":"2025-12-09T11:41:00","slug":"koszula-motocyklowa-rebelhorn-shifter-black-red","status":"publish","type":"product","link":"https:\/\/moto-pawmar.pl\/?product=koszula-motocyklowa-rebelhorn-shifter-black-red","title":{"rendered":"Koszula motocyklowa Rebelhorn Shifter Black Red"},"content":{"rendered":"<p><strong>Jednowarstwowa koszula motocyklowa Rebelhorn Shifter<\/strong>\u00a0jest idealna do miejskiej jazdy i kr\u00f3tkich tras poza miastem. Dzi\u0119ki materia\u0142owi ArmorLite\u2122o zwi\u0119kszonej odporno\u015bci na przetarcia oraz ochronie na poziomie AA, zapewnia wysoki poziom bezpiecze\u0144stwa. System wentylacji gwarantuje komfort termiczny, a trzystopniowa regulacja ochraniaczy \u0142okci i magnetyczne zapi\u0119cie klapy zwi\u0119kszaj\u0105 wygod\u0119.<\/p>\n<p>&nbsp;<\/p>\n<p>Przeznaczenie: STREET<\/p>\n<p>Dopasowanie: Regular<\/p>\n<p>Liczba warstw: 1<\/p>\n<p><strong>Warstwy:<\/strong><\/p>\n<p>Koszula wykonana jest z wytrzyma\u0142ego materia\u0142u kt\u00f3ry \u0142\u0105czy elastyczno\u015b\u0107 i trwa\u0142o\u015b\u0107, co sprawia, \u017ce jest idealna do miejskiej jazdy i kr\u00f3tkich tras.<\/p>\n<ul>\n<li><strong>Warstwa zewn\u0119trzna:\u00a0<\/strong>ArmorLite\u212265% Poliester, 35% Bawe\u0142na<\/li>\n<li><strong>Wzmocnienia:<\/strong>\u00a0Cordura Coolmax (50% Bawe\u0142na, 30% Coolmax, 20% Cordura)<\/li>\n<li><strong>Podszewka:<\/strong>\u00a0100% Poliester mesh<\/li>\n<\/ul>\n<p><strong>Ochraniacze\/Bezpiecze\u0144stwo:<\/strong><\/p>\n<p>Rebelhorn Shifter zapewnia pe\u0142n\u0105 ochron\u0119 motocyklisty dzi\u0119ki ochraniaczom Armanox na \u0142okciach i barkach. Ochraniacze \u0142okci posiadaj\u0105 trzystopniow\u0105 regulacj\u0119 pozycji, co pozwala na dopasowanie ich do indywidualnych potrzeb.<\/p>\n<ul>\n<li><strong>\u0141okcie:<\/strong>\u00a0Armanox LEVEL 2 \u2013 mo\u017cliwo\u015b\u0107 regulacji pozycji<\/li>\n<li><strong>Barki:<\/strong>\u00a0Armanox LEVEL 2<\/li>\n<li><strong>Plecy:\u00a0Armanox LEVEL 2<\/strong><\/li>\n<li><strong>CE LEVEL: AA<\/strong><\/li>\n<\/ul>\n<p><strong>Wentylacja:<\/strong><\/p>\n<p>Koszula Rebelhorn Shifter posiada rozbudowany system wentylacyjny, kt\u00f3ry pozwala na utrzymanie komfortu termicznego nawet podczas ciep\u0142ych dni.<\/p>\n<ul>\n<li><strong>Kana\u0142y wentylacyjne pod pachami<\/strong><\/li>\n<li><strong>Centralny kana\u0142 wentylacyjny<\/strong><\/li>\n<li><strong>Tylny kana\u0142 wentylacyjny<\/strong><\/li>\n<\/ul>\n<p><strong>Komfort + Dodatkowe cechy:<\/strong><\/p>\n<p>Koszula zosta\u0142a wyposa\u017cona w szereg udogodnie\u0144, takich jak magnetyczne zapi\u0119cie klapy, pullery u\u0142atwiaj\u0105ce obs\u0142ug\u0119 zamk\u00f3w oraz trzystopniow\u0105 regulacj\u0119 ochraniaczy \u0142okci. Odpinany kaptur oraz \u0142\u0105cz\u0105cy zamek typu 8VST pozwalaj\u0105 na jeszcze wi\u0119ksz\u0105 wszechstronno\u015b\u0107 i dopasowanie do r\u00f3\u017cnych potrzeb.<\/p>\n<ul>\n<li><strong>Mo\u017cliwo\u015b\u0107 spi\u0119cia koszuli ze spodniami \u2013 Zamek OVST (krotki)<\/strong><strong>\u00a0\u00a0<\/strong><strong>lub poprzez szlufki<\/strong><\/li>\n<li><strong>Pullery u\u0142atwiaj\u0105ce obs\u0142ug\u0119 zamk\u00f3w<\/strong><\/li>\n<li><strong>Magnetyczne zapi\u0119cie klapy<\/strong><\/li>\n<li><strong>Odpinany kaptur<\/strong><\/li>\n<\/ul>\n<p><strong>Kieszenie:<\/strong><\/p>\n<ul>\n<li>2 kieszenie zewn\u0119trzne zapinane na zamki na przodzie kurtki<\/li>\n<li>Wewn\u0119trzna sucha kiesze\u0144 (wodoodporna) oraz kiesze\u0144 meshowa<\/li>\n<\/ul>\n","protected":false},"excerpt":{"rendered":"<p>Jednowarstwowa koszula motocyklowa Rebelhorn Shifter\u00a0jest idealna do miejskiej jazdy i kr\u00f3tkich tras poza miastem. Dzi\u0119ki materia\u0142owi ArmorLite\u2122o zwi\u0119kszonej odporno\u015bci na przetarcia oraz ochronie na poziomie AA, zapewnia wysoki poziom bezpiecze\u0144stwa. System wentylacji gwarantuje komfort termiczny, a trzystopniowa regulacja ochraniaczy \u0142okci i magnetyczne zapi\u0119cie klapy zwi\u0119kszaj\u0105 wygod\u0119. &nbsp; Przeznaczenie: STREET Dopasowanie: Regular Liczba warstw: 1 Warstwy: [&hellip;]<\/p>\n","protected":false},"featured_media":6103,"template":"","meta":[],"product_brand":[377],"product_cat":[368,278],"product_tag":[],"class_list":{"0":"post-6088","1":"product","2":"type-product","3":"status-publish","4":"has-post-thumbnail","6":"product_brand-rebelhorn","7":"product_cat-koszule","8":"product_cat-kurtki-meska","10":"first","11":"instock","12":"taxable","13":"shipping-taxable","14":"purchasable","15":"product-type-variable"},"yoast_head":"<!-- This site is optimized with the Yoast SEO plugin v26.9 - https:\/\/yoast.com\/product\/yoast-seo-wordpress\/ -->\n<title>Koszula motocyklowa Rebelhorn Shifter Black Red - MOTO-PAWMAR<\/title>\n<meta name=\"robots\" content=\"index, follow, max-snippet:-1, max-image-preview:large, max-video-preview:-1\" \/>\n<link rel=\"canonical\" href=\"https:\/\/moto-pawmar.pl\/?product=koszula-motocyklowa-rebelhorn-shifter-black-red\" \/>\n<meta property=\"og:locale\" content=\"pl_PL\" \/>\n<meta property=\"og:type\" content=\"article\" \/>\n<meta property=\"og:title\" content=\"Koszula motocyklowa Rebelhorn Shifter Black Red - MOTO-PAWMAR\" \/>\n<meta property=\"og:description\" content=\"Jednowarstwowa koszula motocyklowa Rebelhorn Shifter\u00a0jest idealna do miejskiej jazdy i kr\u00f3tkich tras poza miastem. Dzi\u0119ki materia\u0142owi ArmorLite\u2122o zwi\u0119kszonej odporno\u015bci na przetarcia oraz ochronie na poziomie AA, zapewnia wysoki poziom bezpiecze\u0144stwa. System wentylacji gwarantuje komfort termiczny, a trzystopniowa regulacja ochraniaczy \u0142okci i magnetyczne zapi\u0119cie klapy zwi\u0119kszaj\u0105 wygod\u0119. &nbsp; Przeznaczenie: STREET Dopasowanie: Regular Liczba warstw: 1 Warstwy: [&hellip;]\" \/>\n<meta property=\"og:url\" content=\"https:\/\/moto-pawmar.pl\/?product=koszula-motocyklowa-rebelhorn-shifter-black-red\" \/>\n<meta property=\"og:site_name\" content=\"MOTO-PAWMAR\" \/>\n<meta property=\"article:publisher\" content=\"https:\/\/www.facebook.com\/motopawmar\/?locale=pl_PL\" \/>\n<meta property=\"article:modified_time\" content=\"2025-12-09T11:41:00+00:00\" \/>\n<meta property=\"og:image\" content=\"https:\/\/moto-pawmar.pl\/wp-content\/uploads\/2025\/12\/323573_ZAL802501.jpg\" \/>\n\t<meta property=\"og:image:width\" content=\"800\" \/>\n\t<meta property=\"og:image:height\" content=\"800\" \/>\n\t<meta property=\"og:image:type\" content=\"image\/jpeg\" \/>\n<meta name=\"twitter:card\" content=\"summary_large_image\" \/>\n<meta name=\"twitter:label1\" content=\"Szacowany czas czytania\" \/>\n\t<meta name=\"twitter:data1\" content=\"1 minuta\" \/>\n<script type=\"application\/ld+json\" class=\"yoast-schema-graph\">{\"@context\":\"https:\/\/schema.org\",\"@graph\":[{\"@type\":\"WebPage\",\"@id\":\"https:\/\/moto-pawmar.pl\/?product=koszula-motocyklowa-rebelhorn-shifter-black-red\",\"url\":\"https:\/\/moto-pawmar.pl\/?product=koszula-motocyklowa-rebelhorn-shifter-black-red\",\"name\":\"Koszula motocyklowa Rebelhorn Shifter Black Red - MOTO-PAWMAR\",\"isPartOf\":{\"@id\":\"https:\/\/moto-pawmar.pl\/#website\"},\"primaryImageOfPage\":{\"@id\":\"https:\/\/moto-pawmar.pl\/?product=koszula-motocyklowa-rebelhorn-shifter-black-red#primaryimage\"},\"image\":{\"@id\":\"https:\/\/moto-pawmar.pl\/?product=koszula-motocyklowa-rebelhorn-shifter-black-red#primaryimage\"},\"thumbnailUrl\":\"https:\/\/moto-pawmar.pl\/wp-content\/uploads\/2025\/12\/323573_ZAL802501.jpg\",\"datePublished\":\"2025-12-09T11:38:13+00:00\",\"dateModified\":\"2025-12-09T11:41:00+00:00\",\"breadcrumb\":{\"@id\":\"https:\/\/moto-pawmar.pl\/?product=koszula-motocyklowa-rebelhorn-shifter-black-red#breadcrumb\"},\"inLanguage\":\"pl-PL\",\"potentialAction\":[{\"@type\":\"ReadAction\",\"target\":[\"https:\/\/moto-pawmar.pl\/?product=koszula-motocyklowa-rebelhorn-shifter-black-red\"]}]},{\"@type\":\"ImageObject\",\"inLanguage\":\"pl-PL\",\"@id\":\"https:\/\/moto-pawmar.pl\/?product=koszula-motocyklowa-rebelhorn-shifter-black-red#primaryimage\",\"url\":\"https:\/\/moto-pawmar.pl\/wp-content\/uploads\/2025\/12\/323573_ZAL802501.jpg\",\"contentUrl\":\"https:\/\/moto-pawmar.pl\/wp-content\/uploads\/2025\/12\/323573_ZAL802501.jpg\",\"width\":800,\"height\":800},{\"@type\":\"BreadcrumbList\",\"@id\":\"https:\/\/moto-pawmar.pl\/?product=koszula-motocyklowa-rebelhorn-shifter-black-red#breadcrumb\",\"itemListElement\":[{\"@type\":\"ListItem\",\"position\":1,\"name\":\"Strona g\u0142\u00f3wna\",\"item\":\"https:\/\/moto-pawmar.pl\/\"},{\"@type\":\"ListItem\",\"position\":2,\"name\":\"Sklep Internetowy\",\"item\":\"https:\/\/moto-pawmar.pl\/?page_id=367\"},{\"@type\":\"ListItem\",\"position\":3,\"name\":\"Koszula motocyklowa Rebelhorn Shifter Black Red\"}]},{\"@type\":\"WebSite\",\"@id\":\"https:\/\/moto-pawmar.pl\/#website\",\"url\":\"https:\/\/moto-pawmar.pl\/\",\"name\":\"MOTO-PAWMAR\",\"description\":\"MOTO\u2011PAWMAR \u2013 Tw\u00f3j sklep z cz\u0119\u015bciami i akcesoriami do motocykli, skuter\u00f3w i quad\u00f3w.\",\"publisher\":{\"@id\":\"https:\/\/moto-pawmar.pl\/#organization\"},\"potentialAction\":[{\"@type\":\"SearchAction\",\"target\":{\"@type\":\"EntryPoint\",\"urlTemplate\":\"https:\/\/moto-pawmar.pl\/?s={search_term_string}\"},\"query-input\":{\"@type\":\"PropertyValueSpecification\",\"valueRequired\":true,\"valueName\":\"search_term_string\"}}],\"inLanguage\":\"pl-PL\"},{\"@type\":\"Organization\",\"@id\":\"https:\/\/moto-pawmar.pl\/#organization\",\"name\":\"MOTO-PAWMAR\",\"url\":\"https:\/\/moto-pawmar.pl\/\",\"logo\":{\"@type\":\"ImageObject\",\"inLanguage\":\"pl-PL\",\"@id\":\"https:\/\/moto-pawmar.pl\/#\/schema\/logo\/image\/\",\"url\":\"https:\/\/moto-pawmar.pl\/wp-content\/uploads\/2025\/10\/LOGO-SKLEP.png\",\"contentUrl\":\"https:\/\/moto-pawmar.pl\/wp-content\/uploads\/2025\/10\/LOGO-SKLEP.png\",\"width\":2480,\"height\":2053,\"caption\":\"MOTO-PAWMAR\"},\"image\":{\"@id\":\"https:\/\/moto-pawmar.pl\/#\/schema\/logo\/image\/\"},\"sameAs\":[\"https:\/\/www.facebook.com\/motopawmar\/?locale=pl_PL\"]}]}<\/script>\n<!-- \/ Yoast SEO plugin. -->","yoast_head_json":{"title":"Koszula motocyklowa Rebelhorn Shifter Black Red - MOTO-PAWMAR","robots":{"index":"index","follow":"follow","max-snippet":"max-snippet:-1","max-image-preview":"max-image-preview:large","max-video-preview":"max-video-preview:-1"},"canonical":"https:\/\/moto-pawmar.pl\/?product=koszula-motocyklowa-rebelhorn-shifter-black-red","og_locale":"pl_PL","og_type":"article","og_title":"Koszula motocyklowa Rebelhorn Shifter Black Red - MOTO-PAWMAR","og_description":"Jednowarstwowa koszula motocyklowa Rebelhorn Shifter\u00a0jest idealna do miejskiej jazdy i kr\u00f3tkich tras poza miastem. Dzi\u0119ki materia\u0142owi ArmorLite\u2122o zwi\u0119kszonej odporno\u015bci na przetarcia oraz ochronie na poziomie AA, zapewnia wysoki poziom bezpiecze\u0144stwa. System wentylacji gwarantuje komfort termiczny, a trzystopniowa regulacja ochraniaczy \u0142okci i magnetyczne zapi\u0119cie klapy zwi\u0119kszaj\u0105 wygod\u0119. &nbsp; Przeznaczenie: STREET Dopasowanie: Regular Liczba warstw: 1 Warstwy: [&hellip;]","og_url":"https:\/\/moto-pawmar.pl\/?product=koszula-motocyklowa-rebelhorn-shifter-black-red","og_site_name":"MOTO-PAWMAR","article_publisher":"https:\/\/www.facebook.com\/motopawmar\/?locale=pl_PL","article_modified_time":"2025-12-09T11:41:00+00:00","og_image":[{"width":800,"height":800,"url":"https:\/\/moto-pawmar.pl\/wp-content\/uploads\/2025\/12\/323573_ZAL802501.jpg","type":"image\/jpeg"}],"twitter_card":"summary_large_image","twitter_misc":{"Szacowany czas czytania":"1 minuta"},"schema":{"@context":"https:\/\/schema.org","@graph":[{"@type":"WebPage","@id":"https:\/\/moto-pawmar.pl\/?product=koszula-motocyklowa-rebelhorn-shifter-black-red","url":"https:\/\/moto-pawmar.pl\/?product=koszula-motocyklowa-rebelhorn-shifter-black-red","name":"Koszula motocyklowa Rebelhorn Shifter Black Red - MOTO-PAWMAR","isPartOf":{"@id":"https:\/\/moto-pawmar.pl\/#website"},"primaryImageOfPage":{"@id":"https:\/\/moto-pawmar.pl\/?product=koszula-motocyklowa-rebelhorn-shifter-black-red#primaryimage"},"image":{"@id":"https:\/\/moto-pawmar.pl\/?product=koszula-motocyklowa-rebelhorn-shifter-black-red#primaryimage"},"thumbnailUrl":"https:\/\/moto-pawmar.pl\/wp-content\/uploads\/2025\/12\/323573_ZAL802501.jpg","datePublished":"2025-12-09T11:38:13+00:00","dateModified":"2025-12-09T11:41:00+00:00","breadcrumb":{"@id":"https:\/\/moto-pawmar.pl\/?product=koszula-motocyklowa-rebelhorn-shifter-black-red#breadcrumb"},"inLanguage":"pl-PL","potentialAction":[{"@type":"ReadAction","target":["https:\/\/moto-pawmar.pl\/?product=koszula-motocyklowa-rebelhorn-shifter-black-red"]}]},{"@type":"ImageObject","inLanguage":"pl-PL","@id":"https:\/\/moto-pawmar.pl\/?product=koszula-motocyklowa-rebelhorn-shifter-black-red#primaryimage","url":"https:\/\/moto-pawmar.pl\/wp-content\/uploads\/2025\/12\/323573_ZAL802501.jpg","contentUrl":"https:\/\/moto-pawmar.pl\/wp-content\/uploads\/2025\/12\/323573_ZAL802501.jpg","width":800,"height":800},{"@type":"BreadcrumbList","@id":"https:\/\/moto-pawmar.pl\/?product=koszula-motocyklowa-rebelhorn-shifter-black-red#breadcrumb","itemListElement":[{"@type":"ListItem","position":1,"name":"Strona g\u0142\u00f3wna","item":"https:\/\/moto-pawmar.pl\/"},{"@type":"ListItem","position":2,"name":"Sklep Internetowy","item":"https:\/\/moto-pawmar.pl\/?page_id=367"},{"@type":"ListItem","position":3,"name":"Koszula motocyklowa Rebelhorn Shifter Black Red"}]},{"@type":"WebSite","@id":"https:\/\/moto-pawmar.pl\/#website","url":"https:\/\/moto-pawmar.pl\/","name":"MOTO-PAWMAR","description":"MOTO\u2011PAWMAR \u2013 Tw\u00f3j sklep z cz\u0119\u015bciami i akcesoriami do motocykli, skuter\u00f3w i quad\u00f3w.","publisher":{"@id":"https:\/\/moto-pawmar.pl\/#organization"},"potentialAction":[{"@type":"SearchAction","target":{"@type":"EntryPoint","urlTemplate":"https:\/\/moto-pawmar.pl\/?s={search_term_string}"},"query-input":{"@type":"PropertyValueSpecification","valueRequired":true,"valueName":"search_term_string"}}],"inLanguage":"pl-PL"},{"@type":"Organization","@id":"https:\/\/moto-pawmar.pl\/#organization","name":"MOTO-PAWMAR","url":"https:\/\/moto-pawmar.pl\/","logo":{"@type":"ImageObject","inLanguage":"pl-PL","@id":"https:\/\/moto-pawmar.pl\/#\/schema\/logo\/image\/","url":"https:\/\/moto-pawmar.pl\/wp-content\/uploads\/2025\/10\/LOGO-SKLEP.png","contentUrl":"https:\/\/moto-pawmar.pl\/wp-content\/uploads\/2025\/10\/LOGO-SKLEP.png","width":2480,"height":2053,"caption":"MOTO-PAWMAR"},"image":{"@id":"https:\/\/moto-pawmar.pl\/#\/schema\/logo\/image\/"},"sameAs":["https:\/\/www.facebook.com\/motopawmar\/?locale=pl_PL"]}]}},"_links":{"self":[{"href":"https:\/\/moto-pawmar.pl\/index.php?rest_route=\/wp\/v2\/product\/6088","targetHints":{"allow":["GET"]}}],"collection":[{"href":"https:\/\/moto-pawmar.pl\/index.php?rest_route=\/wp\/v2\/product"}],"about":[{"href":"https:\/\/moto-pawmar.pl\/index.php?rest_route=\/wp\/v2\/types\/product"}],"wp:featuredmedia":[{"embeddable":true,"href":"https:\/\/moto-pawmar.pl\/index.php?rest_route=\/wp\/v2\/media\/6103"}],"wp:attachment":[{"href":"https:\/\/moto-pawmar.pl\/index.php?rest_route=%2Fwp%2Fv2%2Fmedia&parent=6088"}],"wp:term":[{"taxonomy":"product_brand","embeddable":true,"href":"https:\/\/moto-pawmar.pl\/index.php?rest_route=%2Fwp%2Fv2%2Fproduct_brand&post=6088"},{"taxonomy":"product_cat","embeddable":true,"href":"https:\/\/moto-pawmar.pl\/index.php?rest_route=%2Fwp%2Fv2%2Fproduct_cat&post=6088"},{"taxonomy":"product_tag","embeddable":true,"href":"https:\/\/moto-pawmar.pl\/index.php?rest_route=%2Fwp%2Fv2%2Fproduct_tag&post=6088"}],"curies":[{"name":"wp","href":"https:\/\/api.w.org\/{rel}","templated":true}]}}