{"id":5946,"date":"2025-12-09T11:59:01","date_gmt":"2025-12-09T10:59:01","guid":{"rendered":"https:\/\/moto-pawmar.pl\/?post_type=product&#038;p=5946"},"modified":"2025-12-09T12:00:43","modified_gmt":"2025-12-09T11:00:43","slug":"kurtka-motocyklowa-tekstylna-rebelhorn-jax-lady-black-blue","status":"publish","type":"product","link":"https:\/\/moto-pawmar.pl\/?product=kurtka-motocyklowa-tekstylna-rebelhorn-jax-lady-black-blue","title":{"rendered":"Kurtka motocyklowa tekstylna Rebelhorn Jax LADY Black Blue"},"content":{"rendered":"<p><strong>Kurtka motocyklowa Rebelhorn JAX LADY<\/strong>\u00a0\u0142\u0105czy nowoczesny design z niezawodnym bezpiecze\u0144stwem i komfortem jazdy. Dzi\u0119ki zaawansowanym ochraniaczom Armanox, ergonomicznemu krojowi oraz wykorzystaniu najwy\u017cszej jako\u015bci materia\u0142\u00f3w, jest idealnym wyborem dla motocyklistek preferuj\u0105cych dynamiczn\u0105 jazd\u0119 miejsk\u0105 oraz kr\u00f3tkie trasy. Projekt kurtki inspirowany jest ide\u0105 harmonijnego po\u0142\u0105czenia funkcjonalno\u015bci z estetyk\u0105, co wida\u0107 w ka\u017cdym detalu, od elastycznych wstawek po starannie zaprojektowane elementy odblaskowe.<\/p>\n<p>&nbsp;<\/p>\n<p><strong>Przeznaczenie:<\/strong>\u00a0STREET<\/p>\n<p><strong>Liczba warstw:<\/strong>\u00a02<\/p>\n<p><strong>Warstwy:<\/strong><\/p>\n<p>Wytrzyma\u0142e materia\u0142y wysokiej jako\u015bci gwarantuj\u0105 bezpiecze\u0144stwo. Przewiewne panele 3D mesh oraz steel mesh zapewniaj\u0105 \u015bwietn\u0105 wentylacj\u0119 bez utraty wytrzyma\u0142o\u015bci. Dzi\u0119ki membranie HUMAX\u00ae o parametrach 10k\/10k, kurtka JAX LADY zapewnia optymaln\u0105 ochron\u0119 przed deszczem i wiatrem.<\/p>\n<ul>\n<li>Warstwa zewn\u0119trzna: elastyczny materia\u0142 HyperStretch , 50% Poliester 4-way stretch, 40% Steel mesh, 15% 3D mesh<\/li>\n<li>Podszewka: 100% Poliester mesh<\/li>\n<\/ul>\n<p><strong>Bezpiecze\u0144stwo:<\/strong><\/p>\n<p>Kurtka JAX LADY jest wyposa\u017cona w zestaw ochraniaczy Armanox CE-level 2, w tym ochraniacz plec\u00f3w. Spe\u0142nia wymogi drugiego poziomu ochrony, kt\u00f3ry obejmuje ca\u0142\u0105 kurtk\u0119 (AA).<\/p>\n<ul>\n<li><strong>CE LEVEL: AA<\/strong><\/li>\n<li><strong>Ochraniacze \u0142okci<\/strong>: Armanox LEVEL 2 z mo\u017cliwo\u015bci\u0105 regulacji pozycji<\/li>\n<li><strong>Ochraniacze bark\u00f3w<\/strong>: Armanox LEVEL 2<\/li>\n<li><strong>Ochraniacz plec\u00f3w:<\/strong>\u00a0Armanox LEVEL 2<\/li>\n<li><strong>Wstawki odblaskowe w wielu miejscach poprawiaj\u0105ce widoczno\u015b\u0107 motocyklistki po zmroku<\/strong><\/li>\n<\/ul>\n<p>&nbsp;<\/p>\n<p><strong>Wentylacja:<\/strong><\/p>\n<p>Kurtka posiada system wentylacji oparty o materia\u0142y 3D mesh oraz steel mesh. Dzi\u0119ki po\u0142\u0105czeniu obu materia\u0142\u00f3w kurtka idealnie sprawdzi si\u0119 podczas wysokich temperatur.<\/p>\n<ul>\n<li><strong>Du\u017ce panele meshowe na przedniej, tylnej cz\u0119\u015bci kurtki oraz r\u0119kawach<\/strong><\/li>\n<li><strong>Panele meshowe 3D na przodzie i z ty\u0142u<\/strong><\/li>\n<\/ul>\n<p>&nbsp;<\/p>\n<p><strong>Dopasowanie:<\/strong><\/p>\n<p>Kurtka JAX LADY ma regularny kr\u00f3j, z mo\u017cliwo\u015bci\u0105 regulacji obwodu r\u0119kawa na bicepsie oraz nadgarstku, biodrach i talii, co zapewnia \u015bwietne dopasowanie do sylwetki.<\/p>\n<ul>\n<li><strong>Zamek \u0142\u0105cz\u0105cy typu 8VST (kr\u00f3tki), umo\u017cliwiaj\u0105cy po\u0142\u0105czenie kurtki z jeansami<\/strong><\/li>\n<li><strong>Zamki reguluj\u0105ce dopasowanie w mankietach oraz na biodrach<\/strong><\/li>\n<li><strong>Neoprenowe wyko\u0144czenie mankiet\u00f3w i ko\u0142nierza dla jeszcze lepszego komfortu<\/strong><\/li>\n<\/ul>\n<p>&nbsp;<\/p>\n<p><strong>Komfort + Dodatkowe cechy:<\/strong><\/p>\n<p>Kurtka wyposa\u017cona jest w elastyczn\u0105 wypinan\u0105 membran\u0119 HUMAX\u00ae o parametrach 10\/10k, kt\u00f3ra zapewnia ochron\u0119 przed deszczem i wiatrem. Dodatkowo, elastyczny poliester 4-way stretch zwi\u0119ksza komfort i ergonomi\u0119 u\u017cytkowania.<\/p>\n<ul>\n<li><strong>Pullery u\u0142atwiaj\u0105ce obs\u0142ug\u0119 zamk\u00f3w, nawet w r\u0119kawicy<\/strong><\/li>\n<li><strong>Elastyczny materia\u0142 HyperStretch\u00ae<\/strong>\u00a0dla lepszego dopasowania i wygody<\/li>\n<li><strong>2 kieszenie zewn\u0119trzne zapinane na zamki na przodzie kurtki<\/strong><\/li>\n<li><strong>Sucha kiesze\u0144 (wodoodporna) wewn\u0105trz kurtki<\/strong><\/li>\n<\/ul>\n","protected":false},"excerpt":{"rendered":"<p>Kurtka motocyklowa Rebelhorn JAX LADY\u00a0\u0142\u0105czy nowoczesny design z niezawodnym bezpiecze\u0144stwem i komfortem jazdy. Dzi\u0119ki zaawansowanym ochraniaczom Armanox, ergonomicznemu krojowi oraz wykorzystaniu najwy\u017cszej jako\u015bci materia\u0142\u00f3w, jest idealnym wyborem dla motocyklistek preferuj\u0105cych dynamiczn\u0105 jazd\u0119 miejsk\u0105 oraz kr\u00f3tkie trasy. Projekt kurtki inspirowany jest ide\u0105 harmonijnego po\u0142\u0105czenia funkcjonalno\u015bci z estetyk\u0105, co wida\u0107 w ka\u017cdym detalu, od elastycznych wstawek po [&hellip;]<\/p>\n","protected":false},"featured_media":5957,"template":"","meta":[],"product_brand":[377],"product_cat":[278,337],"product_tag":[],"class_list":{"0":"post-5946","1":"product","2":"type-product","3":"status-publish","4":"has-post-thumbnail","6":"product_brand-rebelhorn","7":"product_cat-kurtki-meska","8":"product_cat-miejskie","10":"first","11":"instock","12":"taxable","13":"shipping-taxable","14":"purchasable","15":"product-type-variable"},"yoast_head":"<!-- This site is optimized with the Yoast SEO plugin v26.9 - https:\/\/yoast.com\/product\/yoast-seo-wordpress\/ -->\n<title>Kurtka motocyklowa tekstylna Rebelhorn Jax LADY Black Blue - MOTO-PAWMAR<\/title>\n<meta name=\"robots\" content=\"index, follow, max-snippet:-1, max-image-preview:large, max-video-preview:-1\" \/>\n<link rel=\"canonical\" href=\"https:\/\/moto-pawmar.pl\/?product=kurtka-motocyklowa-tekstylna-rebelhorn-jax-lady-black-blue\" \/>\n<meta property=\"og:locale\" content=\"pl_PL\" \/>\n<meta property=\"og:type\" content=\"article\" \/>\n<meta property=\"og:title\" content=\"Kurtka motocyklowa tekstylna Rebelhorn Jax LADY Black Blue - MOTO-PAWMAR\" \/>\n<meta property=\"og:description\" content=\"Kurtka motocyklowa Rebelhorn JAX LADY\u00a0\u0142\u0105czy nowoczesny design z niezawodnym bezpiecze\u0144stwem i komfortem jazdy. Dzi\u0119ki zaawansowanym ochraniaczom Armanox, ergonomicznemu krojowi oraz wykorzystaniu najwy\u017cszej jako\u015bci materia\u0142\u00f3w, jest idealnym wyborem dla motocyklistek preferuj\u0105cych dynamiczn\u0105 jazd\u0119 miejsk\u0105 oraz kr\u00f3tkie trasy. Projekt kurtki inspirowany jest ide\u0105 harmonijnego po\u0142\u0105czenia funkcjonalno\u015bci z estetyk\u0105, co wida\u0107 w ka\u017cdym detalu, od elastycznych wstawek po [&hellip;]\" \/>\n<meta property=\"og:url\" content=\"https:\/\/moto-pawmar.pl\/?product=kurtka-motocyklowa-tekstylna-rebelhorn-jax-lady-black-blue\" \/>\n<meta property=\"og:site_name\" content=\"MOTO-PAWMAR\" \/>\n<meta property=\"article:publisher\" content=\"https:\/\/www.facebook.com\/motopawmar\/?locale=pl_PL\" \/>\n<meta property=\"article:modified_time\" content=\"2025-12-09T11:00:43+00:00\" \/>\n<meta property=\"og:image\" content=\"https:\/\/moto-pawmar.pl\/wp-content\/uploads\/2025\/12\/324713_ZAL759974.jpg\" \/>\n\t<meta property=\"og:image:width\" content=\"800\" \/>\n\t<meta property=\"og:image:height\" content=\"800\" \/>\n\t<meta property=\"og:image:type\" content=\"image\/jpeg\" \/>\n<meta name=\"twitter:card\" content=\"summary_large_image\" \/>\n<meta name=\"twitter:label1\" content=\"Szacowany czas czytania\" \/>\n\t<meta name=\"twitter:data1\" content=\"2 minuty\" \/>\n<script type=\"application\/ld+json\" class=\"yoast-schema-graph\">{\"@context\":\"https:\/\/schema.org\",\"@graph\":[{\"@type\":\"WebPage\",\"@id\":\"https:\/\/moto-pawmar.pl\/?product=kurtka-motocyklowa-tekstylna-rebelhorn-jax-lady-black-blue\",\"url\":\"https:\/\/moto-pawmar.pl\/?product=kurtka-motocyklowa-tekstylna-rebelhorn-jax-lady-black-blue\",\"name\":\"Kurtka motocyklowa tekstylna Rebelhorn Jax LADY Black Blue - MOTO-PAWMAR\",\"isPartOf\":{\"@id\":\"https:\/\/moto-pawmar.pl\/#website\"},\"primaryImageOfPage\":{\"@id\":\"https:\/\/moto-pawmar.pl\/?product=kurtka-motocyklowa-tekstylna-rebelhorn-jax-lady-black-blue#primaryimage\"},\"image\":{\"@id\":\"https:\/\/moto-pawmar.pl\/?product=kurtka-motocyklowa-tekstylna-rebelhorn-jax-lady-black-blue#primaryimage\"},\"thumbnailUrl\":\"https:\/\/moto-pawmar.pl\/wp-content\/uploads\/2025\/12\/324713_ZAL759974.jpg\",\"datePublished\":\"2025-12-09T10:59:01+00:00\",\"dateModified\":\"2025-12-09T11:00:43+00:00\",\"breadcrumb\":{\"@id\":\"https:\/\/moto-pawmar.pl\/?product=kurtka-motocyklowa-tekstylna-rebelhorn-jax-lady-black-blue#breadcrumb\"},\"inLanguage\":\"pl-PL\",\"potentialAction\":[{\"@type\":\"ReadAction\",\"target\":[\"https:\/\/moto-pawmar.pl\/?product=kurtka-motocyklowa-tekstylna-rebelhorn-jax-lady-black-blue\"]}]},{\"@type\":\"ImageObject\",\"inLanguage\":\"pl-PL\",\"@id\":\"https:\/\/moto-pawmar.pl\/?product=kurtka-motocyklowa-tekstylna-rebelhorn-jax-lady-black-blue#primaryimage\",\"url\":\"https:\/\/moto-pawmar.pl\/wp-content\/uploads\/2025\/12\/324713_ZAL759974.jpg\",\"contentUrl\":\"https:\/\/moto-pawmar.pl\/wp-content\/uploads\/2025\/12\/324713_ZAL759974.jpg\",\"width\":800,\"height\":800},{\"@type\":\"BreadcrumbList\",\"@id\":\"https:\/\/moto-pawmar.pl\/?product=kurtka-motocyklowa-tekstylna-rebelhorn-jax-lady-black-blue#breadcrumb\",\"itemListElement\":[{\"@type\":\"ListItem\",\"position\":1,\"name\":\"Strona g\u0142\u00f3wna\",\"item\":\"https:\/\/moto-pawmar.pl\/\"},{\"@type\":\"ListItem\",\"position\":2,\"name\":\"Sklep Internetowy\",\"item\":\"https:\/\/moto-pawmar.pl\/?page_id=367\"},{\"@type\":\"ListItem\",\"position\":3,\"name\":\"Kurtka motocyklowa tekstylna Rebelhorn Jax LADY Black Blue\"}]},{\"@type\":\"WebSite\",\"@id\":\"https:\/\/moto-pawmar.pl\/#website\",\"url\":\"https:\/\/moto-pawmar.pl\/\",\"name\":\"MOTO-PAWMAR\",\"description\":\"MOTO\u2011PAWMAR \u2013 Tw\u00f3j sklep z cz\u0119\u015bciami i akcesoriami do motocykli, skuter\u00f3w i quad\u00f3w.\",\"publisher\":{\"@id\":\"https:\/\/moto-pawmar.pl\/#organization\"},\"potentialAction\":[{\"@type\":\"SearchAction\",\"target\":{\"@type\":\"EntryPoint\",\"urlTemplate\":\"https:\/\/moto-pawmar.pl\/?s={search_term_string}\"},\"query-input\":{\"@type\":\"PropertyValueSpecification\",\"valueRequired\":true,\"valueName\":\"search_term_string\"}}],\"inLanguage\":\"pl-PL\"},{\"@type\":\"Organization\",\"@id\":\"https:\/\/moto-pawmar.pl\/#organization\",\"name\":\"MOTO-PAWMAR\",\"url\":\"https:\/\/moto-pawmar.pl\/\",\"logo\":{\"@type\":\"ImageObject\",\"inLanguage\":\"pl-PL\",\"@id\":\"https:\/\/moto-pawmar.pl\/#\/schema\/logo\/image\/\",\"url\":\"https:\/\/moto-pawmar.pl\/wp-content\/uploads\/2025\/10\/LOGO-SKLEP.png\",\"contentUrl\":\"https:\/\/moto-pawmar.pl\/wp-content\/uploads\/2025\/10\/LOGO-SKLEP.png\",\"width\":2480,\"height\":2053,\"caption\":\"MOTO-PAWMAR\"},\"image\":{\"@id\":\"https:\/\/moto-pawmar.pl\/#\/schema\/logo\/image\/\"},\"sameAs\":[\"https:\/\/www.facebook.com\/motopawmar\/?locale=pl_PL\"]}]}<\/script>\n<!-- \/ Yoast SEO plugin. -->","yoast_head_json":{"title":"Kurtka motocyklowa tekstylna Rebelhorn Jax LADY Black Blue - MOTO-PAWMAR","robots":{"index":"index","follow":"follow","max-snippet":"max-snippet:-1","max-image-preview":"max-image-preview:large","max-video-preview":"max-video-preview:-1"},"canonical":"https:\/\/moto-pawmar.pl\/?product=kurtka-motocyklowa-tekstylna-rebelhorn-jax-lady-black-blue","og_locale":"pl_PL","og_type":"article","og_title":"Kurtka motocyklowa tekstylna Rebelhorn Jax LADY Black Blue - MOTO-PAWMAR","og_description":"Kurtka motocyklowa Rebelhorn JAX LADY\u00a0\u0142\u0105czy nowoczesny design z niezawodnym bezpiecze\u0144stwem i komfortem jazdy. Dzi\u0119ki zaawansowanym ochraniaczom Armanox, ergonomicznemu krojowi oraz wykorzystaniu najwy\u017cszej jako\u015bci materia\u0142\u00f3w, jest idealnym wyborem dla motocyklistek preferuj\u0105cych dynamiczn\u0105 jazd\u0119 miejsk\u0105 oraz kr\u00f3tkie trasy. Projekt kurtki inspirowany jest ide\u0105 harmonijnego po\u0142\u0105czenia funkcjonalno\u015bci z estetyk\u0105, co wida\u0107 w ka\u017cdym detalu, od elastycznych wstawek po [&hellip;]","og_url":"https:\/\/moto-pawmar.pl\/?product=kurtka-motocyklowa-tekstylna-rebelhorn-jax-lady-black-blue","og_site_name":"MOTO-PAWMAR","article_publisher":"https:\/\/www.facebook.com\/motopawmar\/?locale=pl_PL","article_modified_time":"2025-12-09T11:00:43+00:00","og_image":[{"width":800,"height":800,"url":"https:\/\/moto-pawmar.pl\/wp-content\/uploads\/2025\/12\/324713_ZAL759974.jpg","type":"image\/jpeg"}],"twitter_card":"summary_large_image","twitter_misc":{"Szacowany czas czytania":"2 minuty"},"schema":{"@context":"https:\/\/schema.org","@graph":[{"@type":"WebPage","@id":"https:\/\/moto-pawmar.pl\/?product=kurtka-motocyklowa-tekstylna-rebelhorn-jax-lady-black-blue","url":"https:\/\/moto-pawmar.pl\/?product=kurtka-motocyklowa-tekstylna-rebelhorn-jax-lady-black-blue","name":"Kurtka motocyklowa tekstylna Rebelhorn Jax LADY Black Blue - MOTO-PAWMAR","isPartOf":{"@id":"https:\/\/moto-pawmar.pl\/#website"},"primaryImageOfPage":{"@id":"https:\/\/moto-pawmar.pl\/?product=kurtka-motocyklowa-tekstylna-rebelhorn-jax-lady-black-blue#primaryimage"},"image":{"@id":"https:\/\/moto-pawmar.pl\/?product=kurtka-motocyklowa-tekstylna-rebelhorn-jax-lady-black-blue#primaryimage"},"thumbnailUrl":"https:\/\/moto-pawmar.pl\/wp-content\/uploads\/2025\/12\/324713_ZAL759974.jpg","datePublished":"2025-12-09T10:59:01+00:00","dateModified":"2025-12-09T11:00:43+00:00","breadcrumb":{"@id":"https:\/\/moto-pawmar.pl\/?product=kurtka-motocyklowa-tekstylna-rebelhorn-jax-lady-black-blue#breadcrumb"},"inLanguage":"pl-PL","potentialAction":[{"@type":"ReadAction","target":["https:\/\/moto-pawmar.pl\/?product=kurtka-motocyklowa-tekstylna-rebelhorn-jax-lady-black-blue"]}]},{"@type":"ImageObject","inLanguage":"pl-PL","@id":"https:\/\/moto-pawmar.pl\/?product=kurtka-motocyklowa-tekstylna-rebelhorn-jax-lady-black-blue#primaryimage","url":"https:\/\/moto-pawmar.pl\/wp-content\/uploads\/2025\/12\/324713_ZAL759974.jpg","contentUrl":"https:\/\/moto-pawmar.pl\/wp-content\/uploads\/2025\/12\/324713_ZAL759974.jpg","width":800,"height":800},{"@type":"BreadcrumbList","@id":"https:\/\/moto-pawmar.pl\/?product=kurtka-motocyklowa-tekstylna-rebelhorn-jax-lady-black-blue#breadcrumb","itemListElement":[{"@type":"ListItem","position":1,"name":"Strona g\u0142\u00f3wna","item":"https:\/\/moto-pawmar.pl\/"},{"@type":"ListItem","position":2,"name":"Sklep Internetowy","item":"https:\/\/moto-pawmar.pl\/?page_id=367"},{"@type":"ListItem","position":3,"name":"Kurtka motocyklowa tekstylna Rebelhorn Jax LADY Black Blue"}]},{"@type":"WebSite","@id":"https:\/\/moto-pawmar.pl\/#website","url":"https:\/\/moto-pawmar.pl\/","name":"MOTO-PAWMAR","description":"MOTO\u2011PAWMAR \u2013 Tw\u00f3j sklep z cz\u0119\u015bciami i akcesoriami do motocykli, skuter\u00f3w i quad\u00f3w.","publisher":{"@id":"https:\/\/moto-pawmar.pl\/#organization"},"potentialAction":[{"@type":"SearchAction","target":{"@type":"EntryPoint","urlTemplate":"https:\/\/moto-pawmar.pl\/?s={search_term_string}"},"query-input":{"@type":"PropertyValueSpecification","valueRequired":true,"valueName":"search_term_string"}}],"inLanguage":"pl-PL"},{"@type":"Organization","@id":"https:\/\/moto-pawmar.pl\/#organization","name":"MOTO-PAWMAR","url":"https:\/\/moto-pawmar.pl\/","logo":{"@type":"ImageObject","inLanguage":"pl-PL","@id":"https:\/\/moto-pawmar.pl\/#\/schema\/logo\/image\/","url":"https:\/\/moto-pawmar.pl\/wp-content\/uploads\/2025\/10\/LOGO-SKLEP.png","contentUrl":"https:\/\/moto-pawmar.pl\/wp-content\/uploads\/2025\/10\/LOGO-SKLEP.png","width":2480,"height":2053,"caption":"MOTO-PAWMAR"},"image":{"@id":"https:\/\/moto-pawmar.pl\/#\/schema\/logo\/image\/"},"sameAs":["https:\/\/www.facebook.com\/motopawmar\/?locale=pl_PL"]}]}},"_links":{"self":[{"href":"https:\/\/moto-pawmar.pl\/index.php?rest_route=\/wp\/v2\/product\/5946","targetHints":{"allow":["GET"]}}],"collection":[{"href":"https:\/\/moto-pawmar.pl\/index.php?rest_route=\/wp\/v2\/product"}],"about":[{"href":"https:\/\/moto-pawmar.pl\/index.php?rest_route=\/wp\/v2\/types\/product"}],"wp:featuredmedia":[{"embeddable":true,"href":"https:\/\/moto-pawmar.pl\/index.php?rest_route=\/wp\/v2\/media\/5957"}],"wp:attachment":[{"href":"https:\/\/moto-pawmar.pl\/index.php?rest_route=%2Fwp%2Fv2%2Fmedia&parent=5946"}],"wp:term":[{"taxonomy":"product_brand","embeddable":true,"href":"https:\/\/moto-pawmar.pl\/index.php?rest_route=%2Fwp%2Fv2%2Fproduct_brand&post=5946"},{"taxonomy":"product_cat","embeddable":true,"href":"https:\/\/moto-pawmar.pl\/index.php?rest_route=%2Fwp%2Fv2%2Fproduct_cat&post=5946"},{"taxonomy":"product_tag","embeddable":true,"href":"https:\/\/moto-pawmar.pl\/index.php?rest_route=%2Fwp%2Fv2%2Fproduct_tag&post=5946"}],"curies":[{"name":"wp","href":"https:\/\/api.w.org\/{rel}","templated":true}]}}