{"id":5887,"date":"2025-12-08T14:19:46","date_gmt":"2025-12-08T13:19:46","guid":{"rendered":"https:\/\/moto-pawmar.pl\/?post_type=product&#038;p=5887"},"modified":"2025-12-08T14:20:29","modified_gmt":"2025-12-08T13:20:29","slug":"kurtka-motocyklowa-tekstylna-rebelhorn-jax-black-grey","status":"publish","type":"product","link":"https:\/\/moto-pawmar.pl\/?product=kurtka-motocyklowa-tekstylna-rebelhorn-jax-black-grey","title":{"rendered":"Kurtka motocyklowa tekstylna Rebelhorn Jax Black Grey"},"content":{"rendered":"<p>Kurtka motocyklowa\u00a0<strong>Rebelhorn JAX<\/strong>\u00a0\u0142\u0105czy unikalny design z niezawodnym bezpiecze\u0144stwem i komfortem jazdy. Dzi\u0119ki zaawansowanym ochraniaczom, ergonomicznemu krojowi i wygl\u0105dowi, stanowi idealny wyb\u00f3r dla motocyklist\u00f3w preferuj\u0105cych dynamiczn\u0105 jazd\u0119 miejsk\u0105.\u00a0Inspiracj\u0105 dla projektanta by\u0142a idea harmonijnego po\u0142\u0105czenia cz\u0142owieka z maszyn\u0105. JAX posiada subtelnie wkomponowane elementy 3D, kt\u00f3re podkre\u015blaj\u0105 unikalno\u015b\u0107 kurtki.<\/p>\n<p><strong>Przeznaczenie:<\/strong>\u00a0Street<\/p>\n<p><strong>Liczba warstw:<\/strong>\u00a02<\/p>\n<p><strong>Warstwy:<\/strong><\/p>\n<p>Wytrzyma\u0142e materia\u0142y wysokiej jako\u015bci gwarantuj\u0105 bezpiecze\u0144stw, a\u00a0<strong>przewiewny i trwa\u0142y 3D Matrix Mesh<\/strong>\u00a0zapewnia \u015bwietn\u0105 wentylacj\u0119, bez straty na wytrzyma\u0142o\u015bci materia\u0142u. Dzi\u0119ki\u00a0<strong>membranie Humax<\/strong>\u00ae\u00a0<strong>o parametrach 10k\/10k<\/strong>, kurtka JAX zapewnia optymaln\u0105 ochron\u0119 przed warunkami atmosferycznymi.<\/p>\n<ul>\n<li>Warstwa zewn\u0119trzna: poliester 450D, poliester Ripstop, 3D Matrix Mesh, steel mesh<\/li>\n<li>Warstwa wewn\u0119trzna: wypinana membrana HUMAX \u00ae o parametrach 10\/10k<\/li>\n<\/ul>\n<p><strong>Bezpiecze\u0144stwo:<\/strong><\/p>\n<p>Kurtka JAX jest wyposa\u017cona w zestaw ochraniaczy CE-level 2, w tym ochraniacz plec\u00f3w. Spe\u0142nia wymogi drugiego poziom ochrony,\u00a0<strong>kt\u00f3ry obejmuje ca\u0142\u0105 kurtk\u0119 (AA)<\/strong>.<\/p>\n<ul>\n<li>Ochraniacze \u0142okci \u2013 CE-level 2 z mo\u017cliwo\u015bci\u0105 regulacji pozycji<\/li>\n<li>Ochraniacze bark\u00f3w \u2013 CE-level 2<\/li>\n<li><strong>Ochraniacz plec\u00f3w \u2013 CE-level 2<\/strong><\/li>\n<li>Wzmocnienia stref najbardziej nara\u017conych na przetarcia materia\u0142em\u00a0<strong>Ripstop<\/strong><\/li>\n<li><strong>Wstawki odblaskowe<\/strong>\u00a0w wielu miejscach (m.in. na barkach, plecach, \u0142okciach, ramionach) poprawiaj\u0105ce widoczno\u015b\u0107 motocyklisty po zmroku<\/li>\n<\/ul>\n<p><strong>Materia\u0142 Ripstop<\/strong>\u00a0to wytrzyma\u0142a tkanina wzmocniona poprzez dodanie w sta\u0142ych odst\u0119pach dodatkowego, mocniejszego w\u0142\u00f3kna.<\/p>\n<p><strong>Wentylacja:<\/strong><\/p>\n<p>Kurtka posiada system wentylacji oparty o materia\u0142y 3D Matrix Mesh oraz steel mesh. Dzi\u0119ki po\u0142\u0105czeniu obu materia\u0142\u00f3w kurtka idealnie sprawdzi si\u0119 podczas wysokich temperatur.<\/p>\n<ul>\n<li>du\u017ce panele ze steel meshu i 3D Matrix Meshu na przedniej i tylnej cz\u0119\u015bci kurtki oraz na r\u0119kawach<\/li>\n<\/ul>\n<p><strong>Materia\u0142 3D Matrix Mesh<\/strong>\u00a0to innowacyjna tkanina o tr\u00f3jwymiarowej strukturze, kt\u00f3ra zapewnia doskona\u0142\u0105 wentylacj\u0119, komfort i ochron\u0119. Sprawia, \u017ce ciep\u0142o i wilgo\u0107 s\u0105 odprowadzane z dala od cia\u0142a, a powietrze mo\u017ce przep\u0142ywa\u0107 pomi\u0119dzy warstwami.<\/p>\n<p><strong>Steel mesh<\/strong>\u00a0to materia\u0142, kt\u00f3ry cechuje wysoka wytrzyma\u0142o\u015b\u0107 oraz zdolno\u015b\u0107 do zapewnienia optymalnej cyrkulacji powietrza. Dzi\u0119ki tym w\u0142a\u015bciwo\u015bciom jest szeroko stosowany w produkcji odzie\u017cy motocyklowej, zapewniaj\u0105c motocyklistom komfort jazdy i ochron\u0119.<\/p>\n<p><strong>Dopasowanie:<\/strong><\/p>\n<p>Kurtka JAX ma skr\u00f3cony prz\u00f3d, kt\u00f3ry nie podwija si\u0119 podczas jazdy na motocyklu, oraz d\u0142u\u017cszy ty\u0142. Dzi\u0119ki zastosowanej regulacji zapewnia \u015bwietne dopasowanie.<\/p>\n<ul>\n<li>Zamek \u0142\u0105cz\u0105cy typu 8VST (kr\u00f3tki), umo\u017cliwiaj\u0105cy po\u0142\u0105czenie kurtki z jeansami<\/li>\n<li>Zamki reguluj\u0105ce dopasowanie w mankietach<\/li>\n<li>Neoprenowe wyko\u0144czenie mankiet\u00f3w i ko\u0142nierza dla jeszcze lepszego komfortu<\/li>\n<\/ul>\n<p>Kurtka Rebelhorn JAX pasuje do wszystkich jeans\u00f3w motocyklowych z nowej kolekcji Rebelhorn.<\/p>\n<p><strong>Dodatkowe cechy:<\/strong><\/p>\n<p>Kurtka wyposa\u017cona jest w elementy odblaskowe, kt\u00f3re poprawiaj\u0105 widoczno\u015b\u0107 motocyklisty, zwi\u0119kszaj\u0105c tym samym bezpiecze\u0144stwo bierne na drodze. Ponadto, kurtka zawiera subtelne, lecz przemy\u015blane elementy ozdobne, kt\u00f3re nawi\u0105zuj\u0105 do koncepcji projektanta, odnosz\u0105cej si\u0119 do harmonijnego po\u0142\u0105czenia cz\u0142owieka z maszyn\u0105.<\/p>\n<ul>\n<li>2 kieszenie zewn\u0119trzne zapinane na zamki<\/li>\n<li>Sucha kiesze\u0144 (wodoodporna) wewn\u0105trz<\/li>\n<li>Pullery u\u0142atwiaj\u0105ce obs\u0142ug\u0119 zamk\u00f3w, nawet w r\u0119kawicy<\/li>\n<li>Zawieszka na plecach wykonana z materia\u0142u Hypalon<\/li>\n<\/ul>\n","protected":false},"excerpt":{"rendered":"<p>Kurtka motocyklowa\u00a0Rebelhorn JAX\u00a0\u0142\u0105czy unikalny design z niezawodnym bezpiecze\u0144stwem i komfortem jazdy. Dzi\u0119ki zaawansowanym ochraniaczom, ergonomicznemu krojowi i wygl\u0105dowi, stanowi idealny wyb\u00f3r dla motocyklist\u00f3w preferuj\u0105cych dynamiczn\u0105 jazd\u0119 miejsk\u0105.\u00a0Inspiracj\u0105 dla projektanta by\u0142a idea harmonijnego po\u0142\u0105czenia cz\u0142owieka z maszyn\u0105. JAX posiada subtelnie wkomponowane elementy 3D, kt\u00f3re podkre\u015blaj\u0105 unikalno\u015b\u0107 kurtki. Przeznaczenie:\u00a0Street Liczba warstw:\u00a02 Warstwy: Wytrzyma\u0142e materia\u0142y wysokiej jako\u015bci gwarantuj\u0105 [&hellip;]<\/p>\n","protected":false},"featured_media":5897,"template":"","meta":[],"product_brand":[377],"product_cat":[278,337],"product_tag":[],"class_list":{"0":"post-5887","1":"product","2":"type-product","3":"status-publish","4":"has-post-thumbnail","6":"product_brand-rebelhorn","7":"product_cat-kurtki-meska","8":"product_cat-miejskie","10":"first","11":"instock","12":"taxable","13":"shipping-taxable","14":"purchasable","15":"product-type-variable"},"yoast_head":"<!-- This site is optimized with the Yoast SEO plugin v26.9 - https:\/\/yoast.com\/product\/yoast-seo-wordpress\/ -->\n<title>Kurtka motocyklowa tekstylna Rebelhorn Jax Black Grey - MOTO-PAWMAR<\/title>\n<meta name=\"robots\" content=\"index, follow, max-snippet:-1, max-image-preview:large, max-video-preview:-1\" \/>\n<link rel=\"canonical\" href=\"https:\/\/moto-pawmar.pl\/?product=kurtka-motocyklowa-tekstylna-rebelhorn-jax-black-grey\" \/>\n<meta property=\"og:locale\" content=\"pl_PL\" \/>\n<meta property=\"og:type\" content=\"article\" \/>\n<meta property=\"og:title\" content=\"Kurtka motocyklowa tekstylna Rebelhorn Jax Black Grey - MOTO-PAWMAR\" \/>\n<meta property=\"og:description\" content=\"Kurtka motocyklowa\u00a0Rebelhorn JAX\u00a0\u0142\u0105czy unikalny design z niezawodnym bezpiecze\u0144stwem i komfortem jazdy. Dzi\u0119ki zaawansowanym ochraniaczom, ergonomicznemu krojowi i wygl\u0105dowi, stanowi idealny wyb\u00f3r dla motocyklist\u00f3w preferuj\u0105cych dynamiczn\u0105 jazd\u0119 miejsk\u0105.\u00a0Inspiracj\u0105 dla projektanta by\u0142a idea harmonijnego po\u0142\u0105czenia cz\u0142owieka z maszyn\u0105. JAX posiada subtelnie wkomponowane elementy 3D, kt\u00f3re podkre\u015blaj\u0105 unikalno\u015b\u0107 kurtki. Przeznaczenie:\u00a0Street Liczba warstw:\u00a02 Warstwy: Wytrzyma\u0142e materia\u0142y wysokiej jako\u015bci gwarantuj\u0105 [&hellip;]\" \/>\n<meta property=\"og:url\" content=\"https:\/\/moto-pawmar.pl\/?product=kurtka-motocyklowa-tekstylna-rebelhorn-jax-black-grey\" \/>\n<meta property=\"og:site_name\" content=\"MOTO-PAWMAR\" \/>\n<meta property=\"article:publisher\" content=\"https:\/\/www.facebook.com\/motopawmar\/?locale=pl_PL\" \/>\n<meta property=\"article:modified_time\" content=\"2025-12-08T13:20:29+00:00\" \/>\n<meta property=\"og:image\" content=\"https:\/\/moto-pawmar.pl\/wp-content\/uploads\/2025\/12\/293621_ZAL687740.jpg\" \/>\n\t<meta property=\"og:image:width\" content=\"800\" \/>\n\t<meta property=\"og:image:height\" content=\"800\" \/>\n\t<meta property=\"og:image:type\" content=\"image\/jpeg\" \/>\n<meta name=\"twitter:card\" content=\"summary_large_image\" \/>\n<meta name=\"twitter:label1\" content=\"Szacowany czas czytania\" \/>\n\t<meta name=\"twitter:data1\" content=\"3 minuty\" \/>\n<script type=\"application\/ld+json\" class=\"yoast-schema-graph\">{\"@context\":\"https:\/\/schema.org\",\"@graph\":[{\"@type\":\"WebPage\",\"@id\":\"https:\/\/moto-pawmar.pl\/?product=kurtka-motocyklowa-tekstylna-rebelhorn-jax-black-grey\",\"url\":\"https:\/\/moto-pawmar.pl\/?product=kurtka-motocyklowa-tekstylna-rebelhorn-jax-black-grey\",\"name\":\"Kurtka motocyklowa tekstylna Rebelhorn Jax Black Grey - MOTO-PAWMAR\",\"isPartOf\":{\"@id\":\"https:\/\/moto-pawmar.pl\/#website\"},\"primaryImageOfPage\":{\"@id\":\"https:\/\/moto-pawmar.pl\/?product=kurtka-motocyklowa-tekstylna-rebelhorn-jax-black-grey#primaryimage\"},\"image\":{\"@id\":\"https:\/\/moto-pawmar.pl\/?product=kurtka-motocyklowa-tekstylna-rebelhorn-jax-black-grey#primaryimage\"},\"thumbnailUrl\":\"https:\/\/moto-pawmar.pl\/wp-content\/uploads\/2025\/12\/293621_ZAL687740.jpg\",\"datePublished\":\"2025-12-08T13:19:46+00:00\",\"dateModified\":\"2025-12-08T13:20:29+00:00\",\"breadcrumb\":{\"@id\":\"https:\/\/moto-pawmar.pl\/?product=kurtka-motocyklowa-tekstylna-rebelhorn-jax-black-grey#breadcrumb\"},\"inLanguage\":\"pl-PL\",\"potentialAction\":[{\"@type\":\"ReadAction\",\"target\":[\"https:\/\/moto-pawmar.pl\/?product=kurtka-motocyklowa-tekstylna-rebelhorn-jax-black-grey\"]}]},{\"@type\":\"ImageObject\",\"inLanguage\":\"pl-PL\",\"@id\":\"https:\/\/moto-pawmar.pl\/?product=kurtka-motocyklowa-tekstylna-rebelhorn-jax-black-grey#primaryimage\",\"url\":\"https:\/\/moto-pawmar.pl\/wp-content\/uploads\/2025\/12\/293621_ZAL687740.jpg\",\"contentUrl\":\"https:\/\/moto-pawmar.pl\/wp-content\/uploads\/2025\/12\/293621_ZAL687740.jpg\",\"width\":800,\"height\":800},{\"@type\":\"BreadcrumbList\",\"@id\":\"https:\/\/moto-pawmar.pl\/?product=kurtka-motocyklowa-tekstylna-rebelhorn-jax-black-grey#breadcrumb\",\"itemListElement\":[{\"@type\":\"ListItem\",\"position\":1,\"name\":\"Strona g\u0142\u00f3wna\",\"item\":\"https:\/\/moto-pawmar.pl\/\"},{\"@type\":\"ListItem\",\"position\":2,\"name\":\"Sklep Internetowy\",\"item\":\"https:\/\/moto-pawmar.pl\/?page_id=367\"},{\"@type\":\"ListItem\",\"position\":3,\"name\":\"Kurtka motocyklowa tekstylna Rebelhorn Jax Black Grey\"}]},{\"@type\":\"WebSite\",\"@id\":\"https:\/\/moto-pawmar.pl\/#website\",\"url\":\"https:\/\/moto-pawmar.pl\/\",\"name\":\"MOTO-PAWMAR\",\"description\":\"MOTO\u2011PAWMAR \u2013 Tw\u00f3j sklep z cz\u0119\u015bciami i akcesoriami do motocykli, skuter\u00f3w i quad\u00f3w.\",\"publisher\":{\"@id\":\"https:\/\/moto-pawmar.pl\/#organization\"},\"potentialAction\":[{\"@type\":\"SearchAction\",\"target\":{\"@type\":\"EntryPoint\",\"urlTemplate\":\"https:\/\/moto-pawmar.pl\/?s={search_term_string}\"},\"query-input\":{\"@type\":\"PropertyValueSpecification\",\"valueRequired\":true,\"valueName\":\"search_term_string\"}}],\"inLanguage\":\"pl-PL\"},{\"@type\":\"Organization\",\"@id\":\"https:\/\/moto-pawmar.pl\/#organization\",\"name\":\"MOTO-PAWMAR\",\"url\":\"https:\/\/moto-pawmar.pl\/\",\"logo\":{\"@type\":\"ImageObject\",\"inLanguage\":\"pl-PL\",\"@id\":\"https:\/\/moto-pawmar.pl\/#\/schema\/logo\/image\/\",\"url\":\"https:\/\/moto-pawmar.pl\/wp-content\/uploads\/2025\/10\/LOGO-SKLEP.png\",\"contentUrl\":\"https:\/\/moto-pawmar.pl\/wp-content\/uploads\/2025\/10\/LOGO-SKLEP.png\",\"width\":2480,\"height\":2053,\"caption\":\"MOTO-PAWMAR\"},\"image\":{\"@id\":\"https:\/\/moto-pawmar.pl\/#\/schema\/logo\/image\/\"},\"sameAs\":[\"https:\/\/www.facebook.com\/motopawmar\/?locale=pl_PL\"]}]}<\/script>\n<!-- \/ Yoast SEO plugin. -->","yoast_head_json":{"title":"Kurtka motocyklowa tekstylna Rebelhorn Jax Black Grey - MOTO-PAWMAR","robots":{"index":"index","follow":"follow","max-snippet":"max-snippet:-1","max-image-preview":"max-image-preview:large","max-video-preview":"max-video-preview:-1"},"canonical":"https:\/\/moto-pawmar.pl\/?product=kurtka-motocyklowa-tekstylna-rebelhorn-jax-black-grey","og_locale":"pl_PL","og_type":"article","og_title":"Kurtka motocyklowa tekstylna Rebelhorn Jax Black Grey - MOTO-PAWMAR","og_description":"Kurtka motocyklowa\u00a0Rebelhorn JAX\u00a0\u0142\u0105czy unikalny design z niezawodnym bezpiecze\u0144stwem i komfortem jazdy. Dzi\u0119ki zaawansowanym ochraniaczom, ergonomicznemu krojowi i wygl\u0105dowi, stanowi idealny wyb\u00f3r dla motocyklist\u00f3w preferuj\u0105cych dynamiczn\u0105 jazd\u0119 miejsk\u0105.\u00a0Inspiracj\u0105 dla projektanta by\u0142a idea harmonijnego po\u0142\u0105czenia cz\u0142owieka z maszyn\u0105. JAX posiada subtelnie wkomponowane elementy 3D, kt\u00f3re podkre\u015blaj\u0105 unikalno\u015b\u0107 kurtki. Przeznaczenie:\u00a0Street Liczba warstw:\u00a02 Warstwy: Wytrzyma\u0142e materia\u0142y wysokiej jako\u015bci gwarantuj\u0105 [&hellip;]","og_url":"https:\/\/moto-pawmar.pl\/?product=kurtka-motocyklowa-tekstylna-rebelhorn-jax-black-grey","og_site_name":"MOTO-PAWMAR","article_publisher":"https:\/\/www.facebook.com\/motopawmar\/?locale=pl_PL","article_modified_time":"2025-12-08T13:20:29+00:00","og_image":[{"width":800,"height":800,"url":"https:\/\/moto-pawmar.pl\/wp-content\/uploads\/2025\/12\/293621_ZAL687740.jpg","type":"image\/jpeg"}],"twitter_card":"summary_large_image","twitter_misc":{"Szacowany czas czytania":"3 minuty"},"schema":{"@context":"https:\/\/schema.org","@graph":[{"@type":"WebPage","@id":"https:\/\/moto-pawmar.pl\/?product=kurtka-motocyklowa-tekstylna-rebelhorn-jax-black-grey","url":"https:\/\/moto-pawmar.pl\/?product=kurtka-motocyklowa-tekstylna-rebelhorn-jax-black-grey","name":"Kurtka motocyklowa tekstylna Rebelhorn Jax Black Grey - MOTO-PAWMAR","isPartOf":{"@id":"https:\/\/moto-pawmar.pl\/#website"},"primaryImageOfPage":{"@id":"https:\/\/moto-pawmar.pl\/?product=kurtka-motocyklowa-tekstylna-rebelhorn-jax-black-grey#primaryimage"},"image":{"@id":"https:\/\/moto-pawmar.pl\/?product=kurtka-motocyklowa-tekstylna-rebelhorn-jax-black-grey#primaryimage"},"thumbnailUrl":"https:\/\/moto-pawmar.pl\/wp-content\/uploads\/2025\/12\/293621_ZAL687740.jpg","datePublished":"2025-12-08T13:19:46+00:00","dateModified":"2025-12-08T13:20:29+00:00","breadcrumb":{"@id":"https:\/\/moto-pawmar.pl\/?product=kurtka-motocyklowa-tekstylna-rebelhorn-jax-black-grey#breadcrumb"},"inLanguage":"pl-PL","potentialAction":[{"@type":"ReadAction","target":["https:\/\/moto-pawmar.pl\/?product=kurtka-motocyklowa-tekstylna-rebelhorn-jax-black-grey"]}]},{"@type":"ImageObject","inLanguage":"pl-PL","@id":"https:\/\/moto-pawmar.pl\/?product=kurtka-motocyklowa-tekstylna-rebelhorn-jax-black-grey#primaryimage","url":"https:\/\/moto-pawmar.pl\/wp-content\/uploads\/2025\/12\/293621_ZAL687740.jpg","contentUrl":"https:\/\/moto-pawmar.pl\/wp-content\/uploads\/2025\/12\/293621_ZAL687740.jpg","width":800,"height":800},{"@type":"BreadcrumbList","@id":"https:\/\/moto-pawmar.pl\/?product=kurtka-motocyklowa-tekstylna-rebelhorn-jax-black-grey#breadcrumb","itemListElement":[{"@type":"ListItem","position":1,"name":"Strona g\u0142\u00f3wna","item":"https:\/\/moto-pawmar.pl\/"},{"@type":"ListItem","position":2,"name":"Sklep Internetowy","item":"https:\/\/moto-pawmar.pl\/?page_id=367"},{"@type":"ListItem","position":3,"name":"Kurtka motocyklowa tekstylna Rebelhorn Jax Black Grey"}]},{"@type":"WebSite","@id":"https:\/\/moto-pawmar.pl\/#website","url":"https:\/\/moto-pawmar.pl\/","name":"MOTO-PAWMAR","description":"MOTO\u2011PAWMAR \u2013 Tw\u00f3j sklep z cz\u0119\u015bciami i akcesoriami do motocykli, skuter\u00f3w i quad\u00f3w.","publisher":{"@id":"https:\/\/moto-pawmar.pl\/#organization"},"potentialAction":[{"@type":"SearchAction","target":{"@type":"EntryPoint","urlTemplate":"https:\/\/moto-pawmar.pl\/?s={search_term_string}"},"query-input":{"@type":"PropertyValueSpecification","valueRequired":true,"valueName":"search_term_string"}}],"inLanguage":"pl-PL"},{"@type":"Organization","@id":"https:\/\/moto-pawmar.pl\/#organization","name":"MOTO-PAWMAR","url":"https:\/\/moto-pawmar.pl\/","logo":{"@type":"ImageObject","inLanguage":"pl-PL","@id":"https:\/\/moto-pawmar.pl\/#\/schema\/logo\/image\/","url":"https:\/\/moto-pawmar.pl\/wp-content\/uploads\/2025\/10\/LOGO-SKLEP.png","contentUrl":"https:\/\/moto-pawmar.pl\/wp-content\/uploads\/2025\/10\/LOGO-SKLEP.png","width":2480,"height":2053,"caption":"MOTO-PAWMAR"},"image":{"@id":"https:\/\/moto-pawmar.pl\/#\/schema\/logo\/image\/"},"sameAs":["https:\/\/www.facebook.com\/motopawmar\/?locale=pl_PL"]}]}},"_links":{"self":[{"href":"https:\/\/moto-pawmar.pl\/index.php?rest_route=\/wp\/v2\/product\/5887","targetHints":{"allow":["GET"]}}],"collection":[{"href":"https:\/\/moto-pawmar.pl\/index.php?rest_route=\/wp\/v2\/product"}],"about":[{"href":"https:\/\/moto-pawmar.pl\/index.php?rest_route=\/wp\/v2\/types\/product"}],"wp:featuredmedia":[{"embeddable":true,"href":"https:\/\/moto-pawmar.pl\/index.php?rest_route=\/wp\/v2\/media\/5897"}],"wp:attachment":[{"href":"https:\/\/moto-pawmar.pl\/index.php?rest_route=%2Fwp%2Fv2%2Fmedia&parent=5887"}],"wp:term":[{"taxonomy":"product_brand","embeddable":true,"href":"https:\/\/moto-pawmar.pl\/index.php?rest_route=%2Fwp%2Fv2%2Fproduct_brand&post=5887"},{"taxonomy":"product_cat","embeddable":true,"href":"https:\/\/moto-pawmar.pl\/index.php?rest_route=%2Fwp%2Fv2%2Fproduct_cat&post=5887"},{"taxonomy":"product_tag","embeddable":true,"href":"https:\/\/moto-pawmar.pl\/index.php?rest_route=%2Fwp%2Fv2%2Fproduct_tag&post=5887"}],"curies":[{"name":"wp","href":"https:\/\/api.w.org\/{rel}","templated":true}]}}