{"id":5696,"date":"2025-11-27T15:37:54","date_gmt":"2025-11-27T14:37:54","guid":{"rendered":"https:\/\/moto-pawmar.pl\/?post_type=product&#038;p=5696"},"modified":"2025-11-27T15:38:35","modified_gmt":"2025-11-27T14:38:35","slug":"kurtka-motocyklowa-tekstylna-rebelhorn-hiflow-5-black-grey-fluo-yellow","status":"publish","type":"product","link":"https:\/\/moto-pawmar.pl\/?product=kurtka-motocyklowa-tekstylna-rebelhorn-hiflow-5-black-grey-fluo-yellow","title":{"rendered":"Kurtka motocyklowa tekstylna Rebelhorn Hiflow 5 Black Grey Fluo Yellow"},"content":{"rendered":"<p><strong>Tekstylna, kurtka motocyklowa Rebelhorn Hiflow V<\/strong>\u00a0to wszechstronny, 3-warstwowy model idealny na miejskie przeja\u017cd\u017cki i kr\u00f3tkie trasy poza miastem. Dzi\u0119ki nowoczesnej membranie HydraShield\u2122 PRO oraz kamizelce ocieplaj\u0105cej, kurtka sprawdzi si\u0119 zar\u00f3wno w deszczu, jak i ch\u0142odniejsze dni. Panele wentylacyjne, perforacja oraz zastosowane elastyczne materia\u0142y zapewniaj\u0105 optymalny komfort termiczny i swobod\u0119 ruchu.<\/p>\n<p>Hiflow V pasuje zar\u00f3wno do jeans\u00f3w jak i dedykowanych spodni tekstylnych Rebelhorn o tej samej nazwie, co pozwala stworzy\u0107 funkcjonalny, wszechstronny zestaw na zmienne warunki pogodowe.<\/p>\n<p><strong>Przeznaczenie:<\/strong>\u00a0STREET<\/p>\n<p><strong>Dopasowanie:\u00a0<\/strong>Regular<\/p>\n<p><strong>Liczba warstw:<\/strong>\u00a03<\/p>\n<p><strong>Warstwy:<\/strong><\/p>\n<p>Hiflow V sk\u0142ada si\u0119 z trzech warstw, kt\u00f3re oferuj\u0105 wszechstronno\u015b\u0107 i komfort w r\u00f3\u017cnych warunkach atmosferycznych.<\/p>\n<ul>\n<li><strong>Warstwa zewn\u0119trzna kurtki:<\/strong>\u00a050% Poliester, 30% Poliester 4-way stretch, 20% Cordura\u00ae Ripstop, HyperStretch\u00ae<\/li>\n<li><strong>Membrana wodoodporna HydraShield\u2122 PRO in&amp;out\u00a0<\/strong>(do noszenia na zewn\u0105trz lub wewn\u0105trz kurtki)<strong>:<\/strong>\u00a0Oddychalno\u015b\u0107: 9000 g\/m\u00b2\/24h, Odporno\u015b\u0107 na wod\u0119: 18000 mm H2O<\/li>\n<li>Warstwa ocieplaj\u0105ca (kamizelka): 100% Poliester<\/li>\n<\/ul>\n<p><strong>Ochraniacze\/Bezpiecze\u0144stwo:<\/strong><\/p>\n<p>Kurtka Rebelhorn Hiflow V wyposa\u017cona jest w ochraniacze Armanox na \u0142okciach, barkach i plecach oraz spe\u0142nia wymaganianormy CE na poziomie AA. Ochraniacze \u0142okci maj\u0105 regulowan\u0105 pozycj\u0119, co pozwala na idealne dopasowanie.<\/p>\n<ul>\n<li><strong>\u0141okcie:<\/strong>\u00a0Armanox LEVEL 2 \u2013 z mo\u017cliwo\u015bcia regulacji pozycji<\/li>\n<li><strong>Barki:<\/strong>\u00a0Armanox LEVEL 2<\/li>\n<li><strong>Plecy:<\/strong>\u00a0Armanox LEVEL 2<\/li>\n<li><strong>CE LEVEL AA<\/strong><\/li>\n<\/ul>\n<p><strong>Dopasowanie:<\/strong><\/p>\n<p>Regulacja na bicepsie, przedramieniu oraz biodrach pozwala na idealne dopasowanie kurtki do sylwetki u\u017cytkownika, co zapewnia pe\u0142en komfort.<\/p>\n<ul>\n<li>Regulacja obwod\u00f3w r\u0119kawa na przedramieniu i bicepsie<\/li>\n<li>Regulacja obwodu w biodrach<\/li>\n<li>Materia\u0142 Hyperstretch\u00ae dla lepszego dopasowania<\/li>\n<\/ul>\n<p><strong>Wentylacja<\/strong>:<\/p>\n<p>Hiflow V wyposa\u017cona jest w panele wentylacyjne na przodzie, plecach i r\u0119kawach oraz dodatkowe miejscowe perforacje, kt\u00f3re zapewniaj\u0105 doskona\u0142y przep\u0142yw powietrza.<\/p>\n<ul>\n<li>Du\u017ce panele meshowe z przodu, z ty\u0142u oraz na r\u0119kawach<\/li>\n<li>Miejscowa perforacja na przedniej i tylnej cz\u0119\u015bci kurtki<\/li>\n<\/ul>\n<p><strong>Komfort + Dodatkowe cechy:<\/strong><\/p>\n<p>Dzi\u0119ki wypinanej membranie HydraShield\u2122 PRO in&amp;out oraz ocieplanej kamizelce, kurtka Hiflow V sprawdzi si\u0119 w ka\u017cdych warunkach pogodowych. Elastyczne wstawki z poliestru 4-way stretch podnosz\u0105 komfort, a neoprenowe wyko\u0144czenie mankiet\u00f3w i ko\u0142nierza zapewnia wygod\u0119.<\/p>\n<ul>\n<li><strong>Membrana HydraShield\u2122 PRO in&amp;out<\/strong>\u00a0(do noszenia na zewn\u0105trz lub wewn\u0105trz kurtki) o parametrach: wodoodporno\u015b\u0107 do 18000 mm H2O i oddychalno\u015b\u0107 9000 g\/m\u00b2\/24h<\/li>\n<li><strong>Wypinana kamizelka ocieplaj\u0105ca<\/strong>\u00a0na ch\u0142odniejsze dni<\/li>\n<li><strong>Zamki \u0142\u0105cz\u0105ce typu 8VST (360\u00b0 oraz kr\u00f3tki)<\/strong><\/li>\n<li><strong>Neoprenowe wyko\u0144czenie mankiet\u00f3w i ko\u0142nierza<\/strong><\/li>\n<li><strong>Elastyczne wstawki z poliestru 4-way stretch<\/strong><\/li>\n<li><strong>Pullery u\u0142atwiaj\u0105ce obs\u0142ug\u0119 zamk\u00f3w<\/strong><\/li>\n<\/ul>\n<p><strong>Kieszenie:<\/strong><\/p>\n<ul>\n<li>2 kieszenie zewn\u0119trzne zapinane na zamki na przodzie kurtki<\/li>\n<li>Wodoodporna kiesze\u0144 wewn\u0119trzna<\/li>\n<\/ul>\n","protected":false},"excerpt":{"rendered":"<p>Tekstylna, kurtka motocyklowa Rebelhorn Hiflow V\u00a0to wszechstronny, 3-warstwowy model idealny na miejskie przeja\u017cd\u017cki i kr\u00f3tkie trasy poza miastem. Dzi\u0119ki nowoczesnej membranie HydraShield\u2122 PRO oraz kamizelce ocieplaj\u0105cej, kurtka sprawdzi si\u0119 zar\u00f3wno w deszczu, jak i ch\u0142odniejsze dni. Panele wentylacyjne, perforacja oraz zastosowane elastyczne materia\u0142y zapewniaj\u0105 optymalny komfort termiczny i swobod\u0119 ruchu. Hiflow V pasuje zar\u00f3wno do [&hellip;]<\/p>\n","protected":false},"featured_media":5706,"template":"","meta":[],"product_brand":[377],"product_cat":[278,337],"product_tag":[],"class_list":{"0":"post-5696","1":"product","2":"type-product","3":"status-publish","4":"has-post-thumbnail","6":"product_brand-rebelhorn","7":"product_cat-kurtki-meska","8":"product_cat-miejskie","10":"first","11":"instock","12":"taxable","13":"shipping-taxable","14":"purchasable","15":"product-type-variable"},"yoast_head":"<!-- This site is optimized with the Yoast SEO plugin v26.9 - https:\/\/yoast.com\/product\/yoast-seo-wordpress\/ -->\n<title>Kurtka motocyklowa tekstylna Rebelhorn Hiflow 5 Black Grey Fluo Yellow - MOTO-PAWMAR<\/title>\n<meta name=\"robots\" content=\"index, follow, max-snippet:-1, max-image-preview:large, max-video-preview:-1\" \/>\n<link rel=\"canonical\" href=\"https:\/\/moto-pawmar.pl\/?product=kurtka-motocyklowa-tekstylna-rebelhorn-hiflow-5-black-grey-fluo-yellow\" \/>\n<meta property=\"og:locale\" content=\"pl_PL\" \/>\n<meta property=\"og:type\" content=\"article\" \/>\n<meta property=\"og:title\" content=\"Kurtka motocyklowa tekstylna Rebelhorn Hiflow 5 Black Grey Fluo Yellow - MOTO-PAWMAR\" \/>\n<meta property=\"og:description\" content=\"Tekstylna, kurtka motocyklowa Rebelhorn Hiflow V\u00a0to wszechstronny, 3-warstwowy model idealny na miejskie przeja\u017cd\u017cki i kr\u00f3tkie trasy poza miastem. Dzi\u0119ki nowoczesnej membranie HydraShield\u2122 PRO oraz kamizelce ocieplaj\u0105cej, kurtka sprawdzi si\u0119 zar\u00f3wno w deszczu, jak i ch\u0142odniejsze dni. Panele wentylacyjne, perforacja oraz zastosowane elastyczne materia\u0142y zapewniaj\u0105 optymalny komfort termiczny i swobod\u0119 ruchu. Hiflow V pasuje zar\u00f3wno do [&hellip;]\" \/>\n<meta property=\"og:url\" content=\"https:\/\/moto-pawmar.pl\/?product=kurtka-motocyklowa-tekstylna-rebelhorn-hiflow-5-black-grey-fluo-yellow\" \/>\n<meta property=\"og:site_name\" content=\"MOTO-PAWMAR\" \/>\n<meta property=\"article:publisher\" content=\"https:\/\/www.facebook.com\/motopawmar\/?locale=pl_PL\" \/>\n<meta property=\"article:modified_time\" content=\"2025-11-27T14:38:35+00:00\" \/>\n<meta property=\"og:image\" content=\"https:\/\/moto-pawmar.pl\/wp-content\/uploads\/2025\/11\/323629_ZAL800148.jpg\" \/>\n\t<meta property=\"og:image:width\" content=\"800\" \/>\n\t<meta property=\"og:image:height\" content=\"800\" \/>\n\t<meta property=\"og:image:type\" content=\"image\/jpeg\" \/>\n<meta name=\"twitter:card\" content=\"summary_large_image\" \/>\n<meta name=\"twitter:label1\" content=\"Szacowany czas czytania\" \/>\n\t<meta name=\"twitter:data1\" content=\"2 minuty\" \/>\n<script type=\"application\/ld+json\" class=\"yoast-schema-graph\">{\"@context\":\"https:\/\/schema.org\",\"@graph\":[{\"@type\":\"WebPage\",\"@id\":\"https:\/\/moto-pawmar.pl\/?product=kurtka-motocyklowa-tekstylna-rebelhorn-hiflow-5-black-grey-fluo-yellow\",\"url\":\"https:\/\/moto-pawmar.pl\/?product=kurtka-motocyklowa-tekstylna-rebelhorn-hiflow-5-black-grey-fluo-yellow\",\"name\":\"Kurtka motocyklowa tekstylna Rebelhorn Hiflow 5 Black Grey Fluo Yellow - MOTO-PAWMAR\",\"isPartOf\":{\"@id\":\"https:\/\/moto-pawmar.pl\/#website\"},\"primaryImageOfPage\":{\"@id\":\"https:\/\/moto-pawmar.pl\/?product=kurtka-motocyklowa-tekstylna-rebelhorn-hiflow-5-black-grey-fluo-yellow#primaryimage\"},\"image\":{\"@id\":\"https:\/\/moto-pawmar.pl\/?product=kurtka-motocyklowa-tekstylna-rebelhorn-hiflow-5-black-grey-fluo-yellow#primaryimage\"},\"thumbnailUrl\":\"https:\/\/moto-pawmar.pl\/wp-content\/uploads\/2025\/11\/323629_ZAL800148.jpg\",\"datePublished\":\"2025-11-27T14:37:54+00:00\",\"dateModified\":\"2025-11-27T14:38:35+00:00\",\"breadcrumb\":{\"@id\":\"https:\/\/moto-pawmar.pl\/?product=kurtka-motocyklowa-tekstylna-rebelhorn-hiflow-5-black-grey-fluo-yellow#breadcrumb\"},\"inLanguage\":\"pl-PL\",\"potentialAction\":[{\"@type\":\"ReadAction\",\"target\":[\"https:\/\/moto-pawmar.pl\/?product=kurtka-motocyklowa-tekstylna-rebelhorn-hiflow-5-black-grey-fluo-yellow\"]}]},{\"@type\":\"ImageObject\",\"inLanguage\":\"pl-PL\",\"@id\":\"https:\/\/moto-pawmar.pl\/?product=kurtka-motocyklowa-tekstylna-rebelhorn-hiflow-5-black-grey-fluo-yellow#primaryimage\",\"url\":\"https:\/\/moto-pawmar.pl\/wp-content\/uploads\/2025\/11\/323629_ZAL800148.jpg\",\"contentUrl\":\"https:\/\/moto-pawmar.pl\/wp-content\/uploads\/2025\/11\/323629_ZAL800148.jpg\",\"width\":800,\"height\":800},{\"@type\":\"BreadcrumbList\",\"@id\":\"https:\/\/moto-pawmar.pl\/?product=kurtka-motocyklowa-tekstylna-rebelhorn-hiflow-5-black-grey-fluo-yellow#breadcrumb\",\"itemListElement\":[{\"@type\":\"ListItem\",\"position\":1,\"name\":\"Strona g\u0142\u00f3wna\",\"item\":\"https:\/\/moto-pawmar.pl\/\"},{\"@type\":\"ListItem\",\"position\":2,\"name\":\"Sklep Internetowy\",\"item\":\"https:\/\/moto-pawmar.pl\/?page_id=367\"},{\"@type\":\"ListItem\",\"position\":3,\"name\":\"Kurtka motocyklowa tekstylna Rebelhorn Hiflow 5 Black Grey Fluo Yellow\"}]},{\"@type\":\"WebSite\",\"@id\":\"https:\/\/moto-pawmar.pl\/#website\",\"url\":\"https:\/\/moto-pawmar.pl\/\",\"name\":\"MOTO-PAWMAR\",\"description\":\"MOTO\u2011PAWMAR \u2013 Tw\u00f3j sklep z cz\u0119\u015bciami i akcesoriami do motocykli, skuter\u00f3w i quad\u00f3w.\",\"publisher\":{\"@id\":\"https:\/\/moto-pawmar.pl\/#organization\"},\"potentialAction\":[{\"@type\":\"SearchAction\",\"target\":{\"@type\":\"EntryPoint\",\"urlTemplate\":\"https:\/\/moto-pawmar.pl\/?s={search_term_string}\"},\"query-input\":{\"@type\":\"PropertyValueSpecification\",\"valueRequired\":true,\"valueName\":\"search_term_string\"}}],\"inLanguage\":\"pl-PL\"},{\"@type\":\"Organization\",\"@id\":\"https:\/\/moto-pawmar.pl\/#organization\",\"name\":\"MOTO-PAWMAR\",\"url\":\"https:\/\/moto-pawmar.pl\/\",\"logo\":{\"@type\":\"ImageObject\",\"inLanguage\":\"pl-PL\",\"@id\":\"https:\/\/moto-pawmar.pl\/#\/schema\/logo\/image\/\",\"url\":\"https:\/\/moto-pawmar.pl\/wp-content\/uploads\/2025\/10\/LOGO-SKLEP.png\",\"contentUrl\":\"https:\/\/moto-pawmar.pl\/wp-content\/uploads\/2025\/10\/LOGO-SKLEP.png\",\"width\":2480,\"height\":2053,\"caption\":\"MOTO-PAWMAR\"},\"image\":{\"@id\":\"https:\/\/moto-pawmar.pl\/#\/schema\/logo\/image\/\"},\"sameAs\":[\"https:\/\/www.facebook.com\/motopawmar\/?locale=pl_PL\"]}]}<\/script>\n<!-- \/ Yoast SEO plugin. -->","yoast_head_json":{"title":"Kurtka motocyklowa tekstylna Rebelhorn Hiflow 5 Black Grey Fluo Yellow - MOTO-PAWMAR","robots":{"index":"index","follow":"follow","max-snippet":"max-snippet:-1","max-image-preview":"max-image-preview:large","max-video-preview":"max-video-preview:-1"},"canonical":"https:\/\/moto-pawmar.pl\/?product=kurtka-motocyklowa-tekstylna-rebelhorn-hiflow-5-black-grey-fluo-yellow","og_locale":"pl_PL","og_type":"article","og_title":"Kurtka motocyklowa tekstylna Rebelhorn Hiflow 5 Black Grey Fluo Yellow - MOTO-PAWMAR","og_description":"Tekstylna, kurtka motocyklowa Rebelhorn Hiflow V\u00a0to wszechstronny, 3-warstwowy model idealny na miejskie przeja\u017cd\u017cki i kr\u00f3tkie trasy poza miastem. Dzi\u0119ki nowoczesnej membranie HydraShield\u2122 PRO oraz kamizelce ocieplaj\u0105cej, kurtka sprawdzi si\u0119 zar\u00f3wno w deszczu, jak i ch\u0142odniejsze dni. Panele wentylacyjne, perforacja oraz zastosowane elastyczne materia\u0142y zapewniaj\u0105 optymalny komfort termiczny i swobod\u0119 ruchu. Hiflow V pasuje zar\u00f3wno do [&hellip;]","og_url":"https:\/\/moto-pawmar.pl\/?product=kurtka-motocyklowa-tekstylna-rebelhorn-hiflow-5-black-grey-fluo-yellow","og_site_name":"MOTO-PAWMAR","article_publisher":"https:\/\/www.facebook.com\/motopawmar\/?locale=pl_PL","article_modified_time":"2025-11-27T14:38:35+00:00","og_image":[{"width":800,"height":800,"url":"https:\/\/moto-pawmar.pl\/wp-content\/uploads\/2025\/11\/323629_ZAL800148.jpg","type":"image\/jpeg"}],"twitter_card":"summary_large_image","twitter_misc":{"Szacowany czas czytania":"2 minuty"},"schema":{"@context":"https:\/\/schema.org","@graph":[{"@type":"WebPage","@id":"https:\/\/moto-pawmar.pl\/?product=kurtka-motocyklowa-tekstylna-rebelhorn-hiflow-5-black-grey-fluo-yellow","url":"https:\/\/moto-pawmar.pl\/?product=kurtka-motocyklowa-tekstylna-rebelhorn-hiflow-5-black-grey-fluo-yellow","name":"Kurtka motocyklowa tekstylna Rebelhorn Hiflow 5 Black Grey Fluo Yellow - MOTO-PAWMAR","isPartOf":{"@id":"https:\/\/moto-pawmar.pl\/#website"},"primaryImageOfPage":{"@id":"https:\/\/moto-pawmar.pl\/?product=kurtka-motocyklowa-tekstylna-rebelhorn-hiflow-5-black-grey-fluo-yellow#primaryimage"},"image":{"@id":"https:\/\/moto-pawmar.pl\/?product=kurtka-motocyklowa-tekstylna-rebelhorn-hiflow-5-black-grey-fluo-yellow#primaryimage"},"thumbnailUrl":"https:\/\/moto-pawmar.pl\/wp-content\/uploads\/2025\/11\/323629_ZAL800148.jpg","datePublished":"2025-11-27T14:37:54+00:00","dateModified":"2025-11-27T14:38:35+00:00","breadcrumb":{"@id":"https:\/\/moto-pawmar.pl\/?product=kurtka-motocyklowa-tekstylna-rebelhorn-hiflow-5-black-grey-fluo-yellow#breadcrumb"},"inLanguage":"pl-PL","potentialAction":[{"@type":"ReadAction","target":["https:\/\/moto-pawmar.pl\/?product=kurtka-motocyklowa-tekstylna-rebelhorn-hiflow-5-black-grey-fluo-yellow"]}]},{"@type":"ImageObject","inLanguage":"pl-PL","@id":"https:\/\/moto-pawmar.pl\/?product=kurtka-motocyklowa-tekstylna-rebelhorn-hiflow-5-black-grey-fluo-yellow#primaryimage","url":"https:\/\/moto-pawmar.pl\/wp-content\/uploads\/2025\/11\/323629_ZAL800148.jpg","contentUrl":"https:\/\/moto-pawmar.pl\/wp-content\/uploads\/2025\/11\/323629_ZAL800148.jpg","width":800,"height":800},{"@type":"BreadcrumbList","@id":"https:\/\/moto-pawmar.pl\/?product=kurtka-motocyklowa-tekstylna-rebelhorn-hiflow-5-black-grey-fluo-yellow#breadcrumb","itemListElement":[{"@type":"ListItem","position":1,"name":"Strona g\u0142\u00f3wna","item":"https:\/\/moto-pawmar.pl\/"},{"@type":"ListItem","position":2,"name":"Sklep Internetowy","item":"https:\/\/moto-pawmar.pl\/?page_id=367"},{"@type":"ListItem","position":3,"name":"Kurtka motocyklowa tekstylna Rebelhorn Hiflow 5 Black Grey Fluo Yellow"}]},{"@type":"WebSite","@id":"https:\/\/moto-pawmar.pl\/#website","url":"https:\/\/moto-pawmar.pl\/","name":"MOTO-PAWMAR","description":"MOTO\u2011PAWMAR \u2013 Tw\u00f3j sklep z cz\u0119\u015bciami i akcesoriami do motocykli, skuter\u00f3w i quad\u00f3w.","publisher":{"@id":"https:\/\/moto-pawmar.pl\/#organization"},"potentialAction":[{"@type":"SearchAction","target":{"@type":"EntryPoint","urlTemplate":"https:\/\/moto-pawmar.pl\/?s={search_term_string}"},"query-input":{"@type":"PropertyValueSpecification","valueRequired":true,"valueName":"search_term_string"}}],"inLanguage":"pl-PL"},{"@type":"Organization","@id":"https:\/\/moto-pawmar.pl\/#organization","name":"MOTO-PAWMAR","url":"https:\/\/moto-pawmar.pl\/","logo":{"@type":"ImageObject","inLanguage":"pl-PL","@id":"https:\/\/moto-pawmar.pl\/#\/schema\/logo\/image\/","url":"https:\/\/moto-pawmar.pl\/wp-content\/uploads\/2025\/10\/LOGO-SKLEP.png","contentUrl":"https:\/\/moto-pawmar.pl\/wp-content\/uploads\/2025\/10\/LOGO-SKLEP.png","width":2480,"height":2053,"caption":"MOTO-PAWMAR"},"image":{"@id":"https:\/\/moto-pawmar.pl\/#\/schema\/logo\/image\/"},"sameAs":["https:\/\/www.facebook.com\/motopawmar\/?locale=pl_PL"]}]}},"_links":{"self":[{"href":"https:\/\/moto-pawmar.pl\/index.php?rest_route=\/wp\/v2\/product\/5696","targetHints":{"allow":["GET"]}}],"collection":[{"href":"https:\/\/moto-pawmar.pl\/index.php?rest_route=\/wp\/v2\/product"}],"about":[{"href":"https:\/\/moto-pawmar.pl\/index.php?rest_route=\/wp\/v2\/types\/product"}],"wp:featuredmedia":[{"embeddable":true,"href":"https:\/\/moto-pawmar.pl\/index.php?rest_route=\/wp\/v2\/media\/5706"}],"wp:attachment":[{"href":"https:\/\/moto-pawmar.pl\/index.php?rest_route=%2Fwp%2Fv2%2Fmedia&parent=5696"}],"wp:term":[{"taxonomy":"product_brand","embeddable":true,"href":"https:\/\/moto-pawmar.pl\/index.php?rest_route=%2Fwp%2Fv2%2Fproduct_brand&post=5696"},{"taxonomy":"product_cat","embeddable":true,"href":"https:\/\/moto-pawmar.pl\/index.php?rest_route=%2Fwp%2Fv2%2Fproduct_cat&post=5696"},{"taxonomy":"product_tag","embeddable":true,"href":"https:\/\/moto-pawmar.pl\/index.php?rest_route=%2Fwp%2Fv2%2Fproduct_tag&post=5696"}],"curies":[{"name":"wp","href":"https:\/\/api.w.org\/{rel}","templated":true}]}}