{"id":565,"date":"2025-10-09T12:03:31","date_gmt":"2025-10-09T10:03:31","guid":{"rendered":"https:\/\/serwer391440.lh.pl\/autoinstalator\/serwer391440.lh.pl\/wordpress138691\/?post_type=product&#038;p=565"},"modified":"2025-11-24T09:10:43","modified_gmt":"2025-11-24T08:10:43","slug":"kask-ls2-ff353-rapid-iii-solid-matt-black-3xl","status":"publish","type":"product","link":"https:\/\/moto-pawmar.pl\/?product=kask-ls2-ff353-rapid-iii-solid-matt-black-3xl","title":{"rendered":"KASK LS2 FF353 RAPID II SOLID MATT BLACK"},"content":{"rendered":"<p><strong><em>MODEL:\u00a0Kask Integralny<span class=\"productPageName\">\u00a0LS2 FF353\u00a0II\u00a0MATT BLACK-06 ( czarny matt )<br \/>\n<\/span><\/em><\/strong><\/p>\n<p align=\"center\"><strong><em><span class=\"productPageName\">\u00a0<\/span><\/em><\/strong>Nowy Model&#8230; 2024\/2025\u00a0 !<\/p>\n<p>LS2 to hiszpa\u0144ska technologia i propozycja dla os\u00f3b, kt\u00f3re ceni\u0105 komfort i nowoczesny design. Kaski s\u0105 dok\u0142adne lakierowane, posiadaj\u0105 niet\u0142uk\u0105c\u0105 szybk\u0119 z poliw\u0119glanu, oraz\u00a0 systemy wentylacji. Ciekawe wzornictwo, znakomite wykonanie, wysoka funkcjonalno\u015b\u0107 to kaski LS2.<\/p>\n<p><strong>FF353 RAPID II to kolejna ods\u0142ona FF353 Rapid jednak ju\u017c z najnowsz\u0105 homologacj\u0105\u00a0<\/strong>ECE 22.06\u00a0<strong>nast\u0119pcy\u00a0znanego i lubianego\u00a0 Kasku LS2 FF352 a wcze\u015bniej FF351\u00a0&#8211; jest\u00a0\u00a0to atestowany\u00a0 kask\u00a0 Integralny. Kaski LS2 s\u0105 dobrze znane i cenione za wykonanie, wzornictwo oraz atrakcyjn\u0105 cen\u0119.<\/strong><\/p>\n<p><strong>Kaski LS2, FF350.1, FF351.1<\/strong><br \/>\n<strong>Cechy Kasku RAPID FF353 II<\/strong><\/p>\n<p>MATERIA\u0141: HPTT,\u00a0 WAGA: 1350\u00b150 g<br \/>\nHOMOLOGACJA ECE 22.06<br \/>\nSKORUPA TRZY ROZMIARY<br \/>\nWENTYLACJA WENTYLOWANY EPS, WLOT G\u00d3RNY, WLOT DOLNY, WYLOT TYLNY<br \/>\nWIZJER SZYBKI DEMONTA\u017b, ANTI-SCRATCH, ANTI-FOG, ANTI-UV,<br \/>\nPRZYSTOSOWANY DO MONTA\u017bU PINLOCKA<br \/>\nBEZPIECZE\u0143STWO ZAPI\u0118CIE MIKROMETRYCZNE, WZMOCNIONY PASEK,<br \/>\nEPS O ZR\u00d3\u017bNICOWANEJ G\u0118STO\u015aCI<br \/>\nKOMFORT WYJMOWANE WN\u0118TRZE, TKANINA ODDYCHAJ\u0104CA, TKANINA<br \/>\nHYPOALERGICZNA, LASER-CUT FOAM<\/p>\n<p><strong>Nosek, podbr\u00f3dek oraz mocowanie Pinlocka w Standardzie !<\/strong><\/p>\n","protected":false},"excerpt":{"rendered":"<p>MODEL:\u00a0Kask Integralny\u00a0LS2 FF353\u00a0II\u00a0MATT BLACK-06 ( czarny matt ) \u00a0Nowy Model&#8230; 2024\/2025\u00a0 ! LS2 to hiszpa\u0144ska technologia i propozycja dla os\u00f3b, kt\u00f3re ceni\u0105 komfort i nowoczesny design. Kaski s\u0105 dok\u0142adne lakierowane, posiadaj\u0105 niet\u0142uk\u0105c\u0105 szybk\u0119 z poliw\u0119glanu, oraz\u00a0 systemy wentylacji. Ciekawe wzornictwo, znakomite wykonanie, wysoka funkcjonalno\u015b\u0107 to kaski LS2. FF353 RAPID II to kolejna ods\u0142ona FF353 Rapid [&hellip;]<\/p>\n","protected":false},"featured_media":2305,"template":"","meta":[],"product_brand":[338],"product_cat":[297,272],"product_tag":[],"class_list":{"0":"post-565","1":"product","2":"type-product","3":"status-publish","4":"has-post-thumbnail","6":"product_brand-ls2","7":"product_cat-kaski-integralne","8":"product_cat-kaski","10":"first","11":"instock","12":"taxable","13":"shipping-taxable","14":"purchasable","15":"product-type-variable"},"yoast_head":"<!-- This site is optimized with the Yoast SEO plugin v26.9 - https:\/\/yoast.com\/product\/yoast-seo-wordpress\/ -->\n<title>KASK LS2 FF353 RAPID II SOLID MATT BLACK - MOTO-PAWMAR<\/title>\n<meta name=\"robots\" content=\"index, follow, max-snippet:-1, max-image-preview:large, max-video-preview:-1\" \/>\n<link rel=\"canonical\" href=\"https:\/\/moto-pawmar.pl\/?product=kask-ls2-ff353-rapid-iii-solid-matt-black-3xl\" \/>\n<meta property=\"og:locale\" content=\"pl_PL\" \/>\n<meta property=\"og:type\" content=\"article\" \/>\n<meta property=\"og:title\" content=\"KASK LS2 FF353 RAPID II SOLID MATT BLACK - MOTO-PAWMAR\" \/>\n<meta property=\"og:description\" content=\"MODEL:\u00a0Kask Integralny\u00a0LS2 FF353\u00a0II\u00a0MATT BLACK-06 ( czarny matt ) \u00a0Nowy Model&#8230; 2024\/2025\u00a0 ! LS2 to hiszpa\u0144ska technologia i propozycja dla os\u00f3b, kt\u00f3re ceni\u0105 komfort i nowoczesny design. Kaski s\u0105 dok\u0142adne lakierowane, posiadaj\u0105 niet\u0142uk\u0105c\u0105 szybk\u0119 z poliw\u0119glanu, oraz\u00a0 systemy wentylacji. Ciekawe wzornictwo, znakomite wykonanie, wysoka funkcjonalno\u015b\u0107 to kaski LS2. FF353 RAPID II to kolejna ods\u0142ona FF353 Rapid [&hellip;]\" \/>\n<meta property=\"og:url\" content=\"https:\/\/moto-pawmar.pl\/?product=kask-ls2-ff353-rapid-iii-solid-matt-black-3xl\" \/>\n<meta property=\"og:site_name\" content=\"MOTO-PAWMAR\" \/>\n<meta property=\"article:publisher\" content=\"https:\/\/www.facebook.com\/motopawmar\/?locale=pl_PL\" \/>\n<meta property=\"article:modified_time\" content=\"2025-11-24T08:10:43+00:00\" \/>\n<meta property=\"og:image\" content=\"https:\/\/moto-pawmar.pl\/wp-content\/uploads\/2025\/10\/AK1635310118_big.jpg\" \/>\n\t<meta property=\"og:image:width\" content=\"600\" \/>\n\t<meta property=\"og:image:height\" content=\"600\" \/>\n\t<meta property=\"og:image:type\" content=\"image\/jpeg\" \/>\n<meta name=\"twitter:card\" content=\"summary_large_image\" \/>\n<meta name=\"twitter:label1\" content=\"Szacowany czas czytania\" \/>\n\t<meta name=\"twitter:data1\" content=\"1 minuta\" \/>\n<script type=\"application\/ld+json\" class=\"yoast-schema-graph\">{\"@context\":\"https:\/\/schema.org\",\"@graph\":[{\"@type\":\"WebPage\",\"@id\":\"https:\/\/moto-pawmar.pl\/?product=kask-ls2-ff353-rapid-iii-solid-matt-black-3xl\",\"url\":\"https:\/\/moto-pawmar.pl\/?product=kask-ls2-ff353-rapid-iii-solid-matt-black-3xl\",\"name\":\"KASK LS2 FF353 RAPID II SOLID MATT BLACK - MOTO-PAWMAR\",\"isPartOf\":{\"@id\":\"https:\/\/moto-pawmar.pl\/#website\"},\"primaryImageOfPage\":{\"@id\":\"https:\/\/moto-pawmar.pl\/?product=kask-ls2-ff353-rapid-iii-solid-matt-black-3xl#primaryimage\"},\"image\":{\"@id\":\"https:\/\/moto-pawmar.pl\/?product=kask-ls2-ff353-rapid-iii-solid-matt-black-3xl#primaryimage\"},\"thumbnailUrl\":\"https:\/\/moto-pawmar.pl\/wp-content\/uploads\/2025\/10\/AK1635310118_big.jpg\",\"datePublished\":\"2025-10-09T10:03:31+00:00\",\"dateModified\":\"2025-11-24T08:10:43+00:00\",\"breadcrumb\":{\"@id\":\"https:\/\/moto-pawmar.pl\/?product=kask-ls2-ff353-rapid-iii-solid-matt-black-3xl#breadcrumb\"},\"inLanguage\":\"pl-PL\",\"potentialAction\":[{\"@type\":\"ReadAction\",\"target\":[\"https:\/\/moto-pawmar.pl\/?product=kask-ls2-ff353-rapid-iii-solid-matt-black-3xl\"]}]},{\"@type\":\"ImageObject\",\"inLanguage\":\"pl-PL\",\"@id\":\"https:\/\/moto-pawmar.pl\/?product=kask-ls2-ff353-rapid-iii-solid-matt-black-3xl#primaryimage\",\"url\":\"https:\/\/moto-pawmar.pl\/wp-content\/uploads\/2025\/10\/AK1635310118_big.jpg\",\"contentUrl\":\"https:\/\/moto-pawmar.pl\/wp-content\/uploads\/2025\/10\/AK1635310118_big.jpg\",\"width\":600,\"height\":600},{\"@type\":\"BreadcrumbList\",\"@id\":\"https:\/\/moto-pawmar.pl\/?product=kask-ls2-ff353-rapid-iii-solid-matt-black-3xl#breadcrumb\",\"itemListElement\":[{\"@type\":\"ListItem\",\"position\":1,\"name\":\"Strona g\u0142\u00f3wna\",\"item\":\"https:\/\/moto-pawmar.pl\/\"},{\"@type\":\"ListItem\",\"position\":2,\"name\":\"Sklep Internetowy\",\"item\":\"https:\/\/moto-pawmar.pl\/?page_id=367\"},{\"@type\":\"ListItem\",\"position\":3,\"name\":\"KASK LS2 FF353 RAPID II SOLID MATT BLACK\"}]},{\"@type\":\"WebSite\",\"@id\":\"https:\/\/moto-pawmar.pl\/#website\",\"url\":\"https:\/\/moto-pawmar.pl\/\",\"name\":\"MOTO-PAWMAR\",\"description\":\"MOTO\u2011PAWMAR \u2013 Tw\u00f3j sklep z cz\u0119\u015bciami i akcesoriami do motocykli, skuter\u00f3w i quad\u00f3w.\",\"publisher\":{\"@id\":\"https:\/\/moto-pawmar.pl\/#organization\"},\"potentialAction\":[{\"@type\":\"SearchAction\",\"target\":{\"@type\":\"EntryPoint\",\"urlTemplate\":\"https:\/\/moto-pawmar.pl\/?s={search_term_string}\"},\"query-input\":{\"@type\":\"PropertyValueSpecification\",\"valueRequired\":true,\"valueName\":\"search_term_string\"}}],\"inLanguage\":\"pl-PL\"},{\"@type\":\"Organization\",\"@id\":\"https:\/\/moto-pawmar.pl\/#organization\",\"name\":\"MOTO-PAWMAR\",\"url\":\"https:\/\/moto-pawmar.pl\/\",\"logo\":{\"@type\":\"ImageObject\",\"inLanguage\":\"pl-PL\",\"@id\":\"https:\/\/moto-pawmar.pl\/#\/schema\/logo\/image\/\",\"url\":\"https:\/\/moto-pawmar.pl\/wp-content\/uploads\/2025\/10\/LOGO-SKLEP.png\",\"contentUrl\":\"https:\/\/moto-pawmar.pl\/wp-content\/uploads\/2025\/10\/LOGO-SKLEP.png\",\"width\":2480,\"height\":2053,\"caption\":\"MOTO-PAWMAR\"},\"image\":{\"@id\":\"https:\/\/moto-pawmar.pl\/#\/schema\/logo\/image\/\"},\"sameAs\":[\"https:\/\/www.facebook.com\/motopawmar\/?locale=pl_PL\"]}]}<\/script>\n<!-- \/ Yoast SEO plugin. -->","yoast_head_json":{"title":"KASK LS2 FF353 RAPID II SOLID MATT BLACK - MOTO-PAWMAR","robots":{"index":"index","follow":"follow","max-snippet":"max-snippet:-1","max-image-preview":"max-image-preview:large","max-video-preview":"max-video-preview:-1"},"canonical":"https:\/\/moto-pawmar.pl\/?product=kask-ls2-ff353-rapid-iii-solid-matt-black-3xl","og_locale":"pl_PL","og_type":"article","og_title":"KASK LS2 FF353 RAPID II SOLID MATT BLACK - MOTO-PAWMAR","og_description":"MODEL:\u00a0Kask Integralny\u00a0LS2 FF353\u00a0II\u00a0MATT BLACK-06 ( czarny matt ) \u00a0Nowy Model&#8230; 2024\/2025\u00a0 ! LS2 to hiszpa\u0144ska technologia i propozycja dla os\u00f3b, kt\u00f3re ceni\u0105 komfort i nowoczesny design. Kaski s\u0105 dok\u0142adne lakierowane, posiadaj\u0105 niet\u0142uk\u0105c\u0105 szybk\u0119 z poliw\u0119glanu, oraz\u00a0 systemy wentylacji. Ciekawe wzornictwo, znakomite wykonanie, wysoka funkcjonalno\u015b\u0107 to kaski LS2. FF353 RAPID II to kolejna ods\u0142ona FF353 Rapid [&hellip;]","og_url":"https:\/\/moto-pawmar.pl\/?product=kask-ls2-ff353-rapid-iii-solid-matt-black-3xl","og_site_name":"MOTO-PAWMAR","article_publisher":"https:\/\/www.facebook.com\/motopawmar\/?locale=pl_PL","article_modified_time":"2025-11-24T08:10:43+00:00","og_image":[{"width":600,"height":600,"url":"https:\/\/moto-pawmar.pl\/wp-content\/uploads\/2025\/10\/AK1635310118_big.jpg","type":"image\/jpeg"}],"twitter_card":"summary_large_image","twitter_misc":{"Szacowany czas czytania":"1 minuta"},"schema":{"@context":"https:\/\/schema.org","@graph":[{"@type":"WebPage","@id":"https:\/\/moto-pawmar.pl\/?product=kask-ls2-ff353-rapid-iii-solid-matt-black-3xl","url":"https:\/\/moto-pawmar.pl\/?product=kask-ls2-ff353-rapid-iii-solid-matt-black-3xl","name":"KASK LS2 FF353 RAPID II SOLID MATT BLACK - MOTO-PAWMAR","isPartOf":{"@id":"https:\/\/moto-pawmar.pl\/#website"},"primaryImageOfPage":{"@id":"https:\/\/moto-pawmar.pl\/?product=kask-ls2-ff353-rapid-iii-solid-matt-black-3xl#primaryimage"},"image":{"@id":"https:\/\/moto-pawmar.pl\/?product=kask-ls2-ff353-rapid-iii-solid-matt-black-3xl#primaryimage"},"thumbnailUrl":"https:\/\/moto-pawmar.pl\/wp-content\/uploads\/2025\/10\/AK1635310118_big.jpg","datePublished":"2025-10-09T10:03:31+00:00","dateModified":"2025-11-24T08:10:43+00:00","breadcrumb":{"@id":"https:\/\/moto-pawmar.pl\/?product=kask-ls2-ff353-rapid-iii-solid-matt-black-3xl#breadcrumb"},"inLanguage":"pl-PL","potentialAction":[{"@type":"ReadAction","target":["https:\/\/moto-pawmar.pl\/?product=kask-ls2-ff353-rapid-iii-solid-matt-black-3xl"]}]},{"@type":"ImageObject","inLanguage":"pl-PL","@id":"https:\/\/moto-pawmar.pl\/?product=kask-ls2-ff353-rapid-iii-solid-matt-black-3xl#primaryimage","url":"https:\/\/moto-pawmar.pl\/wp-content\/uploads\/2025\/10\/AK1635310118_big.jpg","contentUrl":"https:\/\/moto-pawmar.pl\/wp-content\/uploads\/2025\/10\/AK1635310118_big.jpg","width":600,"height":600},{"@type":"BreadcrumbList","@id":"https:\/\/moto-pawmar.pl\/?product=kask-ls2-ff353-rapid-iii-solid-matt-black-3xl#breadcrumb","itemListElement":[{"@type":"ListItem","position":1,"name":"Strona g\u0142\u00f3wna","item":"https:\/\/moto-pawmar.pl\/"},{"@type":"ListItem","position":2,"name":"Sklep Internetowy","item":"https:\/\/moto-pawmar.pl\/?page_id=367"},{"@type":"ListItem","position":3,"name":"KASK LS2 FF353 RAPID II SOLID MATT BLACK"}]},{"@type":"WebSite","@id":"https:\/\/moto-pawmar.pl\/#website","url":"https:\/\/moto-pawmar.pl\/","name":"MOTO-PAWMAR","description":"MOTO\u2011PAWMAR \u2013 Tw\u00f3j sklep z cz\u0119\u015bciami i akcesoriami do motocykli, skuter\u00f3w i quad\u00f3w.","publisher":{"@id":"https:\/\/moto-pawmar.pl\/#organization"},"potentialAction":[{"@type":"SearchAction","target":{"@type":"EntryPoint","urlTemplate":"https:\/\/moto-pawmar.pl\/?s={search_term_string}"},"query-input":{"@type":"PropertyValueSpecification","valueRequired":true,"valueName":"search_term_string"}}],"inLanguage":"pl-PL"},{"@type":"Organization","@id":"https:\/\/moto-pawmar.pl\/#organization","name":"MOTO-PAWMAR","url":"https:\/\/moto-pawmar.pl\/","logo":{"@type":"ImageObject","inLanguage":"pl-PL","@id":"https:\/\/moto-pawmar.pl\/#\/schema\/logo\/image\/","url":"https:\/\/moto-pawmar.pl\/wp-content\/uploads\/2025\/10\/LOGO-SKLEP.png","contentUrl":"https:\/\/moto-pawmar.pl\/wp-content\/uploads\/2025\/10\/LOGO-SKLEP.png","width":2480,"height":2053,"caption":"MOTO-PAWMAR"},"image":{"@id":"https:\/\/moto-pawmar.pl\/#\/schema\/logo\/image\/"},"sameAs":["https:\/\/www.facebook.com\/motopawmar\/?locale=pl_PL"]}]}},"_links":{"self":[{"href":"https:\/\/moto-pawmar.pl\/index.php?rest_route=\/wp\/v2\/product\/565","targetHints":{"allow":["GET"]}}],"collection":[{"href":"https:\/\/moto-pawmar.pl\/index.php?rest_route=\/wp\/v2\/product"}],"about":[{"href":"https:\/\/moto-pawmar.pl\/index.php?rest_route=\/wp\/v2\/types\/product"}],"wp:featuredmedia":[{"embeddable":true,"href":"https:\/\/moto-pawmar.pl\/index.php?rest_route=\/wp\/v2\/media\/2305"}],"wp:attachment":[{"href":"https:\/\/moto-pawmar.pl\/index.php?rest_route=%2Fwp%2Fv2%2Fmedia&parent=565"}],"wp:term":[{"taxonomy":"product_brand","embeddable":true,"href":"https:\/\/moto-pawmar.pl\/index.php?rest_route=%2Fwp%2Fv2%2Fproduct_brand&post=565"},{"taxonomy":"product_cat","embeddable":true,"href":"https:\/\/moto-pawmar.pl\/index.php?rest_route=%2Fwp%2Fv2%2Fproduct_cat&post=565"},{"taxonomy":"product_tag","embeddable":true,"href":"https:\/\/moto-pawmar.pl\/index.php?rest_route=%2Fwp%2Fv2%2Fproduct_tag&post=565"}],"curies":[{"name":"wp","href":"https:\/\/api.w.org\/{rel}","templated":true}]}}