{"id":5575,"date":"2025-11-27T15:02:36","date_gmt":"2025-11-27T14:02:36","guid":{"rendered":"https:\/\/moto-pawmar.pl\/?post_type=product&#038;p=5575"},"modified":"2025-11-27T15:06:11","modified_gmt":"2025-11-27T14:06:11","slug":"kurtka-motocyklowa-tekstylna-rebelhorn-hardy-3-0-desert-grey-red","status":"publish","type":"product","link":"https:\/\/moto-pawmar.pl\/?product=kurtka-motocyklowa-tekstylna-rebelhorn-hardy-3-0-desert-grey-red","title":{"rendered":"Kurtka motocyklowa tekstylna Rebelhorn Hardy 3.0 Desert Grey Red"},"content":{"rendered":"<p><strong>Tekstylna kurtka motocyklowa Rebelhorn Hardy 3.0<\/strong>\u00a0to zaawansowany technicznie, 3-warstwowy model zaprojektowany do ka\u017cdego rodzaju podr\u00f3\u017cy, niezale\u017cnie od dystansu i warunk\u00f3w atmosferycznych. Dzi\u0119ki innowacyjnej membranie HydraShield\u2122 PRO in&amp;out oraz kamizelce ocieplaj\u0105cej, Hardy 3.0 doskonale sprawdza si\u0119 w ka\u017cdej pogodzie, zapewniaj\u0105c komfort termiczny i ochron\u0119 przed deszczem oraz wiatrem. Wykonana z wytrzyma\u0142ego i elastycznego materia\u0142u HyperStretch\u00ae, kurtka oferuje pe\u0142n\u0105 swobod\u0119 ruchu oraz optymaln\u0105 ergonomi\u0119 u\u017cytkowania.<\/p>\n<p>&nbsp;<\/p>\n<p><strong>Przeznaczenie:<\/strong>\u00a0Tour<\/p>\n<p><strong>Dopasowanie:<\/strong>\u00a0Regular<\/p>\n<p><strong>Liczba warstw:<\/strong>\u00a03<\/p>\n<p><strong>Warstwy:<\/strong><\/p>\n<p>Kurtka Rebelhorn Hardy 3.0 sk\u0142ada si\u0119 z trzech funkcjonalnych warstw, kt\u00f3re zapewniaj\u0105 wygod\u0119, ochron\u0119 przed warunkami atmosferycznymi i komfort termiczny.<\/p>\n<ul>\n<li><strong>Warstwa zewn\u0119trzna kurtki:<\/strong>\u00a0HyperStretch\u00ae, Cordura Ripstop &#8211; 100% Poliester, 100% Nylon<\/li>\n<li><strong>Membrana wodoodporna HydraShield\u2122 PRO in&amp;out\u00a0<\/strong>(do noszenia wewn\u0105trz lub na zewn\u0105trz kurtki)<\/li>\n<li><strong>Warstwa ocieplaj\u0105ca (kamizelka)<\/strong>: 100% Nylon, 100% Poliester<\/li>\n<\/ul>\n<p><strong>Ochraniacze\/Bezpiecze\u0144stwo:<\/strong><\/p>\n<p>Rebelhorn Hardy 3.0 zapewnia pe\u0142ne bezpiecze\u0144stwo dzi\u0119ki ochraniaczom Armanox na \u0142okciach, barkach i plecach oraz spe\u0142nia normy CE LEVEL AA. Ochraniacze \u0142okci maj\u0105 trzystopniow\u0105 regulacj\u0119 pozycji, co pozwala na idealne dopasowanie.<\/p>\n<ul>\n<li><strong>\u0141okcie:<\/strong>\u00a0Armanox 302 E\/K LEVEL 2 \u2013 3-stopniowa regulacja<\/li>\n<li><strong>Barki:<\/strong>\u00a0Armanox 402 S LEVEL 2<\/li>\n<li><strong>Plecy:<\/strong>\u00a0Armanox 203-L FB LEVEL 2<\/li>\n<li><strong>CE Level AA<\/strong><\/li>\n<\/ul>\n<p><strong>Dopasowanie:<\/strong><\/p>\n<p>Kurtka oferuje wiele opcji regulacji, kt\u00f3re pozwalaj\u0105 na dostosowanie do sylwetki u\u017cytkownika, zapewniaj\u0105c pe\u0142en komfort.<\/p>\n<ul>\n<li><strong>Regulacja obwod\u00f3w r\u0119kawa na przedramieniu i bicepsie<\/strong><\/li>\n<li><strong>Regulacja obwodu korpusu w talii<\/strong><\/li>\n<li><strong>Regulacja dopasowania ochraniacza plec\u00f3w<\/strong><\/li>\n<li><strong>Mo\u017cliwo\u015b\u0107 zwi\u0119kszenia obwodu bioder dzi\u0119ki rozpinanemu klinowi<\/strong><\/li>\n<li><strong>Regulacja obwodu ko\u0142nierza i mankiet\u00f3w<\/strong><\/li>\n<\/ul>\n<p><strong>Wentylacja:<\/strong><\/p>\n<p>System wentylacyjny Hardy 3.0 sk\u0142ada si\u0119 z licznych paneli i kana\u0142\u00f3w wentylacyjnych, co pozwala na utrzymanie komfortu termicznego podczas intensywnej jazdy i w upalne dni.<\/p>\n<ul>\n<li><strong>2 du\u017ce panele wentylacyjne na przodzie kurtki<\/strong><\/li>\n<li><strong>4 kana\u0142y wentylacyjne na r\u0119kawach<\/strong><\/li>\n<li><strong>Du\u017cy otwierany panel wentylacyjny na plecach<\/strong><\/li>\n<li><strong>Centralny kana\u0142 wentylacyjny<\/strong><\/li>\n<\/ul>\n<p><strong>Komfort + Dodatkowe cechy:<\/strong><\/p>\n<p>Rebelhorn Hardy 3.0 jest wyposa\u017cona w innowacyjn\u0105 membran\u0119 HydraShield\u2122 PRO, kt\u00f3r\u0105 mo\u017cna za\u0142o\u017cy\u0107 na wierzch kurtki lub nosi\u0107 pod spodem. Dodatkowo, elastyczny materia\u0142 HyperStretch\u00ae zwi\u0119ksza ergonomi\u0119, a system magnetycznego zapi\u0119cia umo\u017cliwia wygodne otwieranie wentylacji podczas jazdy.<\/p>\n<ul>\n<li><strong>Membrana HydraShield\u2122 PRO typu in&amp;out<\/strong>\u00a0z mo\u017cliwo\u015bci\u0105 wyd\u0142u\u017cenia do\u0142u<\/li>\n<li>Kana\u0142y wentylacyjne zaprojektowane z my\u015bl\u0105 o \u0142atwej obs\u0142udze podczas jazdy<\/li>\n<li>Zamki \u0142\u0105cz\u0105ce typu 8VST (360\u00b0 i kr\u00f3tki)<\/li>\n<li><strong>Elastyczny materia\u0142 HyperStretch\u00ae<\/strong>\u00a0dla lepszego dopasowania i wygody<\/li>\n<li><strong>Blokada ko\u0142nierza w pozycji otwartej<\/strong><\/li>\n<li><strong>Wewn\u0119trzna kamizelka ocieplaj\u0105ca<\/strong>, kt\u00f3r\u0105 mo\u017cna nosi\u0107 osobno<\/li>\n<li>Centralna klapa z magnetycznym zapi\u0119ciem i blokad\u0105 w pozycji otwartej<\/li>\n<li><strong>Podszewka QuickDry<\/strong><\/li>\n<li><strong>W zestawie kamizelka odblaskowa montowana na plecach\u00a0<\/strong>(poprawia widoczno\u015b\u0107 motocyklisty podczas z\u0142ych warunk\u00f3w atmosferycznych)<\/li>\n<\/ul>\n<p><strong>Kieszenie:<\/strong><\/p>\n<ul>\n<li>2 du\u017ce kieszenie zewn\u0119trzne z przodu<\/li>\n<li>Kieszenie typu Quick Dry z przodu<\/li>\n<li>Du\u017ca kiesze\u0144 Quick Dry z ty\u0142u<\/li>\n<li>Wodoodporna kiesze\u0144 typu key-pocket<\/li>\n<li>Du\u017ca kiesze\u0144 z ty\u0142u z bocznym suwakiem<\/li>\n<li>Kiesze\u0144 na kart\u0119 na r\u0119kawie<\/li>\n<li>Wodoodporna wewn\u0119trzna kiesze\u0144, zapewniaj\u0105ca przep\u0142yw powietrza z kana\u0142\u00f3w wentylacyjnych<\/li>\n<\/ul>\n","protected":false},"excerpt":{"rendered":"<p>Tekstylna kurtka motocyklowa Rebelhorn Hardy 3.0\u00a0to zaawansowany technicznie, 3-warstwowy model zaprojektowany do ka\u017cdego rodzaju podr\u00f3\u017cy, niezale\u017cnie od dystansu i warunk\u00f3w atmosferycznych. Dzi\u0119ki innowacyjnej membranie HydraShield\u2122 PRO in&amp;out oraz kamizelce ocieplaj\u0105cej, Hardy 3.0 doskonale sprawdza si\u0119 w ka\u017cdej pogodzie, zapewniaj\u0105c komfort termiczny i ochron\u0119 przed deszczem oraz wiatrem. Wykonana z wytrzyma\u0142ego i elastycznego materia\u0142u HyperStretch\u00ae, kurtka [&hellip;]<\/p>\n","protected":false},"featured_media":5587,"template":"","meta":[],"product_brand":[377],"product_cat":[278,372],"product_tag":[],"class_list":{"0":"post-5575","1":"product","2":"type-product","3":"status-publish","4":"has-post-thumbnail","6":"product_brand-rebelhorn","7":"product_cat-kurtki-meska","8":"product_cat-turystyczne","10":"first","11":"instock","12":"taxable","13":"shipping-taxable","14":"purchasable","15":"product-type-variable"},"yoast_head":"<!-- This site is optimized with the Yoast SEO plugin v26.9 - https:\/\/yoast.com\/product\/yoast-seo-wordpress\/ -->\n<title>Kurtka motocyklowa tekstylna Rebelhorn Hardy 3.0 Desert Grey Red - MOTO-PAWMAR<\/title>\n<meta name=\"robots\" content=\"index, follow, max-snippet:-1, max-image-preview:large, max-video-preview:-1\" \/>\n<link rel=\"canonical\" href=\"https:\/\/moto-pawmar.pl\/?product=kurtka-motocyklowa-tekstylna-rebelhorn-hardy-3-0-desert-grey-red\" \/>\n<meta property=\"og:locale\" content=\"pl_PL\" \/>\n<meta property=\"og:type\" content=\"article\" \/>\n<meta property=\"og:title\" content=\"Kurtka motocyklowa tekstylna Rebelhorn Hardy 3.0 Desert Grey Red - MOTO-PAWMAR\" \/>\n<meta property=\"og:description\" content=\"Tekstylna kurtka motocyklowa Rebelhorn Hardy 3.0\u00a0to zaawansowany technicznie, 3-warstwowy model zaprojektowany do ka\u017cdego rodzaju podr\u00f3\u017cy, niezale\u017cnie od dystansu i warunk\u00f3w atmosferycznych. Dzi\u0119ki innowacyjnej membranie HydraShield\u2122 PRO in&amp;out oraz kamizelce ocieplaj\u0105cej, Hardy 3.0 doskonale sprawdza si\u0119 w ka\u017cdej pogodzie, zapewniaj\u0105c komfort termiczny i ochron\u0119 przed deszczem oraz wiatrem. Wykonana z wytrzyma\u0142ego i elastycznego materia\u0142u HyperStretch\u00ae, kurtka [&hellip;]\" \/>\n<meta property=\"og:url\" content=\"https:\/\/moto-pawmar.pl\/?product=kurtka-motocyklowa-tekstylna-rebelhorn-hardy-3-0-desert-grey-red\" \/>\n<meta property=\"og:site_name\" content=\"MOTO-PAWMAR\" \/>\n<meta property=\"article:publisher\" content=\"https:\/\/www.facebook.com\/motopawmar\/?locale=pl_PL\" \/>\n<meta property=\"article:modified_time\" content=\"2025-11-27T14:06:11+00:00\" \/>\n<meta property=\"og:image\" content=\"https:\/\/moto-pawmar.pl\/wp-content\/uploads\/2025\/11\/324122_ZAL793162.jpg\" \/>\n\t<meta property=\"og:image:width\" content=\"800\" \/>\n\t<meta property=\"og:image:height\" content=\"800\" \/>\n\t<meta property=\"og:image:type\" content=\"image\/jpeg\" \/>\n<meta name=\"twitter:card\" content=\"summary_large_image\" \/>\n<meta name=\"twitter:label1\" content=\"Szacowany czas czytania\" \/>\n\t<meta name=\"twitter:data1\" content=\"2 minuty\" \/>\n<script type=\"application\/ld+json\" class=\"yoast-schema-graph\">{\"@context\":\"https:\/\/schema.org\",\"@graph\":[{\"@type\":\"WebPage\",\"@id\":\"https:\/\/moto-pawmar.pl\/?product=kurtka-motocyklowa-tekstylna-rebelhorn-hardy-3-0-desert-grey-red\",\"url\":\"https:\/\/moto-pawmar.pl\/?product=kurtka-motocyklowa-tekstylna-rebelhorn-hardy-3-0-desert-grey-red\",\"name\":\"Kurtka motocyklowa tekstylna Rebelhorn Hardy 3.0 Desert Grey Red - MOTO-PAWMAR\",\"isPartOf\":{\"@id\":\"https:\/\/moto-pawmar.pl\/#website\"},\"primaryImageOfPage\":{\"@id\":\"https:\/\/moto-pawmar.pl\/?product=kurtka-motocyklowa-tekstylna-rebelhorn-hardy-3-0-desert-grey-red#primaryimage\"},\"image\":{\"@id\":\"https:\/\/moto-pawmar.pl\/?product=kurtka-motocyklowa-tekstylna-rebelhorn-hardy-3-0-desert-grey-red#primaryimage\"},\"thumbnailUrl\":\"https:\/\/moto-pawmar.pl\/wp-content\/uploads\/2025\/11\/324122_ZAL793162.jpg\",\"datePublished\":\"2025-11-27T14:02:36+00:00\",\"dateModified\":\"2025-11-27T14:06:11+00:00\",\"breadcrumb\":{\"@id\":\"https:\/\/moto-pawmar.pl\/?product=kurtka-motocyklowa-tekstylna-rebelhorn-hardy-3-0-desert-grey-red#breadcrumb\"},\"inLanguage\":\"pl-PL\",\"potentialAction\":[{\"@type\":\"ReadAction\",\"target\":[\"https:\/\/moto-pawmar.pl\/?product=kurtka-motocyklowa-tekstylna-rebelhorn-hardy-3-0-desert-grey-red\"]}]},{\"@type\":\"ImageObject\",\"inLanguage\":\"pl-PL\",\"@id\":\"https:\/\/moto-pawmar.pl\/?product=kurtka-motocyklowa-tekstylna-rebelhorn-hardy-3-0-desert-grey-red#primaryimage\",\"url\":\"https:\/\/moto-pawmar.pl\/wp-content\/uploads\/2025\/11\/324122_ZAL793162.jpg\",\"contentUrl\":\"https:\/\/moto-pawmar.pl\/wp-content\/uploads\/2025\/11\/324122_ZAL793162.jpg\",\"width\":800,\"height\":800},{\"@type\":\"BreadcrumbList\",\"@id\":\"https:\/\/moto-pawmar.pl\/?product=kurtka-motocyklowa-tekstylna-rebelhorn-hardy-3-0-desert-grey-red#breadcrumb\",\"itemListElement\":[{\"@type\":\"ListItem\",\"position\":1,\"name\":\"Strona g\u0142\u00f3wna\",\"item\":\"https:\/\/moto-pawmar.pl\/\"},{\"@type\":\"ListItem\",\"position\":2,\"name\":\"Sklep Internetowy\",\"item\":\"https:\/\/moto-pawmar.pl\/?page_id=367\"},{\"@type\":\"ListItem\",\"position\":3,\"name\":\"Kurtka motocyklowa tekstylna Rebelhorn Hardy 3.0 Desert Grey Red\"}]},{\"@type\":\"WebSite\",\"@id\":\"https:\/\/moto-pawmar.pl\/#website\",\"url\":\"https:\/\/moto-pawmar.pl\/\",\"name\":\"MOTO-PAWMAR\",\"description\":\"MOTO\u2011PAWMAR \u2013 Tw\u00f3j sklep z cz\u0119\u015bciami i akcesoriami do motocykli, skuter\u00f3w i quad\u00f3w.\",\"publisher\":{\"@id\":\"https:\/\/moto-pawmar.pl\/#organization\"},\"potentialAction\":[{\"@type\":\"SearchAction\",\"target\":{\"@type\":\"EntryPoint\",\"urlTemplate\":\"https:\/\/moto-pawmar.pl\/?s={search_term_string}\"},\"query-input\":{\"@type\":\"PropertyValueSpecification\",\"valueRequired\":true,\"valueName\":\"search_term_string\"}}],\"inLanguage\":\"pl-PL\"},{\"@type\":\"Organization\",\"@id\":\"https:\/\/moto-pawmar.pl\/#organization\",\"name\":\"MOTO-PAWMAR\",\"url\":\"https:\/\/moto-pawmar.pl\/\",\"logo\":{\"@type\":\"ImageObject\",\"inLanguage\":\"pl-PL\",\"@id\":\"https:\/\/moto-pawmar.pl\/#\/schema\/logo\/image\/\",\"url\":\"https:\/\/moto-pawmar.pl\/wp-content\/uploads\/2025\/10\/LOGO-SKLEP.png\",\"contentUrl\":\"https:\/\/moto-pawmar.pl\/wp-content\/uploads\/2025\/10\/LOGO-SKLEP.png\",\"width\":2480,\"height\":2053,\"caption\":\"MOTO-PAWMAR\"},\"image\":{\"@id\":\"https:\/\/moto-pawmar.pl\/#\/schema\/logo\/image\/\"},\"sameAs\":[\"https:\/\/www.facebook.com\/motopawmar\/?locale=pl_PL\"]}]}<\/script>\n<!-- \/ Yoast SEO plugin. -->","yoast_head_json":{"title":"Kurtka motocyklowa tekstylna Rebelhorn Hardy 3.0 Desert Grey Red - MOTO-PAWMAR","robots":{"index":"index","follow":"follow","max-snippet":"max-snippet:-1","max-image-preview":"max-image-preview:large","max-video-preview":"max-video-preview:-1"},"canonical":"https:\/\/moto-pawmar.pl\/?product=kurtka-motocyklowa-tekstylna-rebelhorn-hardy-3-0-desert-grey-red","og_locale":"pl_PL","og_type":"article","og_title":"Kurtka motocyklowa tekstylna Rebelhorn Hardy 3.0 Desert Grey Red - MOTO-PAWMAR","og_description":"Tekstylna kurtka motocyklowa Rebelhorn Hardy 3.0\u00a0to zaawansowany technicznie, 3-warstwowy model zaprojektowany do ka\u017cdego rodzaju podr\u00f3\u017cy, niezale\u017cnie od dystansu i warunk\u00f3w atmosferycznych. Dzi\u0119ki innowacyjnej membranie HydraShield\u2122 PRO in&amp;out oraz kamizelce ocieplaj\u0105cej, Hardy 3.0 doskonale sprawdza si\u0119 w ka\u017cdej pogodzie, zapewniaj\u0105c komfort termiczny i ochron\u0119 przed deszczem oraz wiatrem. Wykonana z wytrzyma\u0142ego i elastycznego materia\u0142u HyperStretch\u00ae, kurtka [&hellip;]","og_url":"https:\/\/moto-pawmar.pl\/?product=kurtka-motocyklowa-tekstylna-rebelhorn-hardy-3-0-desert-grey-red","og_site_name":"MOTO-PAWMAR","article_publisher":"https:\/\/www.facebook.com\/motopawmar\/?locale=pl_PL","article_modified_time":"2025-11-27T14:06:11+00:00","og_image":[{"width":800,"height":800,"url":"https:\/\/moto-pawmar.pl\/wp-content\/uploads\/2025\/11\/324122_ZAL793162.jpg","type":"image\/jpeg"}],"twitter_card":"summary_large_image","twitter_misc":{"Szacowany czas czytania":"2 minuty"},"schema":{"@context":"https:\/\/schema.org","@graph":[{"@type":"WebPage","@id":"https:\/\/moto-pawmar.pl\/?product=kurtka-motocyklowa-tekstylna-rebelhorn-hardy-3-0-desert-grey-red","url":"https:\/\/moto-pawmar.pl\/?product=kurtka-motocyklowa-tekstylna-rebelhorn-hardy-3-0-desert-grey-red","name":"Kurtka motocyklowa tekstylna Rebelhorn Hardy 3.0 Desert Grey Red - MOTO-PAWMAR","isPartOf":{"@id":"https:\/\/moto-pawmar.pl\/#website"},"primaryImageOfPage":{"@id":"https:\/\/moto-pawmar.pl\/?product=kurtka-motocyklowa-tekstylna-rebelhorn-hardy-3-0-desert-grey-red#primaryimage"},"image":{"@id":"https:\/\/moto-pawmar.pl\/?product=kurtka-motocyklowa-tekstylna-rebelhorn-hardy-3-0-desert-grey-red#primaryimage"},"thumbnailUrl":"https:\/\/moto-pawmar.pl\/wp-content\/uploads\/2025\/11\/324122_ZAL793162.jpg","datePublished":"2025-11-27T14:02:36+00:00","dateModified":"2025-11-27T14:06:11+00:00","breadcrumb":{"@id":"https:\/\/moto-pawmar.pl\/?product=kurtka-motocyklowa-tekstylna-rebelhorn-hardy-3-0-desert-grey-red#breadcrumb"},"inLanguage":"pl-PL","potentialAction":[{"@type":"ReadAction","target":["https:\/\/moto-pawmar.pl\/?product=kurtka-motocyklowa-tekstylna-rebelhorn-hardy-3-0-desert-grey-red"]}]},{"@type":"ImageObject","inLanguage":"pl-PL","@id":"https:\/\/moto-pawmar.pl\/?product=kurtka-motocyklowa-tekstylna-rebelhorn-hardy-3-0-desert-grey-red#primaryimage","url":"https:\/\/moto-pawmar.pl\/wp-content\/uploads\/2025\/11\/324122_ZAL793162.jpg","contentUrl":"https:\/\/moto-pawmar.pl\/wp-content\/uploads\/2025\/11\/324122_ZAL793162.jpg","width":800,"height":800},{"@type":"BreadcrumbList","@id":"https:\/\/moto-pawmar.pl\/?product=kurtka-motocyklowa-tekstylna-rebelhorn-hardy-3-0-desert-grey-red#breadcrumb","itemListElement":[{"@type":"ListItem","position":1,"name":"Strona g\u0142\u00f3wna","item":"https:\/\/moto-pawmar.pl\/"},{"@type":"ListItem","position":2,"name":"Sklep Internetowy","item":"https:\/\/moto-pawmar.pl\/?page_id=367"},{"@type":"ListItem","position":3,"name":"Kurtka motocyklowa tekstylna Rebelhorn Hardy 3.0 Desert Grey Red"}]},{"@type":"WebSite","@id":"https:\/\/moto-pawmar.pl\/#website","url":"https:\/\/moto-pawmar.pl\/","name":"MOTO-PAWMAR","description":"MOTO\u2011PAWMAR \u2013 Tw\u00f3j sklep z cz\u0119\u015bciami i akcesoriami do motocykli, skuter\u00f3w i quad\u00f3w.","publisher":{"@id":"https:\/\/moto-pawmar.pl\/#organization"},"potentialAction":[{"@type":"SearchAction","target":{"@type":"EntryPoint","urlTemplate":"https:\/\/moto-pawmar.pl\/?s={search_term_string}"},"query-input":{"@type":"PropertyValueSpecification","valueRequired":true,"valueName":"search_term_string"}}],"inLanguage":"pl-PL"},{"@type":"Organization","@id":"https:\/\/moto-pawmar.pl\/#organization","name":"MOTO-PAWMAR","url":"https:\/\/moto-pawmar.pl\/","logo":{"@type":"ImageObject","inLanguage":"pl-PL","@id":"https:\/\/moto-pawmar.pl\/#\/schema\/logo\/image\/","url":"https:\/\/moto-pawmar.pl\/wp-content\/uploads\/2025\/10\/LOGO-SKLEP.png","contentUrl":"https:\/\/moto-pawmar.pl\/wp-content\/uploads\/2025\/10\/LOGO-SKLEP.png","width":2480,"height":2053,"caption":"MOTO-PAWMAR"},"image":{"@id":"https:\/\/moto-pawmar.pl\/#\/schema\/logo\/image\/"},"sameAs":["https:\/\/www.facebook.com\/motopawmar\/?locale=pl_PL"]}]}},"_links":{"self":[{"href":"https:\/\/moto-pawmar.pl\/index.php?rest_route=\/wp\/v2\/product\/5575","targetHints":{"allow":["GET"]}}],"collection":[{"href":"https:\/\/moto-pawmar.pl\/index.php?rest_route=\/wp\/v2\/product"}],"about":[{"href":"https:\/\/moto-pawmar.pl\/index.php?rest_route=\/wp\/v2\/types\/product"}],"wp:featuredmedia":[{"embeddable":true,"href":"https:\/\/moto-pawmar.pl\/index.php?rest_route=\/wp\/v2\/media\/5587"}],"wp:attachment":[{"href":"https:\/\/moto-pawmar.pl\/index.php?rest_route=%2Fwp%2Fv2%2Fmedia&parent=5575"}],"wp:term":[{"taxonomy":"product_brand","embeddable":true,"href":"https:\/\/moto-pawmar.pl\/index.php?rest_route=%2Fwp%2Fv2%2Fproduct_brand&post=5575"},{"taxonomy":"product_cat","embeddable":true,"href":"https:\/\/moto-pawmar.pl\/index.php?rest_route=%2Fwp%2Fv2%2Fproduct_cat&post=5575"},{"taxonomy":"product_tag","embeddable":true,"href":"https:\/\/moto-pawmar.pl\/index.php?rest_route=%2Fwp%2Fv2%2Fproduct_tag&post=5575"}],"curies":[{"name":"wp","href":"https:\/\/api.w.org\/{rel}","templated":true}]}}