{"id":5357,"date":"2025-11-27T14:07:23","date_gmt":"2025-11-27T13:07:23","guid":{"rendered":"https:\/\/moto-pawmar.pl\/?post_type=product&#038;p=5357"},"modified":"2025-11-27T14:09:04","modified_gmt":"2025-11-27T13:09:04","slug":"kurtka-motocyklowa-tekstylna-rebelhorn-borg-2-black-grey-fluo-yellow","status":"publish","type":"product","link":"https:\/\/moto-pawmar.pl\/?product=kurtka-motocyklowa-tekstylna-rebelhorn-borg-2-black-grey-fluo-yellow","title":{"rendered":"Kurtka motocyklowa tekstylna Rebelhorn Borg 2 Black Grey Fluo Yellow"},"content":{"rendered":"<p><strong>Tekstylna kurtka motocyklowa Rebelhorn Borg II<\/strong>\u00a0to wszechstronny, dwuwarstwowy model zaprojektowany dla motocyklist\u00f3w poszukuj\u0105cych funkcjonalno\u015bci i komfortu zar\u00f3wno podczas jazdy miejskiej, jak i d\u0142u\u017cszych tras. Wykonana z elastycznego i wytrzyma\u0142ego poliestru 4-way stretch, kurtka Rebelhorn Borg II oferuje doskona\u0142\u0105 ergonomi\u0119 i pe\u0142en zakres ruchu. Dzi\u0119ki innowacyjnej membranie HydraShield\u2122 PRO, kt\u00f3r\u0105 mo\u017cna zak\u0142ada\u0107 zar\u00f3wno pod kurtk\u0119, jak i na wierzch, Rebelhorn Borg II sprawdzi si\u0119 w zmiennych warunkach atmosferycznych, zapewniaj\u0105c ochron\u0119 przed deszczem i wiatrem.<\/p>\n<p>&nbsp;<\/p>\n<p><strong>Przeznaczenie:<\/strong>\u00a0STREET\/TOUR<\/p>\n<p><strong>Dopasowanie:<\/strong>\u00a0Regular<\/p>\n<p><strong>Liczba warstw:<\/strong>\u00a02<\/p>\n<p><strong>Warstwy:<\/strong><\/p>\n<p>Kurtka Rebelhorn Borg II jest wykonana z wysokiej jako\u015bci materia\u0142\u00f3w, kt\u00f3re zapewniaj\u0105 trwa\u0142o\u015b\u0107, elastyczno\u015b\u0107 oraz komfort u\u017cytkowania.<\/p>\n<ul>\n<li><strong>Warstwa zewn\u0119trzna kurtki:<\/strong>\u00a060% Poliester 4-way stretch, 40% Poliester<\/li>\n<li><strong>Podszewka:\u00a0<\/strong>100% Poliester mesh<\/li>\n<li><strong>Membrana wodoodporna HydraShield\u2122 PRO typu in&amp;out\u00a0<\/strong>(do noszenia zar\u00f3wno wewn\u0105trz jak i na zewn\u0105trz kurtki)<\/li>\n<\/ul>\n<p><strong>Ochraniacze\/Bezpiecze\u0144stwo:<\/strong><\/p>\n<p>Rebelhorn Borg II oferuje pe\u0142n\u0105 ochron\u0119 motocyklisty dzi\u0119ki ochraniaczom Armanox na \u0142okciach (z regulacj\u0105), barkach i plecach. Zewn\u0119trzne slidery bark\u00f3w pokryte materia\u0142em dodatkowo wzmacniaj\u0105 obszary najbardziej nara\u017cone na uszkodzenia.<\/p>\n<ul>\n<li><strong>\u0141okcie:<\/strong>\u00a0Armanox LEVEL 2 \u2013 mo\u017cliwo\u015b\u0107 regulacji pozycji<\/li>\n<li><strong>Barki:<\/strong>\u00a0Armanox LEVEL 2<\/li>\n<li><strong>Plecy:<\/strong>\u00a0Armanox 203 size L Level 2<\/li>\n<li><strong>Zewn\u0119trzne slidery bark\u00f3w<\/strong><\/li>\n<li><strong>CE LEVEL: AA<\/strong><\/li>\n<\/ul>\n<p><strong>Dopasowanie:<\/strong><\/p>\n<p>Kurtka posiada liczne opcje regulacji, kt\u00f3re pozwalaj\u0105 na idealne dopasowanie do sylwetki, zapewniaj\u0105c pe\u0142en komfort podczas jazdy.<\/p>\n<ul>\n<li><strong>Regulacja obwod\u00f3w r\u0119kawa na przedramieniu i bicepsie<\/strong><\/li>\n<li><strong>Regulacja obwodu w biodrach<\/strong><\/li>\n<\/ul>\n<p><strong>Wentylacja:<\/strong><\/p>\n<p>Dzi\u0119ki rozbudowanemu systemowi wentylacji, kt\u00f3ry obejmuje du\u017ce panele z przodu zapinane na system Fidlock<strong>\u00ae<\/strong>, wloty na przedramionach z d\u0142ugim, dwukierunkowym zamkiem i 2 na plecach oraz kana\u0142 centralny, kurtka Rebelhorn Borg II umo\u017cliwia utrzymanie komfortu termicznego w ka\u017cdej pogodzie.<\/p>\n<ul>\n<li><strong>2 du\u017ce panele wentylacyjne z przodu z przewiewnego materia\u0142u 3D Matrix Mesh zapinane na system Fidlock\u00ae\u00a0<\/strong>umo\u017cliwiaj\u0105cy \u0142atwe otwieranie\/zamykanie nawet podczas jazdy<\/li>\n<li><strong>4 wloty wentylacyjne:\u00a0<\/strong>2 na przedramionach, z d\u0142ugim 2-kierunkowym zamkiem i 2 na plecach<\/li>\n<li><strong>Centralny kana\u0142 wentylacyjny<\/strong><\/li>\n<\/ul>\n<p><strong>Komfort + Dodatkowe cechy:<\/strong><\/p>\n<p>Kurtka Rebelhorn Borg II zosta\u0142a zaprojektowana z my\u015bl\u0105 o wygodzie i funkcjonalno\u015bci. Innowacyjna membrana HydraShield\u2122 PRO oraz zapi\u0119cie Fidlock\u00ae zwi\u0119kszaj\u0105 komfort u\u017cytkowania, a elastyczne wstawki i wzmocnione materia\u0142y zapewniaj\u0105 trwa\u0142o\u015b\u0107 i swobod\u0119 ruchu.<\/p>\n<ul>\n<li><strong>Elastyczna wypinana membrana HydraShield\u2122 PRO in&amp;out<\/strong><\/li>\n<li>Zamki \u0142\u0105cz\u0105ce typu 8VST (360\u00b0 oraz kr\u00f3tki)<\/li>\n<li><strong>Zapi\u0119cie Fidlock\u00ae<\/strong>\u00a0zwi\u0119kszaj\u0105ce komfort przy otwieraniu klapy wentylacyjnej<\/li>\n<li><strong>Innowacyjny materia\u0142 3D mesh<\/strong><\/li>\n<li><strong>Neoprenowe wyko\u0144czenie mankiet\u00f3w i ko\u0142nierza dla komfortu<\/strong><\/li>\n<li><strong>Wzmocniony materia\u0142 ripstop w newralgicznych miejscach<\/strong><\/li>\n<li><strong>Hypalonowe pullery dla lepszego chwytu<\/strong><\/li>\n<li><strong>Elementy odblaskowe Reflective<\/strong><\/li>\n<li><strong>Przed\u0142u\u017cany ty\u0142 kurtki<\/strong><\/li>\n<\/ul>\n<p><strong>Kieszenie:<\/strong><\/p>\n<ul>\n<li>2 kieszenie zewn\u0119trzne zapinane na zamki na przodzie kurtki<\/li>\n<li>Wodoodporna kiesze\u0144 wewn\u0119trzna<\/li>\n<\/ul>\n","protected":false},"excerpt":{"rendered":"<p>Tekstylna kurtka motocyklowa Rebelhorn Borg II\u00a0to wszechstronny, dwuwarstwowy model zaprojektowany dla motocyklist\u00f3w poszukuj\u0105cych funkcjonalno\u015bci i komfortu zar\u00f3wno podczas jazdy miejskiej, jak i d\u0142u\u017cszych tras. Wykonana z elastycznego i wytrzyma\u0142ego poliestru 4-way stretch, kurtka Rebelhorn Borg II oferuje doskona\u0142\u0105 ergonomi\u0119 i pe\u0142en zakres ruchu. Dzi\u0119ki innowacyjnej membranie HydraShield\u2122 PRO, kt\u00f3r\u0105 mo\u017cna zak\u0142ada\u0107 zar\u00f3wno pod kurtk\u0119, jak [&hellip;]<\/p>\n","protected":false},"featured_media":5371,"template":"","meta":[],"product_brand":[377],"product_cat":[278,337,372],"product_tag":[],"class_list":{"0":"post-5357","1":"product","2":"type-product","3":"status-publish","4":"has-post-thumbnail","6":"product_brand-rebelhorn","7":"product_cat-kurtki-meska","8":"product_cat-miejskie","9":"product_cat-turystyczne","11":"first","12":"instock","13":"taxable","14":"shipping-taxable","15":"purchasable","16":"product-type-variable"},"yoast_head":"<!-- This site is optimized with the Yoast SEO plugin v26.9 - https:\/\/yoast.com\/product\/yoast-seo-wordpress\/ -->\n<title>Kurtka motocyklowa tekstylna Rebelhorn Borg 2 Black Grey Fluo Yellow - MOTO-PAWMAR<\/title>\n<meta name=\"robots\" content=\"index, follow, max-snippet:-1, max-image-preview:large, max-video-preview:-1\" \/>\n<link rel=\"canonical\" href=\"https:\/\/moto-pawmar.pl\/?product=kurtka-motocyklowa-tekstylna-rebelhorn-borg-2-black-grey-fluo-yellow\" \/>\n<meta property=\"og:locale\" content=\"pl_PL\" \/>\n<meta property=\"og:type\" content=\"article\" \/>\n<meta property=\"og:title\" content=\"Kurtka motocyklowa tekstylna Rebelhorn Borg 2 Black Grey Fluo Yellow - MOTO-PAWMAR\" \/>\n<meta property=\"og:description\" content=\"Tekstylna kurtka motocyklowa Rebelhorn Borg II\u00a0to wszechstronny, dwuwarstwowy model zaprojektowany dla motocyklist\u00f3w poszukuj\u0105cych funkcjonalno\u015bci i komfortu zar\u00f3wno podczas jazdy miejskiej, jak i d\u0142u\u017cszych tras. Wykonana z elastycznego i wytrzyma\u0142ego poliestru 4-way stretch, kurtka Rebelhorn Borg II oferuje doskona\u0142\u0105 ergonomi\u0119 i pe\u0142en zakres ruchu. Dzi\u0119ki innowacyjnej membranie HydraShield\u2122 PRO, kt\u00f3r\u0105 mo\u017cna zak\u0142ada\u0107 zar\u00f3wno pod kurtk\u0119, jak [&hellip;]\" \/>\n<meta property=\"og:url\" content=\"https:\/\/moto-pawmar.pl\/?product=kurtka-motocyklowa-tekstylna-rebelhorn-borg-2-black-grey-fluo-yellow\" \/>\n<meta property=\"og:site_name\" content=\"MOTO-PAWMAR\" \/>\n<meta property=\"article:publisher\" content=\"https:\/\/www.facebook.com\/motopawmar\/?locale=pl_PL\" \/>\n<meta property=\"article:modified_time\" content=\"2025-11-27T13:09:04+00:00\" \/>\n<meta property=\"og:image\" content=\"https:\/\/moto-pawmar.pl\/wp-content\/uploads\/2025\/11\/323953_ZAL805392.jpg\" \/>\n\t<meta property=\"og:image:width\" content=\"800\" \/>\n\t<meta property=\"og:image:height\" content=\"800\" \/>\n\t<meta property=\"og:image:type\" content=\"image\/jpeg\" \/>\n<meta name=\"twitter:card\" content=\"summary_large_image\" \/>\n<meta name=\"twitter:label1\" content=\"Szacowany czas czytania\" \/>\n\t<meta name=\"twitter:data1\" content=\"2 minuty\" \/>\n<script type=\"application\/ld+json\" class=\"yoast-schema-graph\">{\"@context\":\"https:\/\/schema.org\",\"@graph\":[{\"@type\":\"WebPage\",\"@id\":\"https:\/\/moto-pawmar.pl\/?product=kurtka-motocyklowa-tekstylna-rebelhorn-borg-2-black-grey-fluo-yellow\",\"url\":\"https:\/\/moto-pawmar.pl\/?product=kurtka-motocyklowa-tekstylna-rebelhorn-borg-2-black-grey-fluo-yellow\",\"name\":\"Kurtka motocyklowa tekstylna Rebelhorn Borg 2 Black Grey Fluo Yellow - MOTO-PAWMAR\",\"isPartOf\":{\"@id\":\"https:\/\/moto-pawmar.pl\/#website\"},\"primaryImageOfPage\":{\"@id\":\"https:\/\/moto-pawmar.pl\/?product=kurtka-motocyklowa-tekstylna-rebelhorn-borg-2-black-grey-fluo-yellow#primaryimage\"},\"image\":{\"@id\":\"https:\/\/moto-pawmar.pl\/?product=kurtka-motocyklowa-tekstylna-rebelhorn-borg-2-black-grey-fluo-yellow#primaryimage\"},\"thumbnailUrl\":\"https:\/\/moto-pawmar.pl\/wp-content\/uploads\/2025\/11\/323953_ZAL805392.jpg\",\"datePublished\":\"2025-11-27T13:07:23+00:00\",\"dateModified\":\"2025-11-27T13:09:04+00:00\",\"breadcrumb\":{\"@id\":\"https:\/\/moto-pawmar.pl\/?product=kurtka-motocyklowa-tekstylna-rebelhorn-borg-2-black-grey-fluo-yellow#breadcrumb\"},\"inLanguage\":\"pl-PL\",\"potentialAction\":[{\"@type\":\"ReadAction\",\"target\":[\"https:\/\/moto-pawmar.pl\/?product=kurtka-motocyklowa-tekstylna-rebelhorn-borg-2-black-grey-fluo-yellow\"]}]},{\"@type\":\"ImageObject\",\"inLanguage\":\"pl-PL\",\"@id\":\"https:\/\/moto-pawmar.pl\/?product=kurtka-motocyklowa-tekstylna-rebelhorn-borg-2-black-grey-fluo-yellow#primaryimage\",\"url\":\"https:\/\/moto-pawmar.pl\/wp-content\/uploads\/2025\/11\/323953_ZAL805392.jpg\",\"contentUrl\":\"https:\/\/moto-pawmar.pl\/wp-content\/uploads\/2025\/11\/323953_ZAL805392.jpg\",\"width\":800,\"height\":800},{\"@type\":\"BreadcrumbList\",\"@id\":\"https:\/\/moto-pawmar.pl\/?product=kurtka-motocyklowa-tekstylna-rebelhorn-borg-2-black-grey-fluo-yellow#breadcrumb\",\"itemListElement\":[{\"@type\":\"ListItem\",\"position\":1,\"name\":\"Strona g\u0142\u00f3wna\",\"item\":\"https:\/\/moto-pawmar.pl\/\"},{\"@type\":\"ListItem\",\"position\":2,\"name\":\"Sklep Internetowy\",\"item\":\"https:\/\/moto-pawmar.pl\/?page_id=367\"},{\"@type\":\"ListItem\",\"position\":3,\"name\":\"Kurtka motocyklowa tekstylna Rebelhorn Borg 2 Black Grey Fluo Yellow\"}]},{\"@type\":\"WebSite\",\"@id\":\"https:\/\/moto-pawmar.pl\/#website\",\"url\":\"https:\/\/moto-pawmar.pl\/\",\"name\":\"MOTO-PAWMAR\",\"description\":\"MOTO\u2011PAWMAR \u2013 Tw\u00f3j sklep z cz\u0119\u015bciami i akcesoriami do motocykli, skuter\u00f3w i quad\u00f3w.\",\"publisher\":{\"@id\":\"https:\/\/moto-pawmar.pl\/#organization\"},\"potentialAction\":[{\"@type\":\"SearchAction\",\"target\":{\"@type\":\"EntryPoint\",\"urlTemplate\":\"https:\/\/moto-pawmar.pl\/?s={search_term_string}\"},\"query-input\":{\"@type\":\"PropertyValueSpecification\",\"valueRequired\":true,\"valueName\":\"search_term_string\"}}],\"inLanguage\":\"pl-PL\"},{\"@type\":\"Organization\",\"@id\":\"https:\/\/moto-pawmar.pl\/#organization\",\"name\":\"MOTO-PAWMAR\",\"url\":\"https:\/\/moto-pawmar.pl\/\",\"logo\":{\"@type\":\"ImageObject\",\"inLanguage\":\"pl-PL\",\"@id\":\"https:\/\/moto-pawmar.pl\/#\/schema\/logo\/image\/\",\"url\":\"https:\/\/moto-pawmar.pl\/wp-content\/uploads\/2025\/10\/LOGO-SKLEP.png\",\"contentUrl\":\"https:\/\/moto-pawmar.pl\/wp-content\/uploads\/2025\/10\/LOGO-SKLEP.png\",\"width\":2480,\"height\":2053,\"caption\":\"MOTO-PAWMAR\"},\"image\":{\"@id\":\"https:\/\/moto-pawmar.pl\/#\/schema\/logo\/image\/\"},\"sameAs\":[\"https:\/\/www.facebook.com\/motopawmar\/?locale=pl_PL\"]}]}<\/script>\n<!-- \/ Yoast SEO plugin. -->","yoast_head_json":{"title":"Kurtka motocyklowa tekstylna Rebelhorn Borg 2 Black Grey Fluo Yellow - MOTO-PAWMAR","robots":{"index":"index","follow":"follow","max-snippet":"max-snippet:-1","max-image-preview":"max-image-preview:large","max-video-preview":"max-video-preview:-1"},"canonical":"https:\/\/moto-pawmar.pl\/?product=kurtka-motocyklowa-tekstylna-rebelhorn-borg-2-black-grey-fluo-yellow","og_locale":"pl_PL","og_type":"article","og_title":"Kurtka motocyklowa tekstylna Rebelhorn Borg 2 Black Grey Fluo Yellow - MOTO-PAWMAR","og_description":"Tekstylna kurtka motocyklowa Rebelhorn Borg II\u00a0to wszechstronny, dwuwarstwowy model zaprojektowany dla motocyklist\u00f3w poszukuj\u0105cych funkcjonalno\u015bci i komfortu zar\u00f3wno podczas jazdy miejskiej, jak i d\u0142u\u017cszych tras. Wykonana z elastycznego i wytrzyma\u0142ego poliestru 4-way stretch, kurtka Rebelhorn Borg II oferuje doskona\u0142\u0105 ergonomi\u0119 i pe\u0142en zakres ruchu. Dzi\u0119ki innowacyjnej membranie HydraShield\u2122 PRO, kt\u00f3r\u0105 mo\u017cna zak\u0142ada\u0107 zar\u00f3wno pod kurtk\u0119, jak [&hellip;]","og_url":"https:\/\/moto-pawmar.pl\/?product=kurtka-motocyklowa-tekstylna-rebelhorn-borg-2-black-grey-fluo-yellow","og_site_name":"MOTO-PAWMAR","article_publisher":"https:\/\/www.facebook.com\/motopawmar\/?locale=pl_PL","article_modified_time":"2025-11-27T13:09:04+00:00","og_image":[{"width":800,"height":800,"url":"https:\/\/moto-pawmar.pl\/wp-content\/uploads\/2025\/11\/323953_ZAL805392.jpg","type":"image\/jpeg"}],"twitter_card":"summary_large_image","twitter_misc":{"Szacowany czas czytania":"2 minuty"},"schema":{"@context":"https:\/\/schema.org","@graph":[{"@type":"WebPage","@id":"https:\/\/moto-pawmar.pl\/?product=kurtka-motocyklowa-tekstylna-rebelhorn-borg-2-black-grey-fluo-yellow","url":"https:\/\/moto-pawmar.pl\/?product=kurtka-motocyklowa-tekstylna-rebelhorn-borg-2-black-grey-fluo-yellow","name":"Kurtka motocyklowa tekstylna Rebelhorn Borg 2 Black Grey Fluo Yellow - MOTO-PAWMAR","isPartOf":{"@id":"https:\/\/moto-pawmar.pl\/#website"},"primaryImageOfPage":{"@id":"https:\/\/moto-pawmar.pl\/?product=kurtka-motocyklowa-tekstylna-rebelhorn-borg-2-black-grey-fluo-yellow#primaryimage"},"image":{"@id":"https:\/\/moto-pawmar.pl\/?product=kurtka-motocyklowa-tekstylna-rebelhorn-borg-2-black-grey-fluo-yellow#primaryimage"},"thumbnailUrl":"https:\/\/moto-pawmar.pl\/wp-content\/uploads\/2025\/11\/323953_ZAL805392.jpg","datePublished":"2025-11-27T13:07:23+00:00","dateModified":"2025-11-27T13:09:04+00:00","breadcrumb":{"@id":"https:\/\/moto-pawmar.pl\/?product=kurtka-motocyklowa-tekstylna-rebelhorn-borg-2-black-grey-fluo-yellow#breadcrumb"},"inLanguage":"pl-PL","potentialAction":[{"@type":"ReadAction","target":["https:\/\/moto-pawmar.pl\/?product=kurtka-motocyklowa-tekstylna-rebelhorn-borg-2-black-grey-fluo-yellow"]}]},{"@type":"ImageObject","inLanguage":"pl-PL","@id":"https:\/\/moto-pawmar.pl\/?product=kurtka-motocyklowa-tekstylna-rebelhorn-borg-2-black-grey-fluo-yellow#primaryimage","url":"https:\/\/moto-pawmar.pl\/wp-content\/uploads\/2025\/11\/323953_ZAL805392.jpg","contentUrl":"https:\/\/moto-pawmar.pl\/wp-content\/uploads\/2025\/11\/323953_ZAL805392.jpg","width":800,"height":800},{"@type":"BreadcrumbList","@id":"https:\/\/moto-pawmar.pl\/?product=kurtka-motocyklowa-tekstylna-rebelhorn-borg-2-black-grey-fluo-yellow#breadcrumb","itemListElement":[{"@type":"ListItem","position":1,"name":"Strona g\u0142\u00f3wna","item":"https:\/\/moto-pawmar.pl\/"},{"@type":"ListItem","position":2,"name":"Sklep Internetowy","item":"https:\/\/moto-pawmar.pl\/?page_id=367"},{"@type":"ListItem","position":3,"name":"Kurtka motocyklowa tekstylna Rebelhorn Borg 2 Black Grey Fluo Yellow"}]},{"@type":"WebSite","@id":"https:\/\/moto-pawmar.pl\/#website","url":"https:\/\/moto-pawmar.pl\/","name":"MOTO-PAWMAR","description":"MOTO\u2011PAWMAR \u2013 Tw\u00f3j sklep z cz\u0119\u015bciami i akcesoriami do motocykli, skuter\u00f3w i quad\u00f3w.","publisher":{"@id":"https:\/\/moto-pawmar.pl\/#organization"},"potentialAction":[{"@type":"SearchAction","target":{"@type":"EntryPoint","urlTemplate":"https:\/\/moto-pawmar.pl\/?s={search_term_string}"},"query-input":{"@type":"PropertyValueSpecification","valueRequired":true,"valueName":"search_term_string"}}],"inLanguage":"pl-PL"},{"@type":"Organization","@id":"https:\/\/moto-pawmar.pl\/#organization","name":"MOTO-PAWMAR","url":"https:\/\/moto-pawmar.pl\/","logo":{"@type":"ImageObject","inLanguage":"pl-PL","@id":"https:\/\/moto-pawmar.pl\/#\/schema\/logo\/image\/","url":"https:\/\/moto-pawmar.pl\/wp-content\/uploads\/2025\/10\/LOGO-SKLEP.png","contentUrl":"https:\/\/moto-pawmar.pl\/wp-content\/uploads\/2025\/10\/LOGO-SKLEP.png","width":2480,"height":2053,"caption":"MOTO-PAWMAR"},"image":{"@id":"https:\/\/moto-pawmar.pl\/#\/schema\/logo\/image\/"},"sameAs":["https:\/\/www.facebook.com\/motopawmar\/?locale=pl_PL"]}]}},"_links":{"self":[{"href":"https:\/\/moto-pawmar.pl\/index.php?rest_route=\/wp\/v2\/product\/5357","targetHints":{"allow":["GET"]}}],"collection":[{"href":"https:\/\/moto-pawmar.pl\/index.php?rest_route=\/wp\/v2\/product"}],"about":[{"href":"https:\/\/moto-pawmar.pl\/index.php?rest_route=\/wp\/v2\/types\/product"}],"wp:featuredmedia":[{"embeddable":true,"href":"https:\/\/moto-pawmar.pl\/index.php?rest_route=\/wp\/v2\/media\/5371"}],"wp:attachment":[{"href":"https:\/\/moto-pawmar.pl\/index.php?rest_route=%2Fwp%2Fv2%2Fmedia&parent=5357"}],"wp:term":[{"taxonomy":"product_brand","embeddable":true,"href":"https:\/\/moto-pawmar.pl\/index.php?rest_route=%2Fwp%2Fv2%2Fproduct_brand&post=5357"},{"taxonomy":"product_cat","embeddable":true,"href":"https:\/\/moto-pawmar.pl\/index.php?rest_route=%2Fwp%2Fv2%2Fproduct_cat&post=5357"},{"taxonomy":"product_tag","embeddable":true,"href":"https:\/\/moto-pawmar.pl\/index.php?rest_route=%2Fwp%2Fv2%2Fproduct_tag&post=5357"}],"curies":[{"name":"wp","href":"https:\/\/api.w.org\/{rel}","templated":true}]}}