{"id":5300,"date":"2025-11-27T12:43:31","date_gmt":"2025-11-27T11:43:31","guid":{"rendered":"https:\/\/moto-pawmar.pl\/?post_type=product&#038;p=5300"},"modified":"2025-11-27T12:43:31","modified_gmt":"2025-11-27T11:43:31","slug":"intrkom-spectrum-midland-1-kask","status":"publish","type":"product","link":"https:\/\/moto-pawmar.pl\/?product=intrkom-spectrum-midland-1-kask","title":{"rendered":"INTRKOM SPECTRUM MIDLAND 1 KASK"},"content":{"rendered":"<table border=\"0\" width=\"100%\" cellspacing=\"0\" cellpadding=\"0\">\n<tbody>\n<tr>\n<td valign=\"top\">Najnowszej generacji zestaw s\u0142uchawkowy dedykowany do wybranych kask\u00f3w LS2.<\/p>\n<p>Kluczowe cechy:<\/p>\n<p>&#8211; ultracienka, elastyczna obudowa dostosowuj\u0105ca si\u0119 do krzywizny kasku;<br \/>\n&#8211; wygodna obs\u0142uga w r\u0119kawiczkach dzi\u0119ki wyra\u017anie wyczuwalnym przyciskom;<br \/>\n&#8211; zaawansowany uk\u0142ad redukcji szumu wspomagany przez AI;<br \/>\n&#8211; nowatorska konstrukcja anteny zapobiegaj\u0105ca utracie sygna\u0142u w kaskach karbonowych;<br \/>\n&#8211; Bluetooth 5.1;<br \/>\n&#8211; po\u0142\u0105czenie interkomu do 4 u\u017cytkownik\u00f3w;<br \/>\n&#8211; zasi\u0119g do 1200 m (w zale\u017cno\u015bci od warunk\u00f3w);<br \/>\n&#8211; \u0142\u0105czno\u015b\u0107 kompatybilna z dowolnym zestawem ka\u017cdego producenta;<br \/>\n&#8211; wodoodporna konstrukcja;<br \/>\n&#8211; g\u0142o\u015bniki 40 mm renomowanego producenta RCF;<br \/>\n&#8211; do 20 godzin rozmowy i ponad 100 godzin czuwania na jednym \u0142adowaniu baterii;<br \/>\n&#8211; kompatybilny z telefonami kom\u00f3rkowymi, GPS, TFT;<br \/>\n&#8211; obs\u0142uga g\u0142osowa (Siri lub Asystent Google);<br \/>\n&#8211; funkcja wsp\u00f3\u0142dzielenia audio z innymi u\u017cytkownikami;<br \/>\n&#8211; zgodny z wymogami normy ECE 22-06, homologowany do u\u017cytku wraz z wybranymi modelami kask\u00f3w LS2;<br \/>\n&#8211; producent: MIDLAND.<\/td>\n<\/tr>\n<\/tbody>\n<\/table>\n","protected":false},"excerpt":{"rendered":"<p>Najnowszej generacji zestaw s\u0142uchawkowy dedykowany do wybranych kask\u00f3w LS2. Kluczowe cechy: &#8211; ultracienka, elastyczna obudowa dostosowuj\u0105ca si\u0119 do krzywizny kasku; &#8211; wygodna obs\u0142uga w r\u0119kawiczkach dzi\u0119ki wyra\u017anie wyczuwalnym przyciskom; &#8211; zaawansowany uk\u0142ad redukcji szumu wspomagany przez AI; &#8211; nowatorska konstrukcja anteny zapobiegaj\u0105ca utracie sygna\u0142u w kaskach karbonowych; &#8211; Bluetooth 5.1; &#8211; po\u0142\u0105czenie interkomu do 4 [&hellip;]<\/p>\n","protected":false},"featured_media":5301,"template":"","meta":[],"product_brand":[376],"product_cat":[306,308],"product_tag":[],"class_list":{"0":"post-5300","1":"product","2":"type-product","3":"status-publish","4":"has-post-thumbnail","6":"product_brand-midland","7":"product_cat-elektronika-interkomy","8":"product_cat-interkomy","10":"first","11":"instock","12":"taxable","13":"shipping-taxable","14":"purchasable","15":"product-type-simple"},"yoast_head":"<!-- This site is optimized with the Yoast SEO plugin v26.9 - https:\/\/yoast.com\/product\/yoast-seo-wordpress\/ -->\n<title>INTRKOM SPECTRUM MIDLAND 1 KASK - MOTO-PAWMAR<\/title>\n<meta name=\"robots\" content=\"index, follow, max-snippet:-1, max-image-preview:large, max-video-preview:-1\" \/>\n<link rel=\"canonical\" href=\"https:\/\/moto-pawmar.pl\/?product=intrkom-spectrum-midland-1-kask\" \/>\n<meta property=\"og:locale\" content=\"pl_PL\" \/>\n<meta property=\"og:type\" content=\"article\" \/>\n<meta property=\"og:title\" content=\"INTRKOM SPECTRUM MIDLAND 1 KASK - MOTO-PAWMAR\" \/>\n<meta property=\"og:description\" content=\"Najnowszej generacji zestaw s\u0142uchawkowy dedykowany do wybranych kask\u00f3w LS2. Kluczowe cechy: &#8211; ultracienka, elastyczna obudowa dostosowuj\u0105ca si\u0119 do krzywizny kasku; &#8211; wygodna obs\u0142uga w r\u0119kawiczkach dzi\u0119ki wyra\u017anie wyczuwalnym przyciskom; &#8211; zaawansowany uk\u0142ad redukcji szumu wspomagany przez AI; &#8211; nowatorska konstrukcja anteny zapobiegaj\u0105ca utracie sygna\u0142u w kaskach karbonowych; &#8211; Bluetooth 5.1; &#8211; po\u0142\u0105czenie interkomu do 4 [&hellip;]\" \/>\n<meta property=\"og:url\" content=\"https:\/\/moto-pawmar.pl\/?product=intrkom-spectrum-midland-1-kask\" \/>\n<meta property=\"og:site_name\" content=\"MOTO-PAWMAR\" \/>\n<meta property=\"article:publisher\" content=\"https:\/\/www.facebook.com\/motopawmar\/?locale=pl_PL\" \/>\n<meta property=\"og:image\" content=\"https:\/\/moto-pawmar.pl\/wp-content\/uploads\/2025\/11\/AK800700007_1_big.jpg\" \/>\n\t<meta property=\"og:image:width\" content=\"600\" \/>\n\t<meta property=\"og:image:height\" content=\"600\" \/>\n\t<meta property=\"og:image:type\" content=\"image\/jpeg\" \/>\n<meta name=\"twitter:card\" content=\"summary_large_image\" \/>\n<meta name=\"twitter:label1\" content=\"Szacowany czas czytania\" \/>\n\t<meta name=\"twitter:data1\" content=\"1 minuta\" \/>\n<script type=\"application\/ld+json\" class=\"yoast-schema-graph\">{\"@context\":\"https:\/\/schema.org\",\"@graph\":[{\"@type\":\"WebPage\",\"@id\":\"https:\/\/moto-pawmar.pl\/?product=intrkom-spectrum-midland-1-kask\",\"url\":\"https:\/\/moto-pawmar.pl\/?product=intrkom-spectrum-midland-1-kask\",\"name\":\"INTRKOM SPECTRUM MIDLAND 1 KASK - MOTO-PAWMAR\",\"isPartOf\":{\"@id\":\"https:\/\/moto-pawmar.pl\/#website\"},\"primaryImageOfPage\":{\"@id\":\"https:\/\/moto-pawmar.pl\/?product=intrkom-spectrum-midland-1-kask#primaryimage\"},\"image\":{\"@id\":\"https:\/\/moto-pawmar.pl\/?product=intrkom-spectrum-midland-1-kask#primaryimage\"},\"thumbnailUrl\":\"https:\/\/moto-pawmar.pl\/wp-content\/uploads\/2025\/11\/AK800700007_1_big.jpg\",\"datePublished\":\"2025-11-27T11:43:31+00:00\",\"breadcrumb\":{\"@id\":\"https:\/\/moto-pawmar.pl\/?product=intrkom-spectrum-midland-1-kask#breadcrumb\"},\"inLanguage\":\"pl-PL\",\"potentialAction\":[{\"@type\":\"ReadAction\",\"target\":[\"https:\/\/moto-pawmar.pl\/?product=intrkom-spectrum-midland-1-kask\"]}]},{\"@type\":\"ImageObject\",\"inLanguage\":\"pl-PL\",\"@id\":\"https:\/\/moto-pawmar.pl\/?product=intrkom-spectrum-midland-1-kask#primaryimage\",\"url\":\"https:\/\/moto-pawmar.pl\/wp-content\/uploads\/2025\/11\/AK800700007_1_big.jpg\",\"contentUrl\":\"https:\/\/moto-pawmar.pl\/wp-content\/uploads\/2025\/11\/AK800700007_1_big.jpg\",\"width\":600,\"height\":600},{\"@type\":\"BreadcrumbList\",\"@id\":\"https:\/\/moto-pawmar.pl\/?product=intrkom-spectrum-midland-1-kask#breadcrumb\",\"itemListElement\":[{\"@type\":\"ListItem\",\"position\":1,\"name\":\"Strona g\u0142\u00f3wna\",\"item\":\"https:\/\/moto-pawmar.pl\/\"},{\"@type\":\"ListItem\",\"position\":2,\"name\":\"Sklep Internetowy\",\"item\":\"https:\/\/moto-pawmar.pl\/?page_id=367\"},{\"@type\":\"ListItem\",\"position\":3,\"name\":\"INTRKOM SPECTRUM MIDLAND 1 KASK\"}]},{\"@type\":\"WebSite\",\"@id\":\"https:\/\/moto-pawmar.pl\/#website\",\"url\":\"https:\/\/moto-pawmar.pl\/\",\"name\":\"MOTO-PAWMAR\",\"description\":\"MOTO\u2011PAWMAR \u2013 Tw\u00f3j sklep z cz\u0119\u015bciami i akcesoriami do motocykli, skuter\u00f3w i quad\u00f3w.\",\"publisher\":{\"@id\":\"https:\/\/moto-pawmar.pl\/#organization\"},\"potentialAction\":[{\"@type\":\"SearchAction\",\"target\":{\"@type\":\"EntryPoint\",\"urlTemplate\":\"https:\/\/moto-pawmar.pl\/?s={search_term_string}\"},\"query-input\":{\"@type\":\"PropertyValueSpecification\",\"valueRequired\":true,\"valueName\":\"search_term_string\"}}],\"inLanguage\":\"pl-PL\"},{\"@type\":\"Organization\",\"@id\":\"https:\/\/moto-pawmar.pl\/#organization\",\"name\":\"MOTO-PAWMAR\",\"url\":\"https:\/\/moto-pawmar.pl\/\",\"logo\":{\"@type\":\"ImageObject\",\"inLanguage\":\"pl-PL\",\"@id\":\"https:\/\/moto-pawmar.pl\/#\/schema\/logo\/image\/\",\"url\":\"https:\/\/moto-pawmar.pl\/wp-content\/uploads\/2025\/10\/LOGO-SKLEP.png\",\"contentUrl\":\"https:\/\/moto-pawmar.pl\/wp-content\/uploads\/2025\/10\/LOGO-SKLEP.png\",\"width\":2480,\"height\":2053,\"caption\":\"MOTO-PAWMAR\"},\"image\":{\"@id\":\"https:\/\/moto-pawmar.pl\/#\/schema\/logo\/image\/\"},\"sameAs\":[\"https:\/\/www.facebook.com\/motopawmar\/?locale=pl_PL\"]}]}<\/script>\n<!-- \/ Yoast SEO plugin. -->","yoast_head_json":{"title":"INTRKOM SPECTRUM MIDLAND 1 KASK - MOTO-PAWMAR","robots":{"index":"index","follow":"follow","max-snippet":"max-snippet:-1","max-image-preview":"max-image-preview:large","max-video-preview":"max-video-preview:-1"},"canonical":"https:\/\/moto-pawmar.pl\/?product=intrkom-spectrum-midland-1-kask","og_locale":"pl_PL","og_type":"article","og_title":"INTRKOM SPECTRUM MIDLAND 1 KASK - MOTO-PAWMAR","og_description":"Najnowszej generacji zestaw s\u0142uchawkowy dedykowany do wybranych kask\u00f3w LS2. Kluczowe cechy: &#8211; ultracienka, elastyczna obudowa dostosowuj\u0105ca si\u0119 do krzywizny kasku; &#8211; wygodna obs\u0142uga w r\u0119kawiczkach dzi\u0119ki wyra\u017anie wyczuwalnym przyciskom; &#8211; zaawansowany uk\u0142ad redukcji szumu wspomagany przez AI; &#8211; nowatorska konstrukcja anteny zapobiegaj\u0105ca utracie sygna\u0142u w kaskach karbonowych; &#8211; Bluetooth 5.1; &#8211; po\u0142\u0105czenie interkomu do 4 [&hellip;]","og_url":"https:\/\/moto-pawmar.pl\/?product=intrkom-spectrum-midland-1-kask","og_site_name":"MOTO-PAWMAR","article_publisher":"https:\/\/www.facebook.com\/motopawmar\/?locale=pl_PL","og_image":[{"width":600,"height":600,"url":"https:\/\/moto-pawmar.pl\/wp-content\/uploads\/2025\/11\/AK800700007_1_big.jpg","type":"image\/jpeg"}],"twitter_card":"summary_large_image","twitter_misc":{"Szacowany czas czytania":"1 minuta"},"schema":{"@context":"https:\/\/schema.org","@graph":[{"@type":"WebPage","@id":"https:\/\/moto-pawmar.pl\/?product=intrkom-spectrum-midland-1-kask","url":"https:\/\/moto-pawmar.pl\/?product=intrkom-spectrum-midland-1-kask","name":"INTRKOM SPECTRUM MIDLAND 1 KASK - MOTO-PAWMAR","isPartOf":{"@id":"https:\/\/moto-pawmar.pl\/#website"},"primaryImageOfPage":{"@id":"https:\/\/moto-pawmar.pl\/?product=intrkom-spectrum-midland-1-kask#primaryimage"},"image":{"@id":"https:\/\/moto-pawmar.pl\/?product=intrkom-spectrum-midland-1-kask#primaryimage"},"thumbnailUrl":"https:\/\/moto-pawmar.pl\/wp-content\/uploads\/2025\/11\/AK800700007_1_big.jpg","datePublished":"2025-11-27T11:43:31+00:00","breadcrumb":{"@id":"https:\/\/moto-pawmar.pl\/?product=intrkom-spectrum-midland-1-kask#breadcrumb"},"inLanguage":"pl-PL","potentialAction":[{"@type":"ReadAction","target":["https:\/\/moto-pawmar.pl\/?product=intrkom-spectrum-midland-1-kask"]}]},{"@type":"ImageObject","inLanguage":"pl-PL","@id":"https:\/\/moto-pawmar.pl\/?product=intrkom-spectrum-midland-1-kask#primaryimage","url":"https:\/\/moto-pawmar.pl\/wp-content\/uploads\/2025\/11\/AK800700007_1_big.jpg","contentUrl":"https:\/\/moto-pawmar.pl\/wp-content\/uploads\/2025\/11\/AK800700007_1_big.jpg","width":600,"height":600},{"@type":"BreadcrumbList","@id":"https:\/\/moto-pawmar.pl\/?product=intrkom-spectrum-midland-1-kask#breadcrumb","itemListElement":[{"@type":"ListItem","position":1,"name":"Strona g\u0142\u00f3wna","item":"https:\/\/moto-pawmar.pl\/"},{"@type":"ListItem","position":2,"name":"Sklep Internetowy","item":"https:\/\/moto-pawmar.pl\/?page_id=367"},{"@type":"ListItem","position":3,"name":"INTRKOM SPECTRUM MIDLAND 1 KASK"}]},{"@type":"WebSite","@id":"https:\/\/moto-pawmar.pl\/#website","url":"https:\/\/moto-pawmar.pl\/","name":"MOTO-PAWMAR","description":"MOTO\u2011PAWMAR \u2013 Tw\u00f3j sklep z cz\u0119\u015bciami i akcesoriami do motocykli, skuter\u00f3w i quad\u00f3w.","publisher":{"@id":"https:\/\/moto-pawmar.pl\/#organization"},"potentialAction":[{"@type":"SearchAction","target":{"@type":"EntryPoint","urlTemplate":"https:\/\/moto-pawmar.pl\/?s={search_term_string}"},"query-input":{"@type":"PropertyValueSpecification","valueRequired":true,"valueName":"search_term_string"}}],"inLanguage":"pl-PL"},{"@type":"Organization","@id":"https:\/\/moto-pawmar.pl\/#organization","name":"MOTO-PAWMAR","url":"https:\/\/moto-pawmar.pl\/","logo":{"@type":"ImageObject","inLanguage":"pl-PL","@id":"https:\/\/moto-pawmar.pl\/#\/schema\/logo\/image\/","url":"https:\/\/moto-pawmar.pl\/wp-content\/uploads\/2025\/10\/LOGO-SKLEP.png","contentUrl":"https:\/\/moto-pawmar.pl\/wp-content\/uploads\/2025\/10\/LOGO-SKLEP.png","width":2480,"height":2053,"caption":"MOTO-PAWMAR"},"image":{"@id":"https:\/\/moto-pawmar.pl\/#\/schema\/logo\/image\/"},"sameAs":["https:\/\/www.facebook.com\/motopawmar\/?locale=pl_PL"]}]}},"_links":{"self":[{"href":"https:\/\/moto-pawmar.pl\/index.php?rest_route=\/wp\/v2\/product\/5300","targetHints":{"allow":["GET"]}}],"collection":[{"href":"https:\/\/moto-pawmar.pl\/index.php?rest_route=\/wp\/v2\/product"}],"about":[{"href":"https:\/\/moto-pawmar.pl\/index.php?rest_route=\/wp\/v2\/types\/product"}],"wp:featuredmedia":[{"embeddable":true,"href":"https:\/\/moto-pawmar.pl\/index.php?rest_route=\/wp\/v2\/media\/5301"}],"wp:attachment":[{"href":"https:\/\/moto-pawmar.pl\/index.php?rest_route=%2Fwp%2Fv2%2Fmedia&parent=5300"}],"wp:term":[{"taxonomy":"product_brand","embeddable":true,"href":"https:\/\/moto-pawmar.pl\/index.php?rest_route=%2Fwp%2Fv2%2Fproduct_brand&post=5300"},{"taxonomy":"product_cat","embeddable":true,"href":"https:\/\/moto-pawmar.pl\/index.php?rest_route=%2Fwp%2Fv2%2Fproduct_cat&post=5300"},{"taxonomy":"product_tag","embeddable":true,"href":"https:\/\/moto-pawmar.pl\/index.php?rest_route=%2Fwp%2Fv2%2Fproduct_tag&post=5300"}],"curies":[{"name":"wp","href":"https:\/\/api.w.org\/{rel}","templated":true}]}}