{"id":5292,"date":"2025-11-27T12:19:30","date_gmt":"2025-11-27T11:19:30","guid":{"rendered":"https:\/\/moto-pawmar.pl\/?post_type=product&#038;p=5292"},"modified":"2025-11-27T12:19:30","modified_gmt":"2025-11-27T11:19:30","slug":"sena-interkom-motocyklowy-smh5-bluetooth-3-0-do-400m","status":"publish","type":"product","link":"https:\/\/moto-pawmar.pl\/?product=sena-interkom-motocyklowy-smh5-bluetooth-3-0-do-400m","title":{"rendered":"SENA INTERKOM MOTOCYKLOWY SMH5 BLUETOOTH 3.0 DO 400M"},"content":{"rendered":"<div class=\"product-description-ui limited-container-ui product-description-lq\">Najwa\u017cniejsze cechy zestawu SMH5 to:\u2022 bardzo szybki transfer dzi\u0119ki technologii Bluetooth 3.0\u2022 bezprzewodowy zestaw g\u0142o\u015bnom\u00f3wi\u0105cy dla telefon\u00f3w kom\u00f3rkowych,\u2022 bezprzewodowy zestaw s\u0142uchawkowy stereo do urz\u0105dze\u0144 audio z mo\u017cliwo\u015bci\u0105 zdalnego sterowania odtwarzaniem muzyki poprzez Bluetooth AVRCP: odtwarzanie, pauza, do przodu, do ty\u0142u,\u2022 bezprzewodowy zestaw s\u0142uchawkowy stereo do Nawigacji GPS,\u2022 mo\u017cliwo\u015b\u0107 powi\u0105zania z dodatkowymi 3 intercomami SENA wraz z mo\u017cliwo\u015bci\u0105 wyboru rozm\u00f3wcy,\u2022 mo\u017cliwo\u015b\u0107 powi\u0105zania wielu urz\u0105dze\u0144 Bluetooth na raz, np.: telefon, nawigacja, MP3, inny intercom,\u2022 mo\u017cliwo\u015b\u0107 pod\u0142\u0105czenia 2 telefon\u00f3w kom\u00f3rkowych na raz,\u2022 indywidualna regulacja g\u0142o\u015bno\u015bci dla ka\u017cdego \u017ar\u00f3d\u0142a d\u017awi\u0119ku,\u2022 \u0142atwa, intuicyjna obs\u0142uga poprzez por\u0119czny przycisk Jog Dial (Patent),\u2022 g\u0142osowe komunikaty podczas ustawiania intercomu,\u2022 krystalicznie czysty i naturalny d\u017awi\u0119k dzi\u0119ki wzmacniaczowi sygna\u0142u d\u017awi\u0119kowego oraz automatycznej korekcji szum\u00f3w,\u2022 wodoodporno\u015b\u0107, dzi\u0119ki kt\u00f3rej z powodzeniem mo\u017cna u\u017cywa\u0107 intercom\u00f3w w czasie niepogody,\u2022 zasi\u0119g intercomu do 400 metr\u00f3w (430 st\u00f3p),\u2022 do 8 godzin rozmowy, 7 dni czasu czuwania,\u2022 bateria litowo-polimerowa, czas \u0142adowania 2,5 godz.,\u2022 mo\u017cliwo\u015b\u0107 jednoczesnego u\u017cywania intercomu oraz \u0142adowania z gniazdka zapalniczki w czasie podr\u00f3\u017cy,\u2022 mo\u017cliwo\u015b\u0107 darmowego aktualizowania oprogramowania ze strony producenta,\u2022 mo\u017cliwo\u015b\u0107 \u0142\u0105czenia z interkomami innych producent\u00f3w,\u2022 2 lata gwarancji.UWAGA!Ze wzgl\u0119du na mniejsze napi\u0119cie 5V, do \u0142adowania centralki nie wolno u\u017cywa\u0107 innych, mocniejszych \u0142adowarek. Interkomy SENA s\u0105 kompatybilne tylko z \u0142adowarkami USB o napi\u0119ciu 5V.\u0141adowarka USB innej firmy mo\u017ce by\u0107 u\u017cywana z produktami SENA, tylko je\u015bli ta \u0142adowarka jest zatwierdzona przez FCC, CE, IC lub inne lokalnie zatwierdzone agencje, kt\u00f3re Sena akceptuje. Korzystanie z niezatwierdzonej \u0142adowarki mo\u017ce spowodowa\u0107 po\u017car, wybuch, wyciek i inne zagro\u017cenia, mo\u017ce r\u00f3wnie\u017c zmniejszy\u0107 \u017cywotno\u015b\u0107 lub wydajno\u015b\u0107 baterii. W przeciwie\u0144stwie do nawigacji motocyklowych, wi\u0119kszo\u015b\u0107 nawigacji samochodowych nie ma opcji \u0142\u0105czenia si\u0119 z interkomem i przesy\u0142ania do niego komunikat\u00f3w, dlatego mo\u017ce wyst\u0105pi\u0107 sytuacja w kt\u00f3rej interkom SENA nie po\u0142\u0105czy si\u0119 z posiadan\u0105 nawigacj\u0105 samochodow\u0105.<\/div>\n<div class=\"product-attributes-ui clear-after-ui product-attributes-js\"><\/div>\n","protected":false},"excerpt":{"rendered":"<p>Najwa\u017cniejsze cechy zestawu SMH5 to:\u2022 bardzo szybki transfer dzi\u0119ki technologii Bluetooth 3.0\u2022 bezprzewodowy zestaw g\u0142o\u015bnom\u00f3wi\u0105cy dla telefon\u00f3w kom\u00f3rkowych,\u2022 bezprzewodowy zestaw s\u0142uchawkowy stereo do urz\u0105dze\u0144 audio z mo\u017cliwo\u015bci\u0105 zdalnego sterowania odtwarzaniem muzyki poprzez Bluetooth AVRCP: odtwarzanie, pauza, do przodu, do ty\u0142u,\u2022 bezprzewodowy zestaw s\u0142uchawkowy stereo do Nawigacji GPS,\u2022 mo\u017cliwo\u015b\u0107 powi\u0105zania z dodatkowymi 3 intercomami SENA wraz [&hellip;]<\/p>\n","protected":false},"featured_media":5293,"template":"","meta":[],"product_brand":[374],"product_cat":[306,308],"product_tag":[],"class_list":{"0":"post-5292","1":"product","2":"type-product","3":"status-publish","4":"has-post-thumbnail","6":"product_brand-sena","7":"product_cat-elektronika-interkomy","8":"product_cat-interkomy","10":"first","11":"instock","12":"taxable","13":"shipping-taxable","14":"purchasable","15":"product-type-simple"},"yoast_head":"<!-- This site is optimized with the Yoast SEO plugin v26.9 - https:\/\/yoast.com\/product\/yoast-seo-wordpress\/ -->\n<title>SENA INTERKOM MOTOCYKLOWY SMH5 BLUETOOTH 3.0 DO 400M - MOTO-PAWMAR<\/title>\n<meta name=\"robots\" content=\"index, follow, max-snippet:-1, max-image-preview:large, max-video-preview:-1\" \/>\n<link rel=\"canonical\" href=\"https:\/\/moto-pawmar.pl\/?product=sena-interkom-motocyklowy-smh5-bluetooth-3-0-do-400m\" \/>\n<meta property=\"og:locale\" content=\"pl_PL\" \/>\n<meta property=\"og:type\" content=\"article\" \/>\n<meta property=\"og:title\" content=\"SENA INTERKOM MOTOCYKLOWY SMH5 BLUETOOTH 3.0 DO 400M - MOTO-PAWMAR\" \/>\n<meta property=\"og:description\" content=\"Najwa\u017cniejsze cechy zestawu SMH5 to:\u2022 bardzo szybki transfer dzi\u0119ki technologii Bluetooth 3.0\u2022 bezprzewodowy zestaw g\u0142o\u015bnom\u00f3wi\u0105cy dla telefon\u00f3w kom\u00f3rkowych,\u2022 bezprzewodowy zestaw s\u0142uchawkowy stereo do urz\u0105dze\u0144 audio z mo\u017cliwo\u015bci\u0105 zdalnego sterowania odtwarzaniem muzyki poprzez Bluetooth AVRCP: odtwarzanie, pauza, do przodu, do ty\u0142u,\u2022 bezprzewodowy zestaw s\u0142uchawkowy stereo do Nawigacji GPS,\u2022 mo\u017cliwo\u015b\u0107 powi\u0105zania z dodatkowymi 3 intercomami SENA wraz [&hellip;]\" \/>\n<meta property=\"og:url\" content=\"https:\/\/moto-pawmar.pl\/?product=sena-interkom-motocyklowy-smh5-bluetooth-3-0-do-400m\" \/>\n<meta property=\"og:site_name\" content=\"MOTO-PAWMAR\" \/>\n<meta property=\"article:publisher\" content=\"https:\/\/www.facebook.com\/motopawmar\/?locale=pl_PL\" \/>\n<meta property=\"og:image\" content=\"https:\/\/moto-pawmar.pl\/wp-content\/uploads\/2025\/11\/sena-interkom-motocyklowy-smh5-bluetooth-3-0-do-40.jpg\" \/>\n\t<meta property=\"og:image:width\" content=\"800\" \/>\n\t<meta property=\"og:image:height\" content=\"580\" \/>\n\t<meta property=\"og:image:type\" content=\"image\/jpeg\" \/>\n<meta name=\"twitter:card\" content=\"summary_large_image\" \/>\n<meta name=\"twitter:label1\" content=\"Szacowany czas czytania\" \/>\n\t<meta name=\"twitter:data1\" content=\"2 minuty\" \/>\n<script type=\"application\/ld+json\" class=\"yoast-schema-graph\">{\"@context\":\"https:\/\/schema.org\",\"@graph\":[{\"@type\":\"WebPage\",\"@id\":\"https:\/\/moto-pawmar.pl\/?product=sena-interkom-motocyklowy-smh5-bluetooth-3-0-do-400m\",\"url\":\"https:\/\/moto-pawmar.pl\/?product=sena-interkom-motocyklowy-smh5-bluetooth-3-0-do-400m\",\"name\":\"SENA INTERKOM MOTOCYKLOWY SMH5 BLUETOOTH 3.0 DO 400M - MOTO-PAWMAR\",\"isPartOf\":{\"@id\":\"https:\/\/moto-pawmar.pl\/#website\"},\"primaryImageOfPage\":{\"@id\":\"https:\/\/moto-pawmar.pl\/?product=sena-interkom-motocyklowy-smh5-bluetooth-3-0-do-400m#primaryimage\"},\"image\":{\"@id\":\"https:\/\/moto-pawmar.pl\/?product=sena-interkom-motocyklowy-smh5-bluetooth-3-0-do-400m#primaryimage\"},\"thumbnailUrl\":\"https:\/\/moto-pawmar.pl\/wp-content\/uploads\/2025\/11\/sena-interkom-motocyklowy-smh5-bluetooth-3-0-do-40.jpg\",\"datePublished\":\"2025-11-27T11:19:30+00:00\",\"breadcrumb\":{\"@id\":\"https:\/\/moto-pawmar.pl\/?product=sena-interkom-motocyklowy-smh5-bluetooth-3-0-do-400m#breadcrumb\"},\"inLanguage\":\"pl-PL\",\"potentialAction\":[{\"@type\":\"ReadAction\",\"target\":[\"https:\/\/moto-pawmar.pl\/?product=sena-interkom-motocyklowy-smh5-bluetooth-3-0-do-400m\"]}]},{\"@type\":\"ImageObject\",\"inLanguage\":\"pl-PL\",\"@id\":\"https:\/\/moto-pawmar.pl\/?product=sena-interkom-motocyklowy-smh5-bluetooth-3-0-do-400m#primaryimage\",\"url\":\"https:\/\/moto-pawmar.pl\/wp-content\/uploads\/2025\/11\/sena-interkom-motocyklowy-smh5-bluetooth-3-0-do-40.jpg\",\"contentUrl\":\"https:\/\/moto-pawmar.pl\/wp-content\/uploads\/2025\/11\/sena-interkom-motocyklowy-smh5-bluetooth-3-0-do-40.jpg\",\"width\":800,\"height\":580},{\"@type\":\"BreadcrumbList\",\"@id\":\"https:\/\/moto-pawmar.pl\/?product=sena-interkom-motocyklowy-smh5-bluetooth-3-0-do-400m#breadcrumb\",\"itemListElement\":[{\"@type\":\"ListItem\",\"position\":1,\"name\":\"Strona g\u0142\u00f3wna\",\"item\":\"https:\/\/moto-pawmar.pl\/\"},{\"@type\":\"ListItem\",\"position\":2,\"name\":\"Sklep Internetowy\",\"item\":\"https:\/\/moto-pawmar.pl\/?page_id=367\"},{\"@type\":\"ListItem\",\"position\":3,\"name\":\"SENA INTERKOM MOTOCYKLOWY SMH5 BLUETOOTH 3.0 DO 400M\"}]},{\"@type\":\"WebSite\",\"@id\":\"https:\/\/moto-pawmar.pl\/#website\",\"url\":\"https:\/\/moto-pawmar.pl\/\",\"name\":\"MOTO-PAWMAR\",\"description\":\"MOTO\u2011PAWMAR \u2013 Tw\u00f3j sklep z cz\u0119\u015bciami i akcesoriami do motocykli, skuter\u00f3w i quad\u00f3w.\",\"publisher\":{\"@id\":\"https:\/\/moto-pawmar.pl\/#organization\"},\"potentialAction\":[{\"@type\":\"SearchAction\",\"target\":{\"@type\":\"EntryPoint\",\"urlTemplate\":\"https:\/\/moto-pawmar.pl\/?s={search_term_string}\"},\"query-input\":{\"@type\":\"PropertyValueSpecification\",\"valueRequired\":true,\"valueName\":\"search_term_string\"}}],\"inLanguage\":\"pl-PL\"},{\"@type\":\"Organization\",\"@id\":\"https:\/\/moto-pawmar.pl\/#organization\",\"name\":\"MOTO-PAWMAR\",\"url\":\"https:\/\/moto-pawmar.pl\/\",\"logo\":{\"@type\":\"ImageObject\",\"inLanguage\":\"pl-PL\",\"@id\":\"https:\/\/moto-pawmar.pl\/#\/schema\/logo\/image\/\",\"url\":\"https:\/\/moto-pawmar.pl\/wp-content\/uploads\/2025\/10\/LOGO-SKLEP.png\",\"contentUrl\":\"https:\/\/moto-pawmar.pl\/wp-content\/uploads\/2025\/10\/LOGO-SKLEP.png\",\"width\":2480,\"height\":2053,\"caption\":\"MOTO-PAWMAR\"},\"image\":{\"@id\":\"https:\/\/moto-pawmar.pl\/#\/schema\/logo\/image\/\"},\"sameAs\":[\"https:\/\/www.facebook.com\/motopawmar\/?locale=pl_PL\"]}]}<\/script>\n<!-- \/ Yoast SEO plugin. -->","yoast_head_json":{"title":"SENA INTERKOM MOTOCYKLOWY SMH5 BLUETOOTH 3.0 DO 400M - MOTO-PAWMAR","robots":{"index":"index","follow":"follow","max-snippet":"max-snippet:-1","max-image-preview":"max-image-preview:large","max-video-preview":"max-video-preview:-1"},"canonical":"https:\/\/moto-pawmar.pl\/?product=sena-interkom-motocyklowy-smh5-bluetooth-3-0-do-400m","og_locale":"pl_PL","og_type":"article","og_title":"SENA INTERKOM MOTOCYKLOWY SMH5 BLUETOOTH 3.0 DO 400M - MOTO-PAWMAR","og_description":"Najwa\u017cniejsze cechy zestawu SMH5 to:\u2022 bardzo szybki transfer dzi\u0119ki technologii Bluetooth 3.0\u2022 bezprzewodowy zestaw g\u0142o\u015bnom\u00f3wi\u0105cy dla telefon\u00f3w kom\u00f3rkowych,\u2022 bezprzewodowy zestaw s\u0142uchawkowy stereo do urz\u0105dze\u0144 audio z mo\u017cliwo\u015bci\u0105 zdalnego sterowania odtwarzaniem muzyki poprzez Bluetooth AVRCP: odtwarzanie, pauza, do przodu, do ty\u0142u,\u2022 bezprzewodowy zestaw s\u0142uchawkowy stereo do Nawigacji GPS,\u2022 mo\u017cliwo\u015b\u0107 powi\u0105zania z dodatkowymi 3 intercomami SENA wraz [&hellip;]","og_url":"https:\/\/moto-pawmar.pl\/?product=sena-interkom-motocyklowy-smh5-bluetooth-3-0-do-400m","og_site_name":"MOTO-PAWMAR","article_publisher":"https:\/\/www.facebook.com\/motopawmar\/?locale=pl_PL","og_image":[{"width":800,"height":580,"url":"https:\/\/moto-pawmar.pl\/wp-content\/uploads\/2025\/11\/sena-interkom-motocyklowy-smh5-bluetooth-3-0-do-40.jpg","type":"image\/jpeg"}],"twitter_card":"summary_large_image","twitter_misc":{"Szacowany czas czytania":"2 minuty"},"schema":{"@context":"https:\/\/schema.org","@graph":[{"@type":"WebPage","@id":"https:\/\/moto-pawmar.pl\/?product=sena-interkom-motocyklowy-smh5-bluetooth-3-0-do-400m","url":"https:\/\/moto-pawmar.pl\/?product=sena-interkom-motocyklowy-smh5-bluetooth-3-0-do-400m","name":"SENA INTERKOM MOTOCYKLOWY SMH5 BLUETOOTH 3.0 DO 400M - MOTO-PAWMAR","isPartOf":{"@id":"https:\/\/moto-pawmar.pl\/#website"},"primaryImageOfPage":{"@id":"https:\/\/moto-pawmar.pl\/?product=sena-interkom-motocyklowy-smh5-bluetooth-3-0-do-400m#primaryimage"},"image":{"@id":"https:\/\/moto-pawmar.pl\/?product=sena-interkom-motocyklowy-smh5-bluetooth-3-0-do-400m#primaryimage"},"thumbnailUrl":"https:\/\/moto-pawmar.pl\/wp-content\/uploads\/2025\/11\/sena-interkom-motocyklowy-smh5-bluetooth-3-0-do-40.jpg","datePublished":"2025-11-27T11:19:30+00:00","breadcrumb":{"@id":"https:\/\/moto-pawmar.pl\/?product=sena-interkom-motocyklowy-smh5-bluetooth-3-0-do-400m#breadcrumb"},"inLanguage":"pl-PL","potentialAction":[{"@type":"ReadAction","target":["https:\/\/moto-pawmar.pl\/?product=sena-interkom-motocyklowy-smh5-bluetooth-3-0-do-400m"]}]},{"@type":"ImageObject","inLanguage":"pl-PL","@id":"https:\/\/moto-pawmar.pl\/?product=sena-interkom-motocyklowy-smh5-bluetooth-3-0-do-400m#primaryimage","url":"https:\/\/moto-pawmar.pl\/wp-content\/uploads\/2025\/11\/sena-interkom-motocyklowy-smh5-bluetooth-3-0-do-40.jpg","contentUrl":"https:\/\/moto-pawmar.pl\/wp-content\/uploads\/2025\/11\/sena-interkom-motocyklowy-smh5-bluetooth-3-0-do-40.jpg","width":800,"height":580},{"@type":"BreadcrumbList","@id":"https:\/\/moto-pawmar.pl\/?product=sena-interkom-motocyklowy-smh5-bluetooth-3-0-do-400m#breadcrumb","itemListElement":[{"@type":"ListItem","position":1,"name":"Strona g\u0142\u00f3wna","item":"https:\/\/moto-pawmar.pl\/"},{"@type":"ListItem","position":2,"name":"Sklep Internetowy","item":"https:\/\/moto-pawmar.pl\/?page_id=367"},{"@type":"ListItem","position":3,"name":"SENA INTERKOM MOTOCYKLOWY SMH5 BLUETOOTH 3.0 DO 400M"}]},{"@type":"WebSite","@id":"https:\/\/moto-pawmar.pl\/#website","url":"https:\/\/moto-pawmar.pl\/","name":"MOTO-PAWMAR","description":"MOTO\u2011PAWMAR \u2013 Tw\u00f3j sklep z cz\u0119\u015bciami i akcesoriami do motocykli, skuter\u00f3w i quad\u00f3w.","publisher":{"@id":"https:\/\/moto-pawmar.pl\/#organization"},"potentialAction":[{"@type":"SearchAction","target":{"@type":"EntryPoint","urlTemplate":"https:\/\/moto-pawmar.pl\/?s={search_term_string}"},"query-input":{"@type":"PropertyValueSpecification","valueRequired":true,"valueName":"search_term_string"}}],"inLanguage":"pl-PL"},{"@type":"Organization","@id":"https:\/\/moto-pawmar.pl\/#organization","name":"MOTO-PAWMAR","url":"https:\/\/moto-pawmar.pl\/","logo":{"@type":"ImageObject","inLanguage":"pl-PL","@id":"https:\/\/moto-pawmar.pl\/#\/schema\/logo\/image\/","url":"https:\/\/moto-pawmar.pl\/wp-content\/uploads\/2025\/10\/LOGO-SKLEP.png","contentUrl":"https:\/\/moto-pawmar.pl\/wp-content\/uploads\/2025\/10\/LOGO-SKLEP.png","width":2480,"height":2053,"caption":"MOTO-PAWMAR"},"image":{"@id":"https:\/\/moto-pawmar.pl\/#\/schema\/logo\/image\/"},"sameAs":["https:\/\/www.facebook.com\/motopawmar\/?locale=pl_PL"]}]}},"_links":{"self":[{"href":"https:\/\/moto-pawmar.pl\/index.php?rest_route=\/wp\/v2\/product\/5292","targetHints":{"allow":["GET"]}}],"collection":[{"href":"https:\/\/moto-pawmar.pl\/index.php?rest_route=\/wp\/v2\/product"}],"about":[{"href":"https:\/\/moto-pawmar.pl\/index.php?rest_route=\/wp\/v2\/types\/product"}],"wp:featuredmedia":[{"embeddable":true,"href":"https:\/\/moto-pawmar.pl\/index.php?rest_route=\/wp\/v2\/media\/5293"}],"wp:attachment":[{"href":"https:\/\/moto-pawmar.pl\/index.php?rest_route=%2Fwp%2Fv2%2Fmedia&parent=5292"}],"wp:term":[{"taxonomy":"product_brand","embeddable":true,"href":"https:\/\/moto-pawmar.pl\/index.php?rest_route=%2Fwp%2Fv2%2Fproduct_brand&post=5292"},{"taxonomy":"product_cat","embeddable":true,"href":"https:\/\/moto-pawmar.pl\/index.php?rest_route=%2Fwp%2Fv2%2Fproduct_cat&post=5292"},{"taxonomy":"product_tag","embeddable":true,"href":"https:\/\/moto-pawmar.pl\/index.php?rest_route=%2Fwp%2Fv2%2Fproduct_tag&post=5292"}],"curies":[{"name":"wp","href":"https:\/\/api.w.org\/{rel}","templated":true}]}}